{"id":7101,"date":"2024-10-16T12:01:32","date_gmt":"2024-10-16T12:01:32","guid":{"rendered":"https:\/\/slamdunk.wpenginepowered.com\/?page_id=7101"},"modified":"2024-10-16T18:52:11","modified_gmt":"2024-10-16T18:52:11","slug":"what-is-the-statute-of-limitations-for-a-truck-accident-claim","status":"publish","type":"page","link":"https:\/\/slamdunkattorney.com\/es\/faqs\/what-is-the-statute-of-limitations-for-a-truck-accident-claim\/","title":{"rendered":"\u00bfCu\u00e1l es el plazo de prescripci\u00f3n para presentar una demanda por accidente de cami\u00f3n?"},"content":{"rendered":"<p><span style=\"font-weight: 400;\">Los accidentes de camiones son algunos de los m\u00e1s devastadores, ya que a menudo provocan numerosas lesiones y p\u00e9rdidas que pueden afectar a una persona durante a\u00f1os.<\/span><\/p>\n<p><span style=\"font-weight: 400;\">Si un conductor de cami\u00f3n causa su accidente, es posible que pueda emprender acciones legales contra \u00e9l con la ayuda de un <\/span><a href=\"https:\/\/slamdunkattorney.com\/es\/duluth\/truck-accident-lawyer\/\"><span style=\"font-weight: 400;\">Abogado especializado en accidentes de camiones en Duluth<\/span><\/a><span style=\"font-weight: 400;\">. Sin embargo, debe hacerlo dentro del plazo de <\/span><b>plazo de prescripci\u00f3n para reclamar por un accidente de cami\u00f3n<\/b><span style=\"font-weight: 400;\">.<\/span><\/p>\n<h2><span style=\"font-weight: 400;\">Estatuto de limitaciones en Georgia<\/span><\/h2>\n<p><span style=\"font-weight: 400;\">El <\/span><b>Estatuto de limitaciones en Georgia para un accidente de cami\u00f3n<\/b><span style=\"font-weight: 400;\"> es de dos a\u00f1os a partir de la fecha de la lesi\u00f3n en la mayor\u00eda de los casos. Esto significa que tiene dos a\u00f1os a partir de la fecha del accidente de cami\u00f3n para presentar una demanda ante los tribunales por los da\u00f1os y perjuicios que haya sufrido. Si espera m\u00e1s tiempo, es posible que no pueda recuperar los da\u00f1os y perjuicios que se le deben, ya que la parte culpable ya no ser\u00e1 considerada responsable.<\/span><\/p>\n<p><span style=\"font-weight: 400;\">El <\/span><b>plazo de prescripci\u00f3n<\/b><span style=\"font-weight: 400;\"> tiene por objeto garantizar una recuperaci\u00f3n eficaz de las p\u00e9rdidas y evitar que las personas puedan emprender acciones legales a\u00f1os despu\u00e9s de que se haya producido un accidente.<\/span><\/p>\n<p><span style=\"font-weight: 400;\">Esta es una regla muy espec\u00edfica y, en la mayor\u00eda de los casos, si no se cumple con esa limitaci\u00f3n, es muy probable que no se puedan recuperar los da\u00f1os y perjuicios. Sin embargo, dos a\u00f1os no es tanto tiempo como podr\u00eda pensarse.<\/span><\/p>\n<p><span style=\"font-weight: 400;\">Este plazo se agota r\u00e1pidamente despu\u00e9s de un accidente. Es posible que no pueda presentar una reclamaci\u00f3n hasta que se haya recuperado lo m\u00e1ximo posible, y es posible que tenga que lidiar con la compa\u00f1\u00eda de seguros antes de presentar una reclamaci\u00f3n para que reconozca sus p\u00e9rdidas. Por esta raz\u00f3n, si ha resultado lesionado en un <\/span><b>accidente de cami\u00f3n<\/b><span style=\"font-weight: 400;\">, comun\u00edquese con un abogado de inmediato para reclamar la indemnizaci\u00f3n completa y justa que le corresponde.<\/span><\/p>\n\n<div class=\"cta-container row align-items-center\">\n    <div class=\"col-md-7\">\n        <p class=\"cta-text rs-content-cta\">Orgullosos de servir a Duluth y a todo Georgia <span>\u00a1Cont\u00e1ctenos para comenzar su recuperaci\u00f3n!<\/span> <a href=\"https:\/\/slamdunkattorney.com\/es\/\">Explore nuestras \u00e1reas de pr\u00e1ctica<\/a><\/p>\n    <\/div>\n    <div class=\"col-md-5\">\n        <img decoding=\"async\" src=\"https:\/\/slamdunkattorney.com\/wp-content\/themes\/slam-dunk-rebuild\/assets\/app\/img\/map-cta.jpg\" alt=\"Legal Consultation\" class=\"img-fluid\"\/>\n    <\/div>\n<\/div><h2><span style=\"font-weight: 400;\">Lo que necesita saber sobre el plazo de prescripci\u00f3n en Georgia<\/span><\/h2>\n<p><span style=\"font-weight: 400;\">El <\/span><b>plazo de prescripci\u00f3n<\/b><span style=\"font-weight: 400;\"> pertenece a <\/span><a href=\"http:\/\/ga.elaws.us\/law\/section9-3-33\" target=\"_blank\" rel=\"noopener\"><span style=\"font-weight: 400;\">C\u00f3digo de Georgia \u00a79-3-33<\/span><\/a><span style=\"font-weight: 400;\">. Se aplica a todo tipo de accidentes de autom\u00f3vil y cami\u00f3n y a la mayor\u00eda de los dem\u00e1s tipos de lesiones personales. Si ha sufrido un accidente <\/span><b>accidente de cami\u00f3n<\/b><span style=\"font-weight: 400;\">, procure cumplir esta regla de dos a\u00f1os para proteger su derecho a una indemnizaci\u00f3n completa y justa.<\/span><\/p>\n<p><span style=\"font-weight: 400;\">Hay situaciones limitadas en las que este plazo podr\u00eda ser ligeramente m\u00e1s largo. Por ejemplo, si eras menor de edad en el momento del accidente o estabas incapacitado mentalmente durante ese periodo de tiempo, el plazo de dos a\u00f1os podr\u00eda ampliarse. Si existe alg\u00fan caso de fraude y t\u00fa eres la v\u00edctima, tambi\u00e9n podr\u00edas disponer de m\u00e1s tiempo para emprender acciones legales.<\/span><\/p>\n<p><span style=\"font-weight: 400;\">Tambi\u00e9n hay posibilidades de extender este periodo de tiempo en situaciones en las que el problema m\u00e9dico que usted tiene o las complicaciones derivadas de la <\/span><b>accidente de cami\u00f3n<\/b><span style=\"font-weight: 400;\"> no se realizan de inmediato.<\/span><\/p>\n<p><span style=\"font-weight: 400;\">Si se tarda m\u00e1s tiempo en descubrir que se ha producido el incidente, un tribunal puede ampliar este plazo. Tenga en cuenta que no es habitual que esto ocurra.<\/span><\/p>\n<h2><span style=\"font-weight: 400;\">El plazo de prescripci\u00f3n no est\u00e1 relacionado con las reclamaciones de seguros.<\/span><\/h2>\n<p><span style=\"font-weight: 400;\">Uno de los errores que cometen muchas personas es creer que tienen dos a\u00f1os para presentar una reclamaci\u00f3n al seguro despu\u00e9s de que la parte culpable les haya causado lesiones. Eso no es as\u00ed, y en muchos casos, es posible que solo disponga de unos meses para hacerlo. El <\/span><b>plazo de prescripci\u00f3n<\/b><span style=\"font-weight: 400;\"> Lo que se analiza aqu\u00ed se aplica a los casos civiles que se crean cuando se presenta una demanda contra la parte culpable.<\/span><\/p>\n<p><span style=\"font-weight: 400;\">Las compa\u00f1\u00edas de seguros pueden establecer sus propios plazos para responder a las reclamaciones de seguros, y si no son justos con usted, su abogado puede ayudarle a luchar contra ello.<\/span><\/p>\n<p><span style=\"font-weight: 400;\">Tenga en cuenta que las compa\u00f1\u00edas de seguros no quieren enfrentarse a demandas judiciales porque son mucho m\u00e1s costosas. Por esa raz\u00f3n, colaborar\u00e1n con usted si tiene una lesi\u00f3n verificable causada por la negligencia de otra persona que tiene una p\u00f3liza de seguro con esa aseguradora.<\/span><\/p>\n<p><span style=\"font-weight: 400;\">Tenga en cuenta la importancia de presentar r\u00e1pidamente una reclamaci\u00f3n a la compa\u00f1\u00eda de seguros. Cuanto m\u00e1s espere, m\u00e1s dif\u00edcil le resultar\u00e1 recuperar los da\u00f1os y perjuicios que se le deben, ya que las pruebas ser\u00e1n m\u00e1s dif\u00edciles de encontrar y los testigos estar\u00e1n menos disponibles.<\/span><\/p>\n<p><span style=\"font-weight: 400;\">En lugar de esperar, comun\u00edquese de inmediato con un abogado especializado en lesiones personales para obtener una indemnizaci\u00f3n completa y justa por sus p\u00e9rdidas, y lea nuestro <\/span><a href=\"https:\/\/slamdunkattorney.com\/es\/faqs\/\"><span style=\"font-weight: 400;\">Preguntas frecuentes<\/span><\/a><span style=\"font-weight: 400;\"> para obtener m\u00e1s informaci\u00f3n.<\/span><\/p>\n\n<div class=\"cta-container row align-items-center\">\n    <div class=\"col-md-7\">\n        <p class=\"cta-text rs-content-cta\"><a class=\"no-btn\" href=\"https:\/\/slamdunkattorney.com\/es\/contact-us\/\">Haga clic para contactar<\/a> nuestros abogados especializados en lesiones personales hoy mismo<\/p>\n    <\/div>\n    <div class=\"col-md-5\">\n        <img decoding=\"async\" src=\"https:\/\/slamdunkattorney.com\/wp-content\/themes\/slam-dunk-rebuild\/assets\/app\/img\/map-cta.jpg\" alt=\"Contact Us\" class=\"img-fluid\"\/>\n    <\/div>\n<\/div><h2><span style=\"font-weight: 400;\">Busque asesoramiento legal antes de presentar su reclamaci\u00f3n.<\/span><\/h2>\n<p><span style=\"font-weight: 400;\">Presentar una <\/span><b>Reclamaci\u00f3n por accidente de cami\u00f3n en Georgia<\/b><span style=\"font-weight: 400;\"> A menudo es un paso necesario para recuperar las p\u00e9rdidas que ha sufrido debido a los errores del conductor, la empresa de transporte u otra parte culpable.<\/span><\/p>\n<p><span style=\"font-weight: 400;\">Sin embargo, a menudo es aconsejable hacerlo con la ayuda de su abogado en lugar de intentar presentar una reclamaci\u00f3n a la compa\u00f1\u00eda de seguros de inmediato. Hay varias formas en las que su abogado puede ayudarle con el proceso de reclamaci\u00f3n y presentar una demanda cuando sea necesario:<\/span><\/p>\n<ul>\n<li style=\"font-weight: 400;\" aria-level=\"1\"><span style=\"font-weight: 400;\">Determinar todas las partes culpables: en los accidentes de camiones, es com\u00fan que haya m\u00e1s de una parte responsable. Necesita pruebas que respalden esas afirmaciones.<\/span><\/li>\n<li style=\"font-weight: 400;\" aria-level=\"1\"><span style=\"font-weight: 400;\">Calcular todas las p\u00e9rdidas que ha sufrido: esto incluye los gastos m\u00e9dicos actuales y futuros, las p\u00e9rdidas por dolor y sufrimiento, y otras p\u00e9rdidas que haya tenido.<\/span><\/li>\n<li style=\"font-weight: 400;\" aria-level=\"1\"><span style=\"font-weight: 400;\">Desarrollar una estrategia clara para maximizar la indemnizaci\u00f3n: Su abogado le ayudar\u00e1 a construir un caso s\u00f3lido para recuperar la mayor cantidad posible, explorando pruebas adicionales y hablando con expertos m\u00e9dicos.<\/span><\/li>\n<li style=\"font-weight: 400;\" aria-level=\"1\"><span style=\"font-weight: 400;\">Presentar una demanda cuando sea necesario: si la compa\u00f1\u00eda de seguros no llega a un acuerdo, su abogado presentar\u00e1 una demanda en su nombre.<\/span><\/li>\n<li style=\"font-weight: 400;\" aria-level=\"1\"><span style=\"font-weight: 400;\">Representarlo ante un tribunal: si su caso llega a los tribunales, necesitar\u00e1 un abogado de confianza que permanezca a su lado durante todo el proceso y luche por sus derechos.<\/span><\/li>\n<\/ul>\n<p><span style=\"font-weight: 400;\">No espere para tomar medidas. Retrasar su reclamaci\u00f3n o demanda podr\u00eda ponerle en riesgo de no recibir la indemnizaci\u00f3n que le corresponde. En su lugar, llame ahora a nuestro despacho para informarse. <\/span><a href=\"https:\/\/slamdunkattorney.com\/es\/faqs\/what-do-personal-injury-lawyers-do\/\"><span style=\"font-weight: 400;\">\u00bfQu\u00e9 hace un abogado especializado en lesiones personales?<\/span><\/a><span style=\"font-weight: 400;\"> para ti.<\/span><\/p>\n\n<div class=\"cta-container map-bg row align-items-center flex-md-row-reverse\">\n    <div class=\"col-md-6\">\n        <p class=\"cta-text rs-content-cta\">Completa un <a href=\"https:\/\/slamdunkattorney.com\/es\/contact-us\/\">Formulario de evaluaci\u00f3n gratuita de su caso<\/a> ahora<\/p>\n    <\/div>\n    <div class=\"col-md-6 col-bg\">\n    <\/div>\n<\/div><h2><span style=\"font-weight: 400;\">Programe una consulta gratuita con un abogado especializado en accidentes de camiones para obtener m\u00e1s informaci\u00f3n.<\/span><\/h2>\n<p><span style=\"font-weight: 400;\">Acuda a Slam Dunk Attorney Injury Lawyers para obtener la orientaci\u00f3n legal que necesita despu\u00e9s de un <\/span><b>accidente de cami\u00f3n<\/b><span style=\"font-weight: 400;\">. El <\/span><b>plazo de prescripci\u00f3n<\/b><span style=\"font-weight: 400;\"> te da dos a\u00f1os completos a partir de la fecha del incidente, pero debes actuar ahora mismo.<\/span><\/p>\n<p><span style=\"font-weight: 400;\">Llame a nuestro abogado especializado en accidentes de camiones en Duluth para obtener m\u00e1s informaci\u00f3n sobre sus derechos y solicitar una consulta gratuita.<\/span><\/p>\n\n<div class=\"cta-container row align-items-center\">\n    <div class=\"col-md-7\">\n        <p class=\"cta-text rs-content-cta\">Llame o env\u00ede un mensaje de texto <a class=\"no-btn\" href=\"tel:+14049513513\">404-951-3513<\/a> o completar un <a href=\"https:\/\/slamdunkattorney.com\/es\/contact-us\/\">Formulario de evaluaci\u00f3n gratuita de su caso<\/a><\/p>\n    <\/div>\n    <div class=\"col-md-5\">\n        <img decoding=\"async\" src=\"https:\/\/slamdunkattorney.com\/wp-content\/themes\/slam-dunk-rebuild\/assets\/app\/img\/map-cta.jpg\" alt=\"Call or Text\" class=\"img-fluid\"\/>\n    <\/div>\n<\/div>","protected":false},"excerpt":{"rendered":"<p>Truck accidents are some of the most devastating, often leading to numerous injuries and losses that can follow a person for years of their lives. If a truck driver causes your accident, you may be able to pursue legal action against them with the help of a Duluth truck accident lawyer. However, you must do &#8230;<\/p>","protected":false},"author":2,"featured_media":7102,"parent":5902,"menu_order":0,"comment_status":"closed","ping_status":"closed","template":"","meta":{"_acf_changed":false,"_genesis_hide_title":false,"_genesis_hide_breadcrumbs":false,"_genesis_hide_singular_image":false,"_genesis_hide_footer_widgets":false,"_genesis_custom_body_class":"","_genesis_custom_post_class":"","_genesis_layout":"","ngg_post_thumbnail":0,"footnotes":""},"extra-categories":[],"hc_faqs":[55],"class_list":{"0":"post-7101","1":"page","2":"type-page","3":"status-publish","4":"has-post-thumbnail","6":"hc_faqs-truck-accident","7":"entry"},"acf":[],"yoast_head":"<!-- This site is optimized with the Yoast SEO plugin v27.5 - https:\/\/yoast.com\/product\/yoast-seo-wordpress\/ -->\n<title>The Statute of Limitations for a Truck Accident Claim<\/title>\n<meta name=\"description\" content=\"The statute of limitations in Georgia for a truck accident is two years from the date of the injury in most situations. Contact a lawyer.\" \/>\n<meta name=\"robots\" content=\"index, follow, max-snippet:-1, max-image-preview:large, max-video-preview:-1\" \/>\n<link rel=\"canonical\" href=\"https:\/\/slamdunkattorney.com\/es\/faqs\/what-is-the-statute-of-limitations-for-a-truck-accident-claim\/\" \/>\n<meta property=\"og:locale\" content=\"es_MX\" \/>\n<meta property=\"og:type\" content=\"article\" \/>\n<meta property=\"og:title\" content=\"The Statute of Limitations for a Truck Accident Claim\" \/>\n<meta property=\"og:description\" content=\"The statute of limitations in Georgia for a truck accident is two years from the date of the injury in most situations. Contact a lawyer.\" \/>\n<meta property=\"og:url\" content=\"https:\/\/slamdunkattorney.com\/es\/faqs\/what-is-the-statute-of-limitations-for-a-truck-accident-claim\/\" \/>\n<meta property=\"og:site_name\" content=\"Slam Dunk Attorney | Injury Lawyers\" \/>\n<meta property=\"article:publisher\" content=\"https:\/\/www.facebook.com\/slamdunkattorneyinjurylawyers\/\" \/>\n<meta property=\"article:modified_time\" content=\"2024-10-16T18:52:11+00:00\" \/>\n<meta property=\"og:image\" content=\"https:\/\/slamdunkattorney.com\/wp-content\/uploads\/2024\/10\/two-trucks-smashed-into-each-other.jpg\" \/>\n\t<meta property=\"og:image:width\" content=\"1000\" \/>\n\t<meta property=\"og:image:height\" content=\"649\" \/>\n\t<meta property=\"og:image:type\" content=\"image\/jpeg\" \/>\n<meta name=\"twitter:card\" content=\"summary_large_image\" \/>\n<meta name=\"twitter:site\" content=\"@slamdunkattorney\" \/>\n<meta name=\"twitter:label1\" content=\"Est. reading time\" \/>\n\t<meta name=\"twitter:data1\" content=\"5 minutos\" \/>\n<script type=\"application\/ld+json\" class=\"yoast-schema-graph\">{\"@context\":\"https:\\\/\\\/schema.org\",\"@graph\":[{\"@type\":\"WebPage\",\"@id\":\"https:\\\/\\\/slamdunkattorney.com\\\/faqs\\\/what-is-the-statute-of-limitations-for-a-truck-accident-claim\\\/\",\"url\":\"https:\\\/\\\/slamdunkattorney.com\\\/faqs\\\/what-is-the-statute-of-limitations-for-a-truck-accident-claim\\\/\",\"name\":\"The Statute of Limitations for a Truck Accident Claim\",\"isPartOf\":{\"@id\":\"https:\\\/\\\/slamdunkattorney.com\\\/#website\"},\"primaryImageOfPage\":{\"@id\":\"https:\\\/\\\/slamdunkattorney.com\\\/faqs\\\/what-is-the-statute-of-limitations-for-a-truck-accident-claim\\\/#primaryimage\"},\"image\":{\"@id\":\"https:\\\/\\\/slamdunkattorney.com\\\/faqs\\\/what-is-the-statute-of-limitations-for-a-truck-accident-claim\\\/#primaryimage\"},\"thumbnailUrl\":\"https:\\\/\\\/slamdunkattorney.com\\\/wp-content\\\/uploads\\\/2024\\\/10\\\/two-trucks-smashed-into-each-other.jpg\",\"datePublished\":\"2024-10-16T12:01:32+00:00\",\"dateModified\":\"2024-10-16T18:52:11+00:00\",\"description\":\"The statute of limitations in Georgia for a truck accident is two years from the date of the injury in most situations. Contact a lawyer.\",\"breadcrumb\":{\"@id\":\"https:\\\/\\\/slamdunkattorney.com\\\/faqs\\\/what-is-the-statute-of-limitations-for-a-truck-accident-claim\\\/#breadcrumb\"},\"inLanguage\":\"es\",\"potentialAction\":[{\"@type\":\"ReadAction\",\"target\":[\"https:\\\/\\\/slamdunkattorney.com\\\/faqs\\\/what-is-the-statute-of-limitations-for-a-truck-accident-claim\\\/\"]}]},{\"@type\":\"ImageObject\",\"inLanguage\":\"es\",\"@id\":\"https:\\\/\\\/slamdunkattorney.com\\\/faqs\\\/what-is-the-statute-of-limitations-for-a-truck-accident-claim\\\/#primaryimage\",\"url\":\"https:\\\/\\\/slamdunkattorney.com\\\/wp-content\\\/uploads\\\/2024\\\/10\\\/two-trucks-smashed-into-each-other.jpg\",\"contentUrl\":\"https:\\\/\\\/slamdunkattorney.com\\\/wp-content\\\/uploads\\\/2024\\\/10\\\/two-trucks-smashed-into-each-other.jpg\",\"width\":1000,\"height\":649,\"caption\":\"two trucks smashed into each other\"},{\"@type\":\"BreadcrumbList\",\"@id\":\"https:\\\/\\\/slamdunkattorney.com\\\/faqs\\\/what-is-the-statute-of-limitations-for-a-truck-accident-claim\\\/#breadcrumb\",\"itemListElement\":[{\"@type\":\"ListItem\",\"position\":1,\"name\":\"Home\",\"item\":\"https:\\\/\\\/slamdunkattorney.com\\\/\"},{\"@type\":\"ListItem\",\"position\":2,\"name\":\"FAQs\",\"item\":\"https:\\\/\\\/slamdunkattorney.com\\\/faqs\\\/\"},{\"@type\":\"ListItem\",\"position\":3,\"name\":\"What Is the Statute of Limitations for a Truck Accident Claim?\"}]},{\"@type\":\"WebSite\",\"@id\":\"https:\\\/\\\/slamdunkattorney.com\\\/#website\",\"url\":\"https:\\\/\\\/slamdunkattorney.com\\\/\",\"name\":\"Slam Dunk Attorney | Injury Lawyers\",\"description\":\"Duluth Personal Injury Lawyers\",\"publisher\":{\"@id\":\"https:\\\/\\\/slamdunkattorney.com\\\/#organization\"},\"alternateName\":\"Slam Dunk Attorney\",\"inLanguage\":\"es\"},{\"@type\":\"Organization\",\"@id\":\"https:\\\/\\\/slamdunkattorney.com\\\/#organization\",\"name\":\"Slam Dunk Attorney\",\"alternateName\":\"Slam Dunk\",\"url\":\"https:\\\/\\\/slamdunkattorney.com\\\/\",\"logo\":{\"@type\":\"ImageObject\",\"inLanguage\":\"es\",\"@id\":\"https:\\\/\\\/slamdunkattorney.com\\\/#\\\/schema\\\/logo\\\/image\\\/\",\"url\":\"https:\\\/\\\/slamdunkattorney.com\\\/wp-content\\\/uploads\\\/2023\\\/05\\\/cropped-Logo.png\",\"contentUrl\":\"https:\\\/\\\/slamdunkattorney.com\\\/wp-content\\\/uploads\\\/2023\\\/05\\\/cropped-Logo.png\",\"width\":1080,\"height\":240,\"caption\":\"Slam Dunk Attorney\"},\"image\":{\"@id\":\"https:\\\/\\\/slamdunkattorney.com\\\/#\\\/schema\\\/logo\\\/image\\\/\"},\"sameAs\":[\"https:\\\/\\\/www.facebook.com\\\/slamdunkattorneyinjurylawyers\\\/\",\"https:\\\/\\\/x.com\\\/slamdunkattorney\",\"https:\\\/\\\/www.instagram.com\\\/slamdunkattorney\\\/\",\"https:\\\/\\\/www.youtube.com\\\/channel\\\/UCSrOiC7vOjlCi3UgtIVGNtw\",\"https:\\\/\\\/www.linkedin.com\\\/company\\\/slamdunkattorneyinjurylawyers\"]}]}<\/script>\n<!-- \/ Yoast SEO plugin. -->","yoast_head_json":{"title":"The Statute of Limitations for a Truck Accident Claim","description":"The statute of limitations in Georgia for a truck accident is two years from the date of the injury in most situations. Contact a lawyer.","robots":{"index":"index","follow":"follow","max-snippet":"max-snippet:-1","max-image-preview":"max-image-preview:large","max-video-preview":"max-video-preview:-1"},"canonical":"https:\/\/slamdunkattorney.com\/es\/faqs\/what-is-the-statute-of-limitations-for-a-truck-accident-claim\/","og_locale":"es_MX","og_type":"article","og_title":"The Statute of Limitations for a Truck Accident Claim","og_description":"The statute of limitations in Georgia for a truck accident is two years from the date of the injury in most situations. Contact a lawyer.","og_url":"https:\/\/slamdunkattorney.com\/es\/faqs\/what-is-the-statute-of-limitations-for-a-truck-accident-claim\/","og_site_name":"Slam Dunk Attorney | Injury Lawyers","article_publisher":"https:\/\/www.facebook.com\/slamdunkattorneyinjurylawyers\/","article_modified_time":"2024-10-16T18:52:11+00:00","og_image":[{"width":1000,"height":649,"url":"https:\/\/slamdunkattorney.com\/wp-content\/uploads\/2024\/10\/two-trucks-smashed-into-each-other.jpg","type":"image\/jpeg"}],"twitter_card":"summary_large_image","twitter_site":"@slamdunkattorney","twitter_misc":{"Est. reading time":"5 minutos"},"schema":{"@context":"https:\/\/schema.org","@graph":[{"@type":"WebPage","@id":"https:\/\/slamdunkattorney.com\/faqs\/what-is-the-statute-of-limitations-for-a-truck-accident-claim\/","url":"https:\/\/slamdunkattorney.com\/faqs\/what-is-the-statute-of-limitations-for-a-truck-accident-claim\/","name":"The Statute of Limitations for a Truck Accident Claim","isPartOf":{"@id":"https:\/\/slamdunkattorney.com\/#website"},"primaryImageOfPage":{"@id":"https:\/\/slamdunkattorney.com\/faqs\/what-is-the-statute-of-limitations-for-a-truck-accident-claim\/#primaryimage"},"image":{"@id":"https:\/\/slamdunkattorney.com\/faqs\/what-is-the-statute-of-limitations-for-a-truck-accident-claim\/#primaryimage"},"thumbnailUrl":"https:\/\/slamdunkattorney.com\/wp-content\/uploads\/2024\/10\/two-trucks-smashed-into-each-other.jpg","datePublished":"2024-10-16T12:01:32+00:00","dateModified":"2024-10-16T18:52:11+00:00","description":"The statute of limitations in Georgia for a truck accident is two years from the date of the injury in most situations. Contact a lawyer.","breadcrumb":{"@id":"https:\/\/slamdunkattorney.com\/faqs\/what-is-the-statute-of-limitations-for-a-truck-accident-claim\/#breadcrumb"},"inLanguage":"es","potentialAction":[{"@type":"ReadAction","target":["https:\/\/slamdunkattorney.com\/faqs\/what-is-the-statute-of-limitations-for-a-truck-accident-claim\/"]}]},{"@type":"ImageObject","inLanguage":"es","@id":"https:\/\/slamdunkattorney.com\/faqs\/what-is-the-statute-of-limitations-for-a-truck-accident-claim\/#primaryimage","url":"https:\/\/slamdunkattorney.com\/wp-content\/uploads\/2024\/10\/two-trucks-smashed-into-each-other.jpg","contentUrl":"https:\/\/slamdunkattorney.com\/wp-content\/uploads\/2024\/10\/two-trucks-smashed-into-each-other.jpg","width":1000,"height":649,"caption":"two trucks smashed into each other"},{"@type":"BreadcrumbList","@id":"https:\/\/slamdunkattorney.com\/faqs\/what-is-the-statute-of-limitations-for-a-truck-accident-claim\/#breadcrumb","itemListElement":[{"@type":"ListItem","position":1,"name":"Home","item":"https:\/\/slamdunkattorney.com\/"},{"@type":"ListItem","position":2,"name":"FAQs","item":"https:\/\/slamdunkattorney.com\/faqs\/"},{"@type":"ListItem","position":3,"name":"What Is the Statute of Limitations for a Truck Accident Claim?"}]},{"@type":"WebSite","@id":"https:\/\/slamdunkattorney.com\/#website","url":"https:\/\/slamdunkattorney.com\/","name":"Abogado experto en lesiones | Abogados especializados en lesiones","description":"Abogados de lesiones personales en Duluth","publisher":{"@id":"https:\/\/slamdunkattorney.com\/#organization"},"alternateName":"Slam Dunk Attorney","inLanguage":"es"},{"@type":"Organization","@id":"https:\/\/slamdunkattorney.com\/#organization","name":"Abogado Slam Dunk","alternateName":"Slam Dunk","url":"https:\/\/slamdunkattorney.com\/","logo":{"@type":"ImageObject","inLanguage":"es","@id":"https:\/\/slamdunkattorney.com\/#\/schema\/logo\/image\/","url":"https:\/\/slamdunkattorney.com\/wp-content\/uploads\/2023\/05\/cropped-Logo.png","contentUrl":"https:\/\/slamdunkattorney.com\/wp-content\/uploads\/2023\/05\/cropped-Logo.png","width":1080,"height":240,"caption":"Slam Dunk Attorney"},"image":{"@id":"https:\/\/slamdunkattorney.com\/#\/schema\/logo\/image\/"},"sameAs":["https:\/\/www.facebook.com\/slamdunkattorneyinjurylawyers\/","https:\/\/x.com\/slamdunkattorney","https:\/\/www.instagram.com\/slamdunkattorney\/","https:\/\/www.youtube.com\/channel\/UCSrOiC7vOjlCi3UgtIVGNtw","https:\/\/www.linkedin.com\/company\/slamdunkattorneyinjurylawyers"]}]}},"yoast_meta":{"yoast_wpseo_title":"","yoast_wpseo_metadesc":"","yoast_wpseo_canonical":"https:\/\/slamdunkattorney.com\/es\/wp-json\/wp\/v2\/pages\/7101"},"_links":{"self":[{"href":"https:\/\/slamdunkattorney.com\/es\/wp-json\/wp\/v2\/pages\/7101","targetHints":{"allow":["GET"]}}],"collection":[{"href":"https:\/\/slamdunkattorney.com\/es\/wp-json\/wp\/v2\/pages"}],"about":[{"href":"https:\/\/slamdunkattorney.com\/es\/wp-json\/wp\/v2\/types\/page"}],"author":[{"embeddable":true,"href":"https:\/\/slamdunkattorney.com\/es\/wp-json\/wp\/v2\/users\/2"}],"replies":[{"embeddable":true,"href":"https:\/\/slamdunkattorney.com\/es\/wp-json\/wp\/v2\/comments?post=7101"}],"version-history":[{"count":0,"href":"https:\/\/slamdunkattorney.com\/es\/wp-json\/wp\/v2\/pages\/7101\/revisions"}],"up":[{"embeddable":true,"href":"https:\/\/slamdunkattorney.com\/es\/wp-json\/wp\/v2\/pages\/5902"}],"wp:featuredmedia":[{"embeddable":true,"href":"https:\/\/slamdunkattorney.com\/es\/wp-json\/wp\/v2\/media\/7102"}],"wp:attachment":[{"href":"https:\/\/slamdunkattorney.com\/es\/wp-json\/wp\/v2\/media?parent=7101"}],"wp:term":[{"taxonomy":"extra-categories","embeddable":true,"href":"https:\/\/slamdunkattorney.com\/es\/wp-json\/wp\/v2\/extra-categories?post=7101"},{"taxonomy":"hc_faqs","embeddable":true,"href":"https:\/\/slamdunkattorney.com\/es\/wp-json\/wp\/v2\/hc_faqs?post=7101"}],"curies":[{"name":"wp","href":"https:\/\/api.w.org\/{rel}","templated":true}]}}