{"id":7096,"date":"2024-10-16T11:32:46","date_gmt":"2024-10-16T11:32:46","guid":{"rendered":"https:\/\/slamdunk.wpenginepowered.com\/?page_id=7096"},"modified":"2025-01-16T08:50:14","modified_gmt":"2025-01-16T08:50:14","slug":"what-is-the-average-settlement-for-a-georgia-car-accident","status":"publish","type":"page","link":"https:\/\/slamdunkattorney.com\/es\/faqs\/what-is-the-average-settlement-for-a-georgia-car-accident\/","title":{"rendered":"\u00bfCu\u00e1l es el monto promedio de un acuerdo por un accidente automovil\u00edstico en Georgia?"},"content":{"rendered":"<p><span style=\"font-weight: 400;\">Cuando se presenta una demanda por accidente automovil\u00edstico, la mayor\u00eda de las partes lesionadas se preguntan qu\u00e9 pueden esperar de su caso o incluso qu\u00e9 es lo que <\/span><b>importe medio de liquidaci\u00f3n<\/b><span style=\"font-weight: 400;\"> es.<\/span><\/p>\n<p><span style=\"font-weight: 400;\">Rara vez hay una respuesta clara hasta el d\u00eda en que se firman los documentos. A veces se puede tener una idea general, pero las negociaciones pueden cambiar lo que se ofrece y, en ocasiones, el juez o el jurado pueden ser impredecibles.\u00a0<\/span><\/p>\n<p><span style=\"font-weight: 400;\">En Slam Dunk Attorney Injury Lawyers, estamos familiarizados con los matices de estos casos. Nuestro <\/span><a href=\"https:\/\/slamdunkattorney.com\/es\/duluth\/car-accident-lawyer\/\"><span style=\"font-weight: 400;\">Abogado especializado en accidentes automovil\u00edsticos en Duluth<\/span><\/a><span style=\"font-weight: 400;\"> Trabajar\u00e1 junto con nuestro equipo legal, aprovechando su amplia experiencia y perspectiva para construir el caso m\u00e1s s\u00f3lido posible. Estamos aqu\u00ed para luchar por obtener la m\u00e1xima indemnizaci\u00f3n para usted.<\/span><\/p>\n<h3><span style=\"font-weight: 400;\">Solidez de su caso<\/span><\/h3>\n<p><span style=\"font-weight: 400;\">La cantidad de pruebas que usted y su <\/span><a href=\"https:\/\/slamdunkattorney.com\/es\/\"><span style=\"font-weight: 400;\">Abogado especializado en lesiones personales en Duluth<\/span><\/a><span style=\"font-weight: 400;\"> Es una parte fundamental de su reclamaci\u00f3n. Sin pruebas que respalden lo ocurrido y que el demandado caus\u00f3 la lesi\u00f3n o el da\u00f1o, no hay forma de respaldar su reclamaci\u00f3n, y la compa\u00f1\u00eda de seguros lo utilizar\u00e1 en su beneficio.\u00a0<\/span><\/p>\n<p><span style=\"font-weight: 400;\">Si la compa\u00f1\u00eda de seguros considera convincentes la gravedad de sus lesiones y el valor de sus reclamaciones, es menos probable que se arriesguen a llevar el caso a los tribunales. Cuando los casos llegan a juicio, pueden generar incertidumbre y costos significativos. Esto supone un incentivo para ofrecer negociaciones de acuerdo atractivas que minimicen el riesgo de ir a juicio.\u00a0<\/span><\/p>\n<h2><span style=\"font-weight: 400;\">Liquidaciones de seguros<\/span><\/h2>\n<p><span style=\"font-weight: 400;\">Los acuerdos con las aseguradoras pueden ser dif\u00edciles y llevar mucho tiempo. Muchas personas pueden querer saber cu\u00e1nto pueden esperar recibir si pasan por el proceso o incluso <\/span><a href=\"https:\/\/slamdunkattorney.com\/es\/faqs\/steps-to-take-when-filing-a-car-accident-lawsuit\/\"><span style=\"font-weight: 400;\">tomar medidas para presentar una demanda por accidente automovil\u00edstico<\/span><\/a><span style=\"font-weight: 400;\">. La respuesta general es que determinar esto puede ser incre\u00edblemente dif\u00edcil.\u00a0<\/span><\/p>\n<p><span style=\"font-weight: 400;\">Antes de que un abogado especializado en accidentes automovil\u00edsticos pueda revisar sus documentos y determinar sus p\u00e9rdidas, lo mejor que se le puede aconsejar es que considere las p\u00e9rdidas econ\u00f3micas que ha sufrido como consecuencia directa de la lesi\u00f3n.<\/span><\/p>\n<p><span style=\"font-weight: 400;\">Esta cifra es un punto de partida y puede verse afectada por muchos otros factores. Algunas de las circunstancias que su abogado puede considerar al negociar con la compa\u00f1\u00eda de seguros o incluso al presentar una demanda son las siguientes.\u00a0<\/span><\/p>\n<h3><span style=\"font-weight: 400;\">Estatuto de limitaciones<\/span><\/h3>\n<p><span style=\"font-weight: 400;\">Cualquier caso de lesiones personales tiene un plazo de prescripci\u00f3n legal, que es el tiempo que se le permite presentar una demanda por sus lesiones. En Georgia, este plazo de prescripci\u00f3n, seg\u00fan <\/span><a href=\"http:\/\/ga.elaws.us\/law\/section9-3-33\" target=\"_blank\" rel=\"noopener\"><span style=\"font-weight: 400;\">Estatuto de Georgia \u00a79-3-33<\/span><\/a><span style=\"font-weight: 400;\">, es de dos a\u00f1os. Hay muy pocas excepciones a esta regla.\u00a0<\/span><\/p>\n<p><span style=\"font-weight: 400;\">M\u00e1s all\u00e1 de la imposibilidad de presentar su reclamaci\u00f3n, el plazo de prescripci\u00f3n puede afectar su poder de negociaci\u00f3n. Por ejemplo, si espera para iniciar las negociaciones relativas a su reclamaci\u00f3n, la compa\u00f1\u00eda de seguros puede intentar ponerle a prueba con respecto a llevar el caso a los tribunales y ofrecerle sistem\u00e1ticamente una indemnizaci\u00f3n ofensivamente baja. <\/span><b>acuerdo por accidente automovil\u00edstico<\/b><span style=\"font-weight: 400;\"> cantidades bajo el supuesto de que tomar\u00e1s lo que puedas obtener antes de que se acabe el tiempo.<\/span><\/p>\n<p><span style=\"font-weight: 400;\">Cuando hablas con un abogado al inicio del caso, le demuestras que vas en serio, y esto puede animarle a hacer ofertas razonables para evitar ir a juicio, bas\u00e1ndose en la postura de tu abogado. <\/span><a href=\"https:\/\/slamdunkattorney.com\/es\/blog\/personal-injury-claims-responding-to-a-low-settlement-offer\/\"><span style=\"font-weight: 400;\">responder a ofertas de liquidaci\u00f3n bajas<\/span><\/a><span style=\"font-weight: 400;\">.\u00a0<\/span><\/p>\n<h3><span style=\"font-weight: 400;\">Lesiones<\/span><\/h3>\n<p><span style=\"font-weight: 400;\">Sus lesiones son la base de sus da\u00f1os y pueden ser el factor m\u00e1s importante a la hora de determinar la cantidad que recibir\u00e1 en su oferta de acuerdo. Los costos de algo como un latigazo cervical, aunque potencialmente elevados, pueden ser mucho menores que los de una hemorragia interna u otro traumatismo importante. Por lo tanto, la cantidad de la indemnizaci\u00f3n recibida reflejar\u00e1 eso.\u00a0<\/span><\/p>\n<h3><span style=\"font-weight: 400;\">Efectos de la vida cotidiana<\/span><\/h3>\n<p><span style=\"font-weight: 400;\">Del mismo modo, los efectos duraderos de sus lesiones pueden ser un factor importante en los da\u00f1os no econ\u00f3micos. Por ejemplo, un accidente automovil\u00edstico que le deje desfigurado o discapacitado de forma permanente puede permitirle recibir una indemnizaci\u00f3n por ello.<\/span><\/p>\n<p><span style=\"font-weight: 400;\">Este tipo de da\u00f1os tienen por objeto indemnizar por cualquier dificultad actual, incluyendo:<\/span><\/p>\n<ul>\n<li style=\"font-weight: 400;\" aria-level=\"1\"><span style=\"font-weight: 400;\">Necesidades terap\u00e9uticas o m\u00e9dicas continuas<\/span><\/li>\n<li style=\"font-weight: 400;\" aria-level=\"1\"><span style=\"font-weight: 400;\">Necesidades de apoyo a largo plazo<\/span><\/li>\n<li style=\"font-weight: 400;\" aria-level=\"1\"><span style=\"font-weight: 400;\">P\u00e9rdida generalizada de calidad de vida debido a lesiones.<\/span><\/li>\n<\/ul>\n\n<div class=\"cta-container row align-items-center\">\n    <div class=\"col-md-7\">\n        <p class=\"cta-text rs-content-cta\">Orgullosos de servir a Duluth y a todo Georgia <span>\u00a1Cont\u00e1ctenos para comenzar su recuperaci\u00f3n!<\/span> <a href=\"https:\/\/slamdunkattorney.com\/es\/\">Explore nuestras \u00e1reas de pr\u00e1ctica<\/a><\/p>\n    <\/div>\n    <div class=\"col-md-5\">\n        <img decoding=\"async\" src=\"https:\/\/slamdunkattorney.com\/wp-content\/themes\/slam-dunk-rebuild\/assets\/app\/img\/map-cta.jpg\" alt=\"Legal Consultation\" class=\"img-fluid\"\/>\n    <\/div>\n<\/div><h2><span style=\"font-weight: 400;\">Reclamaciones de seguros de autom\u00f3viles<\/span><\/h2>\n<p><span style=\"font-weight: 400;\">Hay algunas cosas que puede hacer para reforzar su caso y que pueden aumentar la indemnizaci\u00f3n que reciba por su <\/span><b>Acuerdo por accidente automovil\u00edstico en Georgia<\/b><span style=\"font-weight: 400;\">. Al considerar <\/span><a href=\"https:\/\/slamdunkattorney.com\/es\/faqs\/how-do-car-insurance-claims-work\/\"><span style=\"font-weight: 400;\">C\u00f3mo funcionan las reclamaciones de seguros de autom\u00f3viles<\/span><\/a><span style=\"font-weight: 400;\"> Y en cuanto a lo que puede afectar a la compensaci\u00f3n, debemos tener en cuenta algunos puntos clave.<\/span><\/p>\n<p><span style=\"font-weight: 400;\">La solidez de su caso y su documentaci\u00f3n es fundamental, pero comprender los conceptos b\u00e1sicos del seguro de autom\u00f3vil tambi\u00e9n puede ayudar a que su caso avance de manera m\u00e1s eficiente.\u00a0<\/span><\/p>\n<p><span style=\"font-weight: 400;\">Los primeros pasos del proceso consistir\u00e1n en ponerse en contacto con su compa\u00f1\u00eda de seguros para notificarles el accidente y ponerse en contacto con la compa\u00f1\u00eda de seguros de la parte culpable.<\/span><\/p>\n<p><span style=\"font-weight: 400;\">Lo ideal es que hable con un abogado antes de proporcionar una declaraci\u00f3n a las compa\u00f1\u00edas de seguros, pero este paso debe completarse en las 24 horas siguientes al accidente, siempre que sea posible. A partir de ese momento, su abogado especializado en accidentes automovil\u00edsticos podr\u00e1 ayudarle con cualquier otro asunto.\u00a0<\/span><\/p>\n<h3><span style=\"font-weight: 400;\">L\u00edmites de la p\u00f3liza de seguro<\/span><\/h3>\n<p><span style=\"font-weight: 400;\">Cuando se presenta una demanda por accidente automovil\u00edstico tras un accidente, existen ciertas limitaciones que pueden restringir el monto del acuerdo. El <\/span><a href=\"https:\/\/oci.georgia.gov\/insurance-resources\/auto\" target=\"_blank\" rel=\"noopener\"><span style=\"font-weight: 400;\">Oficina del Comisionado de Seguros y Seguridad contra Incendios<\/span><\/a><span style=\"font-weight: 400;\"> informa que los requisitos m\u00ednimos de Georgia para el seguro de autom\u00f3vil son $25,000 por persona y $50,000 por incidente para lesiones corporales y responsabilidad civil, y $25,000 por incidente para responsabilidad civil por da\u00f1os materiales.<\/span><\/p>\n<p><span style=\"font-weight: 400;\">Muchas personas pueden contratar coberturas adicionales para asegurarse de que no est\u00e1n infraaseguradas y de que no se les considere personalmente responsables de los da\u00f1os.\u00a0<\/span><\/p>\n<p><span style=\"font-weight: 400;\">Si bien los l\u00edmites de la p\u00f3liza no determinar\u00e1n sus p\u00e9rdidas ni lo que puede reclamar leg\u00edtimamente, pueden afectar la forma en que su abogado lleva adelante su caso. Si sus costos exceden los l\u00edmites del seguro, nuestro abogado puede aconsejarle que presente una demanda adicional contra la persona para cubrir la diferencia en la cobertura.<\/span><\/p>\n<p><span style=\"font-weight: 400;\">Puede que esta no sea siempre una opci\u00f3n viable, pero tal vez le convenga hablarlo con su abogado para determinar si es una opci\u00f3n adecuada para su situaci\u00f3n.<\/span><\/p>\n<h2><span style=\"font-weight: 400;\">Llame hoy mismo a un abogado especializado en accidentes automovil\u00edsticos en Duluth.<\/span><\/h2>\n<p><span style=\"font-weight: 400;\">A <\/span><b>Accidente automovil\u00edstico en Georgia<\/b><span style=\"font-weight: 400;\"> puede retrasarte en tu vida y tus objetivos, y cuando esto se debe a la negligencia de otra persona, no deber\u00edas tener que soportar esa carga. La compensaci\u00f3n econ\u00f3mica no puede borrar el suceso ni las lesiones.<\/span><\/p>\n<p><span style=\"font-weight: 400;\">En Slam Dunk Attorney Injury Lawyers esperamos poder aliviar parte del estr\u00e9s y proporcionarle los medios necesarios para cuidar su salud y bienestar mientras se recupera de lo sucedido.\u00a0<\/span><\/p>\n<p><span style=\"font-weight: 400;\">Lidiar con las consecuencias legales y administrativas puede ser estresante incluso en las mejores circunstancias, y esto es especialmente cierto cuando se est\u00e1 tratando de recuperarse de lesiones f\u00edsicas.<\/span><\/p>\n<p><span style=\"font-weight: 400;\">Sin embargo, no tiene por qu\u00e9 afrontar esto solo. Puede ponerse en contacto con nosotros para una consulta gratuita sobre su caso, ya sea a trav\u00e9s de un formulario en l\u00ednea o por tel\u00e9fono.\u00a0<\/span><\/p>\n\n<div class=\"cta-container row align-items-center\">\n    <div class=\"col-md-7\">\n        <p class=\"cta-text rs-content-cta\">Llame o env\u00ede un mensaje de texto <a class=\"no-btn\" href=\"tel:+14049513513\">404-951-3513<\/a> o completar un <a href=\"https:\/\/slamdunkattorney.com\/es\/contact-us\/\">Formulario de evaluaci\u00f3n gratuita de su caso<\/a><\/p>\n    <\/div>\n    <div class=\"col-md-5\">\n        <img decoding=\"async\" src=\"https:\/\/slamdunkattorney.com\/wp-content\/themes\/slam-dunk-rebuild\/assets\/app\/img\/map-cta.jpg\" alt=\"Call or Text\" class=\"img-fluid\"\/>\n    <\/div>\n<\/div>","protected":false},"excerpt":{"rendered":"<p>When you are pursuing a car accident claim, most injured parties wonder about what they can expect from their case or even what the average settlement amount is. This is seldom something that has a clear answer until the day the paperwork is signed. Sometimes you may determine a general idea, but negotiations can change &#8230;<\/p>","protected":false},"author":2,"featured_media":7097,"parent":5902,"menu_order":0,"comment_status":"closed","ping_status":"closed","template":"","meta":{"_acf_changed":false,"_genesis_hide_title":false,"_genesis_hide_breadcrumbs":false,"_genesis_hide_singular_image":false,"_genesis_hide_footer_widgets":false,"_genesis_custom_body_class":"","_genesis_custom_post_class":"","_genesis_layout":"","ngg_post_thumbnail":0,"footnotes":""},"extra-categories":[],"hc_faqs":[41],"class_list":{"0":"post-7096","1":"page","2":"type-page","3":"status-publish","4":"has-post-thumbnail","6":"hc_faqs-car-accident","7":"entry"},"acf":[],"yoast_head":"<!-- This site is optimized with the Yoast SEO plugin v27.4 - https:\/\/yoast.com\/product\/yoast-seo-wordpress\/ -->\n<title>Average Settlement for a Georgia Car Accident Case<\/title>\n<meta name=\"description\" content=\"There is no average settlement for a Georgia car accident case because all are different. Learn the value of yours with a lawyer&#039;s help.\" \/>\n<meta name=\"robots\" content=\"index, follow, max-snippet:-1, max-image-preview:large, max-video-preview:-1\" \/>\n<link rel=\"canonical\" href=\"https:\/\/slamdunkattorney.com\/es\/faqs\/what-is-the-average-settlement-for-a-georgia-car-accident\/\" \/>\n<meta property=\"og:locale\" content=\"es_MX\" \/>\n<meta property=\"og:type\" content=\"article\" \/>\n<meta property=\"og:title\" content=\"Average Settlement for a Georgia Car Accident Case\" \/>\n<meta property=\"og:description\" content=\"There is no average settlement for a Georgia car accident case because all are different. Learn the value of yours with a lawyer&#039;s help.\" \/>\n<meta property=\"og:url\" content=\"https:\/\/slamdunkattorney.com\/es\/faqs\/what-is-the-average-settlement-for-a-georgia-car-accident\/\" \/>\n<meta property=\"og:site_name\" content=\"Slam Dunk Attorney | Injury Lawyers\" \/>\n<meta property=\"article:publisher\" content=\"https:\/\/www.facebook.com\/slamdunkattorneyinjurylawyers\/\" \/>\n<meta property=\"article:modified_time\" content=\"2025-01-16T08:50:14+00:00\" \/>\n<meta property=\"og:image\" content=\"https:\/\/slamdunkattorney.com\/wp-content\/uploads\/2024\/10\/asian-man-and-asian-woman-calling-for-help-after-a-crash.jpg\" \/>\n\t<meta property=\"og:image:width\" content=\"1000\" \/>\n\t<meta property=\"og:image:height\" content=\"667\" \/>\n\t<meta property=\"og:image:type\" content=\"image\/jpeg\" \/>\n<meta name=\"twitter:card\" content=\"summary_large_image\" \/>\n<meta name=\"twitter:site\" content=\"@slamdunkattorney\" \/>\n<meta name=\"twitter:label1\" content=\"Est. reading time\" \/>\n\t<meta name=\"twitter:data1\" content=\"5 minutos\" \/>\n<script type=\"application\/ld+json\" class=\"yoast-schema-graph\">{\"@context\":\"https:\\\/\\\/schema.org\",\"@graph\":[{\"@type\":\"WebPage\",\"@id\":\"https:\\\/\\\/slamdunkattorney.com\\\/faqs\\\/what-is-the-average-settlement-for-a-georgia-car-accident\\\/\",\"url\":\"https:\\\/\\\/slamdunkattorney.com\\\/faqs\\\/what-is-the-average-settlement-for-a-georgia-car-accident\\\/\",\"name\":\"Average Settlement for a Georgia Car Accident Case\",\"isPartOf\":{\"@id\":\"https:\\\/\\\/slamdunkattorney.com\\\/#website\"},\"primaryImageOfPage\":{\"@id\":\"https:\\\/\\\/slamdunkattorney.com\\\/faqs\\\/what-is-the-average-settlement-for-a-georgia-car-accident\\\/#primaryimage\"},\"image\":{\"@id\":\"https:\\\/\\\/slamdunkattorney.com\\\/faqs\\\/what-is-the-average-settlement-for-a-georgia-car-accident\\\/#primaryimage\"},\"thumbnailUrl\":\"https:\\\/\\\/slamdunkattorney.com\\\/wp-content\\\/uploads\\\/2024\\\/10\\\/asian-man-and-asian-woman-calling-for-help-after-a-crash.jpg\",\"datePublished\":\"2024-10-16T11:32:46+00:00\",\"dateModified\":\"2025-01-16T08:50:14+00:00\",\"description\":\"There is no average settlement for a Georgia car accident case because all are different. Learn the value of yours with a lawyer's help.\",\"breadcrumb\":{\"@id\":\"https:\\\/\\\/slamdunkattorney.com\\\/faqs\\\/what-is-the-average-settlement-for-a-georgia-car-accident\\\/#breadcrumb\"},\"inLanguage\":\"es\",\"potentialAction\":[{\"@type\":\"ReadAction\",\"target\":[\"https:\\\/\\\/slamdunkattorney.com\\\/faqs\\\/what-is-the-average-settlement-for-a-georgia-car-accident\\\/\"]}]},{\"@type\":\"ImageObject\",\"inLanguage\":\"es\",\"@id\":\"https:\\\/\\\/slamdunkattorney.com\\\/faqs\\\/what-is-the-average-settlement-for-a-georgia-car-accident\\\/#primaryimage\",\"url\":\"https:\\\/\\\/slamdunkattorney.com\\\/wp-content\\\/uploads\\\/2024\\\/10\\\/asian-man-and-asian-woman-calling-for-help-after-a-crash.jpg\",\"contentUrl\":\"https:\\\/\\\/slamdunkattorney.com\\\/wp-content\\\/uploads\\\/2024\\\/10\\\/asian-man-and-asian-woman-calling-for-help-after-a-crash.jpg\",\"width\":1000,\"height\":667,\"caption\":\"asian man and asian woman calling for help after a crash\"},{\"@type\":\"BreadcrumbList\",\"@id\":\"https:\\\/\\\/slamdunkattorney.com\\\/faqs\\\/what-is-the-average-settlement-for-a-georgia-car-accident\\\/#breadcrumb\",\"itemListElement\":[{\"@type\":\"ListItem\",\"position\":1,\"name\":\"Home\",\"item\":\"https:\\\/\\\/slamdunkattorney.com\\\/\"},{\"@type\":\"ListItem\",\"position\":2,\"name\":\"FAQs\",\"item\":\"https:\\\/\\\/slamdunkattorney.com\\\/faqs\\\/\"},{\"@type\":\"ListItem\",\"position\":3,\"name\":\"What Is the Average Settlement for a Georgia Car Accident?\"}]},{\"@type\":\"WebSite\",\"@id\":\"https:\\\/\\\/slamdunkattorney.com\\\/#website\",\"url\":\"https:\\\/\\\/slamdunkattorney.com\\\/\",\"name\":\"Slam Dunk Attorney | Injury Lawyers\",\"description\":\"Duluth Personal Injury Lawyers\",\"publisher\":{\"@id\":\"https:\\\/\\\/slamdunkattorney.com\\\/#organization\"},\"alternateName\":\"Slam Dunk Attorney\",\"inLanguage\":\"es\"},{\"@type\":\"Organization\",\"@id\":\"https:\\\/\\\/slamdunkattorney.com\\\/#organization\",\"name\":\"Slam Dunk Attorney\",\"alternateName\":\"Slam Dunk\",\"url\":\"https:\\\/\\\/slamdunkattorney.com\\\/\",\"logo\":{\"@type\":\"ImageObject\",\"inLanguage\":\"es\",\"@id\":\"https:\\\/\\\/slamdunkattorney.com\\\/#\\\/schema\\\/logo\\\/image\\\/\",\"url\":\"https:\\\/\\\/slamdunkattorney.com\\\/wp-content\\\/uploads\\\/2023\\\/05\\\/cropped-Logo.png\",\"contentUrl\":\"https:\\\/\\\/slamdunkattorney.com\\\/wp-content\\\/uploads\\\/2023\\\/05\\\/cropped-Logo.png\",\"width\":1080,\"height\":240,\"caption\":\"Slam Dunk Attorney\"},\"image\":{\"@id\":\"https:\\\/\\\/slamdunkattorney.com\\\/#\\\/schema\\\/logo\\\/image\\\/\"},\"sameAs\":[\"https:\\\/\\\/www.facebook.com\\\/slamdunkattorneyinjurylawyers\\\/\",\"https:\\\/\\\/x.com\\\/slamdunkattorney\",\"https:\\\/\\\/www.instagram.com\\\/slamdunkattorney\\\/\",\"https:\\\/\\\/www.youtube.com\\\/channel\\\/UCSrOiC7vOjlCi3UgtIVGNtw\",\"https:\\\/\\\/www.linkedin.com\\\/company\\\/slamdunkattorneyinjurylawyers\"]}]}<\/script>\n<!-- \/ Yoast SEO plugin. -->","yoast_head_json":{"title":"Average Settlement for a Georgia Car Accident Case","description":"There is no average settlement for a Georgia car accident case because all are different. Learn the value of yours with a lawyer's help.","robots":{"index":"index","follow":"follow","max-snippet":"max-snippet:-1","max-image-preview":"max-image-preview:large","max-video-preview":"max-video-preview:-1"},"canonical":"https:\/\/slamdunkattorney.com\/es\/faqs\/what-is-the-average-settlement-for-a-georgia-car-accident\/","og_locale":"es_MX","og_type":"article","og_title":"Average Settlement for a Georgia Car Accident Case","og_description":"There is no average settlement for a Georgia car accident case because all are different. Learn the value of yours with a lawyer's help.","og_url":"https:\/\/slamdunkattorney.com\/es\/faqs\/what-is-the-average-settlement-for-a-georgia-car-accident\/","og_site_name":"Slam Dunk Attorney | Injury Lawyers","article_publisher":"https:\/\/www.facebook.com\/slamdunkattorneyinjurylawyers\/","article_modified_time":"2025-01-16T08:50:14+00:00","og_image":[{"width":1000,"height":667,"url":"https:\/\/slamdunkattorney.com\/wp-content\/uploads\/2024\/10\/asian-man-and-asian-woman-calling-for-help-after-a-crash.jpg","type":"image\/jpeg"}],"twitter_card":"summary_large_image","twitter_site":"@slamdunkattorney","twitter_misc":{"Est. reading time":"5 minutos"},"schema":{"@context":"https:\/\/schema.org","@graph":[{"@type":"WebPage","@id":"https:\/\/slamdunkattorney.com\/faqs\/what-is-the-average-settlement-for-a-georgia-car-accident\/","url":"https:\/\/slamdunkattorney.com\/faqs\/what-is-the-average-settlement-for-a-georgia-car-accident\/","name":"Average Settlement for a Georgia Car Accident Case","isPartOf":{"@id":"https:\/\/slamdunkattorney.com\/#website"},"primaryImageOfPage":{"@id":"https:\/\/slamdunkattorney.com\/faqs\/what-is-the-average-settlement-for-a-georgia-car-accident\/#primaryimage"},"image":{"@id":"https:\/\/slamdunkattorney.com\/faqs\/what-is-the-average-settlement-for-a-georgia-car-accident\/#primaryimage"},"thumbnailUrl":"https:\/\/slamdunkattorney.com\/wp-content\/uploads\/2024\/10\/asian-man-and-asian-woman-calling-for-help-after-a-crash.jpg","datePublished":"2024-10-16T11:32:46+00:00","dateModified":"2025-01-16T08:50:14+00:00","description":"There is no average settlement for a Georgia car accident case because all are different. Learn the value of yours with a lawyer's help.","breadcrumb":{"@id":"https:\/\/slamdunkattorney.com\/faqs\/what-is-the-average-settlement-for-a-georgia-car-accident\/#breadcrumb"},"inLanguage":"es","potentialAction":[{"@type":"ReadAction","target":["https:\/\/slamdunkattorney.com\/faqs\/what-is-the-average-settlement-for-a-georgia-car-accident\/"]}]},{"@type":"ImageObject","inLanguage":"es","@id":"https:\/\/slamdunkattorney.com\/faqs\/what-is-the-average-settlement-for-a-georgia-car-accident\/#primaryimage","url":"https:\/\/slamdunkattorney.com\/wp-content\/uploads\/2024\/10\/asian-man-and-asian-woman-calling-for-help-after-a-crash.jpg","contentUrl":"https:\/\/slamdunkattorney.com\/wp-content\/uploads\/2024\/10\/asian-man-and-asian-woman-calling-for-help-after-a-crash.jpg","width":1000,"height":667,"caption":"asian man and asian woman calling for help after a crash"},{"@type":"BreadcrumbList","@id":"https:\/\/slamdunkattorney.com\/faqs\/what-is-the-average-settlement-for-a-georgia-car-accident\/#breadcrumb","itemListElement":[{"@type":"ListItem","position":1,"name":"Home","item":"https:\/\/slamdunkattorney.com\/"},{"@type":"ListItem","position":2,"name":"FAQs","item":"https:\/\/slamdunkattorney.com\/faqs\/"},{"@type":"ListItem","position":3,"name":"What Is the Average Settlement for a Georgia Car Accident?"}]},{"@type":"WebSite","@id":"https:\/\/slamdunkattorney.com\/#website","url":"https:\/\/slamdunkattorney.com\/","name":"Abogado experto en lesiones | Abogados especializados en lesiones","description":"Abogados de lesiones personales en Duluth","publisher":{"@id":"https:\/\/slamdunkattorney.com\/#organization"},"alternateName":"Slam Dunk Attorney","inLanguage":"es"},{"@type":"Organization","@id":"https:\/\/slamdunkattorney.com\/#organization","name":"Abogado Slam Dunk","alternateName":"Slam Dunk","url":"https:\/\/slamdunkattorney.com\/","logo":{"@type":"ImageObject","inLanguage":"es","@id":"https:\/\/slamdunkattorney.com\/#\/schema\/logo\/image\/","url":"https:\/\/slamdunkattorney.com\/wp-content\/uploads\/2023\/05\/cropped-Logo.png","contentUrl":"https:\/\/slamdunkattorney.com\/wp-content\/uploads\/2023\/05\/cropped-Logo.png","width":1080,"height":240,"caption":"Slam Dunk Attorney"},"image":{"@id":"https:\/\/slamdunkattorney.com\/#\/schema\/logo\/image\/"},"sameAs":["https:\/\/www.facebook.com\/slamdunkattorneyinjurylawyers\/","https:\/\/x.com\/slamdunkattorney","https:\/\/www.instagram.com\/slamdunkattorney\/","https:\/\/www.youtube.com\/channel\/UCSrOiC7vOjlCi3UgtIVGNtw","https:\/\/www.linkedin.com\/company\/slamdunkattorneyinjurylawyers"]}]}},"yoast_meta":{"yoast_wpseo_title":"","yoast_wpseo_metadesc":"","yoast_wpseo_canonical":"https:\/\/slamdunkattorney.com\/es\/wp-json\/wp\/v2\/pages\/7096"},"_links":{"self":[{"href":"https:\/\/slamdunkattorney.com\/es\/wp-json\/wp\/v2\/pages\/7096","targetHints":{"allow":["GET"]}}],"collection":[{"href":"https:\/\/slamdunkattorney.com\/es\/wp-json\/wp\/v2\/pages"}],"about":[{"href":"https:\/\/slamdunkattorney.com\/es\/wp-json\/wp\/v2\/types\/page"}],"author":[{"embeddable":true,"href":"https:\/\/slamdunkattorney.com\/es\/wp-json\/wp\/v2\/users\/2"}],"replies":[{"embeddable":true,"href":"https:\/\/slamdunkattorney.com\/es\/wp-json\/wp\/v2\/comments?post=7096"}],"version-history":[{"count":0,"href":"https:\/\/slamdunkattorney.com\/es\/wp-json\/wp\/v2\/pages\/7096\/revisions"}],"up":[{"embeddable":true,"href":"https:\/\/slamdunkattorney.com\/es\/wp-json\/wp\/v2\/pages\/5902"}],"wp:featuredmedia":[{"embeddable":true,"href":"https:\/\/slamdunkattorney.com\/es\/wp-json\/wp\/v2\/media\/7097"}],"wp:attachment":[{"href":"https:\/\/slamdunkattorney.com\/es\/wp-json\/wp\/v2\/media?parent=7096"}],"wp:term":[{"taxonomy":"extra-categories","embeddable":true,"href":"https:\/\/slamdunkattorney.com\/es\/wp-json\/wp\/v2\/extra-categories?post=7096"},{"taxonomy":"hc_faqs","embeddable":true,"href":"https:\/\/slamdunkattorney.com\/es\/wp-json\/wp\/v2\/hc_faqs?post=7096"}],"curies":[{"name":"wp","href":"https:\/\/api.w.org\/{rel}","templated":true}]}}