{"id":6494,"date":"2024-09-12T18:19:59","date_gmt":"2024-09-12T18:19:59","guid":{"rendered":"https:\/\/slamdunk.wpenginepowered.com\/?page_id=6494"},"modified":"2026-04-10T19:00:22","modified_gmt":"2026-04-10T19:00:22","slug":"survivors-speak-scholarship-catastrophic-injuries-that-change-lives","status":"publish","type":"page","link":"https:\/\/slamdunkattorney.com\/es\/scholarship\/","title":{"rendered":"Beca \u00abSurvivors Speak\u00bb: lesiones catastr\u00f3ficas que cambian vidas"},"content":{"rendered":"<p>Las lesiones catastr\u00f3ficas transforman tu vida a cualquier edad. Sin embargo, es especialmente devastador darse cuenta de que un accidente te ha dejado lesiones que te cambiar\u00e1n la vida en una etapa temprana. <a href=\"https:\/\/slamdunkattorney.com\/es\/meet-our-team\/\">Nuestros abogados especializados en lesiones personales<\/a> Es importante saber que los adolescentes de hoy en d\u00eda tienen que superar una serie de retos \u00fanicos, incluso antes de tener en cuenta las secuelas que les ha dejado un accidente con lesiones graves.<\/p>\n<p>Es ante las dificultades a las que se enfrentan los estudiantes, especialmente cuando sufren lesiones que les cambian la vida, que Slam Dunk Attorney presenta su nueva beca.<\/p>\n<p>Beca Survivor Speak de Slam Dunk Attorney: lesiones catastr\u00f3ficas que cambian vidas ofrece <strong>$2,500 <\/strong>a un estudiante cuya excepcional perseverancia le haya ayudado a superar un accidente devastador. Tambi\u00e9n pueden solicitarla los estudiantes cuyos familiares directos hayan sufrido lesiones catastr\u00f3ficas o hayan perdido la vida debido a un incidente catastr\u00f3fico, ya que entendemos que este tipo de lesiones afectan a las personas cercanas a la v\u00edctima. Los estudiantes deben completar sus solicitudes antes del 1 de septiembre de 2025.<\/p>\n<h2>Requisitos de solicitud<\/h2>\n<p>Los estudiantes de licenciatura y posgrado que cursen cualquier carrera pueden solicitar la beca Survivors Speak: Las lesiones catastr\u00f3ficas cambian vidas. Sin embargo, los estudiantes que soliciten la beca deben cumplir los siguientes criterios para poder optar a la ayuda:<\/p>\n<ul>\n<li>El solicitante debe estar inscrito o ser admitido en una universidad, instituto universitario o escuela de posgrado acreditados. <strong>en el estado de Georgia<\/strong><\/li>\n<li>El solicitante debe aceptar las condiciones de la beca. <strong>t\u00e9rminos y condiciones<\/strong><\/li>\n<li>El solicitante debe presentar la solicitud completa antes de la fecha l\u00edmite de la beca.<\/li>\n<li>El solicitante debe haber sufrido una lesi\u00f3n catastr\u00f3fica en alg\u00fan momento antes de solicitar esta beca.<\/li>\n<\/ul>\n<p>Los estudiantes que cumplan estos requisitos podr\u00e1n completar el proceso de solicitud. La empresa invita a los estudiantes a crear <strong>ya sea un video o un texto escrito <\/strong><strong>ensayo<\/strong> detallando los obst\u00e1culos a los que se enfrentaron tras sufrir un accidente con lesiones catastr\u00f3ficas.<\/p>\n<p><strong>Los estudiantes pueden enviar un enlace al video terminado o un archivo PDF con su ensayo a trav\u00e9s del formulario de solicitud de beca de este sitio web.<\/strong><\/p>\n<h2>Tema del ensayo y del video para la beca<\/h2>\n<p>Los estudiantes pueden escribir un ensayo sobre su lesi\u00f3n catastr\u00f3fica. <strong>O <\/strong>crear un video en el que se expliquen con detalle sus p\u00e9rdidas. <strong>Elija entre crear un ensayo o un video. No cree ambos.<\/strong> El tema del ensayo y del video de esta beca es el mismo. Slam Dunk Attorney anima a los estudiantes a debatir sobre:<\/p>\n<ul>\n<li>El desafortunado suceso que provoc\u00f3 lesiones catastr\u00f3ficas a ellos o a sus familiares directos.<\/li>\n<li>La naturaleza de la lesi\u00f3n catastr\u00f3fica<\/li>\n<li>\u00bfQu\u00e9 limitaciones introdujo la lesi\u00f3n en sus vidas?<\/li>\n<li>C\u00f3mo superaron esos obst\u00e1culos<\/li>\n<\/ul>\n<p>Los estudiantes tambi\u00e9n deben enumerar cualquier actividad extracurricular, trabajo voluntario, sociedades de honor u otras actividades en las que hayan participado desde que sufrieron el accidente. La empresa no exige una lista exhaustiva de las actividades extracurriculares del solicitante, sino que anima a los estudiantes a destacar aquellas actividades de las que se sienten m\u00e1s orgullosos.<\/p>\n<p>El equipo tambi\u00e9n solicita que los estudiantes incluyan el <strong>nombre e informaci\u00f3n de contacto <\/strong>de alguien que pueda verificar su participaci\u00f3n en estos programas extracurriculares. Algunos ejemplos pueden ser un profesor, un maestro o un l\u00edder comunitario.<\/p>\n<h3>Qu\u00e9 incluir en un video<\/h3>\n<p>Los videos de los estudiantes deben tener una duraci\u00f3n de entre <strong>de uno y dos minutos de duraci\u00f3n<\/strong>. Animamos a los estudiantes a:<\/p>\n<ul>\n<li>Graba tu video en un lugar bien iluminado.<\/li>\n<li>Mantenga el dispositivo de grabaci\u00f3n lo m\u00e1s quieto posible.<\/li>\n<li>Indique su nombre completo y el nombre de la beca que solicita al principio o al final de su video.<\/li>\n<li>Otorgue los cr\u00e9ditos necesarios.<\/li>\n<li>Especifique las fuentes de informaci\u00f3n y las herramientas de edici\u00f3n multimedia utilizadas en la elaboraci\u00f3n y creaci\u00f3n de sus videos en la descripci\u00f3n del video.<\/li>\n<li>Utiliza \u00fanicamente contenido libre de derechos de autor y crea un t\u00edtulo creativo y pegadizo que refleje sus ideas.<\/li>\n<\/ul>\n<p>Los estudiantes pueden utilizar libremente software creativo, incluido Adobe Creative Cloud, para editar sus videos. Sin embargo, <strong>Slam Dunk Attorney no seleccionar\u00e1 al ganador de la beca bas\u00e1ndose en la calidad de la edici\u00f3n realizada por el estudiante.<\/strong><\/p>\n<p>Estudiantes <strong>puede <\/strong>utilizan la IA para crear material de archivo B-roll para sus videos. Sin embargo, los estudiantes <strong>no puede <\/strong>utilizar la IA para escribir sus guiones, leerlos o crear actores falsos para sus videos. El uso prohibido de la IA para crear un video para la beca dar\u00e1 lugar a la descalificaci\u00f3n autom\u00e1tica del estudiante del grupo de solicitantes.<\/p>\n<h3>Qu\u00e9 incluir en un ensayo<\/h3>\n<p>Los estudiantes que decidan escribir un ensayo para solicitar una beca no deben superar las 1000 palabras sobre el tema mencionado anteriormente, las lesiones catastr\u00f3ficas. Slam Dunk Attorney solo aceptar\u00e1 ensayos enviados en formato PDF.<\/p>\n<p>Los estudiantes deben incluir los siguientes elementos en un ensayo escrito:<\/p>\n<ul>\n<li>Un encabezado que incluya tu nombre, el nombre de la beca que solicitas, el nombre de tu universidad, tu direcci\u00f3n de correo electr\u00f3nico y tu n\u00famero de identificaci\u00f3n de estudiante.<\/li>\n<li>La direcci\u00f3n postal, el n\u00famero de tel\u00e9fono y la direcci\u00f3n de correo electr\u00f3nico de la oficina de ayuda financiera de tu escuela.<\/li>\n<li>Un t\u00edtulo pegadizo y original.<\/li>\n<li>Una bibliograf\u00eda<\/li>\n<li>Citas en formato MLA<\/li>\n<\/ul>\n<p>Los estudiantes pueden guardar sus ensayos en formato Word antes de convertirlos a PDF. Los ensayos deben nombrarse siguiendo el siguiente estilo: <strong>Becas \u00abSurvivors Speak\u00bb (Los supervivientes hablan) Lesiones catastr\u00f3ficas que cambian vidas 2025 \u2013 [Nombre del estudiante].<\/strong><\/p>\n<h4>Ejemplo de encabezado de ensayo para uso de los estudiantes<\/h4>\n<p>Un ejemplo de encabezado podr\u00eda ser:<\/p>\n<p>Jane Doe, Beca Survivors Speak: Lesiones catastr\u00f3ficas que cambian vidas<\/p>\n<p>[Nombre de la universidad]<\/p>\n<p><a href=\"mailto:jane.doe@gmail.com\">jane.doe@gmail.com<\/a><\/p>\n<p>0000000000<\/p>\n<p>Oficina de Ayuda Financiera<\/p>\n<p>1234 Camino de la Universidad<\/p>\n<p>Cityville, ST<\/p>\n<p>(000) 000-0000<\/p>\n<p><a href=\"mailto:financial.aid.office@office.edu\">financial.aid.office@office.edu<\/a><\/p>\n<h2>Fecha l\u00edmite para presentar la solicitud<\/h2>\n<p>Los estudiantes tienen hasta el 1 de septiembre de 2025 para completar y enviar sus solicitudes de beca. Slam Dunk Attorney no considerar\u00e1 las solicitudes de beca enviadas despu\u00e9s de esta fecha l\u00edmite.<\/p>\n<p>La empresa se reserva un plazo de hasta tres meses para seleccionar al ganador entre todos los solicitantes. Un representante de la empresa se pondr\u00e1 en contacto con el ganador por correo electr\u00f3nico. Los dem\u00e1s solicitantes no recibir\u00e1n ninguna notificaci\u00f3n por parte de la empresa.<\/p>\n<p>En este momento, Slam Dunk Attorney no puede aceptar llamadas telef\u00f3nicas, correos electr\u00f3nicos ni visitas en persona de estudiantes o padres con preguntas sobre el proceso de solicitud o el estado de una solicitud. Un comit\u00e9 de selecci\u00f3n de becas se pondr\u00e1 en contacto si necesitamos informaci\u00f3n adicional de un solicitante.<\/p>\n<h2><b>Pol\u00edtica de privacidad<\/b><\/h2>\n<div>En Slam Dunk Attorney, valoramos su privacidad y nos comprometemos a proteger su informaci\u00f3n personal. La informaci\u00f3n que nos proporcione como parte del proceso de solicitud de la beca se utilizar\u00e1 \u00fanicamente con el fin de evaluar y seleccionar al solicitante ganador.<\/div>\n<p><b>Uso y divulgaci\u00f3n de datos:<\/b><\/p>\n<ul dir=\"auto\">\n<li>Toda la informaci\u00f3n personal recopilada durante el proceso de solicitud se mantendr\u00e1 estrictamente confidencial y no se compartir\u00e1 con terceros ajenos al equipo directivo de la empresa.<\/li>\n<li>El nombre (nombre y inicial del apellido) del candidato ganador, junto con su ensayo o video, podr\u00e1 compartirse p\u00fablicamente en el sitio web oficial de la empresa y en las redes sociales para dar a conocer al ganador.<\/li>\n<li>No se divulgar\u00e1 al p\u00fablico ninguna informaci\u00f3n personal o identificativa adicional.<\/li>\n<\/ul>\n<div><b>Preguntas o consultas:<\/b>&nbsp;Si tienes alguna pregunta sobre esta pol\u00edtica de privacidad o necesitas m\u00e1s informaci\u00f3n sobre la beca, ponte en contacto con nosotros en:<\/div>\n<p><b>Abogado Slam Dunk<\/b><\/p>\n<div>Tel\u00e9fono: <a href=\"tel:+14049513513\">404-951-3513<\/a><br \/>\nDirecci\u00f3n: 2250 Satellite Blvd, Duluth, GA 30097<\/div>\n<div>Respetamos su privacidad y nos comprometemos a proteger su informaci\u00f3n personal durante todo el proceso de solicitud de la beca.<\/div>\n<h2>T\u00e9rminos y condiciones<\/h2>\n<p>Todos los solicitantes de esta beca deben cumplir los requisitos de elegibilidad establecidos en la p\u00e1gina de solicitud de la beca, entre los que se incluyen:<\/p>\n<ul>\n<li>El solicitante debe estar inscrito en una universidad, instituto universitario o escuela de posgrado.<\/li>\n<li>El solicitante debe tener al menos 18 a\u00f1os en el momento de la inscripci\u00f3n.<\/li>\n<li>El solicitante debe tener residencia en los Estados Unidos.<\/li>\n<li>El solicitante debe tener un promedio acad\u00e9mico de 3.0 o superior.<\/li>\n<li>El solicitante debe presentar cierta informaci\u00f3n personal, incluyendo su nombre, informaci\u00f3n de contacto e informaci\u00f3n acad\u00e9mica.<\/li>\n<li>El solicitante debe redactar un ensayo o crear un video original sobre el tema del ensayo de la beca proporcionado.<\/li>\n<\/ul>\n<p>Cualquier persona que cumpla las siguientes condiciones es <strong>NO<\/strong> Requisitos para presentar la solicitud:<\/p>\n<ul>\n<li>Empleados o hijos de empleados de Slam Dunk Attorney.<\/li>\n<li>Beneficiarios anteriores de la beca Survivors Speak: lesiones catastr\u00f3ficas que cambian vidas<\/li>\n<li>Los solicitantes que no puedan o no deseen ser entrevistados por un representante de Slam Dunk Attorney en caso de que se les conceda una beca.<\/li>\n<li>Los solicitantes que env\u00eden el mismo ensayo\/video para varias becas o durante varios a\u00f1os consecutivos.<\/li>\n<\/ul>\n<h2>Proceso de selecci\u00f3n y notificaci\u00f3n de premios<\/h2>\n<p>Estudiantes <strong>deber <\/strong>deben presentar sus solicitudes de beca antes de la fecha l\u00edmite del 1 de septiembre de 2025 si desean que el comit\u00e9 de selecci\u00f3n de becas de Slam Dunk Attorney considere su candidatura. El equipo se reserva hasta tres meses para seleccionar al ganador una vez pasada la fecha l\u00edmite para solicitar la beca.<\/p>\n<p><strong>La edad, la raza, la religi\u00f3n, el g\u00e9nero, la nacionalidad, la situaci\u00f3n familiar u otras clases protegidas no influir\u00e1n en la decisi\u00f3n del comit\u00e9.<\/strong><\/p>\n<p>El comit\u00e9 de selecci\u00f3n de becas se comunicar\u00e1 con el estudiante ganador por correo electr\u00f3nico. Posteriormente, Slam Dunk Attorney anunciar\u00e1 el ganador de la beca a trav\u00e9s de una publicaci\u00f3n en el blog y un comunicado de prensa. A continuaci\u00f3n, el bufete enviar\u00e1 por correo los fondos ganados por el estudiante a la oficina de ayuda financiera de su instituci\u00f3n o directamente al ganador, si ya se beneficia de una beca que cubre los costos de su matr\u00edcula.<\/p>\n<h2>Ganadores anteriores<\/h2>\n<p>Slam Dunk Attorney present\u00f3 su beca Survivors Speak: Lesiones catastr\u00f3ficas que cambian vidas en 2024. Todos los ganadores se enumerar\u00e1n a continuaci\u00f3n.<\/p>\n<ul>\n<li>Ganador de 2024: <a href=\"https:\/\/slamdunkattorney.com\/es\/blog\/truth-daniels-wins-slam-dunk-attorney-survivors-speak-scholarship\/\">Verdad Daniels<\/a><\/li>\n<\/ul>","protected":false},"excerpt":{"rendered":"<p>Catastrophic injuries transform your life at every age. However, it\u2019s particularly devastating to realize that an accident has left you with life-changing injuries early in your life. Our personal injury lawyers know that today\u2019s teenagers have to overcome a unique set of challenges even before accounting for the scars left behind by a catastrophic injury &#8230;<\/p>","protected":false},"author":2,"featured_media":0,"parent":0,"menu_order":0,"comment_status":"closed","ping_status":"closed","template":"","meta":{"_acf_changed":false,"_genesis_hide_title":false,"_genesis_hide_breadcrumbs":false,"_genesis_hide_singular_image":false,"_genesis_hide_footer_widgets":false,"_genesis_custom_body_class":"","_genesis_custom_post_class":"","_genesis_layout":"","ngg_post_thumbnail":0,"footnotes":""},"extra-categories":[],"hc_faqs":[],"class_list":{"0":"post-6494","1":"page","2":"type-page","3":"status-publish","5":"entry"},"acf":[],"yoast_head":"<!-- This site is optimized with the Yoast SEO plugin v27.3 - https:\/\/yoast.com\/product\/yoast-seo-wordpress\/ -->\n<title>Survivors Speak Scholarship: Catastrophic Injuries That Change Lives<\/title>\n<meta name=\"description\" content=\"Discover the Survivors Speak Scholarship for students, including eligibility criteria, application details, and submission guidelines.\" \/>\n<meta name=\"robots\" content=\"index, follow, max-snippet:-1, max-image-preview:large, max-video-preview:-1\" \/>\n<link rel=\"canonical\" href=\"https:\/\/slamdunkattorney.com\/es\/scholarship\/\" \/>\n<meta property=\"og:locale\" content=\"es_MX\" \/>\n<meta property=\"og:type\" content=\"article\" \/>\n<meta property=\"og:title\" content=\"Survivors Speak Scholarship: Catastrophic Injuries That Change Lives\" \/>\n<meta property=\"og:description\" content=\"Discover the Survivors Speak Scholarship for students, including eligibility criteria, application details, and submission guidelines.\" \/>\n<meta property=\"og:url\" content=\"https:\/\/slamdunkattorney.com\/es\/scholarship\/\" \/>\n<meta property=\"og:site_name\" content=\"Slam Dunk Attorney | Injury Lawyers\" \/>\n<meta property=\"article:publisher\" content=\"https:\/\/www.facebook.com\/slamdunkattorneyinjurylawyers\/\" \/>\n<meta property=\"article:modified_time\" content=\"2026-04-10T19:00:22+00:00\" \/>\n<meta property=\"og:image\" content=\"https:\/\/slamdunkattorney.com\/wp-content\/uploads\/2023\/05\/cropped-Logo.png\" \/>\n\t<meta property=\"og:image:width\" content=\"1080\" \/>\n\t<meta property=\"og:image:height\" content=\"240\" \/>\n\t<meta property=\"og:image:type\" content=\"image\/png\" \/>\n<meta name=\"twitter:card\" content=\"summary_large_image\" \/>\n<meta name=\"twitter:site\" content=\"@slamdunkattorney\" \/>\n<meta name=\"twitter:label1\" content=\"Est. reading time\" \/>\n\t<meta name=\"twitter:data1\" content=\"7 minutos\" \/>\n<script type=\"application\/ld+json\" class=\"yoast-schema-graph\">{\"@context\":\"https:\\\/\\\/schema.org\",\"@graph\":[{\"@type\":\"WebPage\",\"@id\":\"https:\\\/\\\/slamdunkattorney.com\\\/scholarship\\\/\",\"url\":\"https:\\\/\\\/slamdunkattorney.com\\\/scholarship\\\/\",\"name\":\"Survivors Speak Scholarship: Catastrophic Injuries That Change Lives\",\"isPartOf\":{\"@id\":\"https:\\\/\\\/slamdunkattorney.com\\\/#website\"},\"datePublished\":\"2024-09-12T18:19:59+00:00\",\"dateModified\":\"2026-04-10T19:00:22+00:00\",\"description\":\"Discover the Survivors Speak Scholarship for students, including eligibility criteria, application details, and submission guidelines.\",\"breadcrumb\":{\"@id\":\"https:\\\/\\\/slamdunkattorney.com\\\/scholarship\\\/#breadcrumb\"},\"inLanguage\":\"es\",\"potentialAction\":[{\"@type\":\"ReadAction\",\"target\":[\"https:\\\/\\\/slamdunkattorney.com\\\/scholarship\\\/\"]}]},{\"@type\":\"BreadcrumbList\",\"@id\":\"https:\\\/\\\/slamdunkattorney.com\\\/scholarship\\\/#breadcrumb\",\"itemListElement\":[{\"@type\":\"ListItem\",\"position\":1,\"name\":\"Home\",\"item\":\"https:\\\/\\\/slamdunkattorney.com\\\/\"},{\"@type\":\"ListItem\",\"position\":2,\"name\":\"Survivors Speak Scholarship: Catastrophic Injuries That Change Lives\"}]},{\"@type\":\"WebSite\",\"@id\":\"https:\\\/\\\/slamdunkattorney.com\\\/#website\",\"url\":\"https:\\\/\\\/slamdunkattorney.com\\\/\",\"name\":\"Slam Dunk Attorney | Injury Lawyers\",\"description\":\"Duluth Personal Injury Lawyers\",\"publisher\":{\"@id\":\"https:\\\/\\\/slamdunkattorney.com\\\/#organization\"},\"alternateName\":\"Slam Dunk Attorney\",\"inLanguage\":\"es\"},{\"@type\":\"Organization\",\"@id\":\"https:\\\/\\\/slamdunkattorney.com\\\/#organization\",\"name\":\"Slam Dunk Attorney\",\"alternateName\":\"Slam Dunk\",\"url\":\"https:\\\/\\\/slamdunkattorney.com\\\/\",\"logo\":{\"@type\":\"ImageObject\",\"inLanguage\":\"es\",\"@id\":\"https:\\\/\\\/slamdunkattorney.com\\\/#\\\/schema\\\/logo\\\/image\\\/\",\"url\":\"https:\\\/\\\/slamdunkattorney.com\\\/wp-content\\\/uploads\\\/2023\\\/05\\\/cropped-Logo.png\",\"contentUrl\":\"https:\\\/\\\/slamdunkattorney.com\\\/wp-content\\\/uploads\\\/2023\\\/05\\\/cropped-Logo.png\",\"width\":1080,\"height\":240,\"caption\":\"Slam Dunk Attorney\"},\"image\":{\"@id\":\"https:\\\/\\\/slamdunkattorney.com\\\/#\\\/schema\\\/logo\\\/image\\\/\"},\"sameAs\":[\"https:\\\/\\\/www.facebook.com\\\/slamdunkattorneyinjurylawyers\\\/\",\"https:\\\/\\\/x.com\\\/slamdunkattorney\",\"https:\\\/\\\/www.instagram.com\\\/slamdunkattorney\\\/\",\"https:\\\/\\\/www.youtube.com\\\/channel\\\/UCSrOiC7vOjlCi3UgtIVGNtw\",\"https:\\\/\\\/www.linkedin.com\\\/company\\\/slamdunkattorneyinjurylawyers\"]}]}<\/script>\n<!-- \/ Yoast SEO plugin. -->","yoast_head_json":{"title":"Beca \u00abSurvivors Speak\u00bb: lesiones catastr\u00f3ficas que cambian vidas","description":"Discover the Survivors Speak Scholarship for students, including eligibility criteria, application details, and submission guidelines.","robots":{"index":"index","follow":"follow","max-snippet":"max-snippet:-1","max-image-preview":"max-image-preview:large","max-video-preview":"max-video-preview:-1"},"canonical":"https:\/\/slamdunkattorney.com\/es\/scholarship\/","og_locale":"es_MX","og_type":"article","og_title":"Survivors Speak Scholarship: Catastrophic Injuries That Change Lives","og_description":"Discover the Survivors Speak Scholarship for students, including eligibility criteria, application details, and submission guidelines.","og_url":"https:\/\/slamdunkattorney.com\/es\/scholarship\/","og_site_name":"Slam Dunk Attorney | Injury Lawyers","article_publisher":"https:\/\/www.facebook.com\/slamdunkattorneyinjurylawyers\/","article_modified_time":"2026-04-10T19:00:22+00:00","og_image":[{"width":1080,"height":240,"url":"https:\/\/slamdunkattorney.com\/wp-content\/uploads\/2023\/05\/cropped-Logo.png","type":"image\/png"}],"twitter_card":"summary_large_image","twitter_site":"@slamdunkattorney","twitter_misc":{"Est. reading time":"7 minutos"},"schema":{"@context":"https:\/\/schema.org","@graph":[{"@type":"WebPage","@id":"https:\/\/slamdunkattorney.com\/scholarship\/","url":"https:\/\/slamdunkattorney.com\/scholarship\/","name":"Beca \u00abSurvivors Speak\u00bb: lesiones catastr\u00f3ficas que cambian vidas","isPartOf":{"@id":"https:\/\/slamdunkattorney.com\/#website"},"datePublished":"2024-09-12T18:19:59+00:00","dateModified":"2026-04-10T19:00:22+00:00","description":"Discover the Survivors Speak Scholarship for students, including eligibility criteria, application details, and submission guidelines.","breadcrumb":{"@id":"https:\/\/slamdunkattorney.com\/scholarship\/#breadcrumb"},"inLanguage":"es","potentialAction":[{"@type":"ReadAction","target":["https:\/\/slamdunkattorney.com\/scholarship\/"]}]},{"@type":"BreadcrumbList","@id":"https:\/\/slamdunkattorney.com\/scholarship\/#breadcrumb","itemListElement":[{"@type":"ListItem","position":1,"name":"Home","item":"https:\/\/slamdunkattorney.com\/"},{"@type":"ListItem","position":2,"name":"Survivors Speak Scholarship: Catastrophic Injuries That Change Lives"}]},{"@type":"WebSite","@id":"https:\/\/slamdunkattorney.com\/#website","url":"https:\/\/slamdunkattorney.com\/","name":"Abogado experto en lesiones | Abogados especializados en lesiones","description":"Abogados de lesiones personales en Duluth","publisher":{"@id":"https:\/\/slamdunkattorney.com\/#organization"},"alternateName":"Slam Dunk Attorney","inLanguage":"es"},{"@type":"Organization","@id":"https:\/\/slamdunkattorney.com\/#organization","name":"Abogado Slam Dunk","alternateName":"Slam Dunk","url":"https:\/\/slamdunkattorney.com\/","logo":{"@type":"ImageObject","inLanguage":"es","@id":"https:\/\/slamdunkattorney.com\/#\/schema\/logo\/image\/","url":"https:\/\/slamdunkattorney.com\/wp-content\/uploads\/2023\/05\/cropped-Logo.png","contentUrl":"https:\/\/slamdunkattorney.com\/wp-content\/uploads\/2023\/05\/cropped-Logo.png","width":1080,"height":240,"caption":"Slam Dunk Attorney"},"image":{"@id":"https:\/\/slamdunkattorney.com\/#\/schema\/logo\/image\/"},"sameAs":["https:\/\/www.facebook.com\/slamdunkattorneyinjurylawyers\/","https:\/\/x.com\/slamdunkattorney","https:\/\/www.instagram.com\/slamdunkattorney\/","https:\/\/www.youtube.com\/channel\/UCSrOiC7vOjlCi3UgtIVGNtw","https:\/\/www.linkedin.com\/company\/slamdunkattorneyinjurylawyers"]}]}},"yoast_meta":{"yoast_wpseo_title":"","yoast_wpseo_metadesc":"","yoast_wpseo_canonical":"https:\/\/slamdunkattorney.com\/es\/wp-json\/wp\/v2\/pages\/6494"},"_links":{"self":[{"href":"https:\/\/slamdunkattorney.com\/es\/wp-json\/wp\/v2\/pages\/6494","targetHints":{"allow":["GET"]}}],"collection":[{"href":"https:\/\/slamdunkattorney.com\/es\/wp-json\/wp\/v2\/pages"}],"about":[{"href":"https:\/\/slamdunkattorney.com\/es\/wp-json\/wp\/v2\/types\/page"}],"author":[{"embeddable":true,"href":"https:\/\/slamdunkattorney.com\/es\/wp-json\/wp\/v2\/users\/2"}],"replies":[{"embeddable":true,"href":"https:\/\/slamdunkattorney.com\/es\/wp-json\/wp\/v2\/comments?post=6494"}],"version-history":[{"count":0,"href":"https:\/\/slamdunkattorney.com\/es\/wp-json\/wp\/v2\/pages\/6494\/revisions"}],"wp:attachment":[{"href":"https:\/\/slamdunkattorney.com\/es\/wp-json\/wp\/v2\/media?parent=6494"}],"wp:term":[{"taxonomy":"extra-categories","embeddable":true,"href":"https:\/\/slamdunkattorney.com\/es\/wp-json\/wp\/v2\/extra-categories?post=6494"},{"taxonomy":"hc_faqs","embeddable":true,"href":"https:\/\/slamdunkattorney.com\/es\/wp-json\/wp\/v2\/hc_faqs?post=6494"}],"curies":[{"name":"wp","href":"https:\/\/api.w.org\/{rel}","templated":true}]}}