{"id":6450,"date":"2024-09-05T11:57:43","date_gmt":"2024-09-05T11:57:43","guid":{"rendered":"https:\/\/slamdunk.wpenginepowered.com\/?page_id=6450"},"modified":"2025-05-16T22:58:33","modified_gmt":"2025-05-16T22:58:33","slug":"who-is-liable-in-a-commercial-truck-accident","status":"publish","type":"page","link":"https:\/\/slamdunkattorney.com\/es\/faqs\/who-is-liable-in-a-commercial-truck-accident\/","title":{"rendered":"\u00bfQui\u00e9n es responsable en un accidente con un cami\u00f3n comercial?"},"content":{"rendered":"<p><span style=\"font-weight: 400;\">Los accidentes de camiones comerciales pueden ser un complicado enredo de reclamaciones de seguros, partes responsables y acciones legales. Puede resultar dif\u00edcil y confuso obtener la indemnizaci\u00f3n que necesita para cubrir sus lesiones despu\u00e9s de un accidente de cami\u00f3n cuando varias partes podr\u00edan ser responsables de la causa del accidente. Contratar a un <\/span><a href=\"https:\/\/slamdunkattorney.com\/es\/duluth\/truck-accident-lawyer\/\"><span style=\"font-weight: 400;\">Abogado especializado en accidentes de camiones en Duluth<\/span><\/a><span style=\"font-weight: 400;\"> es tu mejor oportunidad para determinar <\/span><b>\u00bfQui\u00e9n es responsable de un accidente de cami\u00f3n comercial? <\/b><span style=\"font-weight: 400;\">y recuperar sus p\u00e9rdidas.\u00a0<\/span><\/p>\n<p><span style=\"font-weight: 400;\">En Slam Dunk Attorney, nuestro <\/span><a href=\"https:\/\/slamdunkattorney.com\/es\/\"><span style=\"font-weight: 400;\">Abogados especializados en lesiones personales en Duluth<\/span><\/a><span style=\"font-weight: 400;\"> le proporcionamos el mejor asesoramiento legal y las estrategias necesarias para ganar su caso. Aplicamos nuestros valores de comunicaci\u00f3n, integridad y confianza en cada interacci\u00f3n que tenemos con nuestros clientes para ofrecerles el mejor servicio posible para su situaci\u00f3n. Cuando necesite ayuda para afrontar las consecuencias de <\/span><b>un accidente de cami\u00f3n comercial<\/b><span style=\"font-weight: 400;\">, nuestro equipo estar\u00e1 a su disposici\u00f3n de principio a fin.\u00a0<\/span><\/p>\n<h2><span style=\"font-weight: 400;\">Causas comunes de los accidentes de camiones comerciales y qu\u00e9 hacer despu\u00e9s<\/span><\/h2>\n<p><span style=\"font-weight: 400;\">Los accidentes de camiones comerciales pueden causar da\u00f1os importantes cuando se produce una colisi\u00f3n, ya que su tama\u00f1o y peso son mucho mayores que los de otros veh\u00edculos en la carretera. Las causas de los accidentes con <\/span><a href=\"https:\/\/www.iihs.org\/topics\/large-trucks\" target=\"_blank\" rel=\"noopener\"><span style=\"font-weight: 400;\">camiones grandes<\/span><\/a><span style=\"font-weight: 400;\"> suelen ser consecuencia de problemas en los frenos y un tiempo de frenado m\u00ednimo o del cansancio por acumular demasiadas horas de conducci\u00f3n. Adem\u00e1s, un cami\u00f3n sobrecargado o con un equipo defectuoso puede tener efectos devastadores cuando provoca un accidente.\u00a0<\/span><\/p>\n<p><span style=\"font-weight: 400;\">Los accidentes de camiones pueden ser traum\u00e1ticos y complicados, y saber <\/span><a href=\"https:\/\/slamdunkattorney.com\/es\/faqs\/what-to-expect-when-you-are-in-a-trucking-accident-and-what-to-do-about-it\/\"><span style=\"font-weight: 400;\">Qu\u00e9 esperar en un accidente de cami\u00f3n<\/span><\/a><span style=\"font-weight: 400;\"> puede ayudarle a reducir parte del estr\u00e9s que puede estar sintiendo durante este momento dif\u00edcil. Recibir atenci\u00f3n m\u00e9dica y presentar una denuncia policial son dos medidas que siempre debe tomar despu\u00e9s de un accidente con un cami\u00f3n comercial. A continuaci\u00f3n, debe presentar una reclamaci\u00f3n al seguro de la empresa propietaria del cami\u00f3n e informar a su propia compa\u00f1\u00eda de seguros.\u00a0<\/span><\/p>\n<p><span style=\"font-weight: 400;\">Cuando se producen accidentes de camiones, el empleador suele ser responsable de los da\u00f1os si el conductor se encontraba dentro del \u00e1mbito de sus actividades laborales. Sin embargo, a menudo existe cobertura de seguro para el cami\u00f3n, los remolques y cualquier p\u00f3liza complementaria aplicable, y a\u00fan as\u00ed debe demostrarse la culpa del conductor.<\/span><\/p>\n<p><span style=\"font-weight: 400;\">Para determinar qu\u00e9 seguro cubrir\u00e1 sus da\u00f1os, hable con su abogado para aclarar qu\u00e9 medidas debe tomar y a qui\u00e9n presentar la reclamaci\u00f3n.<\/span><\/p>\n\n<div class=\"cta-container row align-items-center\">\n    <div class=\"col-md-7\">\n        <p class=\"cta-text rs-content-cta\">Orgullosos de servir a Duluth y a todo Georgia <span>\u00a1Cont\u00e1ctenos para comenzar su recuperaci\u00f3n!<\/span> <a href=\"https:\/\/slamdunkattorney.com\/es\/\">Explore nuestras \u00e1reas de pr\u00e1ctica<\/a><\/p>\n    <\/div>\n    <div class=\"col-md-5\">\n        <img decoding=\"async\" src=\"https:\/\/slamdunkattorney.com\/wp-content\/themes\/slam-dunk-rebuild\/assets\/app\/img\/map-cta.jpg\" alt=\"Legal Consultation\" class=\"img-fluid\"\/>\n    <\/div>\n<\/div><h2><span style=\"font-weight: 400;\">\u00bfQui\u00e9n puede ser considerado responsable de un accidente de cami\u00f3n comercial?<\/span><\/h2>\n<p><span style=\"font-weight: 400;\">Hay varias partes que pueden ser consideradas responsables cuando se producen accidentes de camiones, lo que complica la cuesti\u00f3n de la responsabilidad y la indemnizaci\u00f3n.<\/span><\/p>\n<p><span style=\"font-weight: 400;\">El <\/span><a href=\"https:\/\/www.ecfr.gov\/current\/title-49\/subtitle-B\/chapter-III\/subchapter-B\/part-392\" target=\"_blank\" rel=\"noopener\"><span style=\"font-weight: 400;\">C\u00f3digo de Regulaciones Federales, Parte 392: Conducci\u00f3n de veh\u00edculos motorizados comerciales.<\/span><\/a><span style=\"font-weight: 400;\"> describe los requisitos que deben cumplir las distintas partes para garantizar la seguridad en las operaciones de transporte por carretera, cuya negligencia podr\u00eda hacerlas responsables en caso de accidente con un cami\u00f3n comercial. Entre estas personas o entidades se incluyen:<\/span><\/p>\n<ul>\n<li style=\"font-weight: 400;\" aria-level=\"1\"><span style=\"font-weight: 400;\">El conductor<\/span><\/li>\n<li style=\"font-weight: 400;\" aria-level=\"1\"><span style=\"font-weight: 400;\">La empresa de camiones<\/span><\/li>\n<li style=\"font-weight: 400;\" aria-level=\"1\"><span style=\"font-weight: 400;\">Fabricantes de equipos<\/span><\/li>\n<li style=\"font-weight: 400;\" aria-level=\"1\"><span style=\"font-weight: 400;\">T\u00e9cnicos de mec\u00e1nica y mantenimiento<\/span><\/li>\n<li style=\"font-weight: 400;\" aria-level=\"1\"><span style=\"font-weight: 400;\">Cargadores de carga<\/span><\/li>\n<\/ul>\n<p><span style=\"font-weight: 400;\">Debido a los numerosos niveles que intervienen en el transporte comercial por carretera, las autoridades policiales y su abogado pueden investigar qui\u00e9n fue el causante del accidente. Una vez identificada la parte culpable, su abogado puede proceder a relacionar a la persona o entidad con el accidente y sus p\u00e9rdidas. Tambi\u00e9n trabajar\u00e1 diligentemente para resolver o litigar su reclamaci\u00f3n seg\u00fan corresponda.\u00a0<\/span><\/p>\n<h2><span style=\"font-weight: 400;\">Determinaci\u00f3n de negligencia en un accidente de cami\u00f3n comercial en Georgia<\/span><\/h2>\n<p><span style=\"font-weight: 400;\">Debido a la naturaleza complicada de las reclamaciones por accidentes de camiones comerciales, es importante determinar qui\u00e9n tuvo la culpa y, por lo tanto, qu\u00e9 seguro es responsable de pagar los da\u00f1os. Tambi\u00e9n es importante determinar qu\u00e9 acciones negligentes o imprudentes se produjeron cuando ocurri\u00f3 el accidente. La distinci\u00f3n entre <\/span><a href=\"https:\/\/slamdunkattorney.com\/es\/blog\/negligent-driving-vs-reckless-driving\/\"><span style=\"font-weight: 400;\">conducci\u00f3n negligente frente a conducci\u00f3n imprudente<\/span><\/a><span style=\"font-weight: 400;\"> es importante y puede marcar la diferencia en cuanto a los niveles de responsabilidad y sanciones.\u00a0<\/span><\/p>\n<p><span style=\"font-weight: 400;\">La conducci\u00f3n negligente se da cuando un conductor no ejerce un nivel razonable de cuidado y atenci\u00f3n hacia los dem\u00e1s conductores, mientras que la conducci\u00f3n imprudente es un desprecio intencionado hacia los dem\u00e1s conductores. Dado que la responsabilidad por el riesgo es mayor en el caso de la conducci\u00f3n imprudente, las consecuencias pueden incluir multas, penas de c\u00e1rcel y\/o la suspensi\u00f3n del permiso de conducir.<\/span><\/p>\n<p><span style=\"font-weight: 400;\">Las consecuencias por conducir de manera negligente suelen ser menores en comparaci\u00f3n e incluyen multas, puntos en el historial del conductor, asistencia a la escuela de tr\u00e1nsito y acciones civiles por da\u00f1os y perjuicios.<\/span><\/p>\n<p><span style=\"font-weight: 400;\">A la hora de evaluar qu\u00e9 partes tuvieron la culpa, se aplican las leyes modificadas de negligencia comparativa de Georgia, tal y como se describe en <\/span><span style=\"font-weight: 400;\">C\u00f3digo de Georgia \u00a751-12-33<\/span><span style=\"font-weight: 400;\">. La ley estatal establece que la parte infractora, o su seguro, es responsable de pagar las p\u00e9rdidas causadas por lesiones y da\u00f1os a la propiedad. Si se determina que la parte lesionada tuvo una culpa igual o superior al 50% en el accidente, entonces ya no podr\u00e1 obtener una indemnizaci\u00f3n.\u00a0<\/span><\/p>\n\n<div class=\"cta-container row align-items-center\">\n    <div class=\"col-md-7\">\n        <p class=\"cta-text rs-content-cta\"><a class=\"no-btn\" href=\"https:\/\/slamdunkattorney.com\/es\/contact-us\/\">Haga clic para contactar<\/a> nuestros abogados especializados en lesiones personales hoy mismo<\/p>\n    <\/div>\n    <div class=\"col-md-5\">\n        <img decoding=\"async\" src=\"https:\/\/slamdunkattorney.com\/wp-content\/themes\/slam-dunk-rebuild\/assets\/app\/img\/map-cta.jpg\" alt=\"Contact Us\" class=\"img-fluid\"\/>\n    <\/div>\n<\/div><h2><span style=\"font-weight: 400;\">C\u00f3mo un abogado especializado en accidentes de camiones puede ayudarle en su caso<\/span><\/h2>\n<p><span style=\"font-weight: 400;\">Cuando intentas determinar <\/span><b>\u00bfQui\u00e9n es responsable de un accidente de cami\u00f3n comercial?<\/b><span style=\"font-weight: 400;\">, puede ser beneficioso contar con un abogado con a\u00f1os de experiencia y conocimientos en estos asuntos. Ellos pueden maniobrar a trav\u00e9s de las diversas capas y estructuras de las operaciones de transporte comercial para encontrar a la parte adecuada contra la que presentar una demanda. Con esta informaci\u00f3n, su abogado puede demostrar que se cometi\u00f3 una negligencia.<\/span><\/p>\n<p><span style=\"font-weight: 400;\">Determinar la negligencia es un componente fundamental de cualquier demanda por da\u00f1os personales para obtener una indemnizaci\u00f3n, y su abogado basar\u00e1 su caso en este aspecto.<\/span><\/p>\n<p><span style=\"font-weight: 400;\">Demostrar\u00e1n que la parte infractora ten\u00eda la responsabilidad de actuar con la diligencia debida para evitar da\u00f1os y que no lo hizo, ya sea por acci\u00f3n u omisi\u00f3n. A continuaci\u00f3n, su abogado relacionar\u00e1 directamente sus acciones con las p\u00e9rdidas que usted ha sufrido.\u00a0<\/span><\/p>\n<p><span style=\"font-weight: 400;\">Con la ayuda de un abogado especializado en accidentes de camiones, puede obtener la indemnizaci\u00f3n que necesita para recuperar los da\u00f1os y seguir adelante. Un abogado puede resolver las complicaciones y ayudarle a que las partes responsables rindan cuentas. Tambi\u00e9n puede asegurarse de que su reclamaci\u00f3n se presente dentro del plazo de prescripci\u00f3n de dos a\u00f1os de Georgia.\u00a0<\/span><\/p>\n\n<div class=\"cta-container map-bg row align-items-center flex-md-row-reverse\">\n    <div class=\"col-md-6\">\n        <p class=\"cta-text rs-content-cta\">Completa un <a href=\"https:\/\/slamdunkattorney.com\/es\/contact-us\/\">Formulario de evaluaci\u00f3n gratuita de su caso<\/a> ahora<\/p>\n    <\/div>\n    <div class=\"col-md-6 col-bg\">\n    <\/div>\n<\/div><h2><span style=\"font-weight: 400;\">La representaci\u00f3n te ofrece la mejor oportunidad<\/span><\/h2>\n<p><span style=\"font-weight: 400;\">Los abogados especializados en accidentes de camiones entienden que lidiar con todas las regulaciones y seguros relacionados con un accidente de cami\u00f3n comercial puede ser un dolor de cabeza para usted.<\/span><\/p>\n<p><span style=\"font-weight: 400;\">En Slam Dunk Attorney, nuestro equipo ha manejado miles de casos y conoce las mejores formas de conseguirle la m\u00e1xima indemnizaci\u00f3n por su reclamaci\u00f3n. P\u00f3ngase en contacto con nuestro equipo hoy mismo para una consulta gratuita y vea c\u00f3mo podemos conseguir un slam dunk para su caso.<\/span><\/p>\n\n<div class=\"cta-container row align-items-center\">\n    <div class=\"col-md-7\">\n        <p class=\"cta-text rs-content-cta\">Llame o env\u00ede un mensaje de texto <a class=\"no-btn\" href=\"tel:+14049513513\">404-951-3513<\/a> o completar un <a href=\"https:\/\/slamdunkattorney.com\/es\/contact-us\/\">Formulario de evaluaci\u00f3n gratuita de su caso<\/a><\/p>\n    <\/div>\n    <div class=\"col-md-5\">\n        <img decoding=\"async\" src=\"https:\/\/slamdunkattorney.com\/wp-content\/themes\/slam-dunk-rebuild\/assets\/app\/img\/map-cta.jpg\" alt=\"Call or Text\" class=\"img-fluid\"\/>\n    <\/div>\n<\/div>","protected":false},"excerpt":{"rendered":"<p>Commercial truck accidents can be a complicated tangle of insurance claims, liable parties, and legal action. It can be difficult and confusing to get the compensation you need to cover your injuries after a truck accident when various parties could be liable for the accident\u2019s cause. Hiring a Duluth truck accident lawyer is your best &#8230;<\/p>","protected":false},"author":2,"featured_media":6451,"parent":5902,"menu_order":0,"comment_status":"closed","ping_status":"closed","template":"","meta":{"_acf_changed":false,"_genesis_hide_title":false,"_genesis_hide_breadcrumbs":false,"_genesis_hide_singular_image":false,"_genesis_hide_footer_widgets":false,"_genesis_custom_body_class":"","_genesis_custom_post_class":"","_genesis_layout":"","ngg_post_thumbnail":0,"footnotes":""},"extra-categories":[],"hc_faqs":[55],"class_list":{"0":"post-6450","1":"page","2":"type-page","3":"status-publish","4":"has-post-thumbnail","6":"hc_faqs-truck-accident","7":"entry"},"acf":[],"yoast_head":"<!-- This site is optimized with the Yoast SEO plugin v27.5 - https:\/\/yoast.com\/product\/yoast-seo-wordpress\/ -->\n<title>Proving Who is Liable in a Commercial Truck Accident<\/title>\n<meta name=\"description\" content=\"The best way to prove who is liable in a commercial truck accident is with the help of a lawyer experienced in these types of cases.\" \/>\n<meta name=\"robots\" content=\"index, follow, max-snippet:-1, max-image-preview:large, max-video-preview:-1\" \/>\n<link rel=\"canonical\" href=\"https:\/\/slamdunkattorney.com\/es\/faqs\/who-is-liable-in-a-commercial-truck-accident\/\" \/>\n<meta property=\"og:locale\" content=\"es_MX\" \/>\n<meta property=\"og:type\" content=\"article\" \/>\n<meta property=\"og:title\" content=\"Proving Who is Liable in a Commercial Truck Accident\" \/>\n<meta property=\"og:description\" content=\"The best way to prove who is liable in a commercial truck accident is with the help of a lawyer experienced in these types of cases.\" \/>\n<meta property=\"og:url\" content=\"https:\/\/slamdunkattorney.com\/es\/faqs\/who-is-liable-in-a-commercial-truck-accident\/\" \/>\n<meta property=\"og:site_name\" content=\"Slam Dunk Attorney | Injury Lawyers\" \/>\n<meta property=\"article:publisher\" content=\"https:\/\/www.facebook.com\/slamdunkattorneyinjurylawyers\/\" \/>\n<meta property=\"article:modified_time\" content=\"2025-05-16T22:58:33+00:00\" \/>\n<meta property=\"og:image\" content=\"https:\/\/slamdunkattorney.com\/wp-content\/uploads\/2024\/09\/black-big-rig-on-the-highway.jpg\" \/>\n\t<meta property=\"og:image:width\" content=\"1000\" \/>\n\t<meta property=\"og:image:height\" content=\"673\" \/>\n\t<meta property=\"og:image:type\" content=\"image\/jpeg\" \/>\n<meta name=\"twitter:card\" content=\"summary_large_image\" \/>\n<meta name=\"twitter:site\" content=\"@slamdunkattorney\" \/>\n<meta name=\"twitter:label1\" content=\"Est. reading time\" \/>\n\t<meta name=\"twitter:data1\" content=\"5 minutos\" \/>\n<script type=\"application\/ld+json\" class=\"yoast-schema-graph\">{\"@context\":\"https:\\\/\\\/schema.org\",\"@graph\":[{\"@type\":\"WebPage\",\"@id\":\"https:\\\/\\\/slamdunkattorney.com\\\/faqs\\\/who-is-liable-in-a-commercial-truck-accident\\\/\",\"url\":\"https:\\\/\\\/slamdunkattorney.com\\\/faqs\\\/who-is-liable-in-a-commercial-truck-accident\\\/\",\"name\":\"Proving Who is Liable in a Commercial Truck Accident\",\"isPartOf\":{\"@id\":\"https:\\\/\\\/slamdunkattorney.com\\\/#website\"},\"primaryImageOfPage\":{\"@id\":\"https:\\\/\\\/slamdunkattorney.com\\\/faqs\\\/who-is-liable-in-a-commercial-truck-accident\\\/#primaryimage\"},\"image\":{\"@id\":\"https:\\\/\\\/slamdunkattorney.com\\\/faqs\\\/who-is-liable-in-a-commercial-truck-accident\\\/#primaryimage\"},\"thumbnailUrl\":\"https:\\\/\\\/slamdunkattorney.com\\\/wp-content\\\/uploads\\\/2024\\\/09\\\/black-big-rig-on-the-highway.jpg\",\"datePublished\":\"2024-09-05T11:57:43+00:00\",\"dateModified\":\"2025-05-16T22:58:33+00:00\",\"description\":\"The best way to prove who is liable in a commercial truck accident is with the help of a lawyer experienced in these types of cases.\",\"breadcrumb\":{\"@id\":\"https:\\\/\\\/slamdunkattorney.com\\\/faqs\\\/who-is-liable-in-a-commercial-truck-accident\\\/#breadcrumb\"},\"inLanguage\":\"es\",\"potentialAction\":[{\"@type\":\"ReadAction\",\"target\":[\"https:\\\/\\\/slamdunkattorney.com\\\/faqs\\\/who-is-liable-in-a-commercial-truck-accident\\\/\"]}]},{\"@type\":\"ImageObject\",\"inLanguage\":\"es\",\"@id\":\"https:\\\/\\\/slamdunkattorney.com\\\/faqs\\\/who-is-liable-in-a-commercial-truck-accident\\\/#primaryimage\",\"url\":\"https:\\\/\\\/slamdunkattorney.com\\\/wp-content\\\/uploads\\\/2024\\\/09\\\/black-big-rig-on-the-highway.jpg\",\"contentUrl\":\"https:\\\/\\\/slamdunkattorney.com\\\/wp-content\\\/uploads\\\/2024\\\/09\\\/black-big-rig-on-the-highway.jpg\",\"width\":1000,\"height\":673,\"caption\":\"black big rig on the highway\"},{\"@type\":\"BreadcrumbList\",\"@id\":\"https:\\\/\\\/slamdunkattorney.com\\\/faqs\\\/who-is-liable-in-a-commercial-truck-accident\\\/#breadcrumb\",\"itemListElement\":[{\"@type\":\"ListItem\",\"position\":1,\"name\":\"Home\",\"item\":\"https:\\\/\\\/slamdunkattorney.com\\\/\"},{\"@type\":\"ListItem\",\"position\":2,\"name\":\"FAQs\",\"item\":\"https:\\\/\\\/slamdunkattorney.com\\\/faqs\\\/\"},{\"@type\":\"ListItem\",\"position\":3,\"name\":\"Who Is Liable in a Commercial Truck Accident?\"}]},{\"@type\":\"WebSite\",\"@id\":\"https:\\\/\\\/slamdunkattorney.com\\\/#website\",\"url\":\"https:\\\/\\\/slamdunkattorney.com\\\/\",\"name\":\"Slam Dunk Attorney | Injury Lawyers\",\"description\":\"Duluth Personal Injury Lawyers\",\"publisher\":{\"@id\":\"https:\\\/\\\/slamdunkattorney.com\\\/#organization\"},\"alternateName\":\"Slam Dunk Attorney\",\"inLanguage\":\"es\"},{\"@type\":\"Organization\",\"@id\":\"https:\\\/\\\/slamdunkattorney.com\\\/#organization\",\"name\":\"Slam Dunk Attorney\",\"alternateName\":\"Slam Dunk\",\"url\":\"https:\\\/\\\/slamdunkattorney.com\\\/\",\"logo\":{\"@type\":\"ImageObject\",\"inLanguage\":\"es\",\"@id\":\"https:\\\/\\\/slamdunkattorney.com\\\/#\\\/schema\\\/logo\\\/image\\\/\",\"url\":\"https:\\\/\\\/slamdunkattorney.com\\\/wp-content\\\/uploads\\\/2023\\\/05\\\/cropped-Logo.png\",\"contentUrl\":\"https:\\\/\\\/slamdunkattorney.com\\\/wp-content\\\/uploads\\\/2023\\\/05\\\/cropped-Logo.png\",\"width\":1080,\"height\":240,\"caption\":\"Slam Dunk Attorney\"},\"image\":{\"@id\":\"https:\\\/\\\/slamdunkattorney.com\\\/#\\\/schema\\\/logo\\\/image\\\/\"},\"sameAs\":[\"https:\\\/\\\/www.facebook.com\\\/slamdunkattorneyinjurylawyers\\\/\",\"https:\\\/\\\/x.com\\\/slamdunkattorney\",\"https:\\\/\\\/www.instagram.com\\\/slamdunkattorney\\\/\",\"https:\\\/\\\/www.youtube.com\\\/channel\\\/UCSrOiC7vOjlCi3UgtIVGNtw\",\"https:\\\/\\\/www.linkedin.com\\\/company\\\/slamdunkattorneyinjurylawyers\"]}]}<\/script>\n<!-- \/ Yoast SEO plugin. -->","yoast_head_json":{"title":"Proving Who is Liable in a Commercial Truck Accident","description":"The best way to prove who is liable in a commercial truck accident is with the help of a lawyer experienced in these types of cases.","robots":{"index":"index","follow":"follow","max-snippet":"max-snippet:-1","max-image-preview":"max-image-preview:large","max-video-preview":"max-video-preview:-1"},"canonical":"https:\/\/slamdunkattorney.com\/es\/faqs\/who-is-liable-in-a-commercial-truck-accident\/","og_locale":"es_MX","og_type":"article","og_title":"Proving Who is Liable in a Commercial Truck Accident","og_description":"The best way to prove who is liable in a commercial truck accident is with the help of a lawyer experienced in these types of cases.","og_url":"https:\/\/slamdunkattorney.com\/es\/faqs\/who-is-liable-in-a-commercial-truck-accident\/","og_site_name":"Slam Dunk Attorney | Injury Lawyers","article_publisher":"https:\/\/www.facebook.com\/slamdunkattorneyinjurylawyers\/","article_modified_time":"2025-05-16T22:58:33+00:00","og_image":[{"width":1000,"height":673,"url":"https:\/\/slamdunkattorney.com\/wp-content\/uploads\/2024\/09\/black-big-rig-on-the-highway.jpg","type":"image\/jpeg"}],"twitter_card":"summary_large_image","twitter_site":"@slamdunkattorney","twitter_misc":{"Est. reading time":"5 minutos"},"schema":{"@context":"https:\/\/schema.org","@graph":[{"@type":"WebPage","@id":"https:\/\/slamdunkattorney.com\/faqs\/who-is-liable-in-a-commercial-truck-accident\/","url":"https:\/\/slamdunkattorney.com\/faqs\/who-is-liable-in-a-commercial-truck-accident\/","name":"Proving Who is Liable in a Commercial Truck Accident","isPartOf":{"@id":"https:\/\/slamdunkattorney.com\/#website"},"primaryImageOfPage":{"@id":"https:\/\/slamdunkattorney.com\/faqs\/who-is-liable-in-a-commercial-truck-accident\/#primaryimage"},"image":{"@id":"https:\/\/slamdunkattorney.com\/faqs\/who-is-liable-in-a-commercial-truck-accident\/#primaryimage"},"thumbnailUrl":"https:\/\/slamdunkattorney.com\/wp-content\/uploads\/2024\/09\/black-big-rig-on-the-highway.jpg","datePublished":"2024-09-05T11:57:43+00:00","dateModified":"2025-05-16T22:58:33+00:00","description":"The best way to prove who is liable in a commercial truck accident is with the help of a lawyer experienced in these types of cases.","breadcrumb":{"@id":"https:\/\/slamdunkattorney.com\/faqs\/who-is-liable-in-a-commercial-truck-accident\/#breadcrumb"},"inLanguage":"es","potentialAction":[{"@type":"ReadAction","target":["https:\/\/slamdunkattorney.com\/faqs\/who-is-liable-in-a-commercial-truck-accident\/"]}]},{"@type":"ImageObject","inLanguage":"es","@id":"https:\/\/slamdunkattorney.com\/faqs\/who-is-liable-in-a-commercial-truck-accident\/#primaryimage","url":"https:\/\/slamdunkattorney.com\/wp-content\/uploads\/2024\/09\/black-big-rig-on-the-highway.jpg","contentUrl":"https:\/\/slamdunkattorney.com\/wp-content\/uploads\/2024\/09\/black-big-rig-on-the-highway.jpg","width":1000,"height":673,"caption":"black big rig on the highway"},{"@type":"BreadcrumbList","@id":"https:\/\/slamdunkattorney.com\/faqs\/who-is-liable-in-a-commercial-truck-accident\/#breadcrumb","itemListElement":[{"@type":"ListItem","position":1,"name":"Home","item":"https:\/\/slamdunkattorney.com\/"},{"@type":"ListItem","position":2,"name":"FAQs","item":"https:\/\/slamdunkattorney.com\/faqs\/"},{"@type":"ListItem","position":3,"name":"Who Is Liable in a Commercial Truck Accident?"}]},{"@type":"WebSite","@id":"https:\/\/slamdunkattorney.com\/#website","url":"https:\/\/slamdunkattorney.com\/","name":"Abogado experto en lesiones | Abogados especializados en lesiones","description":"Abogados de lesiones personales en Duluth","publisher":{"@id":"https:\/\/slamdunkattorney.com\/#organization"},"alternateName":"Slam Dunk Attorney","inLanguage":"es"},{"@type":"Organization","@id":"https:\/\/slamdunkattorney.com\/#organization","name":"Abogado Slam Dunk","alternateName":"Slam Dunk","url":"https:\/\/slamdunkattorney.com\/","logo":{"@type":"ImageObject","inLanguage":"es","@id":"https:\/\/slamdunkattorney.com\/#\/schema\/logo\/image\/","url":"https:\/\/slamdunkattorney.com\/wp-content\/uploads\/2023\/05\/cropped-Logo.png","contentUrl":"https:\/\/slamdunkattorney.com\/wp-content\/uploads\/2023\/05\/cropped-Logo.png","width":1080,"height":240,"caption":"Slam Dunk Attorney"},"image":{"@id":"https:\/\/slamdunkattorney.com\/#\/schema\/logo\/image\/"},"sameAs":["https:\/\/www.facebook.com\/slamdunkattorneyinjurylawyers\/","https:\/\/x.com\/slamdunkattorney","https:\/\/www.instagram.com\/slamdunkattorney\/","https:\/\/www.youtube.com\/channel\/UCSrOiC7vOjlCi3UgtIVGNtw","https:\/\/www.linkedin.com\/company\/slamdunkattorneyinjurylawyers"]}]}},"yoast_meta":{"yoast_wpseo_title":"","yoast_wpseo_metadesc":"","yoast_wpseo_canonical":"https:\/\/slamdunkattorney.com\/es\/wp-json\/wp\/v2\/pages\/6450"},"_links":{"self":[{"href":"https:\/\/slamdunkattorney.com\/es\/wp-json\/wp\/v2\/pages\/6450","targetHints":{"allow":["GET"]}}],"collection":[{"href":"https:\/\/slamdunkattorney.com\/es\/wp-json\/wp\/v2\/pages"}],"about":[{"href":"https:\/\/slamdunkattorney.com\/es\/wp-json\/wp\/v2\/types\/page"}],"author":[{"embeddable":true,"href":"https:\/\/slamdunkattorney.com\/es\/wp-json\/wp\/v2\/users\/2"}],"replies":[{"embeddable":true,"href":"https:\/\/slamdunkattorney.com\/es\/wp-json\/wp\/v2\/comments?post=6450"}],"version-history":[{"count":0,"href":"https:\/\/slamdunkattorney.com\/es\/wp-json\/wp\/v2\/pages\/6450\/revisions"}],"up":[{"embeddable":true,"href":"https:\/\/slamdunkattorney.com\/es\/wp-json\/wp\/v2\/pages\/5902"}],"wp:featuredmedia":[{"embeddable":true,"href":"https:\/\/slamdunkattorney.com\/es\/wp-json\/wp\/v2\/media\/6451"}],"wp:attachment":[{"href":"https:\/\/slamdunkattorney.com\/es\/wp-json\/wp\/v2\/media?parent=6450"}],"wp:term":[{"taxonomy":"extra-categories","embeddable":true,"href":"https:\/\/slamdunkattorney.com\/es\/wp-json\/wp\/v2\/extra-categories?post=6450"},{"taxonomy":"hc_faqs","embeddable":true,"href":"https:\/\/slamdunkattorney.com\/es\/wp-json\/wp\/v2\/hc_faqs?post=6450"}],"curies":[{"name":"wp","href":"https:\/\/api.w.org\/{rel}","templated":true}]}}