{"id":6447,"date":"2024-09-05T11:49:57","date_gmt":"2024-09-05T11:49:57","guid":{"rendered":"https:\/\/slamdunk.wpenginepowered.com\/?page_id=6447"},"modified":"2025-05-16T22:58:40","modified_gmt":"2025-05-16T22:58:40","slug":"is-georgia-a-no-fault-state","status":"publish","type":"page","link":"https:\/\/slamdunkattorney.com\/es\/faqs\/is-georgia-a-no-fault-state\/","title":{"rendered":"\u00bfEs Georgia un estado sin culpa?"},"content":{"rendered":"<p><span style=\"font-weight: 400;\">La indemnizaci\u00f3n es una cuesti\u00f3n importante para cualquier persona que haya sufrido un accidente. Cuando se han sufrido lesiones o da\u00f1os materiales y se desea presentar una reclamaci\u00f3n, es necesario saber qu\u00e9 seguro pagar\u00e1 las p\u00e9rdidas. Dado que Georgia no es un estado de responsabilidad civil, <\/span><b>no<\/b>\u2013<b>estado de falla<\/b><span style=\"font-weight: 400;\">, la parte que caus\u00f3 el accidente est\u00e1 obligada a pagar los da\u00f1os y perjuicios ocasionados en el mismo.\u00a0<\/span><\/p>\n<p><span style=\"font-weight: 400;\">En Slam Dunk Attorney, le proporcionamos respuestas y asesoramiento legal sobre c\u00f3mo presentar una reclamaci\u00f3n en virtud de las leyes de culpa de Georgia. Cuando contrata a un <\/span><a href=\"https:\/\/slamdunkattorney.com\/es\/duluth\/car-accident-lawyer\/\"><span style=\"font-weight: 400;\">Abogado especializado en accidentes automovil\u00edsticos en Duluth<\/span><\/a><span style=\"font-weight: 400;\">, revisar\u00e1n su caso de manera espec\u00edfica, intencionada y deliberada, y le representar\u00e1n para asegurarse de que obtenga la indemnizaci\u00f3n que necesita por su reclamaci\u00f3n.\u00a0<\/span><\/p>\n<h2><span style=\"font-weight: 400;\">\u00bfQu\u00e9 puede hacer por usted un abogado especializado en lesiones personales en Georgia?<\/span><\/h2>\n<p><span style=\"font-weight: 400;\">A <\/span><a href=\"https:\/\/slamdunkattorney.com\/es\/\"><span style=\"font-weight: 400;\">abogado especializado en lesiones personales en Duluth<\/span><\/a><span style=\"font-weight: 400;\"> puede ayudarle a comprender los matices de las leyes estatales sobre responsabilidad civil, proporcionarle asesoramiento legal y dise\u00f1ar un plan de acci\u00f3n estrat\u00e9gico para su caso. Un abogado con experiencia tendr\u00e1 los conocimientos necesarios para investigar y negociar cualquier situaci\u00f3n que pueda surgir con la compa\u00f1\u00eda de seguros o la parte culpable. Tambi\u00e9n puede hablar en su nombre y garantizar que sus derechos est\u00e9n protegidos durante todo el proceso.<\/span><\/p>\n<p><span style=\"font-weight: 400;\">Estas son solo algunas de las ventajas de trabajar con un abogado especializado en lesiones personales en Georgia. Cuando trabajas con un abogado, tambi\u00e9n recibes representaci\u00f3n, tanto si intentas obtener un acuerdo con una compa\u00f1\u00eda de seguros como si tienes que acudir a los tribunales.<\/span><\/p>\n<p><span style=\"font-weight: 400;\">Dado que un abogado cuenta con muchos recursos y acceso a expertos, puede reducir su estr\u00e9s y, al mismo tiempo, buscar la m\u00e1xima indemnizaci\u00f3n a la que usted pueda tener derecho.\u00a0<\/span><\/p>\n<p><span style=\"font-weight: 400;\">Adem\u00e1s, todas las reclamaciones en <\/span><a href=\"https:\/\/slamdunkattorney.com\/es\/blog\/statistics-and-laws-about-georgia-car-accidents\/\"><span style=\"font-weight: 400;\">Accidentes automovil\u00edsticos en Georgia<\/span><\/a><span style=\"font-weight: 400;\"> debe resolverse o litigarse dentro de un plazo determinado tras la ocurrencia del hecho, lo que se conoce como plazo de prescripci\u00f3n. Seg\u00fan <\/span><span style=\"font-weight: 400;\">C\u00f3digo de Georgia \u00a7 9-3-33<\/span><span style=\"font-weight: 400;\">, cualquier acci\u00f3n emprendida para reclamar da\u00f1os y perjuicios por lesiones debe presentarse en un plazo de dos a\u00f1os. Transcurrido este plazo, no se podr\u00e1 presentar ninguna otra reclamaci\u00f3n.<\/span><\/p>\n\n<div class=\"cta-container row align-items-center\">\n    <div class=\"col-md-7\">\n        <p class=\"cta-text rs-content-cta\">Orgullosos de servir a Duluth y a todo Georgia <span>\u00a1Cont\u00e1ctenos para comenzar su recuperaci\u00f3n!<\/span> <a href=\"https:\/\/slamdunkattorney.com\/es\/\">Explore nuestras \u00e1reas de pr\u00e1ctica<\/a><\/p>\n    <\/div>\n    <div class=\"col-md-5\">\n        <img decoding=\"async\" src=\"https:\/\/slamdunkattorney.com\/wp-content\/themes\/slam-dunk-rebuild\/assets\/app\/img\/map-cta.jpg\" alt=\"Legal Consultation\" class=\"img-fluid\"\/>\n    <\/div>\n<\/div><h2><span style=\"font-weight: 400;\">Seguro sin culpa frente a seguro con culpa<\/span><\/h2>\n<p><span style=\"font-weight: 400;\">Mientras que 12 de los 50 estados adoptan un enfoque sin culpa para las reclamaciones de seguros, Georgia no se encuentra entre ellos. En cambio, Georgia es un estado con culpa que exige a los conductores pagar los da\u00f1os si causan un accidente. La comparaci\u00f3n de los dos enfoques que adoptan los estados en relaci\u00f3n con las reclamaciones de seguros muestra diferencias claras.\u00a0<\/span><\/p>\n<p><span style=\"font-weight: 400;\">En un estado con responsabilidad civil como Georgia, la parte lesionada puede recibir una indemnizaci\u00f3n de la persona que caus\u00f3 sus lesiones. La parte infractora o su compa\u00f1\u00eda de seguros deben pagar por las p\u00e9rdidas que causaron como resultado de sus comportamientos negligentes o imprudentes. Esto se establece mediante la determinaci\u00f3n de la culpa.\u00a0<\/span><\/p>\n<p><span style=\"font-weight: 400;\">Por el contrario, un <\/span><b>estado sin culpa<\/b><span style=\"font-weight: 400;\"> exige a las personas que han sufrido un accidente que presenten sus reclamaciones a sus propias compa\u00f1\u00edas de seguros. Los estados sin culpa suelen exigir a los asegurados que tengan <\/span><a href=\"https:\/\/www.allstate.com\/resources\/car-insurance\/personal-injury-protection-coverage\" target=\"_blank\" rel=\"noopener\"><span style=\"font-weight: 400;\">cobertura de protecci\u00f3n contra lesiones personales (PIP)<\/span><\/a><span style=\"font-weight: 400;\"> para cubrir los gastos m\u00e9dicos y la p\u00e9rdida de ingresos en caso de accidente.<\/span><\/p>\n<p><span style=\"font-weight: 400;\">Con esta cobertura, las v\u00edctimas pueden recibir una indemnizaci\u00f3n de sus propias compa\u00f1\u00edas de seguros, independientemente de qui\u00e9n haya causado el accidente, pero se puede solicitar una indemnizaci\u00f3n adicional mediante una demanda judicial si existe una diferencia entre la indemnizaci\u00f3n proporcionada y la que se necesita.\u00a0<\/span><\/p>\n<h2><span style=\"font-weight: 400;\">Leyes modificadas de negligencia comparativa de Georgia<\/span><\/h2>\n<p><span style=\"font-weight: 400;\">Seg\u00fan <\/span><span style=\"font-weight: 400;\">C\u00f3digo de Georgia \u00a751-12-33<\/span><span style=\"font-weight: 400;\">, Georgia opera bajo una ley de negligencia comparativa modificada. Cuando ocurre un accidente, la culpa se determina despu\u00e9s de revisar los hechos del suceso. Determinar la culpa es clave para establecer la negligencia y presentar una demanda.\u00a0<\/span><\/p>\n<p><span style=\"font-weight: 400;\">Una vez que se determina la culpa en un accidente, cada parte recibir\u00e1 un valor porcentual que representa su nivel de responsabilidad en la causa del accidente. A todas las personas involucradas se les asignan porcentajes, incluso si no se les nombra en la demanda. Los posibles da\u00f1os y perjuicios que se conceder\u00e1n se reducen entonces en el porcentaje de culpa que se ha asignado a cada parte.<\/span><\/p>\n<p><span style=\"font-weight: 400;\">Sin embargo, si se determina que la persona lesionada es responsable en un 50% o m\u00e1s de causar el evento, no tendr\u00e1 derecho a recibir ninguna indemnizaci\u00f3n por su reclamaci\u00f3n por lesiones.<\/span><\/p>\n<p><span style=\"font-weight: 400;\">Es importante que hable con su abogado sobre su situaci\u00f3n y los derechos que le asisten a la hora de presentar una reclamaci\u00f3n. Tras evaluar minuciosamente su caso, le proporcionar\u00e1 el mejor asesoramiento y las mejores estrategias para seguir adelante.<\/span><\/p>\n\n<div class=\"cta-container row align-items-center\">\n    <div class=\"col-md-7\">\n        <p class=\"cta-text rs-content-cta\"><a class=\"no-btn\" href=\"https:\/\/slamdunkattorney.com\/es\/contact-us\/\">Haga clic para contactar<\/a> nuestros abogados especializados en lesiones personales hoy mismo<\/p>\n    <\/div>\n    <div class=\"col-md-5\">\n        <img decoding=\"async\" src=\"https:\/\/slamdunkattorney.com\/wp-content\/themes\/slam-dunk-rebuild\/assets\/app\/img\/map-cta.jpg\" alt=\"Contact Us\" class=\"img-fluid\"\/>\n    <\/div>\n<\/div><h2><span style=\"font-weight: 400;\">C\u00f3mo presentar una reclamaci\u00f3n despu\u00e9s de un accidente en Georgia<\/span><\/h2>\n<p><span style=\"font-weight: 400;\">Al solicitar una indemnizaci\u00f3n tras un accidente, es importante saber qu\u00e9 <\/span><a href=\"https:\/\/slamdunkattorney.com\/es\/faqs\/steps-to-take-when-filing-a-car-accident-lawsuit\/\"><span style=\"font-weight: 400;\">Pasos a seguir al presentar una demanda por accidente automovil\u00edstico<\/span><\/a><span style=\"font-weight: 400;\">. Siempre debe acudir a un profesional m\u00e9dico para que le examine y conservar los registros para utilizarlos m\u00e1s adelante en su reclamaci\u00f3n o demanda. Tambi\u00e9n debe obtener fotos, videos, declaraciones de testigos y un informe policial para utilizarlos como pruebas en su caso.\u00a0<\/span><\/p>\n<p><span style=\"font-weight: 400;\">Para presentar una reclamaci\u00f3n, debe ponerse en contacto con su compa\u00f1\u00eda de seguros y, preferiblemente, con un abogado especializado en lesiones personales que pueda guiarle a lo largo del proceso. La compa\u00f1\u00eda de seguros y su abogado revisar\u00e1n las pruebas para determinar la culpa y calcular el valor de los da\u00f1os. Con esta informaci\u00f3n, se pueden iniciar las negociaciones para llegar a un acuerdo y, si no se llega a un acuerdo, se puede presentar una demanda.\u00a0<\/span><\/p>\n<p><span style=\"font-weight: 400;\">En caso de que su reclamaci\u00f3n se lleve a juicio, se someter\u00e1 a un proceso de investigaci\u00f3n para profundizar en los detalles del accidente y en las lesiones y cambios que ha sufrido en su vida.<\/span><\/p>\n<p><span style=\"font-weight: 400;\">Cualquier documento, prueba o declaraci\u00f3n relevante puede utilizarse para respaldar su demanda durante el proceso judicial o en un juicio, si fuera necesario. Si su caso llega a juicio, un juez y un jurado escuchar\u00e1n a ambas partes antes de emitir un veredicto, que podr\u00e1 ser apelado en una fecha posterior si fuera necesario.\u00a0<\/span><\/p>\n\n<div class=\"cta-container map-bg row align-items-center flex-md-row-reverse\">\n    <div class=\"col-md-6\">\n        <p class=\"cta-text rs-content-cta\">Completa un <a href=\"https:\/\/slamdunkattorney.com\/es\/contact-us\/\">Formulario de evaluaci\u00f3n gratuita de su caso<\/a> ahora<\/p>\n    <\/div>\n    <div class=\"col-md-6 col-bg\">\n    <\/div>\n<\/div><h2><span style=\"font-weight: 400;\">Recup\u00e9rate con representaci\u00f3n legal<\/span><\/h2>\n<p><span style=\"font-weight: 400;\">El equipo de Slam Dunk Attorney comprende las complejidades que implican las leyes sobre responsabilidad civil y la presentaci\u00f3n de reclamaciones. Cuando trabaja con uno de nuestros abogados expertos en lesiones personales, recibe un asesoramiento legal exhaustivo basado en su situaci\u00f3n y la oportunidad de recuperarse lo m\u00e1s posible despu\u00e9s de su accidente.<\/span><\/p>\n<p><span style=\"font-weight: 400;\">Programe hoy mismo una consulta gratuita con nuestro equipo para obtener respuestas a sus preguntas y seguir adelante con su reclamaci\u00f3n.\u00a0<\/span><\/p>\n\n<div class=\"cta-container row align-items-center\">\n    <div class=\"col-md-7\">\n        <p class=\"cta-text rs-content-cta\">Llame o env\u00ede un mensaje de texto <a class=\"no-btn\" href=\"tel:+14049513513\">404-951-3513<\/a> o completar un <a href=\"https:\/\/slamdunkattorney.com\/es\/contact-us\/\">Formulario de evaluaci\u00f3n gratuita de su caso<\/a><\/p>\n    <\/div>\n    <div class=\"col-md-5\">\n        <img decoding=\"async\" src=\"https:\/\/slamdunkattorney.com\/wp-content\/themes\/slam-dunk-rebuild\/assets\/app\/img\/map-cta.jpg\" alt=\"Call or Text\" class=\"img-fluid\"\/>\n    <\/div>\n<\/div>","protected":false},"excerpt":{"rendered":"<p>Compensation is a big question in the minds of anyone who has been in an accident. When you\u2019ve suffered injuries or property damage and want to file a claim, you need to know whose insurance will be paying for your losses. Since Georgia is not a no&#8211;fault state, the party who caused the accident is &#8230;<\/p>","protected":false},"author":2,"featured_media":6448,"parent":5902,"menu_order":0,"comment_status":"closed","ping_status":"closed","template":"","meta":{"_acf_changed":false,"_genesis_hide_title":false,"_genesis_hide_breadcrumbs":false,"_genesis_hide_singular_image":false,"_genesis_hide_footer_widgets":false,"_genesis_custom_body_class":"","_genesis_custom_post_class":"","_genesis_layout":"","ngg_post_thumbnail":0,"footnotes":""},"extra-categories":[],"hc_faqs":[40],"class_list":{"0":"post-6447","1":"page","2":"type-page","3":"status-publish","4":"has-post-thumbnail","6":"hc_faqs-personal-injury","7":"entry"},"acf":[],"yoast_head":"<!-- This site is optimized with the Yoast SEO plugin v27.4 - https:\/\/yoast.com\/product\/yoast-seo-wordpress\/ -->\n<title>Georgia as a No-Fault State | Free Consultations Available<\/title>\n<meta name=\"description\" content=\"Georgia is not a no-fault state, therefore the party who caused the accident is required to pay for damages and injuries in an accident.\" \/>\n<meta name=\"robots\" content=\"index, follow, max-snippet:-1, max-image-preview:large, max-video-preview:-1\" \/>\n<link rel=\"canonical\" href=\"https:\/\/slamdunkattorney.com\/es\/faqs\/is-georgia-a-no-fault-state\/\" \/>\n<meta property=\"og:locale\" content=\"es_MX\" \/>\n<meta property=\"og:type\" content=\"article\" \/>\n<meta property=\"og:title\" content=\"Georgia as a No-Fault State | Free Consultations Available\" \/>\n<meta property=\"og:description\" content=\"Georgia is not a no-fault state, therefore the party who caused the accident is required to pay for damages and injuries in an accident.\" \/>\n<meta property=\"og:url\" content=\"https:\/\/slamdunkattorney.com\/es\/faqs\/is-georgia-a-no-fault-state\/\" \/>\n<meta property=\"og:site_name\" content=\"Slam Dunk Attorney | Injury Lawyers\" \/>\n<meta property=\"article:publisher\" content=\"https:\/\/www.facebook.com\/slamdunkattorneyinjurylawyers\/\" \/>\n<meta property=\"article:modified_time\" content=\"2025-05-16T22:58:40+00:00\" \/>\n<meta property=\"og:image\" content=\"https:\/\/slamdunkattorney.com\/wp-content\/uploads\/2024\/09\/downtown-Atlanta-city-scene.jpg\" \/>\n\t<meta property=\"og:image:width\" content=\"1000\" \/>\n\t<meta property=\"og:image:height\" content=\"307\" \/>\n\t<meta property=\"og:image:type\" content=\"image\/jpeg\" \/>\n<meta name=\"twitter:card\" content=\"summary_large_image\" \/>\n<meta name=\"twitter:site\" content=\"@slamdunkattorney\" \/>\n<meta name=\"twitter:label1\" content=\"Est. reading time\" \/>\n\t<meta name=\"twitter:data1\" content=\"5 minutos\" \/>\n<script type=\"application\/ld+json\" class=\"yoast-schema-graph\">{\"@context\":\"https:\\\/\\\/schema.org\",\"@graph\":[{\"@type\":\"WebPage\",\"@id\":\"https:\\\/\\\/slamdunkattorney.com\\\/faqs\\\/is-georgia-a-no-fault-state\\\/\",\"url\":\"https:\\\/\\\/slamdunkattorney.com\\\/faqs\\\/is-georgia-a-no-fault-state\\\/\",\"name\":\"Georgia as a No-Fault State | Free Consultations Available\",\"isPartOf\":{\"@id\":\"https:\\\/\\\/slamdunkattorney.com\\\/#website\"},\"primaryImageOfPage\":{\"@id\":\"https:\\\/\\\/slamdunkattorney.com\\\/faqs\\\/is-georgia-a-no-fault-state\\\/#primaryimage\"},\"image\":{\"@id\":\"https:\\\/\\\/slamdunkattorney.com\\\/faqs\\\/is-georgia-a-no-fault-state\\\/#primaryimage\"},\"thumbnailUrl\":\"https:\\\/\\\/slamdunkattorney.com\\\/wp-content\\\/uploads\\\/2024\\\/09\\\/downtown-Atlanta-city-scene.jpg\",\"datePublished\":\"2024-09-05T11:49:57+00:00\",\"dateModified\":\"2025-05-16T22:58:40+00:00\",\"description\":\"Georgia is not a no-fault state, therefore the party who caused the accident is required to pay for damages and injuries in an accident.\",\"breadcrumb\":{\"@id\":\"https:\\\/\\\/slamdunkattorney.com\\\/faqs\\\/is-georgia-a-no-fault-state\\\/#breadcrumb\"},\"inLanguage\":\"es\",\"potentialAction\":[{\"@type\":\"ReadAction\",\"target\":[\"https:\\\/\\\/slamdunkattorney.com\\\/faqs\\\/is-georgia-a-no-fault-state\\\/\"]}]},{\"@type\":\"ImageObject\",\"inLanguage\":\"es\",\"@id\":\"https:\\\/\\\/slamdunkattorney.com\\\/faqs\\\/is-georgia-a-no-fault-state\\\/#primaryimage\",\"url\":\"https:\\\/\\\/slamdunkattorney.com\\\/wp-content\\\/uploads\\\/2024\\\/09\\\/downtown-Atlanta-city-scene.jpg\",\"contentUrl\":\"https:\\\/\\\/slamdunkattorney.com\\\/wp-content\\\/uploads\\\/2024\\\/09\\\/downtown-Atlanta-city-scene.jpg\",\"width\":1000,\"height\":307,\"caption\":\"downtown Atlanta city scene\"},{\"@type\":\"BreadcrumbList\",\"@id\":\"https:\\\/\\\/slamdunkattorney.com\\\/faqs\\\/is-georgia-a-no-fault-state\\\/#breadcrumb\",\"itemListElement\":[{\"@type\":\"ListItem\",\"position\":1,\"name\":\"Home\",\"item\":\"https:\\\/\\\/slamdunkattorney.com\\\/\"},{\"@type\":\"ListItem\",\"position\":2,\"name\":\"FAQs\",\"item\":\"https:\\\/\\\/slamdunkattorney.com\\\/faqs\\\/\"},{\"@type\":\"ListItem\",\"position\":3,\"name\":\"Is Georgia a No-Fault State?\"}]},{\"@type\":\"WebSite\",\"@id\":\"https:\\\/\\\/slamdunkattorney.com\\\/#website\",\"url\":\"https:\\\/\\\/slamdunkattorney.com\\\/\",\"name\":\"Slam Dunk Attorney | Injury Lawyers\",\"description\":\"Duluth Personal Injury Lawyers\",\"publisher\":{\"@id\":\"https:\\\/\\\/slamdunkattorney.com\\\/#organization\"},\"alternateName\":\"Slam Dunk Attorney\",\"inLanguage\":\"es\"},{\"@type\":\"Organization\",\"@id\":\"https:\\\/\\\/slamdunkattorney.com\\\/#organization\",\"name\":\"Slam Dunk Attorney\",\"alternateName\":\"Slam Dunk\",\"url\":\"https:\\\/\\\/slamdunkattorney.com\\\/\",\"logo\":{\"@type\":\"ImageObject\",\"inLanguage\":\"es\",\"@id\":\"https:\\\/\\\/slamdunkattorney.com\\\/#\\\/schema\\\/logo\\\/image\\\/\",\"url\":\"https:\\\/\\\/slamdunkattorney.com\\\/wp-content\\\/uploads\\\/2023\\\/05\\\/cropped-Logo.png\",\"contentUrl\":\"https:\\\/\\\/slamdunkattorney.com\\\/wp-content\\\/uploads\\\/2023\\\/05\\\/cropped-Logo.png\",\"width\":1080,\"height\":240,\"caption\":\"Slam Dunk Attorney\"},\"image\":{\"@id\":\"https:\\\/\\\/slamdunkattorney.com\\\/#\\\/schema\\\/logo\\\/image\\\/\"},\"sameAs\":[\"https:\\\/\\\/www.facebook.com\\\/slamdunkattorneyinjurylawyers\\\/\",\"https:\\\/\\\/x.com\\\/slamdunkattorney\",\"https:\\\/\\\/www.instagram.com\\\/slamdunkattorney\\\/\",\"https:\\\/\\\/www.youtube.com\\\/channel\\\/UCSrOiC7vOjlCi3UgtIVGNtw\",\"https:\\\/\\\/www.linkedin.com\\\/company\\\/slamdunkattorneyinjurylawyers\"]}]}<\/script>\n<!-- \/ Yoast SEO plugin. -->","yoast_head_json":{"title":"Georgia as a No-Fault State | Free Consultations Available","description":"Georgia is not a no-fault state, therefore the party who caused the accident is required to pay for damages and injuries in an accident.","robots":{"index":"index","follow":"follow","max-snippet":"max-snippet:-1","max-image-preview":"max-image-preview:large","max-video-preview":"max-video-preview:-1"},"canonical":"https:\/\/slamdunkattorney.com\/es\/faqs\/is-georgia-a-no-fault-state\/","og_locale":"es_MX","og_type":"article","og_title":"Georgia as a No-Fault State | Free Consultations Available","og_description":"Georgia is not a no-fault state, therefore the party who caused the accident is required to pay for damages and injuries in an accident.","og_url":"https:\/\/slamdunkattorney.com\/es\/faqs\/is-georgia-a-no-fault-state\/","og_site_name":"Slam Dunk Attorney | Injury Lawyers","article_publisher":"https:\/\/www.facebook.com\/slamdunkattorneyinjurylawyers\/","article_modified_time":"2025-05-16T22:58:40+00:00","og_image":[{"width":1000,"height":307,"url":"https:\/\/slamdunkattorney.com\/wp-content\/uploads\/2024\/09\/downtown-Atlanta-city-scene.jpg","type":"image\/jpeg"}],"twitter_card":"summary_large_image","twitter_site":"@slamdunkattorney","twitter_misc":{"Est. reading time":"5 minutos"},"schema":{"@context":"https:\/\/schema.org","@graph":[{"@type":"WebPage","@id":"https:\/\/slamdunkattorney.com\/faqs\/is-georgia-a-no-fault-state\/","url":"https:\/\/slamdunkattorney.com\/faqs\/is-georgia-a-no-fault-state\/","name":"Georgia as a No-Fault State | Free Consultations Available","isPartOf":{"@id":"https:\/\/slamdunkattorney.com\/#website"},"primaryImageOfPage":{"@id":"https:\/\/slamdunkattorney.com\/faqs\/is-georgia-a-no-fault-state\/#primaryimage"},"image":{"@id":"https:\/\/slamdunkattorney.com\/faqs\/is-georgia-a-no-fault-state\/#primaryimage"},"thumbnailUrl":"https:\/\/slamdunkattorney.com\/wp-content\/uploads\/2024\/09\/downtown-Atlanta-city-scene.jpg","datePublished":"2024-09-05T11:49:57+00:00","dateModified":"2025-05-16T22:58:40+00:00","description":"Georgia is not a no-fault state, therefore the party who caused the accident is required to pay for damages and injuries in an accident.","breadcrumb":{"@id":"https:\/\/slamdunkattorney.com\/faqs\/is-georgia-a-no-fault-state\/#breadcrumb"},"inLanguage":"es","potentialAction":[{"@type":"ReadAction","target":["https:\/\/slamdunkattorney.com\/faqs\/is-georgia-a-no-fault-state\/"]}]},{"@type":"ImageObject","inLanguage":"es","@id":"https:\/\/slamdunkattorney.com\/faqs\/is-georgia-a-no-fault-state\/#primaryimage","url":"https:\/\/slamdunkattorney.com\/wp-content\/uploads\/2024\/09\/downtown-Atlanta-city-scene.jpg","contentUrl":"https:\/\/slamdunkattorney.com\/wp-content\/uploads\/2024\/09\/downtown-Atlanta-city-scene.jpg","width":1000,"height":307,"caption":"downtown Atlanta city scene"},{"@type":"BreadcrumbList","@id":"https:\/\/slamdunkattorney.com\/faqs\/is-georgia-a-no-fault-state\/#breadcrumb","itemListElement":[{"@type":"ListItem","position":1,"name":"Home","item":"https:\/\/slamdunkattorney.com\/"},{"@type":"ListItem","position":2,"name":"FAQs","item":"https:\/\/slamdunkattorney.com\/faqs\/"},{"@type":"ListItem","position":3,"name":"Is Georgia a No-Fault State?"}]},{"@type":"WebSite","@id":"https:\/\/slamdunkattorney.com\/#website","url":"https:\/\/slamdunkattorney.com\/","name":"Abogado experto en lesiones | Abogados especializados en lesiones","description":"Abogados de lesiones personales en Duluth","publisher":{"@id":"https:\/\/slamdunkattorney.com\/#organization"},"alternateName":"Slam Dunk Attorney","inLanguage":"es"},{"@type":"Organization","@id":"https:\/\/slamdunkattorney.com\/#organization","name":"Abogado Slam Dunk","alternateName":"Slam Dunk","url":"https:\/\/slamdunkattorney.com\/","logo":{"@type":"ImageObject","inLanguage":"es","@id":"https:\/\/slamdunkattorney.com\/#\/schema\/logo\/image\/","url":"https:\/\/slamdunkattorney.com\/wp-content\/uploads\/2023\/05\/cropped-Logo.png","contentUrl":"https:\/\/slamdunkattorney.com\/wp-content\/uploads\/2023\/05\/cropped-Logo.png","width":1080,"height":240,"caption":"Slam Dunk Attorney"},"image":{"@id":"https:\/\/slamdunkattorney.com\/#\/schema\/logo\/image\/"},"sameAs":["https:\/\/www.facebook.com\/slamdunkattorneyinjurylawyers\/","https:\/\/x.com\/slamdunkattorney","https:\/\/www.instagram.com\/slamdunkattorney\/","https:\/\/www.youtube.com\/channel\/UCSrOiC7vOjlCi3UgtIVGNtw","https:\/\/www.linkedin.com\/company\/slamdunkattorneyinjurylawyers"]}]}},"yoast_meta":{"yoast_wpseo_title":"","yoast_wpseo_metadesc":"","yoast_wpseo_canonical":"https:\/\/slamdunkattorney.com\/es\/wp-json\/wp\/v2\/pages\/6447"},"_links":{"self":[{"href":"https:\/\/slamdunkattorney.com\/es\/wp-json\/wp\/v2\/pages\/6447","targetHints":{"allow":["GET"]}}],"collection":[{"href":"https:\/\/slamdunkattorney.com\/es\/wp-json\/wp\/v2\/pages"}],"about":[{"href":"https:\/\/slamdunkattorney.com\/es\/wp-json\/wp\/v2\/types\/page"}],"author":[{"embeddable":true,"href":"https:\/\/slamdunkattorney.com\/es\/wp-json\/wp\/v2\/users\/2"}],"replies":[{"embeddable":true,"href":"https:\/\/slamdunkattorney.com\/es\/wp-json\/wp\/v2\/comments?post=6447"}],"version-history":[{"count":0,"href":"https:\/\/slamdunkattorney.com\/es\/wp-json\/wp\/v2\/pages\/6447\/revisions"}],"up":[{"embeddable":true,"href":"https:\/\/slamdunkattorney.com\/es\/wp-json\/wp\/v2\/pages\/5902"}],"wp:featuredmedia":[{"embeddable":true,"href":"https:\/\/slamdunkattorney.com\/es\/wp-json\/wp\/v2\/media\/6448"}],"wp:attachment":[{"href":"https:\/\/slamdunkattorney.com\/es\/wp-json\/wp\/v2\/media?parent=6447"}],"wp:term":[{"taxonomy":"extra-categories","embeddable":true,"href":"https:\/\/slamdunkattorney.com\/es\/wp-json\/wp\/v2\/extra-categories?post=6447"},{"taxonomy":"hc_faqs","embeddable":true,"href":"https:\/\/slamdunkattorney.com\/es\/wp-json\/wp\/v2\/hc_faqs?post=6447"}],"curies":[{"name":"wp","href":"https:\/\/api.w.org\/{rel}","templated":true}]}}