{"id":6122,"date":"2024-07-12T20:37:04","date_gmt":"2024-07-12T20:37:04","guid":{"rendered":"https:\/\/slamdunk.wpenginepowered.com\/?page_id=6122"},"modified":"2025-01-22T15:20:01","modified_gmt":"2025-01-22T15:20:01","slug":"paulina-mancilla","status":"publish","type":"page","link":"https:\/\/slamdunkattorney.com\/es\/our-team\/paulina-mancilla\/","title":{"rendered":"Paulina Mancilla"},"content":{"rendered":"<p>Paulina Mancilla es asistente legal con cinco a\u00f1os de experiencia dedicada al campo jur\u00eddico. Aporta una gran experiencia y conocimientos, y ha sabido desenvolverse con \u00e9xito en entornos jur\u00eddicos complejos.<\/p>\n<p>El enfoque de Paulina hacia la pr\u00e1ctica jur\u00eddica se caracteriza por la resoluci\u00f3n proactiva de problemas, la atenci\u00f3n meticulosa a los detalles y un compromiso inquebrantable con la excelencia. Se desenvuelve muy bien en entornos colaborativos, donde contribuye constantemente como una compa\u00f1era de equipo confiable.<\/p>\n<p>Su formaci\u00f3n acad\u00e9mica incluye una licenciatura en Derecho por la Universidad La Salle Canc\u00fan, lo que le ha proporcionado una base s\u00f3lida en teor\u00eda y pr\u00e1ctica jur\u00eddica. Complementada con su experiencia profesional, esta trayectoria acad\u00e9mica ha dotado a Paulina de las habilidades anal\u00edticas y el marco \u00e9tico necesarios para destacar en la profesi\u00f3n jur\u00eddica.<\/p>\n<p>Paulina naci\u00f3 y creci\u00f3 en M\u00e9xico con una gran pasi\u00f3n por ayudar a los dem\u00e1s. Le encanta pasar tiempo con su familia, entrenar a su perro e ir al cine.<\/p>","protected":false},"excerpt":{"rendered":"<p>Paulina Mancilla es asistente legal con cinco a\u00f1os de experiencia dedicada al campo jur\u00eddico. Aporta una gran experiencia y conocimientos, y ha sabido desenvolverse con \u00e9xito en entornos jur\u00eddicos complejos. El enfoque de Paulina hacia la pr\u00e1ctica jur\u00eddica se caracteriza por la resoluci\u00f3n proactiva de problemas, la atenci\u00f3n meticulosa a los detalles y un compromiso inquebrantable con la excelencia. Se destaca por...<\/p>","protected":false},"author":2,"featured_media":0,"parent":6069,"menu_order":0,"comment_status":"closed","ping_status":"closed","template":"single-page-attorney.php","meta":{"_acf_changed":false,"_genesis_hide_title":false,"_genesis_hide_breadcrumbs":false,"_genesis_hide_singular_image":false,"_genesis_hide_footer_widgets":false,"_genesis_custom_body_class":"","_genesis_custom_post_class":"","_genesis_layout":"","ngg_post_thumbnail":0,"footnotes":""},"extra-categories":[],"hc_faqs":[],"class_list":{"0":"post-6122","1":"page","2":"type-page","3":"status-publish","5":"entry"},"acf":[],"yoast_head":"<!-- This site is optimized with the Yoast SEO plugin v27.4 - https:\/\/yoast.com\/product\/yoast-seo-wordpress\/ -->\n<title>Paulina Mancilla | Free Consultations<\/title>\n<meta name=\"description\" content=\"Paulina Mancilla: We fight for fair compensation on behalf of families. Free consults.\" \/>\n<meta name=\"robots\" content=\"index, follow, max-snippet:-1, max-image-preview:large, max-video-preview:-1\" \/>\n<link rel=\"canonical\" href=\"https:\/\/slamdunkattorney.com\/es\/our-team\/paulina-mancilla\/\" \/>\n<meta property=\"og:locale\" content=\"es_MX\" \/>\n<meta property=\"og:type\" content=\"article\" \/>\n<meta property=\"og:title\" content=\"Paulina Mancilla | Free Consultations\" \/>\n<meta property=\"og:description\" content=\"Paulina Mancilla: We fight for fair compensation on behalf of families. Free consults.\" \/>\n<meta property=\"og:url\" content=\"https:\/\/slamdunkattorney.com\/es\/our-team\/paulina-mancilla\/\" \/>\n<meta property=\"og:site_name\" content=\"Slam Dunk Attorney | Injury Lawyers\" \/>\n<meta property=\"article:publisher\" content=\"https:\/\/www.facebook.com\/slamdunkattorneyinjurylawyers\/\" \/>\n<meta property=\"article:modified_time\" content=\"2025-01-22T15:20:01+00:00\" \/>\n<meta property=\"og:image\" content=\"https:\/\/slamdunkattorney.com\/wp-content\/uploads\/2023\/05\/cropped-Logo.png\" \/>\n\t<meta property=\"og:image:width\" content=\"1080\" \/>\n\t<meta property=\"og:image:height\" content=\"240\" \/>\n\t<meta property=\"og:image:type\" content=\"image\/png\" \/>\n<meta name=\"twitter:card\" content=\"summary_large_image\" \/>\n<meta name=\"twitter:site\" content=\"@slamdunkattorney\" \/>\n<meta name=\"twitter:label1\" content=\"Est. reading time\" \/>\n\t<meta name=\"twitter:data1\" content=\"1 minuto\" \/>\n<script type=\"application\/ld+json\" class=\"yoast-schema-graph\">{\"@context\":\"https:\\\/\\\/schema.org\",\"@graph\":[{\"@type\":\"WebPage\",\"@id\":\"https:\\\/\\\/slamdunkattorney.com\\\/our-team\\\/paulina-mancilla\\\/\",\"url\":\"https:\\\/\\\/slamdunkattorney.com\\\/our-team\\\/paulina-mancilla\\\/\",\"name\":\"Paulina Mancilla | Free Consultations\",\"isPartOf\":{\"@id\":\"https:\\\/\\\/slamdunkattorney.com\\\/#website\"},\"datePublished\":\"2024-07-12T20:37:04+00:00\",\"dateModified\":\"2025-01-22T15:20:01+00:00\",\"description\":\"Paulina Mancilla: We fight for fair compensation on behalf of families. Free consults.\",\"breadcrumb\":{\"@id\":\"https:\\\/\\\/slamdunkattorney.com\\\/our-team\\\/paulina-mancilla\\\/#breadcrumb\"},\"inLanguage\":\"es\",\"potentialAction\":[{\"@type\":\"ReadAction\",\"target\":[\"https:\\\/\\\/slamdunkattorney.com\\\/our-team\\\/paulina-mancilla\\\/\"]}]},{\"@type\":\"BreadcrumbList\",\"@id\":\"https:\\\/\\\/slamdunkattorney.com\\\/our-team\\\/paulina-mancilla\\\/#breadcrumb\",\"itemListElement\":[{\"@type\":\"ListItem\",\"position\":1,\"name\":\"Home\",\"item\":\"https:\\\/\\\/slamdunkattorney.com\\\/\"},{\"@type\":\"ListItem\",\"position\":2,\"name\":\"Meet Our Team\",\"item\":\"https:\\\/\\\/slamdunkattorney.com\\\/meet-our-team\\\/\"},{\"@type\":\"ListItem\",\"position\":3,\"name\":\"Paulina Mancilla\"}]},{\"@type\":\"WebSite\",\"@id\":\"https:\\\/\\\/slamdunkattorney.com\\\/#website\",\"url\":\"https:\\\/\\\/slamdunkattorney.com\\\/\",\"name\":\"Slam Dunk Attorney | Injury Lawyers\",\"description\":\"Duluth Personal Injury Lawyers\",\"publisher\":{\"@id\":\"https:\\\/\\\/slamdunkattorney.com\\\/#organization\"},\"alternateName\":\"Slam Dunk Attorney\",\"inLanguage\":\"es\"},{\"@type\":\"Organization\",\"@id\":\"https:\\\/\\\/slamdunkattorney.com\\\/#organization\",\"name\":\"Slam Dunk Attorney\",\"alternateName\":\"Slam Dunk\",\"url\":\"https:\\\/\\\/slamdunkattorney.com\\\/\",\"logo\":{\"@type\":\"ImageObject\",\"inLanguage\":\"es\",\"@id\":\"https:\\\/\\\/slamdunkattorney.com\\\/#\\\/schema\\\/logo\\\/image\\\/\",\"url\":\"https:\\\/\\\/slamdunkattorney.com\\\/wp-content\\\/uploads\\\/2023\\\/05\\\/cropped-Logo.png\",\"contentUrl\":\"https:\\\/\\\/slamdunkattorney.com\\\/wp-content\\\/uploads\\\/2023\\\/05\\\/cropped-Logo.png\",\"width\":1080,\"height\":240,\"caption\":\"Slam Dunk Attorney\"},\"image\":{\"@id\":\"https:\\\/\\\/slamdunkattorney.com\\\/#\\\/schema\\\/logo\\\/image\\\/\"},\"sameAs\":[\"https:\\\/\\\/www.facebook.com\\\/slamdunkattorneyinjurylawyers\\\/\",\"https:\\\/\\\/x.com\\\/slamdunkattorney\",\"https:\\\/\\\/www.instagram.com\\\/slamdunkattorney\\\/\",\"https:\\\/\\\/www.youtube.com\\\/channel\\\/UCSrOiC7vOjlCi3UgtIVGNtw\",\"https:\\\/\\\/www.linkedin.com\\\/company\\\/slamdunkattorneyinjurylawyers\"]}]}<\/script>\n<!-- \/ Yoast SEO plugin. -->","yoast_head_json":{"title":"Paulina Mancilla | Consultas gratuitas","description":"Paulina Mancilla: Luchamos por una compensaci\u00f3n justa en nombre de las familias. Consultas gratuitas.","robots":{"index":"index","follow":"follow","max-snippet":"max-snippet:-1","max-image-preview":"max-image-preview:large","max-video-preview":"max-video-preview:-1"},"canonical":"https:\/\/slamdunkattorney.com\/es\/our-team\/paulina-mancilla\/","og_locale":"es_MX","og_type":"article","og_title":"Paulina Mancilla | Free Consultations","og_description":"Paulina Mancilla: We fight for fair compensation on behalf of families. Free consults.","og_url":"https:\/\/slamdunkattorney.com\/es\/our-team\/paulina-mancilla\/","og_site_name":"Slam Dunk Attorney | Injury Lawyers","article_publisher":"https:\/\/www.facebook.com\/slamdunkattorneyinjurylawyers\/","article_modified_time":"2025-01-22T15:20:01+00:00","og_image":[{"width":1080,"height":240,"url":"https:\/\/slamdunkattorney.com\/wp-content\/uploads\/2023\/05\/cropped-Logo.png","type":"image\/png"}],"twitter_card":"summary_large_image","twitter_site":"@slamdunkattorney","twitter_misc":{"Est. reading time":"1 minuto"},"schema":{"@context":"https:\/\/schema.org","@graph":[{"@type":"WebPage","@id":"https:\/\/slamdunkattorney.com\/our-team\/paulina-mancilla\/","url":"https:\/\/slamdunkattorney.com\/our-team\/paulina-mancilla\/","name":"Paulina Mancilla | Consultas gratuitas","isPartOf":{"@id":"https:\/\/slamdunkattorney.com\/#website"},"datePublished":"2024-07-12T20:37:04+00:00","dateModified":"2025-01-22T15:20:01+00:00","description":"Paulina Mancilla: Luchamos por una compensaci\u00f3n justa en nombre de las familias. Consultas gratuitas.","breadcrumb":{"@id":"https:\/\/slamdunkattorney.com\/our-team\/paulina-mancilla\/#breadcrumb"},"inLanguage":"es","potentialAction":[{"@type":"ReadAction","target":["https:\/\/slamdunkattorney.com\/our-team\/paulina-mancilla\/"]}]},{"@type":"BreadcrumbList","@id":"https:\/\/slamdunkattorney.com\/our-team\/paulina-mancilla\/#breadcrumb","itemListElement":[{"@type":"ListItem","position":1,"name":"Home","item":"https:\/\/slamdunkattorney.com\/"},{"@type":"ListItem","position":2,"name":"Meet Our Team","item":"https:\/\/slamdunkattorney.com\/meet-our-team\/"},{"@type":"ListItem","position":3,"name":"Paulina Mancilla"}]},{"@type":"WebSite","@id":"https:\/\/slamdunkattorney.com\/#website","url":"https:\/\/slamdunkattorney.com\/","name":"Abogado experto en lesiones | Abogados especializados en lesiones","description":"Abogados de lesiones personales en Duluth","publisher":{"@id":"https:\/\/slamdunkattorney.com\/#organization"},"alternateName":"Slam Dunk Attorney","inLanguage":"es"},{"@type":"Organization","@id":"https:\/\/slamdunkattorney.com\/#organization","name":"Abogado Slam Dunk","alternateName":"Slam Dunk","url":"https:\/\/slamdunkattorney.com\/","logo":{"@type":"ImageObject","inLanguage":"es","@id":"https:\/\/slamdunkattorney.com\/#\/schema\/logo\/image\/","url":"https:\/\/slamdunkattorney.com\/wp-content\/uploads\/2023\/05\/cropped-Logo.png","contentUrl":"https:\/\/slamdunkattorney.com\/wp-content\/uploads\/2023\/05\/cropped-Logo.png","width":1080,"height":240,"caption":"Slam Dunk Attorney"},"image":{"@id":"https:\/\/slamdunkattorney.com\/#\/schema\/logo\/image\/"},"sameAs":["https:\/\/www.facebook.com\/slamdunkattorneyinjurylawyers\/","https:\/\/x.com\/slamdunkattorney","https:\/\/www.instagram.com\/slamdunkattorney\/","https:\/\/www.youtube.com\/channel\/UCSrOiC7vOjlCi3UgtIVGNtw","https:\/\/www.linkedin.com\/company\/slamdunkattorneyinjurylawyers"]}]}},"yoast_meta":{"yoast_wpseo_title":"","yoast_wpseo_metadesc":"","yoast_wpseo_canonical":"https:\/\/slamdunkattorney.com\/es\/wp-json\/wp\/v2\/pages\/6122"},"_links":{"self":[{"href":"https:\/\/slamdunkattorney.com\/es\/wp-json\/wp\/v2\/pages\/6122","targetHints":{"allow":["GET"]}}],"collection":[{"href":"https:\/\/slamdunkattorney.com\/es\/wp-json\/wp\/v2\/pages"}],"about":[{"href":"https:\/\/slamdunkattorney.com\/es\/wp-json\/wp\/v2\/types\/page"}],"author":[{"embeddable":true,"href":"https:\/\/slamdunkattorney.com\/es\/wp-json\/wp\/v2\/users\/2"}],"replies":[{"embeddable":true,"href":"https:\/\/slamdunkattorney.com\/es\/wp-json\/wp\/v2\/comments?post=6122"}],"version-history":[{"count":0,"href":"https:\/\/slamdunkattorney.com\/es\/wp-json\/wp\/v2\/pages\/6122\/revisions"}],"up":[{"embeddable":true,"href":"https:\/\/slamdunkattorney.com\/es\/wp-json\/wp\/v2\/pages\/6069"}],"wp:attachment":[{"href":"https:\/\/slamdunkattorney.com\/es\/wp-json\/wp\/v2\/media?parent=6122"}],"wp:term":[{"taxonomy":"extra-categories","embeddable":true,"href":"https:\/\/slamdunkattorney.com\/es\/wp-json\/wp\/v2\/extra-categories?post=6122"},{"taxonomy":"hc_faqs","embeddable":true,"href":"https:\/\/slamdunkattorney.com\/es\/wp-json\/wp\/v2\/hc_faqs?post=6122"}],"curies":[{"name":"wp","href":"https:\/\/api.w.org\/{rel}","templated":true}]}}