{"id":6062,"date":"2024-07-10T12:51:04","date_gmt":"2024-07-10T12:51:04","guid":{"rendered":"https:\/\/slamdunk.wpenginepowered.com\/?page_id=6062"},"modified":"2025-06-03T07:23:44","modified_gmt":"2025-06-03T07:23:44","slug":"duluth-car-accident-lawyer-fatal","status":"publish","type":"page","link":"https:\/\/slamdunkattorney.com\/es\/duluth\/car-accident-lawyer\/fatal\/","title":{"rendered":"Abogado especializado en accidentes automovil\u00edsticos fatales en Duluth"},"content":{"rendered":"<p><span style=\"font-weight: 400;\">La p\u00e9rdida de un familiar en un accidente automovil\u00edstico causado por la negligencia o imprudencia de otra persona es incre\u00edblemente dif\u00edcil y desgarradora. En Slam Dunk Attorney, considerado por los clientes como el mejor bufete de abogados de la ciudad, nuestro <\/span><a href=\"https:\/\/slamdunkattorney.com\/es\/duluth\/car-accident-lawyer\/\"><span style=\"font-weight: 400;\">Abogado especializado en accidentes automovil\u00edsticos en Duluth<\/span><\/a><span style=\"font-weight: 400;\"> sabe c\u00f3mo hacer que quienes han hecho da\u00f1o a tu familia rindan cuentas por lo que han causado. Nuestro <\/span><b>Abogado especializado en accidentes automovil\u00edsticos fatales en Duluth<\/b><span style=\"font-weight: 400;\"> podemos brindarle un apoyo excepcional y una asesor\u00eda legal agresiva.<\/span><\/p>\n<h2>\u00bfPor qu\u00e9 confiar en nuestros abogados especializados en accidentes automovil\u00edsticos en un momento tan cr\u00edtico?<\/h2>\n<p><span style=\"font-weight: 400;\">Slam Dunk Attorney es un bufete de abogados local de confianza que aporta una gran experiencia a cada caso. En un asunto de accidente automovil\u00edstico fatal como este, la experiencia es fundamental tanto para garantizar que el proceso sea lo m\u00e1s fluido posible como para maximizar la indemnizaci\u00f3n que se le debe. Trabajar con nuestro equipo legal tiene numerosas ventajas:<\/span><\/p>\n<ul>\n<li style=\"font-weight: 400;\" aria-level=\"1\"><b>Resultados comprobados<\/b>:<span style=\"font-weight: 400;\"> Nuestro <a href=\"https:\/\/slamdunkattorney.com\/es\/\">Abogados especializados en lesiones personales en Duluth<\/a> Hemos ayudado a clientes y familias a recuperar millones de d\u00f3lares en p\u00e9rdidas a lo largo de nuestras carreras. Tambi\u00e9n estaremos ah\u00ed para apoyarlo en esta dif\u00edcil situaci\u00f3n.<\/span><\/li>\n<li style=\"font-weight: 400;\" aria-level=\"1\"><b>La compasi\u00f3n que importa<\/b>:<span style=\"font-weight: 400;\"> Cuando te enfrentas a una tragedia como esta, es fundamental contar con un abogado que realmente se preocupe por luchar por tu familia y tu futuro.<\/span><\/li>\n<li style=\"font-weight: 400;\" aria-level=\"1\"><b>Perspectiva excepcional y reputaci\u00f3n probada<\/b>:<span style=\"font-weight: 400;\"> Slam Dunk Attorney tiene experiencia en luchar contra las compa\u00f1\u00edas de seguros m\u00e1s grandes y en recuperar da\u00f1os y perjuicios incluso en casos muy dif\u00edciles. Estamos aqu\u00ed para ayudarle.<\/span><\/li>\n<\/ul>\n<p><span style=\"font-weight: 400;\">Nuestro <\/span><b>Abogados especializados en accidentes automovil\u00edsticos fatales en Duluth<\/b><span style=\"font-weight: 400;\"> estamos listos para brindarle el apoyo pr\u00e1ctico que necesita. Cuando un miembro de su familia no puede estar presente para luchar por su derecho a recibir una indemnizaci\u00f3n por da\u00f1os y perjuicios, necesita un abogado en quien pueda confiar. Perm\u00edtanos trabajar para usted y obtener los resultados que desea, y lea nuestro <\/span><a href=\"https:\/\/slamdunkattorney.com\/es\/faqs\/\"><span style=\"font-weight: 400;\">Preguntas frecuentes<\/span><\/a><span style=\"font-weight: 400;\"> para obtener m\u00e1s informaci\u00f3n.<\/span><\/p>\n\n<div class=\"cta-container row align-items-center\">\n    <div class=\"col-md-7\">\n        <p class=\"cta-text rs-content-cta\">Orgullosos de servir a Duluth y a todo Georgia <span>\u00a1Cont\u00e1ctenos para comenzar su recuperaci\u00f3n!<\/span> <a href=\"https:\/\/slamdunkattorney.com\/es\/\">Explore nuestras \u00e1reas de pr\u00e1ctica<\/a><\/p>\n    <\/div>\n    <div class=\"col-md-5\">\n        <img decoding=\"async\" src=\"https:\/\/slamdunkattorney.com\/wp-content\/themes\/slam-dunk-rebuild\/assets\/app\/img\/map-cta.jpg\" alt=\"Legal Consultation\" class=\"img-fluid\"\/>\n    <\/div>\n<\/div><h2>\u00bfQui\u00e9n puede presentar una demanda por muerte por negligencia en Duluth?<\/h2>\n<p><span style=\"font-weight: 400;\">Seg\u00fan Georgia <\/span><a href=\"https:\/\/law.justia.com\/codes\/georgia\/2020\/title-51\/chapter-4\/\" target=\"_blank\" rel=\"noopener\"><span style=\"font-weight: 400;\">Ley de muerte por negligencia<\/span><\/a><span style=\"font-weight: 400;\">, un familiar sobreviviente tiene derecho a solicitar una compensaci\u00f3n econ\u00f3mica en nombre de su ser querido fallecido, al igual que el representante de la sucesi\u00f3n. Si usted es un familiar cercano, le animamos a que se ponga en contacto con nuestro <\/span><a href=\"https:\/\/slamdunkattorney.com\/es\/duluth\/wrongful-death-lawyer\/\"><span style=\"font-weight: 400;\">Abogado especializado en muerte por negligencia en Duluth<\/span><\/a><span style=\"font-weight: 400;\"> para obtener m\u00e1s informaci\u00f3n sobre el proceso legal en este asunto. Hay varios factores clave que debe conocer:<\/span><\/p>\n<ul>\n<li style=\"font-weight: 400;\" aria-level=\"1\"><span style=\"font-weight: 400;\">La mayor\u00eda de las demandas por muerte por negligencia deben presentarse en un plazo de dos a\u00f1os a partir de la muerte de la persona, lo que no le da mucho tiempo para tomar medidas.<\/span><\/li>\n<li style=\"font-weight: 400;\" aria-level=\"1\"><span style=\"font-weight: 400;\">El c\u00f3nyuge es normalmente la persona que debe presentar la demanda por muerte por negligencia, si la hay, y si no hay c\u00f3nyuge sobreviviente, los hijos sobrevivientes o los padres de esa persona pueden actuar en ese orden.<\/span><\/li>\n<li style=\"font-weight: 400;\" aria-level=\"1\"><span style=\"font-weight: 400;\">La familia de la persona fallecida presenta la demanda contra la parte culpable en nombre del patrimonio del difunto, lo que permite a la familia solicitar una indemnizaci\u00f3n por el sufrimiento de la persona.<\/span><\/li>\n<\/ul>\n<p><span style=\"font-weight: 400;\">La complejidad de los casos de accidentes automovil\u00edsticos fatales hace que sea fundamental contar con un abogado local con experiencia que pueda guiarlo y apoyarlo durante todo el proceso. En Slam Dunk Attorney, nuestro <\/span><b>Abogado especializado en accidentes automovil\u00edsticos fatales en Duluth<\/b><span style=\"font-weight: 400;\"> puede ayudarle a determinar si tiene un caso y qui\u00e9n debe presentarlo. Podemos trabajar en su nombre si es un familiar y depend\u00eda econ\u00f3micamente de la persona fallecida antes de su muerte.<\/span><\/p>\n\n<div class=\"cta-container map-bg row align-items-center flex-md-row-reverse\">\n    <div class=\"col-md-6\">\n        <p class=\"cta-text rs-content-cta\">Abogado especializado en accidentes automovil\u00edsticos fatales cerca de m\u00ed en Duluth <a href=\"tel:+14049513513\">404-951-3513<\/a><\/p>\n    <\/div>\n    <div class=\"col-md-6 col-bg\">\n    <\/div>\n<\/div><h2>Por qu\u00e9 debe buscar un abogado especializado en accidentes automovil\u00edsticos fatales en Duluth<\/h2>\n<p><span style=\"font-weight: 400;\">Uno de los factores m\u00e1s importantes a tener en cuenta a la hora de presentar una demanda por muerte por negligencia es que no se puede confiar simplemente en que la compa\u00f1\u00eda de seguros le ofrezca una indemnizaci\u00f3n justa. Sin la presi\u00f3n y el asesoramiento legal que aporta un abogado especializado en accidentes automovil\u00edsticos mortales, las compa\u00f1\u00edas de seguros har\u00e1n todo lo posible para minimizar la indemnizaci\u00f3n que deben pagar a la familia. Nuestro <\/span><b>Abogado especializado en accidentes automovil\u00edsticos fatales en Duluth<\/b><span style=\"font-weight: 400;\"> trabaja duro para minimizar ese riesgo de varias maneras:<\/span><\/p>\n<ul>\n<li style=\"font-weight: 400;\" aria-level=\"1\"><b>Pruebas claras del incidente<\/b>:<span style=\"font-weight: 400;\"> Trabajamos muy duro para garantizar que haya pruebas claras y verificables que respalden su solicitud de indemnizaci\u00f3n. Al aportar las pruebas, a la compa\u00f1\u00eda de seguros le resulta mucho m\u00e1s dif\u00edcil refutar las p\u00e9rdidas.<\/span><\/li>\n<li style=\"font-weight: 400;\" aria-level=\"1\"><b>Eval\u00faa todas las p\u00e9rdidas.<\/b>:<span style=\"font-weight: 400;\"> Es imposible ponerle un valor a la vida de un familiar, pero con las leyes sobre muerte por negligencia disponibles, contamos con procesos muy espec\u00edficos para evaluar cu\u00e1les podr\u00edan ser sus da\u00f1os. Perm\u00edtanos luchar por la mayor indemnizaci\u00f3n posible.<\/span><\/li>\n<li style=\"font-weight: 400;\" aria-level=\"1\"><b>Acudimos a juicio cuando es necesario.<\/b>:<span style=\"font-weight: 400;\"> Cuando llegue el momento de determinar los da\u00f1os y perjuicios justos, si la compa\u00f1\u00eda de seguros se niega a pagar lo que le corresponde, la llevaremos a juicio para demostrar las p\u00e9rdidas que le debe.<\/span><\/li>\n<\/ul>\n<p><span style=\"font-weight: 400;\">Nuestro <\/span><b>Abogado especializado en accidentes automovil\u00edsticos fatales en Duluth<\/b><span style=\"font-weight: 400;\"> tiene la experiencia en la que puede confiar en este caso tan dif\u00edcil. Si su familiar no est\u00e1 aqu\u00ed debido a las acciones de otro conductor, perm\u00edtanos buscar una indemnizaci\u00f3n completa y justa para usted. Puede contar con que trabajaremos duro para apoyarle durante todo este proceso. Nuestro equipo es de confianza y fiable.<\/span><\/p>\n\n<div class=\"cta-container row align-items-center\">\n    <div class=\"col-md-7\">\n        <p class=\"cta-text rs-content-cta\"><a class=\"no-btn\" href=\"https:\/\/slamdunkattorney.com\/es\/contact-us\/\">Haga clic para contactar<\/a> nuestros abogados especializados en accidentes automovil\u00edsticos en Duluth hoy mismo<\/p>\n    <\/div>\n    <div class=\"col-md-5\">\n        <img decoding=\"async\" src=\"https:\/\/slamdunkattorney.com\/wp-content\/themes\/slam-dunk-rebuild\/assets\/app\/img\/map-cta.jpg\" alt=\"Contact Us\" class=\"img-fluid\"\/>\n    <\/div>\n<\/div><h2>Los da\u00f1os que puede recuperar en un accidente automovil\u00edstico mortal<\/h2>\n<p><span style=\"font-weight: 400;\">En un caso de muerte por negligencia, la familia del fallecido tiene derecho a solicitar una indemnizaci\u00f3n por las p\u00e9rdidas que esa persona sufri\u00f3 como consecuencia del incidente. Nuestros abogados son exhaustivos y minuciosos en su capacidad para obtener una indemnizaci\u00f3n completa y justa. Algunos de los tipos de da\u00f1os y perjuicios que se le pueden adeudar incluyen:<\/span><\/p>\n<ul>\n<li style=\"font-weight: 400;\" aria-level=\"1\"><span style=\"font-weight: 400;\">Recuperaci\u00f3n de todos los da\u00f1os relacionados con los gastos m\u00e9dicos, incluidos los costos de la atenci\u00f3n final relacionados con el incidente.<\/span><\/li>\n<li style=\"font-weight: 400;\" aria-level=\"1\"><span style=\"font-weight: 400;\">Gastos de funeral y entierro<\/span><\/li>\n<li style=\"font-weight: 400;\" aria-level=\"1\"><span style=\"font-weight: 400;\">El dolor y el sufrimiento que padeci\u00f3 su familiar antes de su fallecimiento.<\/span><\/li>\n<li style=\"font-weight: 400;\" aria-level=\"1\"><span style=\"font-weight: 400;\">P\u00e9rdida de compa\u00f1\u00eda<\/span><\/li>\n<li style=\"font-weight: 400;\" aria-level=\"1\"><span style=\"font-weight: 400;\">P\u00e9rdidas econ\u00f3micas que puede sufrir por no tener acceso a los ingresos de su familiar.<\/span><\/li>\n<\/ul>\n<p><span style=\"font-weight: 400;\">Cada situaci\u00f3n es muy diferente, pero puede estar seguro de que nuestros abogados luchar\u00e1n sin descanso para presentar una demanda que le ayude a recuperarse de la mejor manera posible. Cuando acude a nuestros abogados, obtiene informaci\u00f3n honesta y un apoyo incansable. Conf\u00ede en nuestro equipo ahora mismo para recibir asesoramiento inmediato.<\/span><\/p>\n\n<div class=\"cta-container map-bg row align-items-center flex-md-row-reverse\">\n    <div class=\"col-md-6\">\n        <p class=\"cta-text rs-content-cta\">Completa un <a href=\"https:\/\/slamdunkattorney.com\/es\/contact-us\/\">Formulario de evaluaci\u00f3n gratuita de su caso<\/a> ahora<\/p>\n    <\/div>\n    <div class=\"col-md-6 col-bg\">\n    <\/div>\n<\/div><h2>Programe una consulta gratuita con nuestros abogados especializados en accidentes automovil\u00edsticos fatales.<\/h2>\n<p><span style=\"font-weight: 400;\">Nuestro <\/span><b>Abogado especializado en accidentes automovil\u00edsticos fatales en Duluth<\/b><span style=\"font-weight: 400;\"> est\u00e1 listo para luchar por obtener el mejor resultado posible para usted. Deje que nuestro equipo legal le ayude a obtener la compensaci\u00f3n econ\u00f3mica que necesita para reconstruir su vida y reestructurar su futuro en un momento tan dif\u00edcil.<\/span><\/p>\n<p><span style=\"font-weight: 400;\">Concierte hoy mismo una consulta gratuita y sin compromiso con nuestro equipo de Slam Dunk Attorney.<\/span><\/p>\n\n<div class=\"cta-container row align-items-center\">\n    <div class=\"col-md-7\">\n        <p class=\"cta-text rs-content-cta\">Llame o env\u00ede un mensaje de texto <a class=\"no-btn\" href=\"tel:+14049513513\">404-951-3513<\/a> o completar un <a href=\"https:\/\/slamdunkattorney.com\/es\/contact-us\/\">Formulario de evaluaci\u00f3n gratuita de su caso<\/a><\/p>\n    <\/div>\n    <div class=\"col-md-5\">\n        <img decoding=\"async\" src=\"https:\/\/slamdunkattorney.com\/wp-content\/themes\/slam-dunk-rebuild\/assets\/app\/img\/map-cta.jpg\" alt=\"Call or Text\" class=\"img-fluid\"\/>\n    <\/div>\n<\/div>","protected":false},"excerpt":{"rendered":"<p>The loss of a family member in a car accident caused by another person\u2019s negligence or recklessness is incredibly challenging and heartbreaking. At Slam Dunk Attorney, called the best law firm in town by clients, our Duluth car accident lawyer knows how to hold those who hurt your family accountable for what they have caused. &#8230;<\/p>","protected":false},"author":2,"featured_media":0,"parent":37,"menu_order":0,"comment_status":"closed","ping_status":"closed","template":"","meta":{"_acf_changed":false,"_genesis_hide_title":false,"_genesis_hide_breadcrumbs":false,"_genesis_hide_singular_image":false,"_genesis_hide_footer_widgets":false,"_genesis_custom_body_class":"","_genesis_custom_post_class":"","_genesis_layout":"","ngg_post_thumbnail":0,"footnotes":""},"extra-categories":[],"hc_faqs":[],"class_list":{"0":"post-6062","1":"page","2":"type-page","3":"status-publish","5":"hc_city_location-duluth","6":"entry"},"acf":[],"yoast_head":"<!-- This site is optimized with the Yoast SEO plugin v27.4 - https:\/\/yoast.com\/product\/yoast-seo-wordpress\/ -->\n<title>Fatal Car Accident Lawyer in Duluth | Free Consultations<\/title>\n<meta name=\"description\" content=\"Duluth Fatal Car Accident Lawyer: Slam Dunk Attorney has helped thousands of Georgia clients. No Win, No Fee.\" \/>\n<meta name=\"robots\" content=\"index, follow, max-snippet:-1, max-image-preview:large, max-video-preview:-1\" \/>\n<link rel=\"canonical\" href=\"https:\/\/slamdunkattorney.com\/es\/duluth\/car-accident-lawyer\/fatal\/\" \/>\n<meta property=\"og:locale\" content=\"es_MX\" \/>\n<meta property=\"og:type\" content=\"article\" \/>\n<meta property=\"og:title\" content=\"Fatal Car Accident Lawyer in Duluth | Free Consultations\" \/>\n<meta property=\"og:description\" content=\"Duluth Fatal Car Accident Lawyer: Slam Dunk Attorney has helped thousands of Georgia clients. No Win, No Fee.\" \/>\n<meta property=\"og:url\" content=\"https:\/\/slamdunkattorney.com\/es\/duluth\/car-accident-lawyer\/fatal\/\" \/>\n<meta property=\"og:site_name\" content=\"Slam Dunk Attorney | Injury Lawyers\" \/>\n<meta property=\"article:publisher\" content=\"https:\/\/www.facebook.com\/slamdunkattorneyinjurylawyers\/\" \/>\n<meta property=\"article:modified_time\" content=\"2025-06-03T07:23:44+00:00\" \/>\n<meta property=\"og:image\" content=\"https:\/\/slamdunkattorney.com\/wp-content\/uploads\/2023\/05\/cropped-Logo.png\" \/>\n\t<meta property=\"og:image:width\" content=\"1080\" \/>\n\t<meta property=\"og:image:height\" content=\"240\" \/>\n\t<meta property=\"og:image:type\" content=\"image\/png\" \/>\n<meta name=\"twitter:card\" content=\"summary_large_image\" \/>\n<meta name=\"twitter:site\" content=\"@slamdunkattorney\" \/>\n<meta name=\"twitter:label1\" content=\"Est. reading time\" \/>\n\t<meta name=\"twitter:data1\" content=\"5 minutos\" \/>\n<script type=\"application\/ld+json\" class=\"yoast-schema-graph\">{\"@context\":\"https:\\\/\\\/schema.org\",\"@graph\":[{\"@type\":\"WebPage\",\"@id\":\"https:\\\/\\\/slamdunkattorney.com\\\/duluth\\\/car-accident-lawyer\\\/fatal\\\/\",\"url\":\"https:\\\/\\\/slamdunkattorney.com\\\/duluth\\\/car-accident-lawyer\\\/fatal\\\/\",\"name\":\"Fatal Car Accident Lawyer in Duluth | Free Consultations\",\"isPartOf\":{\"@id\":\"https:\\\/\\\/slamdunkattorney.com\\\/#website\"},\"datePublished\":\"2024-07-10T12:51:04+00:00\",\"dateModified\":\"2025-06-03T07:23:44+00:00\",\"description\":\"Duluth Fatal Car Accident Lawyer: Slam Dunk Attorney has helped thousands of Georgia clients. No Win, No Fee.\",\"breadcrumb\":{\"@id\":\"https:\\\/\\\/slamdunkattorney.com\\\/duluth\\\/car-accident-lawyer\\\/fatal\\\/#breadcrumb\"},\"inLanguage\":\"es\",\"potentialAction\":[{\"@type\":\"ReadAction\",\"target\":[\"https:\\\/\\\/slamdunkattorney.com\\\/duluth\\\/car-accident-lawyer\\\/fatal\\\/\"]}]},{\"@type\":\"BreadcrumbList\",\"@id\":\"https:\\\/\\\/slamdunkattorney.com\\\/duluth\\\/car-accident-lawyer\\\/fatal\\\/#breadcrumb\",\"itemListElement\":[{\"@type\":\"ListItem\",\"position\":1,\"name\":\"Home\",\"item\":\"https:\\\/\\\/slamdunkattorney.com\\\/\"},{\"@type\":\"ListItem\",\"position\":2,\"name\":\"Duluth, GA Personal Injury Lawyer\",\"item\":\"https:\\\/\\\/slamdunkattorney.com\\\/\"},{\"@type\":\"ListItem\",\"position\":3,\"name\":\"Duluth Car Accident Lawyer\",\"item\":\"https:\\\/\\\/slamdunkattorney.com\\\/duluth\\\/car-accident-lawyer\\\/\"},{\"@type\":\"ListItem\",\"position\":4,\"name\":\"Fatal Car Accident\"}]},{\"@type\":\"WebSite\",\"@id\":\"https:\\\/\\\/slamdunkattorney.com\\\/#website\",\"url\":\"https:\\\/\\\/slamdunkattorney.com\\\/\",\"name\":\"Slam Dunk Attorney | Injury Lawyers\",\"description\":\"Duluth Personal Injury Lawyers\",\"publisher\":{\"@id\":\"https:\\\/\\\/slamdunkattorney.com\\\/#organization\"},\"alternateName\":\"Slam Dunk Attorney\",\"inLanguage\":\"es\"},{\"@type\":\"Organization\",\"@id\":\"https:\\\/\\\/slamdunkattorney.com\\\/#organization\",\"name\":\"Slam Dunk Attorney\",\"alternateName\":\"Slam Dunk\",\"url\":\"https:\\\/\\\/slamdunkattorney.com\\\/\",\"logo\":{\"@type\":\"ImageObject\",\"inLanguage\":\"es\",\"@id\":\"https:\\\/\\\/slamdunkattorney.com\\\/#\\\/schema\\\/logo\\\/image\\\/\",\"url\":\"https:\\\/\\\/slamdunkattorney.com\\\/wp-content\\\/uploads\\\/2023\\\/05\\\/cropped-Logo.png\",\"contentUrl\":\"https:\\\/\\\/slamdunkattorney.com\\\/wp-content\\\/uploads\\\/2023\\\/05\\\/cropped-Logo.png\",\"width\":1080,\"height\":240,\"caption\":\"Slam Dunk Attorney\"},\"image\":{\"@id\":\"https:\\\/\\\/slamdunkattorney.com\\\/#\\\/schema\\\/logo\\\/image\\\/\"},\"sameAs\":[\"https:\\\/\\\/www.facebook.com\\\/slamdunkattorneyinjurylawyers\\\/\",\"https:\\\/\\\/x.com\\\/slamdunkattorney\",\"https:\\\/\\\/www.instagram.com\\\/slamdunkattorney\\\/\",\"https:\\\/\\\/www.youtube.com\\\/channel\\\/UCSrOiC7vOjlCi3UgtIVGNtw\",\"https:\\\/\\\/www.linkedin.com\\\/company\\\/slamdunkattorneyinjurylawyers\"]}]}<\/script>\n<!-- \/ Yoast SEO plugin. -->","yoast_head_json":{"title":"Fatal Car Accident Lawyer in Duluth | Free Consultations","description":"Duluth Fatal Car Accident Lawyer: Slam Dunk Attorney has helped thousands of Georgia clients. No Win, No Fee.","robots":{"index":"index","follow":"follow","max-snippet":"max-snippet:-1","max-image-preview":"max-image-preview:large","max-video-preview":"max-video-preview:-1"},"canonical":"https:\/\/slamdunkattorney.com\/es\/duluth\/car-accident-lawyer\/fatal\/","og_locale":"es_MX","og_type":"article","og_title":"Fatal Car Accident Lawyer in Duluth | Free Consultations","og_description":"Duluth Fatal Car Accident Lawyer: Slam Dunk Attorney has helped thousands of Georgia clients. No Win, No Fee.","og_url":"https:\/\/slamdunkattorney.com\/es\/duluth\/car-accident-lawyer\/fatal\/","og_site_name":"Slam Dunk Attorney | Injury Lawyers","article_publisher":"https:\/\/www.facebook.com\/slamdunkattorneyinjurylawyers\/","article_modified_time":"2025-06-03T07:23:44+00:00","og_image":[{"width":1080,"height":240,"url":"https:\/\/slamdunkattorney.com\/wp-content\/uploads\/2023\/05\/cropped-Logo.png","type":"image\/png"}],"twitter_card":"summary_large_image","twitter_site":"@slamdunkattorney","twitter_misc":{"Est. reading time":"5 minutos"},"schema":{"@context":"https:\/\/schema.org","@graph":[{"@type":"WebPage","@id":"https:\/\/slamdunkattorney.com\/duluth\/car-accident-lawyer\/fatal\/","url":"https:\/\/slamdunkattorney.com\/duluth\/car-accident-lawyer\/fatal\/","name":"Fatal Car Accident Lawyer in Duluth | Free Consultations","isPartOf":{"@id":"https:\/\/slamdunkattorney.com\/#website"},"datePublished":"2024-07-10T12:51:04+00:00","dateModified":"2025-06-03T07:23:44+00:00","description":"Duluth Fatal Car Accident Lawyer: Slam Dunk Attorney has helped thousands of Georgia clients. No Win, No Fee.","breadcrumb":{"@id":"https:\/\/slamdunkattorney.com\/duluth\/car-accident-lawyer\/fatal\/#breadcrumb"},"inLanguage":"es","potentialAction":[{"@type":"ReadAction","target":["https:\/\/slamdunkattorney.com\/duluth\/car-accident-lawyer\/fatal\/"]}]},{"@type":"BreadcrumbList","@id":"https:\/\/slamdunkattorney.com\/duluth\/car-accident-lawyer\/fatal\/#breadcrumb","itemListElement":[{"@type":"ListItem","position":1,"name":"Home","item":"https:\/\/slamdunkattorney.com\/"},{"@type":"ListItem","position":2,"name":"Duluth, GA Personal Injury Lawyer","item":"https:\/\/slamdunkattorney.com\/"},{"@type":"ListItem","position":3,"name":"Duluth Car Accident Lawyer","item":"https:\/\/slamdunkattorney.com\/duluth\/car-accident-lawyer\/"},{"@type":"ListItem","position":4,"name":"Fatal Car Accident"}]},{"@type":"WebSite","@id":"https:\/\/slamdunkattorney.com\/#website","url":"https:\/\/slamdunkattorney.com\/","name":"Abogado experto en lesiones | Abogados especializados en lesiones","description":"Abogados de lesiones personales en Duluth","publisher":{"@id":"https:\/\/slamdunkattorney.com\/#organization"},"alternateName":"Slam Dunk Attorney","inLanguage":"es"},{"@type":"Organization","@id":"https:\/\/slamdunkattorney.com\/#organization","name":"Abogado Slam Dunk","alternateName":"Slam Dunk","url":"https:\/\/slamdunkattorney.com\/","logo":{"@type":"ImageObject","inLanguage":"es","@id":"https:\/\/slamdunkattorney.com\/#\/schema\/logo\/image\/","url":"https:\/\/slamdunkattorney.com\/wp-content\/uploads\/2023\/05\/cropped-Logo.png","contentUrl":"https:\/\/slamdunkattorney.com\/wp-content\/uploads\/2023\/05\/cropped-Logo.png","width":1080,"height":240,"caption":"Slam Dunk Attorney"},"image":{"@id":"https:\/\/slamdunkattorney.com\/#\/schema\/logo\/image\/"},"sameAs":["https:\/\/www.facebook.com\/slamdunkattorneyinjurylawyers\/","https:\/\/x.com\/slamdunkattorney","https:\/\/www.instagram.com\/slamdunkattorney\/","https:\/\/www.youtube.com\/channel\/UCSrOiC7vOjlCi3UgtIVGNtw","https:\/\/www.linkedin.com\/company\/slamdunkattorneyinjurylawyers"]}]}},"yoast_meta":{"yoast_wpseo_title":"","yoast_wpseo_metadesc":"","yoast_wpseo_canonical":"https:\/\/slamdunkattorney.com\/es\/wp-json\/wp\/v2\/pages\/6062"},"_links":{"self":[{"href":"https:\/\/slamdunkattorney.com\/es\/wp-json\/wp\/v2\/pages\/6062","targetHints":{"allow":["GET"]}}],"collection":[{"href":"https:\/\/slamdunkattorney.com\/es\/wp-json\/wp\/v2\/pages"}],"about":[{"href":"https:\/\/slamdunkattorney.com\/es\/wp-json\/wp\/v2\/types\/page"}],"author":[{"embeddable":true,"href":"https:\/\/slamdunkattorney.com\/es\/wp-json\/wp\/v2\/users\/2"}],"replies":[{"embeddable":true,"href":"https:\/\/slamdunkattorney.com\/es\/wp-json\/wp\/v2\/comments?post=6062"}],"version-history":[{"count":0,"href":"https:\/\/slamdunkattorney.com\/es\/wp-json\/wp\/v2\/pages\/6062\/revisions"}],"up":[{"embeddable":true,"href":"https:\/\/slamdunkattorney.com\/es\/wp-json\/wp\/v2\/pages\/37"}],"wp:attachment":[{"href":"https:\/\/slamdunkattorney.com\/es\/wp-json\/wp\/v2\/media?parent=6062"}],"wp:term":[{"taxonomy":"extra-categories","embeddable":true,"href":"https:\/\/slamdunkattorney.com\/es\/wp-json\/wp\/v2\/extra-categories?post=6062"},{"taxonomy":"hc_faqs","embeddable":true,"href":"https:\/\/slamdunkattorney.com\/es\/wp-json\/wp\/v2\/hc_faqs?post=6062"}],"curies":[{"name":"wp","href":"https:\/\/api.w.org\/{rel}","templated":true}]}}