{"id":6061,"date":"2024-07-10T12:48:21","date_gmt":"2024-07-10T12:48:21","guid":{"rendered":"https:\/\/slamdunk.wpenginepowered.com\/?page_id=6061"},"modified":"2025-05-16T22:59:12","modified_gmt":"2025-05-16T22:59:12","slug":"duluth-car-accident-lawyer-rideshare-accidents-lyft","status":"publish","type":"page","link":"https:\/\/slamdunkattorney.com\/es\/duluth\/car-accident-lawyer\/rideshare-accidents\/lyft\/","title":{"rendered":"Abogado especializado en accidentes de Lyft en Duluth"},"content":{"rendered":"<p><span style=\"font-weight: 400;\">Los servicios de transporte compartido como Lyft facilitan los desplazamientos por Duluth de forma eficiente, ya que ofrecen un transporte r\u00e1pido y asequible. Sin embargo, los conductores de Lyft y sus pasajeros no est\u00e1n exentos de sufrir accidentes que pueden provocar lesiones costosas a los pasajeros y a otros conductores. Saber c\u00f3mo proceder con las acciones legales en un accidente de Lyft en Duluth puede resultar complicado.\u00a0<\/span><\/p>\n<p><span style=\"font-weight: 400;\">Trabajar con un <\/span><a href=\"https:\/\/slamdunkattorney.com\/es\/duluth\/car-accident-lawyer\/rideshare-accidents\/\">Abogado especializado en accidentes de veh\u00edculos compartidos en Duluth<\/a><span style=\"font-weight: 400;\"> puede facilitar la reclamaci\u00f3n de una indemnizaci\u00f3n por los da\u00f1os sufridos. P\u00f3ngase en contacto con Slam Dunk Attorney si necesita un abogado especializado en accidentes de veh\u00edculos compartidos en Duluth que le mantenga informado semanalmente sobre su caso. Somos abogados litigantes expertos en llevar casos de accidentes de Lyft ante los tribunales para obtener la m\u00e1xima indemnizaci\u00f3n por los da\u00f1os sufridos.<\/span><\/p>\n<h2>C\u00f3mo puede ayudarle un abogado especializado en accidentes de Lyft en Duluth<\/h2>\n<p><span style=\"font-weight: 400;\">Determinar qui\u00e9n es responsable de indemnizarle por los da\u00f1os sufridos en un accidente de Lyft en Duluth es una cuesti\u00f3n compleja. A<\/span> <a href=\"https:\/\/slamdunkattorney.com\/es\/duluth\/car-accident-lawyer\/\">Abogado especializado en accidentes automovil\u00edsticos en Duluth<\/a><span style=\"font-weight: 400;\"> puede aclarar la confusi\u00f3n que supone determinar la negligencia en un accidente de Lyft, ayud\u00e1ndole a navegar por el proceso legal. Los servicios que le ofrece un abogado especializado en accidentes de Lyft en Duluth pueden incluir:<\/span><\/p>\n<ul>\n<li style=\"font-weight: 400;\" aria-level=\"1\"><span style=\"font-weight: 400;\">Una investigaci\u00f3n exhaustiva de los hechos para determinar qui\u00e9n es responsable de sus da\u00f1os.<\/span><\/li>\n<li style=\"font-weight: 400;\" aria-level=\"1\"><span style=\"font-weight: 400;\">Ayudar en la recopilaci\u00f3n de documentaci\u00f3n esencial, especialmente pruebas urgentes, en un caso en el que tal vez no se pueda acceder a ella sin iniciar una acci\u00f3n legal.<\/span><\/li>\n<li style=\"font-weight: 400;\" aria-level=\"1\"><span style=\"font-weight: 400;\">Proporcionamos una evaluaci\u00f3n exhaustiva de sus da\u00f1os para determinar la indemnizaci\u00f3n a la que tiene derecho.<\/span><\/li>\n<li style=\"font-weight: 400;\" aria-level=\"1\"><span style=\"font-weight: 400;\">Esfuerzos por negociar un acuerdo justo con la compa\u00f1\u00eda de seguros.<\/span><\/li>\n<li style=\"font-weight: 400;\" aria-level=\"1\"><span style=\"font-weight: 400;\">Lucharemos por usted en los tribunales cuando las ofertas de acuerdo poco razonables no satisfagan sus necesidades.<\/span><\/li>\n<\/ul>\n<p><span style=\"font-weight: 400;\">Tener un <a href=\"https:\/\/slamdunkattorney.com\/es\/\">abogado especializado en lesiones personales en Duluth<\/a> a tu lado es vital para tu recuperaci\u00f3n, incluso <\/span><a href=\"https:\/\/slamdunkattorney.com\/es\/blog\/do-i-need-a-lawyer-for-a-car-accident-that-wasnt-my-fault-car-accident-lawyer-duluth-georgia\/\"><span style=\"font-weight: 400;\">cuando un accidente automovil\u00edstico no es culpa tuya<\/span><\/a><span style=\"font-weight: 400;\">. Como gran empresa, Lyft cuenta con abogados experimentados que representan sus mejores intereses. Nuestro objetivo es garantizar sus mejores intereses a lo largo de todo el proceso legal.<\/span><\/p>\n\n<div class=\"cta-container row align-items-center\">\n    <div class=\"col-md-7\">\n        <p class=\"cta-text rs-content-cta\">Orgullosos de servir a Duluth y a todo Georgia <span>\u00a1Cont\u00e1ctenos para comenzar su recuperaci\u00f3n!<\/span> <a href=\"https:\/\/slamdunkattorney.com\/es\/\">Explore nuestras \u00e1reas de pr\u00e1ctica<\/a><\/p>\n    <\/div>\n    <div class=\"col-md-5\">\n        <img decoding=\"async\" src=\"https:\/\/slamdunkattorney.com\/wp-content\/themes\/slam-dunk-rebuild\/assets\/app\/img\/map-cta.jpg\" alt=\"Legal Consultation\" class=\"img-fluid\"\/>\n    <\/div>\n<\/div><h2>\u00bfPor qu\u00e9 elegirnos?<\/h2>\n<p><span style=\"font-weight: 400;\">Slam Dunk Attorney cree que cada cliente debe ser tratado con honestidad e integridad. Nos apasiona su recuperaci\u00f3n financiera, f\u00edsica y emocional. Trabajamos para poner a nuestros clientes en contacto con los proveedores m\u00e9dicos adecuados que puedan ayudarles a aumentar sus posibilidades de una recuperaci\u00f3n completa, adem\u00e1s de proporcionarles estos servicios de calidad:<\/span><\/p>\n<ul>\n<li style=\"font-weight: 400;\" aria-level=\"1\"><span style=\"font-weight: 400;\">Un enfoque transparente y un debate abierto sobre qu\u00e9 esperar en una posible indemnizaci\u00f3n por accidente de Lyft.<\/span><\/li>\n<li style=\"font-weight: 400;\" aria-level=\"1\"><span style=\"font-weight: 400;\">Comunicaci\u00f3n constante desde el inicio hasta el final de su caso.<\/span><\/li>\n<li style=\"font-weight: 400;\" aria-level=\"1\"><span style=\"font-weight: 400;\">Una relaci\u00f3n de confianza que le permite sentirse seguro con el servicio que le ofrecemos.<\/span><\/li>\n<li style=\"font-weight: 400;\" aria-level=\"1\"><span style=\"font-weight: 400;\">Un defensor que colaborar\u00e1 con las empresas de facturaci\u00f3n m\u00e9dica para minimizar los costos totales de su atenci\u00f3n m\u00e9dica y mejorar el valor de su acuerdo o caso.<\/span><\/li>\n<li style=\"font-weight: 400;\" aria-level=\"1\"><span style=\"font-weight: 400;\">Representaci\u00f3n legal profesional en las ciudades cercanas a Duluth<\/span><\/li>\n<\/ul>\n<p><span style=\"font-weight: 400;\">Conozca m\u00e1s <\/span><a href=\"https:\/\/slamdunkattorney.com\/es\/about-us\/\"><span style=\"font-weight: 400;\">qui\u00e9nes somos<\/span><\/a><span style=\"font-weight: 400;\"> cuando programa una consulta gratuita. Somos oponentes formidables, preparados para estar a su lado y apoyar su caso, enfrent\u00e1ndonos a la industria de los seguros. Aunque no es obligatorio trabajar con un abogado para <\/span><a href=\"https:\/\/slamdunkattorney.com\/es\/faqs\/how-do-i-negotiate-a-settlement-agreement\/\"><span style=\"font-weight: 400;\">negociar un acuerdo de conciliaci\u00f3n<\/span><\/a><span style=\"font-weight: 400;\">, Aunque no podemos garantizar un monto espec\u00edfico de liquidaci\u00f3n, muchos de nuestros clientes han obtenido resultados m\u00e1s favorables en su proceso de indemnizaci\u00f3n gracias a nuestra representaci\u00f3n.<\/span><\/p>\n\n<div class=\"cta-container map-bg row align-items-center flex-md-row-reverse\">\n    <div class=\"col-md-6\">\n        <p class=\"cta-text rs-content-cta\">Abogado especializado en accidentes de Lyft cerca de m\u00ed en Duluth <a href=\"tel:+14049513513\">404-951-3513<\/a><\/p>\n    <\/div>\n    <div class=\"col-md-6 col-bg\">\n    <\/div>\n<\/div><h2>Presentar una reclamaci\u00f3n o demanda por da\u00f1os y perjuicios contra Lyft en Duluth<\/h2>\n<p><span style=\"font-weight: 400;\">Como cliente de Lyft o persona atropellada por un conductor de Lyft en servicio, es posible que asuma autom\u00e1ticamente que Lyft es responsable de los da\u00f1os sufridos en un accidente automovil\u00edstico. <\/span><a href=\"https:\/\/help.lyft.com\/hc\/en-us\/all\/articles\/115013080548-Insurance-coverage-while-driving-with-lyft\" target=\"_blank\" rel=\"noopener\"><span style=\"font-weight: 400;\">Cobertura del seguro de Lyft<\/span><\/a><span style=\"font-weight: 400;\"> Solo se aplicar\u00e1 cuando el conductor culpable est\u00e9 de servicio y haya iniciado sesi\u00f3n en la aplicaci\u00f3n, haya aceptado un transporte o est\u00e9 transportando a otro pasajero.<\/span><\/p>\n<p><span style=\"font-weight: 400;\">Otros conductores tambi\u00e9n pueden ser responsables de sus lesiones, lo que le obligar\u00eda a solicitar una indemnizaci\u00f3n a su compa\u00f1\u00eda de seguros, reclamar una indemnizaci\u00f3n a trav\u00e9s de su p\u00f3liza si esta contiene <\/span><a href=\"https:\/\/oci.georgia.gov\/insurance-resources\/auto\" target=\"_blank\" rel=\"noopener\"><span style=\"font-weight: 400;\">cobertura para conductores sin seguro (UM)<\/span><\/a><span style=\"font-weight: 400;\">, o entablar una demanda personal contra un conductor sin seguro que te haya atropellado.<\/span><\/p>\n<p><span style=\"font-weight: 400;\">Los conductores de Lyft tambi\u00e9n pueden contratar p\u00f3lizas de seguro comercial de forma opcional. Lyft exige a los conductores que cuenten con p\u00f3lizas de seguro personales que cumplan con los requisitos m\u00ednimos estatales, que generalmente incluyen excepciones por uso comercial, lo que niega o limita significativamente la cobertura de accidentes que ocurran cuando un autom\u00f3vil se utiliza con fines comerciales.<\/span><\/p>\n<p><span style=\"font-weight: 400;\">Dependiendo del tipo de cobertura que tenga el conductor, es posible que tengas que solicitar una indemnizaci\u00f3n al seguro del conductor antes de que se aplique la cobertura de la p\u00f3liza de seguro de Lyft.\u00a0<\/span><\/p>\n<p><span style=\"font-weight: 400;\">Debido a que los conductores de Lyft son reconocidos por ley como contratistas independientes de la empresa, las limitaciones en las responsabilidades de Lyft hacia los pasajeros lesionados u otros conductores atropellados por un conductor de Lyft a menudo dificultan la obtenci\u00f3n de una indemnizaci\u00f3n adecuada. En los casos en que las lesiones causadas por un conductor de Lyft en servicio sean graves, es posible que el equipo de seguros de Lyft se ponga en contacto con usted para ofrecerle una resoluci\u00f3n r\u00e1pida de su reclamaci\u00f3n.<\/span><\/p>\n<p><span style=\"font-weight: 400;\">Siempre es conveniente buscar la orientaci\u00f3n experta de un <\/span><b><i>Abogado especializado en accidentes de Lyft en Duluth<\/i><\/b><span style=\"font-weight: 400;\"> para garantizar que la oferta de acuerdo sea justa para usted y que el monto de la cobertura de su p\u00f3liza sea aceptable para satisfacer sus necesidades de indemnizaci\u00f3n.\u00a0<\/span><\/p>\n\n<div class=\"cta-container row align-items-center\">\n    <div class=\"col-md-7\">\n        <p class=\"cta-text rs-content-cta\"><a class=\"no-btn\" href=\"https:\/\/slamdunkattorney.com\/es\/contact-us\/\">Haga clic para contactar<\/a> Nuestros abogados especializados en accidentes de veh\u00edculos compartidos en Duluth hoy mismo.<\/p>\n    <\/div>\n    <div class=\"col-md-5\">\n        <img decoding=\"async\" src=\"https:\/\/slamdunkattorney.com\/wp-content\/themes\/slam-dunk-rebuild\/assets\/app\/img\/map-cta.jpg\" alt=\"Contact Us\" class=\"img-fluid\"\/>\n    <\/div>\n<\/div><h2>Posibles da\u00f1os en un accidente de Lyft en Duluth<\/h2>\n<p><span style=\"font-weight: 400;\">Saber <\/span><a href=\"https:\/\/slamdunkattorney.com\/es\/faqs\/how-much-to-expect-from-a-car-accident-settlement\/\"><span style=\"font-weight: 400;\">cu\u00e1nto esperar de un acuerdo por accidente automovil\u00edstico<\/span><\/a><span style=\"font-weight: 400;\"> depender\u00e1 de los gastos en los que incurra debido a la negligencia del conductor culpable. Adem\u00e1s, si usted es el conductor de un veh\u00edculo involucrado en un accidente con un conductor de Lyft, es posible que tenga responsabilidad parcial por el accidente. Su indemnizaci\u00f3n por los siguientes da\u00f1os puede reducirse en funci\u00f3n de su porcentaje de culpa, de acuerdo con <\/span><span style=\"font-weight: 400;\">Leyes modificadas de negligencia comparativa de Georgia<\/span><span style=\"font-weight: 400;\">:<\/span><\/p>\n<ul>\n<li style=\"font-weight: 400;\" aria-level=\"1\"><span style=\"font-weight: 400;\">Todos los gastos m\u00e9dicos y medicamentos.<\/span><\/li>\n<li style=\"font-weight: 400;\" aria-level=\"1\"><span style=\"font-weight: 400;\">P\u00e9rdida de ingresos, salarios y posibles bonificaciones.\u00a0<\/span><\/li>\n<li style=\"font-weight: 400;\" aria-level=\"1\"><span style=\"font-weight: 400;\">Gastos de bolsillo, como gastos de viaje y alquiler de equipo m\u00e9dico.<\/span><\/li>\n<li style=\"font-weight: 400;\" aria-level=\"1\"><span style=\"font-weight: 400;\">Dolor y sufrimiento<\/span><\/li>\n<\/ul>\n<p><span style=\"font-weight: 400;\">La mayor\u00eda de las demandas deben presentarse en un plazo de dos a\u00f1os a partir de la fecha. <\/span><span style=\"font-weight: 400;\">lesiones a la persona<\/span><span style=\"font-weight: 400;\"> ocurrir. Sin embargo, pueden aplicarse varias excepciones a esta ley, por lo que es fundamental buscar la asistencia de un <\/span><b><i>Abogado especializado en accidentes de Lyft en Duluth<\/i><\/b><span style=\"font-weight: 400;\"> lo antes posible. No se demore ni ponga en peligro su derecho legal a recibir una indemnizaci\u00f3n.\u00a0<\/span><\/p>\n\n<div class=\"cta-container map-bg row align-items-center flex-md-row-reverse\">\n    <div class=\"col-md-6\">\n        <p class=\"cta-text rs-content-cta\">Completa un <a href=\"https:\/\/slamdunkattorney.com\/es\/contact-us\/\">Formulario de evaluaci\u00f3n gratuita de su caso<\/a> ahora<\/p>\n    <\/div>\n    <div class=\"col-md-6 col-bg\">\n    <\/div>\n<\/div><h2>P\u00f3ngase en contacto con un abogado especializado en accidentes de Lyft en Duluth<\/h2>\n<p><span style=\"font-weight: 400;\">Slam Dunk Attorney antepone sus necesidades y le ayuda a iniciar el proceso de indemnizaci\u00f3n con una consulta gratuita. Deje que un abogado de confianza especializado en accidentes de Lyft en Duluth le represente en el proceso de reclamaci\u00f3n y lleve su caso a los tribunales cuando sea necesario.<\/span><\/p>\n<p><span style=\"font-weight: 400;\">Nuestra r\u00e1pida respuesta nos permite ayudarle a dar los primeros pasos y asistirle hasta que su caso est\u00e9 resuelto.<\/span><\/p>\n\n<div class=\"cta-container row align-items-center\">\n    <div class=\"col-md-7\">\n        <p class=\"cta-text rs-content-cta\">Llame o env\u00ede un mensaje de texto <a class=\"no-btn\" href=\"tel:+14049513513\">404-951-3513<\/a> o completar un <a href=\"https:\/\/slamdunkattorney.com\/es\/contact-us\/\">Formulario de evaluaci\u00f3n gratuita de su caso<\/a><\/p>\n    <\/div>\n    <div class=\"col-md-5\">\n        <img decoding=\"async\" src=\"https:\/\/slamdunkattorney.com\/wp-content\/themes\/slam-dunk-rebuild\/assets\/app\/img\/map-cta.jpg\" alt=\"Call or Text\" class=\"img-fluid\"\/>\n    <\/div>\n<\/div>","protected":false},"excerpt":{"rendered":"<p>Rideshares like Lyft make it simple to travel around Duluth efficiently, providing quick, affordable transportation. However, Lyft drivers and their passengers are not exempt from accidents resulting in potentially costly injuries to passengers and other drivers. Knowing how to proceed with legal action in a Duluth Lyft accident can be challenging.\u00a0 Working with a Duluth &#8230;<\/p>","protected":false},"author":2,"featured_media":0,"parent":6059,"menu_order":0,"comment_status":"closed","ping_status":"closed","template":"","meta":{"_acf_changed":false,"_genesis_hide_title":false,"_genesis_hide_breadcrumbs":false,"_genesis_hide_singular_image":false,"_genesis_hide_footer_widgets":false,"_genesis_custom_body_class":"","_genesis_custom_post_class":"","_genesis_layout":"","ngg_post_thumbnail":0,"footnotes":""},"extra-categories":[],"hc_faqs":[],"class_list":{"0":"post-6061","1":"page","2":"type-page","3":"status-publish","5":"hc_city_location-duluth","6":"entry"},"acf":[],"yoast_head":"<!-- This site is optimized with the Yoast SEO plugin v27.4 - https:\/\/yoast.com\/product\/yoast-seo-wordpress\/ -->\n<title>Lyft Accident Lawyer in Duluth | Free Consultations<\/title>\n<meta name=\"description\" content=\"Duluth Lyft Accident Lawyer: Slam Dunk Attorney has helped thousands of Georgia clients. No Win, No Fee.\" \/>\n<meta name=\"robots\" content=\"index, follow, max-snippet:-1, max-image-preview:large, max-video-preview:-1\" \/>\n<link rel=\"canonical\" href=\"https:\/\/slamdunkattorney.com\/es\/duluth\/car-accident-lawyer\/rideshare-accidents\/lyft\/\" \/>\n<meta property=\"og:locale\" content=\"es_MX\" \/>\n<meta property=\"og:type\" content=\"article\" \/>\n<meta property=\"og:title\" content=\"Lyft Accident Lawyer in Duluth | Free Consultations\" \/>\n<meta property=\"og:description\" content=\"Duluth Lyft Accident Lawyer: Slam Dunk Attorney has helped thousands of Georgia clients. No Win, No Fee.\" \/>\n<meta property=\"og:url\" content=\"https:\/\/slamdunkattorney.com\/es\/duluth\/car-accident-lawyer\/rideshare-accidents\/lyft\/\" \/>\n<meta property=\"og:site_name\" content=\"Slam Dunk Attorney | Injury Lawyers\" \/>\n<meta property=\"article:publisher\" content=\"https:\/\/www.facebook.com\/slamdunkattorneyinjurylawyers\/\" \/>\n<meta property=\"article:modified_time\" content=\"2025-05-16T22:59:12+00:00\" \/>\n<meta property=\"og:image\" content=\"https:\/\/slamdunkattorney.com\/wp-content\/uploads\/2023\/05\/cropped-Logo.png\" \/>\n\t<meta property=\"og:image:width\" content=\"1080\" \/>\n\t<meta property=\"og:image:height\" content=\"240\" \/>\n\t<meta property=\"og:image:type\" content=\"image\/png\" \/>\n<meta name=\"twitter:card\" content=\"summary_large_image\" \/>\n<meta name=\"twitter:site\" content=\"@slamdunkattorney\" \/>\n<meta name=\"twitter:label1\" content=\"Est. reading time\" \/>\n\t<meta name=\"twitter:data1\" content=\"5 minutos\" \/>\n<script type=\"application\/ld+json\" class=\"yoast-schema-graph\">{\"@context\":\"https:\\\/\\\/schema.org\",\"@graph\":[{\"@type\":\"WebPage\",\"@id\":\"https:\\\/\\\/slamdunkattorney.com\\\/duluth\\\/car-accident-lawyer\\\/rideshare-accidents\\\/lyft\\\/\",\"url\":\"https:\\\/\\\/slamdunkattorney.com\\\/duluth\\\/car-accident-lawyer\\\/rideshare-accidents\\\/lyft\\\/\",\"name\":\"Lyft Accident Lawyer in Duluth | Free Consultations\",\"isPartOf\":{\"@id\":\"https:\\\/\\\/slamdunkattorney.com\\\/#website\"},\"datePublished\":\"2024-07-10T12:48:21+00:00\",\"dateModified\":\"2025-05-16T22:59:12+00:00\",\"description\":\"Duluth Lyft Accident Lawyer: Slam Dunk Attorney has helped thousands of Georgia clients. No Win, No Fee.\",\"breadcrumb\":{\"@id\":\"https:\\\/\\\/slamdunkattorney.com\\\/duluth\\\/car-accident-lawyer\\\/rideshare-accidents\\\/lyft\\\/#breadcrumb\"},\"inLanguage\":\"es\",\"potentialAction\":[{\"@type\":\"ReadAction\",\"target\":[\"https:\\\/\\\/slamdunkattorney.com\\\/duluth\\\/car-accident-lawyer\\\/rideshare-accidents\\\/lyft\\\/\"]}]},{\"@type\":\"BreadcrumbList\",\"@id\":\"https:\\\/\\\/slamdunkattorney.com\\\/duluth\\\/car-accident-lawyer\\\/rideshare-accidents\\\/lyft\\\/#breadcrumb\",\"itemListElement\":[{\"@type\":\"ListItem\",\"position\":1,\"name\":\"Home\",\"item\":\"https:\\\/\\\/slamdunkattorney.com\\\/\"},{\"@type\":\"ListItem\",\"position\":2,\"name\":\"Duluth, GA Personal Injury Lawyer\",\"item\":\"https:\\\/\\\/slamdunkattorney.com\\\/\"},{\"@type\":\"ListItem\",\"position\":3,\"name\":\"Duluth Car Accident Lawyer\",\"item\":\"https:\\\/\\\/slamdunkattorney.com\\\/duluth\\\/car-accident-lawyer\\\/\"},{\"@type\":\"ListItem\",\"position\":4,\"name\":\"Rideshare Accident\",\"item\":\"https:\\\/\\\/slamdunkattorney.com\\\/duluth\\\/car-accident-lawyer\\\/rideshare-accidents\\\/\"},{\"@type\":\"ListItem\",\"position\":5,\"name\":\"Lyft Accident\"}]},{\"@type\":\"WebSite\",\"@id\":\"https:\\\/\\\/slamdunkattorney.com\\\/#website\",\"url\":\"https:\\\/\\\/slamdunkattorney.com\\\/\",\"name\":\"Slam Dunk Attorney | Injury Lawyers\",\"description\":\"Duluth Personal Injury Lawyers\",\"publisher\":{\"@id\":\"https:\\\/\\\/slamdunkattorney.com\\\/#organization\"},\"alternateName\":\"Slam Dunk Attorney\",\"inLanguage\":\"es\"},{\"@type\":\"Organization\",\"@id\":\"https:\\\/\\\/slamdunkattorney.com\\\/#organization\",\"name\":\"Slam Dunk Attorney\",\"alternateName\":\"Slam Dunk\",\"url\":\"https:\\\/\\\/slamdunkattorney.com\\\/\",\"logo\":{\"@type\":\"ImageObject\",\"inLanguage\":\"es\",\"@id\":\"https:\\\/\\\/slamdunkattorney.com\\\/#\\\/schema\\\/logo\\\/image\\\/\",\"url\":\"https:\\\/\\\/slamdunkattorney.com\\\/wp-content\\\/uploads\\\/2023\\\/05\\\/cropped-Logo.png\",\"contentUrl\":\"https:\\\/\\\/slamdunkattorney.com\\\/wp-content\\\/uploads\\\/2023\\\/05\\\/cropped-Logo.png\",\"width\":1080,\"height\":240,\"caption\":\"Slam Dunk Attorney\"},\"image\":{\"@id\":\"https:\\\/\\\/slamdunkattorney.com\\\/#\\\/schema\\\/logo\\\/image\\\/\"},\"sameAs\":[\"https:\\\/\\\/www.facebook.com\\\/slamdunkattorneyinjurylawyers\\\/\",\"https:\\\/\\\/x.com\\\/slamdunkattorney\",\"https:\\\/\\\/www.instagram.com\\\/slamdunkattorney\\\/\",\"https:\\\/\\\/www.youtube.com\\\/channel\\\/UCSrOiC7vOjlCi3UgtIVGNtw\",\"https:\\\/\\\/www.linkedin.com\\\/company\\\/slamdunkattorneyinjurylawyers\"]}]}<\/script>\n<!-- \/ Yoast SEO plugin. -->","yoast_head_json":{"title":"Lyft Accident Lawyer in Duluth | Free Consultations","description":"Duluth Lyft Accident Lawyer: Slam Dunk Attorney has helped thousands of Georgia clients. No Win, No Fee.","robots":{"index":"index","follow":"follow","max-snippet":"max-snippet:-1","max-image-preview":"max-image-preview:large","max-video-preview":"max-video-preview:-1"},"canonical":"https:\/\/slamdunkattorney.com\/es\/duluth\/car-accident-lawyer\/rideshare-accidents\/lyft\/","og_locale":"es_MX","og_type":"article","og_title":"Lyft Accident Lawyer in Duluth | Free Consultations","og_description":"Duluth Lyft Accident Lawyer: Slam Dunk Attorney has helped thousands of Georgia clients. No Win, No Fee.","og_url":"https:\/\/slamdunkattorney.com\/es\/duluth\/car-accident-lawyer\/rideshare-accidents\/lyft\/","og_site_name":"Slam Dunk Attorney | Injury Lawyers","article_publisher":"https:\/\/www.facebook.com\/slamdunkattorneyinjurylawyers\/","article_modified_time":"2025-05-16T22:59:12+00:00","og_image":[{"width":1080,"height":240,"url":"https:\/\/slamdunkattorney.com\/wp-content\/uploads\/2023\/05\/cropped-Logo.png","type":"image\/png"}],"twitter_card":"summary_large_image","twitter_site":"@slamdunkattorney","twitter_misc":{"Est. reading time":"5 minutos"},"schema":{"@context":"https:\/\/schema.org","@graph":[{"@type":"WebPage","@id":"https:\/\/slamdunkattorney.com\/duluth\/car-accident-lawyer\/rideshare-accidents\/lyft\/","url":"https:\/\/slamdunkattorney.com\/duluth\/car-accident-lawyer\/rideshare-accidents\/lyft\/","name":"Lyft Accident Lawyer in Duluth | Free Consultations","isPartOf":{"@id":"https:\/\/slamdunkattorney.com\/#website"},"datePublished":"2024-07-10T12:48:21+00:00","dateModified":"2025-05-16T22:59:12+00:00","description":"Duluth Lyft Accident Lawyer: Slam Dunk Attorney has helped thousands of Georgia clients. No Win, No Fee.","breadcrumb":{"@id":"https:\/\/slamdunkattorney.com\/duluth\/car-accident-lawyer\/rideshare-accidents\/lyft\/#breadcrumb"},"inLanguage":"es","potentialAction":[{"@type":"ReadAction","target":["https:\/\/slamdunkattorney.com\/duluth\/car-accident-lawyer\/rideshare-accidents\/lyft\/"]}]},{"@type":"BreadcrumbList","@id":"https:\/\/slamdunkattorney.com\/duluth\/car-accident-lawyer\/rideshare-accidents\/lyft\/#breadcrumb","itemListElement":[{"@type":"ListItem","position":1,"name":"Home","item":"https:\/\/slamdunkattorney.com\/"},{"@type":"ListItem","position":2,"name":"Duluth, GA Personal Injury Lawyer","item":"https:\/\/slamdunkattorney.com\/"},{"@type":"ListItem","position":3,"name":"Duluth Car Accident Lawyer","item":"https:\/\/slamdunkattorney.com\/duluth\/car-accident-lawyer\/"},{"@type":"ListItem","position":4,"name":"Rideshare Accident","item":"https:\/\/slamdunkattorney.com\/duluth\/car-accident-lawyer\/rideshare-accidents\/"},{"@type":"ListItem","position":5,"name":"Lyft Accident"}]},{"@type":"WebSite","@id":"https:\/\/slamdunkattorney.com\/#website","url":"https:\/\/slamdunkattorney.com\/","name":"Abogado experto en lesiones | Abogados especializados en lesiones","description":"Abogados de lesiones personales en Duluth","publisher":{"@id":"https:\/\/slamdunkattorney.com\/#organization"},"alternateName":"Slam Dunk Attorney","inLanguage":"es"},{"@type":"Organization","@id":"https:\/\/slamdunkattorney.com\/#organization","name":"Abogado Slam Dunk","alternateName":"Slam Dunk","url":"https:\/\/slamdunkattorney.com\/","logo":{"@type":"ImageObject","inLanguage":"es","@id":"https:\/\/slamdunkattorney.com\/#\/schema\/logo\/image\/","url":"https:\/\/slamdunkattorney.com\/wp-content\/uploads\/2023\/05\/cropped-Logo.png","contentUrl":"https:\/\/slamdunkattorney.com\/wp-content\/uploads\/2023\/05\/cropped-Logo.png","width":1080,"height":240,"caption":"Slam Dunk Attorney"},"image":{"@id":"https:\/\/slamdunkattorney.com\/#\/schema\/logo\/image\/"},"sameAs":["https:\/\/www.facebook.com\/slamdunkattorneyinjurylawyers\/","https:\/\/x.com\/slamdunkattorney","https:\/\/www.instagram.com\/slamdunkattorney\/","https:\/\/www.youtube.com\/channel\/UCSrOiC7vOjlCi3UgtIVGNtw","https:\/\/www.linkedin.com\/company\/slamdunkattorneyinjurylawyers"]}]}},"yoast_meta":{"yoast_wpseo_title":"","yoast_wpseo_metadesc":"","yoast_wpseo_canonical":"https:\/\/slamdunkattorney.com\/es\/wp-json\/wp\/v2\/pages\/6061"},"_links":{"self":[{"href":"https:\/\/slamdunkattorney.com\/es\/wp-json\/wp\/v2\/pages\/6061","targetHints":{"allow":["GET"]}}],"collection":[{"href":"https:\/\/slamdunkattorney.com\/es\/wp-json\/wp\/v2\/pages"}],"about":[{"href":"https:\/\/slamdunkattorney.com\/es\/wp-json\/wp\/v2\/types\/page"}],"author":[{"embeddable":true,"href":"https:\/\/slamdunkattorney.com\/es\/wp-json\/wp\/v2\/users\/2"}],"replies":[{"embeddable":true,"href":"https:\/\/slamdunkattorney.com\/es\/wp-json\/wp\/v2\/comments?post=6061"}],"version-history":[{"count":0,"href":"https:\/\/slamdunkattorney.com\/es\/wp-json\/wp\/v2\/pages\/6061\/revisions"}],"up":[{"embeddable":true,"href":"https:\/\/slamdunkattorney.com\/es\/wp-json\/wp\/v2\/pages\/6059"}],"wp:attachment":[{"href":"https:\/\/slamdunkattorney.com\/es\/wp-json\/wp\/v2\/media?parent=6061"}],"wp:term":[{"taxonomy":"extra-categories","embeddable":true,"href":"https:\/\/slamdunkattorney.com\/es\/wp-json\/wp\/v2\/extra-categories?post=6061"},{"taxonomy":"hc_faqs","embeddable":true,"href":"https:\/\/slamdunkattorney.com\/es\/wp-json\/wp\/v2\/hc_faqs?post=6061"}],"curies":[{"name":"wp","href":"https:\/\/api.w.org\/{rel}","templated":true}]}}