{"id":6060,"date":"2024-07-10T12:43:42","date_gmt":"2024-07-10T12:43:42","guid":{"rendered":"https:\/\/slamdunk.wpenginepowered.com\/?page_id=6060"},"modified":"2024-10-29T16:24:52","modified_gmt":"2024-10-29T16:24:52","slug":"duluth-car-accident-lawyer-rideshare-accidents-uber","status":"publish","type":"page","link":"https:\/\/slamdunkattorney.com\/es\/duluth\/car-accident-lawyer\/rideshare-accidents\/uber\/","title":{"rendered":"Abogado especializado en accidentes de Uber en Duluth"},"content":{"rendered":"<p><span style=\"font-weight: 400;\">Puede sufrir una lesi\u00f3n mientras viaja en un Uber o que un conductor de un veh\u00edculo compartido choque contra el suyo. En cualquiera de las dos situaciones, es posible que desee obtener ayuda de un abogado especializado en accidentes de veh\u00edculos compartidos en Duluth. Si trabaja con un <\/span><a href=\"https:\/\/slamdunkattorney.com\/es\/duluth\/car-accident-lawyer\/rideshare-accidents\/\">Abogado especializado en accidentes de veh\u00edculos compartidos en Duluth<\/a><span style=\"font-weight: 400;\">, podr\u00e1 solicitar una indemnizaci\u00f3n por da\u00f1os y perjuicios a las partes responsables.\u00a0<\/span><\/p>\n<p><span style=\"font-weight: 400;\">En Slam Dunk Attorney, priorizamos la comunicaci\u00f3n, la integridad y la confianza. Nuestro enfoque \u00fanico del proceso legal garantiza que recibir\u00e1 todo el apoyo necesario durante el litigio. Para obtener m\u00e1s informaci\u00f3n, p\u00f3ngase en contacto con nosotros.<\/span><\/p>\n<h2>Responsabilidad civil por accidentes de Uber<\/h2>\n<p><span style=\"font-weight: 400;\">Un conductor de transporte compartido o Uber puede ser responsable de su accidente. Tras el choque, puede ser \u00fatil revisar las instrucciones de Uber para <\/span><span style=\"font-weight: 400;\">qu\u00e9 hacer despu\u00e9s de un accidente automovil\u00edstico<\/span><span style=\"font-weight: 400;\">. Debes llamar al 911 y notificar a la empresa de transporte compartido sobre el incidente.\u00a0<\/span><\/p>\n<p><span style=\"font-weight: 400;\">En ning\u00fan momento debe aceptar la culpa parcial o total por su accidente. Si lo hace, podr\u00eda comprometer su capacidad para obtener una indemnizaci\u00f3n por da\u00f1os y perjuicios. Peor a\u00fan, podr\u00eda tener que pagar de su propio bolsillo las facturas m\u00e9dicas y otros gastos relacionados con el accidente.\u00a0<\/span><\/p>\n<p><span style=\"font-weight: 400;\">Si no est\u00e1 seguro de c\u00f3mo responder ante su accidente, busque ayuda legal con un <a href=\"https:\/\/slamdunkattorney.com\/es\/duluth\/car-accident-lawyer\/\">Abogado especializado en accidentes automovil\u00edsticos en Duluth<\/a>. Slam Dunk Attorney facilita el contacto con un abogado con experiencia. <\/span><a href=\"https:\/\/slamdunkattorney.com\/es\/\">Abogado especializado en lesiones personales en Duluth<\/a><span style=\"font-weight: 400;\">. Para obtener m\u00e1s informaci\u00f3n, p\u00f3ngase en contacto con nosotros.\u00a0<\/span><\/p>\n\n<div class=\"cta-container row align-items-center\">\n    <div class=\"col-md-7\">\n        <p class=\"cta-text rs-content-cta\">Orgullosos de servir a Duluth y a todo Georgia <span>\u00a1Cont\u00e1ctenos para comenzar su recuperaci\u00f3n!<\/span> <a href=\"https:\/\/slamdunkattorney.com\/es\/\">Explore nuestras \u00e1reas de pr\u00e1ctica<\/a><\/p>\n    <\/div>\n    <div class=\"col-md-5\">\n        <img decoding=\"async\" src=\"https:\/\/slamdunkattorney.com\/wp-content\/themes\/slam-dunk-rebuild\/assets\/app\/img\/map-cta.jpg\" alt=\"Legal Consultation\" class=\"img-fluid\"\/>\n    <\/div>\n<\/div><h2>C\u00f3mo presentar una reclamaci\u00f3n por accidente con Uber<\/h2>\n<p><span style=\"font-weight: 400;\">Uber tiene <\/span><a href=\"https:\/\/www.uber.com\/us\/en\/drive\/insurance\/\" target=\"_blank\" rel=\"noopener\"><span style=\"font-weight: 400;\">seguro<\/span><\/a><span style=\"font-weight: 400;\"> para ayudarle a protegerse si se ve involucrado en un accidente. Puede presentar una reclamaci\u00f3n al seguro en relaci\u00f3n con su incidente. Si lo hace, es posible que obtenga una indemnizaci\u00f3n que cubra sus p\u00e9rdidas.\u00a0<\/span><\/p>\n<p><span style=\"font-weight: 400;\">El hecho de presentar una reclamaci\u00f3n al seguro no garantiza que vaya a recibir una indemnizaci\u00f3n. En ocasiones, la aseguradora puede rechazar su reclamaci\u00f3n. O bien, si el conductor de Uber no estaba conectado a la aplicaci\u00f3n mientras conduc\u00eda, es posible que tenga que recurrir a su compa\u00f1\u00eda de seguros de autom\u00f3viles personal para obtener una indemnizaci\u00f3n.\u00a0<\/span><\/p>\n<p><span style=\"font-weight: 400;\">El proceso de presentar una reclamaci\u00f3n al seguro puede ser sencillo, pero no se sabe cu\u00e1ndo se recibir\u00e1 la indemnizaci\u00f3n. Un <\/span><b>Abogado especializado en accidentes de Uber en Duluth<\/b><span style=\"font-weight: 400;\"> pueden ayudarle con el proceso de reclamaci\u00f3n. Se asegurar\u00e1n de que su reclamaci\u00f3n se presente antes de que venza el plazo para hacerlo.\u00a0<\/span><\/p>\n\n<div class=\"cta-container map-bg row align-items-center flex-md-row-reverse\">\n    <div class=\"col-md-6\">\n        <p class=\"cta-text rs-content-cta\">Abogado especializado en accidentes de Uber cerca de m\u00ed en Duluth <a href=\"tel:+14049513513\">404-951-3513<\/a><\/p>\n    <\/div>\n    <div class=\"col-md-6 col-bg\">\n    <\/div>\n<\/div><h2>Estatuto de limitaciones para reclamaciones por accidentes de Uber<\/h2>\n<p><span style=\"font-weight: 400;\">Cuando se trata de <\/span><a href=\"https:\/\/slamdunkattorney.com\/es\/blog\/understanding-personal-injury-claims\/\"><span style=\"font-weight: 400;\">interponer una demanda<\/span><\/a><span style=\"font-weight: 400;\">, tienes dos a\u00f1os desde la fecha del accidente para solicitar una indemnizaci\u00f3n. Si no presentas tu reclamaci\u00f3n dentro de este plazo de dos a\u00f1os, puedes perder la oportunidad de reclamar da\u00f1os y perjuicios.<\/span><\/p>\n<p><span style=\"font-weight: 400;\">Un <\/span><b>Abogado especializado en accidentes de Uber en Duluth <\/b><span style=\"font-weight: 400;\">le ayudar\u00e1 a presentar su reclamaci\u00f3n despu\u00e9s de revisar su accidente y calcular sus p\u00e9rdidas, incluyendo los da\u00f1os econ\u00f3micos y no econ\u00f3micos.<\/span><\/p>\n<p><span style=\"font-weight: 400;\">Puede recibir una compensaci\u00f3n econ\u00f3mica basada en las reparaciones o el reemplazo del autom\u00f3vil, las facturas m\u00e9dicas, los salarios perdidos y otras p\u00e9rdidas cuantificables. Un juez o un jurado pueden otorgar una indemnizaci\u00f3n por da\u00f1os no econ\u00f3micos por trauma emocional, dolor, sufrimiento y otros da\u00f1os subjetivos. Si puede demostrar que la parte culpable fue negligente, puede recibir 100% de los da\u00f1os que solicite.\u00a0<\/span><\/p>\n\n<div class=\"cta-container row align-items-center\">\n    <div class=\"col-md-7\">\n        <p class=\"cta-text rs-content-cta\"><a class=\"no-btn\" href=\"https:\/\/slamdunkattorney.com\/es\/contact-us\/\">Haga clic para contactar<\/a> Nuestros abogados especializados en accidentes de veh\u00edculos compartidos en Duluth hoy mismo.<\/p>\n    <\/div>\n    <div class=\"col-md-5\">\n        <img decoding=\"async\" src=\"https:\/\/slamdunkattorney.com\/wp-content\/themes\/slam-dunk-rebuild\/assets\/app\/img\/map-cta.jpg\" alt=\"Contact Us\" class=\"img-fluid\"\/>\n    <\/div>\n<\/div><h2>Demostrar la negligencia<\/h2>\n<p><span style=\"font-weight: 400;\">Cuando ocurre un accidente automovil\u00edstico <\/span><a href=\"https:\/\/slamdunkattorney.com\/es\/blog\/do-i-need-a-lawyer-for-a-car-accident-that-wasnt-my-fault-car-accident-lawyer-duluth-georgia\/\"><span style=\"font-weight: 400;\">no es culpa tuya<\/span><\/a><span style=\"font-weight: 400;\">, usted es responsable de la carga de la prueba. Esto significa que debe proporcionar pruebas suficientes para demostrar que no es en absoluto responsable del accidente. En un caso de accidente con Uber, debe demostrar que se dieron los elementos de negligencia en el momento del incidente.<\/span><\/p>\n<p><span style=\"font-weight: 400;\">Su abogado puede ayudarle a recopilar informes policiales, registros m\u00e9dicos, fotos y videos del lugar del accidente y otras pruebas. Si tiene abundantes pruebas, puede quedar claro para el juez o el jurado que el demandado es totalmente responsable. Por el contrario, el demandado puede presentar pruebas que pueden llevar al juez o al jurado a fallar a su favor.\u00a0<\/span><\/p>\n\n<div class=\"cta-container map-bg row align-items-center flex-md-row-reverse\">\n    <div class=\"col-md-6\">\n        <p class=\"cta-text rs-content-cta\">Completa un <a href=\"https:\/\/slamdunkattorney.com\/es\/contact-us\/\">Formulario de evaluaci\u00f3n gratuita de su caso<\/a> ahora<\/p>\n    <\/div>\n    <div class=\"col-md-6 col-bg\">\n    <\/div>\n<\/div><h2>Culpa comparativa en un caso de accidente de Uber<\/h2>\n<p><span style=\"font-weight: 400;\">Puede ser <\/span><a href=\"https:\/\/slamdunkattorney.com\/es\/faqs\/is-it-worth-getting-a-lawyer-for-a-car-accident\/\"><span style=\"font-weight: 400;\">Vale la pena contratar a un abogado por un accidente automovil\u00edstico.<\/span><\/a><span style=\"font-weight: 400;\"> ya que el demandado en su caso puede alegar que usted es responsable en cierta medida. En Georgia se aplica la culpa comparativa. Si un juez o un jurado dictamina que usted es parcialmente responsable del accidente, es posible que le concedan una parte de la indemnizaci\u00f3n que solicit\u00f3 inicialmente.\u00a0<\/span><\/p>\n<p><span style=\"font-weight: 400;\">Con la culpa comparativa, la indemnizaci\u00f3n por da\u00f1os y perjuicios que reciba depender\u00e1 de su porcentaje de culpa. En un caso de accidente con Uber en el que se determine que usted es responsable en un 1-50%, a\u00fan as\u00ed podr\u00e1 obtener una indemnizaci\u00f3n por da\u00f1os y perjuicios. Por otro lado, si usted es el principal responsable, es posible que no reciba ninguna indemnizaci\u00f3n.\u00a0<\/span><\/p>\n<p><span style=\"font-weight: 400;\">Por ejemplo, un juez o un jurado pueden determinar que usted es 20% responsable de su accidente. Si esto ocurre, es posible que reciba 80% de la indemnizaci\u00f3n por da\u00f1os y perjuicios que solicit\u00f3 inicialmente. En caso de que un juez o un jurado determinen que usted es 51% culpable, es posible que no reciba ninguna indemnizaci\u00f3n por da\u00f1os y perjuicios.\u00a0<\/span><\/p>\n<h2>Acuerdo por accidente de Uber<\/h2>\n<p><span style=\"font-weight: 400;\">En t\u00e9rminos de <\/span><a href=\"https:\/\/slamdunkattorney.com\/es\/faqs\/how-much-to-expect-from-a-car-accident-settlement\/\"><span style=\"font-weight: 400;\">cu\u00e1nto esperar de un acuerdo por accidente automovil\u00edstico<\/span><\/a><span style=\"font-weight: 400;\">, la cantidad depende. El demandado en su caso puede ofrecer una cantidad cercana a la que usted solicit\u00f3. En este caso, tal vez le convenga aceptar su propuesta.\u00a0<\/span><\/p>\n<p><span style=\"font-weight: 400;\">Tu abogado especializado en accidentes de Uber en Duluth puede ayudarte a sopesar las ventajas y desventajas de una oferta de acuerdo. Si recibes una propuesta, no est\u00e1s legalmente obligado a aceptarla. Tu abogado puede aconsejarte que rechaces una oferta, pero t\u00fa sigues teniendo la opci\u00f3n de aceptarla si consideras que es la mejor opci\u00f3n.<\/span><\/p>\n<p><span style=\"font-weight: 400;\">No hay raz\u00f3n para aprobar una propuesta de acuerdo a menos que est\u00e9 satisfecho con ella. Si recibe una propuesta que est\u00e1 muy por debajo de lo que desea, puede rechazarla sin incurrir en ninguna penalizaci\u00f3n. A continuaci\u00f3n, usted y su abogado especializado en accidentes de Uber en Duluth pueden seguir buscando formas de reforzar su caso.<\/span><\/p>\n<h2>As\u00f3ciese hoy mismo con un abogado especializado en accidentes de Uber en Duluth.<\/h2>\n<p><span style=\"font-weight: 400;\">Slam Dunk Attorney ofrece servicios legales y apoyo a las v\u00edctimas de accidentes de Uber. Nuestro equipo est\u00e1 disponible para revisar su caso. Para solicitar una consulta gratuita sobre su caso, cont\u00e1ctenos hoy mismo. <\/span><\/p>\n\n<div class=\"cta-container row align-items-center\">\n    <div class=\"col-md-7\">\n        <p class=\"cta-text rs-content-cta\">Llame o env\u00ede un mensaje de texto <a class=\"no-btn\" href=\"tel:+14049513513\">404-951-3513<\/a> o completar un <a href=\"https:\/\/slamdunkattorney.com\/es\/contact-us\/\">Formulario de evaluaci\u00f3n gratuita de su caso<\/a><\/p>\n    <\/div>\n    <div class=\"col-md-5\">\n        <img decoding=\"async\" src=\"https:\/\/slamdunkattorney.com\/wp-content\/themes\/slam-dunk-rebuild\/assets\/app\/img\/map-cta.jpg\" alt=\"Call or Text\" class=\"img-fluid\"\/>\n    <\/div>\n<\/div>","protected":false},"excerpt":{"rendered":"<p>You may suffer an injury while you ride in an Uber or have a rideshare driver slam their vehicle into yours. In either situation, you may want to get help from a Duluth rideshare accident lawyer. If you work with a Duluth rideshare accident lawyer, you may request damages from any liable parties.\u00a0 At Slam &#8230;<\/p>","protected":false},"author":2,"featured_media":0,"parent":6059,"menu_order":0,"comment_status":"closed","ping_status":"closed","template":"","meta":{"_acf_changed":false,"_genesis_hide_title":false,"_genesis_hide_breadcrumbs":false,"_genesis_hide_singular_image":false,"_genesis_hide_footer_widgets":false,"_genesis_custom_body_class":"","_genesis_custom_post_class":"","_genesis_layout":"","ngg_post_thumbnail":0,"footnotes":""},"extra-categories":[],"hc_faqs":[],"class_list":{"0":"post-6060","1":"page","2":"type-page","3":"status-publish","5":"hc_city_location-duluth","6":"entry"},"acf":[],"yoast_head":"<!-- This site is optimized with the Yoast SEO plugin v27.4 - https:\/\/yoast.com\/product\/yoast-seo-wordpress\/ -->\n<title>Uber Accident Lawyer in Duluth | Free Consultations<\/title>\n<meta name=\"description\" content=\"Duluth Uber Accident Lawyer: Slam Dunk Attorney has helped thousands of Georgia clients. No Win, No Fee.\" \/>\n<meta name=\"robots\" content=\"index, follow, max-snippet:-1, max-image-preview:large, max-video-preview:-1\" \/>\n<link rel=\"canonical\" href=\"https:\/\/slamdunkattorney.com\/es\/duluth\/car-accident-lawyer\/rideshare-accidents\/uber\/\" \/>\n<meta property=\"og:locale\" content=\"es_MX\" \/>\n<meta property=\"og:type\" content=\"article\" \/>\n<meta property=\"og:title\" content=\"Uber Accident Lawyer in Duluth | Free Consultations\" \/>\n<meta property=\"og:description\" content=\"Duluth Uber Accident Lawyer: Slam Dunk Attorney has helped thousands of Georgia clients. No Win, No Fee.\" \/>\n<meta property=\"og:url\" content=\"https:\/\/slamdunkattorney.com\/es\/duluth\/car-accident-lawyer\/rideshare-accidents\/uber\/\" \/>\n<meta property=\"og:site_name\" content=\"Slam Dunk Attorney | Injury Lawyers\" \/>\n<meta property=\"article:publisher\" content=\"https:\/\/www.facebook.com\/slamdunkattorneyinjurylawyers\/\" \/>\n<meta property=\"article:modified_time\" content=\"2024-10-29T16:24:52+00:00\" \/>\n<meta property=\"og:image\" content=\"https:\/\/slamdunkattorney.com\/wp-content\/uploads\/2023\/05\/cropped-Logo.png\" \/>\n\t<meta property=\"og:image:width\" content=\"1080\" \/>\n\t<meta property=\"og:image:height\" content=\"240\" \/>\n\t<meta property=\"og:image:type\" content=\"image\/png\" \/>\n<meta name=\"twitter:card\" content=\"summary_large_image\" \/>\n<meta name=\"twitter:site\" content=\"@slamdunkattorney\" \/>\n<meta name=\"twitter:label1\" content=\"Est. reading time\" \/>\n\t<meta name=\"twitter:data1\" content=\"5 minutos\" \/>\n<script type=\"application\/ld+json\" class=\"yoast-schema-graph\">{\"@context\":\"https:\\\/\\\/schema.org\",\"@graph\":[{\"@type\":\"WebPage\",\"@id\":\"https:\\\/\\\/slamdunkattorney.com\\\/duluth\\\/car-accident-lawyer\\\/rideshare-accidents\\\/uber\\\/\",\"url\":\"https:\\\/\\\/slamdunkattorney.com\\\/duluth\\\/car-accident-lawyer\\\/rideshare-accidents\\\/uber\\\/\",\"name\":\"Uber Accident Lawyer in Duluth | Free Consultations\",\"isPartOf\":{\"@id\":\"https:\\\/\\\/slamdunkattorney.com\\\/#website\"},\"datePublished\":\"2024-07-10T12:43:42+00:00\",\"dateModified\":\"2024-10-29T16:24:52+00:00\",\"description\":\"Duluth Uber Accident Lawyer: Slam Dunk Attorney has helped thousands of Georgia clients. No Win, No Fee.\",\"breadcrumb\":{\"@id\":\"https:\\\/\\\/slamdunkattorney.com\\\/duluth\\\/car-accident-lawyer\\\/rideshare-accidents\\\/uber\\\/#breadcrumb\"},\"inLanguage\":\"es\",\"potentialAction\":[{\"@type\":\"ReadAction\",\"target\":[\"https:\\\/\\\/slamdunkattorney.com\\\/duluth\\\/car-accident-lawyer\\\/rideshare-accidents\\\/uber\\\/\"]}]},{\"@type\":\"BreadcrumbList\",\"@id\":\"https:\\\/\\\/slamdunkattorney.com\\\/duluth\\\/car-accident-lawyer\\\/rideshare-accidents\\\/uber\\\/#breadcrumb\",\"itemListElement\":[{\"@type\":\"ListItem\",\"position\":1,\"name\":\"Home\",\"item\":\"https:\\\/\\\/slamdunkattorney.com\\\/\"},{\"@type\":\"ListItem\",\"position\":2,\"name\":\"Duluth, GA Personal Injury Lawyer\",\"item\":\"https:\\\/\\\/slamdunkattorney.com\\\/\"},{\"@type\":\"ListItem\",\"position\":3,\"name\":\"Duluth Car Accident Lawyer\",\"item\":\"https:\\\/\\\/slamdunkattorney.com\\\/duluth\\\/car-accident-lawyer\\\/\"},{\"@type\":\"ListItem\",\"position\":4,\"name\":\"Rideshare Accident\",\"item\":\"https:\\\/\\\/slamdunkattorney.com\\\/duluth\\\/car-accident-lawyer\\\/rideshare-accidents\\\/\"},{\"@type\":\"ListItem\",\"position\":5,\"name\":\"Uber Accident\"}]},{\"@type\":\"WebSite\",\"@id\":\"https:\\\/\\\/slamdunkattorney.com\\\/#website\",\"url\":\"https:\\\/\\\/slamdunkattorney.com\\\/\",\"name\":\"Slam Dunk Attorney | Injury Lawyers\",\"description\":\"Duluth Personal Injury Lawyers\",\"publisher\":{\"@id\":\"https:\\\/\\\/slamdunkattorney.com\\\/#organization\"},\"alternateName\":\"Slam Dunk Attorney\",\"inLanguage\":\"es\"},{\"@type\":\"Organization\",\"@id\":\"https:\\\/\\\/slamdunkattorney.com\\\/#organization\",\"name\":\"Slam Dunk Attorney\",\"alternateName\":\"Slam Dunk\",\"url\":\"https:\\\/\\\/slamdunkattorney.com\\\/\",\"logo\":{\"@type\":\"ImageObject\",\"inLanguage\":\"es\",\"@id\":\"https:\\\/\\\/slamdunkattorney.com\\\/#\\\/schema\\\/logo\\\/image\\\/\",\"url\":\"https:\\\/\\\/slamdunkattorney.com\\\/wp-content\\\/uploads\\\/2023\\\/05\\\/cropped-Logo.png\",\"contentUrl\":\"https:\\\/\\\/slamdunkattorney.com\\\/wp-content\\\/uploads\\\/2023\\\/05\\\/cropped-Logo.png\",\"width\":1080,\"height\":240,\"caption\":\"Slam Dunk Attorney\"},\"image\":{\"@id\":\"https:\\\/\\\/slamdunkattorney.com\\\/#\\\/schema\\\/logo\\\/image\\\/\"},\"sameAs\":[\"https:\\\/\\\/www.facebook.com\\\/slamdunkattorneyinjurylawyers\\\/\",\"https:\\\/\\\/x.com\\\/slamdunkattorney\",\"https:\\\/\\\/www.instagram.com\\\/slamdunkattorney\\\/\",\"https:\\\/\\\/www.youtube.com\\\/channel\\\/UCSrOiC7vOjlCi3UgtIVGNtw\",\"https:\\\/\\\/www.linkedin.com\\\/company\\\/slamdunkattorneyinjurylawyers\"]}]}<\/script>\n<!-- \/ Yoast SEO plugin. -->","yoast_head_json":{"title":"Uber Accident Lawyer in Duluth | Free Consultations","description":"Duluth Uber Accident Lawyer: Slam Dunk Attorney has helped thousands of Georgia clients. No Win, No Fee.","robots":{"index":"index","follow":"follow","max-snippet":"max-snippet:-1","max-image-preview":"max-image-preview:large","max-video-preview":"max-video-preview:-1"},"canonical":"https:\/\/slamdunkattorney.com\/es\/duluth\/car-accident-lawyer\/rideshare-accidents\/uber\/","og_locale":"es_MX","og_type":"article","og_title":"Uber Accident Lawyer in Duluth | Free Consultations","og_description":"Duluth Uber Accident Lawyer: Slam Dunk Attorney has helped thousands of Georgia clients. No Win, No Fee.","og_url":"https:\/\/slamdunkattorney.com\/es\/duluth\/car-accident-lawyer\/rideshare-accidents\/uber\/","og_site_name":"Slam Dunk Attorney | Injury Lawyers","article_publisher":"https:\/\/www.facebook.com\/slamdunkattorneyinjurylawyers\/","article_modified_time":"2024-10-29T16:24:52+00:00","og_image":[{"width":1080,"height":240,"url":"https:\/\/slamdunkattorney.com\/wp-content\/uploads\/2023\/05\/cropped-Logo.png","type":"image\/png"}],"twitter_card":"summary_large_image","twitter_site":"@slamdunkattorney","twitter_misc":{"Est. reading time":"5 minutos"},"schema":{"@context":"https:\/\/schema.org","@graph":[{"@type":"WebPage","@id":"https:\/\/slamdunkattorney.com\/duluth\/car-accident-lawyer\/rideshare-accidents\/uber\/","url":"https:\/\/slamdunkattorney.com\/duluth\/car-accident-lawyer\/rideshare-accidents\/uber\/","name":"Uber Accident Lawyer in Duluth | Free Consultations","isPartOf":{"@id":"https:\/\/slamdunkattorney.com\/#website"},"datePublished":"2024-07-10T12:43:42+00:00","dateModified":"2024-10-29T16:24:52+00:00","description":"Duluth Uber Accident Lawyer: Slam Dunk Attorney has helped thousands of Georgia clients. No Win, No Fee.","breadcrumb":{"@id":"https:\/\/slamdunkattorney.com\/duluth\/car-accident-lawyer\/rideshare-accidents\/uber\/#breadcrumb"},"inLanguage":"es","potentialAction":[{"@type":"ReadAction","target":["https:\/\/slamdunkattorney.com\/duluth\/car-accident-lawyer\/rideshare-accidents\/uber\/"]}]},{"@type":"BreadcrumbList","@id":"https:\/\/slamdunkattorney.com\/duluth\/car-accident-lawyer\/rideshare-accidents\/uber\/#breadcrumb","itemListElement":[{"@type":"ListItem","position":1,"name":"Home","item":"https:\/\/slamdunkattorney.com\/"},{"@type":"ListItem","position":2,"name":"Duluth, GA Personal Injury Lawyer","item":"https:\/\/slamdunkattorney.com\/"},{"@type":"ListItem","position":3,"name":"Duluth Car Accident Lawyer","item":"https:\/\/slamdunkattorney.com\/duluth\/car-accident-lawyer\/"},{"@type":"ListItem","position":4,"name":"Rideshare Accident","item":"https:\/\/slamdunkattorney.com\/duluth\/car-accident-lawyer\/rideshare-accidents\/"},{"@type":"ListItem","position":5,"name":"Uber Accident"}]},{"@type":"WebSite","@id":"https:\/\/slamdunkattorney.com\/#website","url":"https:\/\/slamdunkattorney.com\/","name":"Abogado experto en lesiones | Abogados especializados en lesiones","description":"Abogados de lesiones personales en Duluth","publisher":{"@id":"https:\/\/slamdunkattorney.com\/#organization"},"alternateName":"Slam Dunk Attorney","inLanguage":"es"},{"@type":"Organization","@id":"https:\/\/slamdunkattorney.com\/#organization","name":"Abogado Slam Dunk","alternateName":"Slam Dunk","url":"https:\/\/slamdunkattorney.com\/","logo":{"@type":"ImageObject","inLanguage":"es","@id":"https:\/\/slamdunkattorney.com\/#\/schema\/logo\/image\/","url":"https:\/\/slamdunkattorney.com\/wp-content\/uploads\/2023\/05\/cropped-Logo.png","contentUrl":"https:\/\/slamdunkattorney.com\/wp-content\/uploads\/2023\/05\/cropped-Logo.png","width":1080,"height":240,"caption":"Slam Dunk Attorney"},"image":{"@id":"https:\/\/slamdunkattorney.com\/#\/schema\/logo\/image\/"},"sameAs":["https:\/\/www.facebook.com\/slamdunkattorneyinjurylawyers\/","https:\/\/x.com\/slamdunkattorney","https:\/\/www.instagram.com\/slamdunkattorney\/","https:\/\/www.youtube.com\/channel\/UCSrOiC7vOjlCi3UgtIVGNtw","https:\/\/www.linkedin.com\/company\/slamdunkattorneyinjurylawyers"]}]}},"yoast_meta":{"yoast_wpseo_title":"","yoast_wpseo_metadesc":"","yoast_wpseo_canonical":"https:\/\/slamdunkattorney.com\/es\/wp-json\/wp\/v2\/pages\/6060"},"_links":{"self":[{"href":"https:\/\/slamdunkattorney.com\/es\/wp-json\/wp\/v2\/pages\/6060","targetHints":{"allow":["GET"]}}],"collection":[{"href":"https:\/\/slamdunkattorney.com\/es\/wp-json\/wp\/v2\/pages"}],"about":[{"href":"https:\/\/slamdunkattorney.com\/es\/wp-json\/wp\/v2\/types\/page"}],"author":[{"embeddable":true,"href":"https:\/\/slamdunkattorney.com\/es\/wp-json\/wp\/v2\/users\/2"}],"replies":[{"embeddable":true,"href":"https:\/\/slamdunkattorney.com\/es\/wp-json\/wp\/v2\/comments?post=6060"}],"version-history":[{"count":0,"href":"https:\/\/slamdunkattorney.com\/es\/wp-json\/wp\/v2\/pages\/6060\/revisions"}],"up":[{"embeddable":true,"href":"https:\/\/slamdunkattorney.com\/es\/wp-json\/wp\/v2\/pages\/6059"}],"wp:attachment":[{"href":"https:\/\/slamdunkattorney.com\/es\/wp-json\/wp\/v2\/media?parent=6060"}],"wp:term":[{"taxonomy":"extra-categories","embeddable":true,"href":"https:\/\/slamdunkattorney.com\/es\/wp-json\/wp\/v2\/extra-categories?post=6060"},{"taxonomy":"hc_faqs","embeddable":true,"href":"https:\/\/slamdunkattorney.com\/es\/wp-json\/wp\/v2\/hc_faqs?post=6060"}],"curies":[{"name":"wp","href":"https:\/\/api.w.org\/{rel}","templated":true}]}}