{"id":6059,"date":"2024-07-10T12:38:47","date_gmt":"2024-07-10T12:38:47","guid":{"rendered":"https:\/\/slamdunk.wpenginepowered.com\/?page_id=6059"},"modified":"2025-06-03T07:27:17","modified_gmt":"2025-06-03T07:27:17","slug":"duluth-car-accident-lawyer-rideshare-accidents","status":"publish","type":"page","link":"https:\/\/slamdunkattorney.com\/es\/duluth\/car-accident-lawyer\/rideshare-accidents\/","title":{"rendered":"Abogado especializado en accidentes de veh\u00edculos compartidos en Duluth"},"content":{"rendered":"<p><span style=\"font-weight: 400;\">Probablemente no esperas que ocurra un accidente en un veh\u00edculo compartido. Si un conductor de Uber o Lyft provoca un accidente que te deja con una lesi\u00f3n, es posible que desees obtener ayuda de un <\/span><a href=\"https:\/\/slamdunkattorney.com\/es\/duluth\/car-accident-lawyer\/\"><span style=\"font-weight: 400;\">Abogado especializado en accidentes automovil\u00edsticos en Duluth<\/span><\/a><span style=\"font-weight: 400;\">. T\u00fa y tu <\/span><b>Abogado especializado en accidentes de veh\u00edculos compartidos en Duluth <\/b><span style=\"font-weight: 400;\">podr\u00e1n trabajar juntos para reclamar una indemnizaci\u00f3n a cualquier persona responsable de su accidente.<\/span><\/p>\n<p><span style=\"font-weight: 400;\">A diferencia de la mayor\u00eda de los despachos de abogados, Slam Dunk Attorney no anuncia resultados, ya que creemos que pueden ser muy enga\u00f1osos. En su lugar, nos centramos en nuestros clientes, proporcion\u00e1ndoles los servicios legales y el apoyo que se merecen. Cont\u00e1ctenos hoy mismo para reunirse con nuestros abogados.\u00a0<\/span><\/p>\n<h2>Qu\u00e9 hacer despu\u00e9s de un accidente en un veh\u00edculo compartido<\/h2>\n<p><span style=\"font-weight: 400;\">Seg\u00fan el <\/span><span style=\"font-weight: 400;\">Centros para el Control y la Prevenci\u00f3n de Enfermedades (CDC)<\/span><span style=\"font-weight: 400;\">, Desde 2010 se han realizado m\u00e1s de 11 000 millones de viajes compartidos. Tambi\u00e9n se han registrado muchos accidentes de Uber y Lyft a lo largo de los a\u00f1os. Si te ves involucrado en un accidente de transporte compartido, aqu\u00ed tienes algunas cosas que puedes hacer para responder al incidente:<\/span><\/p>\n<ul>\n<li style=\"font-weight: 400;\" aria-level=\"1\"><span style=\"font-weight: 400;\">Llame al 911, que enviar\u00e1 a agentes de polic\u00eda y personal m\u00e9dico al lugar del accidente.<\/span><\/li>\n<li style=\"font-weight: 400;\" aria-level=\"1\"><span style=\"font-weight: 400;\">Acuda a profesionales m\u00e9dicos y perm\u00edtales tratar sus lesiones.\u00a0<\/span><\/li>\n<li style=\"font-weight: 400;\" aria-level=\"1\"><span style=\"font-weight: 400;\">Habla con la polic\u00eda para que puedan redactar un informe del accidente.\u00a0<\/span><\/li>\n<li style=\"font-weight: 400;\" aria-level=\"1\"><span style=\"font-weight: 400;\">Notifique el accidente a la empresa de transporte compartido y a su compa\u00f1\u00eda de seguros de autom\u00f3vil.<\/span><\/li>\n<li style=\"font-weight: 400;\" aria-level=\"1\"><span style=\"font-weight: 400;\">Obtenga la informaci\u00f3n de contacto del conductor del servicio de transporte compartido.\u00a0<\/span><\/li>\n<\/ul>\n<p><span style=\"font-weight: 400;\">Adem\u00e1s de todo esto, lo mejor ser\u00eda consultar con un <\/span><a href=\"https:\/\/slamdunkattorney.com\/es\/\">Abogado especializado en lesiones personales en Duluth<\/a><span style=\"font-weight: 400;\">. En Slam Dunk Attorney, podemos ayudarle a presentar una demanda basada en su accidente con Uber o Lyft. Para obtener m\u00e1s informaci\u00f3n, p\u00f3ngase en contacto con nosotros.\u00a0<\/span><\/p>\n\n<div class=\"cta-container row align-items-center\">\n    <div class=\"col-md-7\">\n        <p class=\"cta-text rs-content-cta\">Orgullosos de servir a Duluth y a todo Georgia <span>\u00a1Cont\u00e1ctenos para comenzar su recuperaci\u00f3n!<\/span> <a href=\"https:\/\/slamdunkattorney.com\/es\/\">Explore nuestras \u00e1reas de pr\u00e1ctica<\/a><\/p>\n    <\/div>\n    <div class=\"col-md-5\">\n        <img decoding=\"async\" src=\"https:\/\/slamdunkattorney.com\/wp-content\/themes\/slam-dunk-rebuild\/assets\/app\/img\/map-cta.jpg\" alt=\"Legal Consultation\" class=\"img-fluid\"\/>\n    <\/div>\n<\/div><h2>C\u00f3mo funciona una reclamaci\u00f3n por accidente en un veh\u00edculo compartido<\/h2>\n<p><span style=\"font-weight: 400;\">Uber proporciona cobertura de seguro a sus conductores. Esto ofrece <a href=\"https:\/\/www.uber.com\/us\/en\/drive\/insurance\/\">i<\/a><\/span><a href=\"https:\/\/www.uber.com\/us\/en\/drive\/insurance\/\" target=\"_blank\" rel=\"noopener\"><span style=\"font-weight: 400;\">Seguro para ayudarte a protegerte<\/span><\/a><span style=\"font-weight: 400;\"> si te ves involucrado en un accidente. Puedes presentar una reclamaci\u00f3n a trav\u00e9s de Uber si uno de sus conductores causa un accidente que te provoca lesiones.<\/span><\/p>\n<p><span style=\"font-weight: 400;\">Tambi\u00e9n hay <\/span><a href=\"https:\/\/www.lyft.com\/driver\/insurance\" target=\"_blank\" rel=\"noopener\"><span style=\"font-weight: 400;\">Requisitos de seguro para los conductores de Lyft<\/span><\/a><span style=\"font-weight: 400;\">. Tras un accidente con Lyft, es posible que pueda presentar una reclamaci\u00f3n al seguro. En el mejor de los casos, la empresa de transporte compartido y su compa\u00f1\u00eda de seguros cubrir\u00e1n todas las p\u00e9rdidas relacionadas con el accidente.\u00a0<\/span><\/p>\n<p><span style=\"font-weight: 400;\">Si un conductor de transporte compartido no tiene su aplicaci\u00f3n activada, es posible que la empresa para la que trabaja no cubra su reclamaci\u00f3n. En ese caso, es posible que tenga que presentar una reclamaci\u00f3n a trav\u00e9s de la aseguradora de autom\u00f3viles personal del conductor. Si el conductor no tiene seguro, es posible que tenga que presentar una demanda por lesiones para recibir una indemnizaci\u00f3n por da\u00f1os y perjuicios.\u00a0<\/span><\/p>\n\n<div class=\"cta-container map-bg row align-items-center flex-md-row-reverse\">\n    <div class=\"col-md-6\">\n        <p class=\"cta-text rs-content-cta\">Abogado especializado en accidentes de veh\u00edculos compartidos en Duluth cerca de m\u00ed <a href=\"tel:+14049513513\">404-951-3513<\/a><\/p>\n    <\/div>\n    <div class=\"col-md-6 col-bg\">\n    <\/div>\n<\/div><h2>Costo de un accidente en un veh\u00edculo compartido<\/h2>\n<p><span style=\"font-weight: 400;\">A <\/span><b>Abogado especializado en accidentes de transporte compartido en Duluth <\/b><span style=\"font-weight: 400;\">puede explicar el <\/span><a href=\"https:\/\/slamdunkattorney.com\/es\/faqs\/steps-to-take-when-filing-a-car-accident-lawsuit\/\"><span style=\"font-weight: 400;\">Pasos a seguir al presentar una demanda por accidente automovil\u00edstico<\/span><\/a><span style=\"font-weight: 400;\">. Tambi\u00e9n pueden ayudarle a calcular las p\u00e9rdidas relacionadas con el accidente. Su abogado puede animarle a reclamar da\u00f1os econ\u00f3micos y no econ\u00f3micos por varias razones, tales como:<\/span><\/p>\n<ul>\n<li style=\"font-weight: 400;\" aria-level=\"1\"><span style=\"font-weight: 400;\">Reparaci\u00f3n o sustituci\u00f3n del autom\u00f3vil<\/span><\/li>\n<li style=\"font-weight: 400;\" aria-level=\"1\"><span style=\"font-weight: 400;\">Trauma emocional<\/span><\/li>\n<li style=\"font-weight: 400;\" aria-level=\"1\"><span style=\"font-weight: 400;\">Facturas m\u00e9dicas<\/span><\/li>\n<li style=\"font-weight: 400;\" aria-level=\"1\"><span style=\"font-weight: 400;\">Salarios perdidos<\/span><\/li>\n<li style=\"font-weight: 400;\" aria-level=\"1\"><span style=\"font-weight: 400;\">Dolor y sufrimiento<\/span><\/li>\n<\/ul>\n<p><span style=\"font-weight: 400;\">El valor de su reclamaci\u00f3n depende de las circunstancias que rodean su accidente. En cualquier caso, su abogado le animar\u00e1 a reclamar la mayor indemnizaci\u00f3n posible. Le ayudar\u00e1 a presentar su reclamaci\u00f3n antes de que se agote el plazo para hacerlo.\u00a0<\/span><\/p>\n\n<div class=\"cta-container row align-items-center\">\n    <div class=\"col-md-7\">\n        <p class=\"cta-text rs-content-cta\"><a class=\"no-btn\" href=\"https:\/\/slamdunkattorney.com\/es\/contact-us\/\">Haga clic para contactar<\/a> nuestros abogados especializados en accidentes automovil\u00edsticos en Duluth hoy mismo<\/p>\n    <\/div>\n    <div class=\"col-md-5\">\n        <img decoding=\"async\" src=\"https:\/\/slamdunkattorney.com\/wp-content\/themes\/slam-dunk-rebuild\/assets\/app\/img\/map-cta.jpg\" alt=\"Contact Us\" class=\"img-fluid\"\/>\n    <\/div>\n<\/div><h2>Estatuto de limitaciones para accidentes en veh\u00edculos compartidos<\/h2>\n<p><span style=\"font-weight: 400;\">Si un <\/span><a href=\"https:\/\/slamdunkattorney.com\/es\/blog\/do-i-need-a-lawyer-for-a-car-accident-that-wasnt-my-fault-car-accident-lawyer-duluth-georgia\/\"><span style=\"font-weight: 400;\">El accidente de coche no es culpa tuya.<\/span><\/a><span style=\"font-weight: 400;\">, es posible que desee presentar una reclamaci\u00f3n de conformidad con el estatuto de limitaciones de Georgia. Tiene hasta dos a\u00f1os desde el d\u00eda en que ocurri\u00f3 el accidente para solicitar una indemnizaci\u00f3n a la parte responsable. Si decide no solicitar una indemnizaci\u00f3n por da\u00f1os y perjuicios dentro de este plazo, es posible que tenga que pagar todos los gastos relacionados con el accidente de su propio bolsillo.\u00a0<\/span><\/p>\n<p><span style=\"font-weight: 400;\">A <\/span><b>Abogado especializado en accidentes de transporte compartido en Duluth <\/b><span style=\"font-weight: 400;\">entiende el plazo de prescripci\u00f3n. Se asegurar\u00e1 de que su reclamaci\u00f3n se presente a tiempo. Una vez presentada la reclamaci\u00f3n, su abogado le ayudar\u00e1 a preparar su caso.\u00a0<\/span><\/p>\n<p><span style=\"font-weight: 400;\">Usted es responsable de demostrar ante un juez o un jurado que merece una indemnizaci\u00f3n por da\u00f1os y perjuicios. Con la ayuda de su abogado, puede recopilar fotos y videos del lugar del accidente, informes policiales y otra documentaci\u00f3n que respalde su reclamaci\u00f3n. Estas pruebas pueden obligar al juez o al jurado a concederle la m\u00e1xima indemnizaci\u00f3n posible.\u00a0<\/span><\/p>\n\n<div class=\"cta-container map-bg row align-items-center flex-md-row-reverse\">\n    <div class=\"col-md-6\">\n        <p class=\"cta-text rs-content-cta\">Completa un <a href=\"https:\/\/slamdunkattorney.com\/es\/contact-us\/\">Formulario de evaluaci\u00f3n gratuita de su caso<\/a> ahora<\/p>\n    <\/div>\n    <div class=\"col-md-6 col-bg\">\n    <\/div>\n<\/div><h2>C\u00f3mo demostrar negligencia en un caso de accidente con Uber o Lyft<\/h2>\n<p><span style=\"font-weight: 400;\">Debe demostrar que la parte culpable fue negligente antes de poder recibir una indemnizaci\u00f3n por da\u00f1os y perjuicios. Para ello, debe verificar que se dieron cuatro elementos de negligencia en el momento del accidente de su viaje compartido. Estos son:<\/span><b><\/b><\/p>\n<ul>\n<li><b>Deber de diligencia<\/b>: <span style=\"font-weight: 400;\">Una parte estaba legalmente obligada a evitar actos imprudentes y temerarios que pudieran causarle da\u00f1os a usted y a otras personas.\u00a0<\/span><\/li>\n<li><b>Incumplimiento del deber de diligencia<\/b>: <span style=\"font-weight: 400;\">La parte infringi\u00f3 su obligaci\u00f3n legal al cometer un acto imprudente y temerario.<\/span><\/li>\n<li><b>Causalidad<\/b>: <span style=\"font-weight: 400;\">Como el partido decidi\u00f3 actuar de cierta manera, t\u00fa saliste perjudicado.<\/span><\/li>\n<li><b>Da\u00f1os y perjuicios<\/b>: <span style=\"font-weight: 400;\">Debido a las acciones de la parte, usted ha sufrido p\u00e9rdidas econ\u00f3micas o no econ\u00f3micas.<\/span><\/li>\n<\/ul>\n<p><span style=\"font-weight: 400;\">Si te est\u00e1s preguntando si es <\/span><a href=\"https:\/\/slamdunkattorney.com\/es\/faqs\/is-it-worth-getting-a-lawyer-for-a-car-accident\/\"><span style=\"font-weight: 400;\">\u00bfVale la pena contratar a un abogado por un accidente automovil\u00edstico?<\/span><\/a><span style=\"font-weight: 400;\">, considere lo que podr\u00eda suceder si decide no hacerlo. El demandado en su caso podr\u00eda presentar numerosas pruebas que demuestren que usted es parcial o totalmente responsable del accidente. Si el juez o el jurado est\u00e1n de acuerdo con su argumento, es posible que no reciba ninguna indemnizaci\u00f3n por da\u00f1os y perjuicios.\u00a0<\/span><\/p>\n<h2>Acuerdo en un caso de accidente de transporte compartido<\/h2>\n<p><span style=\"font-weight: 400;\">Su abogado puede proporcionarle un <\/span><a href=\"https:\/\/slamdunkattorney.com\/es\/faqs\/how-is-a-car-accident-settlement-calculated-in-georgia\/\"><span style=\"font-weight: 400;\">Gu\u00eda para el c\u00e1lculo de indemnizaciones por accidentes automovil\u00edsticos en Georgia<\/span><\/a><span style=\"font-weight: 400;\"> y otros recursos legales. Si recibe una oferta de acuerdo, su abogado se lo comunicar\u00e1. Puede revisar la propuesta con su abogado especializado en accidentes de transporte compartido en Duluth y decidir qu\u00e9 hacer al respecto.\u00a0<\/span><\/p>\n<p><span style=\"font-weight: 400;\">Un acuerdo puede otorgarle una parte de la indemnizaci\u00f3n que solicita. Por otro lado, es posible que no le proporcione una compensaci\u00f3n suficiente. Si este es el caso, tal vez le convenga rechazar la propuesta.\u00a0<\/span><\/p>\n<p><span style=\"font-weight: 400;\">Su abogado especializado en accidentes de transporte compartido en Duluth puede asesorarle sobre c\u00f3mo responder a una oferta de acuerdo. Aunque su abogado considere que debe rechazar una oferta, la decisi\u00f3n final es suya. Si est\u00e1 satisfecho con una propuesta, puede aceptarla y cerrar su caso.\u00a0<\/span><\/p>\n<h2>Contrate hoy mismo a un abogado especializado en accidentes de veh\u00edculos compartidos en Duluth.<\/h2>\n<p><span style=\"font-weight: 400;\">No tiene por qu\u00e9 lidiar solo con las consecuencias de su accidente con Uber o Lyft. En Slam Dunk Attorney, podemos ayudarle a reclamar una indemnizaci\u00f3n por da\u00f1os y perjuicios al conductor negligente, a la empresa de transporte compartido o a cualquier otra parte responsable de su accidente. Para programar una consulta gratuita sobre su caso, cont\u00e1ctenos hoy mismo.<\/span><\/p>\n\n<div class=\"cta-container row align-items-center\">\n    <div class=\"col-md-7\">\n        <p class=\"cta-text rs-content-cta\">Llame o env\u00ede un mensaje de texto <a class=\"no-btn\" href=\"tel:+14049513513\">404-951-3513<\/a> o completar un <a href=\"https:\/\/slamdunkattorney.com\/es\/contact-us\/\">Formulario de evaluaci\u00f3n gratuita de su caso<\/a><\/p>\n    <\/div>\n    <div class=\"col-md-5\">\n        <img decoding=\"async\" src=\"https:\/\/slamdunkattorney.com\/wp-content\/themes\/slam-dunk-rebuild\/assets\/app\/img\/map-cta.jpg\" alt=\"Call or Text\" class=\"img-fluid\"\/>\n    <\/div>\n<\/div>","protected":false},"excerpt":{"rendered":"<p>You probably do not expect a rideshare accident to happen. If an Uber or Lyft driver causes a crash that leaves you with an injury, you may want to get help from a Duluth car accident lawyer. You and your Duluth rideshare accident lawyer may work together to pursue compensation from anyone responsible for your &#8230;<\/p>","protected":false},"author":2,"featured_media":0,"parent":37,"menu_order":0,"comment_status":"closed","ping_status":"closed","template":"","meta":{"_acf_changed":false,"_genesis_hide_title":false,"_genesis_hide_breadcrumbs":false,"_genesis_hide_singular_image":false,"_genesis_hide_footer_widgets":false,"_genesis_custom_body_class":"","_genesis_custom_post_class":"","_genesis_layout":"","ngg_post_thumbnail":0,"footnotes":""},"extra-categories":[],"hc_faqs":[],"class_list":{"0":"post-6059","1":"page","2":"type-page","3":"status-publish","5":"hc_city_location-duluth","6":"entry"},"acf":[],"yoast_head":"<!-- This site is optimized with the Yoast SEO plugin v27.4 - https:\/\/yoast.com\/product\/yoast-seo-wordpress\/ -->\n<title>Rideshare Accident Lawyer in Duluth | Free Consultations<\/title>\n<meta name=\"description\" content=\"Duluth Rideshare Accident Lawyer: Slam Dunk Attorney has helped thousands of Georgia clients. No Win, No Fee.\" \/>\n<meta name=\"robots\" content=\"index, follow, max-snippet:-1, max-image-preview:large, max-video-preview:-1\" \/>\n<link rel=\"canonical\" href=\"https:\/\/slamdunkattorney.com\/es\/duluth\/car-accident-lawyer\/rideshare-accidents\/\" \/>\n<meta property=\"og:locale\" content=\"es_MX\" \/>\n<meta property=\"og:type\" content=\"article\" \/>\n<meta property=\"og:title\" content=\"Rideshare Accident Lawyer in Duluth | Free Consultations\" \/>\n<meta property=\"og:description\" content=\"Duluth Rideshare Accident Lawyer: Slam Dunk Attorney has helped thousands of Georgia clients. No Win, No Fee.\" \/>\n<meta property=\"og:url\" content=\"https:\/\/slamdunkattorney.com\/es\/duluth\/car-accident-lawyer\/rideshare-accidents\/\" \/>\n<meta property=\"og:site_name\" content=\"Slam Dunk Attorney | Injury Lawyers\" \/>\n<meta property=\"article:publisher\" content=\"https:\/\/www.facebook.com\/slamdunkattorneyinjurylawyers\/\" \/>\n<meta property=\"article:modified_time\" content=\"2025-06-03T07:27:17+00:00\" \/>\n<meta property=\"og:image\" content=\"https:\/\/slamdunkattorney.com\/wp-content\/uploads\/2023\/05\/cropped-Logo.png\" \/>\n\t<meta property=\"og:image:width\" content=\"1080\" \/>\n\t<meta property=\"og:image:height\" content=\"240\" \/>\n\t<meta property=\"og:image:type\" content=\"image\/png\" \/>\n<meta name=\"twitter:card\" content=\"summary_large_image\" \/>\n<meta name=\"twitter:site\" content=\"@slamdunkattorney\" \/>\n<meta name=\"twitter:label1\" content=\"Est. reading time\" \/>\n\t<meta name=\"twitter:data1\" content=\"5 minutos\" \/>\n<script type=\"application\/ld+json\" class=\"yoast-schema-graph\">{\"@context\":\"https:\\\/\\\/schema.org\",\"@graph\":[{\"@type\":\"WebPage\",\"@id\":\"https:\\\/\\\/slamdunkattorney.com\\\/duluth\\\/car-accident-lawyer\\\/rideshare-accidents\\\/\",\"url\":\"https:\\\/\\\/slamdunkattorney.com\\\/duluth\\\/car-accident-lawyer\\\/rideshare-accidents\\\/\",\"name\":\"Rideshare Accident Lawyer in Duluth | Free Consultations\",\"isPartOf\":{\"@id\":\"https:\\\/\\\/slamdunkattorney.com\\\/#website\"},\"datePublished\":\"2024-07-10T12:38:47+00:00\",\"dateModified\":\"2025-06-03T07:27:17+00:00\",\"description\":\"Duluth Rideshare Accident Lawyer: Slam Dunk Attorney has helped thousands of Georgia clients. No Win, No Fee.\",\"breadcrumb\":{\"@id\":\"https:\\\/\\\/slamdunkattorney.com\\\/duluth\\\/car-accident-lawyer\\\/rideshare-accidents\\\/#breadcrumb\"},\"inLanguage\":\"es\",\"potentialAction\":[{\"@type\":\"ReadAction\",\"target\":[\"https:\\\/\\\/slamdunkattorney.com\\\/duluth\\\/car-accident-lawyer\\\/rideshare-accidents\\\/\"]}]},{\"@type\":\"BreadcrumbList\",\"@id\":\"https:\\\/\\\/slamdunkattorney.com\\\/duluth\\\/car-accident-lawyer\\\/rideshare-accidents\\\/#breadcrumb\",\"itemListElement\":[{\"@type\":\"ListItem\",\"position\":1,\"name\":\"Home\",\"item\":\"https:\\\/\\\/slamdunkattorney.com\\\/\"},{\"@type\":\"ListItem\",\"position\":2,\"name\":\"Duluth, GA Personal Injury Lawyer\",\"item\":\"https:\\\/\\\/slamdunkattorney.com\\\/\"},{\"@type\":\"ListItem\",\"position\":3,\"name\":\"Duluth Car Accident Lawyer\",\"item\":\"https:\\\/\\\/slamdunkattorney.com\\\/duluth\\\/car-accident-lawyer\\\/\"},{\"@type\":\"ListItem\",\"position\":4,\"name\":\"Rideshare Accident\"}]},{\"@type\":\"WebSite\",\"@id\":\"https:\\\/\\\/slamdunkattorney.com\\\/#website\",\"url\":\"https:\\\/\\\/slamdunkattorney.com\\\/\",\"name\":\"Slam Dunk Attorney | Injury Lawyers\",\"description\":\"Duluth Personal Injury Lawyers\",\"publisher\":{\"@id\":\"https:\\\/\\\/slamdunkattorney.com\\\/#organization\"},\"alternateName\":\"Slam Dunk Attorney\",\"inLanguage\":\"es\"},{\"@type\":\"Organization\",\"@id\":\"https:\\\/\\\/slamdunkattorney.com\\\/#organization\",\"name\":\"Slam Dunk Attorney\",\"alternateName\":\"Slam Dunk\",\"url\":\"https:\\\/\\\/slamdunkattorney.com\\\/\",\"logo\":{\"@type\":\"ImageObject\",\"inLanguage\":\"es\",\"@id\":\"https:\\\/\\\/slamdunkattorney.com\\\/#\\\/schema\\\/logo\\\/image\\\/\",\"url\":\"https:\\\/\\\/slamdunkattorney.com\\\/wp-content\\\/uploads\\\/2023\\\/05\\\/cropped-Logo.png\",\"contentUrl\":\"https:\\\/\\\/slamdunkattorney.com\\\/wp-content\\\/uploads\\\/2023\\\/05\\\/cropped-Logo.png\",\"width\":1080,\"height\":240,\"caption\":\"Slam Dunk Attorney\"},\"image\":{\"@id\":\"https:\\\/\\\/slamdunkattorney.com\\\/#\\\/schema\\\/logo\\\/image\\\/\"},\"sameAs\":[\"https:\\\/\\\/www.facebook.com\\\/slamdunkattorneyinjurylawyers\\\/\",\"https:\\\/\\\/x.com\\\/slamdunkattorney\",\"https:\\\/\\\/www.instagram.com\\\/slamdunkattorney\\\/\",\"https:\\\/\\\/www.youtube.com\\\/channel\\\/UCSrOiC7vOjlCi3UgtIVGNtw\",\"https:\\\/\\\/www.linkedin.com\\\/company\\\/slamdunkattorneyinjurylawyers\"]}]}<\/script>\n<!-- \/ Yoast SEO plugin. -->","yoast_head_json":{"title":"Rideshare Accident Lawyer in Duluth | Free Consultations","description":"Duluth Rideshare Accident Lawyer: Slam Dunk Attorney has helped thousands of Georgia clients. No Win, No Fee.","robots":{"index":"index","follow":"follow","max-snippet":"max-snippet:-1","max-image-preview":"max-image-preview:large","max-video-preview":"max-video-preview:-1"},"canonical":"https:\/\/slamdunkattorney.com\/es\/duluth\/car-accident-lawyer\/rideshare-accidents\/","og_locale":"es_MX","og_type":"article","og_title":"Rideshare Accident Lawyer in Duluth | Free Consultations","og_description":"Duluth Rideshare Accident Lawyer: Slam Dunk Attorney has helped thousands of Georgia clients. No Win, No Fee.","og_url":"https:\/\/slamdunkattorney.com\/es\/duluth\/car-accident-lawyer\/rideshare-accidents\/","og_site_name":"Slam Dunk Attorney | Injury Lawyers","article_publisher":"https:\/\/www.facebook.com\/slamdunkattorneyinjurylawyers\/","article_modified_time":"2025-06-03T07:27:17+00:00","og_image":[{"width":1080,"height":240,"url":"https:\/\/slamdunkattorney.com\/wp-content\/uploads\/2023\/05\/cropped-Logo.png","type":"image\/png"}],"twitter_card":"summary_large_image","twitter_site":"@slamdunkattorney","twitter_misc":{"Est. reading time":"5 minutos"},"schema":{"@context":"https:\/\/schema.org","@graph":[{"@type":"WebPage","@id":"https:\/\/slamdunkattorney.com\/duluth\/car-accident-lawyer\/rideshare-accidents\/","url":"https:\/\/slamdunkattorney.com\/duluth\/car-accident-lawyer\/rideshare-accidents\/","name":"Rideshare Accident Lawyer in Duluth | Free Consultations","isPartOf":{"@id":"https:\/\/slamdunkattorney.com\/#website"},"datePublished":"2024-07-10T12:38:47+00:00","dateModified":"2025-06-03T07:27:17+00:00","description":"Duluth Rideshare Accident Lawyer: Slam Dunk Attorney has helped thousands of Georgia clients. No Win, No Fee.","breadcrumb":{"@id":"https:\/\/slamdunkattorney.com\/duluth\/car-accident-lawyer\/rideshare-accidents\/#breadcrumb"},"inLanguage":"es","potentialAction":[{"@type":"ReadAction","target":["https:\/\/slamdunkattorney.com\/duluth\/car-accident-lawyer\/rideshare-accidents\/"]}]},{"@type":"BreadcrumbList","@id":"https:\/\/slamdunkattorney.com\/duluth\/car-accident-lawyer\/rideshare-accidents\/#breadcrumb","itemListElement":[{"@type":"ListItem","position":1,"name":"Home","item":"https:\/\/slamdunkattorney.com\/"},{"@type":"ListItem","position":2,"name":"Duluth, GA Personal Injury Lawyer","item":"https:\/\/slamdunkattorney.com\/"},{"@type":"ListItem","position":3,"name":"Duluth Car Accident Lawyer","item":"https:\/\/slamdunkattorney.com\/duluth\/car-accident-lawyer\/"},{"@type":"ListItem","position":4,"name":"Rideshare Accident"}]},{"@type":"WebSite","@id":"https:\/\/slamdunkattorney.com\/#website","url":"https:\/\/slamdunkattorney.com\/","name":"Abogado experto en lesiones | Abogados especializados en lesiones","description":"Abogados de lesiones personales en Duluth","publisher":{"@id":"https:\/\/slamdunkattorney.com\/#organization"},"alternateName":"Slam Dunk Attorney","inLanguage":"es"},{"@type":"Organization","@id":"https:\/\/slamdunkattorney.com\/#organization","name":"Abogado Slam Dunk","alternateName":"Slam Dunk","url":"https:\/\/slamdunkattorney.com\/","logo":{"@type":"ImageObject","inLanguage":"es","@id":"https:\/\/slamdunkattorney.com\/#\/schema\/logo\/image\/","url":"https:\/\/slamdunkattorney.com\/wp-content\/uploads\/2023\/05\/cropped-Logo.png","contentUrl":"https:\/\/slamdunkattorney.com\/wp-content\/uploads\/2023\/05\/cropped-Logo.png","width":1080,"height":240,"caption":"Slam Dunk Attorney"},"image":{"@id":"https:\/\/slamdunkattorney.com\/#\/schema\/logo\/image\/"},"sameAs":["https:\/\/www.facebook.com\/slamdunkattorneyinjurylawyers\/","https:\/\/x.com\/slamdunkattorney","https:\/\/www.instagram.com\/slamdunkattorney\/","https:\/\/www.youtube.com\/channel\/UCSrOiC7vOjlCi3UgtIVGNtw","https:\/\/www.linkedin.com\/company\/slamdunkattorneyinjurylawyers"]}]}},"yoast_meta":{"yoast_wpseo_title":"","yoast_wpseo_metadesc":"","yoast_wpseo_canonical":"https:\/\/slamdunkattorney.com\/es\/wp-json\/wp\/v2\/pages\/6059"},"_links":{"self":[{"href":"https:\/\/slamdunkattorney.com\/es\/wp-json\/wp\/v2\/pages\/6059","targetHints":{"allow":["GET"]}}],"collection":[{"href":"https:\/\/slamdunkattorney.com\/es\/wp-json\/wp\/v2\/pages"}],"about":[{"href":"https:\/\/slamdunkattorney.com\/es\/wp-json\/wp\/v2\/types\/page"}],"author":[{"embeddable":true,"href":"https:\/\/slamdunkattorney.com\/es\/wp-json\/wp\/v2\/users\/2"}],"replies":[{"embeddable":true,"href":"https:\/\/slamdunkattorney.com\/es\/wp-json\/wp\/v2\/comments?post=6059"}],"version-history":[{"count":0,"href":"https:\/\/slamdunkattorney.com\/es\/wp-json\/wp\/v2\/pages\/6059\/revisions"}],"up":[{"embeddable":true,"href":"https:\/\/slamdunkattorney.com\/es\/wp-json\/wp\/v2\/pages\/37"}],"wp:attachment":[{"href":"https:\/\/slamdunkattorney.com\/es\/wp-json\/wp\/v2\/media?parent=6059"}],"wp:term":[{"taxonomy":"extra-categories","embeddable":true,"href":"https:\/\/slamdunkattorney.com\/es\/wp-json\/wp\/v2\/extra-categories?post=6059"},{"taxonomy":"hc_faqs","embeddable":true,"href":"https:\/\/slamdunkattorney.com\/es\/wp-json\/wp\/v2\/hc_faqs?post=6059"}],"curies":[{"name":"wp","href":"https:\/\/api.w.org\/{rel}","templated":true}]}}