{"id":6058,"date":"2024-07-10T12:36:37","date_gmt":"2024-07-10T12:36:37","guid":{"rendered":"https:\/\/slamdunk.wpenginepowered.com\/?page_id=6058"},"modified":"2025-06-03T07:25:44","modified_gmt":"2025-06-03T07:25:44","slug":"duluth-car-accident-lawyer-multi-vehicle-accident","status":"publish","type":"page","link":"https:\/\/slamdunkattorney.com\/es\/duluth\/car-accident-lawyer\/multi-vehicle-accident\/","title":{"rendered":"Abogado especializado en accidentes con m\u00faltiples veh\u00edculos en Duluth"},"content":{"rendered":"<p><span style=\"font-weight: 400;\">Se sabe que los choques m\u00faltiples causan da\u00f1os materiales catastr\u00f3ficos y lesiones graves. Identificar a la parte culpable ser\u00e1 esencial si desea que le cubran los gastos. Afortunadamente, con el apoyo legal de un abogado de primera categor\u00eda <\/span><b>Abogado especializado en accidentes con m\u00faltiples veh\u00edculos en Duluth<\/b><span style=\"font-weight: 400;\"> Con Slam Dunk Attorney, podr\u00e1 estar m\u00e1s tranquilo mientras llevamos a cabo una investigaci\u00f3n exhaustiva, determinamos las responsabilidades y luchamos por la indemnizaci\u00f3n que se merece.<\/span><\/p>\n<p><span style=\"font-weight: 400;\">Estamos preparados para agotar todas las oportunidades de ayuda financiera cuando su vida se ha visto trastornada por las lesiones que ha sufrido. Hemos representado a m\u00e1s de 1,000 clientes a lo largo de los a\u00f1os. Perm\u00edtanos poner nuestros a\u00f1os de experiencia en juicios a su servicio y al de su familia. Comun\u00edquese con nuestra oficina para programar su consulta gratuita con un <\/span><a href=\"https:\/\/slamdunkattorney.com\/es\/duluth\/car-accident-lawyer\/\"><span style=\"font-weight: 400;\">Abogado especializado en accidentes automovil\u00edsticos en Duluth<\/span><\/a><span style=\"font-weight: 400;\">\u00a0de nuestra empresa ahora mismo para empezar.<\/span><\/p>\n<h2>Considere sus opciones legales tras un accidente con varios veh\u00edculos involucrados.<\/h2>\n<p><span style=\"font-weight: 400;\">Es posible que se sienta abrumado, confundido y preocupado por c\u00f3mo cubrir\u00e1 sus gastos despu\u00e9s de un choque. Su <\/span><a href=\"https:\/\/slamdunkattorney.com\/es\/\">abogado especializado en lesiones personales en Duluth<\/a><span style=\"font-weight: 400;\"> est\u00e1 aqu\u00ed para ayudarle a aliviar sus preocupaciones y est\u00e1 preparado para luchar por la indemnizaci\u00f3n que usted se merece.<\/span><\/p>\n<p><span style=\"font-weight: 400;\">Cada caso es diferente, pero la mayor\u00eda de las v\u00edctimas de accidentes automovil\u00edsticos pueden exigir justicia presentando una reclamaci\u00f3n a la compa\u00f1\u00eda de seguros o interponiendo una demanda por accidente m\u00faltiple ante los tribunales.<\/span><\/p>\n<h3>Da\u00f1os recuperables mediante una reclamaci\u00f3n al seguro<\/h3>\n<p><span style=\"font-weight: 400;\">Muchas v\u00edctimas de lesiones cometen el error de confiar en que la compa\u00f1\u00eda de seguros les indemnizar\u00e1 por el valor total de sus p\u00e9rdidas. Desafortunadamente, no es as\u00ed como funcionan las reclamaciones de seguros. La p\u00f3liza de seguro de la parte responsable determinar\u00e1 la indemnizaci\u00f3n que se le conceder\u00e1 y los da\u00f1os que se cubrir\u00e1n.<\/span><\/p>\n<p><span style=\"font-weight: 400;\">Seg\u00fan el<\/span> <a href=\"https:\/\/dor.georgia.gov\/motor-vehicles\/vehicle-insurance-requirements\" target=\"_blank\" rel=\"noopener\"><span style=\"font-weight: 400;\">Departamento de Hacienda de Georgia<\/span><\/a><span style=\"font-weight: 400;\">, Los conductores deben tener una cobertura de responsabilidad civil por da\u00f1os corporales de 25,000 por persona\/50,000 por accidente y una cobertura de responsabilidad civil por da\u00f1os materiales de 25,000.<\/span><\/p>\n<p><span style=\"font-weight: 400;\">Si el conductor que caus\u00f3 el accidente no tiene cobertura adicional, la compa\u00f1\u00eda de seguros solo pagar\u00e1 una parte de sus gastos m\u00e9dicos y los costos de reparaci\u00f3n del veh\u00edculo. De esta manera, su indemnizaci\u00f3n se limita a las p\u00e9rdidas cubiertas por la parte responsable y a los l\u00edmites de la p\u00f3liza.<\/span><\/p>\n<h3>Da\u00f1os recuperables en el juicio<\/h3>\n<p><span style=\"font-weight: 400;\">Aunque llevar su caso a los tribunales puede resultar intimidante, contar con el apoyo de su abogado durante el juicio puede ayudarle a sentirse m\u00e1s seguro. <\/span><a href=\"https:\/\/slamdunkattorney.com\/es\/duluth\/catastrophic-injury-lawyer\/\"><span style=\"font-weight: 400;\">Abogado especializado en lesiones catastr\u00f3ficas en Duluth<\/span><\/a><span style=\"font-weight: 400;\"> A menudo es una de las mejores maneras de maximizar su indemnizaci\u00f3n. No tiene las mismas limitaciones que conlleva una reclamaci\u00f3n al seguro cuando su caso es juzgado por un juez y un jurado. Entre los ejemplos de da\u00f1os y perjuicios que podr\u00edan concederse si su demanda por lesiones personales tiene \u00e9xito se incluyen:<\/span><\/p>\n<ul>\n<li style=\"font-weight: 400;\" aria-level=\"1\"><span style=\"font-weight: 400;\">Angustia emocional<\/span><\/li>\n<li style=\"font-weight: 400;\" aria-level=\"1\"><span style=\"font-weight: 400;\">P\u00e9rdida de ingresos<\/span><\/li>\n<li style=\"font-weight: 400;\" aria-level=\"1\"><span style=\"font-weight: 400;\">P\u00e9rdida de consorcio<\/span><\/li>\n<li style=\"font-weight: 400;\" aria-level=\"1\"><span style=\"font-weight: 400;\">P\u00e9rdida de servicios dom\u00e9sticos<\/span><\/li>\n<li style=\"font-weight: 400;\" aria-level=\"1\"><span style=\"font-weight: 400;\">Dolor y sufrimiento<\/span><\/li>\n<li style=\"font-weight: 400;\" aria-level=\"1\"><span style=\"font-weight: 400;\">Gastos m\u00e9dicos futuros<\/span><\/li>\n<li style=\"font-weight: 400;\" aria-level=\"1\"><span style=\"font-weight: 400;\">Desfiguraci\u00f3n y cicatrices<\/span><\/li>\n<li style=\"font-weight: 400;\" aria-level=\"1\"><span style=\"font-weight: 400;\">Da\u00f1os punitivos por <\/span><a href=\"https:\/\/law.justia.com\/codes\/georgia\/2010\/title-51\/chapter-12\/article-1\/51-12-5-1\" target=\"_blank\" rel=\"noopener\"><span style=\"font-weight: 400;\">C\u00f3digo de Georgia \u00a751-12-5.1<\/span><\/a><\/li>\n<\/ul>\n\n<div class=\"cta-container row align-items-center\">\n    <div class=\"col-md-7\">\n        <p class=\"cta-text rs-content-cta\">Orgullosos de servir a Duluth y a todo Georgia <span>\u00a1Cont\u00e1ctenos para comenzar su recuperaci\u00f3n!<\/span> <a href=\"https:\/\/slamdunkattorney.com\/es\/\">Explore nuestras \u00e1reas de pr\u00e1ctica<\/a><\/p>\n    <\/div>\n    <div class=\"col-md-5\">\n        <img decoding=\"async\" src=\"https:\/\/slamdunkattorney.com\/wp-content\/themes\/slam-dunk-rebuild\/assets\/app\/img\/map-cta.jpg\" alt=\"Legal Consultation\" class=\"img-fluid\"\/>\n    <\/div>\n<\/div><h2>Preguntas frecuentes sobre accidentes con varios veh\u00edculos en Duluth<\/h2>\n<h3>\u00bfQu\u00e9 causa la mayor\u00eda de los accidentes con varios veh\u00edculos involucrados?<\/h3>\n<p><span style=\"font-weight: 400;\">Seg\u00fan el <\/span><a href=\"https:\/\/crashstats.nhtsa.dot.gov\/Api\/Public\/ViewPublication\/811059\" target=\"_blank\" rel=\"noopener\"><span style=\"font-weight: 400;\">Estudio nacional sobre las causas de los accidentes automovil\u00edsticos<\/span><\/a><span style=\"font-weight: 400;\"> Seg\u00fan la Administraci\u00f3n Nacional de Seguridad Vial en Carreteras (NHTSA), la mayor\u00eda de los accidentes con varios veh\u00edculos implicados son causados por conductores negligentes. Cuando los conductores no se toman en serio sus responsabilidades al volante, pueden provocar colisiones devastadoras.<\/span><\/p>\n<p><span style=\"font-weight: 400;\">Por ejemplo, podr\u00eda producirse un choque m\u00faltiple porque un conductor se distrajo, conduc\u00eda bajo los efectos de las drogas o el alcohol, ten\u00eda sue\u00f1o o incluso conduc\u00eda de forma agresiva.<\/span><\/p>\n<p><span style=\"font-weight: 400;\">Sin embargo, los choques m\u00faltiples tambi\u00e9n pueden ser causados por piezas defectuosas y condiciones peligrosas en la carretera. Si las zonas de obras en la carretera no est\u00e1n debidamente protegidas, las piezas del autom\u00f3vil funcionan mal o no se han realizado las reparaciones necesarias en la calle, los accidentes automovil\u00edsticos pueden provocar una reacci\u00f3n en cadena.<\/span><\/p>\n<p><span style=\"font-weight: 400;\">Tu <\/span><span style=\"font-weight: 400;\">Abogado especializado en accidentes con m\u00faltiples veh\u00edculos en Duluth<\/span><span style=\"font-weight: 400;\">\u00a0Tendremos que investigar minuciosamente para identificar la causa y poder determinar a qui\u00e9n se debe demandar por los da\u00f1os y perjuicios sufridos.<\/span><\/p>\n<h3>\u00bfC\u00f3mo afectar\u00e1 a mi acuerdo la responsabilidad compartida?<\/h3>\n<p><span style=\"font-weight: 400;\">No se sorprenda si el demandado le acusa de compartir la responsabilidad del accidente. Su <\/span><b>Abogado especializado en accidentes con m\u00faltiples veh\u00edculos en Duluth<\/b><span style=\"font-weight: 400;\"> de Slam Dunk Attorney tendr\u00e1 la tarea de determinar la culpa para que la parte responsable no pueda aprovecharse de las normas modificadas de negligencia comparativa de Georgia. Seg\u00fan <\/span><span style=\"font-weight: 400;\">OCGA \u00a751-12-33<\/span><span style=\"font-weight: 400;\">, Si usted tiene parte de la culpa, su indemnizaci\u00f3n podr\u00eda reducirse.<\/span><\/p>\n<p><span style=\"font-weight: 400;\">Lo que es peor, si su parte de culpa supera el umbral de 49%, se le podr\u00eda impedir recuperar la indemnizaci\u00f3n por completo. Esta es una de las t\u00e1cticas m\u00e1s comunes que utilizan los demandados para eludir su responsabilidad financiera. Haremos todo lo posible para protegerle y evitar que se aprovechen de usted en este momento tan dif\u00edcil de su vida.<\/span><\/p>\n<h3>\u00bfA qui\u00e9n puedo demandar por da\u00f1os y perjuicios despu\u00e9s de un accidente con varios veh\u00edculos?<\/h3>\n<p><span style=\"font-weight: 400;\">Cualquier persona que comparta la responsabilidad de causar un choque m\u00faltiple puede ser demandada por da\u00f1os y perjuicios. En la mayor\u00eda de los casos, los conductores negligentes son considerados responsables de causar choques m\u00faltiples. Sin embargo, organismos gubernamentales como el Departamento de Transporte de Georgia, la ciudad de Duluth y los fabricantes o distribuidores de piezas de autom\u00f3viles tambi\u00e9n podr\u00edan ser incluidos en su demanda si su negligencia contribuy\u00f3 a las lesiones que usted sufri\u00f3.<\/span><\/p>\n<h3>\u00bfCu\u00e1l es el plazo de prescripci\u00f3n para las reclamaciones por accidentes con varios veh\u00edculos implicados?<\/h3>\n<p><span style=\"font-weight: 400;\">Si desea presentar una demanda por un accidente con varios veh\u00edculos implicados, debe actuar con rapidez. Seg\u00fan <\/span><a href=\"https:\/\/law.justia.com\/codes\/georgia\/2022\/title-9\/chapter-3\/article-2\/section-9-3-33\/\" target=\"_blank\" rel=\"noopener\"><span style=\"font-weight: 400;\">C\u00f3digo de Georgia \u00a79-3-33<\/span><\/a><span style=\"font-weight: 400;\">, El plazo de prescripci\u00f3n para las reclamaciones por accidentes automovil\u00edsticos suele expirar dos a\u00f1os despu\u00e9s de la colisi\u00f3n.<\/span><\/p>\n<p><span style=\"font-weight: 400;\">Si considera que se dan circunstancias atenuantes y no est\u00e1 seguro de cu\u00e1nto tiempo tiene para presentar su reclamaci\u00f3n, no dude en ponerse en contacto con su asesor legal para obtener respuestas.<\/span><\/p>\n<h3>\u00bfC\u00f3mo funcionan las reclamaciones de seguros despu\u00e9s de un accidente con varios veh\u00edculos?<\/h3>\n<p><span style=\"font-weight: 400;\">Georgia sigue las leyes de seguros basadas en la culpa. Despu\u00e9s de una colisi\u00f3n, puede iniciar el proceso de reclamaci\u00f3n al seguro presentando una reclamaci\u00f3n contra la p\u00f3liza de seguro de la parte responsable. Dependiendo de las circunstancias de su caso, tambi\u00e9n puede tener la oportunidad de presentar una reclamaci\u00f3n contra su p\u00f3liza de seguro personal sin culpa.<\/span><\/p>\n<p><span style=\"font-weight: 400;\">Si el conductor que lo atropell\u00f3 o caus\u00f3 el accidente no tiene seguro o no tiene suficiente cobertura para cubrir sus necesidades, una opci\u00f3n podr\u00eda ser recurrir a su cobertura sin culpa. Sin embargo, las compa\u00f1\u00edas de seguros suelen aumentar las primas despu\u00e9s de que los asegurados presentan reclamaciones. Por esta raz\u00f3n, siempre debe analizar sus opciones de recurso legal antes de ponerse en contacto con la compa\u00f1\u00eda de seguros.<\/span><\/p>\n\n<div class=\"cta-container map-bg row align-items-center flex-md-row-reverse\">\n    <div class=\"col-md-6\">\n        <p class=\"cta-text rs-content-cta\">Abogado especializado en accidentes con m\u00faltiples veh\u00edculos en Duluth cerca de m\u00ed <a href=\"tel:+14049513513\">404-951-3513<\/a><\/p>\n    <\/div>\n    <div class=\"col-md-6 col-bg\">\n    <\/div>\n<\/div><h2>Consulte hoy mismo a un abogado altamente calificado y especializado en accidentes con m\u00faltiples veh\u00edculos en Duluth para obtener ayuda.<\/h2>\n<p><span style=\"font-weight: 400;\">Cuando usted ha sufrido lesiones graves en un accidente automovil\u00edstico con varios veh\u00edculos, las lesiones que padece y el trauma emocional que arrastra tras el choque pueden tener un profundo impacto en su vida. Aunque no podemos hacer nada para cambiar la gravedad de las lesiones o su experiencia, podemos ayudarle a obtener la compensaci\u00f3n econ\u00f3mica que necesita para seguir adelante con su vida y evitar la ruina financiera.<\/span><\/p>\n<p><span style=\"font-weight: 400;\">Trabajar con un equipo dedicado <\/span><b>Abogado especializado en accidentes con m\u00faltiples veh\u00edculos en Duluth<\/b><span style=\"font-weight: 400;\"> de Slam Dunk Attorney podr\u00eda ser tu mejor oportunidad para obtener el apoyo que necesitas cuando m\u00e1s lo necesitas.<\/span><\/p>\n<p><span style=\"font-weight: 400;\">Nuestro equipo se enorgullece de ofrecer consultas gratuitas a v\u00edctimas de accidentes automovil\u00edsticos y lesiones personales en Duluth y en todo el estado de Georgia. Cuando est\u00e9 listo para aprovechar esta oportunidad, no lo dude. Llame a nuestra oficina o complete nuestro formulario de contacto seguro para programar la suya hoy mismo.<\/span><\/p>\n\n<div class=\"cta-container row align-items-center\">\n    <div class=\"col-md-7\">\n        <p class=\"cta-text rs-content-cta\">Llame o env\u00ede un mensaje de texto <a class=\"no-btn\" href=\"tel:+14049513513\">404-951-3513<\/a> o completar un <a href=\"https:\/\/slamdunkattorney.com\/es\/contact-us\/\">Formulario de evaluaci\u00f3n gratuita de su caso<\/a><\/p>\n    <\/div>\n    <div class=\"col-md-5\">\n        <img decoding=\"async\" src=\"https:\/\/slamdunkattorney.com\/wp-content\/themes\/slam-dunk-rebuild\/assets\/app\/img\/map-cta.jpg\" alt=\"Call or Text\" class=\"img-fluid\"\/>\n    <\/div>\n<\/div>","protected":false},"excerpt":{"rendered":"<p>Multi-car pile-ups have been known to cause catastrophic property damages and serious injuries. Identifying the at-fault party will be essential if you hope to get your costs covered. Fortunately, with the legal support of a top-rated Duluth multi-vehicle accident lawyer from Slam Dunk Attorney, you can rest easier while we conduct an intensive investigation, establish &#8230;<\/p>","protected":false},"author":2,"featured_media":0,"parent":37,"menu_order":0,"comment_status":"closed","ping_status":"closed","template":"","meta":{"_acf_changed":false,"_genesis_hide_title":false,"_genesis_hide_breadcrumbs":false,"_genesis_hide_singular_image":false,"_genesis_hide_footer_widgets":false,"_genesis_custom_body_class":"","_genesis_custom_post_class":"","_genesis_layout":"","ngg_post_thumbnail":0,"footnotes":""},"extra-categories":[],"hc_faqs":[],"class_list":{"0":"post-6058","1":"page","2":"type-page","3":"status-publish","5":"hc_city_location-duluth","6":"entry"},"acf":[],"yoast_head":"<!-- This site is optimized with the Yoast SEO plugin v27.4 - https:\/\/yoast.com\/product\/yoast-seo-wordpress\/ -->\n<title>Multi-Vehicle Accident Lawyer in Duluth | Free Consultations<\/title>\n<meta name=\"description\" content=\"Duluth Multi-Vehicle Accident Lawyer: Slam Dunk Attorney has helped thousands of Georgia clients. No Win, No Fee.\" \/>\n<meta name=\"robots\" content=\"index, follow, max-snippet:-1, max-image-preview:large, max-video-preview:-1\" \/>\n<link rel=\"canonical\" href=\"https:\/\/slamdunkattorney.com\/es\/duluth\/car-accident-lawyer\/multi-vehicle-accident\/\" \/>\n<meta property=\"og:locale\" content=\"es_MX\" \/>\n<meta property=\"og:type\" content=\"article\" \/>\n<meta property=\"og:title\" content=\"Multi-Vehicle Accident Lawyer in Duluth | Free Consultations\" \/>\n<meta property=\"og:description\" content=\"Duluth Multi-Vehicle Accident Lawyer: Slam Dunk Attorney has helped thousands of Georgia clients. No Win, No Fee.\" \/>\n<meta property=\"og:url\" content=\"https:\/\/slamdunkattorney.com\/es\/duluth\/car-accident-lawyer\/multi-vehicle-accident\/\" \/>\n<meta property=\"og:site_name\" content=\"Slam Dunk Attorney | Injury Lawyers\" \/>\n<meta property=\"article:publisher\" content=\"https:\/\/www.facebook.com\/slamdunkattorneyinjurylawyers\/\" \/>\n<meta property=\"article:modified_time\" content=\"2025-06-03T07:25:44+00:00\" \/>\n<meta property=\"og:image\" content=\"https:\/\/slamdunkattorney.com\/wp-content\/uploads\/2023\/05\/cropped-Logo.png\" \/>\n\t<meta property=\"og:image:width\" content=\"1080\" \/>\n\t<meta property=\"og:image:height\" content=\"240\" \/>\n\t<meta property=\"og:image:type\" content=\"image\/png\" \/>\n<meta name=\"twitter:card\" content=\"summary_large_image\" \/>\n<meta name=\"twitter:site\" content=\"@slamdunkattorney\" \/>\n<meta name=\"twitter:label1\" content=\"Est. reading time\" \/>\n\t<meta name=\"twitter:data1\" content=\"5 minutos\" \/>\n<script type=\"application\/ld+json\" class=\"yoast-schema-graph\">{\"@context\":\"https:\\\/\\\/schema.org\",\"@graph\":[{\"@type\":\"WebPage\",\"@id\":\"https:\\\/\\\/slamdunkattorney.com\\\/duluth\\\/car-accident-lawyer\\\/multi-vehicle-accident\\\/\",\"url\":\"https:\\\/\\\/slamdunkattorney.com\\\/duluth\\\/car-accident-lawyer\\\/multi-vehicle-accident\\\/\",\"name\":\"Multi-Vehicle Accident Lawyer in Duluth | Free Consultations\",\"isPartOf\":{\"@id\":\"https:\\\/\\\/slamdunkattorney.com\\\/#website\"},\"datePublished\":\"2024-07-10T12:36:37+00:00\",\"dateModified\":\"2025-06-03T07:25:44+00:00\",\"description\":\"Duluth Multi-Vehicle Accident Lawyer: Slam Dunk Attorney has helped thousands of Georgia clients. No Win, No Fee.\",\"breadcrumb\":{\"@id\":\"https:\\\/\\\/slamdunkattorney.com\\\/duluth\\\/car-accident-lawyer\\\/multi-vehicle-accident\\\/#breadcrumb\"},\"inLanguage\":\"es\",\"potentialAction\":[{\"@type\":\"ReadAction\",\"target\":[\"https:\\\/\\\/slamdunkattorney.com\\\/duluth\\\/car-accident-lawyer\\\/multi-vehicle-accident\\\/\"]}]},{\"@type\":\"BreadcrumbList\",\"@id\":\"https:\\\/\\\/slamdunkattorney.com\\\/duluth\\\/car-accident-lawyer\\\/multi-vehicle-accident\\\/#breadcrumb\",\"itemListElement\":[{\"@type\":\"ListItem\",\"position\":1,\"name\":\"Home\",\"item\":\"https:\\\/\\\/slamdunkattorney.com\\\/\"},{\"@type\":\"ListItem\",\"position\":2,\"name\":\"Duluth, GA Personal Injury Lawyer\",\"item\":\"https:\\\/\\\/slamdunkattorney.com\\\/\"},{\"@type\":\"ListItem\",\"position\":3,\"name\":\"Duluth Car Accident Lawyer\",\"item\":\"https:\\\/\\\/slamdunkattorney.com\\\/duluth\\\/car-accident-lawyer\\\/\"},{\"@type\":\"ListItem\",\"position\":4,\"name\":\"Multi-Vehicle Accident\"}]},{\"@type\":\"WebSite\",\"@id\":\"https:\\\/\\\/slamdunkattorney.com\\\/#website\",\"url\":\"https:\\\/\\\/slamdunkattorney.com\\\/\",\"name\":\"Slam Dunk Attorney | Injury Lawyers\",\"description\":\"Duluth Personal Injury Lawyers\",\"publisher\":{\"@id\":\"https:\\\/\\\/slamdunkattorney.com\\\/#organization\"},\"alternateName\":\"Slam Dunk Attorney\",\"inLanguage\":\"es\"},{\"@type\":\"Organization\",\"@id\":\"https:\\\/\\\/slamdunkattorney.com\\\/#organization\",\"name\":\"Slam Dunk Attorney\",\"alternateName\":\"Slam Dunk\",\"url\":\"https:\\\/\\\/slamdunkattorney.com\\\/\",\"logo\":{\"@type\":\"ImageObject\",\"inLanguage\":\"es\",\"@id\":\"https:\\\/\\\/slamdunkattorney.com\\\/#\\\/schema\\\/logo\\\/image\\\/\",\"url\":\"https:\\\/\\\/slamdunkattorney.com\\\/wp-content\\\/uploads\\\/2023\\\/05\\\/cropped-Logo.png\",\"contentUrl\":\"https:\\\/\\\/slamdunkattorney.com\\\/wp-content\\\/uploads\\\/2023\\\/05\\\/cropped-Logo.png\",\"width\":1080,\"height\":240,\"caption\":\"Slam Dunk Attorney\"},\"image\":{\"@id\":\"https:\\\/\\\/slamdunkattorney.com\\\/#\\\/schema\\\/logo\\\/image\\\/\"},\"sameAs\":[\"https:\\\/\\\/www.facebook.com\\\/slamdunkattorneyinjurylawyers\\\/\",\"https:\\\/\\\/x.com\\\/slamdunkattorney\",\"https:\\\/\\\/www.instagram.com\\\/slamdunkattorney\\\/\",\"https:\\\/\\\/www.youtube.com\\\/channel\\\/UCSrOiC7vOjlCi3UgtIVGNtw\",\"https:\\\/\\\/www.linkedin.com\\\/company\\\/slamdunkattorneyinjurylawyers\"]}]}<\/script>\n<!-- \/ Yoast SEO plugin. -->","yoast_head_json":{"title":"Multi-Vehicle Accident Lawyer in Duluth | Free Consultations","description":"Duluth Multi-Vehicle Accident Lawyer: Slam Dunk Attorney has helped thousands of Georgia clients. No Win, No Fee.","robots":{"index":"index","follow":"follow","max-snippet":"max-snippet:-1","max-image-preview":"max-image-preview:large","max-video-preview":"max-video-preview:-1"},"canonical":"https:\/\/slamdunkattorney.com\/es\/duluth\/car-accident-lawyer\/multi-vehicle-accident\/","og_locale":"es_MX","og_type":"article","og_title":"Multi-Vehicle Accident Lawyer in Duluth | Free Consultations","og_description":"Duluth Multi-Vehicle Accident Lawyer: Slam Dunk Attorney has helped thousands of Georgia clients. No Win, No Fee.","og_url":"https:\/\/slamdunkattorney.com\/es\/duluth\/car-accident-lawyer\/multi-vehicle-accident\/","og_site_name":"Slam Dunk Attorney | Injury Lawyers","article_publisher":"https:\/\/www.facebook.com\/slamdunkattorneyinjurylawyers\/","article_modified_time":"2025-06-03T07:25:44+00:00","og_image":[{"width":1080,"height":240,"url":"https:\/\/slamdunkattorney.com\/wp-content\/uploads\/2023\/05\/cropped-Logo.png","type":"image\/png"}],"twitter_card":"summary_large_image","twitter_site":"@slamdunkattorney","twitter_misc":{"Est. reading time":"5 minutos"},"schema":{"@context":"https:\/\/schema.org","@graph":[{"@type":"WebPage","@id":"https:\/\/slamdunkattorney.com\/duluth\/car-accident-lawyer\/multi-vehicle-accident\/","url":"https:\/\/slamdunkattorney.com\/duluth\/car-accident-lawyer\/multi-vehicle-accident\/","name":"Multi-Vehicle Accident Lawyer in Duluth | Free Consultations","isPartOf":{"@id":"https:\/\/slamdunkattorney.com\/#website"},"datePublished":"2024-07-10T12:36:37+00:00","dateModified":"2025-06-03T07:25:44+00:00","description":"Duluth Multi-Vehicle Accident Lawyer: Slam Dunk Attorney has helped thousands of Georgia clients. No Win, No Fee.","breadcrumb":{"@id":"https:\/\/slamdunkattorney.com\/duluth\/car-accident-lawyer\/multi-vehicle-accident\/#breadcrumb"},"inLanguage":"es","potentialAction":[{"@type":"ReadAction","target":["https:\/\/slamdunkattorney.com\/duluth\/car-accident-lawyer\/multi-vehicle-accident\/"]}]},{"@type":"BreadcrumbList","@id":"https:\/\/slamdunkattorney.com\/duluth\/car-accident-lawyer\/multi-vehicle-accident\/#breadcrumb","itemListElement":[{"@type":"ListItem","position":1,"name":"Home","item":"https:\/\/slamdunkattorney.com\/"},{"@type":"ListItem","position":2,"name":"Duluth, GA Personal Injury Lawyer","item":"https:\/\/slamdunkattorney.com\/"},{"@type":"ListItem","position":3,"name":"Duluth Car Accident Lawyer","item":"https:\/\/slamdunkattorney.com\/duluth\/car-accident-lawyer\/"},{"@type":"ListItem","position":4,"name":"Multi-Vehicle Accident"}]},{"@type":"WebSite","@id":"https:\/\/slamdunkattorney.com\/#website","url":"https:\/\/slamdunkattorney.com\/","name":"Abogado experto en lesiones | Abogados especializados en lesiones","description":"Abogados de lesiones personales en Duluth","publisher":{"@id":"https:\/\/slamdunkattorney.com\/#organization"},"alternateName":"Slam Dunk Attorney","inLanguage":"es"},{"@type":"Organization","@id":"https:\/\/slamdunkattorney.com\/#organization","name":"Abogado Slam Dunk","alternateName":"Slam Dunk","url":"https:\/\/slamdunkattorney.com\/","logo":{"@type":"ImageObject","inLanguage":"es","@id":"https:\/\/slamdunkattorney.com\/#\/schema\/logo\/image\/","url":"https:\/\/slamdunkattorney.com\/wp-content\/uploads\/2023\/05\/cropped-Logo.png","contentUrl":"https:\/\/slamdunkattorney.com\/wp-content\/uploads\/2023\/05\/cropped-Logo.png","width":1080,"height":240,"caption":"Slam Dunk Attorney"},"image":{"@id":"https:\/\/slamdunkattorney.com\/#\/schema\/logo\/image\/"},"sameAs":["https:\/\/www.facebook.com\/slamdunkattorneyinjurylawyers\/","https:\/\/x.com\/slamdunkattorney","https:\/\/www.instagram.com\/slamdunkattorney\/","https:\/\/www.youtube.com\/channel\/UCSrOiC7vOjlCi3UgtIVGNtw","https:\/\/www.linkedin.com\/company\/slamdunkattorneyinjurylawyers"]}]}},"yoast_meta":{"yoast_wpseo_title":"","yoast_wpseo_metadesc":"","yoast_wpseo_canonical":"https:\/\/slamdunkattorney.com\/es\/wp-json\/wp\/v2\/pages\/6058"},"_links":{"self":[{"href":"https:\/\/slamdunkattorney.com\/es\/wp-json\/wp\/v2\/pages\/6058","targetHints":{"allow":["GET"]}}],"collection":[{"href":"https:\/\/slamdunkattorney.com\/es\/wp-json\/wp\/v2\/pages"}],"about":[{"href":"https:\/\/slamdunkattorney.com\/es\/wp-json\/wp\/v2\/types\/page"}],"author":[{"embeddable":true,"href":"https:\/\/slamdunkattorney.com\/es\/wp-json\/wp\/v2\/users\/2"}],"replies":[{"embeddable":true,"href":"https:\/\/slamdunkattorney.com\/es\/wp-json\/wp\/v2\/comments?post=6058"}],"version-history":[{"count":0,"href":"https:\/\/slamdunkattorney.com\/es\/wp-json\/wp\/v2\/pages\/6058\/revisions"}],"up":[{"embeddable":true,"href":"https:\/\/slamdunkattorney.com\/es\/wp-json\/wp\/v2\/pages\/37"}],"wp:attachment":[{"href":"https:\/\/slamdunkattorney.com\/es\/wp-json\/wp\/v2\/media?parent=6058"}],"wp:term":[{"taxonomy":"extra-categories","embeddable":true,"href":"https:\/\/slamdunkattorney.com\/es\/wp-json\/wp\/v2\/extra-categories?post=6058"},{"taxonomy":"hc_faqs","embeddable":true,"href":"https:\/\/slamdunkattorney.com\/es\/wp-json\/wp\/v2\/hc_faqs?post=6058"}],"curies":[{"name":"wp","href":"https:\/\/api.w.org\/{rel}","templated":true}]}}