{"id":6038,"date":"2024-06-24T11:54:39","date_gmt":"2024-06-24T11:54:39","guid":{"rendered":"https:\/\/slamdunk.wpenginepowered.com\/?page_id=6038"},"modified":"2025-10-22T14:19:08","modified_gmt":"2025-10-22T14:19:08","slug":"duluth-negligent-security-lawyer-sexual-assault","status":"publish","type":"page","link":"https:\/\/slamdunkattorney.com\/es\/duluth\/negligent-security-lawyer\/sexual-assault\/","title":{"rendered":"Abogado especializado en agresiones sexuales en Duluth"},"content":{"rendered":"<p><span style=\"font-weight: 400;\">No se puede subestimar el trauma que sufren las v\u00edctimas de agresiones sexuales. La violaci\u00f3n es f\u00edsica y emocional, y afecta a las v\u00edctimas en el momento y mucho tiempo despu\u00e9s. Si bien los agresores deben ser responsables de sus acciones despreciables, es posible que no sean los \u00fanicos culpables del horrible incidente. A veces, la negligencia de otra parte \u201cpermite\u201d o, al menos, brinda la oportunidad de que se produzca una agresi\u00f3n, y las v\u00edctimas pueden tener derecho a reclamar da\u00f1os y perjuicios a esa parte negligente.<\/span><\/p>\n<p><span style=\"font-weight: 400;\">Si usted es v\u00edctima de una agresi\u00f3n sexual que ocurri\u00f3 en una propiedad que pertenece a otra persona, comun\u00edquese con un <\/span><a href=\"https:\/\/slamdunkattorney.com\/es\/duluth\/negligent-security-lawyer\/\"><span style=\"font-weight: 400;\">Abogado especializado en negligencia en materia de seguridad en Duluth, Georgia<\/span><\/a><span style=\"font-weight: 400;\">. <\/span><span style=\"font-weight: 400;\">El equipo de Slam Dunk Attorney est\u00e1 aqu\u00ed para ayudarte, y estamos <\/span><span style=\"font-weight: 400;\">No se trata solo del \u201cacuerdo\u201d. Reconocemos a la persona detr\u00e1s del caso, usted, y nuestro objetivo es conseguirle justicia y una compensaci\u00f3n justa por sus p\u00e9rdidas. Con\u00e9ctese con un <\/span><b>Abogado especializado en negligencia por agresi\u00f3n sexual en Duluth<\/b><span style=\"font-weight: 400;\"> de nuestro equipo. Su abogado lo tratar\u00e1 con dignidad y compasi\u00f3n, trabajando para ayudarlo a recuperar el control de su vida y hacer que quienes lo pusieron en peligro rindan cuentas.\u00a0<\/span><\/p>\n<h2>Comprender la negligencia en Georgia<\/h2>\n<p><span style=\"font-weight: 400;\">Cuando una parte no ejerce el cuidado razonable para minimizar los riesgos de da\u00f1o a otros, dicha parte demuestra negligencia. Hay situaciones particulares que imponen a las partes la responsabilidad legal de ejercer ese cuidado razonable. Por ejemplo, todos los conductores tienen una responsabilidad legal hacia los dem\u00e1s en las carreteras y deben tener cuidado de practicar conductas de conducci\u00f3n seguras y evitar las peligrosas; si incumplen este deber, son negligentes.<\/span><\/p>\n<p><span style=\"font-weight: 400;\">Los propietarios de un inmueble tambi\u00e9n asumen esta responsabilidad legal, en virtud de <\/span><span style=\"font-weight: 400;\">C\u00f3digo de Georgia \u00a7 51-31-1<\/span><span style=\"font-weight: 400;\">. <\/span><span style=\"font-weight: 400;\">Esta ley establece<\/span><span style=\"font-weight: 400;\"> que el \u201cpropietario u ocupante de un terreno\u201d es \u201cresponsable de los da\u00f1os\u201d causados a quienes sufran lesiones mientras se encuentren legalmente en dicha propiedad, si dichas lesiones son consecuencia de la \u201cfalta de diligencia debida\u201d por parte del propietario a la hora de mantener la propiedad en condiciones seguras. La mayor\u00eda de la gente piensa que esta ley de negligencia se aplica a los invitados que se caen en un escal\u00f3n roto o a los clientes de una tienda que resbalan en un piso mojado sin se\u00f1alizar.<\/span><\/p>\n<p><span style=\"font-weight: 400;\">La ley se aplica a esas situaciones y otras similares. Sin embargo, tambi\u00e9n se aplica a situaciones que implican negligencia en materia de seguridad. Una seguridad inadecuada es un tipo de negligencia que puede dar lugar a agresiones sexuales, y un <a href=\"https:\/\/slamdunkattorney.com\/es\/\">lesiones personales<\/a><\/span><a href=\"https:\/\/slamdunkattorney.com\/es\/\">\u00a0abogado en Duluth<\/a><span style=\"font-weight: 400;\"> lucharemos para que los propietarios negligentes rindan cuentas.<\/span><\/p>\n\n<div class=\"cta-container row align-items-center\">\n    <div class=\"col-md-7\">\n        <p class=\"cta-text rs-content-cta\">Orgullosos de servir a Duluth y a todo Georgia <span>\u00a1Cont\u00e1ctenos para comenzar su recuperaci\u00f3n!<\/span> <a href=\"https:\/\/slamdunkattorney.com\/es\/\">Explore nuestras \u00e1reas de pr\u00e1ctica<\/a><\/p>\n    <\/div>\n    <div class=\"col-md-5\">\n        <img decoding=\"async\" src=\"https:\/\/slamdunkattorney.com\/wp-content\/themes\/slam-dunk-rebuild\/assets\/app\/img\/map-cta.jpg\" alt=\"Legal Consultation\" class=\"img-fluid\"\/>\n    <\/div>\n<\/div><h2>Ejemplos de seguridad negligente<\/h2>\n<p><span style=\"font-weight: 400;\">Aunque los propietarios no pueden controlar el comportamiento de los delincuentes, s\u00ed pueden y deben implementar medidas de seguridad para ofrecer a los hu\u00e9spedes de su propiedad la mayor protecci\u00f3n posible contra agresiones sexuales u otros ataques delictivos. Los propietarios incurren en negligencia cuando no implementan medidas de seguridad razonables. Por ejemplo, sus propiedades pueden carecer de:<\/span><\/p>\n<ul>\n<li style=\"font-weight: 400;\"><span style=\"font-weight: 400;\">Iluminaci\u00f3n adecuada<\/span><\/li>\n<li style=\"font-weight: 400;\"><span style=\"font-weight: 400;\">Agentes de seguridad\u00a0<\/span><\/li>\n<li style=\"font-weight: 400;\"><span style=\"font-weight: 400;\">Cerraduras para puertas o ventanas<\/span><\/li>\n<li style=\"font-weight: 400;\"><span style=\"font-weight: 400;\">C\u00e1maras de seguridad<\/span><\/li>\n<li style=\"font-weight: 400;\"><span style=\"font-weight: 400;\">Monitores para control de multitudes<\/span><\/li>\n<\/ul>\n<p><span style=\"font-weight: 400;\">Las escaleras o los estacionamientos mal iluminados y sin vigilancia son, lamentablemente, lugares propicios para las agresiones sexuales. Los delincuentes sexuales, los propietarios y cualquier persona con sentido com\u00fan lo saben. Es responsabilidad de los propietarios mantener una iluminaci\u00f3n adecuada, vigilancia y patrullaje en estas \u00e1reas.<\/span><\/p>\n<p><span style=\"font-weight: 400;\">Las agresiones sexuales tambi\u00e9n pueden ocurrir en eventos multitudinarios y sin control, como conciertos o festivales. Los organizadores de eventos, los propietarios de los inmuebles u otras partes responsables deben garantizar que haya personal de seguridad disponible para mantener el control de la multitud. Independientemente del lugar donde haya ocurrido la agresi\u00f3n, un <\/span><b>Abogado especializado en negligencia por agresi\u00f3n sexual en Duluth<\/b><span style=\"font-weight: 400;\"> investigar\u00e1 la situaci\u00f3n y denunciar\u00e1 y exigir\u00e1 responsabilidades por las deficiencias en materia de seguridad que facilitaron el ataque.<\/span><\/p>\n<h3>Los propietarios deben proteger a los inquilinos.<\/h3>\n<p><span style=\"font-weight: 400;\">Los propietarios tienen la obligaci\u00f3n de mantener seguras las viviendas de sus inquilinos. En la secci\u00f3n 3, \u2019Problemas durante un contrato de arrendamiento\u201c, el <\/span><span style=\"font-weight: 400;\">Manual para propietarios e inquilinos de Georgia<\/span><span style=\"font-weight: 400;\"> establece que \u201clos propietarios deben ejercer el cuidado habitual para mantener la unidad y el acceso seguros para los inquilinos\u201d. Las puertas y ventanas deben tener cerraduras que funcionen y, si la vivienda forma parte de un complejo de varias unidades, las zonas comunes, como vest\u00edbulos, escaleras y estacionamientos, deben estar equipadas con la seguridad adecuada.<\/span><\/p>\n\n<div class=\"cta-container map-bg row align-items-center flex-md-row-reverse\">\n    <div class=\"col-md-6\">\n        <p class=\"cta-text rs-content-cta\">Abogado especializado en agresiones sexuales cerca de m\u00ed en Duluth <a href=\"tel:+14049513513\">404-951-3513<\/a><\/p>\n    <\/div>\n    <div class=\"col-md-6 col-bg\">\n    <\/div>\n<\/div><h2>Casos recientes importantes de negligencia en materia de seguridad en Georgia<\/h2>\n<p><span style=\"font-weight: 400;\">El <\/span><a href=\"https:\/\/www.uschamber.com\/assets\/documents\/Opinion-Georgia-CVS-Pharmacy-LLC-v.-Carmichael-Georgia-Supreme-Court.pdf\" target=\"_blank\" rel=\"noopener\"><span style=\"font-weight: 400;\">Tribunal Supremo de Georgia<\/span><\/a> <span style=\"font-weight: 400;\">Recientemente fall\u00f3 a favor de las v\u00edctimas en dos casos recientes basados en negligencia en materia de seguridad. <\/span><span style=\"font-weight: 400;\">Casos de responsabilidad civil por las instalaciones: Georgia CVS Pharmacy contra Carmichael y Welch contra Pappas Restaurant. Aunque en ambos casos las v\u00edctimas fueron tiroteadas, y no agredidas sexualmente, en los estacionamientos de los establecimientos, el mismo principio determin\u00f3 ambas sentencias.<\/span><\/p>\n<p><span style=\"font-weight: 400;\">El Tribunal determin\u00f3 que ambos ataques eran \u201crazonablemente previsibles\u201d y que las empresas ten\u00edan la responsabilidad de implementar medidas de seguridad para proteger a los hu\u00e9spedes en sus respectivas propiedades.<\/span><\/p>\n\n<div class=\"cta-container row align-items-center\">\n    <div class=\"col-md-7\">\n        <p class=\"cta-text rs-content-cta\"><a class=\"no-btn\" href=\"https:\/\/slamdunkattorney.com\/es\/contact-us\/\">Haga clic para contactar<\/a> Nuestros abogados especializados en seguridad negligente en Duluth hoy mismo.<\/p>\n    <\/div>\n    <div class=\"col-md-5\">\n        <img decoding=\"async\" src=\"https:\/\/slamdunkattorney.com\/wp-content\/themes\/slam-dunk-rebuild\/assets\/app\/img\/map-cta.jpg\" alt=\"Contact Us\" class=\"img-fluid\"\/>\n    <\/div>\n<\/div><h2>Demostrar la negligencia y cobrar los da\u00f1os y perjuicios<\/h2>\n<p><span style=\"font-weight: 400;\">P\u00f3ngase en contacto con el equipo de Slam Dunk Attorney lo antes posible despu\u00e9s del ataque. Su abogado comenzar\u00e1 inmediatamente el proceso para demostrar la negligencia. El primer elemento de la negligencia es demostrar que el propietario ten\u00eda el deber de cuidar de usted, o la responsabilidad legal, de mantener la propiedad segura, tal y como se establece en el C\u00f3digo de Georgia 51-31-1 mencionado anteriormente.<\/span><\/p>\n<p><span style=\"font-weight: 400;\">A continuaci\u00f3n, su abogado especializado en negligencia por agresi\u00f3n sexual en Duluth reunir\u00e1 pruebas para demostrar que el propietario no cumpli\u00f3 con su deber. Su abogado examinar\u00e1 la seguridad de la propiedad, o la falta de ella, investigar\u00e1 las tasas de criminalidad de la zona y recopilar\u00e1 informaci\u00f3n de cualquier otra fuente relevante. A continuaci\u00f3n, su abogado demostrar\u00e1 c\u00f3mo la seguridad inadecuada allan\u00f3 el camino para su agresi\u00f3n y que esta le caus\u00f3 da\u00f1os cuantificables.\u00a0<\/span><\/p>\n<p><span style=\"font-weight: 400;\">Su abogado valorar\u00e1 sus p\u00e9rdidas, teniendo en cuenta las p\u00e9rdidas econ\u00f3micas e intangibles sufridas por el ataque. Estas incluyen los gastos m\u00e9dicos, los salarios perdidos durante el tiempo de baja laboral mientras se recuperaba, las necesidades de cuidados futuros y el da\u00f1o emocional y psicol\u00f3gico. <\/span><a href=\"https:\/\/slamdunkattorney.com\/es\/faqs\/what-is-my-pain-and-suffering-worth-in-a-personal-injury-case\/\"><span style=\"font-weight: 400;\">dolor y sufrimiento<\/span><\/a><span style=\"font-weight: 400;\"> que ha soportado y puede seguir enfrentando. Cuente con Slam Dunk Attorney para negociar en\u00e9rgicamente con los representantes de la parte culpable y negociar de manera agresiva para <\/span><a href=\"https:\/\/slamdunkattorney.com\/es\/blog\/negotiating-with-a-car-insurance-company-after-a-total-loss-totaled-car-value\/\"><span style=\"font-weight: 400;\">maximizar su liquidaci\u00f3n<\/span><\/a><span style=\"font-weight: 400;\"> o, si es necesario, defender sus intereses ante los tribunales.<\/span><\/p>\n\n<div class=\"cta-container map-bg row align-items-center flex-md-row-reverse\">\n    <div class=\"col-md-6\">\n        <p class=\"cta-text rs-content-cta\">Completa un <a href=\"https:\/\/slamdunkattorney.com\/es\/contact-us\/\">Formulario de evaluaci\u00f3n gratuita de su caso<\/a> ahora<\/p>\n    <\/div>\n    <div class=\"col-md-6 col-bg\">\n    <\/div>\n<\/div><h2>Estamos aqu\u00ed para ayudarte a avanzar<\/h2>\n<p><span style=\"font-weight: 400;\">El equipo de Slam Dunk Attorney est\u00e1 listo para trabajar para usted. Llame o llene nuestro formulario electr\u00f3nico para programar una revisi\u00f3n de su caso sin costo y sin compromiso con un abogado experto. <\/span><b>Abogado especializado en negligencia por agresi\u00f3n sexual en Duluth<\/b>.<\/p>\n<p><span style=\"font-weight: 400;\">Estamos comprometidos a luchar por la justicia y a hacer que las partes negligentes se responsabilicen del dolor que su descuido le ha causado. Nuestro equipo, compasivo y en\u00e9rgico, est\u00e1 aqu\u00ed para ayudarle a tener la \u00faltima palabra en esta situaci\u00f3n traum\u00e1tica, recuperar su sentido de empoderamiento y avanzar hacia un futuro m\u00e1s esperanzador. <\/span><\/p>\n\n<div class=\"cta-container row align-items-center\">\n    <div class=\"col-md-7\">\n        <p class=\"cta-text rs-content-cta\">Llame o env\u00ede un mensaje de texto <a class=\"no-btn\" href=\"tel:+14049513513\">404-951-3513<\/a> o completar un <a href=\"https:\/\/slamdunkattorney.com\/es\/contact-us\/\">Formulario de evaluaci\u00f3n gratuita de su caso<\/a><\/p>\n    <\/div>\n    <div class=\"col-md-5\">\n        <img decoding=\"async\" src=\"https:\/\/slamdunkattorney.com\/wp-content\/themes\/slam-dunk-rebuild\/assets\/app\/img\/map-cta.jpg\" alt=\"Call or Text\" class=\"img-fluid\"\/>\n    <\/div>\n<\/div>","protected":false},"excerpt":{"rendered":"<p>The trauma victims of sexual assault experience cannot be underestimated. The violation is physical and emotional, affecting victims in the moment and long after. While attackers must be held responsible for their despicable actions, they may not be the only party bearing culpability for the horrific incident. Sometimes, another party\u2019s negligence \u201callows\u201d or at least &#8230;<\/p>","protected":false},"author":2,"featured_media":0,"parent":5908,"menu_order":0,"comment_status":"closed","ping_status":"closed","template":"","meta":{"_acf_changed":false,"_genesis_hide_title":false,"_genesis_hide_breadcrumbs":false,"_genesis_hide_singular_image":false,"_genesis_hide_footer_widgets":false,"_genesis_custom_body_class":"","_genesis_custom_post_class":"","_genesis_layout":"","ngg_post_thumbnail":0,"footnotes":""},"extra-categories":[],"hc_faqs":[],"class_list":{"0":"post-6038","1":"page","2":"type-page","3":"status-publish","5":"hc_city_location-duluth","6":"entry"},"acf":[],"yoast_head":"<!-- This site is optimized with the Yoast SEO plugin v27.3 - https:\/\/yoast.com\/product\/yoast-seo-wordpress\/ -->\n<title>Sexual Assault Lawyer in Duluth | Free Consultations<\/title>\n<meta name=\"description\" content=\"Duluth Sexual Assault Lawyer: Slam Dunk Attorney has helped thousands of Georgia clients. No Win, No Fee.\" \/>\n<meta name=\"robots\" content=\"index, follow, max-snippet:-1, max-image-preview:large, max-video-preview:-1\" \/>\n<link rel=\"canonical\" href=\"https:\/\/slamdunkattorney.com\/es\/duluth\/negligent-security-lawyer\/sexual-assault\/\" \/>\n<meta property=\"og:locale\" content=\"es_MX\" \/>\n<meta property=\"og:type\" content=\"article\" \/>\n<meta property=\"og:title\" content=\"Sexual Assault Lawyer in Duluth | Free Consultations\" \/>\n<meta property=\"og:description\" content=\"Duluth Sexual Assault Lawyer: Slam Dunk Attorney has helped thousands of Georgia clients. No Win, No Fee.\" \/>\n<meta property=\"og:url\" content=\"https:\/\/slamdunkattorney.com\/es\/duluth\/negligent-security-lawyer\/sexual-assault\/\" \/>\n<meta property=\"og:site_name\" content=\"Slam Dunk Attorney | Injury Lawyers\" \/>\n<meta property=\"article:publisher\" content=\"https:\/\/www.facebook.com\/slamdunkattorneyinjurylawyers\/\" \/>\n<meta property=\"article:modified_time\" content=\"2025-10-22T14:19:08+00:00\" \/>\n<meta property=\"og:image\" content=\"https:\/\/slamdunkattorney.com\/wp-content\/uploads\/2023\/05\/cropped-Logo.png\" \/>\n\t<meta property=\"og:image:width\" content=\"1080\" \/>\n\t<meta property=\"og:image:height\" content=\"240\" \/>\n\t<meta property=\"og:image:type\" content=\"image\/png\" \/>\n<meta name=\"twitter:card\" content=\"summary_large_image\" \/>\n<meta name=\"twitter:site\" content=\"@slamdunkattorney\" \/>\n<meta name=\"twitter:label1\" content=\"Est. reading time\" \/>\n\t<meta name=\"twitter:data1\" content=\"5 minutos\" \/>\n<script type=\"application\/ld+json\" class=\"yoast-schema-graph\">{\"@context\":\"https:\\\/\\\/schema.org\",\"@graph\":[{\"@type\":\"WebPage\",\"@id\":\"https:\\\/\\\/slamdunkattorney.com\\\/duluth\\\/negligent-security-lawyer\\\/sexual-assault\\\/\",\"url\":\"https:\\\/\\\/slamdunkattorney.com\\\/duluth\\\/negligent-security-lawyer\\\/sexual-assault\\\/\",\"name\":\"Sexual Assault Lawyer in Duluth | Free Consultations\",\"isPartOf\":{\"@id\":\"https:\\\/\\\/slamdunkattorney.com\\\/#website\"},\"datePublished\":\"2024-06-24T11:54:39+00:00\",\"dateModified\":\"2025-10-22T14:19:08+00:00\",\"description\":\"Duluth Sexual Assault Lawyer: Slam Dunk Attorney has helped thousands of Georgia clients. No Win, No Fee.\",\"breadcrumb\":{\"@id\":\"https:\\\/\\\/slamdunkattorney.com\\\/duluth\\\/negligent-security-lawyer\\\/sexual-assault\\\/#breadcrumb\"},\"inLanguage\":\"es\",\"potentialAction\":[{\"@type\":\"ReadAction\",\"target\":[\"https:\\\/\\\/slamdunkattorney.com\\\/duluth\\\/negligent-security-lawyer\\\/sexual-assault\\\/\"]}]},{\"@type\":\"BreadcrumbList\",\"@id\":\"https:\\\/\\\/slamdunkattorney.com\\\/duluth\\\/negligent-security-lawyer\\\/sexual-assault\\\/#breadcrumb\",\"itemListElement\":[{\"@type\":\"ListItem\",\"position\":1,\"name\":\"Home\",\"item\":\"https:\\\/\\\/slamdunkattorney.com\\\/\"},{\"@type\":\"ListItem\",\"position\":2,\"name\":\"Duluth, GA Personal Injury Lawyer\",\"item\":\"https:\\\/\\\/slamdunkattorney.com\\\/\"},{\"@type\":\"ListItem\",\"position\":3,\"name\":\"Duluth Negligent Security Lawyer\",\"item\":\"https:\\\/\\\/slamdunkattorney.com\\\/duluth\\\/negligent-security-lawyer\\\/\"},{\"@type\":\"ListItem\",\"position\":4,\"name\":\"Sexual Assault\"}]},{\"@type\":\"WebSite\",\"@id\":\"https:\\\/\\\/slamdunkattorney.com\\\/#website\",\"url\":\"https:\\\/\\\/slamdunkattorney.com\\\/\",\"name\":\"Slam Dunk Attorney | Injury Lawyers\",\"description\":\"Duluth Personal Injury Lawyers\",\"publisher\":{\"@id\":\"https:\\\/\\\/slamdunkattorney.com\\\/#organization\"},\"alternateName\":\"Slam Dunk Attorney\",\"inLanguage\":\"es\"},{\"@type\":\"Organization\",\"@id\":\"https:\\\/\\\/slamdunkattorney.com\\\/#organization\",\"name\":\"Slam Dunk Attorney\",\"alternateName\":\"Slam Dunk\",\"url\":\"https:\\\/\\\/slamdunkattorney.com\\\/\",\"logo\":{\"@type\":\"ImageObject\",\"inLanguage\":\"es\",\"@id\":\"https:\\\/\\\/slamdunkattorney.com\\\/#\\\/schema\\\/logo\\\/image\\\/\",\"url\":\"https:\\\/\\\/slamdunkattorney.com\\\/wp-content\\\/uploads\\\/2023\\\/05\\\/cropped-Logo.png\",\"contentUrl\":\"https:\\\/\\\/slamdunkattorney.com\\\/wp-content\\\/uploads\\\/2023\\\/05\\\/cropped-Logo.png\",\"width\":1080,\"height\":240,\"caption\":\"Slam Dunk Attorney\"},\"image\":{\"@id\":\"https:\\\/\\\/slamdunkattorney.com\\\/#\\\/schema\\\/logo\\\/image\\\/\"},\"sameAs\":[\"https:\\\/\\\/www.facebook.com\\\/slamdunkattorneyinjurylawyers\\\/\",\"https:\\\/\\\/x.com\\\/slamdunkattorney\",\"https:\\\/\\\/www.instagram.com\\\/slamdunkattorney\\\/\",\"https:\\\/\\\/www.youtube.com\\\/channel\\\/UCSrOiC7vOjlCi3UgtIVGNtw\",\"https:\\\/\\\/www.linkedin.com\\\/company\\\/slamdunkattorneyinjurylawyers\"]}]}<\/script>\n<!-- \/ Yoast SEO plugin. -->","yoast_head_json":{"title":"Sexual Assault Lawyer in Duluth | Free Consultations","description":"Duluth Sexual Assault Lawyer: Slam Dunk Attorney has helped thousands of Georgia clients. No Win, No Fee.","robots":{"index":"index","follow":"follow","max-snippet":"max-snippet:-1","max-image-preview":"max-image-preview:large","max-video-preview":"max-video-preview:-1"},"canonical":"https:\/\/slamdunkattorney.com\/es\/duluth\/negligent-security-lawyer\/sexual-assault\/","og_locale":"es_MX","og_type":"article","og_title":"Sexual Assault Lawyer in Duluth | Free Consultations","og_description":"Duluth Sexual Assault Lawyer: Slam Dunk Attorney has helped thousands of Georgia clients. No Win, No Fee.","og_url":"https:\/\/slamdunkattorney.com\/es\/duluth\/negligent-security-lawyer\/sexual-assault\/","og_site_name":"Slam Dunk Attorney | Injury Lawyers","article_publisher":"https:\/\/www.facebook.com\/slamdunkattorneyinjurylawyers\/","article_modified_time":"2025-10-22T14:19:08+00:00","og_image":[{"width":1080,"height":240,"url":"https:\/\/slamdunkattorney.com\/wp-content\/uploads\/2023\/05\/cropped-Logo.png","type":"image\/png"}],"twitter_card":"summary_large_image","twitter_site":"@slamdunkattorney","twitter_misc":{"Est. reading time":"5 minutos"},"schema":{"@context":"https:\/\/schema.org","@graph":[{"@type":"WebPage","@id":"https:\/\/slamdunkattorney.com\/duluth\/negligent-security-lawyer\/sexual-assault\/","url":"https:\/\/slamdunkattorney.com\/duluth\/negligent-security-lawyer\/sexual-assault\/","name":"Sexual Assault Lawyer in Duluth | Free Consultations","isPartOf":{"@id":"https:\/\/slamdunkattorney.com\/#website"},"datePublished":"2024-06-24T11:54:39+00:00","dateModified":"2025-10-22T14:19:08+00:00","description":"Duluth Sexual Assault Lawyer: Slam Dunk Attorney has helped thousands of Georgia clients. No Win, No Fee.","breadcrumb":{"@id":"https:\/\/slamdunkattorney.com\/duluth\/negligent-security-lawyer\/sexual-assault\/#breadcrumb"},"inLanguage":"es","potentialAction":[{"@type":"ReadAction","target":["https:\/\/slamdunkattorney.com\/duluth\/negligent-security-lawyer\/sexual-assault\/"]}]},{"@type":"BreadcrumbList","@id":"https:\/\/slamdunkattorney.com\/duluth\/negligent-security-lawyer\/sexual-assault\/#breadcrumb","itemListElement":[{"@type":"ListItem","position":1,"name":"Home","item":"https:\/\/slamdunkattorney.com\/"},{"@type":"ListItem","position":2,"name":"Duluth, GA Personal Injury Lawyer","item":"https:\/\/slamdunkattorney.com\/"},{"@type":"ListItem","position":3,"name":"Duluth Negligent Security Lawyer","item":"https:\/\/slamdunkattorney.com\/duluth\/negligent-security-lawyer\/"},{"@type":"ListItem","position":4,"name":"Sexual Assault"}]},{"@type":"WebSite","@id":"https:\/\/slamdunkattorney.com\/#website","url":"https:\/\/slamdunkattorney.com\/","name":"Abogado experto en lesiones | Abogados especializados en lesiones","description":"Abogados de lesiones personales en Duluth","publisher":{"@id":"https:\/\/slamdunkattorney.com\/#organization"},"alternateName":"Slam Dunk Attorney","inLanguage":"es"},{"@type":"Organization","@id":"https:\/\/slamdunkattorney.com\/#organization","name":"Abogado Slam Dunk","alternateName":"Slam Dunk","url":"https:\/\/slamdunkattorney.com\/","logo":{"@type":"ImageObject","inLanguage":"es","@id":"https:\/\/slamdunkattorney.com\/#\/schema\/logo\/image\/","url":"https:\/\/slamdunkattorney.com\/wp-content\/uploads\/2023\/05\/cropped-Logo.png","contentUrl":"https:\/\/slamdunkattorney.com\/wp-content\/uploads\/2023\/05\/cropped-Logo.png","width":1080,"height":240,"caption":"Slam Dunk Attorney"},"image":{"@id":"https:\/\/slamdunkattorney.com\/#\/schema\/logo\/image\/"},"sameAs":["https:\/\/www.facebook.com\/slamdunkattorneyinjurylawyers\/","https:\/\/x.com\/slamdunkattorney","https:\/\/www.instagram.com\/slamdunkattorney\/","https:\/\/www.youtube.com\/channel\/UCSrOiC7vOjlCi3UgtIVGNtw","https:\/\/www.linkedin.com\/company\/slamdunkattorneyinjurylawyers"]}]}},"yoast_meta":{"yoast_wpseo_title":"","yoast_wpseo_metadesc":"","yoast_wpseo_canonical":"https:\/\/slamdunkattorney.com\/es\/wp-json\/wp\/v2\/pages\/6038"},"_links":{"self":[{"href":"https:\/\/slamdunkattorney.com\/es\/wp-json\/wp\/v2\/pages\/6038","targetHints":{"allow":["GET"]}}],"collection":[{"href":"https:\/\/slamdunkattorney.com\/es\/wp-json\/wp\/v2\/pages"}],"about":[{"href":"https:\/\/slamdunkattorney.com\/es\/wp-json\/wp\/v2\/types\/page"}],"author":[{"embeddable":true,"href":"https:\/\/slamdunkattorney.com\/es\/wp-json\/wp\/v2\/users\/2"}],"replies":[{"embeddable":true,"href":"https:\/\/slamdunkattorney.com\/es\/wp-json\/wp\/v2\/comments?post=6038"}],"version-history":[{"count":0,"href":"https:\/\/slamdunkattorney.com\/es\/wp-json\/wp\/v2\/pages\/6038\/revisions"}],"up":[{"embeddable":true,"href":"https:\/\/slamdunkattorney.com\/es\/wp-json\/wp\/v2\/pages\/5908"}],"wp:attachment":[{"href":"https:\/\/slamdunkattorney.com\/es\/wp-json\/wp\/v2\/media?parent=6038"}],"wp:term":[{"taxonomy":"extra-categories","embeddable":true,"href":"https:\/\/slamdunkattorney.com\/es\/wp-json\/wp\/v2\/extra-categories?post=6038"},{"taxonomy":"hc_faqs","embeddable":true,"href":"https:\/\/slamdunkattorney.com\/es\/wp-json\/wp\/v2\/hc_faqs?post=6038"}],"curies":[{"name":"wp","href":"https:\/\/api.w.org\/{rel}","templated":true}]}}