{"id":6031,"date":"2024-06-18T16:08:01","date_gmt":"2024-06-18T16:08:01","guid":{"rendered":"https:\/\/slamdunk.wpenginepowered.com\/?page_id=6031"},"modified":"2025-06-03T07:26:34","modified_gmt":"2025-06-03T07:26:34","slug":"duluth-car-accident-lawyer-rear-end-collision","status":"publish","type":"page","link":"https:\/\/slamdunkattorney.com\/es\/duluth\/car-accident-lawyer\/rear-end-collision\/","title":{"rendered":"Abogado especializado en accidentes por choque trasero en Duluth"},"content":{"rendered":"<p><span style=\"font-weight: 400;\">Puede ser aterrador sufrir un golpe repentino por detr\u00e1s mientras est\u00e1s parado en un sem\u00e1foro y, a menudo, este tipo de accidentes pueden causar lesiones graves a las v\u00edctimas. En Slam Dunk Attorney, nuestro <\/span><a href=\"https:\/\/slamdunkattorney.com\/es\/duluth\/car-accident-lawyer\/\"><span style=\"font-weight: 400;\">Abogado especializado en accidentes automovil\u00edsticos en Duluth<\/span><\/a><span style=\"font-weight: 400;\"> (The National Trial Lawyers Top 40 Under 40) reconoce la importancia de proporcionar a nuestros clientes un acceso excepcional a la asistencia jur\u00eddica mientras recuperan los da\u00f1os y perjuicios. Nuestro <\/span><b>Abogado especializado en accidentes por choque trasero en Duluth<\/b><span style=\"font-weight: 400;\"> est\u00e1 listo para representarlo durante todo este proceso.<\/span><\/p>\n<h2>Es posible que tenga derecho a una indemnizaci\u00f3n significativa tras un choque por alcance.<\/h2>\n<p><span style=\"font-weight: 400;\">Cualquier persona involucrada en un accidente automovil\u00edstico causado por otra persona puede tener derecho a una indemnizaci\u00f3n por sus p\u00e9rdidas, que deber\u00e1 pagar la parte responsable o su compa\u00f1\u00eda de seguros. En una colisi\u00f3n por alcance, la velocidad, la fuerza y el tama\u00f1o total de los veh\u00edculos involucrados determinar\u00e1n en \u00faltima instancia la gravedad de sus lesiones. Nuestro <\/span><a href=\"https:\/\/slamdunkattorney.com\/es\/\"><span style=\"font-weight: 400;\">Abogados especializados en lesiones personales en Duluth<\/span><\/a><span style=\"font-weight: 400;\"> Hemos ayudado a nuestros clientes a obtener indemnizaciones por algunas de las lesiones m\u00e1s graves:<\/span><\/p>\n<ul>\n<li style=\"font-weight: 400;\" aria-level=\"1\"><a href=\"https:\/\/www.cdc.gov\/traumatic-brain-injury\/index.html#:~:text=A%20traumatic%20brain%20injury%2C%20or,disability%20in%20the%20United%20States.\" target=\"_blank\" rel=\"noopener\"><span style=\"font-weight: 400;\">Lesi\u00f3n cerebral traum\u00e1tica y conmoci\u00f3n cerebral<\/span><\/a><\/li>\n<li style=\"font-weight: 400;\" aria-level=\"1\"><span style=\"font-weight: 400;\">Latigazo cervical o dolor de cuello y espalda<\/span><\/li>\n<li style=\"font-weight: 400;\" aria-level=\"1\"><span style=\"font-weight: 400;\">Da\u00f1o en la m\u00e9dula espinal y da\u00f1o nervioso<\/span><\/li>\n<li style=\"font-weight: 400;\" aria-level=\"1\"><span style=\"font-weight: 400;\">Laceraciones y heridas profundas<\/span><\/li>\n<li style=\"font-weight: 400;\" aria-level=\"1\"><span style=\"font-weight: 400;\">Accidentes desfigurantes<\/span><\/li>\n<li style=\"font-weight: 400;\" aria-level=\"1\"><span style=\"font-weight: 400;\">Huesos rotos<\/span><\/li>\n<li style=\"font-weight: 400;\" aria-level=\"1\"><a href=\"https:\/\/www.who.int\/news-room\/fact-sheets\/detail\/burns\" target=\"_blank\" rel=\"noopener\"><span style=\"font-weight: 400;\">Quemaduras<\/span><\/a><\/li>\n<\/ul>\n<p><span style=\"font-weight: 400;\">Hay muchos factores que contribuyen a la gravedad de estas lesiones causadas por el accidente. En muchas ocasiones, nuestros abogados ayudan a las personas a obtener no solo el pago de sus facturas m\u00e9dicas, sino tambi\u00e9n una indemnizaci\u00f3n que les ayude a superar el dolor y el trauma emocional. Puede contar con que nuestro <\/span><b>Abogado especializado en accidentes por choque trasero en Duluth<\/b><span style=\"font-weight: 400;\"> para guiarle en la b\u00fasqueda de una indemnizaci\u00f3n completa.<\/span><\/p>\n\n<div class=\"cta-container row align-items-center\">\n    <div class=\"col-md-7\">\n        <p class=\"cta-text rs-content-cta\">Orgullosos de servir a Duluth y a todo Georgia <span>\u00a1Cont\u00e1ctenos para comenzar su recuperaci\u00f3n!<\/span> <a href=\"https:\/\/slamdunkattorney.com\/es\/\">Explore nuestras \u00e1reas de pr\u00e1ctica<\/a><\/p>\n    <\/div>\n    <div class=\"col-md-5\">\n        <img decoding=\"async\" src=\"https:\/\/slamdunkattorney.com\/wp-content\/themes\/slam-dunk-rebuild\/assets\/app\/img\/map-cta.jpg\" alt=\"Legal Consultation\" class=\"img-fluid\"\/>\n    <\/div>\n<\/div><h2>Las causas comunes de las colisiones por alcance suelen ser evitables.<\/h2>\n<p><span style=\"font-weight: 400;\">Uno de los factores m\u00e1s devastadores para muchas v\u00edctimas es que la causa de su accidente (y todas las lesiones que han sufrido) suele ser un incidente evitable. Trabajamos para descubrir qu\u00e9 ocurri\u00f3 y por qu\u00e9 ocurri\u00f3 a lo largo de nuestra investigaci\u00f3n. Algunas de las causas m\u00e1s comunes de los accidentes automovil\u00edsticos por alcance, incluidos aquellos con da\u00f1os graves, son:<\/span><\/p>\n<ul>\n<li style=\"font-weight: 400;\" aria-level=\"1\"><b>Conducci\u00f3n distra\u00edda<\/b>:<span style=\"font-weight: 400;\"> Una persona no prestaba atenci\u00f3n a la carretera porque estaba hablando, comiendo o usando su tel\u00e9fono.<\/span><\/li>\n<li style=\"font-weight: 400;\" aria-level=\"1\"><b>Conducir bajo la influencia<\/b>:<span style=\"font-weight: 400;\"> Una persona que conduce bajo los efectos de las drogas o el alcohol puede ser incapaz de calcular las distancias para frenar a tiempo.<\/span><\/li>\n<li style=\"font-weight: 400;\" aria-level=\"1\"><b>Condiciones meteorol\u00f3gicas<\/b>:<span style=\"font-weight: 400;\"> Esto puede ocurrir cuando las carreteras est\u00e1n resbaladizas y el conductor no reduce la velocidad a tiempo o no frena correctamente.<\/span><\/li>\n<li style=\"font-weight: 400;\" aria-level=\"1\"><b>Conducci\u00f3n imprudente<\/b>:<span style=\"font-weight: 400;\"> Quienes se cuelan entre el tr\u00e1fico o intentan adelantar a otros acelerando son m\u00e1s propensos a causar un accidente.<\/span><\/li>\n<li style=\"font-weight: 400;\" aria-level=\"1\"><b>Conducir pegado al coche de delante<\/b>:<span style=\"font-weight: 400;\"> Conducir pegado al coche de delante es una forma agresiva de conducir en la que la persona sigue demasiado cerca al coche que tiene delante, lo que le dificulta frenar r\u00e1pidamente.<\/span><\/li>\n<\/ul>\n<p><span style=\"font-weight: 400;\">Ya sea que el otro conductor estuviera cansado, enojado o simplemente apurado, un choque por alcance puede tener consecuencias devastadoras para la v\u00edctima. Debido a la complejidad de estas lesiones, recomendamos encarecidamente trabajar con un <\/span><b>Abogado especializado en accidentes por choque trasero en Duluth<\/b><span style=\"font-weight: 400;\"> que pueden ayudarle a investigar la causa de su accidente y la indemnizaci\u00f3n que le corresponde. En Slam Dunk Attorney estamos aqu\u00ed para ayudarle, as\u00ed que lea nuestro <\/span><a href=\"https:\/\/slamdunkattorney.com\/es\/faqs\/\"><span style=\"font-weight: 400;\">Preguntas frecuentes<\/span><\/a><span style=\"font-weight: 400;\"> para obtener m\u00e1s informaci\u00f3n.<\/span><\/p>\n\n<div class=\"cta-container map-bg row align-items-center flex-md-row-reverse\">\n    <div class=\"col-md-6\">\n        <p class=\"cta-text rs-content-cta\">Abogado especializado en choques por alcance en Duluth cerca de m\u00ed <a href=\"tel:+14049513513\">404-951-3513<\/a><\/p>\n    <\/div>\n    <div class=\"col-md-6 col-bg\">\n    <\/div>\n<\/div><h2>No des por sentado que la compa\u00f1\u00eda de seguros est\u00e1 de tu lado.<\/h2>\n<p><span style=\"font-weight: 400;\">Una de las decisiones m\u00e1s peligrosas que toman muchas v\u00edctimas es asumir que el seguro del conductor cubrir\u00e1 todas sus p\u00e9rdidas. La mayor\u00eda de las compa\u00f1\u00edas de seguros son organizaciones con fines de lucro que har\u00e1n todo lo posible para limitar la cantidad de dinero que pagan. Para ello, utilizar\u00e1n diversas t\u00e1cticas para animarle a llegar a un acuerdo.<\/span><\/p>\n<ul>\n<li style=\"font-weight: 400;\" aria-level=\"1\"><span style=\"font-weight: 400;\">Rechazar sus reclamaciones. Pueden rechazar las reclamaciones por falta de informaci\u00f3n o datos inexactos. A veces, los rechazos m\u00faltiples frustran tanto a la v\u00edctima que acaba aceptando una cantidad menor.<\/span><\/li>\n<li style=\"font-weight: 400;\" aria-level=\"1\"><span style=\"font-weight: 400;\">Respuestas tard\u00edas. Algunas compa\u00f1\u00edas de seguros no responden r\u00e1pidamente o pueden hacerte esperar bastante tiempo antes de responder. Tambi\u00e9n pueden solicitarte una cantidad infinita de informaci\u00f3n. Esto no es m\u00e1s que una estratagema para alargar el proceso lo suficiente como para frustrarte.<\/span><\/li>\n<li style=\"font-weight: 400;\" aria-level=\"1\"><span style=\"font-weight: 400;\">Ofertas muy bajas. No tienes por qu\u00e9 aceptar una oferta que no cubra tus gastos. Aunque la compa\u00f1\u00eda de seguros afirme que es lo mejor que puede ofrecerte o que tienes que decidir de inmediato, no te dejes enga\u00f1ar.<\/span><\/li>\n<\/ul>\n<p><span style=\"font-weight: 400;\">En su lugar, p\u00f3ngase en contacto con nuestro <\/span><b>Abogado especializado en accidentes por choque trasero en Duluth<\/b><span style=\"font-weight: 400;\"> para analizar su caso. Nuestros abogados recopilar\u00e1n informaci\u00f3n valiosa sobre lo ocurrido, el valor de su caso y las razones por las que la compa\u00f1\u00eda de seguros debe pagarle. A continuaci\u00f3n, nos encargaremos de tratar con la compa\u00f1\u00eda de seguros por usted, para que no tenga que volver a lidiar con ellos.<\/span><\/p>\n\n<div class=\"cta-container row align-items-center\">\n    <div class=\"col-md-7\">\n        <p class=\"cta-text rs-content-cta\"><a class=\"no-btn\" href=\"https:\/\/slamdunkattorney.com\/es\/contact-us\/\">Haga clic para contactar<\/a> nuestros abogados especializados en accidentes automovil\u00edsticos en Duluth hoy mismo<\/p>\n    <\/div>\n    <div class=\"col-md-5\">\n        <img decoding=\"async\" src=\"https:\/\/slamdunkattorney.com\/wp-content\/themes\/slam-dunk-rebuild\/assets\/app\/img\/map-cta.jpg\" alt=\"Contact Us\" class=\"img-fluid\"\/>\n    <\/div>\n<\/div><h2>Cu\u00e1nto podr\u00eda valer su caso despu\u00e9s de un choque por alcance<\/h2>\n<p><span style=\"font-weight: 400;\">No siempre est\u00e1 claro cu\u00e1l es el valor de una colisi\u00f3n por alcance, pero en \u00faltima instancia depende de la cuant\u00eda de las p\u00e9rdidas que haya sufrido. Las p\u00e9rdidas pueden definirse como cualquier tipo de resultado o consecuencia monetaria o de otro tipo asociada al accidente. Algunos de los tipos de reclamaciones m\u00e1s comunes que buscamos para nuestras v\u00edctimas de accidentes por alcance en Duluth incluyen:<\/span><\/p>\n<ul>\n<li style=\"font-weight: 400;\" aria-level=\"1\"><b>Facturas m\u00e9dicas<\/b>:<span style=\"font-weight: 400;\"> Esto deber\u00eda cubrir todos los gastos m\u00e9dicos derivados del accidente y la atenci\u00f3n m\u00e9dica continua que necesites.<\/span><\/li>\n<li style=\"font-weight: 400;\" aria-level=\"1\"><b>Da\u00f1os materiales<\/b>:<span style=\"font-weight: 400;\"> Es posible que su veh\u00edculo necesite ser reparado o reemplazado debido a los da\u00f1os causados por el otro conductor.<\/span><\/li>\n<li style=\"font-weight: 400;\" aria-level=\"1\"><b>Tiempo perdido en el trabajo<\/b>:<span style=\"font-weight: 400;\"> Si ha faltado al trabajo debido a sus lesiones o al accidente, es posible que pueda reclamar una indemnizaci\u00f3n por esas p\u00e9rdidas.<\/span><\/li>\n<li style=\"font-weight: 400;\" aria-level=\"1\"><b>Dolor y sufrimiento<\/b>:<span style=\"font-weight: 400;\"> En la mayor\u00eda de los casos, los accidentes graves dan derecho a una indemnizaci\u00f3n por da\u00f1os y perjuicios.<\/span><\/li>\n<li style=\"font-weight: 400;\" aria-level=\"1\"><b>Trauma emocional<\/b>:<span style=\"font-weight: 400;\"> Tambi\u00e9n es posible que pueda obtener una indemnizaci\u00f3n por el trauma emocional y la angustia mental.<\/span><\/li>\n<\/ul>\n<p><span style=\"font-weight: 400;\">En Slam Dunk Attorney, nos tomamos muy en serio todas las reclamaciones. Si ha sufrido lesiones, queremos ayudarle, y el primer paso es una consulta. Nuestro <\/span><b>Abogados especializados en accidentes automovil\u00edsticos por choque trasero<\/b><span style=\"font-weight: 400;\"> sabemos que necesita el apoyo y la orientaci\u00f3n de un profesional de confianza. Puede confiar en nosotros durante todo el proceso y leer nuestra <\/span><span style=\"font-weight: 400;\">estudios de casos<\/span><span style=\"font-weight: 400;\"> para obtener m\u00e1s informaci\u00f3n.<\/span><\/p>\n\n<div class=\"cta-container map-bg row align-items-center flex-md-row-reverse\">\n    <div class=\"col-md-6\">\n        <p class=\"cta-text rs-content-cta\">Completa un <a href=\"https:\/\/slamdunkattorney.com\/es\/contact-us\/\">Formulario de evaluaci\u00f3n gratuita de su caso<\/a> ahora<\/p>\n    <\/div>\n    <div class=\"col-md-6 col-bg\">\n    <\/div>\n<\/div><h2>Concierte ahora una consulta gratuita con un abogado especializado en colisiones por alcance.<\/h2>\n<p><span style=\"font-weight: 400;\"><a href=\"https:\/\/slamdunkattorney.com\/es\/contact-us\/\">Cont\u00e1ctenos<\/a> ahora para configurar un <\/span><span style=\"font-weight: 400;\">consulta gratuita y sin compromiso<\/span><span style=\"font-weight: 400;\"> para hablar sobre su caso y sus lesiones con nuestro equipo. Nuestro <\/span><b>Abogado especializado en accidentes por choque trasero en Duluth<\/b><span style=\"font-weight: 400;\"> se compromete a brindarle un apoyo legal excepcional durante este momento tan dif\u00edcil. No hay ning\u00fan costo ni presi\u00f3n por hablar con nuestro abogado especializado en accidentes automovil\u00edsticos, pero le proporcionaremos la informaci\u00f3n que necesite. <\/span><\/p>\n\n<div class=\"cta-container row align-items-center\">\n    <div class=\"col-md-7\">\n        <p class=\"cta-text rs-content-cta\">Llame o env\u00ede un mensaje de texto <a class=\"no-btn\" href=\"tel:+14049513513\">404-951-3513<\/a> o completar un <a href=\"https:\/\/slamdunkattorney.com\/es\/contact-us\/\">Formulario de evaluaci\u00f3n gratuita de su caso<\/a><\/p>\n    <\/div>\n    <div class=\"col-md-5\">\n        <img decoding=\"async\" src=\"https:\/\/slamdunkattorney.com\/wp-content\/themes\/slam-dunk-rebuild\/assets\/app\/img\/map-cta.jpg\" alt=\"Call or Text\" class=\"img-fluid\"\/>\n    <\/div>\n<\/div>","protected":false},"excerpt":{"rendered":"<p>It can be terrifying to experience a sudden jolt from the back while you are stopped at a light, and often, these types of accidents can cause serious injury to victims. At Slam Dunk Attorney, our Duluth car accident lawyer (The National Trial Lawyers Top 40 Under 40) recognizes the importance of providing our clients &#8230;<\/p>","protected":false},"author":2,"featured_media":0,"parent":37,"menu_order":0,"comment_status":"closed","ping_status":"closed","template":"","meta":{"_acf_changed":false,"_genesis_hide_title":false,"_genesis_hide_breadcrumbs":false,"_genesis_hide_singular_image":false,"_genesis_hide_footer_widgets":false,"_genesis_custom_body_class":"","_genesis_custom_post_class":"","_genesis_layout":"","ngg_post_thumbnail":0,"footnotes":""},"extra-categories":[],"hc_faqs":[],"class_list":{"0":"post-6031","1":"page","2":"type-page","3":"status-publish","5":"hc_city_location-duluth","6":"entry"},"acf":[],"yoast_head":"<!-- This site is optimized with the Yoast SEO plugin v27.4 - https:\/\/yoast.com\/product\/yoast-seo-wordpress\/ -->\n<title>Rear-End Collision Lawyer in Duluth | Free Consultations<\/title>\n<meta name=\"description\" content=\"Duluth Rear-End Collision Lawyer: Slam Dunk Attorney has helped thousands of Georgia clients. No Win, No Fee.\" \/>\n<meta name=\"robots\" content=\"index, follow, max-snippet:-1, max-image-preview:large, max-video-preview:-1\" \/>\n<link rel=\"canonical\" href=\"https:\/\/slamdunkattorney.com\/es\/duluth\/car-accident-lawyer\/rear-end-collision\/\" \/>\n<meta property=\"og:locale\" content=\"es_MX\" \/>\n<meta property=\"og:type\" content=\"article\" \/>\n<meta property=\"og:title\" content=\"Rear-End Collision Lawyer in Duluth | Free Consultations\" \/>\n<meta property=\"og:description\" content=\"Duluth Rear-End Collision Lawyer: Slam Dunk Attorney has helped thousands of Georgia clients. No Win, No Fee.\" \/>\n<meta property=\"og:url\" content=\"https:\/\/slamdunkattorney.com\/es\/duluth\/car-accident-lawyer\/rear-end-collision\/\" \/>\n<meta property=\"og:site_name\" content=\"Slam Dunk Attorney | Injury Lawyers\" \/>\n<meta property=\"article:publisher\" content=\"https:\/\/www.facebook.com\/slamdunkattorneyinjurylawyers\/\" \/>\n<meta property=\"article:modified_time\" content=\"2025-06-03T07:26:34+00:00\" \/>\n<meta property=\"og:image\" content=\"https:\/\/slamdunkattorney.com\/wp-content\/uploads\/2023\/05\/cropped-Logo.png\" \/>\n\t<meta property=\"og:image:width\" content=\"1080\" \/>\n\t<meta property=\"og:image:height\" content=\"240\" \/>\n\t<meta property=\"og:image:type\" content=\"image\/png\" \/>\n<meta name=\"twitter:card\" content=\"summary_large_image\" \/>\n<meta name=\"twitter:site\" content=\"@slamdunkattorney\" \/>\n<meta name=\"twitter:label1\" content=\"Est. reading time\" \/>\n\t<meta name=\"twitter:data1\" content=\"5 minutos\" \/>\n<script type=\"application\/ld+json\" class=\"yoast-schema-graph\">{\"@context\":\"https:\\\/\\\/schema.org\",\"@graph\":[{\"@type\":\"WebPage\",\"@id\":\"https:\\\/\\\/slamdunkattorney.com\\\/duluth\\\/car-accident-lawyer\\\/rear-end-collision\\\/\",\"url\":\"https:\\\/\\\/slamdunkattorney.com\\\/duluth\\\/car-accident-lawyer\\\/rear-end-collision\\\/\",\"name\":\"Rear-End Collision Lawyer in Duluth | Free Consultations\",\"isPartOf\":{\"@id\":\"https:\\\/\\\/slamdunkattorney.com\\\/#website\"},\"datePublished\":\"2024-06-18T16:08:01+00:00\",\"dateModified\":\"2025-06-03T07:26:34+00:00\",\"description\":\"Duluth Rear-End Collision Lawyer: Slam Dunk Attorney has helped thousands of Georgia clients. No Win, No Fee.\",\"breadcrumb\":{\"@id\":\"https:\\\/\\\/slamdunkattorney.com\\\/duluth\\\/car-accident-lawyer\\\/rear-end-collision\\\/#breadcrumb\"},\"inLanguage\":\"es\",\"potentialAction\":[{\"@type\":\"ReadAction\",\"target\":[\"https:\\\/\\\/slamdunkattorney.com\\\/duluth\\\/car-accident-lawyer\\\/rear-end-collision\\\/\"]}]},{\"@type\":\"BreadcrumbList\",\"@id\":\"https:\\\/\\\/slamdunkattorney.com\\\/duluth\\\/car-accident-lawyer\\\/rear-end-collision\\\/#breadcrumb\",\"itemListElement\":[{\"@type\":\"ListItem\",\"position\":1,\"name\":\"Home\",\"item\":\"https:\\\/\\\/slamdunkattorney.com\\\/\"},{\"@type\":\"ListItem\",\"position\":2,\"name\":\"Duluth, GA Personal Injury Lawyer\",\"item\":\"https:\\\/\\\/slamdunkattorney.com\\\/\"},{\"@type\":\"ListItem\",\"position\":3,\"name\":\"Duluth Car Accident Lawyer\",\"item\":\"https:\\\/\\\/slamdunkattorney.com\\\/duluth\\\/car-accident-lawyer\\\/\"},{\"@type\":\"ListItem\",\"position\":4,\"name\":\"Rear-End Collision\"}]},{\"@type\":\"WebSite\",\"@id\":\"https:\\\/\\\/slamdunkattorney.com\\\/#website\",\"url\":\"https:\\\/\\\/slamdunkattorney.com\\\/\",\"name\":\"Slam Dunk Attorney | Injury Lawyers\",\"description\":\"Duluth Personal Injury Lawyers\",\"publisher\":{\"@id\":\"https:\\\/\\\/slamdunkattorney.com\\\/#organization\"},\"alternateName\":\"Slam Dunk Attorney\",\"inLanguage\":\"es\"},{\"@type\":\"Organization\",\"@id\":\"https:\\\/\\\/slamdunkattorney.com\\\/#organization\",\"name\":\"Slam Dunk Attorney\",\"alternateName\":\"Slam Dunk\",\"url\":\"https:\\\/\\\/slamdunkattorney.com\\\/\",\"logo\":{\"@type\":\"ImageObject\",\"inLanguage\":\"es\",\"@id\":\"https:\\\/\\\/slamdunkattorney.com\\\/#\\\/schema\\\/logo\\\/image\\\/\",\"url\":\"https:\\\/\\\/slamdunkattorney.com\\\/wp-content\\\/uploads\\\/2023\\\/05\\\/cropped-Logo.png\",\"contentUrl\":\"https:\\\/\\\/slamdunkattorney.com\\\/wp-content\\\/uploads\\\/2023\\\/05\\\/cropped-Logo.png\",\"width\":1080,\"height\":240,\"caption\":\"Slam Dunk Attorney\"},\"image\":{\"@id\":\"https:\\\/\\\/slamdunkattorney.com\\\/#\\\/schema\\\/logo\\\/image\\\/\"},\"sameAs\":[\"https:\\\/\\\/www.facebook.com\\\/slamdunkattorneyinjurylawyers\\\/\",\"https:\\\/\\\/x.com\\\/slamdunkattorney\",\"https:\\\/\\\/www.instagram.com\\\/slamdunkattorney\\\/\",\"https:\\\/\\\/www.youtube.com\\\/channel\\\/UCSrOiC7vOjlCi3UgtIVGNtw\",\"https:\\\/\\\/www.linkedin.com\\\/company\\\/slamdunkattorneyinjurylawyers\"]}]}<\/script>\n<!-- \/ Yoast SEO plugin. -->","yoast_head_json":{"title":"Rear-End Collision Lawyer in Duluth | Free Consultations","description":"Duluth Rear-End Collision Lawyer: Slam Dunk Attorney has helped thousands of Georgia clients. No Win, No Fee.","robots":{"index":"index","follow":"follow","max-snippet":"max-snippet:-1","max-image-preview":"max-image-preview:large","max-video-preview":"max-video-preview:-1"},"canonical":"https:\/\/slamdunkattorney.com\/es\/duluth\/car-accident-lawyer\/rear-end-collision\/","og_locale":"es_MX","og_type":"article","og_title":"Rear-End Collision Lawyer in Duluth | Free Consultations","og_description":"Duluth Rear-End Collision Lawyer: Slam Dunk Attorney has helped thousands of Georgia clients. No Win, No Fee.","og_url":"https:\/\/slamdunkattorney.com\/es\/duluth\/car-accident-lawyer\/rear-end-collision\/","og_site_name":"Slam Dunk Attorney | Injury Lawyers","article_publisher":"https:\/\/www.facebook.com\/slamdunkattorneyinjurylawyers\/","article_modified_time":"2025-06-03T07:26:34+00:00","og_image":[{"width":1080,"height":240,"url":"https:\/\/slamdunkattorney.com\/wp-content\/uploads\/2023\/05\/cropped-Logo.png","type":"image\/png"}],"twitter_card":"summary_large_image","twitter_site":"@slamdunkattorney","twitter_misc":{"Est. reading time":"5 minutos"},"schema":{"@context":"https:\/\/schema.org","@graph":[{"@type":"WebPage","@id":"https:\/\/slamdunkattorney.com\/duluth\/car-accident-lawyer\/rear-end-collision\/","url":"https:\/\/slamdunkattorney.com\/duluth\/car-accident-lawyer\/rear-end-collision\/","name":"Rear-End Collision Lawyer in Duluth | Free Consultations","isPartOf":{"@id":"https:\/\/slamdunkattorney.com\/#website"},"datePublished":"2024-06-18T16:08:01+00:00","dateModified":"2025-06-03T07:26:34+00:00","description":"Duluth Rear-End Collision Lawyer: Slam Dunk Attorney has helped thousands of Georgia clients. No Win, No Fee.","breadcrumb":{"@id":"https:\/\/slamdunkattorney.com\/duluth\/car-accident-lawyer\/rear-end-collision\/#breadcrumb"},"inLanguage":"es","potentialAction":[{"@type":"ReadAction","target":["https:\/\/slamdunkattorney.com\/duluth\/car-accident-lawyer\/rear-end-collision\/"]}]},{"@type":"BreadcrumbList","@id":"https:\/\/slamdunkattorney.com\/duluth\/car-accident-lawyer\/rear-end-collision\/#breadcrumb","itemListElement":[{"@type":"ListItem","position":1,"name":"Home","item":"https:\/\/slamdunkattorney.com\/"},{"@type":"ListItem","position":2,"name":"Duluth, GA Personal Injury Lawyer","item":"https:\/\/slamdunkattorney.com\/"},{"@type":"ListItem","position":3,"name":"Duluth Car Accident Lawyer","item":"https:\/\/slamdunkattorney.com\/duluth\/car-accident-lawyer\/"},{"@type":"ListItem","position":4,"name":"Rear-End Collision"}]},{"@type":"WebSite","@id":"https:\/\/slamdunkattorney.com\/#website","url":"https:\/\/slamdunkattorney.com\/","name":"Abogado experto en lesiones | Abogados especializados en lesiones","description":"Abogados de lesiones personales en Duluth","publisher":{"@id":"https:\/\/slamdunkattorney.com\/#organization"},"alternateName":"Slam Dunk Attorney","inLanguage":"es"},{"@type":"Organization","@id":"https:\/\/slamdunkattorney.com\/#organization","name":"Abogado Slam Dunk","alternateName":"Slam Dunk","url":"https:\/\/slamdunkattorney.com\/","logo":{"@type":"ImageObject","inLanguage":"es","@id":"https:\/\/slamdunkattorney.com\/#\/schema\/logo\/image\/","url":"https:\/\/slamdunkattorney.com\/wp-content\/uploads\/2023\/05\/cropped-Logo.png","contentUrl":"https:\/\/slamdunkattorney.com\/wp-content\/uploads\/2023\/05\/cropped-Logo.png","width":1080,"height":240,"caption":"Slam Dunk Attorney"},"image":{"@id":"https:\/\/slamdunkattorney.com\/#\/schema\/logo\/image\/"},"sameAs":["https:\/\/www.facebook.com\/slamdunkattorneyinjurylawyers\/","https:\/\/x.com\/slamdunkattorney","https:\/\/www.instagram.com\/slamdunkattorney\/","https:\/\/www.youtube.com\/channel\/UCSrOiC7vOjlCi3UgtIVGNtw","https:\/\/www.linkedin.com\/company\/slamdunkattorneyinjurylawyers"]}]}},"yoast_meta":{"yoast_wpseo_title":"","yoast_wpseo_metadesc":"","yoast_wpseo_canonical":"https:\/\/slamdunkattorney.com\/es\/wp-json\/wp\/v2\/pages\/6031"},"_links":{"self":[{"href":"https:\/\/slamdunkattorney.com\/es\/wp-json\/wp\/v2\/pages\/6031","targetHints":{"allow":["GET"]}}],"collection":[{"href":"https:\/\/slamdunkattorney.com\/es\/wp-json\/wp\/v2\/pages"}],"about":[{"href":"https:\/\/slamdunkattorney.com\/es\/wp-json\/wp\/v2\/types\/page"}],"author":[{"embeddable":true,"href":"https:\/\/slamdunkattorney.com\/es\/wp-json\/wp\/v2\/users\/2"}],"replies":[{"embeddable":true,"href":"https:\/\/slamdunkattorney.com\/es\/wp-json\/wp\/v2\/comments?post=6031"}],"version-history":[{"count":0,"href":"https:\/\/slamdunkattorney.com\/es\/wp-json\/wp\/v2\/pages\/6031\/revisions"}],"up":[{"embeddable":true,"href":"https:\/\/slamdunkattorney.com\/es\/wp-json\/wp\/v2\/pages\/37"}],"wp:attachment":[{"href":"https:\/\/slamdunkattorney.com\/es\/wp-json\/wp\/v2\/media?parent=6031"}],"wp:term":[{"taxonomy":"extra-categories","embeddable":true,"href":"https:\/\/slamdunkattorney.com\/es\/wp-json\/wp\/v2\/extra-categories?post=6031"},{"taxonomy":"hc_faqs","embeddable":true,"href":"https:\/\/slamdunkattorney.com\/es\/wp-json\/wp\/v2\/hc_faqs?post=6031"}],"curies":[{"name":"wp","href":"https:\/\/api.w.org\/{rel}","templated":true}]}}