{"id":6030,"date":"2024-06-18T16:04:05","date_gmt":"2024-06-18T16:04:05","guid":{"rendered":"https:\/\/slamdunk.wpenginepowered.com\/?page_id=6030"},"modified":"2025-06-03T07:25:00","modified_gmt":"2025-06-03T07:25:00","slug":"duluth-car-accident-lawyer-hit-and-run","status":"publish","type":"page","link":"https:\/\/slamdunkattorney.com\/es\/duluth\/car-accident-lawyer\/hit-and-run\/","title":{"rendered":"Abogado especializado en accidentes con fuga en Duluth"},"content":{"rendered":"<p><span style=\"font-weight: 400;\">Est\u00e1s atrapado en el tr\u00e1fico de la hora pico en la carretera estatal 120, te sientes frustrado, cansado despu\u00e9s de un largo d\u00eda de trabajo y ansioso por llegar a casa. Sin embargo, tu d\u00eda est\u00e1 a punto de empeorar cuando un conductor distra\u00eddo te choca por detr\u00e1s y huye del lugar. Este es solo un ejemplo de lo r\u00e1pido que pueden ocurrir los accidentes con fuga en Duluth.<\/span><\/p>\n<p><span style=\"font-weight: 400;\">Independientemente de c\u00f3mo se produzca el atropello con fuga, es necesario responsabilizar a la parte culpable si desea obtener la compensaci\u00f3n econ\u00f3mica a la que tiene derecho. Con el apoyo de un abogado con experiencia <\/span><b>Abogado especializado en accidentes con fuga en Duluth<\/b><span style=\"font-weight: 400;\"> De Slam Dunk Attorney, que ha representado a m\u00e1s de 1000 clientes, puede identificar al conductor que lo atropell\u00f3 y exigir la compensaci\u00f3n justa que se merece. P\u00f3ngase en contacto con un abogado especializado. <\/span><a href=\"https:\/\/slamdunkattorney.com\/es\/duluth\/car-accident-lawyer\/\"><span style=\"font-weight: 400;\">Abogado especializado en accidentes automovil\u00edsticos en Duluth<\/span><\/a><span style=\"font-weight: 400;\"> de nuestra firma hoy mismo para analizar m\u00e1s a fondo sus opciones de recurso legal durante una consulta gratuita.<\/span><\/p>\n<h2><span style=\"font-weight: 400;\">Los atropellos con fuga en Duluth pueden causar lesiones catastr\u00f3ficas<\/span><\/h2>\n<p><span style=\"font-weight: 400;\">Quiz\u00e1s le sorprenda saber que, seg\u00fan el Departamento de Salud P\u00fablica de Georgia, los accidentes automovil\u00edsticos fueron la segunda causa principal de hospitalizaciones, visitas a salas de urgencias y muertes por lesiones en 2020. Esto a pesar de que los conductores circularon menos en 2020 debido a la pandemia de coronavirus. Con cifras tan altas, es f\u00e1cil entender por qu\u00e9 las v\u00edctimas de accidentes automovil\u00edsticos est\u00e1n ansiosas por que los conductores negligentes rindan cuentas.<\/span><\/p>\n<p><span style=\"font-weight: 400;\">Aunque muchas personas suelen asociar los atropellos con fuga con colisiones por alcance o accidentes menores, no es raro que los conductores que huyen del lugar del accidente provoquen graves accidentes automovil\u00edsticos. Las v\u00edctimas pueden sufrir una amplia variedad de lesiones, entre ellas fracturas \u00f3seas, quemaduras, latigazos cervicales, conmociones cerebrales, da\u00f1os cerebrales traum\u00e1ticos, traumatismos medulares y otras lesiones graves. Afortunadamente, no es el tipo de lesi\u00f3n que usted haya sufrido lo que determinar\u00e1 si tiene derecho a presentar una demanda. Nuestro <\/span><a href=\"https:\/\/slamdunkattorney.com\/es\/\"><span style=\"font-weight: 400;\">Abogados especializados en lesiones personales en Duluth<\/span><\/a><span style=\"font-weight: 400;\"> puede ayudar.<\/span><\/p>\n<p><span style=\"font-weight: 400;\">En cambio, lo que importa es cu\u00e1n gravemente se ha visto afectada su vida. Ya sea que tenga una gran cantidad de gastos m\u00e9dicos, est\u00e9 temporalmente sin trabajo o est\u00e9 luchando con una discapacidad permanente, la parte culpable debe compensarle por sus da\u00f1os en su totalidad. Incluso si el conductor que lo atropell\u00f3 a\u00fan no ha sido identificado, podemos comenzar a construir un caso s\u00f3lido en su contra para que, cuando lo sea, podamos llevarlo ante la justicia.<\/span><\/p>\n\n<div class=\"cta-container row align-items-center\">\n    <div class=\"col-md-7\">\n        <p class=\"cta-text rs-content-cta\">Orgullosos de servir a Duluth y a todo Georgia <span>\u00a1Cont\u00e1ctenos para comenzar su recuperaci\u00f3n!<\/span> <a href=\"https:\/\/slamdunkattorney.com\/es\/\">Explore nuestras \u00e1reas de pr\u00e1ctica<\/a><\/p>\n    <\/div>\n    <div class=\"col-md-5\">\n        <img decoding=\"async\" src=\"https:\/\/slamdunkattorney.com\/wp-content\/themes\/slam-dunk-rebuild\/assets\/app\/img\/map-cta.jpg\" alt=\"Legal Consultation\" class=\"img-fluid\"\/>\n    <\/div>\n<\/div><h2><span style=\"font-weight: 400;\">Por qu\u00e9 los conductores huyen del lugar del accidente<\/span><\/h2>\n<p><span style=\"font-weight: 400;\">Despu\u00e9s de sufrir un accidente automovil\u00edstico, probablemente una de las \u00faltimas cosas que esperabas era que el conductor que te golpe\u00f3 se diera a la fuga. Sin embargo, te sorprender\u00eda saber con qu\u00e9 frecuencia ocurren los accidentes con fuga. De hecho, en 2022 se registraron 2932 accidentes mortales con fuga en todo Estados Unidos, seg\u00fan la <\/span><a href=\"https:\/\/crashstats.nhtsa.dot.gov\/Api\/Public\/ViewPublication\/813560\" target=\"_blank\" rel=\"noopener\"><span style=\"font-weight: 400;\">Administraci\u00f3n Nacional de Seguridad Vial en Carreteras (NHTSA)<\/span><\/a><span style=\"font-weight: 400;\">. Algunas de las principales razones por las que los conductores pueden huir del lugar del accidente son:<\/span><\/p>\n<ul>\n<li style=\"font-weight: 400;\" aria-level=\"1\"><span style=\"font-weight: 400;\">No tener la cobertura de seguro de autom\u00f3vil exigida por la ley.<\/span> <a href=\"https:\/\/dor.georgia.gov\/motor-vehicles\/vehicle-insurance-requirements\" target=\"_blank\" rel=\"noopener\"><span style=\"font-weight: 400;\">Departamento de Hacienda de Georgia<\/span><\/a><\/li>\n<li style=\"font-weight: 400;\" aria-level=\"1\"><span style=\"font-weight: 400;\">Sabiendo que tienen una orden de arresto en su contra.<\/span><\/li>\n<li style=\"font-weight: 400;\" aria-level=\"1\"><span style=\"font-weight: 400;\">Estar bajo la influencia de drogas o alcohol en el momento del accidente.<\/span><\/li>\n<li style=\"font-weight: 400;\" aria-level=\"1\"><span style=\"font-weight: 400;\">Estar en posesi\u00f3n de drogas, parafernalia u otras sustancias ilegales.<\/span><\/li>\n<li style=\"font-weight: 400;\" aria-level=\"1\"><span style=\"font-weight: 400;\">Simplemente entrar en p\u00e1nico debido al trauma del accidente.<\/span><\/li>\n<\/ul>\n<p><span style=\"font-weight: 400;\">La intenci\u00f3n del conductor que se dio a la fuga no necesariamente importar\u00e1 despu\u00e9s de que haya huido del lugar del accidente. Esto es particularmente cierto si \u00e9l caus\u00f3 la colisi\u00f3n. Si su negligencia contribuy\u00f3 o fue la principal responsable de causar sus lesiones, se le puede ordenar que le reembolse el valor real de sus da\u00f1os econ\u00f3micos y no econ\u00f3micos.<\/span><\/p>\n\n<div class=\"cta-container map-bg row align-items-center flex-md-row-reverse\">\n    <div class=\"col-md-6\">\n        <p class=\"cta-text rs-content-cta\">Abogado especializado en accidentes con fuga en Duluth cerca de m\u00ed <a href=\"tel:+14049513513\">404-951-3513<\/a><\/p>\n    <\/div>\n    <div class=\"col-md-6 col-bg\">\n    <\/div>\n<\/div><h2><span style=\"font-weight: 400;\">C\u00f3mo hacer que el conductor que te atropell\u00f3 pague<\/span><\/h2>\n<p><span style=\"font-weight: 400;\">Depende de usted ser su mejor defensor despu\u00e9s de un atropello con fuga. Trabajar con un abogado de renombre <\/span><a href=\"https:\/\/slamdunkattorney.com\/es\/blog\/importance-of-personal-injury-lawyer-consultation\/\"><span style=\"font-weight: 400;\">Abogado de lesiones personales<\/span><\/a><span style=\"font-weight: 400;\"> puede ser la mejor manera de asegurarse de que est\u00e1 tomando todas las medidas necesarias para que el conductor que lo atropell\u00f3 rinda cuentas. Su <\/span><b>Abogado especializado en accidentes con fuga en Duluth<\/b><span style=\"font-weight: 400;\"> con Slam Dunk Attorney puede ayudarle a explorar todas las opciones, que pueden incluir:<\/span><\/p>\n<ul>\n<li style=\"font-weight: 400;\" aria-level=\"1\"><span style=\"font-weight: 400;\">Presentar una reclamaci\u00f3n contra la p\u00f3liza de seguro del conductor que se dio a la fuga una vez que haya sido identificado.<\/span><\/li>\n<li style=\"font-weight: 400;\" aria-level=\"1\"><span style=\"font-weight: 400;\">Presentar una reclamaci\u00f3n contra su cobertura de seguro sin culpa o de protecci\u00f3n contra lesiones personales (PIP)<\/span><\/li>\n<li style=\"font-weight: 400;\" aria-level=\"1\"><span style=\"font-weight: 400;\">Presentar una demanda por lesiones personales contra el conductor que se dio a la fuga en un tribunal civil.<\/span><\/li>\n<\/ul>\n<p><span style=\"font-weight: 400;\">Los seguros rara vez compensan todas y cada una de las formas en que su vida se ha visto afectada por las lesiones que ha sufrido. Si tiene da\u00f1os que no se consideran p\u00e9rdidas cubiertas, no todo est\u00e1 perdido. Al presentar una demanda, tiene la oportunidad de solicitar el reembolso total de todas las p\u00e9rdidas compensatorias.<\/span><\/p>\n\n<div class=\"cta-container row align-items-center\">\n    <div class=\"col-md-7\">\n        <p class=\"cta-text rs-content-cta\"><a class=\"no-btn\" href=\"https:\/\/slamdunkattorney.com\/es\/contact-us\/\">Haga clic para contactar<\/a> nuestros abogados especializados en accidentes automovil\u00edsticos en Duluth hoy mismo<\/p>\n    <\/div>\n    <div class=\"col-md-5\">\n        <img decoding=\"async\" src=\"https:\/\/slamdunkattorney.com\/wp-content\/themes\/slam-dunk-rebuild\/assets\/app\/img\/map-cta.jpg\" alt=\"Contact Us\" class=\"img-fluid\"\/>\n    <\/div>\n<\/div><h2><span style=\"font-weight: 400;\">Preguntas frecuentes sobre accidentes con fuga en Duluth<\/span><\/h2>\n<h3><span style=\"font-weight: 400;\">\u00bfExiste un plazo de prescripci\u00f3n para los accidentes con fuga?<\/span><\/h3>\n<p><span style=\"font-weight: 400;\">Seg\u00fan <\/span><a href=\"http:\/\/ga.elaws.us\/law\/section9-3-33\" target=\"_blank\" rel=\"noopener\"><span style=\"font-weight: 400;\">O.C.G.A. \u00a7 9-3-33<\/span><\/a><span style=\"font-weight: 400;\">, existe un plazo de prescripci\u00f3n de dos a\u00f1os para las reclamaciones por accidentes con fuga. Si no presenta su demanda antes de la fecha de vencimiento, es posible que no pueda continuar con su caso en un tribunal civil.<\/span><\/p>\n<h3><span style=\"font-weight: 400;\">\u00bfPuedo obtener da\u00f1os punitivos en un accidente con fuga?<\/span><\/h3>\n<p><span style=\"font-weight: 400;\">Los da\u00f1os punitivos pueden estar justificados en un accidente con fuga seg\u00fan <\/span><a href=\"http:\/\/ga.elaws.us\/law\/section51-12-5.1\" target=\"_blank\" rel=\"noopener\"><span style=\"font-weight: 400;\">O.C.G.A. \u00a7 51-12-5.1<\/span><\/a><span style=\"font-weight: 400;\">. Si la conducta del demandado fue intencionalmente da\u00f1ina, atroz o gravemente negligente, podr\u00eda ser apropiado imponer da\u00f1os punitivos. Sin embargo, los da\u00f1os punitivos son una indemnizaci\u00f3n poco com\u00fan que solo se aplica cuando el sistema judicial considera que es necesario imponer un castigo adicional.<\/span><\/p>\n<h3><span style=\"font-weight: 400;\">\u00bfQu\u00e9 pasa si la compa\u00f1\u00eda de seguros me pide una declaraci\u00f3n?<\/span><\/h3>\n<p><span style=\"font-weight: 400;\">Debes dirigirlos a tu <\/span><b>Abogado especializado en accidentes con fuga en Duluth<\/b><span style=\"font-weight: 400;\"> para obtener informaci\u00f3n adicional. No diga nada a la compa\u00f1\u00eda de seguros, ya que es probable que su declaraci\u00f3n sea grabada. Cualquier cosa que diga podr\u00eda ser manipulada o sacada de contexto y utilizada en su contra para reducir la indemnizaci\u00f3n del seguro.<\/span><\/p>\n\n<div class=\"cta-container map-bg row align-items-center flex-md-row-reverse\">\n    <div class=\"col-md-6\">\n        <p class=\"cta-text rs-content-cta\">Completa un <a href=\"https:\/\/slamdunkattorney.com\/es\/contact-us\/\">Formulario de evaluaci\u00f3n gratuita de su caso<\/a> ahora<\/p>\n    <\/div>\n    <div class=\"col-md-6 col-bg\">\n    <\/div>\n<\/div><h2><span style=\"font-weight: 400;\">Consulte a un abogado especializado en accidentes con fuga en Duluth para obtener asistencia legal cuando m\u00e1s la necesite.\u00a0<\/span><\/h2>\n<p><span style=\"font-weight: 400;\">Los accidentes con fuga pueden parecer desesperanzadores al principio. Es posible que le preocupe mucho que no se identifique al conductor que se dio a la fuga, lo que le obligar\u00eda a cubrir el valor total de los da\u00f1os. Sin embargo, con una investigaci\u00f3n exhaustiva por parte de los agentes del orden y su abogado con experiencia en juicios, es posible que se pueda identificar al conductor que se dio a la fuga. <\/span><b>Abogado especializado en accidentes con fuga en Duluth<\/b><span style=\"font-weight: 400;\"> Seg\u00fan Slam Dunk Attorney, es solo cuesti\u00f3n de tiempo que descubramos su identidad.<\/span><\/p>\n<p><span style=\"font-weight: 400;\">Cuando lo hagamos, puede confiar en nuestra capacidad para llevarlos ante la justicia. Ya sea que necesitemos presentar una reclamaci\u00f3n contra su p\u00f3liza de seguro de autom\u00f3vil o llevar su caso a juicio, Slam Dunk Attorney tiene lo necesario para maximizar su indemnizaci\u00f3n. Cuando est\u00e9 listo para aprovechar esta oportunidad, complete nuestro conveniente <\/span><a href=\"https:\/\/slamdunkattorney.com\/es\/contact-us\/\"><span style=\"font-weight: 400;\">formulario de contacto<\/span><\/a><span style=\"font-weight: 400;\"> o llame a nuestra oficina para programar su consulta sin costo y sin compromiso.<\/span><\/p>\n\n<div class=\"cta-container row align-items-center\">\n    <div class=\"col-md-7\">\n        <p class=\"cta-text rs-content-cta\">Llame o env\u00ede un mensaje de texto <a class=\"no-btn\" href=\"tel:+14049513513\">404-951-3513<\/a> o completar un <a href=\"https:\/\/slamdunkattorney.com\/es\/contact-us\/\">Formulario de evaluaci\u00f3n gratuita de su caso<\/a><\/p>\n    <\/div>\n    <div class=\"col-md-5\">\n        <img decoding=\"async\" src=\"https:\/\/slamdunkattorney.com\/wp-content\/themes\/slam-dunk-rebuild\/assets\/app\/img\/map-cta.jpg\" alt=\"Call or Text\" class=\"img-fluid\"\/>\n    <\/div>\n<\/div>","protected":false},"excerpt":{"rendered":"<p>You are stuck in rush-hour traffic along State Road 120, you are frustrated, tired after a long workday, and anxious to get home. However, your day is about to take a turn for the worse when you are rear-ended by a distracted driver who flees the scene. This is just one example of how quickly &#8230;<\/p>","protected":false},"author":2,"featured_media":0,"parent":37,"menu_order":0,"comment_status":"closed","ping_status":"closed","template":"","meta":{"_acf_changed":false,"_genesis_hide_title":false,"_genesis_hide_breadcrumbs":false,"_genesis_hide_singular_image":false,"_genesis_hide_footer_widgets":false,"_genesis_custom_body_class":"","_genesis_custom_post_class":"","_genesis_layout":"","ngg_post_thumbnail":0,"footnotes":""},"extra-categories":[],"hc_faqs":[],"class_list":{"0":"post-6030","1":"page","2":"type-page","3":"status-publish","5":"hc_city_location-duluth","6":"entry"},"acf":[],"yoast_head":"<!-- This site is optimized with the Yoast SEO plugin v27.3 - https:\/\/yoast.com\/product\/yoast-seo-wordpress\/ -->\n<title>Hit and Run Accident Lawyer in Duluth | Free Consultations<\/title>\n<meta name=\"description\" content=\"Duluth Hit and Run Accident Lawyer: Slam Dunk Attorney has helped thousands of Georgia clients. No Win, No Fee.\" \/>\n<meta name=\"robots\" content=\"index, follow, max-snippet:-1, max-image-preview:large, max-video-preview:-1\" \/>\n<link rel=\"canonical\" href=\"https:\/\/slamdunkattorney.com\/es\/duluth\/car-accident-lawyer\/hit-and-run\/\" \/>\n<meta property=\"og:locale\" content=\"es_MX\" \/>\n<meta property=\"og:type\" content=\"article\" \/>\n<meta property=\"og:title\" content=\"Hit and Run Accident Lawyer in Duluth | Free Consultations\" \/>\n<meta property=\"og:description\" content=\"Duluth Hit and Run Accident Lawyer: Slam Dunk Attorney has helped thousands of Georgia clients. No Win, No Fee.\" \/>\n<meta property=\"og:url\" content=\"https:\/\/slamdunkattorney.com\/es\/duluth\/car-accident-lawyer\/hit-and-run\/\" \/>\n<meta property=\"og:site_name\" content=\"Slam Dunk Attorney | Injury Lawyers\" \/>\n<meta property=\"article:publisher\" content=\"https:\/\/www.facebook.com\/slamdunkattorneyinjurylawyers\/\" \/>\n<meta property=\"article:modified_time\" content=\"2025-06-03T07:25:00+00:00\" \/>\n<meta property=\"og:image\" content=\"https:\/\/slamdunkattorney.com\/wp-content\/uploads\/2023\/05\/cropped-Logo.png\" \/>\n\t<meta property=\"og:image:width\" content=\"1080\" \/>\n\t<meta property=\"og:image:height\" content=\"240\" \/>\n\t<meta property=\"og:image:type\" content=\"image\/png\" \/>\n<meta name=\"twitter:card\" content=\"summary_large_image\" \/>\n<meta name=\"twitter:site\" content=\"@slamdunkattorney\" \/>\n<meta name=\"twitter:label1\" content=\"Est. reading time\" \/>\n\t<meta name=\"twitter:data1\" content=\"5 minutos\" \/>\n<script type=\"application\/ld+json\" class=\"yoast-schema-graph\">{\"@context\":\"https:\\\/\\\/schema.org\",\"@graph\":[{\"@type\":\"WebPage\",\"@id\":\"https:\\\/\\\/slamdunkattorney.com\\\/duluth\\\/car-accident-lawyer\\\/hit-and-run\\\/\",\"url\":\"https:\\\/\\\/slamdunkattorney.com\\\/duluth\\\/car-accident-lawyer\\\/hit-and-run\\\/\",\"name\":\"Hit and Run Accident Lawyer in Duluth | Free Consultations\",\"isPartOf\":{\"@id\":\"https:\\\/\\\/slamdunkattorney.com\\\/#website\"},\"datePublished\":\"2024-06-18T16:04:05+00:00\",\"dateModified\":\"2025-06-03T07:25:00+00:00\",\"description\":\"Duluth Hit and Run Accident Lawyer: Slam Dunk Attorney has helped thousands of Georgia clients. No Win, No Fee.\",\"breadcrumb\":{\"@id\":\"https:\\\/\\\/slamdunkattorney.com\\\/duluth\\\/car-accident-lawyer\\\/hit-and-run\\\/#breadcrumb\"},\"inLanguage\":\"es\",\"potentialAction\":[{\"@type\":\"ReadAction\",\"target\":[\"https:\\\/\\\/slamdunkattorney.com\\\/duluth\\\/car-accident-lawyer\\\/hit-and-run\\\/\"]}]},{\"@type\":\"BreadcrumbList\",\"@id\":\"https:\\\/\\\/slamdunkattorney.com\\\/duluth\\\/car-accident-lawyer\\\/hit-and-run\\\/#breadcrumb\",\"itemListElement\":[{\"@type\":\"ListItem\",\"position\":1,\"name\":\"Home\",\"item\":\"https:\\\/\\\/slamdunkattorney.com\\\/\"},{\"@type\":\"ListItem\",\"position\":2,\"name\":\"Duluth, GA Personal Injury Lawyer\",\"item\":\"https:\\\/\\\/slamdunkattorney.com\\\/\"},{\"@type\":\"ListItem\",\"position\":3,\"name\":\"Duluth Car Accident Lawyer\",\"item\":\"https:\\\/\\\/slamdunkattorney.com\\\/duluth\\\/car-accident-lawyer\\\/\"},{\"@type\":\"ListItem\",\"position\":4,\"name\":\"Hit and Run Accident\"}]},{\"@type\":\"WebSite\",\"@id\":\"https:\\\/\\\/slamdunkattorney.com\\\/#website\",\"url\":\"https:\\\/\\\/slamdunkattorney.com\\\/\",\"name\":\"Slam Dunk Attorney | Injury Lawyers\",\"description\":\"Duluth Personal Injury Lawyers\",\"publisher\":{\"@id\":\"https:\\\/\\\/slamdunkattorney.com\\\/#organization\"},\"alternateName\":\"Slam Dunk Attorney\",\"inLanguage\":\"es\"},{\"@type\":\"Organization\",\"@id\":\"https:\\\/\\\/slamdunkattorney.com\\\/#organization\",\"name\":\"Slam Dunk Attorney\",\"alternateName\":\"Slam Dunk\",\"url\":\"https:\\\/\\\/slamdunkattorney.com\\\/\",\"logo\":{\"@type\":\"ImageObject\",\"inLanguage\":\"es\",\"@id\":\"https:\\\/\\\/slamdunkattorney.com\\\/#\\\/schema\\\/logo\\\/image\\\/\",\"url\":\"https:\\\/\\\/slamdunkattorney.com\\\/wp-content\\\/uploads\\\/2023\\\/05\\\/cropped-Logo.png\",\"contentUrl\":\"https:\\\/\\\/slamdunkattorney.com\\\/wp-content\\\/uploads\\\/2023\\\/05\\\/cropped-Logo.png\",\"width\":1080,\"height\":240,\"caption\":\"Slam Dunk Attorney\"},\"image\":{\"@id\":\"https:\\\/\\\/slamdunkattorney.com\\\/#\\\/schema\\\/logo\\\/image\\\/\"},\"sameAs\":[\"https:\\\/\\\/www.facebook.com\\\/slamdunkattorneyinjurylawyers\\\/\",\"https:\\\/\\\/x.com\\\/slamdunkattorney\",\"https:\\\/\\\/www.instagram.com\\\/slamdunkattorney\\\/\",\"https:\\\/\\\/www.youtube.com\\\/channel\\\/UCSrOiC7vOjlCi3UgtIVGNtw\",\"https:\\\/\\\/www.linkedin.com\\\/company\\\/slamdunkattorneyinjurylawyers\"]}]}<\/script>\n<!-- \/ Yoast SEO plugin. -->","yoast_head_json":{"title":"Hit and Run Accident Lawyer in Duluth | Free Consultations","description":"Duluth Hit and Run Accident Lawyer: Slam Dunk Attorney has helped thousands of Georgia clients. No Win, No Fee.","robots":{"index":"index","follow":"follow","max-snippet":"max-snippet:-1","max-image-preview":"max-image-preview:large","max-video-preview":"max-video-preview:-1"},"canonical":"https:\/\/slamdunkattorney.com\/es\/duluth\/car-accident-lawyer\/hit-and-run\/","og_locale":"es_MX","og_type":"article","og_title":"Hit and Run Accident Lawyer in Duluth | Free Consultations","og_description":"Duluth Hit and Run Accident Lawyer: Slam Dunk Attorney has helped thousands of Georgia clients. No Win, No Fee.","og_url":"https:\/\/slamdunkattorney.com\/es\/duluth\/car-accident-lawyer\/hit-and-run\/","og_site_name":"Slam Dunk Attorney | Injury Lawyers","article_publisher":"https:\/\/www.facebook.com\/slamdunkattorneyinjurylawyers\/","article_modified_time":"2025-06-03T07:25:00+00:00","og_image":[{"width":1080,"height":240,"url":"https:\/\/slamdunkattorney.com\/wp-content\/uploads\/2023\/05\/cropped-Logo.png","type":"image\/png"}],"twitter_card":"summary_large_image","twitter_site":"@slamdunkattorney","twitter_misc":{"Est. reading time":"5 minutos"},"schema":{"@context":"https:\/\/schema.org","@graph":[{"@type":"WebPage","@id":"https:\/\/slamdunkattorney.com\/duluth\/car-accident-lawyer\/hit-and-run\/","url":"https:\/\/slamdunkattorney.com\/duluth\/car-accident-lawyer\/hit-and-run\/","name":"Hit and Run Accident Lawyer in Duluth | Free Consultations","isPartOf":{"@id":"https:\/\/slamdunkattorney.com\/#website"},"datePublished":"2024-06-18T16:04:05+00:00","dateModified":"2025-06-03T07:25:00+00:00","description":"Duluth Hit and Run Accident Lawyer: Slam Dunk Attorney has helped thousands of Georgia clients. No Win, No Fee.","breadcrumb":{"@id":"https:\/\/slamdunkattorney.com\/duluth\/car-accident-lawyer\/hit-and-run\/#breadcrumb"},"inLanguage":"es","potentialAction":[{"@type":"ReadAction","target":["https:\/\/slamdunkattorney.com\/duluth\/car-accident-lawyer\/hit-and-run\/"]}]},{"@type":"BreadcrumbList","@id":"https:\/\/slamdunkattorney.com\/duluth\/car-accident-lawyer\/hit-and-run\/#breadcrumb","itemListElement":[{"@type":"ListItem","position":1,"name":"Home","item":"https:\/\/slamdunkattorney.com\/"},{"@type":"ListItem","position":2,"name":"Duluth, GA Personal Injury Lawyer","item":"https:\/\/slamdunkattorney.com\/"},{"@type":"ListItem","position":3,"name":"Duluth Car Accident Lawyer","item":"https:\/\/slamdunkattorney.com\/duluth\/car-accident-lawyer\/"},{"@type":"ListItem","position":4,"name":"Hit and Run Accident"}]},{"@type":"WebSite","@id":"https:\/\/slamdunkattorney.com\/#website","url":"https:\/\/slamdunkattorney.com\/","name":"Abogado experto en lesiones | Abogados especializados en lesiones","description":"Abogados de lesiones personales en Duluth","publisher":{"@id":"https:\/\/slamdunkattorney.com\/#organization"},"alternateName":"Slam Dunk Attorney","inLanguage":"es"},{"@type":"Organization","@id":"https:\/\/slamdunkattorney.com\/#organization","name":"Abogado Slam Dunk","alternateName":"Slam Dunk","url":"https:\/\/slamdunkattorney.com\/","logo":{"@type":"ImageObject","inLanguage":"es","@id":"https:\/\/slamdunkattorney.com\/#\/schema\/logo\/image\/","url":"https:\/\/slamdunkattorney.com\/wp-content\/uploads\/2023\/05\/cropped-Logo.png","contentUrl":"https:\/\/slamdunkattorney.com\/wp-content\/uploads\/2023\/05\/cropped-Logo.png","width":1080,"height":240,"caption":"Slam Dunk Attorney"},"image":{"@id":"https:\/\/slamdunkattorney.com\/#\/schema\/logo\/image\/"},"sameAs":["https:\/\/www.facebook.com\/slamdunkattorneyinjurylawyers\/","https:\/\/x.com\/slamdunkattorney","https:\/\/www.instagram.com\/slamdunkattorney\/","https:\/\/www.youtube.com\/channel\/UCSrOiC7vOjlCi3UgtIVGNtw","https:\/\/www.linkedin.com\/company\/slamdunkattorneyinjurylawyers"]}]}},"yoast_meta":{"yoast_wpseo_title":"","yoast_wpseo_metadesc":"","yoast_wpseo_canonical":"https:\/\/slamdunkattorney.com\/es\/wp-json\/wp\/v2\/pages\/6030"},"_links":{"self":[{"href":"https:\/\/slamdunkattorney.com\/es\/wp-json\/wp\/v2\/pages\/6030","targetHints":{"allow":["GET"]}}],"collection":[{"href":"https:\/\/slamdunkattorney.com\/es\/wp-json\/wp\/v2\/pages"}],"about":[{"href":"https:\/\/slamdunkattorney.com\/es\/wp-json\/wp\/v2\/types\/page"}],"author":[{"embeddable":true,"href":"https:\/\/slamdunkattorney.com\/es\/wp-json\/wp\/v2\/users\/2"}],"replies":[{"embeddable":true,"href":"https:\/\/slamdunkattorney.com\/es\/wp-json\/wp\/v2\/comments?post=6030"}],"version-history":[{"count":0,"href":"https:\/\/slamdunkattorney.com\/es\/wp-json\/wp\/v2\/pages\/6030\/revisions"}],"up":[{"embeddable":true,"href":"https:\/\/slamdunkattorney.com\/es\/wp-json\/wp\/v2\/pages\/37"}],"wp:attachment":[{"href":"https:\/\/slamdunkattorney.com\/es\/wp-json\/wp\/v2\/media?parent=6030"}],"wp:term":[{"taxonomy":"extra-categories","embeddable":true,"href":"https:\/\/slamdunkattorney.com\/es\/wp-json\/wp\/v2\/extra-categories?post=6030"},{"taxonomy":"hc_faqs","embeddable":true,"href":"https:\/\/slamdunkattorney.com\/es\/wp-json\/wp\/v2\/hc_faqs?post=6030"}],"curies":[{"name":"wp","href":"https:\/\/api.w.org\/{rel}","templated":true}]}}