{"id":6029,"date":"2024-06-18T15:59:24","date_gmt":"2024-06-18T15:59:24","guid":{"rendered":"https:\/\/slamdunk.wpenginepowered.com\/?page_id=6029"},"modified":"2024-12-23T06:55:07","modified_gmt":"2024-12-23T06:55:07","slug":"duluth-negligent-security-lawyer-apartment-building-accidents","status":"publish","type":"page","link":"https:\/\/slamdunkattorney.com\/es\/duluth\/negligent-security-lawyer\/apartment-building-accidents\/","title":{"rendered":"Abogado especializado en accidentes en edificios de apartamentos en Duluth"},"content":{"rendered":"<p><span style=\"font-weight: 400;\">Los propietarios y administradores de apartamentos son responsables de garantizar la seguridad y protecci\u00f3n de sus inquilinos. La negligencia puede destruir estos aspectos de su hogar, caus\u00e1ndole da\u00f1os importantes si es v\u00edctima de un delito debido a la falta de seguridad. Las acciones penales permiten castigar a quienes cometen un delito, pero las acciones civiles le brindan una v\u00eda para obtener una indemnizaci\u00f3n por los da\u00f1os que haya sufrido como consecuencia de la negligencia en materia de seguridad.<\/span><\/p>\n<p><span style=\"font-weight: 400;\">Si sufre lesiones debido a condiciones peligrosas previsibles causadas por negligencia en materia de seguridad en un accidente en un edificio de apartamentos de Duluth, tiene el derecho legal de solicitar una indemnizaci\u00f3n. A <\/span><a href=\"https:\/\/slamdunkattorney.com\/es\/duluth\/negligent-security-lawyer\/\"><span style=\"font-weight: 400;\">Abogado especializado en negligencia en materia de seguridad en Duluth<\/span><\/a><span style=\"font-weight: 400;\"> en Slam Dunk Attorney<\/span><span style=\"font-weight: 400;\"> atiende a cada cliente con transparencia, proporcionando una comunicaci\u00f3n constante en los momentos dif\u00edciles de la vida en una demanda por responsabilidad civil en Duluth. Deje que un abogado de confianza <\/span><b>Abogado especializado en accidentes en edificios de apartamentos en Duluth<\/b><span style=\"font-weight: 400;\"> con nuestra firma le guiaremos a trav\u00e9s del proceso legal con integridad.\u00a0<\/span><\/p>\n<h2><span style=\"font-weight: 400;\">C\u00f3mo puede ayudarle un abogado especializado en accidentes en edificios de apartamentos en Duluth<\/span><\/h2>\n<p><span style=\"font-weight: 400;\">La parte perjudicada debe demostrar que las personas responsables de la seguridad de un edificio de apartamentos fueron negligentes a la hora de tomar las medidas adecuadas para garantizar la seguridad. En lugar de centrarse en su recuperaci\u00f3n, la parte perjudicada se enfrenta a la tarea legal de demostrar la negligencia. Trabajar con un <\/span><a href=\"https:\/\/slamdunkattorney.com\/es\/\"><span style=\"font-weight: 400;\">Abogado especializado en lesiones personales en Duluth<\/span><\/a><span style=\"font-weight: 400;\"> Para demostrar que la seguridad fue negligente, se ofrecen los siguientes servicios cuando m\u00e1s los necesita:<\/span><\/p>\n<ul>\n<li style=\"font-weight: 400;\" aria-level=\"1\"><span style=\"font-weight: 400;\">Documentar que no se cumpl\u00edan las normas de seguridad de un edificio de apartamentos.<\/span><\/li>\n<li style=\"font-weight: 400;\" aria-level=\"1\"><span style=\"font-weight: 400;\">Cumplimiento de los plazos legales para presentar acciones civiles.<\/span><\/li>\n<li style=\"font-weight: 400;\" aria-level=\"1\"><span style=\"font-weight: 400;\">Obtener fotos, registros telef\u00f3nicos, grabaciones de videovigilancia, testimonios de testigos y cualquier otra documentaci\u00f3n mediante la presentaci\u00f3n de las acciones legales oportunas.<\/span><\/li>\n<li style=\"font-weight: 400;\" aria-level=\"1\"><span style=\"font-weight: 400;\">Evaluaci\u00f3n exhaustiva de los da\u00f1os sufridos.<\/span><\/li>\n<li style=\"font-weight: 400;\" aria-level=\"1\"><span style=\"font-weight: 400;\">Actuar como mediador entre usted y la compa\u00f1\u00eda de seguros, al tiempo que se esfuerza por garantizar la indemnizaci\u00f3n que le corresponde mediante un acuerdo justo o en los tribunales.<\/span><\/li>\n<\/ul>\n<p><span style=\"font-weight: 400;\">Es posible que usted o el p\u00fablico no puedan acceder a la documentaci\u00f3n relativa a un accidente ocurrido en un edificio de apartamentos de Duluth sin emprender acciones legales. Dado que la documentaci\u00f3n suele estar controlada por los propietarios o administradores de un complejo de apartamentos, es fundamental para su caso tomar medidas inmediatas para asegurar estas pruebas. Descubra las <\/span><a href=\"https:\/\/slamdunkattorney.com\/es\/blog\/importance-of-personal-injury-lawyer-consultation\/\"><span style=\"font-weight: 400;\">Importancia de la consulta sobre lesiones personales<\/span><\/a><span style=\"font-weight: 400;\">.\u00a0<\/span><\/p>\n\n<div class=\"cta-container row align-items-center\">\n    <div class=\"col-md-7\">\n        <p class=\"cta-text rs-content-cta\">Orgullosos de servir a Duluth y a todo Georgia <span>\u00a1Cont\u00e1ctenos para comenzar su recuperaci\u00f3n!<\/span> <a href=\"https:\/\/slamdunkattorney.com\/es\/\">Explore nuestras \u00e1reas de pr\u00e1ctica<\/a><\/p>\n    <\/div>\n    <div class=\"col-md-5\">\n        <img decoding=\"async\" src=\"https:\/\/slamdunkattorney.com\/wp-content\/themes\/slam-dunk-rebuild\/assets\/app\/img\/map-cta.jpg\" alt=\"Legal Consultation\" class=\"img-fluid\"\/>\n    <\/div>\n<\/div><h2><span style=\"font-weight: 400;\">\u00bfPor qu\u00e9 elegirnos?<\/span><\/h2>\n<p><span style=\"font-weight: 400;\">En Slam Dunk Attorney, nuestra prioridad es su bienestar personal. Entendemos que la atenci\u00f3n que reciba despu\u00e9s de sufrir una lesi\u00f3n en un accidente en un edificio de apartamentos debido a una negligencia en materia de seguridad es fundamental para su recuperaci\u00f3n. Nos comprometemos a garantizarle cualquier posible compensaci\u00f3n econ\u00f3mica a la que tenga derecho por las enormes p\u00e9rdidas que ha sufrido, proporcion\u00e1ndole lo siguiente:<\/span><\/p>\n<ul>\n<li style=\"font-weight: 400;\" aria-level=\"1\"><span style=\"font-weight: 400;\">Comunicaci\u00f3n: Puede contar con informes de progreso constantes a lo largo de su caso.<\/span><\/li>\n<li style=\"font-weight: 400;\" aria-level=\"1\"><span style=\"font-weight: 400;\">Confianza: Nuestro objetivo es recuperar la confianza mediante el desarrollo de relaciones aut\u00e9nticas con los clientes.<\/span><\/li>\n<li style=\"font-weight: 400;\" aria-level=\"1\"><span style=\"font-weight: 400;\">Compasi\u00f3n: Vemos el sufrimiento de cada cliente, no solo la indemnizaci\u00f3n final.\u00a0<\/span><\/li>\n<li style=\"font-weight: 400;\" aria-level=\"1\"><span style=\"font-weight: 400;\">Experiencia: Aplicamos las leyes civiles de Georgia espec\u00edficamente a cada caso para buscar la indemnizaci\u00f3n m\u00e1s justa posible.<\/span><\/li>\n<\/ul>\n<p><span style=\"font-weight: 400;\">Nunca utilizamos el atractivo de victorias financieras pasadas para atraer a nuevos clientes. Somos transparentes en cuanto a la compensaci\u00f3n que usted puede recibir. M\u00e1s informaci\u00f3n <\/span><a href=\"https:\/\/slamdunkattorney.com\/es\/about-us\/\"><span style=\"font-weight: 400;\">qui\u00e9nes somos<\/span><\/a><span style=\"font-weight: 400;\"> y programe una evaluaci\u00f3n gratuita y sin compromiso de su caso con un <\/span><b><i>Abogado especializado en accidentes en edificios de apartamentos en Duluth<\/i><\/b><span style=\"font-weight: 400;\"> hoy en Slam Dunk Attorney.\u00a0<\/span><\/p>\n\n<div class=\"cta-container map-bg row align-items-center flex-md-row-reverse\">\n    <div class=\"col-md-6\">\n        <p class=\"cta-text rs-content-cta\">Abogado especializado en accidentes en edificios de apartamentos en Duluth cerca de m\u00ed <a href=\"tel:+14049513513\">404-951-3513<\/a><\/p>\n    <\/div>\n    <div class=\"col-md-6 col-bg\">\n    <\/div>\n<\/div><h2><span style=\"font-weight: 400;\">Ejemplos de seguridad negligente en accidentes en edificios de apartamentos en Duluth<\/span><\/h2>\n<p><span style=\"font-weight: 400;\">La base de las demandas por negligencia en materia de seguridad es que la prevenci\u00f3n de da\u00f1os o la reducci\u00f3n de la posibilidad de que se produjeran da\u00f1os era posible mediante acciones espec\u00edficas por parte del propietario o los administradores del inmueble. Cada residente o visitante de un edificio de apartamentos en Duluth tiene derecho a que se le preste la debida atenci\u00f3n, y el incumplimiento de estas obligaciones da lugar a negligencia, lo que provoca los da\u00f1os que usted ha sufrido. Entre los ejemplos de negligencia en un accidente en un edificio de apartamentos se pueden incluir:<\/span><\/p>\n<ul>\n<li style=\"font-weight: 400;\" aria-level=\"1\"><span style=\"font-weight: 400;\"><strong>Iluminaci\u00f3n deficiente o averiada<\/strong>Los estacionamientos, pasillos y escaleras con poca iluminaci\u00f3n o sin iluminaci\u00f3n proporcionan cobertura para acciones peligrosas contra las personas.<\/span><\/li>\n<li style=\"font-weight: 400;\" aria-level=\"1\"><span style=\"font-weight: 400;\"><strong>Cerraduras rotas y lectores de tarjetas<\/strong>Las puertas que permanecen sin cerrar o accesibles a personas que no tienen permiso para entrar en un local aprovechan estas deficiencias de seguridad que incumplen el deber de diligencia que se debe a los residentes.<\/span><\/li>\n<li style=\"font-weight: 400;\" aria-level=\"1\"><span style=\"font-weight: 400;\"><strong>Dispositivos de seguridad defectuosos<\/strong>Los gerentes y los equipos de seguridad pueden prevenir e identificar m\u00e1s f\u00e1cilmente las actividades delictivas cuando los sistemas de seguridad, incluidas las c\u00e1maras y las alarmas, funcionan correctamente.\u00a0<\/span><\/li>\n<li style=\"font-weight: 400;\" aria-level=\"1\"><span style=\"font-weight: 400;\"><strong>Verificaci\u00f3n de antecedentes inadecuada<\/strong>s: Las personas responsables de garantizar la seguridad y el cuidado de los residentes de los apartamentos de Duluth, como los administradores, los agentes de seguridad y los trabajadores de mantenimiento, deben ser sometidas a una verificaci\u00f3n de antecedentes penales para prevenir amenazas a la seguridad.\u00a0<\/span><\/li>\n<li style=\"font-weight: 400;\" aria-level=\"1\"><span style=\"font-weight: 400;\"><strong>D\u00e9ficits de entrenamiento<\/strong>Cada propiedad presenta retos de seguridad \u00fanicos, que requieren capacitaci\u00f3n y normas de seguridad prescritas para satisfacer las necesidades espec\u00edficas de seguridad de un edificio de apartamentos. Una capacitaci\u00f3n inadecuada puede dar lugar a tiempos de respuesta deficientes, amenazas de seguridad no detectadas y una falta de protocolo de seguridad.<\/span><\/li>\n<\/ul>\n<p><span style=\"font-weight: 400;\">La prueba de negligencia puede basarse en la teor\u00eda del conocimiento impl\u00edcito. Esta teor\u00eda demuestra que la parte responsable deber\u00eda haber comprendido la posibilidad de que se produjera un accidente en el edificio de apartamentos debido a una seguridad negligente, bas\u00e1ndose en incidentes similares ocurridos anteriormente en la propiedad o en sus proximidades. Demostrar que estos actos negligentes provocaron sus lesiones es complejo, pero puede lograrse mediante un <\/span><b>Abogado especializado en accidentes en edificios de apartamentos en Duluth<\/b><span style=\"font-weight: 400;\">.<\/span><\/p>\n\n<div class=\"cta-container row align-items-center\">\n    <div class=\"col-md-7\">\n        <p class=\"cta-text rs-content-cta\"><a class=\"no-btn\" href=\"https:\/\/slamdunkattorney.com\/es\/contact-us\/\">Haga clic para contactar<\/a> Nuestros abogados especializados en seguridad negligente en Duluth hoy mismo.<\/p>\n    <\/div>\n    <div class=\"col-md-5\">\n        <img decoding=\"async\" src=\"https:\/\/slamdunkattorney.com\/wp-content\/themes\/slam-dunk-rebuild\/assets\/app\/img\/map-cta.jpg\" alt=\"Contact Us\" class=\"img-fluid\"\/>\n    <\/div>\n<\/div><h2><span style=\"font-weight: 400;\">Da\u00f1os potenciales en un accidente en un edificio de apartamentos en Duluth<\/span><\/h2>\n<p><span style=\"font-weight: 400;\">En la mayor\u00eda de los casos, las personas tienen dos a\u00f1os para presentar una demanda civil por da\u00f1os y perjuicios en un accidente ocurrido en un departamento de Duluth, seg\u00fan <\/span><a href=\"http:\/\/ga.elaws.us\/law\/section9-3-33\" target=\"_blank\" rel=\"noopener\"><span style=\"font-weight: 400;\">O.C.G.A. \u00a7 9-3-33<\/span><\/a><span style=\"font-weight: 400;\">. Sin embargo, se permite un plazo m\u00ednimo de doce meses para notificar una <\/span><a href=\"http:\/\/ga.elaws.us\/law\/section50-21-26\" target=\"_blank\" rel=\"noopener\"><span style=\"font-weight: 400;\">demanda contra el Estado<\/span><\/a><span style=\"font-weight: 400;\">, y los gobiernos locales de las ciudades o pueblos conceden menos tiempo. Las v\u00edctimas de accidentes en edificios de apartamentos de Duluth menores de 18 a\u00f1os o que hayan sido declaradas legalmente incompetentes tambi\u00e9n tendr\u00e1n diferentes plazos para solicitar una indemnizaci\u00f3n en funci\u00f3n de su edad o de cu\u00e1ndo se determine que una persona es competente para los siguientes da\u00f1os:<\/span><\/p>\n<ul>\n<li style=\"font-weight: 400;\" aria-level=\"1\"><span style=\"font-weight: 400;\">Todos los gastos m\u00e9dicos relacionados con la atenci\u00f3n m\u00e9dica.<\/span><\/li>\n<li style=\"font-weight: 400;\" aria-level=\"1\"><span style=\"font-weight: 400;\">Salarios e ingresos perdidos<\/span><\/li>\n<li style=\"font-weight: 400;\" aria-level=\"1\"><span style=\"font-weight: 400;\">Dolor y sufrimiento\u00a0<\/span><\/li>\n<li style=\"font-weight: 400;\" aria-level=\"1\"><span style=\"font-weight: 400;\">Angustia emocional<\/span><\/li>\n<\/ul>\n<p><span style=\"font-weight: 400;\">Si no toma medidas dentro de los plazos legales, es posible que tenga que hacerse responsable de los da\u00f1os que sufra. Estos da\u00f1os pueden afectar su vida durante un tiempo indefinido. Obtener una indemnizaci\u00f3n justa puede servirle de protecci\u00f3n frente a graves p\u00e9rdidas econ\u00f3micas y deudas.\u00a0<\/span><\/p>\n\n<div class=\"cta-container map-bg row align-items-center flex-md-row-reverse\">\n    <div class=\"col-md-6\">\n        <p class=\"cta-text rs-content-cta\">Completa un <a href=\"https:\/\/slamdunkattorney.com\/es\/contact-us\/\">Formulario de evaluaci\u00f3n gratuita de su caso<\/a> ahora<\/p>\n    <\/div>\n    <div class=\"col-md-6 col-bg\">\n    <\/div>\n<\/div><h2><span style=\"font-weight: 400;\">P\u00f3ngase en contacto con un abogado especializado en accidentes en edificios de apartamentos en Duluth.<\/span><\/h2>\n<p><span style=\"font-weight: 400;\">Un <\/span><b>Abogado especializado en accidentes en edificios de apartamentos en Duluth<\/b><span style=\"font-weight: 400;\"> quiere ponerse en contacto con usted y proporcionarle los recursos necesarios para navegar por el proceso legal y buscar la compensaci\u00f3n que le corresponde por sus lesiones. Esperar para ponerse en contacto con Slam Dunk Attorney puede afectar su capacidad de obtener una compensaci\u00f3n. Programe una cita. <\/span><a href=\"https:\/\/slamdunkattorney.com\/es\/contact-us\/\"><span style=\"font-weight: 400;\">evaluaci\u00f3n gratuita del caso<\/span><\/a><span style=\"font-weight: 400;\"> lo m\u00e1s pronto posible.<\/span><\/p>\n\n<div class=\"cta-container row align-items-center\">\n    <div class=\"col-md-7\">\n        <p class=\"cta-text rs-content-cta\">Llame o env\u00ede un mensaje de texto <a class=\"no-btn\" href=\"tel:+14049513513\">404-951-3513<\/a> o completar un <a href=\"https:\/\/slamdunkattorney.com\/es\/contact-us\/\">Formulario de evaluaci\u00f3n gratuita de su caso<\/a><\/p>\n    <\/div>\n    <div class=\"col-md-5\">\n        <img decoding=\"async\" src=\"https:\/\/slamdunkattorney.com\/wp-content\/themes\/slam-dunk-rebuild\/assets\/app\/img\/map-cta.jpg\" alt=\"Call or Text\" class=\"img-fluid\"\/>\n    <\/div>\n<\/div>","protected":false},"excerpt":{"rendered":"<p>Apartment property owners and managers are responsible for providing for their renters\u2019 safety and security. Negligence can destroy these aspects of your home, leaving you with significant damages if you are victimized due to a lack of security. Criminal action allows those committing a crime to be punished, but civil action provides an avenue to &#8230;<\/p>","protected":false},"author":2,"featured_media":0,"parent":5908,"menu_order":0,"comment_status":"closed","ping_status":"closed","template":"","meta":{"_acf_changed":false,"_genesis_hide_title":false,"_genesis_hide_breadcrumbs":false,"_genesis_hide_singular_image":false,"_genesis_hide_footer_widgets":false,"_genesis_custom_body_class":"","_genesis_custom_post_class":"","_genesis_layout":"","ngg_post_thumbnail":0,"footnotes":""},"extra-categories":[],"hc_faqs":[],"class_list":{"0":"post-6029","1":"page","2":"type-page","3":"status-publish","5":"hc_city_location-duluth","6":"entry"},"acf":[],"yoast_head":"<!-- This site is optimized with the Yoast SEO plugin v27.3 - https:\/\/yoast.com\/product\/yoast-seo-wordpress\/ -->\n<title>Apartment Building Accident Lawyer in Duluth | Free Consultations<\/title>\n<meta name=\"description\" content=\"Duluth Apartment Building Accident Lawyer: Slam Dunk Attorney has helped thousands of Georgia clients. No Win, No Fee.\" \/>\n<meta name=\"robots\" content=\"index, follow, max-snippet:-1, max-image-preview:large, max-video-preview:-1\" \/>\n<link rel=\"canonical\" href=\"https:\/\/slamdunkattorney.com\/es\/duluth\/negligent-security-lawyer\/apartment-building-accidents\/\" \/>\n<meta property=\"og:locale\" content=\"es_MX\" \/>\n<meta property=\"og:type\" content=\"article\" \/>\n<meta property=\"og:title\" content=\"Apartment Building Accident Lawyer in Duluth | Free Consultations\" \/>\n<meta property=\"og:description\" content=\"Duluth Apartment Building Accident Lawyer: Slam Dunk Attorney has helped thousands of Georgia clients. No Win, No Fee.\" \/>\n<meta property=\"og:url\" content=\"https:\/\/slamdunkattorney.com\/es\/duluth\/negligent-security-lawyer\/apartment-building-accidents\/\" \/>\n<meta property=\"og:site_name\" content=\"Slam Dunk Attorney | Injury Lawyers\" \/>\n<meta property=\"article:publisher\" content=\"https:\/\/www.facebook.com\/slamdunkattorneyinjurylawyers\/\" \/>\n<meta property=\"article:modified_time\" content=\"2024-12-23T06:55:07+00:00\" \/>\n<meta property=\"og:image\" content=\"https:\/\/slamdunkattorney.com\/wp-content\/uploads\/2023\/05\/cropped-Logo.png\" \/>\n\t<meta property=\"og:image:width\" content=\"1080\" \/>\n\t<meta property=\"og:image:height\" content=\"240\" \/>\n\t<meta property=\"og:image:type\" content=\"image\/png\" \/>\n<meta name=\"twitter:card\" content=\"summary_large_image\" \/>\n<meta name=\"twitter:site\" content=\"@slamdunkattorney\" \/>\n<meta name=\"twitter:label1\" content=\"Est. reading time\" \/>\n\t<meta name=\"twitter:data1\" content=\"5 minutos\" \/>\n<script type=\"application\/ld+json\" class=\"yoast-schema-graph\">{\"@context\":\"https:\\\/\\\/schema.org\",\"@graph\":[{\"@type\":\"WebPage\",\"@id\":\"https:\\\/\\\/slamdunkattorney.com\\\/duluth\\\/negligent-security-lawyer\\\/apartment-building-accidents\\\/\",\"url\":\"https:\\\/\\\/slamdunkattorney.com\\\/duluth\\\/negligent-security-lawyer\\\/apartment-building-accidents\\\/\",\"name\":\"Apartment Building Accident Lawyer in Duluth | Free Consultations\",\"isPartOf\":{\"@id\":\"https:\\\/\\\/slamdunkattorney.com\\\/#website\"},\"datePublished\":\"2024-06-18T15:59:24+00:00\",\"dateModified\":\"2024-12-23T06:55:07+00:00\",\"description\":\"Duluth Apartment Building Accident Lawyer: Slam Dunk Attorney has helped thousands of Georgia clients. No Win, No Fee.\",\"breadcrumb\":{\"@id\":\"https:\\\/\\\/slamdunkattorney.com\\\/duluth\\\/negligent-security-lawyer\\\/apartment-building-accidents\\\/#breadcrumb\"},\"inLanguage\":\"es\",\"potentialAction\":[{\"@type\":\"ReadAction\",\"target\":[\"https:\\\/\\\/slamdunkattorney.com\\\/duluth\\\/negligent-security-lawyer\\\/apartment-building-accidents\\\/\"]}]},{\"@type\":\"BreadcrumbList\",\"@id\":\"https:\\\/\\\/slamdunkattorney.com\\\/duluth\\\/negligent-security-lawyer\\\/apartment-building-accidents\\\/#breadcrumb\",\"itemListElement\":[{\"@type\":\"ListItem\",\"position\":1,\"name\":\"Home\",\"item\":\"https:\\\/\\\/slamdunkattorney.com\\\/\"},{\"@type\":\"ListItem\",\"position\":2,\"name\":\"Duluth, GA Personal Injury Lawyer\",\"item\":\"https:\\\/\\\/slamdunkattorney.com\\\/\"},{\"@type\":\"ListItem\",\"position\":3,\"name\":\"Duluth Negligent Security Lawyer\",\"item\":\"https:\\\/\\\/slamdunkattorney.com\\\/duluth\\\/negligent-security-lawyer\\\/\"},{\"@type\":\"ListItem\",\"position\":4,\"name\":\"Apartment Building Accident\"}]},{\"@type\":\"WebSite\",\"@id\":\"https:\\\/\\\/slamdunkattorney.com\\\/#website\",\"url\":\"https:\\\/\\\/slamdunkattorney.com\\\/\",\"name\":\"Slam Dunk Attorney | Injury Lawyers\",\"description\":\"Duluth Personal Injury Lawyers\",\"publisher\":{\"@id\":\"https:\\\/\\\/slamdunkattorney.com\\\/#organization\"},\"alternateName\":\"Slam Dunk Attorney\",\"inLanguage\":\"es\"},{\"@type\":\"Organization\",\"@id\":\"https:\\\/\\\/slamdunkattorney.com\\\/#organization\",\"name\":\"Slam Dunk Attorney\",\"alternateName\":\"Slam Dunk\",\"url\":\"https:\\\/\\\/slamdunkattorney.com\\\/\",\"logo\":{\"@type\":\"ImageObject\",\"inLanguage\":\"es\",\"@id\":\"https:\\\/\\\/slamdunkattorney.com\\\/#\\\/schema\\\/logo\\\/image\\\/\",\"url\":\"https:\\\/\\\/slamdunkattorney.com\\\/wp-content\\\/uploads\\\/2023\\\/05\\\/cropped-Logo.png\",\"contentUrl\":\"https:\\\/\\\/slamdunkattorney.com\\\/wp-content\\\/uploads\\\/2023\\\/05\\\/cropped-Logo.png\",\"width\":1080,\"height\":240,\"caption\":\"Slam Dunk Attorney\"},\"image\":{\"@id\":\"https:\\\/\\\/slamdunkattorney.com\\\/#\\\/schema\\\/logo\\\/image\\\/\"},\"sameAs\":[\"https:\\\/\\\/www.facebook.com\\\/slamdunkattorneyinjurylawyers\\\/\",\"https:\\\/\\\/x.com\\\/slamdunkattorney\",\"https:\\\/\\\/www.instagram.com\\\/slamdunkattorney\\\/\",\"https:\\\/\\\/www.youtube.com\\\/channel\\\/UCSrOiC7vOjlCi3UgtIVGNtw\",\"https:\\\/\\\/www.linkedin.com\\\/company\\\/slamdunkattorneyinjurylawyers\"]}]}<\/script>\n<!-- \/ Yoast SEO plugin. -->","yoast_head_json":{"title":"Apartment Building Accident Lawyer in Duluth | Free Consultations","description":"Duluth Apartment Building Accident Lawyer: Slam Dunk Attorney has helped thousands of Georgia clients. No Win, No Fee.","robots":{"index":"index","follow":"follow","max-snippet":"max-snippet:-1","max-image-preview":"max-image-preview:large","max-video-preview":"max-video-preview:-1"},"canonical":"https:\/\/slamdunkattorney.com\/es\/duluth\/negligent-security-lawyer\/apartment-building-accidents\/","og_locale":"es_MX","og_type":"article","og_title":"Apartment Building Accident Lawyer in Duluth | Free Consultations","og_description":"Duluth Apartment Building Accident Lawyer: Slam Dunk Attorney has helped thousands of Georgia clients. No Win, No Fee.","og_url":"https:\/\/slamdunkattorney.com\/es\/duluth\/negligent-security-lawyer\/apartment-building-accidents\/","og_site_name":"Slam Dunk Attorney | Injury Lawyers","article_publisher":"https:\/\/www.facebook.com\/slamdunkattorneyinjurylawyers\/","article_modified_time":"2024-12-23T06:55:07+00:00","og_image":[{"width":1080,"height":240,"url":"https:\/\/slamdunkattorney.com\/wp-content\/uploads\/2023\/05\/cropped-Logo.png","type":"image\/png"}],"twitter_card":"summary_large_image","twitter_site":"@slamdunkattorney","twitter_misc":{"Est. reading time":"5 minutos"},"schema":{"@context":"https:\/\/schema.org","@graph":[{"@type":"WebPage","@id":"https:\/\/slamdunkattorney.com\/duluth\/negligent-security-lawyer\/apartment-building-accidents\/","url":"https:\/\/slamdunkattorney.com\/duluth\/negligent-security-lawyer\/apartment-building-accidents\/","name":"Apartment Building Accident Lawyer in Duluth | Free Consultations","isPartOf":{"@id":"https:\/\/slamdunkattorney.com\/#website"},"datePublished":"2024-06-18T15:59:24+00:00","dateModified":"2024-12-23T06:55:07+00:00","description":"Duluth Apartment Building Accident Lawyer: Slam Dunk Attorney has helped thousands of Georgia clients. No Win, No Fee.","breadcrumb":{"@id":"https:\/\/slamdunkattorney.com\/duluth\/negligent-security-lawyer\/apartment-building-accidents\/#breadcrumb"},"inLanguage":"es","potentialAction":[{"@type":"ReadAction","target":["https:\/\/slamdunkattorney.com\/duluth\/negligent-security-lawyer\/apartment-building-accidents\/"]}]},{"@type":"BreadcrumbList","@id":"https:\/\/slamdunkattorney.com\/duluth\/negligent-security-lawyer\/apartment-building-accidents\/#breadcrumb","itemListElement":[{"@type":"ListItem","position":1,"name":"Home","item":"https:\/\/slamdunkattorney.com\/"},{"@type":"ListItem","position":2,"name":"Duluth, GA Personal Injury Lawyer","item":"https:\/\/slamdunkattorney.com\/"},{"@type":"ListItem","position":3,"name":"Duluth Negligent Security Lawyer","item":"https:\/\/slamdunkattorney.com\/duluth\/negligent-security-lawyer\/"},{"@type":"ListItem","position":4,"name":"Apartment Building Accident"}]},{"@type":"WebSite","@id":"https:\/\/slamdunkattorney.com\/#website","url":"https:\/\/slamdunkattorney.com\/","name":"Abogado experto en lesiones | Abogados especializados en lesiones","description":"Abogados de lesiones personales en Duluth","publisher":{"@id":"https:\/\/slamdunkattorney.com\/#organization"},"alternateName":"Slam Dunk Attorney","inLanguage":"es"},{"@type":"Organization","@id":"https:\/\/slamdunkattorney.com\/#organization","name":"Abogado Slam Dunk","alternateName":"Slam Dunk","url":"https:\/\/slamdunkattorney.com\/","logo":{"@type":"ImageObject","inLanguage":"es","@id":"https:\/\/slamdunkattorney.com\/#\/schema\/logo\/image\/","url":"https:\/\/slamdunkattorney.com\/wp-content\/uploads\/2023\/05\/cropped-Logo.png","contentUrl":"https:\/\/slamdunkattorney.com\/wp-content\/uploads\/2023\/05\/cropped-Logo.png","width":1080,"height":240,"caption":"Slam Dunk Attorney"},"image":{"@id":"https:\/\/slamdunkattorney.com\/#\/schema\/logo\/image\/"},"sameAs":["https:\/\/www.facebook.com\/slamdunkattorneyinjurylawyers\/","https:\/\/x.com\/slamdunkattorney","https:\/\/www.instagram.com\/slamdunkattorney\/","https:\/\/www.youtube.com\/channel\/UCSrOiC7vOjlCi3UgtIVGNtw","https:\/\/www.linkedin.com\/company\/slamdunkattorneyinjurylawyers"]}]}},"yoast_meta":{"yoast_wpseo_title":"","yoast_wpseo_metadesc":"","yoast_wpseo_canonical":"https:\/\/slamdunkattorney.com\/es\/wp-json\/wp\/v2\/pages\/6029"},"_links":{"self":[{"href":"https:\/\/slamdunkattorney.com\/es\/wp-json\/wp\/v2\/pages\/6029","targetHints":{"allow":["GET"]}}],"collection":[{"href":"https:\/\/slamdunkattorney.com\/es\/wp-json\/wp\/v2\/pages"}],"about":[{"href":"https:\/\/slamdunkattorney.com\/es\/wp-json\/wp\/v2\/types\/page"}],"author":[{"embeddable":true,"href":"https:\/\/slamdunkattorney.com\/es\/wp-json\/wp\/v2\/users\/2"}],"replies":[{"embeddable":true,"href":"https:\/\/slamdunkattorney.com\/es\/wp-json\/wp\/v2\/comments?post=6029"}],"version-history":[{"count":0,"href":"https:\/\/slamdunkattorney.com\/es\/wp-json\/wp\/v2\/pages\/6029\/revisions"}],"up":[{"embeddable":true,"href":"https:\/\/slamdunkattorney.com\/es\/wp-json\/wp\/v2\/pages\/5908"}],"wp:attachment":[{"href":"https:\/\/slamdunkattorney.com\/es\/wp-json\/wp\/v2\/media?parent=6029"}],"wp:term":[{"taxonomy":"extra-categories","embeddable":true,"href":"https:\/\/slamdunkattorney.com\/es\/wp-json\/wp\/v2\/extra-categories?post=6029"},{"taxonomy":"hc_faqs","embeddable":true,"href":"https:\/\/slamdunkattorney.com\/es\/wp-json\/wp\/v2\/hc_faqs?post=6029"}],"curies":[{"name":"wp","href":"https:\/\/api.w.org\/{rel}","templated":true}]}}