{"id":6028,"date":"2024-06-18T15:53:57","date_gmt":"2024-06-18T15:53:57","guid":{"rendered":"https:\/\/slamdunk.wpenginepowered.com\/?page_id=6028"},"modified":"2026-04-10T19:01:17","modified_gmt":"2026-04-10T19:01:17","slug":"duluth-premises-liability-lawyer","status":"publish","type":"page","link":"https:\/\/slamdunkattorney.com\/es\/duluth\/premises-liability-lawyer\/","title":{"rendered":"Abogado especializado en responsabilidad civil inmobiliaria en Duluth"},"content":{"rendered":"<p><span style=\"font-weight: 400;\">Cuando visitas la propiedad de otra persona, ya sea una tienda, un edificio de oficinas o una residencia privada, tienes derecho a esperar un entorno razonablemente seguro. Los propietarios tienen la obligaci\u00f3n legal de mantener sus instalaciones y solucionar cualquier condici\u00f3n peligrosa que pueda causar da\u00f1os a los visitantes. Si has sufrido lesiones debido a la negligencia del propietario, es posible que tengas motivos para presentar una demanda por responsabilidad civil que puedes interponer ante un <\/span><b>Abogado especializado en responsabilidad civil inmobiliaria en Duluth<\/b><span style=\"font-weight: 400;\">.<\/span><\/p>\n<p><span style=\"font-weight: 400;\">Estos casos pueden presentar complejidades y retos a la hora de obtener una indemnizaci\u00f3n justa. Sin embargo, nunca debe permitir que esto le impida obtener una posible compensaci\u00f3n por lo que ha sufrido. A <\/span><a href=\"https:\/\/slamdunkattorney.com\/es\/\"><span style=\"font-weight: 400;\">Abogado especializado en lesiones personales en Duluth<\/span><\/a><span style=\"font-weight: 400;\"> puede orientarle sobre los pasos que debe seguir.<\/span><\/p>\n<h2><span style=\"font-weight: 400;\">Definici\u00f3n legal de responsabilidad civil por las instalaciones en Georgia<\/span><\/h2>\n<p><span style=\"font-weight: 400;\">Seg\u00fan el <\/span><a href=\"https:\/\/www.legis.ga.gov\/api\/legislation\/document\/20232024\/214765\" target=\"_blank\" rel=\"noopener\"><span style=\"font-weight: 400;\">Legislatura de Georgia<\/span><\/a><span style=\"font-weight: 400;\">, La responsabilidad civil por las instalaciones se refiere a la obligaci\u00f3n legal del propietario de mantener un entorno seguro para los visitantes y advertir de cualquier peligro conocido. Esta obligaci\u00f3n de diligencia se extiende a los invitados, que son personas invitadas expl\u00edcita o impl\u00edcitamente a la propiedad en beneficio del propietario, como los clientes de una tienda. Los propietarios tambi\u00e9n tienen una obligaci\u00f3n de diligencia hacia los licenciatarios, que entran en la propiedad para sus propios fines con el consentimiento del propietario.<\/span><\/p>\n<p><span style=\"font-weight: 400;\">Sin embargo, el nivel de cuidado que se debe a los intrusos que entran en la propiedad sin permiso es generalmente menor. Los propietarios no est\u00e1n obligados a garantizar la seguridad de los intrusos adultos, pero deben abstenerse de causarles da\u00f1o de forma deliberada. Los propietarios pueden ser responsables, en virtud de la doctrina de la molestia atractiva, de los ni\u00f1os intrusos si no protegen los elementos peligrosos que podr\u00edan atraer a los ni\u00f1os a entrar en la propiedad.<\/span><\/p>\n<p><span style=\"font-weight: 400;\">Debe demostrar que el propietario ten\u00eda conocimiento real o impl\u00edcito de la condici\u00f3n peligrosa. Esto significa que deber\u00e1 demostrar que no tom\u00f3 las medidas razonables para solucionarla y que esta negligencia caus\u00f3 directamente sus lesiones. Un abogado puede evaluar su caso y ayudarle a comprender sus opciones legales.<\/span><\/p>\n\n<div class=\"cta-container row align-items-center\">\n    <div class=\"col-md-7\">\n        <p class=\"cta-text rs-content-cta\">Orgullosos de servir a Duluth y a todo Georgia <span>\u00a1Cont\u00e1ctenos para comenzar su recuperaci\u00f3n!<\/span> <a href=\"https:\/\/slamdunkattorney.com\/es\/\">Explore nuestras \u00e1reas de pr\u00e1ctica<\/a><\/p>\n    <\/div>\n    <div class=\"col-md-5\">\n        <img decoding=\"async\" src=\"https:\/\/slamdunkattorney.com\/wp-content\/themes\/slam-dunk-rebuild\/assets\/app\/img\/map-cta.jpg\" alt=\"Legal Consultation\" class=\"img-fluid\"\/>\n    <\/div>\n<\/div><h2><span style=\"font-weight: 400;\">Tipos comunes de casos de responsabilidad civil por las instalaciones<\/span><\/h2>\n<p><span style=\"font-weight: 400;\">Los casos de responsabilidad civil por las instalaciones cubren varios tipos de accidentes y lesiones que se producen en la propiedad de otra persona. Algunos de los tipos m\u00e1s comunes de reclamaciones por responsabilidad civil por las instalaciones incluyen:<\/span><\/p>\n<ul>\n<li style=\"font-weight: 400;\"><span style=\"font-weight: 400;\">Accidentes por resbalones y ca\u00eddas debido a pisos mojados, superficies irregulares o iluminaci\u00f3n inadecuada.<\/span><\/li>\n<li style=\"font-weight: 400;\"><span style=\"font-weight: 400;\">Accidentes por tropiezos y ca\u00eddas causados por obst\u00e1culos, pisos da\u00f1ados o peligros sin reparar.<\/span><\/li>\n<li style=\"font-weight: 400;\"><span style=\"font-weight: 400;\">Accidentes en ascensores y escaleras mec\u00e1nicas como consecuencia de fallos de funcionamiento o un mantenimiento deficiente.<\/span><\/li>\n<li style=\"font-weight: 400;\"><span style=\"font-weight: 400;\">Accidentes en piscinas, incluyendo ahogamientos y lesiones por buceo.<\/span><\/li>\n<li style=\"font-weight: 400;\"><span style=\"font-weight: 400;\">La seguridad inadecuada conduce a agresiones o robos.<\/span><\/li>\n<li style=\"font-weight: 400;\"><span style=\"font-weight: 400;\">Mordeduras de perro o ataques de animales en la propiedad del due\u00f1o.<\/span><\/li>\n<\/ul>\n<p><span style=\"font-weight: 400;\">Estos incidentes pueden provocar lesiones graves. Algunas de ellas son fracturas, da\u00f1os en la m\u00e9dula espinal, lesiones cerebrales traum\u00e1ticas e incluso muerte por negligencia. Si ha sufrido lesiones debido a la negligencia del propietario de un inmueble, consulte con un <\/span><b>Abogado especializado en responsabilidad civil inmobiliaria en Duluth<\/b><span style=\"font-weight: 400;\"> que puede ayudarle a obtener la indemnizaci\u00f3n que se merece.<\/span><\/p>\n\n<div class=\"cta-container map-bg row align-items-center flex-md-row-reverse\">\n    <div class=\"col-md-6\">\n        <p class=\"cta-text rs-content-cta\">Abogado especializado en responsabilidad civil inmobiliaria cerca de m\u00ed en Duluth <a href=\"tel:+14049513513\">404-951-3513<\/a><\/p>\n    <\/div>\n    <div class=\"col-md-6 col-bg\">\n    <\/div>\n<\/div><h2><span style=\"font-weight: 400;\">Tipos de da\u00f1os potenciales que puede reclamar<\/span><\/h2>\n<p><span style=\"font-weight: 400;\">En un caso exitoso de responsabilidad civil por las instalaciones, usted puede tener derecho a varios tipos de indemnizaciones. El resultado depender\u00e1 de la gravedad de sus lesiones y del impacto que estas hayan tenido en su vida. Estas indemnizaciones pueden incluir:<\/span><\/p>\n<ul>\n<li style=\"font-weight: 400;\"><span style=\"font-weight: 400;\">Gastos m\u00e9dicos, incluyendo facturas hospitalarias, costos de cirug\u00eda y tratamiento continuo.<\/span><\/li>\n<li style=\"font-weight: 400;\"><span style=\"font-weight: 400;\">Salarios perdidos y capacidad futura de generar ingresos si la lesi\u00f3n le impide trabajar.<\/span><\/li>\n<li style=\"font-weight: 400;\"><span style=\"font-weight: 400;\">Dolor y sufrimiento, tanto f\u00edsico como emocional.<\/span><\/li>\n<li style=\"font-weight: 400;\"><span style=\"font-weight: 400;\">Discapacidad o desfiguraci\u00f3n<\/span><\/li>\n<li style=\"font-weight: 400;\"><span style=\"font-weight: 400;\">P\u00e9rdida del disfrute de la vida<\/span><\/li>\n<\/ul>\n<p><span style=\"font-weight: 400;\">Indemnizaci\u00f3n por muerte por negligencia para la familia de una v\u00edctima que falleci\u00f3 debido a la negligencia del propietario del inmueble.<\/span><\/p>\n<p><span style=\"font-weight: 400;\">Calcular el alcance total de sus da\u00f1os puede ser complejo. Esto es especialmente cierto cuando se tienen en cuenta las necesidades m\u00e9dicas futuras y la p\u00e9rdida de ingresos potenciales. Un abogado puede ayudarle a evaluar el valor real de su reclamaci\u00f3n y luchar por la m\u00e1xima indemnizaci\u00f3n que le corresponde.<\/span><\/p>\n\n<div class=\"cta-container row align-items-center\">\n    <div class=\"col-md-7\">\n        <p class=\"cta-text rs-content-cta\"><a class=\"no-btn\" href=\"https:\/\/slamdunkattorney.com\/es\/contact-us\/\">Haga clic para contactar<\/a> Nuestros abogados especializados en lesiones personales en Duluth, Georgia, hoy mismo.<\/p>\n    <\/div>\n    <div class=\"col-md-5\">\n        <img decoding=\"async\" src=\"https:\/\/slamdunkattorney.com\/wp-content\/themes\/slam-dunk-rebuild\/assets\/app\/img\/map-cta.jpg\" alt=\"Contact Us\" class=\"img-fluid\"\/>\n    <\/div>\n<\/div><h2><span style=\"font-weight: 400;\">Retos a los que puede enfrentarse en su caso de responsabilidad civil por las instalaciones<\/span><\/h2>\n<p><span style=\"font-weight: 400;\">Aunque los casos de responsabilidad civil por las instalaciones pueden parecer sencillos, las v\u00edctimas lesionadas suelen enfrentarse a importantes retos a la hora de reclamar una indemnizaci\u00f3n a los propietarios y a sus compa\u00f1\u00edas de seguros. Un problema habitual es que el propietario niegue tener conocimiento de la situaci\u00f3n de peligro o afirme que tom\u00f3 las medidas razonables para solucionarla. Tambi\u00e9n puede argumentar que la v\u00edctima fue parcial o totalmente responsable del accidente, con el fin de reducir o eliminar su responsabilidad.<\/span><\/p>\n<p><span style=\"font-weight: 400;\">Las compa\u00f1\u00edas de seguros tambi\u00e9n son conocidas por emplear t\u00e1cticas para minimizar los pagos. A menudo ofrecen acuerdos iniciales bajos o alargan el proceso de reclamaci\u00f3n con la esperanza de que la v\u00edctima acepte una cantidad menor. Un abogado especializado en responsabilidad civil de Duluth puede ayudarle a navegar por el <\/span><a href=\"https:\/\/slamdunkattorney.com\/es\/blog\/navigating-the-timeline-of-personal-injury-insurance-claims\/\"><span style=\"font-weight: 400;\">Cronolog\u00eda de las reclamaciones por da\u00f1os personales<\/span><\/a><span style=\"font-weight: 400;\">.&nbsp;<\/span><\/p>\n<p><span style=\"font-weight: 400;\">Para superar estos retos, es conveniente contar con la ayuda de un abogado que pueda reunir pruebas s\u00f3lidas y negociar eficazmente con las compa\u00f1\u00edas de seguros. Es fundamental presentar un caso convincente ante los tribunales si es necesario. Su abogado ser\u00e1 su defensor durante todo el proceso, garantizando que se protejan sus derechos y que tenga las mejores posibilidades de obtener la indemnizaci\u00f3n que necesita para seguir adelante.<\/span><\/p>\n\n<div class=\"cta-container map-bg row align-items-center flex-md-row-reverse\">\n    <div class=\"col-md-6\">\n        <p class=\"cta-text rs-content-cta\">Completa un <a href=\"https:\/\/slamdunkattorney.com\/es\/contact-us\/\">Formulario de evaluaci\u00f3n gratuita de su caso<\/a> ahora<\/p>\n    <\/div>\n    <div class=\"col-md-6 col-bg\">\n    <\/div>\n<\/div><h2><span style=\"font-weight: 400;\">C\u00f3mo demostrar que el propietario fue el culpable<\/span><\/h2>\n<p><span style=\"font-weight: 400;\">Para poder ganar una demanda por responsabilidad civil inmobiliaria, debe demostrar que el propietario fue negligente al no mantener un entorno seguro o al no advertir de los peligros conocidos. Para ello, es necesario reunir pruebas que respalden su caso. Las pruebas pueden incluir fotos del accidente, declaraciones de testigos y registros m\u00e9dicos que documenten sus lesiones.<\/span><\/p>\n<p><span style=\"font-weight: 400;\">Tu <\/span><b>Abogado especializado en responsabilidad civil inmobiliaria en Duluth<\/b><span style=\"font-weight: 400;\"> Tambi\u00e9n investigar\u00e1 las acciones del propietario que condujeron al accidente. Esto es importante para determinar si ha recibido quejas previas sobre la condici\u00f3n peligrosa o si no ha realizado inspecciones peri\u00f3dicas. En algunos casos, puede ser necesario el testimonio de un experto para establecer el grado de negligencia del propietario y la relaci\u00f3n causal entre sus acciones y sus lesiones.<\/span><\/p>\n<p><span style=\"font-weight: 400;\">Es importante actuar r\u00e1pidamente despu\u00e9s de un accidente de responsabilidad civil en un local. Las pruebas pueden desaparecer y no siempre es posible obtenerlas a medida que pasa el tiempo. Al ponerse en contacto con un abogado lo antes posible, puede asegurarse de que su caso se investigue adecuadamente y de que sus derechos est\u00e9n protegidos durante todo el proceso legal.<\/span><\/p>\n<h2><span style=\"font-weight: 400;\">P\u00f3ngase en contacto hoy mismo con un abogado especializado en responsabilidad civil inmobiliaria en Duluth.<\/span><\/h2>\n<p><span style=\"font-weight: 400;\">No permita que la negligencia del propietario quede impune sin hacer todo lo posible por obtener una indemnizaci\u00f3n por los da\u00f1os y perjuicios. Con nuestro equipo de abogados Slam Dunk a su lado, sabr\u00e1 lo que debe hacer en cada paso del proceso. Cont\u00e1ctenos hoy mismo para comenzar con un <\/span><a href=\"https:\/\/slamdunkattorney.com\/es\/contact-us\/\"><span style=\"font-weight: 400;\">consulta gratuita<\/span><\/a><span style=\"font-weight: 400;\">.<\/span><\/p>\n\n<div class=\"cta-container row align-items-center\">\n    <div class=\"col-md-7\">\n        <p class=\"cta-text rs-content-cta\">Llame o env\u00ede un mensaje de texto <a class=\"no-btn\" href=\"tel:+14049513513\">404-951-3513<\/a> o completar un <a href=\"https:\/\/slamdunkattorney.com\/es\/contact-us\/\">Formulario de evaluaci\u00f3n gratuita de su caso<\/a><\/p>\n    <\/div>\n    <div class=\"col-md-5\">\n        <img decoding=\"async\" src=\"https:\/\/slamdunkattorney.com\/wp-content\/themes\/slam-dunk-rebuild\/assets\/app\/img\/map-cta.jpg\" alt=\"Call or Text\" class=\"img-fluid\"\/>\n    <\/div>\n<\/div>","protected":false},"excerpt":{"rendered":"<p>When you visit someone else\u2019s property, whether it\u2019s a store, office building, or private residence, you have the right to expect a reasonably safe environment. Property owners have a legal duty to maintain their premises and address any hazardous conditions that could cause harm to visitors. If you\u2019ve been injured due to a property owner\u2019s &#8230;<\/p>","protected":false},"author":2,"featured_media":39875,"parent":22,"menu_order":0,"comment_status":"closed","ping_status":"closed","template":"","meta":{"_acf_changed":false,"_genesis_hide_title":false,"_genesis_hide_breadcrumbs":false,"_genesis_hide_singular_image":false,"_genesis_hide_footer_widgets":false,"_genesis_custom_body_class":"","_genesis_custom_post_class":"","_genesis_layout":"","ngg_post_thumbnail":0,"footnotes":""},"extra-categories":[65],"hc_faqs":[],"class_list":{"0":"post-6028","1":"page","2":"type-page","3":"status-publish","4":"has-post-thumbnail","6":"extra-categories-featured-practices","7":"hc_city_location-duluth","8":"entry"},"acf":[],"yoast_head":"<!-- This site is optimized with the Yoast SEO plugin v27.3 - https:\/\/yoast.com\/product\/yoast-seo-wordpress\/ -->\n<title>Duluth Premises Liability Lawyer | Free Consultations<\/title>\n<meta name=\"description\" content=\"Duluth Premises Liability Lawyer: Slam Dunk Attorney has helped thousands of Georgia clients. No Win, No Fee.\" \/>\n<meta name=\"robots\" content=\"index, follow, max-snippet:-1, max-image-preview:large, max-video-preview:-1\" \/>\n<link rel=\"canonical\" href=\"https:\/\/slamdunkattorney.com\/es\/duluth\/premises-liability-lawyer\/\" \/>\n<meta property=\"og:locale\" content=\"es_MX\" \/>\n<meta property=\"og:type\" content=\"article\" \/>\n<meta property=\"og:title\" content=\"Duluth Premises Liability Lawyer | Free Consultations\" \/>\n<meta property=\"og:description\" content=\"Duluth Premises Liability Lawyer: Slam Dunk Attorney has helped thousands of Georgia clients. No Win, No Fee.\" \/>\n<meta property=\"og:url\" content=\"https:\/\/slamdunkattorney.com\/es\/duluth\/premises-liability-lawyer\/\" \/>\n<meta property=\"og:site_name\" content=\"Slam Dunk Attorney | Injury Lawyers\" \/>\n<meta property=\"article:publisher\" content=\"https:\/\/www.facebook.com\/slamdunkattorneyinjurylawyers\/\" \/>\n<meta property=\"article:modified_time\" content=\"2026-04-10T19:01:17+00:00\" \/>\n<meta property=\"og:image\" content=\"https:\/\/slamdunkattorney.com\/wp-content\/uploads\/2026\/01\/Premises-Liability.webp\" \/>\n\t<meta property=\"og:image:width\" content=\"300\" \/>\n\t<meta property=\"og:image:height\" content=\"226\" \/>\n\t<meta property=\"og:image:type\" content=\"image\/webp\" \/>\n<meta name=\"twitter:card\" content=\"summary_large_image\" \/>\n<meta name=\"twitter:site\" content=\"@slamdunkattorney\" \/>\n<meta name=\"twitter:label1\" content=\"Est. reading time\" \/>\n\t<meta name=\"twitter:data1\" content=\"5 minutos\" \/>\n<script type=\"application\/ld+json\" class=\"yoast-schema-graph\">{\"@context\":\"https:\\\/\\\/schema.org\",\"@graph\":[{\"@type\":\"WebPage\",\"@id\":\"https:\\\/\\\/slamdunkattorney.com\\\/duluth\\\/premises-liability-lawyer\\\/\",\"url\":\"https:\\\/\\\/slamdunkattorney.com\\\/duluth\\\/premises-liability-lawyer\\\/\",\"name\":\"Duluth Premises Liability Lawyer | Free Consultations\",\"isPartOf\":{\"@id\":\"https:\\\/\\\/slamdunkattorney.com\\\/#website\"},\"primaryImageOfPage\":{\"@id\":\"https:\\\/\\\/slamdunkattorney.com\\\/duluth\\\/premises-liability-lawyer\\\/#primaryimage\"},\"image\":{\"@id\":\"https:\\\/\\\/slamdunkattorney.com\\\/duluth\\\/premises-liability-lawyer\\\/#primaryimage\"},\"thumbnailUrl\":\"https:\\\/\\\/slamdunkattorney.com\\\/wp-content\\\/uploads\\\/2026\\\/01\\\/Premises-Liability.webp\",\"datePublished\":\"2024-06-18T15:53:57+00:00\",\"dateModified\":\"2026-04-10T19:01:17+00:00\",\"description\":\"Duluth Premises Liability Lawyer: Slam Dunk Attorney has helped thousands of Georgia clients. No Win, No Fee.\",\"breadcrumb\":{\"@id\":\"https:\\\/\\\/slamdunkattorney.com\\\/duluth\\\/premises-liability-lawyer\\\/#breadcrumb\"},\"inLanguage\":\"es\",\"potentialAction\":[{\"@type\":\"ReadAction\",\"target\":[\"https:\\\/\\\/slamdunkattorney.com\\\/duluth\\\/premises-liability-lawyer\\\/\"]}]},{\"@type\":\"ImageObject\",\"inLanguage\":\"es\",\"@id\":\"https:\\\/\\\/slamdunkattorney.com\\\/duluth\\\/premises-liability-lawyer\\\/#primaryimage\",\"url\":\"https:\\\/\\\/slamdunkattorney.com\\\/wp-content\\\/uploads\\\/2026\\\/01\\\/Premises-Liability.webp\",\"contentUrl\":\"https:\\\/\\\/slamdunkattorney.com\\\/wp-content\\\/uploads\\\/2026\\\/01\\\/Premises-Liability.webp\",\"width\":300,\"height\":226,\"caption\":\"Premises Liability\"},{\"@type\":\"BreadcrumbList\",\"@id\":\"https:\\\/\\\/slamdunkattorney.com\\\/duluth\\\/premises-liability-lawyer\\\/#breadcrumb\",\"itemListElement\":[{\"@type\":\"ListItem\",\"position\":1,\"name\":\"Home\",\"item\":\"https:\\\/\\\/slamdunkattorney.com\\\/\"},{\"@type\":\"ListItem\",\"position\":2,\"name\":\"Duluth, GA Personal Injury Lawyer\",\"item\":\"https:\\\/\\\/slamdunkattorney.com\\\/\"},{\"@type\":\"ListItem\",\"position\":3,\"name\":\"Duluth Premises Liability Lawyer\"}]},{\"@type\":\"WebSite\",\"@id\":\"https:\\\/\\\/slamdunkattorney.com\\\/#website\",\"url\":\"https:\\\/\\\/slamdunkattorney.com\\\/\",\"name\":\"Slam Dunk Attorney | Injury Lawyers\",\"description\":\"Duluth Personal Injury Lawyers\",\"publisher\":{\"@id\":\"https:\\\/\\\/slamdunkattorney.com\\\/#organization\"},\"alternateName\":\"Slam Dunk Attorney\",\"inLanguage\":\"es\"},{\"@type\":\"Organization\",\"@id\":\"https:\\\/\\\/slamdunkattorney.com\\\/#organization\",\"name\":\"Slam Dunk Attorney\",\"alternateName\":\"Slam Dunk\",\"url\":\"https:\\\/\\\/slamdunkattorney.com\\\/\",\"logo\":{\"@type\":\"ImageObject\",\"inLanguage\":\"es\",\"@id\":\"https:\\\/\\\/slamdunkattorney.com\\\/#\\\/schema\\\/logo\\\/image\\\/\",\"url\":\"https:\\\/\\\/slamdunkattorney.com\\\/wp-content\\\/uploads\\\/2023\\\/05\\\/cropped-Logo.png\",\"contentUrl\":\"https:\\\/\\\/slamdunkattorney.com\\\/wp-content\\\/uploads\\\/2023\\\/05\\\/cropped-Logo.png\",\"width\":1080,\"height\":240,\"caption\":\"Slam Dunk Attorney\"},\"image\":{\"@id\":\"https:\\\/\\\/slamdunkattorney.com\\\/#\\\/schema\\\/logo\\\/image\\\/\"},\"sameAs\":[\"https:\\\/\\\/www.facebook.com\\\/slamdunkattorneyinjurylawyers\\\/\",\"https:\\\/\\\/x.com\\\/slamdunkattorney\",\"https:\\\/\\\/www.instagram.com\\\/slamdunkattorney\\\/\",\"https:\\\/\\\/www.youtube.com\\\/channel\\\/UCSrOiC7vOjlCi3UgtIVGNtw\",\"https:\\\/\\\/www.linkedin.com\\\/company\\\/slamdunkattorneyinjurylawyers\"]}]}<\/script>\n<!-- \/ Yoast SEO plugin. -->","yoast_head_json":{"title":"Duluth Premises Liability Lawyer | Free Consultations","description":"Duluth Premises Liability Lawyer: Slam Dunk Attorney has helped thousands of Georgia clients. No Win, No Fee.","robots":{"index":"index","follow":"follow","max-snippet":"max-snippet:-1","max-image-preview":"max-image-preview:large","max-video-preview":"max-video-preview:-1"},"canonical":"https:\/\/slamdunkattorney.com\/es\/duluth\/premises-liability-lawyer\/","og_locale":"es_MX","og_type":"article","og_title":"Duluth Premises Liability Lawyer | Free Consultations","og_description":"Duluth Premises Liability Lawyer: Slam Dunk Attorney has helped thousands of Georgia clients. No Win, No Fee.","og_url":"https:\/\/slamdunkattorney.com\/es\/duluth\/premises-liability-lawyer\/","og_site_name":"Slam Dunk Attorney | Injury Lawyers","article_publisher":"https:\/\/www.facebook.com\/slamdunkattorneyinjurylawyers\/","article_modified_time":"2026-04-10T19:01:17+00:00","og_image":[{"width":300,"height":226,"url":"https:\/\/slamdunkattorney.com\/wp-content\/uploads\/2026\/01\/Premises-Liability.webp","type":"image\/webp"}],"twitter_card":"summary_large_image","twitter_site":"@slamdunkattorney","twitter_misc":{"Est. reading time":"5 minutos"},"schema":{"@context":"https:\/\/schema.org","@graph":[{"@type":"WebPage","@id":"https:\/\/slamdunkattorney.com\/duluth\/premises-liability-lawyer\/","url":"https:\/\/slamdunkattorney.com\/duluth\/premises-liability-lawyer\/","name":"Duluth Premises Liability Lawyer | Free Consultations","isPartOf":{"@id":"https:\/\/slamdunkattorney.com\/#website"},"primaryImageOfPage":{"@id":"https:\/\/slamdunkattorney.com\/duluth\/premises-liability-lawyer\/#primaryimage"},"image":{"@id":"https:\/\/slamdunkattorney.com\/duluth\/premises-liability-lawyer\/#primaryimage"},"thumbnailUrl":"https:\/\/slamdunkattorney.com\/wp-content\/uploads\/2026\/01\/Premises-Liability.webp","datePublished":"2024-06-18T15:53:57+00:00","dateModified":"2026-04-10T19:01:17+00:00","description":"Duluth Premises Liability Lawyer: Slam Dunk Attorney has helped thousands of Georgia clients. No Win, No Fee.","breadcrumb":{"@id":"https:\/\/slamdunkattorney.com\/duluth\/premises-liability-lawyer\/#breadcrumb"},"inLanguage":"es","potentialAction":[{"@type":"ReadAction","target":["https:\/\/slamdunkattorney.com\/duluth\/premises-liability-lawyer\/"]}]},{"@type":"ImageObject","inLanguage":"es","@id":"https:\/\/slamdunkattorney.com\/duluth\/premises-liability-lawyer\/#primaryimage","url":"https:\/\/slamdunkattorney.com\/wp-content\/uploads\/2026\/01\/Premises-Liability.webp","contentUrl":"https:\/\/slamdunkattorney.com\/wp-content\/uploads\/2026\/01\/Premises-Liability.webp","width":300,"height":226,"caption":"Premises Liability"},{"@type":"BreadcrumbList","@id":"https:\/\/slamdunkattorney.com\/duluth\/premises-liability-lawyer\/#breadcrumb","itemListElement":[{"@type":"ListItem","position":1,"name":"Home","item":"https:\/\/slamdunkattorney.com\/"},{"@type":"ListItem","position":2,"name":"Duluth, GA Personal Injury Lawyer","item":"https:\/\/slamdunkattorney.com\/"},{"@type":"ListItem","position":3,"name":"Duluth Premises Liability Lawyer"}]},{"@type":"WebSite","@id":"https:\/\/slamdunkattorney.com\/#website","url":"https:\/\/slamdunkattorney.com\/","name":"Abogado experto en lesiones | Abogados especializados en lesiones","description":"Abogados de lesiones personales en Duluth","publisher":{"@id":"https:\/\/slamdunkattorney.com\/#organization"},"alternateName":"Slam Dunk Attorney","inLanguage":"es"},{"@type":"Organization","@id":"https:\/\/slamdunkattorney.com\/#organization","name":"Abogado Slam Dunk","alternateName":"Slam Dunk","url":"https:\/\/slamdunkattorney.com\/","logo":{"@type":"ImageObject","inLanguage":"es","@id":"https:\/\/slamdunkattorney.com\/#\/schema\/logo\/image\/","url":"https:\/\/slamdunkattorney.com\/wp-content\/uploads\/2023\/05\/cropped-Logo.png","contentUrl":"https:\/\/slamdunkattorney.com\/wp-content\/uploads\/2023\/05\/cropped-Logo.png","width":1080,"height":240,"caption":"Slam Dunk Attorney"},"image":{"@id":"https:\/\/slamdunkattorney.com\/#\/schema\/logo\/image\/"},"sameAs":["https:\/\/www.facebook.com\/slamdunkattorneyinjurylawyers\/","https:\/\/x.com\/slamdunkattorney","https:\/\/www.instagram.com\/slamdunkattorney\/","https:\/\/www.youtube.com\/channel\/UCSrOiC7vOjlCi3UgtIVGNtw","https:\/\/www.linkedin.com\/company\/slamdunkattorneyinjurylawyers"]}]}},"yoast_meta":{"yoast_wpseo_title":"","yoast_wpseo_metadesc":"","yoast_wpseo_canonical":"https:\/\/slamdunkattorney.com\/es\/wp-json\/wp\/v2\/pages\/6028"},"_links":{"self":[{"href":"https:\/\/slamdunkattorney.com\/es\/wp-json\/wp\/v2\/pages\/6028","targetHints":{"allow":["GET"]}}],"collection":[{"href":"https:\/\/slamdunkattorney.com\/es\/wp-json\/wp\/v2\/pages"}],"about":[{"href":"https:\/\/slamdunkattorney.com\/es\/wp-json\/wp\/v2\/types\/page"}],"author":[{"embeddable":true,"href":"https:\/\/slamdunkattorney.com\/es\/wp-json\/wp\/v2\/users\/2"}],"replies":[{"embeddable":true,"href":"https:\/\/slamdunkattorney.com\/es\/wp-json\/wp\/v2\/comments?post=6028"}],"version-history":[{"count":0,"href":"https:\/\/slamdunkattorney.com\/es\/wp-json\/wp\/v2\/pages\/6028\/revisions"}],"up":[{"embeddable":true,"href":"https:\/\/slamdunkattorney.com\/es\/wp-json\/wp\/v2\/pages\/22"}],"wp:featuredmedia":[{"embeddable":true,"href":"https:\/\/slamdunkattorney.com\/es\/wp-json\/wp\/v2\/media\/39875"}],"wp:attachment":[{"href":"https:\/\/slamdunkattorney.com\/es\/wp-json\/wp\/v2\/media?parent=6028"}],"wp:term":[{"taxonomy":"extra-categories","embeddable":true,"href":"https:\/\/slamdunkattorney.com\/es\/wp-json\/wp\/v2\/extra-categories?post=6028"},{"taxonomy":"hc_faqs","embeddable":true,"href":"https:\/\/slamdunkattorney.com\/es\/wp-json\/wp\/v2\/hc_faqs?post=6028"}],"curies":[{"name":"wp","href":"https:\/\/api.w.org\/{rel}","templated":true}]}}