{"id":6014,"date":"2024-05-21T16:56:12","date_gmt":"2024-05-21T16:56:12","guid":{"rendered":"https:\/\/slamdunk.wpenginepowered.com\/?page_id=6014"},"modified":"2025-01-16T08:49:54","modified_gmt":"2025-01-16T08:49:54","slug":"duluth-bicycle-accident-lawyer","status":"publish","type":"page","link":"https:\/\/slamdunkattorney.com\/es\/duluth\/bicycle-accident-lawyer\/","title":{"rendered":"Abogado especializado en accidentes de bicicleta en Duluth"},"content":{"rendered":"<p><span style=\"font-weight: 400;\">Usted puede resultar herido en un accidente de bicicleta debido a la negligencia de otra persona. En ese caso, tal vez le convenga contratar a un abogado especializado en accidentes automovil\u00edsticos en Duluth. A partir de ah\u00ed, usted y su abogado podr\u00e1n trabajar juntos para preparar un caso contra la parte responsable de su accidente.\u00a0<\/span><\/p>\n<p><span style=\"font-weight: 400;\">En Slam Dunk Attorney, nuestro <\/span><a href=\"https:\/\/slamdunkattorney.com\/es\/\"><span style=\"font-weight: 400;\">Abogado especializado en lesiones personales en Duluth<\/span><\/a><span style=\"font-weight: 400;\"> Comprenda lo que puede suceder en un caso de accidente de bicicleta. Nuestro abogado especializado en accidentes de bicicleta en Duluth est\u00e1 disponible para ayudarle en cada etapa de su caso y asegurarse de que reciba la asistencia legal que se merece. Para obtener m\u00e1s informaci\u00f3n, p\u00f3ngase en contacto con nosotros.\u00a0<\/span><\/p>\n<h2><span style=\"font-weight: 400;\">Leyes sobre bicicletas\u00a0<\/span><\/h2>\n<p><span style=\"font-weight: 400;\">Georgia tiene <\/span><a href=\"https:\/\/www.gahighwaysafety.org\/laws-pertaining-to-bicycles-and-bicycling\/\" target=\"_blank\" rel=\"noopener\"><span style=\"font-weight: 400;\">leyes relativas a las bicicletas y al ciclismo<\/span><\/a><span style=\"font-weight: 400;\">. Si andas en bicicleta en cualquier lugar del estado, debes cumplir con estas normas. Del mismo modo, los conductores deben seguir las normas de tr\u00e1nsito, incluso cuando comparten la v\u00eda con ciclistas.\u00a0<\/span><\/p>\n<p><span style=\"font-weight: 400;\">Usted puede sufrir una lesi\u00f3n en un accidente de bicicleta en el que est\u00e9 involucrado un automovilista. Despu\u00e9s del choque, el conductor puede alegar que usted tuvo la culpa. Sin embargo, si usted cumpl\u00eda con las normas estatales, el automovilista puede ser responsable.\u00a0<\/span><\/p>\n<p><span style=\"font-weight: 400;\">Si no est\u00e1 seguro de qui\u00e9n es el responsable de su accidente de bicicleta, puede ser una buena idea buscar ayuda legal. Slam Dunk Attorney es una empresa de servicios legales que puede ayudarle a determinar qui\u00e9n es el culpable de su accidente. Cont\u00e1ctenos hoy mismo para discutir su caso con nuestro abogado especializado en accidentes de bicicleta en Duluth.\u00a0<\/span><\/p>\n\n<div class=\"cta-container row align-items-center\">\n    <div class=\"col-md-7\">\n        <p class=\"cta-text rs-content-cta\">Orgullosos de servir a Duluth y a todo Georgia <span>\u00a1Cont\u00e1ctenos para comenzar su recuperaci\u00f3n!<\/span> <a href=\"https:\/\/slamdunkattorney.com\/es\/\">Explore nuestras \u00e1reas de pr\u00e1ctica<\/a><\/p>\n    <\/div>\n    <div class=\"col-md-5\">\n        <img decoding=\"async\" src=\"https:\/\/slamdunkattorney.com\/wp-content\/themes\/slam-dunk-rebuild\/assets\/app\/img\/map-cta.jpg\" alt=\"Legal Consultation\" class=\"img-fluid\"\/>\n    <\/div>\n<\/div><h2><span style=\"font-weight: 400;\">\u00bfQui\u00e9n es el responsable de un accidente de bicicleta?<\/span><\/h2>\n<p><span style=\"font-weight: 400;\">Un abogado especializado en accidentes de bicicleta en Duluth puede responder a sus preguntas. <\/span><a href=\"https:\/\/slamdunkattorney.com\/es\/faqs\/\"><span style=\"font-weight: 400;\">preguntas frecuentes<\/span><\/a><span style=\"font-weight: 400;\"> y otras que tengas relacionadas con qui\u00e9n es el culpable de un accidente de bicicleta. En muchos casos, el conductor es responsable de una colisi\u00f3n con una bicicleta. Sin embargo, hay casos en los que el fabricante de las piezas de la bicicleta u otra parte pueden ser responsables de un accidente de bicicleta.\u00a0<\/span><\/p>\n<p><span style=\"font-weight: 400;\">Por ejemplo, un conductor puede pasarse un sem\u00e1foro en rojo y chocar contra su veh\u00edculo mientras usted circula en bicicleta. El conductor decidi\u00f3 infringir la ley. Por lo tanto, puede ser responsable de su accidente.\u00a0<\/span><\/p>\n<p><span style=\"font-weight: 400;\">En comparaci\u00f3n, usted podr\u00eda sufrir un accidente con su bicicleta debido a que los frenos no funcionaban correctamente. Tras el accidente, podr\u00eda descubrir que los frenos eran defectuosos. En ese caso, podr\u00eda demandar al fabricante de los frenos o de la bicicleta por da\u00f1os y perjuicios.\u00a0<\/span><\/p>\n\n<div class=\"cta-container map-bg row align-items-center flex-md-row-reverse\">\n    <div class=\"col-md-6\">\n        <p class=\"cta-text rs-content-cta\">Abogado especializado en accidentes de bicicleta cerca de m\u00ed en Duluth <a href=\"tel:+14049513513\">404-951-3513<\/a><\/p>\n    <\/div>\n    <div class=\"col-md-6 col-bg\">\n    <\/div>\n<\/div><h2><span style=\"font-weight: 400;\">Da\u00f1os por accidente de bicicleta<\/span><\/h2>\n<p><span style=\"font-weight: 400;\">Su abogado puede proporcionarle <\/span><span style=\"font-weight: 400;\">estudios de casos<\/span><span style=\"font-weight: 400;\"> y otros materiales que le ayudar\u00e1n a preparar su argumentaci\u00f3n. Adem\u00e1s, su abogado especializado en accidentes de bicicleta en Duluth puede informarle sobre los da\u00f1os y perjuicios. Hay muchas razones por las que un juez o un jurado pueden conceder una indemnizaci\u00f3n por da\u00f1os y perjuicios debido a su accidente de bicicleta, tales como:<\/span><\/p>\n<ul>\n<li style=\"font-weight: 400;\" aria-level=\"1\"><span style=\"font-weight: 400;\">Reemplazo o reparaci\u00f3n de bicicletas<\/span><\/li>\n<li style=\"font-weight: 400;\" aria-level=\"1\"><span style=\"font-weight: 400;\">Facturas m\u00e9dicas<\/span><\/li>\n<li style=\"font-weight: 400;\" aria-level=\"1\"><span style=\"font-weight: 400;\">Salarios perdidos<\/span><\/li>\n<li style=\"font-weight: 400;\" aria-level=\"1\"><span style=\"font-weight: 400;\">Dolor y sufrimiento<\/span><\/li>\n<\/ul>\n<p><span style=\"font-weight: 400;\">El simple hecho de presentar una demanda por da\u00f1os y perjuicios no garantiza que vaya a obtener una indemnizaci\u00f3n por estos u otros motivos. Debe elaborar un argumento convincente para respaldar su caso. De lo contrario, el juez o el jurado podr\u00edan fallar a favor del demandado y usted podr\u00eda verse obligado a cubrir todos los gastos relacionados con el accidente de su propio bolsillo.\u00a0<\/span><\/p>\n\n<div class=\"cta-container row align-items-center\">\n    <div class=\"col-md-7\">\n        <p class=\"cta-text rs-content-cta\"><a class=\"no-btn\" href=\"https:\/\/slamdunkattorney.com\/es\/contact-us\/\">Haga clic para contactar<\/a> Nuestros abogados especializados en lesiones personales en Duluth, Georgia, hoy mismo.<\/p>\n    <\/div>\n    <div class=\"col-md-5\">\n        <img decoding=\"async\" src=\"https:\/\/slamdunkattorney.com\/wp-content\/themes\/slam-dunk-rebuild\/assets\/app\/img\/map-cta.jpg\" alt=\"Contact Us\" class=\"img-fluid\"\/>\n    <\/div>\n<\/div><h2><span style=\"font-weight: 400;\">Estatuto de limitaciones para reclamaciones por accidentes de bicicleta<\/span><\/h2>\n<p><span style=\"font-weight: 400;\">En t\u00e9rminos de <\/span><a href=\"https:\/\/slamdunkattorney.com\/es\/blog\/understanding-personal-injury-claims\/\"><span style=\"font-weight: 400;\">interponer una demanda<\/span><\/a><span style=\"font-weight: 400;\"> En relaci\u00f3n con un accidente de bicicleta, puede disponer de hasta dos a\u00f1os desde la fecha del incidente para hacerlo. Este plazo no puede ampliarse. Puede solicitar una indemnizaci\u00f3n por da\u00f1os econ\u00f3micos y no econ\u00f3micos.\u00a0<\/span><\/p>\n<p><span style=\"font-weight: 400;\">Se puede otorgar una compensaci\u00f3n econ\u00f3mica por las p\u00e9rdidas cuantificables. Se pueden conceder indemnizaciones por da\u00f1os no econ\u00f3micos basadas en el perjuicio subjetivo. Su abogado especializado en accidentes de bicicleta en Duluth puede animarle a reclamar ambos tipos de da\u00f1os.\u00a0<\/span><\/p>\n<p><span style=\"font-weight: 400;\">Tu abogado especializado en accidentes de bicicleta en Duluth puede ayudarte a calcular tus p\u00e9rdidas. Puede que trabaje contigo para reunir pruebas que demuestren que has sufrido da\u00f1os. Si lo consigue, puede que resulte evidente para un juez o un jurado que mereces la mayor indemnizaci\u00f3n posible.\u00a0<\/span><\/p>\n\n<div class=\"cta-container map-bg row align-items-center flex-md-row-reverse\">\n    <div class=\"col-md-6\">\n        <p class=\"cta-text rs-content-cta\">Completa un <a href=\"https:\/\/slamdunkattorney.com\/es\/contact-us\/\">Formulario de evaluaci\u00f3n gratuita de su caso<\/a> ahora<\/p>\n    <\/div>\n    <div class=\"col-md-6 col-bg\">\n    <\/div>\n<\/div><h2><span style=\"font-weight: 400;\">Demostrar la responsabilidad en un caso de accidente de bicicleta<\/span><\/h2>\n<p><span style=\"font-weight: 400;\">Tu abogado puede ayudarte. <\/span><a href=\"https:\/\/slamdunkattorney.com\/es\/blog\/navigating-personal-injury-lawsuits-and-personal-injury-claim-process\/\"><span style=\"font-weight: 400;\">navegar por el proceso de demanda y reclamaci\u00f3n por lesiones personales<\/span><\/a><span style=\"font-weight: 400;\">. Durante este proceso, puede recopilar fotos y videos de la escena del accidente, registros m\u00e9dicos y otras formas de prueba para respaldar su caso. Adem\u00e1s, puede colaborar con su abogado para elaborar un argumento que demuestre que los siguientes elementos de negligencia estaban presentes en el momento de su colisi\u00f3n en bicicleta:<\/span><\/p>\n<ul>\n<li style=\"font-weight: 400;\" aria-level=\"1\"><span style=\"font-weight: 400;\">La parte culpable ten\u00eda el deber de diligencia, es decir, la obligaci\u00f3n legal de actuar de manera razonable y prudente.<\/span><\/li>\n<li style=\"font-weight: 400;\" aria-level=\"1\"><span style=\"font-weight: 400;\">La parte incumpli\u00f3 esta obligaci\u00f3n.<\/span><\/li>\n<li style=\"font-weight: 400;\" aria-level=\"1\"><span style=\"font-weight: 400;\">Debido a que la parte incumpli\u00f3 su deber de diligencia, provoc\u00f3 su accidente.\u00a0<\/span><\/li>\n<li style=\"font-weight: 400;\" aria-level=\"1\"><span style=\"font-weight: 400;\">Est\u00e1s lidiando con da\u00f1os causados por las acciones de la otra parte.\u00a0<\/span><\/li>\n<\/ul>\n<p><span style=\"font-weight: 400;\">Es posible que cuente con pruebas s\u00f3lidas. En esta situaci\u00f3n, es posible que se encuentre en una buena posici\u00f3n para obtener un acuerdo justo. Si el demandado en su caso propone un acuerdo, es posible que pueda obtener una indemnizaci\u00f3n sin tener que ir a juicio.\u00a0<\/span><\/p>\n<h2><span style=\"font-weight: 400;\">Acuerdo por accidente de bicicleta<\/span><\/h2>\n<p><span style=\"font-weight: 400;\">Si su abogado especializado en accidentes de bicicleta en Duluth cree que <\/span><a href=\"https:\/\/slamdunkattorney.com\/es\/blog\/essential-tips-for-negotiating-an-insurance-settlement\/\"><span style=\"font-weight: 400;\">negociar un acuerdo por lesiones<\/span><\/a><span style=\"font-weight: 400;\"> puede ser lo m\u00e1s conveniente para usted, se lo comunicar\u00e1n. El demandado en su caso puede proponer un acuerdo en cualquier momento antes del juicio. Cuando reciba una oferta, es recomendable que la revise con su abogado, ya que \u00e9l puede ayudarle a sopesar los pros y los contras.\u00a0<\/span><\/p>\n<p><span style=\"font-weight: 400;\">Su abogado ser\u00e1 honesto con usted respecto a la propuesta de acuerdo y le explicar\u00e1 si considera que no le ofrece una compensaci\u00f3n adecuada. Independientemente de lo que diga su abogado, usted toma la decisi\u00f3n final sobre el acuerdo. Si est\u00e1 satisfecho con la propuesta, puede aceptarla, obtener la compensaci\u00f3n y cerrar su caso.\u00a0<\/span><\/p>\n<p><span style=\"font-weight: 400;\">Si desea rechazar una propuesta de acuerdo, tiene derecho a hacerlo. En este caso, puede notificar su decisi\u00f3n a su abogado, quien informar\u00e1 al demandado de que ha decidido no aceptar la oferta. A continuaci\u00f3n, usted y su abogado pueden seguir buscando formas de reforzar su caso y prepararse para el juicio.<\/span><\/p>\n<h2><span style=\"font-weight: 400;\">Obtenga ayuda legal de un abogado especializado en accidentes de bicicleta en Duluth.<\/span><\/h2>\n<p><span style=\"font-weight: 400;\">Para aquellos que deseen presentar una reclamaci\u00f3n por accidente de bicicleta, puede ser beneficioso buscar ayuda legal de inmediato. Slam Dunk Attorney facilita el contacto con un abogado especializado en accidentes de bicicleta en Duluth. Para programar una evaluaci\u00f3n gratuita y sin compromiso de su caso, <\/span><a href=\"https:\/\/slamdunkattorney.com\/es\/contact-us\/\"><span style=\"font-weight: 400;\">Cont\u00e1ctenos<\/span><\/a><span style=\"font-weight: 400;\"> hoy. <\/span><\/p>\n\n<div class=\"cta-container row align-items-center\">\n    <div class=\"col-md-7\">\n        <p class=\"cta-text rs-content-cta\">Llame o env\u00ede un mensaje de texto <a class=\"no-btn\" href=\"tel:+14049513513\">404-951-3513<\/a> o completar un <a href=\"https:\/\/slamdunkattorney.com\/es\/contact-us\/\">Formulario de evaluaci\u00f3n gratuita de su caso<\/a><\/p>\n    <\/div>\n    <div class=\"col-md-5\">\n        <img decoding=\"async\" src=\"https:\/\/slamdunkattorney.com\/wp-content\/themes\/slam-dunk-rebuild\/assets\/app\/img\/map-cta.jpg\" alt=\"Call or Text\" class=\"img-fluid\"\/>\n    <\/div>\n<\/div>","protected":false},"excerpt":{"rendered":"<p>You may get hurt in a bicycling accident due to someone else&#8217;s negligence. At this point, you may want to partner with a Duluth car accident lawyer. From here, you and your attorney can work together to build a case against the party responsible for your crash.\u00a0 At Slam Dunk Attorney, our Duluth personal injury &#8230;<\/p>","protected":false},"author":2,"featured_media":0,"parent":22,"menu_order":0,"comment_status":"closed","ping_status":"closed","template":"","meta":{"_acf_changed":false,"_genesis_hide_title":false,"_genesis_hide_breadcrumbs":false,"_genesis_hide_singular_image":false,"_genesis_hide_footer_widgets":false,"_genesis_custom_body_class":"","_genesis_custom_post_class":"","_genesis_layout":"","ngg_post_thumbnail":0,"footnotes":""},"extra-categories":[],"hc_faqs":[],"class_list":{"0":"post-6014","1":"page","2":"type-page","3":"status-publish","5":"hc_city_location-duluth","6":"entry"},"acf":[],"yoast_head":"<!-- This site is optimized with the Yoast SEO plugin v27.5 - https:\/\/yoast.com\/product\/yoast-seo-wordpress\/ -->\n<title>Bicycle Accident Lawyer in Duluth | Free Consultations<\/title>\n<meta name=\"description\" content=\"Duluth Bicycle Accident Lawyer: Slam Dunk Attorney has helped thousands of Georgia clients. No Win, No Fee.\" \/>\n<meta name=\"robots\" content=\"index, follow, max-snippet:-1, max-image-preview:large, max-video-preview:-1\" \/>\n<link rel=\"canonical\" href=\"https:\/\/slamdunkattorney.com\/es\/duluth\/bicycle-accident-lawyer\/\" \/>\n<meta property=\"og:locale\" content=\"es_MX\" \/>\n<meta property=\"og:type\" content=\"article\" \/>\n<meta property=\"og:title\" content=\"Bicycle Accident Lawyer in Duluth | Free Consultations\" \/>\n<meta property=\"og:description\" content=\"Duluth Bicycle Accident Lawyer: Slam Dunk Attorney has helped thousands of Georgia clients. No Win, No Fee.\" \/>\n<meta property=\"og:url\" content=\"https:\/\/slamdunkattorney.com\/es\/duluth\/bicycle-accident-lawyer\/\" \/>\n<meta property=\"og:site_name\" content=\"Slam Dunk Attorney | Injury Lawyers\" \/>\n<meta property=\"article:publisher\" content=\"https:\/\/www.facebook.com\/slamdunkattorneyinjurylawyers\/\" \/>\n<meta property=\"article:modified_time\" content=\"2025-01-16T08:49:54+00:00\" \/>\n<meta property=\"og:image\" content=\"https:\/\/slamdunkattorney.com\/wp-content\/uploads\/2023\/05\/cropped-Logo.png\" \/>\n\t<meta property=\"og:image:width\" content=\"1080\" \/>\n\t<meta property=\"og:image:height\" content=\"240\" \/>\n\t<meta property=\"og:image:type\" content=\"image\/png\" \/>\n<meta name=\"twitter:card\" content=\"summary_large_image\" \/>\n<meta name=\"twitter:site\" content=\"@slamdunkattorney\" \/>\n<meta name=\"twitter:label1\" content=\"Est. reading time\" \/>\n\t<meta name=\"twitter:data1\" content=\"5 minutos\" \/>\n<script type=\"application\/ld+json\" class=\"yoast-schema-graph\">{\"@context\":\"https:\\\/\\\/schema.org\",\"@graph\":[{\"@type\":\"WebPage\",\"@id\":\"https:\\\/\\\/slamdunkattorney.com\\\/duluth\\\/bicycle-accident-lawyer\\\/\",\"url\":\"https:\\\/\\\/slamdunkattorney.com\\\/duluth\\\/bicycle-accident-lawyer\\\/\",\"name\":\"Bicycle Accident Lawyer in Duluth | Free Consultations\",\"isPartOf\":{\"@id\":\"https:\\\/\\\/slamdunkattorney.com\\\/#website\"},\"datePublished\":\"2024-05-21T16:56:12+00:00\",\"dateModified\":\"2025-01-16T08:49:54+00:00\",\"description\":\"Duluth Bicycle Accident Lawyer: Slam Dunk Attorney has helped thousands of Georgia clients. No Win, No Fee.\",\"breadcrumb\":{\"@id\":\"https:\\\/\\\/slamdunkattorney.com\\\/duluth\\\/bicycle-accident-lawyer\\\/#breadcrumb\"},\"inLanguage\":\"es\",\"potentialAction\":[{\"@type\":\"ReadAction\",\"target\":[\"https:\\\/\\\/slamdunkattorney.com\\\/duluth\\\/bicycle-accident-lawyer\\\/\"]}]},{\"@type\":\"BreadcrumbList\",\"@id\":\"https:\\\/\\\/slamdunkattorney.com\\\/duluth\\\/bicycle-accident-lawyer\\\/#breadcrumb\",\"itemListElement\":[{\"@type\":\"ListItem\",\"position\":1,\"name\":\"Home\",\"item\":\"https:\\\/\\\/slamdunkattorney.com\\\/\"},{\"@type\":\"ListItem\",\"position\":2,\"name\":\"Duluth, GA Personal Injury Lawyer\",\"item\":\"https:\\\/\\\/slamdunkattorney.com\\\/\"},{\"@type\":\"ListItem\",\"position\":3,\"name\":\"Duluth Bicycle Accident Lawyer\"}]},{\"@type\":\"WebSite\",\"@id\":\"https:\\\/\\\/slamdunkattorney.com\\\/#website\",\"url\":\"https:\\\/\\\/slamdunkattorney.com\\\/\",\"name\":\"Slam Dunk Attorney | Injury Lawyers\",\"description\":\"Duluth Personal Injury Lawyers\",\"publisher\":{\"@id\":\"https:\\\/\\\/slamdunkattorney.com\\\/#organization\"},\"alternateName\":\"Slam Dunk Attorney\",\"inLanguage\":\"es\"},{\"@type\":\"Organization\",\"@id\":\"https:\\\/\\\/slamdunkattorney.com\\\/#organization\",\"name\":\"Slam Dunk Attorney\",\"alternateName\":\"Slam Dunk\",\"url\":\"https:\\\/\\\/slamdunkattorney.com\\\/\",\"logo\":{\"@type\":\"ImageObject\",\"inLanguage\":\"es\",\"@id\":\"https:\\\/\\\/slamdunkattorney.com\\\/#\\\/schema\\\/logo\\\/image\\\/\",\"url\":\"https:\\\/\\\/slamdunkattorney.com\\\/wp-content\\\/uploads\\\/2023\\\/05\\\/cropped-Logo.png\",\"contentUrl\":\"https:\\\/\\\/slamdunkattorney.com\\\/wp-content\\\/uploads\\\/2023\\\/05\\\/cropped-Logo.png\",\"width\":1080,\"height\":240,\"caption\":\"Slam Dunk Attorney\"},\"image\":{\"@id\":\"https:\\\/\\\/slamdunkattorney.com\\\/#\\\/schema\\\/logo\\\/image\\\/\"},\"sameAs\":[\"https:\\\/\\\/www.facebook.com\\\/slamdunkattorneyinjurylawyers\\\/\",\"https:\\\/\\\/x.com\\\/slamdunkattorney\",\"https:\\\/\\\/www.instagram.com\\\/slamdunkattorney\\\/\",\"https:\\\/\\\/www.youtube.com\\\/channel\\\/UCSrOiC7vOjlCi3UgtIVGNtw\",\"https:\\\/\\\/www.linkedin.com\\\/company\\\/slamdunkattorneyinjurylawyers\"]}]}<\/script>\n<!-- \/ Yoast SEO plugin. -->","yoast_head_json":{"title":"Bicycle Accident Lawyer in Duluth | Free Consultations","description":"Duluth Bicycle Accident Lawyer: Slam Dunk Attorney has helped thousands of Georgia clients. No Win, No Fee.","robots":{"index":"index","follow":"follow","max-snippet":"max-snippet:-1","max-image-preview":"max-image-preview:large","max-video-preview":"max-video-preview:-1"},"canonical":"https:\/\/slamdunkattorney.com\/es\/duluth\/bicycle-accident-lawyer\/","og_locale":"es_MX","og_type":"article","og_title":"Bicycle Accident Lawyer in Duluth | Free Consultations","og_description":"Duluth Bicycle Accident Lawyer: Slam Dunk Attorney has helped thousands of Georgia clients. No Win, No Fee.","og_url":"https:\/\/slamdunkattorney.com\/es\/duluth\/bicycle-accident-lawyer\/","og_site_name":"Slam Dunk Attorney | Injury Lawyers","article_publisher":"https:\/\/www.facebook.com\/slamdunkattorneyinjurylawyers\/","article_modified_time":"2025-01-16T08:49:54+00:00","og_image":[{"width":1080,"height":240,"url":"https:\/\/slamdunkattorney.com\/wp-content\/uploads\/2023\/05\/cropped-Logo.png","type":"image\/png"}],"twitter_card":"summary_large_image","twitter_site":"@slamdunkattorney","twitter_misc":{"Est. reading time":"5 minutos"},"schema":{"@context":"https:\/\/schema.org","@graph":[{"@type":"WebPage","@id":"https:\/\/slamdunkattorney.com\/duluth\/bicycle-accident-lawyer\/","url":"https:\/\/slamdunkattorney.com\/duluth\/bicycle-accident-lawyer\/","name":"Bicycle Accident Lawyer in Duluth | Free Consultations","isPartOf":{"@id":"https:\/\/slamdunkattorney.com\/#website"},"datePublished":"2024-05-21T16:56:12+00:00","dateModified":"2025-01-16T08:49:54+00:00","description":"Duluth Bicycle Accident Lawyer: Slam Dunk Attorney has helped thousands of Georgia clients. No Win, No Fee.","breadcrumb":{"@id":"https:\/\/slamdunkattorney.com\/duluth\/bicycle-accident-lawyer\/#breadcrumb"},"inLanguage":"es","potentialAction":[{"@type":"ReadAction","target":["https:\/\/slamdunkattorney.com\/duluth\/bicycle-accident-lawyer\/"]}]},{"@type":"BreadcrumbList","@id":"https:\/\/slamdunkattorney.com\/duluth\/bicycle-accident-lawyer\/#breadcrumb","itemListElement":[{"@type":"ListItem","position":1,"name":"Home","item":"https:\/\/slamdunkattorney.com\/"},{"@type":"ListItem","position":2,"name":"Duluth, GA Personal Injury Lawyer","item":"https:\/\/slamdunkattorney.com\/"},{"@type":"ListItem","position":3,"name":"Duluth Bicycle Accident Lawyer"}]},{"@type":"WebSite","@id":"https:\/\/slamdunkattorney.com\/#website","url":"https:\/\/slamdunkattorney.com\/","name":"Abogado experto en lesiones | Abogados especializados en lesiones","description":"Abogados de lesiones personales en Duluth","publisher":{"@id":"https:\/\/slamdunkattorney.com\/#organization"},"alternateName":"Slam Dunk Attorney","inLanguage":"es"},{"@type":"Organization","@id":"https:\/\/slamdunkattorney.com\/#organization","name":"Abogado Slam Dunk","alternateName":"Slam Dunk","url":"https:\/\/slamdunkattorney.com\/","logo":{"@type":"ImageObject","inLanguage":"es","@id":"https:\/\/slamdunkattorney.com\/#\/schema\/logo\/image\/","url":"https:\/\/slamdunkattorney.com\/wp-content\/uploads\/2023\/05\/cropped-Logo.png","contentUrl":"https:\/\/slamdunkattorney.com\/wp-content\/uploads\/2023\/05\/cropped-Logo.png","width":1080,"height":240,"caption":"Slam Dunk Attorney"},"image":{"@id":"https:\/\/slamdunkattorney.com\/#\/schema\/logo\/image\/"},"sameAs":["https:\/\/www.facebook.com\/slamdunkattorneyinjurylawyers\/","https:\/\/x.com\/slamdunkattorney","https:\/\/www.instagram.com\/slamdunkattorney\/","https:\/\/www.youtube.com\/channel\/UCSrOiC7vOjlCi3UgtIVGNtw","https:\/\/www.linkedin.com\/company\/slamdunkattorneyinjurylawyers"]}]}},"yoast_meta":{"yoast_wpseo_title":"","yoast_wpseo_metadesc":"","yoast_wpseo_canonical":"https:\/\/slamdunkattorney.com\/es\/wp-json\/wp\/v2\/pages\/6014"},"_links":{"self":[{"href":"https:\/\/slamdunkattorney.com\/es\/wp-json\/wp\/v2\/pages\/6014","targetHints":{"allow":["GET"]}}],"collection":[{"href":"https:\/\/slamdunkattorney.com\/es\/wp-json\/wp\/v2\/pages"}],"about":[{"href":"https:\/\/slamdunkattorney.com\/es\/wp-json\/wp\/v2\/types\/page"}],"author":[{"embeddable":true,"href":"https:\/\/slamdunkattorney.com\/es\/wp-json\/wp\/v2\/users\/2"}],"replies":[{"embeddable":true,"href":"https:\/\/slamdunkattorney.com\/es\/wp-json\/wp\/v2\/comments?post=6014"}],"version-history":[{"count":0,"href":"https:\/\/slamdunkattorney.com\/es\/wp-json\/wp\/v2\/pages\/6014\/revisions"}],"up":[{"embeddable":true,"href":"https:\/\/slamdunkattorney.com\/es\/wp-json\/wp\/v2\/pages\/22"}],"wp:attachment":[{"href":"https:\/\/slamdunkattorney.com\/es\/wp-json\/wp\/v2\/media?parent=6014"}],"wp:term":[{"taxonomy":"extra-categories","embeddable":true,"href":"https:\/\/slamdunkattorney.com\/es\/wp-json\/wp\/v2\/extra-categories?post=6014"},{"taxonomy":"hc_faqs","embeddable":true,"href":"https:\/\/slamdunkattorney.com\/es\/wp-json\/wp\/v2\/hc_faqs?post=6014"}],"curies":[{"name":"wp","href":"https:\/\/api.w.org\/{rel}","templated":true}]}}