{"id":6013,"date":"2024-05-21T16:44:57","date_gmt":"2024-05-21T16:44:57","guid":{"rendered":"https:\/\/slamdunk.wpenginepowered.com\/?page_id=6013"},"modified":"2026-04-10T18:42:59","modified_gmt":"2026-04-10T18:42:59","slug":"duluth-pedestrian-accident-lawyer","status":"publish","type":"page","link":"https:\/\/slamdunkattorney.com\/es\/duluth\/pedestrian-accident-lawyer\/","title":{"rendered":"Abogado especializado en accidentes de peatones en Duluth"},"content":{"rendered":"<p><span style=\"font-weight: 400;\">Ser atropellado por un coche o un cami\u00f3n mientras se camina puede ser devastador tanto f\u00edsica como emocionalmente. Muchas v\u00edctimas de accidentes de peatones quedan con discapacidades de por vida y facturas m\u00e9dicas astron\u00f3micas porque otra persona no tuvo cuidado. Si usted o un ser querido ha resultado herido de esta manera, necesita la orientaci\u00f3n de un abogado con experiencia. <\/span><a href=\"https:\/\/slamdunkattorney.com\/es\/\"><span style=\"font-weight: 400;\">Abogado especializado en lesiones personales en Duluth<\/span><\/a><span style=\"font-weight: 400;\">.<\/span><\/p>\n<p><span style=\"font-weight: 400;\">En Slam Dunk Attorney, hemos representado a <\/span><b>m\u00e1s de 1000 v\u00edctimas con lesiones<\/b><span style=\"font-weight: 400;\"> y valoramos y protegemos los derechos de quienes han sido perjudicados por personas negligentes. Al ofrecer una consulta inicial gratuita, su abogado especializado en accidentes de peatones en Duluth le ayuda a obtener la representaci\u00f3n legal y las respuestas que necesita sin aumentar sus gastos. Cuando procedemos con su caso, usted se mantiene al d\u00eda e informado para tomar la decisi\u00f3n correcta.&nbsp;<\/span><\/p>\n<h2><span style=\"font-weight: 400;\">Los accidentes de peatones son comunes en Georgia<\/span><\/h2>\n<p><span style=\"font-weight: 400;\">A nivel nacional, los accidentes de peatones son cada vez m\u00e1s comunes. El <\/span><a href=\"https:\/\/www.nhtsa.gov\/road-safety\/pedestrian-safety#:~:text=At%20some%20point%20in%20the,tips%20to%20keep%20pedestrians%20safe.\" target=\"_blank\" rel=\"noopener\"><span style=\"font-weight: 400;\">Administraci\u00f3n Nacional de Seguridad Vial en Carreteras (NHTSA)<\/span><\/a><span style=\"font-weight: 400;\"> registr\u00f3 m\u00e1s de 67,000 lesiones y m\u00e1s de 7,500 muertes como resultado de accidentes que involucraron a personas fuera de veh\u00edculos motorizados. Cada nueve minutos, una persona que camina resulta herida, y las muertes de peatones representan el 17% de las muertes relacionadas con accidentes, seg\u00fan lo informado por la NHTSA. <\/span><a href=\"https:\/\/crashstats.nhtsa.dot.gov\/Api\/Public\/ViewPublication\/813458\" target=\"_blank\" rel=\"noopener\"><span style=\"font-weight: 400;\">Datos sobre seguridad vial<\/span><\/a><span style=\"font-weight: 400;\"> informe.<\/span><\/p>\n<p><span style=\"font-weight: 400;\">El <\/span><span style=\"font-weight: 400;\">Administraci\u00f3n de Seguridad Vial del Gobernador (GHSA)<\/span><span style=\"font-weight: 400;\"> El informe muestra un <\/span><b>disminuci\u00f3n de las muertes de peatones en Georgia <\/b><span style=\"font-weight: 400;\">durante el \u00faltimo a\u00f1o. Entre 2022 y 2023 (el a\u00f1o con datos m\u00e1s recientes), se produjo una disminuci\u00f3n de 5,41 TP3T en el n\u00famero de v\u00edctimas mortales entre los peatones. Aunque la reducci\u00f3n del n\u00famero de v\u00edctimas mortales entre los peatones siempre es algo positivo, los conductores de Duluth, Georgia, y de todo el estado pueden contribuir a reducir los accidentes siguiendo consejos de conducci\u00f3n segura que protejan tanto a los peatones como a los dem\u00e1s conductores.<\/span><\/p>\n<p><span style=\"font-weight: 400;\">Muchos conductores, tanto en las ciudades como en las zonas suburbanas, tienen prisa por llegar a su destino. Esto les lleva a conducir de forma negligente e imprudente, lo que pone en mayor riesgo a otros conductores y peatones. En Slam Dunk Attorney, su <\/span><a href=\"https:\/\/slamdunkattorney.com\/es\/duluth\/car-accident-lawyer\/\"><span style=\"font-weight: 400;\">Abogado especializado en accidentes automovil\u00edsticos en Duluth<\/span><\/a><span style=\"font-weight: 400;\"> est\u00e1 listo para proteger a quienes han sido perjudicados y ayudarlos a obtener justicia y una compensaci\u00f3n adecuada.<\/span><\/p>\n\n<div class=\"cta-container row align-items-center\">\n    <div class=\"col-md-7\">\n        <p class=\"cta-text rs-content-cta\">Orgullosos de servir a Duluth y a todo Georgia <span>\u00a1Cont\u00e1ctenos para comenzar su recuperaci\u00f3n!<\/span> <a href=\"https:\/\/slamdunkattorney.com\/es\/\">Explore nuestras \u00e1reas de pr\u00e1ctica<\/a><\/p>\n    <\/div>\n    <div class=\"col-md-5\">\n        <img decoding=\"async\" src=\"https:\/\/slamdunkattorney.com\/wp-content\/themes\/slam-dunk-rebuild\/assets\/app\/img\/map-cta.jpg\" alt=\"Legal Consultation\" class=\"img-fluid\"\/>\n    <\/div>\n<\/div><h2><span style=\"font-weight: 400;\">Muchos factores provocan accidentes de peatones<\/span><\/h2>\n<p><span style=\"font-weight: 400;\">La GHSA public\u00f3 un informe adicional en febrero de 2023 en el que se describen los factores recientemente reconocidos que intervienen en los accidentes de peatones, especialmente los que provocan la muerte. Desde la pandemia de COVID-19, se ha observado un aumento de la conducci\u00f3n peligrosa, que incluye acciones imprudentes y descuidadas al volante. El exceso de velocidad, especialmente en pueblos, ciudades y barrios, tambi\u00e9n contribuye a la posibilidad de atropellar a un peat\u00f3n con un veh\u00edculo.<\/span><\/p>\n<p><span style=\"font-weight: 400;\">Un factor que est\u00e1 cada vez m\u00e1s relacionado con los accidentes de peatones es el tama\u00f1o cada vez mayor de los camiones y los autom\u00f3viles. El <\/span><a href=\"https:\/\/www.iihs.org\/news\/detail\/vehicles-with-higher-more-vertical-front-ends-pose-greater-risk-to-pedestrians#:~:text=Whatever%20their%20nose%20shape%2C%20pickups,nearly%2018%2C000%20pedestrian%20crashes%20found.\" target=\"_blank\" rel=\"noopener\"><span style=\"font-weight: 400;\">Instituto de Seguros para la Seguridad en las Carreteras (IIHS)<\/span><\/a><span style=\"font-weight: 400;\"> informa que los veh\u00edculos con una altura de cap\u00f3 superior a 40 pulgadas conllevan un riesgo 45% mayor de atropellar a peatones. Teniendo en cuenta que un ni\u00f1o de 6 a\u00f1os mide de media entre 42 y 49 pulgadas, estos camiones, autom\u00f3viles y SUV m\u00e1s grandes suponen un riesgo a\u00fan mayor para los ni\u00f1os peque\u00f1os.<\/span><\/p>\n<p><span style=\"font-weight: 400;\">Otras razones incluyen las carreteras y el dise\u00f1o urbano, que se centran en los veh\u00edculos en lugar de en las personas. Muchas ciudades de Georgia se centran en construir m\u00e1s autopistas sin tener en cuenta la seguridad de los peatones. Sin embargo, en Duluth, Georgia, <\/span><a href=\"https:\/\/www.duluthga.net\/services\/planning___development\/current_projects___information\/city_projects\/index.php\" target=\"_blank\" rel=\"noopener\"><span style=\"font-weight: 400;\">proyectos urbanos recientes<\/span><\/a><span style=\"font-weight: 400;\"> han hecho hincapi\u00e9 en la instalaci\u00f3n y mejora de las aceras, los cruces peatonales y la se\u00f1alizaci\u00f3n para reducir el riesgo de accidentes de peatones.<\/span><\/p>\n\n<div class=\"cta-container map-bg row align-items-center flex-md-row-reverse\">\n    <div class=\"col-md-6\">\n        <p class=\"cta-text rs-content-cta\">Abogado especializado en accidentes de peatones en Duluth cerca de m\u00ed <a href=\"tel:+14049513513\">404-951-3513<\/a><\/p>\n    <\/div>\n    <div class=\"col-md-6 col-bg\">\n    <\/div>\n<\/div><h2><span style=\"font-weight: 400;\">Las lesiones de los peatones suelen ser graves<\/span><\/h2>\n<p><span style=\"font-weight: 400;\">En comparaci\u00f3n con el tama\u00f1o y el peso de un autom\u00f3vil, una persona corre un alto riesgo de sufrir lesiones catastr\u00f3ficas o la muerte. Incluso en un accidente a baja velocidad en el que el contacto es m\u00ednimo, el peat\u00f3n puede ser lanzado contra otros objetos o contra el tr\u00e1fico que se aproxima, con la posibilidad de ser atropellado. Independientemente de la gravedad de sus lesiones, usted podr\u00eda solicitar una indemnizaci\u00f3n por los da\u00f1os sufridos, que pueden incluir:<\/span><\/p>\n<ul>\n<li style=\"font-weight: 400;\" aria-level=\"1\"><span style=\"font-weight: 400;\">Facturas m\u00e9dicas<\/span><\/li>\n<li style=\"font-weight: 400;\" aria-level=\"1\"><span style=\"font-weight: 400;\">Gastos de transporte de emergencia<\/span><\/li>\n<li style=\"font-weight: 400;\" aria-level=\"1\"><span style=\"font-weight: 400;\">Gastos de cirug\u00eda, UCI y urgencias<\/span><\/li>\n<li style=\"font-weight: 400;\" aria-level=\"1\"><span style=\"font-weight: 400;\">Tarifas de rehabilitaci\u00f3n y terapia<\/span><\/li>\n<li style=\"font-weight: 400;\" aria-level=\"1\"><span style=\"font-weight: 400;\">P\u00e9rdida de ingresos y potencial de ingresos<\/span><\/li>\n<li style=\"font-weight: 400;\" aria-level=\"1\"><span style=\"font-weight: 400;\">Dolor y sufrimiento<\/span><\/li>\n<li style=\"font-weight: 400;\" aria-level=\"1\"><span style=\"font-weight: 400;\">Ansiedad y depresi\u00f3n<\/span><\/li>\n<li style=\"font-weight: 400;\" aria-level=\"1\"><span style=\"font-weight: 400;\">Trastorno por estr\u00e9s postraum\u00e1tico (TEPT)<\/span><\/li>\n<li style=\"font-weight: 400;\" aria-level=\"1\"><span style=\"font-weight: 400;\">Angustia mental<\/span><\/li>\n<\/ul>\n<p><span style=\"font-weight: 400;\">Su abogado especializado en accidentes de peatones en Duluth puede ayudarle a calcular el valor total de su reclamaci\u00f3n. Es posible que le aconsejen que comience con una reclamaci\u00f3n al seguro contra la parte culpable, aunque es posible que tenga que presentar una demanda para obtener una indemnizaci\u00f3n econ\u00f3mica completa. Sus da\u00f1os pueden incluir los gastos relacionados con las lesiones, tales como:<\/span><\/p>\n<h3><span style=\"font-weight: 400;\">Lesiones en la cabeza y da\u00f1o cerebral<\/span><\/h3>\n<p><span style=\"font-weight: 400;\">El impacto del veh\u00edculo podr\u00eda tirarte al suelo y hacer que te golpearas la cabeza contra el pavimento. Podr\u00edas sufrir una fractura de nariz, lesiones oculares, una conmoci\u00f3n cerebral u otras lesiones que requieran atenci\u00f3n de emergencia y un tratamiento extenso. Las lesiones cerebrales traum\u00e1ticas (TBI, por sus siglas en ingl\u00e9s) pueden provocar importantes deterioros cognitivos y motores, lo que podr\u00eda limitar tu capacidad para trabajar o cuidar de ti mismo.<\/span><\/p>\n<h3><span style=\"font-weight: 400;\">Traumatismo por fuerza contundente<\/span><\/h3>\n<p><span style=\"font-weight: 400;\">El impacto de un veh\u00edculo puede causar hematomas y da\u00f1os en los huesos, la piel y los \u00f3rganos internos. Un golpe lo suficientemente fuerte en el cuerpo puede romper huesos, cortar la aorta dentro del pecho o da\u00f1ar la m\u00e9dula espinal. Si la v\u00edctima sobrevive al impacto inicial, es probable que necesite transporte de emergencia a un hospital y cirug\u00eda para reparar el da\u00f1o.<\/span><\/p>\n<p><span style=\"font-weight: 400;\">Los traumatismos por fuerza contundente pueden ser tan devastadores que las v\u00edctimas mueren de inmediato o poco despu\u00e9s. Tambi\u00e9n pueden sufrir afecciones como hemorragias internas que les provocan la muerte al cabo de unas horas. Si sobreviven, pueden enfrentarse a una recuperaci\u00f3n larga o limitada, costosa y dif\u00edcil, que requiere la ayuda de un abogado especializado en accidentes de peatones en Duluth para solicitar una indemnizaci\u00f3n.<\/span><\/p>\n<h3><span style=\"font-weight: 400;\">Huesos rotos<\/span><\/h3>\n<p><span style=\"font-weight: 400;\">Muchas v\u00edctimas peatonales sufren fracturas en los huesos de los brazos o las piernas al ser atropelladas por un veh\u00edculo. Tambi\u00e9n pueden sufrir fracturas de costillas, que podr\u00edan perforar los pulmones, el coraz\u00f3n u otros \u00f3rganos. En algunos casos, un accidente peatonal puede provocar fracturas en la espalda o el cuello.<\/span><\/p>\n<p><span style=\"font-weight: 400;\">Aunque muchas fracturas \u00f3seas se pueden reparar f\u00e1cilmente, una fractura que no se cura completamente podr\u00eda provocar movilidad limitada y dolor cr\u00f3nico. Las v\u00edctimas de fracturas \u00f3seas tambi\u00e9n corren el riesgo de desarrollar infecciones, lo que podr\u00eda alargar su tiempo de recuperaci\u00f3n. Cuando aumentan los gastos m\u00e9dicos y de otro tipo, es fundamental contar con un abogado con experiencia en accidentes de peatones en Duluth de su lado.<\/span><\/p>\n<h3><span style=\"font-weight: 400;\">Cuando fallecen peatones, los sobrevivientes pueden tener derecho a reclamar da\u00f1os y perjuicios.<\/span><\/h3>\n<p><span style=\"font-weight: 400;\">Muchos peatones mueren en el acto en accidentes relacionados con la velocidad, la conducci\u00f3n imprudente o la conducci\u00f3n bajo los efectos del alcohol, pero otros pueden agonizar antes de sucumbir a sus lesiones.&nbsp;<\/span><\/p>\n<p><span style=\"font-weight: 400;\">En estos casos, usted puede tener derecho a presentar una demanda por muerte por negligencia para reclamar los gastos m\u00e9dicos, los gastos de entierro y funeral, y las p\u00e9rdidas sufridas por la familia que queda. <\/span><a href=\"http:\/\/ga.elaws.us\/law\/section51-4-2\" target=\"_blank\" rel=\"noopener\"><span style=\"font-weight: 400;\">C\u00f3digo de Georgia 51-4-2<\/span><\/a><span style=\"font-weight: 400;\"> regula qui\u00e9n puede presentar una demanda por homicidio culposo, y puede ser complicado, pero su <\/span><a href=\"https:\/\/slamdunkattorney.com\/es\/duluth\/wrongful-death-lawyer\/\"><span style=\"font-weight: 400;\">Abogado especializado en muerte por negligencia en Duluth<\/span><\/a><span style=\"font-weight: 400;\"> puede guiarle a trav\u00e9s del proceso.<\/span><\/p>\n\n<div class=\"cta-container row align-items-center\">\n    <div class=\"col-md-7\">\n        <p class=\"cta-text rs-content-cta\"><a class=\"no-btn\" href=\"https:\/\/slamdunkattorney.com\/es\/contact-us\/\">Haga clic para contactar<\/a> Nuestros abogados especializados en lesiones personales en Duluth, Georgia, hoy mismo.<\/p>\n    <\/div>\n    <div class=\"col-md-5\">\n        <img decoding=\"async\" src=\"https:\/\/slamdunkattorney.com\/wp-content\/themes\/slam-dunk-rebuild\/assets\/app\/img\/map-cta.jpg\" alt=\"Contact Us\" class=\"img-fluid\"\/>\n    <\/div>\n<\/div><h2><span style=\"font-weight: 400;\">Listo para luchar por ti<\/span><\/h2>\n<p><span style=\"font-weight: 400;\">Sufrir un accidente como peat\u00f3n puede alterar dr\u00e1sticamente su futuro y su salud. Cuando la culpa sea de otra persona, p\u00f3ngase en contacto con un abogado especializado en accidentes de peatones de Duluth en Slam Dunk Attorney para analizar su caso, comprender sus opciones legales y obtener la ayuda legal agresiva que necesita. Cont\u00e1ctenos para programar hoy mismo una revisi\u00f3n gratuita de su caso.&nbsp;<\/span><\/p>\n\n<div class=\"cta-container row align-items-center\">\n    <div class=\"col-md-7\">\n        <p class=\"cta-text rs-content-cta\">Llame o env\u00ede un mensaje de texto <a class=\"no-btn\" href=\"tel:+14049513513\">404-951-3513<\/a> o completar un <a href=\"https:\/\/slamdunkattorney.com\/es\/contact-us\/\">Formulario de evaluaci\u00f3n gratuita de su caso<\/a><\/p>\n    <\/div>\n    <div class=\"col-md-5\">\n        <img decoding=\"async\" src=\"https:\/\/slamdunkattorney.com\/wp-content\/themes\/slam-dunk-rebuild\/assets\/app\/img\/map-cta.jpg\" alt=\"Call or Text\" class=\"img-fluid\"\/>\n    <\/div>\n<\/div>","protected":false},"excerpt":{"rendered":"<p>Being hit by a car or truck while on foot can be physically and emotionally devastating. Many victims of pedestrian accidents are left with lifelong disabilities and astronomical medical bills because someone else was not careful. If you or a loved one was hurt this way, you need guidance from an experienced Duluth personal injury &#8230;<\/p>","protected":false},"author":2,"featured_media":0,"parent":22,"menu_order":0,"comment_status":"closed","ping_status":"closed","template":"","meta":{"_acf_changed":false,"_genesis_hide_title":false,"_genesis_hide_breadcrumbs":false,"_genesis_hide_singular_image":false,"_genesis_hide_footer_widgets":false,"_genesis_custom_body_class":"","_genesis_custom_post_class":"","_genesis_layout":"","ngg_post_thumbnail":0,"footnotes":""},"extra-categories":[],"hc_faqs":[],"class_list":{"0":"post-6013","1":"page","2":"type-page","3":"status-publish","5":"hc_city_location-duluth","6":"entry"},"acf":[],"yoast_head":"<!-- This site is optimized with the Yoast SEO plugin v27.4 - https:\/\/yoast.com\/product\/yoast-seo-wordpress\/ -->\n<title>Duluth Pedestrian Accident Lawyer | Free Consultation<\/title>\n<meta name=\"description\" content=\"Top Duluth pedestrian accident lawyers helping victims secure maximum compensation for injuries and losses. Get your free consultation now.\" \/>\n<meta name=\"robots\" content=\"index, follow, max-snippet:-1, max-image-preview:large, max-video-preview:-1\" \/>\n<link rel=\"canonical\" href=\"https:\/\/slamdunkattorney.com\/es\/duluth\/pedestrian-accident-lawyer\/\" \/>\n<meta property=\"og:locale\" content=\"es_MX\" \/>\n<meta property=\"og:type\" content=\"article\" \/>\n<meta property=\"og:title\" content=\"Duluth Pedestrian Accident Lawyer | Free Consultation\" \/>\n<meta property=\"og:description\" content=\"Top Duluth pedestrian accident lawyers helping victims secure maximum compensation for injuries and losses. Get your free consultation now.\" \/>\n<meta property=\"og:url\" content=\"https:\/\/slamdunkattorney.com\/es\/duluth\/pedestrian-accident-lawyer\/\" \/>\n<meta property=\"og:site_name\" content=\"Slam Dunk Attorney | Injury Lawyers\" \/>\n<meta property=\"article:publisher\" content=\"https:\/\/www.facebook.com\/slamdunkattorneyinjurylawyers\/\" \/>\n<meta property=\"article:modified_time\" content=\"2026-04-10T18:42:59+00:00\" \/>\n<meta property=\"og:image\" content=\"https:\/\/slamdunkattorney.com\/wp-content\/uploads\/2023\/05\/cropped-Logo.png\" \/>\n\t<meta property=\"og:image:width\" content=\"1080\" \/>\n\t<meta property=\"og:image:height\" content=\"240\" \/>\n\t<meta property=\"og:image:type\" content=\"image\/png\" \/>\n<meta name=\"twitter:card\" content=\"summary_large_image\" \/>\n<meta name=\"twitter:site\" content=\"@slamdunkattorney\" \/>\n<meta name=\"twitter:label1\" content=\"Est. reading time\" \/>\n\t<meta name=\"twitter:data1\" content=\"5 minutos\" \/>\n<script type=\"application\/ld+json\" class=\"yoast-schema-graph\">{\"@context\":\"https:\\\/\\\/schema.org\",\"@graph\":[{\"@type\":\"WebPage\",\"@id\":\"https:\\\/\\\/slamdunkattorney.com\\\/duluth\\\/pedestrian-accident-lawyer\\\/\",\"url\":\"https:\\\/\\\/slamdunkattorney.com\\\/duluth\\\/pedestrian-accident-lawyer\\\/\",\"name\":\"Duluth Pedestrian Accident Lawyer | Free Consultation\",\"isPartOf\":{\"@id\":\"https:\\\/\\\/slamdunkattorney.com\\\/#website\"},\"datePublished\":\"2024-05-21T16:44:57+00:00\",\"dateModified\":\"2026-04-10T18:42:59+00:00\",\"description\":\"Top Duluth pedestrian accident lawyers helping victims secure maximum compensation for injuries and losses. Get your free consultation now.\",\"breadcrumb\":{\"@id\":\"https:\\\/\\\/slamdunkattorney.com\\\/duluth\\\/pedestrian-accident-lawyer\\\/#breadcrumb\"},\"inLanguage\":\"es\",\"potentialAction\":[{\"@type\":\"ReadAction\",\"target\":[\"https:\\\/\\\/slamdunkattorney.com\\\/duluth\\\/pedestrian-accident-lawyer\\\/\"]}]},{\"@type\":\"BreadcrumbList\",\"@id\":\"https:\\\/\\\/slamdunkattorney.com\\\/duluth\\\/pedestrian-accident-lawyer\\\/#breadcrumb\",\"itemListElement\":[{\"@type\":\"ListItem\",\"position\":1,\"name\":\"Home\",\"item\":\"https:\\\/\\\/slamdunkattorney.com\\\/\"},{\"@type\":\"ListItem\",\"position\":2,\"name\":\"Duluth, GA Personal Injury Lawyer\",\"item\":\"https:\\\/\\\/slamdunkattorney.com\\\/\"},{\"@type\":\"ListItem\",\"position\":3,\"name\":\"Duluth Pedestrian Accident Lawyer\"}]},{\"@type\":\"WebSite\",\"@id\":\"https:\\\/\\\/slamdunkattorney.com\\\/#website\",\"url\":\"https:\\\/\\\/slamdunkattorney.com\\\/\",\"name\":\"Slam Dunk Attorney | Injury Lawyers\",\"description\":\"Duluth Personal Injury Lawyers\",\"publisher\":{\"@id\":\"https:\\\/\\\/slamdunkattorney.com\\\/#organization\"},\"alternateName\":\"Slam Dunk Attorney\",\"inLanguage\":\"es\"},{\"@type\":\"Organization\",\"@id\":\"https:\\\/\\\/slamdunkattorney.com\\\/#organization\",\"name\":\"Slam Dunk Attorney\",\"alternateName\":\"Slam Dunk\",\"url\":\"https:\\\/\\\/slamdunkattorney.com\\\/\",\"logo\":{\"@type\":\"ImageObject\",\"inLanguage\":\"es\",\"@id\":\"https:\\\/\\\/slamdunkattorney.com\\\/#\\\/schema\\\/logo\\\/image\\\/\",\"url\":\"https:\\\/\\\/slamdunkattorney.com\\\/wp-content\\\/uploads\\\/2023\\\/05\\\/cropped-Logo.png\",\"contentUrl\":\"https:\\\/\\\/slamdunkattorney.com\\\/wp-content\\\/uploads\\\/2023\\\/05\\\/cropped-Logo.png\",\"width\":1080,\"height\":240,\"caption\":\"Slam Dunk Attorney\"},\"image\":{\"@id\":\"https:\\\/\\\/slamdunkattorney.com\\\/#\\\/schema\\\/logo\\\/image\\\/\"},\"sameAs\":[\"https:\\\/\\\/www.facebook.com\\\/slamdunkattorneyinjurylawyers\\\/\",\"https:\\\/\\\/x.com\\\/slamdunkattorney\",\"https:\\\/\\\/www.instagram.com\\\/slamdunkattorney\\\/\",\"https:\\\/\\\/www.youtube.com\\\/channel\\\/UCSrOiC7vOjlCi3UgtIVGNtw\",\"https:\\\/\\\/www.linkedin.com\\\/company\\\/slamdunkattorneyinjurylawyers\"]}]}<\/script>\n<!-- \/ Yoast SEO plugin. -->","yoast_head_json":{"title":"Duluth Pedestrian Accident Lawyer | Free Consultation","description":"Top Duluth pedestrian accident lawyers helping victims secure maximum compensation for injuries and losses. Get your free consultation now.","robots":{"index":"index","follow":"follow","max-snippet":"max-snippet:-1","max-image-preview":"max-image-preview:large","max-video-preview":"max-video-preview:-1"},"canonical":"https:\/\/slamdunkattorney.com\/es\/duluth\/pedestrian-accident-lawyer\/","og_locale":"es_MX","og_type":"article","og_title":"Duluth Pedestrian Accident Lawyer | Free Consultation","og_description":"Top Duluth pedestrian accident lawyers helping victims secure maximum compensation for injuries and losses. Get your free consultation now.","og_url":"https:\/\/slamdunkattorney.com\/es\/duluth\/pedestrian-accident-lawyer\/","og_site_name":"Slam Dunk Attorney | Injury Lawyers","article_publisher":"https:\/\/www.facebook.com\/slamdunkattorneyinjurylawyers\/","article_modified_time":"2026-04-10T18:42:59+00:00","og_image":[{"width":1080,"height":240,"url":"https:\/\/slamdunkattorney.com\/wp-content\/uploads\/2023\/05\/cropped-Logo.png","type":"image\/png"}],"twitter_card":"summary_large_image","twitter_site":"@slamdunkattorney","twitter_misc":{"Est. reading time":"5 minutos"},"schema":{"@context":"https:\/\/schema.org","@graph":[{"@type":"WebPage","@id":"https:\/\/slamdunkattorney.com\/duluth\/pedestrian-accident-lawyer\/","url":"https:\/\/slamdunkattorney.com\/duluth\/pedestrian-accident-lawyer\/","name":"Duluth Pedestrian Accident Lawyer | Free Consultation","isPartOf":{"@id":"https:\/\/slamdunkattorney.com\/#website"},"datePublished":"2024-05-21T16:44:57+00:00","dateModified":"2026-04-10T18:42:59+00:00","description":"Top Duluth pedestrian accident lawyers helping victims secure maximum compensation for injuries and losses. Get your free consultation now.","breadcrumb":{"@id":"https:\/\/slamdunkattorney.com\/duluth\/pedestrian-accident-lawyer\/#breadcrumb"},"inLanguage":"es","potentialAction":[{"@type":"ReadAction","target":["https:\/\/slamdunkattorney.com\/duluth\/pedestrian-accident-lawyer\/"]}]},{"@type":"BreadcrumbList","@id":"https:\/\/slamdunkattorney.com\/duluth\/pedestrian-accident-lawyer\/#breadcrumb","itemListElement":[{"@type":"ListItem","position":1,"name":"Home","item":"https:\/\/slamdunkattorney.com\/"},{"@type":"ListItem","position":2,"name":"Duluth, GA Personal Injury Lawyer","item":"https:\/\/slamdunkattorney.com\/"},{"@type":"ListItem","position":3,"name":"Duluth Pedestrian Accident Lawyer"}]},{"@type":"WebSite","@id":"https:\/\/slamdunkattorney.com\/#website","url":"https:\/\/slamdunkattorney.com\/","name":"Abogado experto en lesiones | Abogados especializados en lesiones","description":"Abogados de lesiones personales en Duluth","publisher":{"@id":"https:\/\/slamdunkattorney.com\/#organization"},"alternateName":"Slam Dunk Attorney","inLanguage":"es"},{"@type":"Organization","@id":"https:\/\/slamdunkattorney.com\/#organization","name":"Abogado Slam Dunk","alternateName":"Slam Dunk","url":"https:\/\/slamdunkattorney.com\/","logo":{"@type":"ImageObject","inLanguage":"es","@id":"https:\/\/slamdunkattorney.com\/#\/schema\/logo\/image\/","url":"https:\/\/slamdunkattorney.com\/wp-content\/uploads\/2023\/05\/cropped-Logo.png","contentUrl":"https:\/\/slamdunkattorney.com\/wp-content\/uploads\/2023\/05\/cropped-Logo.png","width":1080,"height":240,"caption":"Slam Dunk Attorney"},"image":{"@id":"https:\/\/slamdunkattorney.com\/#\/schema\/logo\/image\/"},"sameAs":["https:\/\/www.facebook.com\/slamdunkattorneyinjurylawyers\/","https:\/\/x.com\/slamdunkattorney","https:\/\/www.instagram.com\/slamdunkattorney\/","https:\/\/www.youtube.com\/channel\/UCSrOiC7vOjlCi3UgtIVGNtw","https:\/\/www.linkedin.com\/company\/slamdunkattorneyinjurylawyers"]}]}},"yoast_meta":{"yoast_wpseo_title":"","yoast_wpseo_metadesc":"","yoast_wpseo_canonical":"https:\/\/slamdunkattorney.com\/es\/wp-json\/wp\/v2\/pages\/6013"},"_links":{"self":[{"href":"https:\/\/slamdunkattorney.com\/es\/wp-json\/wp\/v2\/pages\/6013","targetHints":{"allow":["GET"]}}],"collection":[{"href":"https:\/\/slamdunkattorney.com\/es\/wp-json\/wp\/v2\/pages"}],"about":[{"href":"https:\/\/slamdunkattorney.com\/es\/wp-json\/wp\/v2\/types\/page"}],"author":[{"embeddable":true,"href":"https:\/\/slamdunkattorney.com\/es\/wp-json\/wp\/v2\/users\/2"}],"replies":[{"embeddable":true,"href":"https:\/\/slamdunkattorney.com\/es\/wp-json\/wp\/v2\/comments?post=6013"}],"version-history":[{"count":0,"href":"https:\/\/slamdunkattorney.com\/es\/wp-json\/wp\/v2\/pages\/6013\/revisions"}],"up":[{"embeddable":true,"href":"https:\/\/slamdunkattorney.com\/es\/wp-json\/wp\/v2\/pages\/22"}],"wp:attachment":[{"href":"https:\/\/slamdunkattorney.com\/es\/wp-json\/wp\/v2\/media?parent=6013"}],"wp:term":[{"taxonomy":"extra-categories","embeddable":true,"href":"https:\/\/slamdunkattorney.com\/es\/wp-json\/wp\/v2\/extra-categories?post=6013"},{"taxonomy":"hc_faqs","embeddable":true,"href":"https:\/\/slamdunkattorney.com\/es\/wp-json\/wp\/v2\/hc_faqs?post=6013"}],"curies":[{"name":"wp","href":"https:\/\/api.w.org\/{rel}","templated":true}]}}