{"id":5912,"date":"2024-04-23T15:54:58","date_gmt":"2024-04-23T15:54:58","guid":{"rendered":"https:\/\/slamdunk.wpenginepowered.com\/?page_id=5912"},"modified":"2026-01-29T07:47:51","modified_gmt":"2026-01-29T07:47:51","slug":"duluth-dog-bite-lawyer","status":"publish","type":"page","link":"https:\/\/slamdunkattorney.com\/es\/duluth\/dog-bite-lawyer\/","title":{"rendered":"Abogado especializado en mordeduras de perro en Duluth"},"content":{"rendered":"<p><span style=\"font-weight: 400;\">Usted tiene opciones legales para obtener una compensaci\u00f3n econ\u00f3mica tras el ataque de un animal. Un abogado especializado en mordeduras de perro en Duluth puede evaluar su situaci\u00f3n, reunir pruebas y ayudarle a obtener la m\u00e1xima indemnizaci\u00f3n por sus gastos m\u00e9dicos, salarios perdidos, dolor y sufrimiento.\u00a0<\/span><\/p>\n<p><span style=\"font-weight: 400;\">Un abogado experto de nuestro equipo le dar\u00e1 prioridad y elaborar\u00e1 una estrategia eficaz para resolver su reclamaci\u00f3n. No tememos llevar su caso a juicio para garantizar que reciba un trato justo. Puede comentar su situaci\u00f3n ahora mismo con un <\/span><a href=\"https:\/\/slamdunkattorney.com\/es\/\">Abogado especializado en lesiones personales en Duluth<\/a><span style=\"font-weight: 400;\">.\u00a0<\/span><\/p>\n<p><span style=\"font-weight: 400;\">Descubra c\u00f3mo podemos ayudarle llam\u00e1ndonos por tel\u00e9fono o rellenando nuestro formulario de contacto en l\u00ednea.\u00a0<\/span><\/p>\n<h2><span style=\"font-weight: 400;\">\u00bfSe puede presentar una demanda despu\u00e9s de un ataque de perro en Duluth?<\/span><\/h2>\n<p><span style=\"font-weight: 400;\">Georgia <\/span><span style=\"font-weight: 400;\">C\u00f3digo \u00a7 51-2-7 <\/span><span style=\"font-weight: 400;\">proporciona informaci\u00f3n sobre la responsabilidad por mordeduras de perro en el estado. Los c\u00f3digos legales del estado solo responsabilizan al due\u00f1o de un perro por los costos de un ataque si:<\/span><\/p>\n<ul>\n<li style=\"font-weight: 400;\"><span style=\"font-weight: 400;\">Tienen un perro clasificado como peligroso o agresivo.\u00a0<\/span><\/li>\n<li style=\"font-weight: 400;\"><span style=\"font-weight: 400;\">El ataque se produjo por un descuido del propietario O<\/span><\/li>\n<li style=\"font-weight: 400;\"><span style=\"font-weight: 400;\">El ataque se produjo porque el due\u00f1o dej\u00f3 que el perro anduviera suelto Y<\/span><\/li>\n<li style=\"font-weight: 400;\"><span style=\"font-weight: 400;\">No provocaste el ataque.<\/span><\/li>\n<\/ul>\n<p><span style=\"font-weight: 400;\">Su abogado debe establecer todos estos hechos para obtener una indemnizaci\u00f3n tras el ataque de un animal. Podemos utilizar pruebas del comportamiento anterior del perro o demostrar que el due\u00f1o infringi\u00f3 una ordenanza local para fundamentar su demanda.\u00a0<\/span><\/p>\n<p><span style=\"font-weight: 400;\">Puede ponerse en contacto con nosotros inmediatamente despu\u00e9s de un accidente para ver si re\u00fane los requisitos para presentar una reclamaci\u00f3n. Le recomendamos que tambi\u00e9n informe del accidente al control de animales y busque atenci\u00f3n m\u00e9dica inmediata.\u00a0<\/span><\/p>\n<h3><span style=\"font-weight: 400;\">\u00bfPuede un abogado ayudar despu\u00e9s de un ataque mortal por parte de un animal?<\/span><\/h3>\n<p><span style=\"font-weight: 400;\">Entendemos que algunos ataques de perros pueden tener consecuencias fatales. En esta situaci\u00f3n, su familia puede recurrir a un <\/span>Abogado especializado en muerte por negligencia en Duluth <span style=\"font-weight: 400;\">para recibir orientaci\u00f3n compasiva a trav\u00e9s del sistema legal. Podemos ayudarle a presentar una demanda tras la p\u00e9rdida de su c\u00f3nyuge, padre, madre o hijo.\u00a0<\/span><\/p>\n\n<div class=\"cta-container row align-items-center\">\n    <div class=\"col-md-7\">\n        <p class=\"cta-text rs-content-cta\">Orgullosos de servir a Duluth y a todo Georgia <span>\u00a1Cont\u00e1ctenos para comenzar su recuperaci\u00f3n!<\/span> <a href=\"https:\/\/slamdunkattorney.com\/es\/\">Explore nuestras \u00e1reas de pr\u00e1ctica<\/a><\/p>\n    <\/div>\n    <div class=\"col-md-5\">\n        <img decoding=\"async\" src=\"https:\/\/slamdunkattorney.com\/wp-content\/themes\/slam-dunk-rebuild\/assets\/app\/img\/map-cta.jpg\" alt=\"Legal Consultation\" class=\"img-fluid\"\/>\n    <\/div>\n<\/div><h2><span style=\"font-weight: 400;\">\u00bfQu\u00e9 indemnizaci\u00f3n puede obtener tras la mordedura de un perro?<\/span><\/h2>\n<p><span style=\"font-weight: 400;\">Un abogado especializado en mordeduras de perro puede ayudarle a obtener una indemnizaci\u00f3n justa por cualquier p\u00e9rdida causada por el ataque de un animal. Nuestro equipo puede ayudarle con los fondos para:<\/span><\/p>\n<h3><span style=\"font-weight: 400;\">Gastos m\u00e9dicos<\/span><\/h3>\n<p><span style=\"font-weight: 400;\">Las mordeduras de perro suelen causar lesiones graves, incluyendo da\u00f1os en tejidos blandos como tendones y ligamentos. Pueden romper huesos, provocar cicatrices y dejarte con infecciones graves que requieren atenci\u00f3n m\u00e9dica inmediata.\u00a0<\/span><\/p>\n<p><span style=\"font-weight: 400;\">Podemos presionar para conseguirle fondos para tratamientos de emergencia, medicamentos y fisioterapia.\u00a0<\/span><\/p>\n<h3><span style=\"font-weight: 400;\">Salario perdido<\/span><\/h3>\n<p><span style=\"font-weight: 400;\">Es posible que necesites ausentarte del trabajo para recuperarte de una mordedura de perro. Haremos un seguimiento de tu salario perdido y lo incluiremos en tu reclamaci\u00f3n de indemnizaci\u00f3n. Algunos de nuestros clientes reciben fondos para cubrir su p\u00e9rdida de ingresos potenciales. Haremos todo lo posible para garantizar que obtengas una indemnizaci\u00f3n justa.\u00a0<\/span><\/p>\n<h3><span style=\"font-weight: 400;\">Dolor y sufrimiento<\/span><\/h3>\n<p><span style=\"font-weight: 400;\">Por \u00faltimo, creemos que nuestros clientes merecen recibir una indemnizaci\u00f3n por el sufrimiento mental y el dolor emocional causados por la mordedura de un animal. Estos ataques pueden provocar traumas duraderos que, en nuestra opini\u00f3n, la parte culpable debe compensar econ\u00f3micamente.\u00a0<\/span><\/p>\n\n<div class=\"cta-container map-bg row align-items-center flex-md-row-reverse\">\n    <div class=\"col-md-6\">\n        <p class=\"cta-text rs-content-cta\">Abogado especializado en mordeduras de perro cerca de m\u00ed en Duluth <a href=\"tel:+14049513513\">404-951-3513<\/a><\/p>\n    <\/div>\n    <div class=\"col-md-6 col-bg\">\n    <\/div>\n<\/div><h2><span style=\"font-weight: 400;\">\u00bfPor qu\u00e9 elegirnos para su reclamaci\u00f3n por mordedura de perro?<\/span><\/h2>\n<p><span style=\"font-weight: 400;\">Slam Dunk Attorney te dar\u00e1 prioridad tras un ataque animal, proporcion\u00e1ndote una comunicaci\u00f3n transparente y abierta. Proporcionamos a nuestros clientes actualizaciones semanales sobre sus casos, para que nunca tengas que preguntarte cu\u00e1l es el estado de tu reclamaci\u00f3n.\u00a0<\/span><\/p>\n<p><span style=\"font-weight: 400;\">Nuestro equipo cuenta con d\u00e9cadas de experiencia combinada que utilizamos para reclamar agresivamente las indemnizaciones por da\u00f1os y perjuicios para clientes como usted. Preparamos reclamaciones dise\u00f1adas para ir a juicio porque representamos un riesgo real para las compa\u00f1\u00edas de seguros que podr\u00edan intentar rechazar su reclamaci\u00f3n.\u00a0<\/span><\/p>\n<p><span style=\"font-weight: 400;\">Puede ponerse en contacto con nosotros inmediatamente despu\u00e9s de un accidente y concertaremos una cita para analizar su situaci\u00f3n. Incluso podemos ayudarle a conseguir transporte hasta nuestra oficina cuando sea necesario. Le acompa\u00f1aremos hasta que se resuelva su reclamaci\u00f3n.\u00a0<\/span><\/p>\n\n<div class=\"cta-container row align-items-center\">\n    <div class=\"col-md-7\">\n        <p class=\"cta-text rs-content-cta\"><a class=\"no-btn\" href=\"https:\/\/slamdunkattorney.com\/es\/contact-us\/\">Haga clic para contactar<\/a> Nuestros abogados especializados en lesiones personales en Duluth, Georgia, hoy mismo.<\/p>\n    <\/div>\n    <div class=\"col-md-5\">\n        <img decoding=\"async\" src=\"https:\/\/slamdunkattorney.com\/wp-content\/themes\/slam-dunk-rebuild\/assets\/app\/img\/map-cta.jpg\" alt=\"Contact Us\" class=\"img-fluid\"\/>\n    <\/div>\n<\/div><h2><span style=\"font-weight: 400;\">\u00bfC\u00f3mo puede investigar un abogado especializado en mordeduras de perro en Duluth?<\/span><\/h2>\n<p><span style=\"font-weight: 400;\">Nuestro equipo utiliza varias estrategias para determinar qu\u00e9 sucedi\u00f3 en un ataque animal. En algunos casos, podemos hablar con testigos y obtener informaci\u00f3n del control de animales. Tambi\u00e9n podemos revisar las grabaciones de las c\u00e1maras de vigilancia de los negocios cercanos que podr\u00edan haber capturado el ataque.\u00a0<\/span><\/p>\n<p><span style=\"font-weight: 400;\">Puede ayudarnos a construir un caso exitoso obteniendo la informaci\u00f3n de contacto de cualquier testigo, denunciando el ataque y tomando fotograf\u00edas de sus lesiones. Recibir atenci\u00f3n m\u00e9dica inmediata tambi\u00e9n puede ayudar a demostrar que el ataque caus\u00f3 sus lesiones y p\u00e9rdidas.\u00a0<\/span><\/p>\n<p><span style=\"font-weight: 400;\">Un abogado especializado en mordeduras de perro en Duluth puede utilizar sus registros m\u00e9dicos y las declaraciones de sus m\u00e9dicos para preparar su demanda.\u00a0<\/span><\/p>\n\n<div class=\"cta-container map-bg row align-items-center flex-md-row-reverse\">\n    <div class=\"col-md-6\">\n        <p class=\"cta-text rs-content-cta\">Completa un <a href=\"https:\/\/slamdunkattorney.com\/es\/contact-us\/\">Formulario de evaluaci\u00f3n gratuita de su caso<\/a> ahora<\/p>\n    <\/div>\n    <div class=\"col-md-6 col-bg\">\n    <\/div>\n<\/div><h2><span style=\"font-weight: 400;\">\u00bfCu\u00e1nto cuesta demandar a alguien despu\u00e9s de una mordedura de perro?<\/span><\/h2>\n<p><span style=\"font-weight: 400;\">Podemos ayudarle a presentar una demanda con honorarios contingentes en Duluth. Por lo tanto, el costo de demandar al due\u00f1o del perro variar\u00e1 seg\u00fan cada caso. Solo recibimos el pago de los honorarios legales despu\u00e9s de resolver su reclamaci\u00f3n, y entonces el bufete obtendr\u00e1 un porcentaje de la indemnizaci\u00f3n final.\u00a0<\/span><\/p>\n<p><span style=\"font-weight: 400;\">Puede obtener m\u00e1s informaci\u00f3n <\/span><a href=\"https:\/\/slamdunkattorney.com\/es\/about-us\/\"><span style=\"font-weight: 400;\">qui\u00e9nes somos<\/span><\/a><span style=\"font-weight: 400;\"> y nuestro sistema de pago despu\u00e9s de ponerse en contacto con nosotros para una consulta sin compromiso.\u00a0<\/span><\/p>\n<h2><span style=\"font-weight: 400;\">\u00bfCu\u00e1nto tiempo tienes para presentar una demanda por mordedura de perro?<\/span><\/h2>\n<p><span style=\"font-weight: 400;\">Debe presentar una demanda despu\u00e9s de un ataque animal antes de que expire el plazo de prescripci\u00f3n de Georgia. En la mayor\u00eda de los casos, el sistema judicial le concede dos a\u00f1os para solicitar una indemnizaci\u00f3n por sus p\u00e9rdidas.\u00a0<\/span><\/p>\n<p><span style=\"font-weight: 400;\">Estamos listos para tramitar su reclamaci\u00f3n y sabemos c\u00f3mo lidiar con las t\u00e1cticas dilatorias de la compa\u00f1\u00eda de seguros. Podemos sortear sus obst\u00e1culos y llegar hasta el final para ayudarle a obtener la m\u00e1xima indemnizaci\u00f3n.\u00a0<\/span><\/p>\n<h2><span style=\"font-weight: 400;\">Prepare su demanda con un abogado especializado en mordeduras de perro en Duluth.<\/span><\/h2>\n<p><span style=\"font-weight: 400;\">Puede obtener ayuda profesional de un abogado especializado en mordeduras de perro en Duluth despu\u00e9s de sufrir el ataque de un animal. Slam Dunk Attorney puede responder a sus preguntas y brindarle la atenci\u00f3n personalizada que merece despu\u00e9s de sufrir lesiones graves.\u00a0<\/span><\/p>\n<p><span style=\"font-weight: 400;\">Estamos listos para guiarlo a trav\u00e9s del proceso legal cuando nos llame o complete nuestro formulario. <\/span><a href=\"https:\/\/slamdunkattorney.com\/es\/contact-us\/\"><span style=\"font-weight: 400;\">formulario de contacto en l\u00ednea<\/span><\/a><span style=\"font-weight: 400;\">.<\/span><\/p>\n\n<div class=\"cta-container row align-items-center\">\n    <div class=\"col-md-7\">\n        <p class=\"cta-text rs-content-cta\">Llame o env\u00ede un mensaje de texto <a class=\"no-btn\" href=\"tel:+14049513513\">404-951-3513<\/a> o completar un <a href=\"https:\/\/slamdunkattorney.com\/es\/contact-us\/\">Formulario de evaluaci\u00f3n gratuita de su caso<\/a><\/p>\n    <\/div>\n    <div class=\"col-md-5\">\n        <img decoding=\"async\" src=\"https:\/\/slamdunkattorney.com\/wp-content\/themes\/slam-dunk-rebuild\/assets\/app\/img\/map-cta.jpg\" alt=\"Call or Text\" class=\"img-fluid\"\/>\n    <\/div>\n<\/div>","protected":false},"excerpt":{"rendered":"<p>You have legal options to get financial compensation after an animal attack. A Duluth dog bite lawyer can assess your situation, gather evidence, and help you secure maximum damages for your medical bills, lost pay, pain, and suffering.\u00a0 A Slam Dunk Attorney from our team will put you first and build an effective strategy to &#8230;<\/p>","protected":false},"author":2,"featured_media":5913,"parent":22,"menu_order":0,"comment_status":"closed","ping_status":"closed","template":"page-practice-areas.php","meta":{"_acf_changed":false,"_genesis_hide_title":false,"_genesis_hide_breadcrumbs":false,"_genesis_hide_singular_image":false,"_genesis_hide_footer_widgets":false,"_genesis_custom_body_class":"","_genesis_custom_post_class":"","_genesis_layout":"","ngg_post_thumbnail":0,"footnotes":""},"extra-categories":[65],"hc_faqs":[],"class_list":{"0":"post-5912","1":"page","2":"type-page","3":"status-publish","4":"has-post-thumbnail","6":"extra-categories-featured-practices","7":"hc_city_location-duluth","8":"entry"},"acf":[],"yoast_head":"<!-- This site is optimized with the Yoast SEO plugin v27.3 - https:\/\/yoast.com\/product\/yoast-seo-wordpress\/ -->\n<title>Dog Bite Lawyer in Duluth | Free Consultations<\/title>\n<meta name=\"description\" content=\"Duluth Dog Bite Lawyer: Slam Dunk Attorney has helped thousands of Georgia clients. No Win, No Fee.\" \/>\n<meta name=\"robots\" content=\"index, follow, max-snippet:-1, max-image-preview:large, max-video-preview:-1\" \/>\n<link rel=\"canonical\" href=\"https:\/\/slamdunkattorney.com\/es\/duluth\/dog-bite-lawyer\/\" \/>\n<meta property=\"og:locale\" content=\"es_MX\" \/>\n<meta property=\"og:type\" content=\"article\" \/>\n<meta property=\"og:title\" content=\"Dog Bite Lawyer in Duluth | Free Consultations\" \/>\n<meta property=\"og:description\" content=\"Duluth Dog Bite Lawyer: Slam Dunk Attorney has helped thousands of Georgia clients. No Win, No Fee.\" \/>\n<meta property=\"og:url\" content=\"https:\/\/slamdunkattorney.com\/es\/duluth\/dog-bite-lawyer\/\" \/>\n<meta property=\"og:site_name\" content=\"Slam Dunk Attorney | Injury Lawyers\" \/>\n<meta property=\"article:publisher\" content=\"https:\/\/www.facebook.com\/slamdunkattorneyinjurylawyers\/\" \/>\n<meta property=\"article:modified_time\" content=\"2026-01-29T07:47:51+00:00\" \/>\n<meta property=\"og:image\" content=\"https:\/\/slamdunkattorney.com\/wp-content\/uploads\/2024\/04\/duluth-dog-bite-lawyer.jpg\" \/>\n\t<meta property=\"og:image:width\" content=\"1000\" \/>\n\t<meta property=\"og:image:height\" content=\"666\" \/>\n\t<meta property=\"og:image:type\" content=\"image\/jpeg\" \/>\n<meta name=\"twitter:card\" content=\"summary_large_image\" \/>\n<meta name=\"twitter:site\" content=\"@slamdunkattorney\" \/>\n<meta name=\"twitter:label1\" content=\"Est. reading time\" \/>\n\t<meta name=\"twitter:data1\" content=\"5 minutos\" \/>\n<script type=\"application\/ld+json\" class=\"yoast-schema-graph\">{\"@context\":\"https:\\\/\\\/schema.org\",\"@graph\":[{\"@type\":\"WebPage\",\"@id\":\"https:\\\/\\\/slamdunkattorney.com\\\/duluth\\\/dog-bite-lawyer\\\/\",\"url\":\"https:\\\/\\\/slamdunkattorney.com\\\/duluth\\\/dog-bite-lawyer\\\/\",\"name\":\"Dog Bite Lawyer in Duluth | Free Consultations\",\"isPartOf\":{\"@id\":\"https:\\\/\\\/slamdunkattorney.com\\\/#website\"},\"primaryImageOfPage\":{\"@id\":\"https:\\\/\\\/slamdunkattorney.com\\\/duluth\\\/dog-bite-lawyer\\\/#primaryimage\"},\"image\":{\"@id\":\"https:\\\/\\\/slamdunkattorney.com\\\/duluth\\\/dog-bite-lawyer\\\/#primaryimage\"},\"thumbnailUrl\":\"https:\\\/\\\/slamdunkattorney.com\\\/wp-content\\\/uploads\\\/2024\\\/04\\\/duluth-dog-bite-lawyer.jpg\",\"datePublished\":\"2024-04-23T15:54:58+00:00\",\"dateModified\":\"2026-01-29T07:47:51+00:00\",\"description\":\"Duluth Dog Bite Lawyer: Slam Dunk Attorney has helped thousands of Georgia clients. No Win, No Fee.\",\"breadcrumb\":{\"@id\":\"https:\\\/\\\/slamdunkattorney.com\\\/duluth\\\/dog-bite-lawyer\\\/#breadcrumb\"},\"inLanguage\":\"es\",\"potentialAction\":[{\"@type\":\"ReadAction\",\"target\":[\"https:\\\/\\\/slamdunkattorney.com\\\/duluth\\\/dog-bite-lawyer\\\/\"]}]},{\"@type\":\"ImageObject\",\"inLanguage\":\"es\",\"@id\":\"https:\\\/\\\/slamdunkattorney.com\\\/duluth\\\/dog-bite-lawyer\\\/#primaryimage\",\"url\":\"https:\\\/\\\/slamdunkattorney.com\\\/wp-content\\\/uploads\\\/2024\\\/04\\\/duluth-dog-bite-lawyer.jpg\",\"contentUrl\":\"https:\\\/\\\/slamdunkattorney.com\\\/wp-content\\\/uploads\\\/2024\\\/04\\\/duluth-dog-bite-lawyer.jpg\",\"width\":1000,\"height\":666,\"caption\":\"Beware,Of,Dog,Sign,On,Fence\"},{\"@type\":\"BreadcrumbList\",\"@id\":\"https:\\\/\\\/slamdunkattorney.com\\\/duluth\\\/dog-bite-lawyer\\\/#breadcrumb\",\"itemListElement\":[{\"@type\":\"ListItem\",\"position\":1,\"name\":\"Home\",\"item\":\"https:\\\/\\\/slamdunkattorney.com\\\/\"},{\"@type\":\"ListItem\",\"position\":2,\"name\":\"Duluth, GA Personal Injury Lawyer\",\"item\":\"https:\\\/\\\/slamdunkattorney.com\\\/\"},{\"@type\":\"ListItem\",\"position\":3,\"name\":\"Duluth Dog Bite Lawyer\"}]},{\"@type\":\"WebSite\",\"@id\":\"https:\\\/\\\/slamdunkattorney.com\\\/#website\",\"url\":\"https:\\\/\\\/slamdunkattorney.com\\\/\",\"name\":\"Slam Dunk Attorney | Injury Lawyers\",\"description\":\"Duluth Personal Injury Lawyers\",\"publisher\":{\"@id\":\"https:\\\/\\\/slamdunkattorney.com\\\/#organization\"},\"alternateName\":\"Slam Dunk Attorney\",\"inLanguage\":\"es\"},{\"@type\":\"Organization\",\"@id\":\"https:\\\/\\\/slamdunkattorney.com\\\/#organization\",\"name\":\"Slam Dunk Attorney\",\"alternateName\":\"Slam Dunk\",\"url\":\"https:\\\/\\\/slamdunkattorney.com\\\/\",\"logo\":{\"@type\":\"ImageObject\",\"inLanguage\":\"es\",\"@id\":\"https:\\\/\\\/slamdunkattorney.com\\\/#\\\/schema\\\/logo\\\/image\\\/\",\"url\":\"https:\\\/\\\/slamdunkattorney.com\\\/wp-content\\\/uploads\\\/2023\\\/05\\\/cropped-Logo.png\",\"contentUrl\":\"https:\\\/\\\/slamdunkattorney.com\\\/wp-content\\\/uploads\\\/2023\\\/05\\\/cropped-Logo.png\",\"width\":1080,\"height\":240,\"caption\":\"Slam Dunk Attorney\"},\"image\":{\"@id\":\"https:\\\/\\\/slamdunkattorney.com\\\/#\\\/schema\\\/logo\\\/image\\\/\"},\"sameAs\":[\"https:\\\/\\\/www.facebook.com\\\/slamdunkattorneyinjurylawyers\\\/\",\"https:\\\/\\\/x.com\\\/slamdunkattorney\",\"https:\\\/\\\/www.instagram.com\\\/slamdunkattorney\\\/\",\"https:\\\/\\\/www.youtube.com\\\/channel\\\/UCSrOiC7vOjlCi3UgtIVGNtw\",\"https:\\\/\\\/www.linkedin.com\\\/company\\\/slamdunkattorneyinjurylawyers\"]}]}<\/script>\n<!-- \/ Yoast SEO plugin. -->","yoast_head_json":{"title":"Dog Bite Lawyer in Duluth | Free Consultations","description":"Duluth Dog Bite Lawyer: Slam Dunk Attorney has helped thousands of Georgia clients. No Win, No Fee.","robots":{"index":"index","follow":"follow","max-snippet":"max-snippet:-1","max-image-preview":"max-image-preview:large","max-video-preview":"max-video-preview:-1"},"canonical":"https:\/\/slamdunkattorney.com\/es\/duluth\/dog-bite-lawyer\/","og_locale":"es_MX","og_type":"article","og_title":"Dog Bite Lawyer in Duluth | Free Consultations","og_description":"Duluth Dog Bite Lawyer: Slam Dunk Attorney has helped thousands of Georgia clients. No Win, No Fee.","og_url":"https:\/\/slamdunkattorney.com\/es\/duluth\/dog-bite-lawyer\/","og_site_name":"Slam Dunk Attorney | Injury Lawyers","article_publisher":"https:\/\/www.facebook.com\/slamdunkattorneyinjurylawyers\/","article_modified_time":"2026-01-29T07:47:51+00:00","og_image":[{"width":1000,"height":666,"url":"https:\/\/slamdunkattorney.com\/wp-content\/uploads\/2024\/04\/duluth-dog-bite-lawyer.jpg","type":"image\/jpeg"}],"twitter_card":"summary_large_image","twitter_site":"@slamdunkattorney","twitter_misc":{"Est. reading time":"5 minutos"},"schema":{"@context":"https:\/\/schema.org","@graph":[{"@type":"WebPage","@id":"https:\/\/slamdunkattorney.com\/duluth\/dog-bite-lawyer\/","url":"https:\/\/slamdunkattorney.com\/duluth\/dog-bite-lawyer\/","name":"Dog Bite Lawyer in Duluth | Free Consultations","isPartOf":{"@id":"https:\/\/slamdunkattorney.com\/#website"},"primaryImageOfPage":{"@id":"https:\/\/slamdunkattorney.com\/duluth\/dog-bite-lawyer\/#primaryimage"},"image":{"@id":"https:\/\/slamdunkattorney.com\/duluth\/dog-bite-lawyer\/#primaryimage"},"thumbnailUrl":"https:\/\/slamdunkattorney.com\/wp-content\/uploads\/2024\/04\/duluth-dog-bite-lawyer.jpg","datePublished":"2024-04-23T15:54:58+00:00","dateModified":"2026-01-29T07:47:51+00:00","description":"Duluth Dog Bite Lawyer: Slam Dunk Attorney has helped thousands of Georgia clients. No Win, No Fee.","breadcrumb":{"@id":"https:\/\/slamdunkattorney.com\/duluth\/dog-bite-lawyer\/#breadcrumb"},"inLanguage":"es","potentialAction":[{"@type":"ReadAction","target":["https:\/\/slamdunkattorney.com\/duluth\/dog-bite-lawyer\/"]}]},{"@type":"ImageObject","inLanguage":"es","@id":"https:\/\/slamdunkattorney.com\/duluth\/dog-bite-lawyer\/#primaryimage","url":"https:\/\/slamdunkattorney.com\/wp-content\/uploads\/2024\/04\/duluth-dog-bite-lawyer.jpg","contentUrl":"https:\/\/slamdunkattorney.com\/wp-content\/uploads\/2024\/04\/duluth-dog-bite-lawyer.jpg","width":1000,"height":666,"caption":"Beware,Of,Dog,Sign,On,Fence"},{"@type":"BreadcrumbList","@id":"https:\/\/slamdunkattorney.com\/duluth\/dog-bite-lawyer\/#breadcrumb","itemListElement":[{"@type":"ListItem","position":1,"name":"Home","item":"https:\/\/slamdunkattorney.com\/"},{"@type":"ListItem","position":2,"name":"Duluth, GA Personal Injury Lawyer","item":"https:\/\/slamdunkattorney.com\/"},{"@type":"ListItem","position":3,"name":"Duluth Dog Bite Lawyer"}]},{"@type":"WebSite","@id":"https:\/\/slamdunkattorney.com\/#website","url":"https:\/\/slamdunkattorney.com\/","name":"Abogado experto en lesiones | Abogados especializados en lesiones","description":"Abogados de lesiones personales en Duluth","publisher":{"@id":"https:\/\/slamdunkattorney.com\/#organization"},"alternateName":"Slam Dunk Attorney","inLanguage":"es"},{"@type":"Organization","@id":"https:\/\/slamdunkattorney.com\/#organization","name":"Abogado Slam Dunk","alternateName":"Slam Dunk","url":"https:\/\/slamdunkattorney.com\/","logo":{"@type":"ImageObject","inLanguage":"es","@id":"https:\/\/slamdunkattorney.com\/#\/schema\/logo\/image\/","url":"https:\/\/slamdunkattorney.com\/wp-content\/uploads\/2023\/05\/cropped-Logo.png","contentUrl":"https:\/\/slamdunkattorney.com\/wp-content\/uploads\/2023\/05\/cropped-Logo.png","width":1080,"height":240,"caption":"Slam Dunk Attorney"},"image":{"@id":"https:\/\/slamdunkattorney.com\/#\/schema\/logo\/image\/"},"sameAs":["https:\/\/www.facebook.com\/slamdunkattorneyinjurylawyers\/","https:\/\/x.com\/slamdunkattorney","https:\/\/www.instagram.com\/slamdunkattorney\/","https:\/\/www.youtube.com\/channel\/UCSrOiC7vOjlCi3UgtIVGNtw","https:\/\/www.linkedin.com\/company\/slamdunkattorneyinjurylawyers"]}]}},"yoast_meta":{"yoast_wpseo_title":"","yoast_wpseo_metadesc":"","yoast_wpseo_canonical":"https:\/\/slamdunkattorney.com\/es\/wp-json\/wp\/v2\/pages\/5912"},"_links":{"self":[{"href":"https:\/\/slamdunkattorney.com\/es\/wp-json\/wp\/v2\/pages\/5912","targetHints":{"allow":["GET"]}}],"collection":[{"href":"https:\/\/slamdunkattorney.com\/es\/wp-json\/wp\/v2\/pages"}],"about":[{"href":"https:\/\/slamdunkattorney.com\/es\/wp-json\/wp\/v2\/types\/page"}],"author":[{"embeddable":true,"href":"https:\/\/slamdunkattorney.com\/es\/wp-json\/wp\/v2\/users\/2"}],"replies":[{"embeddable":true,"href":"https:\/\/slamdunkattorney.com\/es\/wp-json\/wp\/v2\/comments?post=5912"}],"version-history":[{"count":0,"href":"https:\/\/slamdunkattorney.com\/es\/wp-json\/wp\/v2\/pages\/5912\/revisions"}],"up":[{"embeddable":true,"href":"https:\/\/slamdunkattorney.com\/es\/wp-json\/wp\/v2\/pages\/22"}],"wp:featuredmedia":[{"embeddable":true,"href":"https:\/\/slamdunkattorney.com\/es\/wp-json\/wp\/v2\/media\/5913"}],"wp:attachment":[{"href":"https:\/\/slamdunkattorney.com\/es\/wp-json\/wp\/v2\/media?parent=5912"}],"wp:term":[{"taxonomy":"extra-categories","embeddable":true,"href":"https:\/\/slamdunkattorney.com\/es\/wp-json\/wp\/v2\/extra-categories?post=5912"},{"taxonomy":"hc_faqs","embeddable":true,"href":"https:\/\/slamdunkattorney.com\/es\/wp-json\/wp\/v2\/hc_faqs?post=5912"}],"curies":[{"name":"wp","href":"https:\/\/api.w.org\/{rel}","templated":true}]}}