{"id":5908,"date":"2024-04-23T15:47:10","date_gmt":"2024-04-23T15:47:10","guid":{"rendered":"https:\/\/slamdunk.wpenginepowered.com\/?page_id=5908"},"modified":"2026-01-29T07:51:06","modified_gmt":"2026-01-29T07:51:06","slug":"duluth-negligent-security-lawyer","status":"publish","type":"page","link":"https:\/\/slamdunkattorney.com\/es\/duluth\/negligent-security-lawyer\/","title":{"rendered":"Abogado especializado en negligencia en materia de seguridad en Duluth"},"content":{"rendered":"<p><span style=\"font-weight: 400;\">\u00bfSufri\u00f3 una lesi\u00f3n debido a la falta de seguridad en la propiedad de otra persona? En esta situaci\u00f3n, puede trabajar con un abogado especializado en seguridad negligente de Duluth para obtener una indemnizaci\u00f3n que cubra todos sus gastos m\u00e9dicos, salarios perdidos, dolor y sufrimiento emocional.\u00a0<\/span><\/p>\n<p><span style=\"font-weight: 400;\">Un abogado experto de nuestro bufete puede hacerse cargo de esta situaci\u00f3n y explicarle sus opciones legales. Puede contar con un<\/span> <a href=\"https:\/\/slamdunkattorney.com\/es\/\">Abogado especializado en lesiones personales en Duluth<\/a> <span style=\"font-weight: 400;\">para representar sus mejores intereses y ayudarle a tomar las riendas con una estrategia ganadora para la ofensiva.\u00a0<\/span><\/p>\n<p><span style=\"font-weight: 400;\">Puede llamarnos o completar nuestro formulario de contacto en l\u00ednea para obtener m\u00e1s informaci\u00f3n.\u00a0<\/span><\/p>\n<h2><span style=\"font-weight: 400;\">\u00bfCu\u00e1ndo se puede presentar una demanda por negligencia en materia de seguridad?\u00a0<\/span><\/h2>\n<p><span style=\"font-weight: 400;\">Puede presentar una demanda despu\u00e9s de un accidente causado por negligencia en la seguridad si cumple con los criterios espec\u00edficos determinados por el tribunal. Su abogado deber\u00e1 demostrar que:<\/span><\/p>\n<ul>\n<li style=\"font-weight: 400;\"><span style=\"font-weight: 400;\">Usted se calific\u00f3 como persona autorizada en la propiedad de otra persona.<\/span><\/li>\n<li style=\"font-weight: 400;\"><span style=\"font-weight: 400;\">El due\u00f1o de la propiedad ten\u00eda la obligaci\u00f3n de mantenerla segura y protegida.<\/span><\/li>\n<li style=\"font-weight: 400;\"><span style=\"font-weight: 400;\">El propietario no cumpli\u00f3 con su obligaci\u00f3n.\u00a0<\/span><\/li>\n<li style=\"font-weight: 400;\"><span style=\"font-weight: 400;\">Habr\u00edas evitado las lesiones si el propietario hubiera proporcionado la seguridad adecuada.\u00a0<\/span><\/li>\n<\/ul>\n<p><span style=\"font-weight: 400;\">Usted tiene autorizaci\u00f3n para pasar tiempo en una propiedad como cliente, invitado, inquilino o empleado. Podemos evaluar su elegibilidad para presentar una reclamaci\u00f3n cuando se ponga en contacto con nosotros para solicitar ayuda. Buscaremos indicios de negligencia por parte del propietario, que pueden incluir:<\/span><\/p>\n<ul>\n<li style=\"font-weight: 400;\"><span style=\"font-weight: 400;\">No establecer patrullas de seguridad razonables, especialmente en un estacionamiento.<\/span><\/li>\n<li style=\"font-weight: 400;\"><span style=\"font-weight: 400;\">No controlar adecuadamente el acceso a su propiedad mediante portones, barreras o cercas.<\/span><\/li>\n<li style=\"font-weight: 400;\"><span style=\"font-weight: 400;\">Cobertura deficiente de las c\u00e1maras de seguridad.<\/span><\/li>\n<li style=\"font-weight: 400;\"><span style=\"font-weight: 400;\">Mantener una iluminaci\u00f3n insuficiente en toda la propiedad, especialmente en los pasillos o las escaleras.<\/span><\/li>\n<li style=\"font-weight: 400;\"><span style=\"font-weight: 400;\">No instalar sistemas de seguridad en la propiedad, incluidas alarmas.<\/span><\/li>\n<li style=\"font-weight: 400;\"><span style=\"font-weight: 400;\">Proporcionar una formaci\u00f3n inadecuada a los miembros del personal.<\/span><\/li>\n<\/ul>\n<p><span style=\"font-weight: 400;\">Estamos a su disposici\u00f3n para ayudarle en cualquiera de las situaciones anteriores. Hable con un abogado especializado en seguridad negligente de Duluth para obtener m\u00e1s informaci\u00f3n sobre sus opciones legales.\u00a0<\/span><\/p>\n\n<div class=\"cta-container row align-items-center\">\n    <div class=\"col-md-7\">\n        <p class=\"cta-text rs-content-cta\">Orgullosos de servir a Duluth y a todo Georgia <span>\u00a1Cont\u00e1ctenos para comenzar su recuperaci\u00f3n!<\/span> <a href=\"https:\/\/slamdunkattorney.com\/es\/\">Explore nuestras \u00e1reas de pr\u00e1ctica<\/a><\/p>\n    <\/div>\n    <div class=\"col-md-5\">\n        <img decoding=\"async\" src=\"https:\/\/slamdunkattorney.com\/wp-content\/themes\/slam-dunk-rebuild\/assets\/app\/img\/map-cta.jpg\" alt=\"Legal Consultation\" class=\"img-fluid\"\/>\n    <\/div>\n<\/div><h2><span style=\"font-weight: 400;\">\u00bfQu\u00e9 indemnizaci\u00f3n se obtiene tras un accidente por negligencia en la seguridad?<\/span><\/h2>\n<p><span style=\"font-weight: 400;\">Usted puede tener derecho a una compensaci\u00f3n econ\u00f3mica para cubrir los gastos en los que incurra tras sufrir una lesi\u00f3n causada por una seguridad negligente. Nos enfocamos en conseguir fondos para nuestros clientes por:<\/span><\/p>\n<h3><span style=\"font-weight: 400;\">Gastos m\u00e9dicos<\/span><\/h3>\n<p><span style=\"font-weight: 400;\">Es posible que necesite atenci\u00f3n m\u00e9dica para recuperarse de una <\/span><a href=\"https:\/\/www.mayoclinic.org\/diseases-conditions\/concussion\/symptoms-causes\/syc-20355594\" target=\"_blank\" rel=\"noopener\"><span style=\"font-weight: 400;\">conmoci\u00f3n cerebral<\/span><\/a><span style=\"font-weight: 400;\">, huesos rotos, quemaduras, cortes u otras lesiones sufridas en la propiedad de otra persona. Su abogado puede ayudarle a obtener fondos para los gastos m\u00e9dicos actuales y futuros.\u00a0<\/span><\/p>\n<h3><span style=\"font-weight: 400;\">Salarios perdidos y disminuci\u00f3n del potencial de ingresos\u00a0<\/span><\/h3>\n<p><span style=\"font-weight: 400;\">Es posible que su recuperaci\u00f3n requiera que se ausente del trabajo. Puede contar con nuestro equipo para que le proporcione fondos para compensar su p\u00e9rdida de ingresos en esta situaci\u00f3n. Tambi\u00e9n ayudamos en casos relacionados con la disminuci\u00f3n de la capacidad de generar ingresos debido a una condici\u00f3n discapacitante.\u00a0<\/span><\/p>\n<h3><span style=\"font-weight: 400;\">Dolor y sufrimiento<\/span><\/h3>\n<p><span style=\"font-weight: 400;\">Por \u00faltimo, nuestro equipo legal puede ayudarle a obtener una indemnizaci\u00f3n por las p\u00e9rdidas no econ\u00f3micas sufridas tras un accidente. Estos fondos cubren el dolor emocional y el sufrimiento mental que suelen causar los incidentes relacionados con la falta de seguridad. Utilizamos nuestra formaci\u00f3n jur\u00eddica para calcular el valor de estas p\u00e9rdidas.\u00a0<\/span><\/p>\n\n<div class=\"cta-container map-bg row align-items-center flex-md-row-reverse\">\n    <div class=\"col-md-6\">\n        <p class=\"cta-text rs-content-cta\">Abogado especializado en negligencia en materia de seguridad cerca de m\u00ed en Duluth <a href=\"tel:+14049513513\">404-951-3513<\/a><\/p>\n    <\/div>\n    <div class=\"col-md-6 col-bg\">\n    <\/div>\n<\/div><h2><span style=\"font-weight: 400;\">\u00bfPuede un abogado ayudar despu\u00e9s de un accidente mortal causado por negligencia en la seguridad?<\/span><\/h2>\n<p><span style=\"font-weight: 400;\">Entendemos que las normas de seguridad negligentes pueden provocar accidentes mortales. En esta situaci\u00f3n, puede obtener ayuda inmediata de un <\/span>Abogado especializado en muerte por negligencia en Duluth <span style=\"font-weight: 400;\">de nuestro equipo. Guiaremos a su familia con empat\u00eda a lo largo del proceso legal.\u00a0<\/span><\/p>\n<p><span style=\"font-weight: 400;\">Nos encargamos de todos los asuntos legales relacionados con una demanda por muerte por negligencia para que usted pueda centrarse en atender las necesidades emocionales de su familia. Conocemos los c\u00f3digos legales de Georgia y podemos guiarle en cada paso del proceso para obtener una indemnizaci\u00f3n por da\u00f1os y perjuicios econ\u00f3micos.\u00a0<\/span><\/p>\n\n<div class=\"cta-container row align-items-center\">\n    <div class=\"col-md-7\">\n        <p class=\"cta-text rs-content-cta\"><a class=\"no-btn\" href=\"https:\/\/slamdunkattorney.com\/es\/contact-us\/\">Haga clic para contactar<\/a> Nuestros abogados especializados en lesiones personales en Duluth, Georgia, hoy mismo.<\/p>\n    <\/div>\n    <div class=\"col-md-5\">\n        <img decoding=\"async\" src=\"https:\/\/slamdunkattorney.com\/wp-content\/themes\/slam-dunk-rebuild\/assets\/app\/img\/map-cta.jpg\" alt=\"Contact Us\" class=\"img-fluid\"\/>\n    <\/div>\n<\/div><h2><span style=\"font-weight: 400;\">\u00bfPor qu\u00e9 elegirnos despu\u00e9s de un incidente de seguridad por negligencia?<\/span><\/h2>\n<p><span style=\"font-weight: 400;\">Trabajar con un abogado experto de nuestro equipo puede ayudarle a sentirse seguro sobre el resultado de su demanda legal, devolvi\u00e9ndole la tranquilidad despu\u00e9s de una lesi\u00f3n. Contamos con d\u00e9cadas de experiencia combinada que podemos aplicar al manejo de su demanda.\u00a0<\/span><\/p>\n<p><span style=\"font-weight: 400;\">Creemos en la comunicaci\u00f3n honesta y abierta. Nos pondremos en contacto contigo cada semana durante el transcurso de tu reclamaci\u00f3n para mantenerte al tanto de nuestro plan de acci\u00f3n. Puedes obtener m\u00e1s informaci\u00f3n <\/span><a href=\"https:\/\/slamdunkattorney.com\/es\/about-us\/\"><span style=\"font-weight: 400;\">qui\u00e9nes somos<\/span><\/a><span style=\"font-weight: 400;\"> y solicite una consulta gratuita.\u00a0<\/span><\/p>\n<p><span style=\"font-weight: 400;\">Nuestro equipo se enfoca en preparar una demanda lista para llevar a los tribunales con el fin de obtener una indemnizaci\u00f3n para usted. Estamos listos para enfrentarnos en\u00e9rgicamente a las compa\u00f1\u00edas de seguros en su nombre, presionando para obtener la m\u00e1xima indemnizaci\u00f3n por da\u00f1os y perjuicios que cubra sus p\u00e9rdidas.\u00a0<\/span><\/p>\n\n<div class=\"cta-container map-bg row align-items-center flex-md-row-reverse\">\n    <div class=\"col-md-6\">\n        <p class=\"cta-text rs-content-cta\">Completa un <a href=\"https:\/\/slamdunkattorney.com\/es\/contact-us\/\">Formulario de evaluaci\u00f3n gratuita de su caso<\/a> ahora<\/p>\n    <\/div>\n    <div class=\"col-md-6 col-bg\">\n    <\/div>\n<\/div><h2><span style=\"font-weight: 400;\">\u00bfCu\u00e1nto cobran los abogados especializados en negligencia de seguridad en Duluth?<\/span><\/h2>\n<p><span style=\"font-weight: 400;\">Los despachos de abogados que se ocupan de reclamaciones por negligencia en materia de seguridad suelen trabajar a comisi\u00f3n. Por lo tanto, el despacho recibe un porcentaje de la indemnizaci\u00f3n final del cliente como pago de los honorarios legales.\u00a0<\/span><\/p>\n<p><span style=\"font-weight: 400;\">Solo cobramos este pago despu\u00e9s de ganar en los tribunales o mediante un acuerdo con la aseguradora para compensarle por todas sus p\u00e9rdidas. Le proporcionaremos m\u00e1s informaci\u00f3n cuando se ponga en contacto con nosotros para analizar su situaci\u00f3n espec\u00edfica.\u00a0<\/span><\/p>\n<h2><span style=\"font-weight: 400;\">\u00bfPuede esperar para presentar una demanda por negligencia en materia de seguridad?<\/span><\/h2>\n<p><span style=\"font-weight: 400;\">En muchos casos, el sistema judicial trata los incidentes de seguridad negligente como reclamaciones por lesiones personales. Por lo tanto, la mayor\u00eda de las personas deben presentar su reclamaci\u00f3n dentro del plazo de prescripci\u00f3n de Georgia para lesiones personales.\u00a0<\/span><\/p>\n<p><span style=\"font-weight: 400;\">Probablemente tendr\u00e1 dos a\u00f1os para presentar una demanda. Esperar demasiado tiempo le da al tribunal la oportunidad de desestimar su demanda, impidi\u00e9ndole obtener una indemnizaci\u00f3n. Nuestro equipo puede iniciar el proceso legal de inmediato, luchando por conseguirle una indemnizaci\u00f3n justa.\u00a0<\/span><\/p>\n<p><span style=\"font-weight: 400;\">Una vez que iniciemos su reclamaci\u00f3n, puede que transcurra un tiempo considerable hasta que obtenga la indemnizaci\u00f3n, especialmente porque las compa\u00f1\u00edas de seguros suelen recurrir a t\u00e1cticas dilatorias. Sabemos c\u00f3mo contrarrestar sus intentos de tratarle de forma injusta y siempre le damos prioridad.\u00a0<\/span><\/p>\n<h2><span style=\"font-weight: 400;\">P\u00f3ngase en contacto con un abogado especializado en negligencia de seguridad en Duluth.\u00a0<\/span><\/h2>\n<p><span style=\"font-weight: 400;\">Puede hablar con un abogado especializado en seguridad negligente en Duluth si las deficientes pr\u00e1cticas de seguridad del propietario de un inmueble le han puesto en una situaci\u00f3n peligrosa y le han provocado lesiones. Un abogado de Slam Dunk escuchar\u00e1 sus inquietudes, responder\u00e1 a sus preguntas y le tratar\u00e1 como si fuera parte del equipo.\u00a0<\/span><\/p>\n<p><span style=\"font-weight: 400;\">Llame o complete nuestro <\/span><a href=\"https:\/\/slamdunkattorney.com\/es\/contact-us\/\"><span style=\"font-weight: 400;\">formulario de contacto en l\u00ednea<\/span><\/a><span style=\"font-weight: 400;\"> para seguir adelante con su reclamaci\u00f3n. <\/span><\/p>\n\n<div class=\"cta-container row align-items-center\">\n    <div class=\"col-md-7\">\n        <p class=\"cta-text rs-content-cta\">Llame o env\u00ede un mensaje de texto <a class=\"no-btn\" href=\"tel:+14049513513\">404-951-3513<\/a> o completar un <a href=\"https:\/\/slamdunkattorney.com\/es\/contact-us\/\">Formulario de evaluaci\u00f3n gratuita de su caso<\/a><\/p>\n    <\/div>\n    <div class=\"col-md-5\">\n        <img decoding=\"async\" src=\"https:\/\/slamdunkattorney.com\/wp-content\/themes\/slam-dunk-rebuild\/assets\/app\/img\/map-cta.jpg\" alt=\"Call or Text\" class=\"img-fluid\"\/>\n    <\/div>\n<\/div>","protected":false},"excerpt":{"rendered":"<p>Did you sustain an injury due to poor security at someone else\u2019s property? In this situation, you may work with a Duluth negligent security lawyer to secure compensation to cover all your medical bills, lost pay, pain, and emotional suffering.\u00a0 A Slam Dunk attorney from our firm can take charge of this situation and explain &#8230;<\/p>","protected":false},"author":2,"featured_media":5909,"parent":22,"menu_order":0,"comment_status":"closed","ping_status":"closed","template":"","meta":{"_acf_changed":false,"_genesis_hide_title":false,"_genesis_hide_breadcrumbs":false,"_genesis_hide_singular_image":false,"_genesis_hide_footer_widgets":false,"_genesis_custom_body_class":"","_genesis_custom_post_class":"","_genesis_layout":"","ngg_post_thumbnail":0,"footnotes":""},"extra-categories":[65],"hc_faqs":[],"class_list":{"0":"post-5908","1":"page","2":"type-page","3":"status-publish","4":"has-post-thumbnail","6":"extra-categories-featured-practices","7":"hc_city_location-duluth","8":"entry"},"acf":[],"yoast_head":"<!-- This site is optimized with the Yoast SEO plugin v27.5 - https:\/\/yoast.com\/product\/yoast-seo-wordpress\/ -->\n<title>Negligent Security Lawyer in Duluth | Free Consultations<\/title>\n<meta name=\"description\" content=\"Duluth Negligent Security Lawyer: Slam Dunk Attorney has helped thousands of Georgia clients. No Win, No Fee.\" \/>\n<meta name=\"robots\" content=\"index, follow, max-snippet:-1, max-image-preview:large, max-video-preview:-1\" \/>\n<link rel=\"canonical\" href=\"https:\/\/slamdunkattorney.com\/es\/duluth\/negligent-security-lawyer\/\" \/>\n<meta property=\"og:locale\" content=\"es_MX\" \/>\n<meta property=\"og:type\" content=\"article\" \/>\n<meta property=\"og:title\" content=\"Negligent Security Lawyer in Duluth | Free Consultations\" \/>\n<meta property=\"og:description\" content=\"Duluth Negligent Security Lawyer: Slam Dunk Attorney has helped thousands of Georgia clients. No Win, No Fee.\" \/>\n<meta property=\"og:url\" content=\"https:\/\/slamdunkattorney.com\/es\/duluth\/negligent-security-lawyer\/\" \/>\n<meta property=\"og:site_name\" content=\"Slam Dunk Attorney | Injury Lawyers\" \/>\n<meta property=\"article:publisher\" content=\"https:\/\/www.facebook.com\/slamdunkattorneyinjurylawyers\/\" \/>\n<meta property=\"article:modified_time\" content=\"2026-01-29T07:51:06+00:00\" \/>\n<meta property=\"og:image\" content=\"https:\/\/slamdunkattorney.com\/wp-content\/uploads\/2024\/04\/duluth-negligent-security-lawyer.jpg\" \/>\n\t<meta property=\"og:image:width\" content=\"1000\" \/>\n\t<meta property=\"og:image:height\" content=\"667\" \/>\n\t<meta property=\"og:image:type\" content=\"image\/jpeg\" \/>\n<meta name=\"twitter:card\" content=\"summary_large_image\" \/>\n<meta name=\"twitter:site\" content=\"@slamdunkattorney\" \/>\n<meta name=\"twitter:label1\" content=\"Est. reading time\" \/>\n\t<meta name=\"twitter:data1\" content=\"5 minutos\" \/>\n<script type=\"application\/ld+json\" class=\"yoast-schema-graph\">{\"@context\":\"https:\\\/\\\/schema.org\",\"@graph\":[{\"@type\":\"WebPage\",\"@id\":\"https:\\\/\\\/slamdunkattorney.com\\\/duluth\\\/negligent-security-lawyer\\\/\",\"url\":\"https:\\\/\\\/slamdunkattorney.com\\\/duluth\\\/negligent-security-lawyer\\\/\",\"name\":\"Negligent Security Lawyer in Duluth | Free Consultations\",\"isPartOf\":{\"@id\":\"https:\\\/\\\/slamdunkattorney.com\\\/#website\"},\"primaryImageOfPage\":{\"@id\":\"https:\\\/\\\/slamdunkattorney.com\\\/duluth\\\/negligent-security-lawyer\\\/#primaryimage\"},\"image\":{\"@id\":\"https:\\\/\\\/slamdunkattorney.com\\\/duluth\\\/negligent-security-lawyer\\\/#primaryimage\"},\"thumbnailUrl\":\"https:\\\/\\\/slamdunkattorney.com\\\/wp-content\\\/uploads\\\/2024\\\/04\\\/duluth-negligent-security-lawyer.jpg\",\"datePublished\":\"2024-04-23T15:47:10+00:00\",\"dateModified\":\"2026-01-29T07:51:06+00:00\",\"description\":\"Duluth Negligent Security Lawyer: Slam Dunk Attorney has helped thousands of Georgia clients. No Win, No Fee.\",\"breadcrumb\":{\"@id\":\"https:\\\/\\\/slamdunkattorney.com\\\/duluth\\\/negligent-security-lawyer\\\/#breadcrumb\"},\"inLanguage\":\"es\",\"potentialAction\":[{\"@type\":\"ReadAction\",\"target\":[\"https:\\\/\\\/slamdunkattorney.com\\\/duluth\\\/negligent-security-lawyer\\\/\"]}]},{\"@type\":\"ImageObject\",\"inLanguage\":\"es\",\"@id\":\"https:\\\/\\\/slamdunkattorney.com\\\/duluth\\\/negligent-security-lawyer\\\/#primaryimage\",\"url\":\"https:\\\/\\\/slamdunkattorney.com\\\/wp-content\\\/uploads\\\/2024\\\/04\\\/duluth-negligent-security-lawyer.jpg\",\"contentUrl\":\"https:\\\/\\\/slamdunkattorney.com\\\/wp-content\\\/uploads\\\/2024\\\/04\\\/duluth-negligent-security-lawyer.jpg\",\"width\":1000,\"height\":667,\"caption\":\"Police,,Communication,And,Black,Woman,Law,Enforcement,Worker,Talking,On\"},{\"@type\":\"BreadcrumbList\",\"@id\":\"https:\\\/\\\/slamdunkattorney.com\\\/duluth\\\/negligent-security-lawyer\\\/#breadcrumb\",\"itemListElement\":[{\"@type\":\"ListItem\",\"position\":1,\"name\":\"Home\",\"item\":\"https:\\\/\\\/slamdunkattorney.com\\\/\"},{\"@type\":\"ListItem\",\"position\":2,\"name\":\"Duluth, GA Personal Injury Lawyer\",\"item\":\"https:\\\/\\\/slamdunkattorney.com\\\/\"},{\"@type\":\"ListItem\",\"position\":3,\"name\":\"Duluth Negligent Security Lawyer\"}]},{\"@type\":\"WebSite\",\"@id\":\"https:\\\/\\\/slamdunkattorney.com\\\/#website\",\"url\":\"https:\\\/\\\/slamdunkattorney.com\\\/\",\"name\":\"Slam Dunk Attorney | Injury Lawyers\",\"description\":\"Duluth Personal Injury Lawyers\",\"publisher\":{\"@id\":\"https:\\\/\\\/slamdunkattorney.com\\\/#organization\"},\"alternateName\":\"Slam Dunk Attorney\",\"inLanguage\":\"es\"},{\"@type\":\"Organization\",\"@id\":\"https:\\\/\\\/slamdunkattorney.com\\\/#organization\",\"name\":\"Slam Dunk Attorney\",\"alternateName\":\"Slam Dunk\",\"url\":\"https:\\\/\\\/slamdunkattorney.com\\\/\",\"logo\":{\"@type\":\"ImageObject\",\"inLanguage\":\"es\",\"@id\":\"https:\\\/\\\/slamdunkattorney.com\\\/#\\\/schema\\\/logo\\\/image\\\/\",\"url\":\"https:\\\/\\\/slamdunkattorney.com\\\/wp-content\\\/uploads\\\/2023\\\/05\\\/cropped-Logo.png\",\"contentUrl\":\"https:\\\/\\\/slamdunkattorney.com\\\/wp-content\\\/uploads\\\/2023\\\/05\\\/cropped-Logo.png\",\"width\":1080,\"height\":240,\"caption\":\"Slam Dunk Attorney\"},\"image\":{\"@id\":\"https:\\\/\\\/slamdunkattorney.com\\\/#\\\/schema\\\/logo\\\/image\\\/\"},\"sameAs\":[\"https:\\\/\\\/www.facebook.com\\\/slamdunkattorneyinjurylawyers\\\/\",\"https:\\\/\\\/x.com\\\/slamdunkattorney\",\"https:\\\/\\\/www.instagram.com\\\/slamdunkattorney\\\/\",\"https:\\\/\\\/www.youtube.com\\\/channel\\\/UCSrOiC7vOjlCi3UgtIVGNtw\",\"https:\\\/\\\/www.linkedin.com\\\/company\\\/slamdunkattorneyinjurylawyers\"]}]}<\/script>\n<!-- \/ Yoast SEO plugin. -->","yoast_head_json":{"title":"Negligent Security Lawyer in Duluth | Free Consultations","description":"Duluth Negligent Security Lawyer: Slam Dunk Attorney has helped thousands of Georgia clients. No Win, No Fee.","robots":{"index":"index","follow":"follow","max-snippet":"max-snippet:-1","max-image-preview":"max-image-preview:large","max-video-preview":"max-video-preview:-1"},"canonical":"https:\/\/slamdunkattorney.com\/es\/duluth\/negligent-security-lawyer\/","og_locale":"es_MX","og_type":"article","og_title":"Negligent Security Lawyer in Duluth | Free Consultations","og_description":"Duluth Negligent Security Lawyer: Slam Dunk Attorney has helped thousands of Georgia clients. No Win, No Fee.","og_url":"https:\/\/slamdunkattorney.com\/es\/duluth\/negligent-security-lawyer\/","og_site_name":"Slam Dunk Attorney | Injury Lawyers","article_publisher":"https:\/\/www.facebook.com\/slamdunkattorneyinjurylawyers\/","article_modified_time":"2026-01-29T07:51:06+00:00","og_image":[{"width":1000,"height":667,"url":"https:\/\/slamdunkattorney.com\/wp-content\/uploads\/2024\/04\/duluth-negligent-security-lawyer.jpg","type":"image\/jpeg"}],"twitter_card":"summary_large_image","twitter_site":"@slamdunkattorney","twitter_misc":{"Est. reading time":"5 minutos"},"schema":{"@context":"https:\/\/schema.org","@graph":[{"@type":"WebPage","@id":"https:\/\/slamdunkattorney.com\/duluth\/negligent-security-lawyer\/","url":"https:\/\/slamdunkattorney.com\/duluth\/negligent-security-lawyer\/","name":"Negligent Security Lawyer in Duluth | Free Consultations","isPartOf":{"@id":"https:\/\/slamdunkattorney.com\/#website"},"primaryImageOfPage":{"@id":"https:\/\/slamdunkattorney.com\/duluth\/negligent-security-lawyer\/#primaryimage"},"image":{"@id":"https:\/\/slamdunkattorney.com\/duluth\/negligent-security-lawyer\/#primaryimage"},"thumbnailUrl":"https:\/\/slamdunkattorney.com\/wp-content\/uploads\/2024\/04\/duluth-negligent-security-lawyer.jpg","datePublished":"2024-04-23T15:47:10+00:00","dateModified":"2026-01-29T07:51:06+00:00","description":"Duluth Negligent Security Lawyer: Slam Dunk Attorney has helped thousands of Georgia clients. No Win, No Fee.","breadcrumb":{"@id":"https:\/\/slamdunkattorney.com\/duluth\/negligent-security-lawyer\/#breadcrumb"},"inLanguage":"es","potentialAction":[{"@type":"ReadAction","target":["https:\/\/slamdunkattorney.com\/duluth\/negligent-security-lawyer\/"]}]},{"@type":"ImageObject","inLanguage":"es","@id":"https:\/\/slamdunkattorney.com\/duluth\/negligent-security-lawyer\/#primaryimage","url":"https:\/\/slamdunkattorney.com\/wp-content\/uploads\/2024\/04\/duluth-negligent-security-lawyer.jpg","contentUrl":"https:\/\/slamdunkattorney.com\/wp-content\/uploads\/2024\/04\/duluth-negligent-security-lawyer.jpg","width":1000,"height":667,"caption":"Police,,Communication,And,Black,Woman,Law,Enforcement,Worker,Talking,On"},{"@type":"BreadcrumbList","@id":"https:\/\/slamdunkattorney.com\/duluth\/negligent-security-lawyer\/#breadcrumb","itemListElement":[{"@type":"ListItem","position":1,"name":"Home","item":"https:\/\/slamdunkattorney.com\/"},{"@type":"ListItem","position":2,"name":"Duluth, GA Personal Injury Lawyer","item":"https:\/\/slamdunkattorney.com\/"},{"@type":"ListItem","position":3,"name":"Duluth Negligent Security Lawyer"}]},{"@type":"WebSite","@id":"https:\/\/slamdunkattorney.com\/#website","url":"https:\/\/slamdunkattorney.com\/","name":"Abogado experto en lesiones | Abogados especializados en lesiones","description":"Abogados de lesiones personales en Duluth","publisher":{"@id":"https:\/\/slamdunkattorney.com\/#organization"},"alternateName":"Slam Dunk Attorney","inLanguage":"es"},{"@type":"Organization","@id":"https:\/\/slamdunkattorney.com\/#organization","name":"Abogado Slam Dunk","alternateName":"Slam Dunk","url":"https:\/\/slamdunkattorney.com\/","logo":{"@type":"ImageObject","inLanguage":"es","@id":"https:\/\/slamdunkattorney.com\/#\/schema\/logo\/image\/","url":"https:\/\/slamdunkattorney.com\/wp-content\/uploads\/2023\/05\/cropped-Logo.png","contentUrl":"https:\/\/slamdunkattorney.com\/wp-content\/uploads\/2023\/05\/cropped-Logo.png","width":1080,"height":240,"caption":"Slam Dunk Attorney"},"image":{"@id":"https:\/\/slamdunkattorney.com\/#\/schema\/logo\/image\/"},"sameAs":["https:\/\/www.facebook.com\/slamdunkattorneyinjurylawyers\/","https:\/\/x.com\/slamdunkattorney","https:\/\/www.instagram.com\/slamdunkattorney\/","https:\/\/www.youtube.com\/channel\/UCSrOiC7vOjlCi3UgtIVGNtw","https:\/\/www.linkedin.com\/company\/slamdunkattorneyinjurylawyers"]}]}},"yoast_meta":{"yoast_wpseo_title":"","yoast_wpseo_metadesc":"","yoast_wpseo_canonical":"https:\/\/slamdunkattorney.com\/es\/wp-json\/wp\/v2\/pages\/5908"},"_links":{"self":[{"href":"https:\/\/slamdunkattorney.com\/es\/wp-json\/wp\/v2\/pages\/5908","targetHints":{"allow":["GET"]}}],"collection":[{"href":"https:\/\/slamdunkattorney.com\/es\/wp-json\/wp\/v2\/pages"}],"about":[{"href":"https:\/\/slamdunkattorney.com\/es\/wp-json\/wp\/v2\/types\/page"}],"author":[{"embeddable":true,"href":"https:\/\/slamdunkattorney.com\/es\/wp-json\/wp\/v2\/users\/2"}],"replies":[{"embeddable":true,"href":"https:\/\/slamdunkattorney.com\/es\/wp-json\/wp\/v2\/comments?post=5908"}],"version-history":[{"count":0,"href":"https:\/\/slamdunkattorney.com\/es\/wp-json\/wp\/v2\/pages\/5908\/revisions"}],"up":[{"embeddable":true,"href":"https:\/\/slamdunkattorney.com\/es\/wp-json\/wp\/v2\/pages\/22"}],"wp:featuredmedia":[{"embeddable":true,"href":"https:\/\/slamdunkattorney.com\/es\/wp-json\/wp\/v2\/media\/5909"}],"wp:attachment":[{"href":"https:\/\/slamdunkattorney.com\/es\/wp-json\/wp\/v2\/media?parent=5908"}],"wp:term":[{"taxonomy":"extra-categories","embeddable":true,"href":"https:\/\/slamdunkattorney.com\/es\/wp-json\/wp\/v2\/extra-categories?post=5908"},{"taxonomy":"hc_faqs","embeddable":true,"href":"https:\/\/slamdunkattorney.com\/es\/wp-json\/wp\/v2\/hc_faqs?post=5908"}],"curies":[{"name":"wp","href":"https:\/\/api.w.org\/{rel}","templated":true}]}}