{"id":5906,"date":"2024-04-23T15:41:30","date_gmt":"2024-04-23T15:41:30","guid":{"rendered":"https:\/\/slamdunk.wpenginepowered.com\/?page_id=5906"},"modified":"2026-01-29T07:53:22","modified_gmt":"2026-01-29T07:53:22","slug":"duluth-wrongful-death-lawyer","status":"publish","type":"page","link":"https:\/\/slamdunkattorney.com\/es\/duluth\/wrongful-death-lawyer\/","title":{"rendered":"Abogado especializado en muerte por negligencia en Duluth"},"content":{"rendered":"<p><span style=\"font-weight: 400;\">Si pierde a un ser querido en un accidente mortal en Georgia, tiene opciones legales. Ya sea que haya perdido a un ser querido en un accidente automovil\u00edstico, un accidente de motocicleta o en la propiedad de otra persona, tiene derecho a exigir una indemnizaci\u00f3n por sus p\u00e9rdidas. Comun\u00edquese con su abogado especializado en muerte por negligencia en Duluth para obtener apoyo y orientaci\u00f3n compasivos a trav\u00e9s del complejo sistema legal del estado.\u00a0<\/span><\/p>\n<p><span style=\"font-weight: 400;\">En Slam Dunk Attorney, nuestro equipo, con d\u00e9cadas de experiencia combinada, puede responder a sus preguntas y ayudarle a determinar si tiene una reclamaci\u00f3n v\u00e1lida por da\u00f1os econ\u00f3micos. Puede ponerse en contacto con su <\/span><a href=\"https:\/\/slamdunkattorney.com\/es\/\"><span style=\"font-weight: 400;\">Abogado especializado en lesiones personales en Duluth<\/span><\/a><span style=\"font-weight: 400;\"> de nuestro bufete de abogados inmediatamente despu\u00e9s de un accidente mortal para iniciar el proceso legal. Ofrecemos <\/span><b>consultas gratuitas las 24 horas del d\u00eda, los 7 d\u00edas de la semana<\/b><span style=\"font-weight: 400;\">7 a v\u00edctimas de lesiones y familiares sobrevivientes en Duluth y sus alrededores.<\/span><\/p>\n<h2><span style=\"font-weight: 400;\">Puede presentar una demanda por muerte por negligencia en Duluth.<\/span><\/h2>\n<p><span style=\"font-weight: 400;\">Usted puede tener derecho a presentar una demanda por muerte por negligencia si ha perdido a un ser querido en un accidente causado por la negligencia de otra persona.<\/span><\/p>\n<p><span style=\"font-weight: 400;\">Por ejemplo, puede presentar este tipo de demanda si un conductor choc\u00f3 por detr\u00e1s a su ser querido, provocando un accidente mortal. Nuestros abogados especializados en muerte por negligencia en Duluth pueden evaluar su situaci\u00f3n para determinar si re\u00fane los requisitos para presentar este tipo de demanda seg\u00fan los c\u00f3digos legales de Georgia.\u00a0<\/span><\/p>\n<h3><span style=\"font-weight: 400;\">\u00bfQui\u00e9n puede presentar una demanda despu\u00e9s de un accidente mortal?<\/span><\/h3>\n<p><span style=\"font-weight: 400;\">Georgia solo permite que determinadas personas presenten una demanda por homicidio culposo. <\/span><a href=\"https:\/\/law.justia.com\/codes\/georgia\/title-51\/chapter-4\/section-51-4-2\/#:~:text=(a)%20The%20surviving%20spouse%20or,as%20shown%20by%20the%20evidence.\"><span style=\"font-weight: 400;\">C\u00f3digo de Georgia \u00a7 51-4-2<\/span><\/a><span style=\"font-weight: 400;\"> describe los miembros de la familia que pueden emprender acciones legales. Por lo general, puede presentar una demanda si pierde:<\/span><\/p>\n<ul>\n<li style=\"font-weight: 400;\"><span style=\"font-weight: 400;\">Tu c\u00f3nyuge<\/span><\/li>\n<li style=\"font-weight: 400;\"><span style=\"font-weight: 400;\">Tu padre o madre (si no tienen c\u00f3nyuge sobreviviente)<\/span><\/li>\n<li style=\"font-weight: 400;\"><span style=\"font-weight: 400;\">Su hijo (si no tiene c\u00f3nyuge o hijos sobrevivientes)<\/span><\/li>\n<\/ul>\n<p><span style=\"font-weight: 400;\">El sistema judicial permite que el administrador del patrimonio del fallecido presente una reclamaci\u00f3n si ninguna de las personas mencionadas anteriormente est\u00e1 disponible. En los casos en que el administrador presenta una reclamaci\u00f3n, este retendr\u00e1 los fondos para los familiares m\u00e1s cercanos del fallecido.\u00a0<\/span><\/p>\n<p><span style=\"font-weight: 400;\">Podemos analizar su situaci\u00f3n y decirle qui\u00e9n debe presentar una reclamaci\u00f3n en su caso espec\u00edfico.<\/span><\/p>\n\n<div class=\"cta-container row align-items-center\">\n    <div class=\"col-md-7\">\n        <p class=\"cta-text rs-content-cta\">Orgullosos de servir a Duluth y a todo Georgia <span>\u00a1Cont\u00e1ctenos para comenzar su recuperaci\u00f3n!<\/span> <a href=\"https:\/\/slamdunkattorney.com\/es\/\">Explore nuestras \u00e1reas de pr\u00e1ctica<\/a><\/p>\n    <\/div>\n    <div class=\"col-md-5\">\n        <img decoding=\"async\" src=\"https:\/\/slamdunkattorney.com\/wp-content\/themes\/slam-dunk-rebuild\/assets\/app\/img\/map-cta.jpg\" alt=\"Legal Consultation\" class=\"img-fluid\"\/>\n    <\/div>\n<\/div><h2><span style=\"font-weight: 400;\">Los da\u00f1os y perjuicios que puede reclamar tras un accidente mortal<\/span><\/h2>\n<p><span style=\"font-weight: 400;\">Los familiares sobrevivientes pueden recibir una indemnizaci\u00f3n por da\u00f1os y perjuicios para cubrir las consecuencias econ\u00f3micas de un accidente mortal. Existen diversas p\u00e9rdidas econ\u00f3micas y no econ\u00f3micas por las que podr\u00eda tener derecho a una indemnizaci\u00f3n en una demanda por muerte por negligencia. Georgia le permite obtener fondos para hacer frente a:<\/span><\/p>\n<ul>\n<li style=\"font-weight: 400;\"><span style=\"font-weight: 400;\">Salarios, servicios y prestaciones perdidos<\/span><\/li>\n<li style=\"font-weight: 400;\"><span style=\"font-weight: 400;\">P\u00e9rdida de cuidados y compa\u00f1\u00eda<\/span><\/li>\n<li style=\"font-weight: 400;\"><span style=\"font-weight: 400;\">Consejos y asesoramiento perdidos<\/span><\/li>\n<li style=\"font-weight: 400;\"><span style=\"font-weight: 400;\">Angustia mental<\/span><\/li>\n<li style=\"font-weight: 400;\"><span style=\"font-weight: 400;\">Angustia emocional<\/span><\/li>\n<\/ul>\n<p><span style=\"font-weight: 400;\">Su abogado especializado en muerte por negligencia en Duluth puede calcular el valor de estas p\u00e9rdidas, ayud\u00e1ndole a obtener los fondos que le permitan seguir adelante con su vida. Georgia tambi\u00e9n puede conceder una indemnizaci\u00f3n por da\u00f1os y perjuicios al patrimonio de su ser querido. Estos fondos pueden cubrir los gastos m\u00e9dicos y los costos del funeral de su ser querido.<\/span><\/p>\n\n<div class=\"cta-container map-bg row align-items-center flex-md-row-reverse\">\n    <div class=\"col-md-6\">\n        <p class=\"cta-text rs-content-cta\">Abogado especializado en muerte por negligencia cerca de m\u00ed en Duluth <a href=\"tel:+14049513513\">404-951-3513<\/a><\/p>\n    <\/div>\n    <div class=\"col-md-6 col-bg\">\n    <\/div>\n<\/div><h2><span style=\"font-weight: 400;\">Qu\u00e9 esperar cuando elige a un abogado experto en casos de muerte por negligencia<\/span><\/h2>\n<p><span style=\"font-weight: 400;\">Nuestro equipo prioriza las necesidades de los clientes, junto con una comunicaci\u00f3n abierta y transparente sobre el estado de sus reclamaciones y opciones legales. Con un <\/span><a href=\"https:\/\/slamdunkattorney.com\/es\/duluth\/car-accident-lawyer\/\"><span style=\"font-weight: 400;\">Abogado especializado en accidentes automovil\u00edsticos en Duluth<\/span><\/a><span style=\"font-weight: 400;\"> De Slam Dunk Attorney, que defiende los derechos de los familiares sobrevivientes, puede estar m\u00e1s tranquilo. Le proporcionaremos actualizaciones semanales mientras gestionamos su caso, lo que le dar\u00e1 tranquilidad y le mantendr\u00e1 informado.<\/span><\/p>\n<p><span style=\"font-weight: 400;\">Creemos en preparar las demandas para el juicio, recopilar pruebas y actuar con rapidez para resolver todas sus inquietudes. Representamos a <\/span><b>un riesgo real para las compa\u00f1\u00edas de seguros<\/b><span style=\"font-weight: 400;\"> en Georgia, y no tenemos miedo de presionar agresivamente en su nombre. Contamos con d\u00e9cadas de experiencia combinada que utilizamos al elaborar complejas demandas por muerte por negligencia.\u00a0<\/span><\/p>\n<h3><span style=\"font-weight: 400;\">C\u00f3mo investigamos los accidentes con muerte por negligencia<\/span><\/h3>\n<p><span style=\"font-weight: 400;\">Nuestro equipo utiliza diversas t\u00e9cnicas para investigar las causas de los accidentes mortales. Nuestras investigaciones nos permiten encontrar a la parte responsable y ayudarle a hacerla rendir cuentas por sus acciones negligentes. Podemos visitar el lugar del accidente mortal, hablar con testigos, obtener copias de los informes del accidente y buscar fotos que capturen el incidente.\u00a0<\/span><\/p>\n<p><span style=\"font-weight: 400;\">Utilizamos todas las pruebas disponibles para construir una demanda s\u00f3lida en su nombre. Entendemos que una demanda legal no puede devolverle a su ser querido. Sin embargo, presentar una demanda puede ayudarle a cerrar el cap\u00edtulo y sancionar a la parte responsable por sus acciones peligrosas.\u00a0<\/span><\/p>\n<h3><span style=\"font-weight: 400;\">El costo de contratar a un abogado especializado en muerte por negligencia<\/span><\/h3>\n<p><span style=\"font-weight: 400;\">Puede trabajar con nuestro equipo con base en honorarios contingentes. Por lo tanto, solo tendr\u00e1 que pagarnos los honorarios legales despu\u00e9s de que resolvamos la demanda por muerte por negligencia de su familiar. Nuestro equipo obtiene un porcentaje de la indemnizaci\u00f3n final como pago por nuestros servicios. <\/span><a href=\"https:\/\/www.gabar.org\/handbook\/?rule=rule55\" target=\"_blank\" rel=\"noopener\"><span style=\"font-weight: 400;\">Regla 1.5 del C\u00f3digo de Conducta Profesional de Georgia.<\/span><\/a><span style=\"font-weight: 400;\">.\u00a0<\/span><\/p>\n\n<div class=\"cta-container row align-items-center\">\n    <div class=\"col-md-7\">\n        <p class=\"cta-text rs-content-cta\"><a class=\"no-btn\" href=\"https:\/\/slamdunkattorney.com\/es\/contact-us\/\">Haga clic para contactar<\/a> Nuestros abogados especializados en lesiones personales en Duluth, Georgia, hoy mismo.<\/p>\n    <\/div>\n    <div class=\"col-md-5\">\n        <img decoding=\"async\" src=\"https:\/\/slamdunkattorney.com\/wp-content\/themes\/slam-dunk-rebuild\/assets\/app\/img\/map-cta.jpg\" alt=\"Contact Us\" class=\"img-fluid\"\/>\n    <\/div>\n<\/div><h2><span style=\"font-weight: 400;\">El plazo para presentar una demanda por muerte por negligencia<\/span><\/h2>\n<p><span style=\"font-weight: 400;\">Aunque es posible que a\u00fan est\u00e9 sufriendo emocionalmente por su p\u00e9rdida, el plazo de prescripci\u00f3n para las demandas por lesiones personales y muerte por negligencia es de solo <\/span><b>dos a\u00f1os<\/b><span style=\"font-weight: 400;\">, as\u00ed que no se demore. Hay algunas excepciones a este plazo. Su abogado especializado en muerte por negligencia en Duluth, Georgia, puede ayudarle a comprender qu\u00e9 c\u00f3digos pueden aplicarse a sus circunstancias espec\u00edficas.<\/span><\/p>\n<p><span style=\"font-weight: 400;\">Por ejemplo, si el patrimonio no ha pasado por el proceso de sucesi\u00f3n, es posible que haya m\u00e1s tiempo disponible para buscar justicia para su ser querido y sus p\u00e9rdidas. <\/span><a href=\"https:\/\/law.justia.com\/codes\/georgia\/title-9\/chapter-3\/article-5\/section-9-3-92\/#:~:text=The%20time%20between%20the%20death,that%20such%20time%20shall%20not\" target=\"_blank\" rel=\"noopener\"><span style=\"font-weight: 400;\">C\u00f3digo de Georgia \u00a7 9-3-92<\/span><\/a><span style=\"font-weight: 400;\"> puede suspender el plazo de prescripci\u00f3n hasta por cinco a\u00f1os. Sin embargo, si espera demasiado tiempo, es posible que se pierdan pruebas fundamentales.\u00a0<\/span><\/p>\n<p><span style=\"font-weight: 400;\">Existe otra excepci\u00f3n si su ser querido fue v\u00edctima de un homicidio, lo que permite una <\/span><b>pr\u00f3rroga de seis a\u00f1os<\/b><span style=\"font-weight: 400;\"> si el caso se est\u00e1 investigando en un tribunal penal. Sin embargo, recuerde que su <\/span><a href=\"https:\/\/slamdunkattorney.com\/es\/duluth\/catastrophic-injury-lawyer\/\"><span style=\"font-weight: 400;\">Abogado especializado en lesiones catastr\u00f3ficas en Duluth<\/span><\/a><span style=\"font-weight: 400;\"> Necesitar\u00e1 todo el tiempo posible para preparar un caso s\u00f3lido. Cuando est\u00e9 listo para hablar sobre las necesidades espec\u00edficas de su familia, p\u00f3ngase en contacto con nosotros ahora mismo.<\/span><\/p>\n<h3><span style=\"font-weight: 400;\">Las demandas por muerte por negligencia pueden tardar mucho tiempo<\/span><\/h3>\n<p><span style=\"font-weight: 400;\">Los casos de muerte por negligencia pueden tardar bastante tiempo en resolverse. Aunque podemos hacer que su caso avance en el sistema judicial, en algunas situaciones es posible que su reclamaci\u00f3n tarde m\u00e1s de un a\u00f1o en resolverse. Puede discutir todos los aspectos de su reclamaci\u00f3n poni\u00e9ndose en contacto con nuestro abogado especializado en muerte por negligencia en Duluth para que le ayude.\u00a0<\/span><\/p>\n\n<div class=\"cta-container map-bg row align-items-center flex-md-row-reverse\">\n    <div class=\"col-md-6\">\n        <p class=\"cta-text rs-content-cta\">Completa un <a href=\"https:\/\/slamdunkattorney.com\/es\/contact-us\/\">Formulario de evaluaci\u00f3n gratuita de su caso<\/a> ahora<\/p>\n    <\/div>\n    <div class=\"col-md-6 col-bg\">\n    <\/div>\n<\/div><h2><span style=\"font-weight: 400;\">Hable hoy mismo con un abogado especializado en muerte por negligencia en Duluth.<\/span><\/h2>\n<p><span style=\"font-weight: 400;\">Puede obtener asesoramiento legal especializado tras un accidente mortal por parte de un abogado especializado en homicidio culposo en Duluth, Georgia. Nuestro equipo le tomar\u00e1 en serio y le ayudar\u00e1 a enfrentarse a la compa\u00f1\u00eda de seguros y a la parte responsable.\u00a0<\/span><\/p>\n<p><span style=\"font-weight: 400;\">Slam Dunk Attorney pondr\u00e1 a su familia en primer lugar en cada paso del camino.\u00a0<\/span><\/p>\n\n<div class=\"cta-container row align-items-center\">\n    <div class=\"col-md-7\">\n        <p class=\"cta-text rs-content-cta\">Llame o env\u00ede un mensaje de texto <a class=\"no-btn\" href=\"tel:+14049513513\">404-951-3513<\/a> o completar un <a href=\"https:\/\/slamdunkattorney.com\/es\/contact-us\/\">Formulario de evaluaci\u00f3n gratuita de su caso<\/a><\/p>\n    <\/div>\n    <div class=\"col-md-5\">\n        <img decoding=\"async\" src=\"https:\/\/slamdunkattorney.com\/wp-content\/themes\/slam-dunk-rebuild\/assets\/app\/img\/map-cta.jpg\" alt=\"Call or Text\" class=\"img-fluid\"\/>\n    <\/div>\n<\/div>","protected":false},"excerpt":{"rendered":"<p>You have legal options if you lose a loved one in a deadly accident in Georgia. Whether you lost your treasured family member in a car crash, motorcycle accident, or on someone else&#8217;s property, you have the right to demand compensation for your losses. Contact your Duluth wrongful death lawyer for compassionate support and guidance &#8230;<\/p>","protected":false},"author":2,"featured_media":39879,"parent":22,"menu_order":0,"comment_status":"closed","ping_status":"closed","template":"","meta":{"_acf_changed":false,"_genesis_hide_title":false,"_genesis_hide_breadcrumbs":false,"_genesis_hide_singular_image":false,"_genesis_hide_footer_widgets":false,"_genesis_custom_body_class":"","_genesis_custom_post_class":"","_genesis_layout":"","ngg_post_thumbnail":0,"footnotes":""},"extra-categories":[65],"hc_faqs":[],"class_list":{"0":"post-5906","1":"page","2":"type-page","3":"status-publish","4":"has-post-thumbnail","6":"extra-categories-featured-practices","7":"hc_city_location-duluth","8":"entry"},"acf":[],"yoast_head":"<!-- This site is optimized with the Yoast SEO plugin v27.5 - https:\/\/yoast.com\/product\/yoast-seo-wordpress\/ -->\n<title>Wrongful Death Lawyer in Duluth | Free Consultation<\/title>\n<meta name=\"description\" content=\"You need a Duluth wrongful death lawyer to help you fight for maximum compensation for costs related to your accident. 24\/7 help.\" \/>\n<meta name=\"robots\" content=\"index, follow, max-snippet:-1, max-image-preview:large, max-video-preview:-1\" \/>\n<link rel=\"canonical\" href=\"https:\/\/slamdunkattorney.com\/es\/duluth\/wrongful-death-lawyer\/\" \/>\n<meta property=\"og:locale\" content=\"es_MX\" \/>\n<meta property=\"og:type\" content=\"article\" \/>\n<meta property=\"og:title\" content=\"Wrongful Death Lawyer in Duluth | Free Consultation\" \/>\n<meta property=\"og:description\" content=\"You need a Duluth wrongful death lawyer to help you fight for maximum compensation for costs related to your accident. 24\/7 help.\" \/>\n<meta property=\"og:url\" content=\"https:\/\/slamdunkattorney.com\/es\/duluth\/wrongful-death-lawyer\/\" \/>\n<meta property=\"og:site_name\" content=\"Slam Dunk Attorney | Injury Lawyers\" \/>\n<meta property=\"article:publisher\" content=\"https:\/\/www.facebook.com\/slamdunkattorneyinjurylawyers\/\" \/>\n<meta property=\"article:modified_time\" content=\"2026-01-29T07:53:22+00:00\" \/>\n<meta property=\"og:image\" content=\"https:\/\/slamdunkattorney.com\/wp-content\/uploads\/2026\/01\/Wrongful-Death.webp\" \/>\n\t<meta property=\"og:image:width\" content=\"300\" \/>\n\t<meta property=\"og:image:height\" content=\"226\" \/>\n\t<meta property=\"og:image:type\" content=\"image\/webp\" \/>\n<meta name=\"twitter:card\" content=\"summary_large_image\" \/>\n<meta name=\"twitter:site\" content=\"@slamdunkattorney\" \/>\n<meta name=\"twitter:label1\" content=\"Est. reading time\" \/>\n\t<meta name=\"twitter:data1\" content=\"5 minutos\" \/>\n<script type=\"application\/ld+json\" class=\"yoast-schema-graph\">{\"@context\":\"https:\\\/\\\/schema.org\",\"@graph\":[{\"@type\":\"WebPage\",\"@id\":\"https:\\\/\\\/slamdunkattorney.com\\\/duluth\\\/wrongful-death-lawyer\\\/\",\"url\":\"https:\\\/\\\/slamdunkattorney.com\\\/duluth\\\/wrongful-death-lawyer\\\/\",\"name\":\"Wrongful Death Lawyer in Duluth | Free Consultation\",\"isPartOf\":{\"@id\":\"https:\\\/\\\/slamdunkattorney.com\\\/#website\"},\"primaryImageOfPage\":{\"@id\":\"https:\\\/\\\/slamdunkattorney.com\\\/duluth\\\/wrongful-death-lawyer\\\/#primaryimage\"},\"image\":{\"@id\":\"https:\\\/\\\/slamdunkattorney.com\\\/duluth\\\/wrongful-death-lawyer\\\/#primaryimage\"},\"thumbnailUrl\":\"https:\\\/\\\/slamdunkattorney.com\\\/wp-content\\\/uploads\\\/2026\\\/01\\\/Wrongful-Death.webp\",\"datePublished\":\"2024-04-23T15:41:30+00:00\",\"dateModified\":\"2026-01-29T07:53:22+00:00\",\"description\":\"You need a Duluth wrongful death lawyer to help you fight for maximum compensation for costs related to your accident. 24\\\/7 help.\",\"breadcrumb\":{\"@id\":\"https:\\\/\\\/slamdunkattorney.com\\\/duluth\\\/wrongful-death-lawyer\\\/#breadcrumb\"},\"inLanguage\":\"es\",\"potentialAction\":[{\"@type\":\"ReadAction\",\"target\":[\"https:\\\/\\\/slamdunkattorney.com\\\/duluth\\\/wrongful-death-lawyer\\\/\"]}]},{\"@type\":\"ImageObject\",\"inLanguage\":\"es\",\"@id\":\"https:\\\/\\\/slamdunkattorney.com\\\/duluth\\\/wrongful-death-lawyer\\\/#primaryimage\",\"url\":\"https:\\\/\\\/slamdunkattorney.com\\\/wp-content\\\/uploads\\\/2026\\\/01\\\/Wrongful-Death.webp\",\"contentUrl\":\"https:\\\/\\\/slamdunkattorney.com\\\/wp-content\\\/uploads\\\/2026\\\/01\\\/Wrongful-Death.webp\",\"width\":300,\"height\":226,\"caption\":\"Wrongful Death\"},{\"@type\":\"BreadcrumbList\",\"@id\":\"https:\\\/\\\/slamdunkattorney.com\\\/duluth\\\/wrongful-death-lawyer\\\/#breadcrumb\",\"itemListElement\":[{\"@type\":\"ListItem\",\"position\":1,\"name\":\"Home\",\"item\":\"https:\\\/\\\/slamdunkattorney.com\\\/\"},{\"@type\":\"ListItem\",\"position\":2,\"name\":\"Duluth, GA Personal Injury Lawyer\",\"item\":\"https:\\\/\\\/slamdunkattorney.com\\\/\"},{\"@type\":\"ListItem\",\"position\":3,\"name\":\"Duluth Wrongful Death Lawyer\"}]},{\"@type\":\"WebSite\",\"@id\":\"https:\\\/\\\/slamdunkattorney.com\\\/#website\",\"url\":\"https:\\\/\\\/slamdunkattorney.com\\\/\",\"name\":\"Slam Dunk Attorney | Injury Lawyers\",\"description\":\"Duluth Personal Injury Lawyers\",\"publisher\":{\"@id\":\"https:\\\/\\\/slamdunkattorney.com\\\/#organization\"},\"alternateName\":\"Slam Dunk Attorney\",\"inLanguage\":\"es\"},{\"@type\":\"Organization\",\"@id\":\"https:\\\/\\\/slamdunkattorney.com\\\/#organization\",\"name\":\"Slam Dunk Attorney\",\"alternateName\":\"Slam Dunk\",\"url\":\"https:\\\/\\\/slamdunkattorney.com\\\/\",\"logo\":{\"@type\":\"ImageObject\",\"inLanguage\":\"es\",\"@id\":\"https:\\\/\\\/slamdunkattorney.com\\\/#\\\/schema\\\/logo\\\/image\\\/\",\"url\":\"https:\\\/\\\/slamdunkattorney.com\\\/wp-content\\\/uploads\\\/2023\\\/05\\\/cropped-Logo.png\",\"contentUrl\":\"https:\\\/\\\/slamdunkattorney.com\\\/wp-content\\\/uploads\\\/2023\\\/05\\\/cropped-Logo.png\",\"width\":1080,\"height\":240,\"caption\":\"Slam Dunk Attorney\"},\"image\":{\"@id\":\"https:\\\/\\\/slamdunkattorney.com\\\/#\\\/schema\\\/logo\\\/image\\\/\"},\"sameAs\":[\"https:\\\/\\\/www.facebook.com\\\/slamdunkattorneyinjurylawyers\\\/\",\"https:\\\/\\\/x.com\\\/slamdunkattorney\",\"https:\\\/\\\/www.instagram.com\\\/slamdunkattorney\\\/\",\"https:\\\/\\\/www.youtube.com\\\/channel\\\/UCSrOiC7vOjlCi3UgtIVGNtw\",\"https:\\\/\\\/www.linkedin.com\\\/company\\\/slamdunkattorneyinjurylawyers\"]}]}<\/script>\n<!-- \/ Yoast SEO plugin. -->","yoast_head_json":{"title":"Wrongful Death Lawyer in Duluth | Free Consultation","description":"You need a Duluth wrongful death lawyer to help you fight for maximum compensation for costs related to your accident. 24\/7 help.","robots":{"index":"index","follow":"follow","max-snippet":"max-snippet:-1","max-image-preview":"max-image-preview:large","max-video-preview":"max-video-preview:-1"},"canonical":"https:\/\/slamdunkattorney.com\/es\/duluth\/wrongful-death-lawyer\/","og_locale":"es_MX","og_type":"article","og_title":"Wrongful Death Lawyer in Duluth | Free Consultation","og_description":"You need a Duluth wrongful death lawyer to help you fight for maximum compensation for costs related to your accident. 24\/7 help.","og_url":"https:\/\/slamdunkattorney.com\/es\/duluth\/wrongful-death-lawyer\/","og_site_name":"Slam Dunk Attorney | Injury Lawyers","article_publisher":"https:\/\/www.facebook.com\/slamdunkattorneyinjurylawyers\/","article_modified_time":"2026-01-29T07:53:22+00:00","og_image":[{"width":300,"height":226,"url":"https:\/\/slamdunkattorney.com\/wp-content\/uploads\/2026\/01\/Wrongful-Death.webp","type":"image\/webp"}],"twitter_card":"summary_large_image","twitter_site":"@slamdunkattorney","twitter_misc":{"Est. reading time":"5 minutos"},"schema":{"@context":"https:\/\/schema.org","@graph":[{"@type":"WebPage","@id":"https:\/\/slamdunkattorney.com\/duluth\/wrongful-death-lawyer\/","url":"https:\/\/slamdunkattorney.com\/duluth\/wrongful-death-lawyer\/","name":"Wrongful Death Lawyer in Duluth | Free Consultation","isPartOf":{"@id":"https:\/\/slamdunkattorney.com\/#website"},"primaryImageOfPage":{"@id":"https:\/\/slamdunkattorney.com\/duluth\/wrongful-death-lawyer\/#primaryimage"},"image":{"@id":"https:\/\/slamdunkattorney.com\/duluth\/wrongful-death-lawyer\/#primaryimage"},"thumbnailUrl":"https:\/\/slamdunkattorney.com\/wp-content\/uploads\/2026\/01\/Wrongful-Death.webp","datePublished":"2024-04-23T15:41:30+00:00","dateModified":"2026-01-29T07:53:22+00:00","description":"You need a Duluth wrongful death lawyer to help you fight for maximum compensation for costs related to your accident. 24\/7 help.","breadcrumb":{"@id":"https:\/\/slamdunkattorney.com\/duluth\/wrongful-death-lawyer\/#breadcrumb"},"inLanguage":"es","potentialAction":[{"@type":"ReadAction","target":["https:\/\/slamdunkattorney.com\/duluth\/wrongful-death-lawyer\/"]}]},{"@type":"ImageObject","inLanguage":"es","@id":"https:\/\/slamdunkattorney.com\/duluth\/wrongful-death-lawyer\/#primaryimage","url":"https:\/\/slamdunkattorney.com\/wp-content\/uploads\/2026\/01\/Wrongful-Death.webp","contentUrl":"https:\/\/slamdunkattorney.com\/wp-content\/uploads\/2026\/01\/Wrongful-Death.webp","width":300,"height":226,"caption":"Wrongful Death"},{"@type":"BreadcrumbList","@id":"https:\/\/slamdunkattorney.com\/duluth\/wrongful-death-lawyer\/#breadcrumb","itemListElement":[{"@type":"ListItem","position":1,"name":"Home","item":"https:\/\/slamdunkattorney.com\/"},{"@type":"ListItem","position":2,"name":"Duluth, GA Personal Injury Lawyer","item":"https:\/\/slamdunkattorney.com\/"},{"@type":"ListItem","position":3,"name":"Duluth Wrongful Death Lawyer"}]},{"@type":"WebSite","@id":"https:\/\/slamdunkattorney.com\/#website","url":"https:\/\/slamdunkattorney.com\/","name":"Abogado experto en lesiones | Abogados especializados en lesiones","description":"Abogados de lesiones personales en Duluth","publisher":{"@id":"https:\/\/slamdunkattorney.com\/#organization"},"alternateName":"Slam Dunk Attorney","inLanguage":"es"},{"@type":"Organization","@id":"https:\/\/slamdunkattorney.com\/#organization","name":"Abogado Slam Dunk","alternateName":"Slam Dunk","url":"https:\/\/slamdunkattorney.com\/","logo":{"@type":"ImageObject","inLanguage":"es","@id":"https:\/\/slamdunkattorney.com\/#\/schema\/logo\/image\/","url":"https:\/\/slamdunkattorney.com\/wp-content\/uploads\/2023\/05\/cropped-Logo.png","contentUrl":"https:\/\/slamdunkattorney.com\/wp-content\/uploads\/2023\/05\/cropped-Logo.png","width":1080,"height":240,"caption":"Slam Dunk Attorney"},"image":{"@id":"https:\/\/slamdunkattorney.com\/#\/schema\/logo\/image\/"},"sameAs":["https:\/\/www.facebook.com\/slamdunkattorneyinjurylawyers\/","https:\/\/x.com\/slamdunkattorney","https:\/\/www.instagram.com\/slamdunkattorney\/","https:\/\/www.youtube.com\/channel\/UCSrOiC7vOjlCi3UgtIVGNtw","https:\/\/www.linkedin.com\/company\/slamdunkattorneyinjurylawyers"]}]}},"yoast_meta":{"yoast_wpseo_title":"","yoast_wpseo_metadesc":"","yoast_wpseo_canonical":"https:\/\/slamdunkattorney.com\/es\/wp-json\/wp\/v2\/pages\/5906"},"_links":{"self":[{"href":"https:\/\/slamdunkattorney.com\/es\/wp-json\/wp\/v2\/pages\/5906","targetHints":{"allow":["GET"]}}],"collection":[{"href":"https:\/\/slamdunkattorney.com\/es\/wp-json\/wp\/v2\/pages"}],"about":[{"href":"https:\/\/slamdunkattorney.com\/es\/wp-json\/wp\/v2\/types\/page"}],"author":[{"embeddable":true,"href":"https:\/\/slamdunkattorney.com\/es\/wp-json\/wp\/v2\/users\/2"}],"replies":[{"embeddable":true,"href":"https:\/\/slamdunkattorney.com\/es\/wp-json\/wp\/v2\/comments?post=5906"}],"version-history":[{"count":0,"href":"https:\/\/slamdunkattorney.com\/es\/wp-json\/wp\/v2\/pages\/5906\/revisions"}],"up":[{"embeddable":true,"href":"https:\/\/slamdunkattorney.com\/es\/wp-json\/wp\/v2\/pages\/22"}],"wp:featuredmedia":[{"embeddable":true,"href":"https:\/\/slamdunkattorney.com\/es\/wp-json\/wp\/v2\/media\/39879"}],"wp:attachment":[{"href":"https:\/\/slamdunkattorney.com\/es\/wp-json\/wp\/v2\/media?parent=5906"}],"wp:term":[{"taxonomy":"extra-categories","embeddable":true,"href":"https:\/\/slamdunkattorney.com\/es\/wp-json\/wp\/v2\/extra-categories?post=5906"},{"taxonomy":"hc_faqs","embeddable":true,"href":"https:\/\/slamdunkattorney.com\/es\/wp-json\/wp\/v2\/hc_faqs?post=5906"}],"curies":[{"name":"wp","href":"https:\/\/api.w.org\/{rel}","templated":true}]}}