{"id":5770,"date":"2024-01-22T06:00:00","date_gmt":"2024-01-22T06:00:00","guid":{"rendered":"https:\/\/slamdunk.wpenginepowered.com\/?p=5770"},"modified":"2024-10-23T14:40:36","modified_gmt":"2024-10-23T14:40:36","slug":"steps-to-take-when-filing-a-car-accident-lawsuit","status":"publish","type":"page","link":"https:\/\/slamdunkattorney.com\/es\/faqs\/steps-to-take-when-filing-a-car-accident-lawsuit\/","title":{"rendered":"Pasos a seguir al presentar una demanda por accidente automovil\u00edstico"},"content":{"rendered":"<p>Estar involucrado en un accidente automovil\u00edstico puede ser una experiencia traum\u00e1tica y abrumadora. Adem\u00e1s de lidiar con las lesiones y los da\u00f1os, es posible que tambi\u00e9n se enfrente a cargas econ\u00f3micas y angustia emocional. Si el accidente fue causado por la negligencia de otra persona, es posible que tenga derecho a una indemnizaci\u00f3n mediante una demanda por accidente automovil\u00edstico.<\/p>\r\n\r\n\r\n\r\n<p>Presentar una demanda por accidente automovil\u00edstico puede ser un proceso complejo y largo, pero es importante tomar las medidas necesarias para asegurarse de recibir la indemnizaci\u00f3n que se merece. En este art\u00edculo, analizaremos los pasos que debe seguir al presentar una demanda por accidente automovil\u00edstico.<\/p>\r\n\r\n\r\n\r\n<h2 class=\"wp-block-heading\"><strong>Paso 1: Busque atenci\u00f3n m\u00e9dica.<\/strong><\/h2>\r\n\r\n\r\n\r\n<p>El primer paso y el m\u00e1s importante despu\u00e9s de un accidente automovil\u00edstico es buscar atenci\u00f3n m\u00e9dica. Aunque no sienta ninguna lesi\u00f3n, es importante que un profesional m\u00e9dico le examine, ya que algunas lesiones pueden no ser evidentes de inmediato. Adem\u00e1s, al buscar atenci\u00f3n m\u00e9dica se crear\u00e1 un registro de sus lesiones, lo cual ser\u00e1 importante a la hora de presentar una demanda.<\/p>\r\n\r\n\r\n\r\n\n<div class=\"cta-container row align-items-center\">\n    <div class=\"col-md-7\">\n        <p class=\"cta-text rs-content-cta\">Orgullosos de servir a Duluth y a todo Georgia <span>\u00a1Cont\u00e1ctenos para comenzar su recuperaci\u00f3n!<\/span> <a href=\"https:\/\/slamdunkattorney.com\/es\/\">Explore nuestras \u00e1reas de pr\u00e1ctica<\/a><\/p>\n    <\/div>\n    <div class=\"col-md-5\">\n        <img decoding=\"async\" src=\"https:\/\/slamdunkattorney.com\/wp-content\/themes\/slam-dunk-rebuild\/assets\/app\/img\/map-cta.jpg\" alt=\"Legal Consultation\" class=\"img-fluid\"\/>\n    <\/div>\n<\/div><h2 class=\"wp-block-heading\"><strong>Paso 2: Reunir pruebas<\/strong><\/h2>\r\n\r\n\r\n\r\n<p>Antes de presentar una demanda por accidente automovil\u00edstico, es importante reunir todas las pruebas posibles. Esto incluye tomar fotos del lugar del accidente, los da\u00f1os sufridos por su veh\u00edculo y cualquier lesi\u00f3n visible. Tambi\u00e9n debe obtener una copia del informe policial y recopilar la informaci\u00f3n de contacto de los testigos.<\/p>\r\n\r\n\r\n\r\n<figure class=\"wp-block-image size-large\"><img loading=\"lazy\" decoding=\"async\" width=\"1024\" height=\"602\" class=\"wp-image-5772\" src=\"https:\/\/slamdunkattorney.com\/wp-content\/uploads\/2024\/01\/Step-3_-Contact-Your-Insurance-Company-1024x602.webp\" alt=\"Step 3 Contact Your Insurance Company\" srcset=\"https:\/\/slamdunkattorney.com\/wp-content\/uploads\/2024\/01\/Step-3_-Contact-Your-Insurance-Company-1024x602.webp 1024w, https:\/\/slamdunkattorney.com\/wp-content\/uploads\/2024\/01\/Step-3_-Contact-Your-Insurance-Company-300x176.webp 300w, https:\/\/slamdunkattorney.com\/wp-content\/uploads\/2024\/01\/Step-3_-Contact-Your-Insurance-Company-768x452.webp 768w, https:\/\/slamdunkattorney.com\/wp-content\/uploads\/2024\/01\/Step-3_-Contact-Your-Insurance-Company-1536x904.webp 1536w, https:\/\/slamdunkattorney.com\/wp-content\/uploads\/2024\/01\/Step-3_-Contact-Your-Insurance-Company.webp 1700w\" sizes=\"auto, (max-width: 1024px) 100vw, 1024px\" \/>\r\n<figcaption class=\"wp-element-caption\">Comun\u00edquese con su compa\u00f1\u00eda de seguros<\/figcaption>\r\n<\/figure>\r\n\r\n\r\n\r\n<h2 class=\"wp-block-heading\"><strong>Paso 3: Comun\u00edquese con su compa\u00f1\u00eda de seguros<\/strong><\/h2>\r\n\r\n\r\n\r\n<p>Despu\u00e9s de buscar atenci\u00f3n m\u00e9dica y reunir pruebas, debe ponerse en contacto con su compa\u00f1\u00eda de seguros para informar del accidente. Ellos le guiar\u00e1n a trav\u00e9s del proceso de presentaci\u00f3n de una reclamaci\u00f3n y tambi\u00e9n pueden proporcionarle un auto de alquiler mientras se repara su veh\u00edculo.<\/p>\r\n\r\n\r\n\r\n\n<div class=\"cta-container row align-items-center\">\n    <div class=\"col-md-7\">\n        <p class=\"cta-text rs-content-cta\"><a class=\"no-btn\" href=\"https:\/\/slamdunkattorney.com\/es\/contact-us\/\">Haga clic para contactar<\/a> nuestros abogados especializados en lesiones personales hoy mismo<\/p>\n    <\/div>\n    <div class=\"col-md-5\">\n        <img decoding=\"async\" src=\"https:\/\/slamdunkattorney.com\/wp-content\/themes\/slam-dunk-rebuild\/assets\/app\/img\/map-cta.jpg\" alt=\"Contact Us\" class=\"img-fluid\"\/>\n    <\/div>\n<\/div><h2 class=\"wp-block-heading\"><strong>Paso 4: Consulte con un abogado especializado en lesiones personales.<\/strong><\/h2>\r\n\r\n\r\n\r\n<p>Presentar una demanda por accidente automovil\u00edstico puede ser un proceso legal complejo, por lo que es importante contar con un abogado experto y con experiencia en lesiones personales de su lado. \u00c9l podr\u00e1 ayudarle a comprender sus derechos y guiarle a lo largo del proceso legal. Es importante consultar con un abogado lo antes posible despu\u00e9s del accidente para asegurarse de no perder ning\u00fan plazo importante.<\/p>\r\n\r\n\r\n\r\n\n<div class=\"cta-container map-bg row align-items-center flex-md-row-reverse\">\n    <div class=\"col-md-6\">\n        <p class=\"cta-text rs-content-cta\">Completa un <a href=\"https:\/\/slamdunkattorney.com\/es\/contact-us\/\">Formulario de evaluaci\u00f3n gratuita de su caso<\/a> ahora<\/p>\n    <\/div>\n    <div class=\"col-md-6 col-bg\">\n    <\/div>\n<\/div><h2 class=\"wp-block-heading\"><strong>Paso 5: Determinar la falla<\/strong><\/h2>\r\n\r\n\r\n\r\n<p>Para presentar una demanda por accidente automovil\u00edstico, debe poder demostrar que el otro conductor fue el responsable del accidente. Su abogado le ayudar\u00e1 a reunir pruebas y determinar qui\u00e9n fue el responsable. En algunos casos, ambas partes pueden ser parcialmente responsables, lo que puede afectar la cantidad de indemnizaci\u00f3n a la que tiene derecho.<\/p>\r\n\r\n\r\n\r\n<h2 class=\"wp-block-heading\"><strong>Paso 6: Calcular los da\u00f1os<\/strong><\/h2>\r\n\r\n\r\n\r\n<p>Al presentar una demanda por accidente automovil\u00edstico, es posible que tenga derecho a una indemnizaci\u00f3n por diversos da\u00f1os, incluidos los gastos m\u00e9dicos, los salarios perdidos y el dolor y el sufrimiento. Su abogado le ayudar\u00e1 a calcular el monto total de los da\u00f1os que reclama y se asegurar\u00e1 de que no pierda ninguna indemnizaci\u00f3n potencial.<\/p>\r\n\r\n\r\n\r\n<figure class=\"wp-block-image size-large\"><img loading=\"lazy\" decoding=\"async\" width=\"1024\" height=\"602\" class=\"wp-image-5773\" src=\"https:\/\/slamdunkattorney.com\/wp-content\/uploads\/2024\/01\/Step-7_-Negotiate-a-Settlement-1024x602.webp\" alt=\"Step 7 Negotiate a Settlement\" srcset=\"https:\/\/slamdunkattorney.com\/wp-content\/uploads\/2024\/01\/Step-7_-Negotiate-a-Settlement-1024x602.webp 1024w, https:\/\/slamdunkattorney.com\/wp-content\/uploads\/2024\/01\/Step-7_-Negotiate-a-Settlement-300x176.webp 300w, https:\/\/slamdunkattorney.com\/wp-content\/uploads\/2024\/01\/Step-7_-Negotiate-a-Settlement-768x452.webp 768w, https:\/\/slamdunkattorney.com\/wp-content\/uploads\/2024\/01\/Step-7_-Negotiate-a-Settlement-1536x904.webp 1536w, https:\/\/slamdunkattorney.com\/wp-content\/uploads\/2024\/01\/Step-7_-Negotiate-a-Settlement.webp 1700w\" sizes=\"auto, (max-width: 1024px) 100vw, 1024px\" \/>\r\n<figcaption class=\"wp-element-caption\">Negociar un acuerdo<\/figcaption>\r\n<\/figure>\r\n\r\n\r\n\r\n<h2 class=\"wp-block-heading\"><strong>Paso 7: Negociar un acuerdo<\/strong><\/h2>\r\n\r\n\r\n\r\n<p>En muchos casos, las demandas por accidentes automovil\u00edsticos se resuelven fuera de los tribunales mediante negociaciones entre las partes involucradas. Su abogado lo representar\u00e1 durante estas negociaciones y trabajar\u00e1 para garantizar un acuerdo justo que cubra todos sus da\u00f1os. Si no se puede llegar a un acuerdo, su abogado se preparar\u00e1 para llevar el caso a los tribunales.<\/p>\r\n\r\n\r\n\r\n<h2 class=\"wp-block-heading\"><strong>Paso 8: Presentar la demanda<\/strong><\/h2>\r\n\r\n\r\n\r\n<p>Si no se llega a un acuerdo, su abogado presentar\u00e1 una demanda en su nombre. Esto implicar\u00e1 presentar una queja ante el tribunal en la que se describan los detalles del accidente y los da\u00f1os y perjuicios que usted reclama. La otra parte tendr\u00e1 entonces un plazo determinado para responder a la queja.<\/p>\r\n\r\n\r\n\r\n<h2 class=\"wp-block-heading\"><strong>Paso 9: Proceso de descubrimiento<\/strong><\/h2>\r\n\r\n\r\n\r\n<p>Durante el proceso de descubrimiento, ambas partes recopilar\u00e1n pruebas e intercambiar\u00e1n informaci\u00f3n relacionada con el caso. Esto puede incluir declaraciones, preguntas por escrito y solicitudes de documentos. Su abogado le guiar\u00e1 a lo largo de este proceso y se asegurar\u00e1 de que se obtengan todas las pruebas necesarias.<\/p>\r\n\r\n\r\n\r\n<h2 class=\"wp-block-heading\"><strong>Paso 10: Prueba<\/strong><\/h2>\r\n\r\n\r\n\r\n<p>Si a\u00fan as\u00ed no se llega a un acuerdo, el caso ir\u00e1 a juicio. Durante el juicio, ambas partes presentar\u00e1n sus pruebas y argumentos ante un juez o un jurado. Su abogado lo representar\u00e1 y trabajar\u00e1 para demostrar que la otra parte fue culpable y que usted tiene derecho a una indemnizaci\u00f3n por los da\u00f1os sufridos.<\/p>\r\n\r\n\r\n\r\n<h2 class=\"wp-block-heading\"><strong>Paso 11: Veredicto y apelaci\u00f3n<\/strong><\/h2>\r\n\r\n\r\n\r\n<p>Despu\u00e9s del juicio, se emitir\u00e1 un veredicto. Si el veredicto es favorable para usted, la otra parte puede optar por apelar la decisi\u00f3n. Si el veredicto no es favorable para usted, su abogado tambi\u00e9n puede optar por apelar. Las apelaciones pueden ser un proceso largo, pero su abogado seguir\u00e1 luchando por sus derechos y trabajando para garantizar la indemnizaci\u00f3n que usted merece.<\/p>\r\n\r\n\r\n\r\n<figure class=\"wp-block-image size-large\"><img loading=\"lazy\" decoding=\"async\" width=\"1024\" height=\"602\" class=\"wp-image-5774\" src=\"https:\/\/slamdunkattorney.com\/wp-content\/uploads\/2024\/01\/News-1024x602.webp\" alt=\"News\" srcset=\"https:\/\/slamdunkattorney.com\/wp-content\/uploads\/2024\/01\/News-1024x602.webp 1024w, https:\/\/slamdunkattorney.com\/wp-content\/uploads\/2024\/01\/News-300x176.webp 300w, https:\/\/slamdunkattorney.com\/wp-content\/uploads\/2024\/01\/News-768x452.webp 768w, https:\/\/slamdunkattorney.com\/wp-content\/uploads\/2024\/01\/News-1536x904.webp 1536w, https:\/\/slamdunkattorney.com\/wp-content\/uploads\/2024\/01\/News.webp 1700w\" sizes=\"auto, (max-width: 1024px) 100vw, 1024px\" \/>\r\n<figcaption class=\"wp-element-caption\">Noticias<\/figcaption>\r\n<\/figure>\r\n\r\n\r\n\r\n<h2 class=\"wp-block-heading\"><strong>Noticias<\/strong><\/h2>\r\n\r\n\r\n\r\n<p>Los investigadores del condado de Gwinnett solicitan ayuda para identificar un veh\u00edculo rojo involucrado en un<a title=\"\" href=\"https:\/\/www.fox5atlanta.com\/news\/video-shows-car-wanted-in-connection-to-duluth-hit-and-run\" target=\"_blank\" rel=\"noopener\"> atropello con fuga<\/a> a lo largo de Shackleford Road, en Duluth. El coche rojo, que se cree que tiene da\u00f1os en la parte delantera del lado del conductor, fue captado por las c\u00e1maras de vigilancia circulando a gran velocidad hacia el norte por Shackelford Road, cerca de Liddell Lane. Las autoridades piden a cualquier persona que tenga informaci\u00f3n sobre el incidente o el paradero del veh\u00edculo que se ponga en contacto con<a title=\"\" href=\"https:\/\/www.atlantapd.org\/community\/crime-stoppers\" target=\"_blank\" rel=\"noopener\"> Crime Stoppers Gran Atlanta<\/a>. La informaci\u00f3n que conduzca a la detenci\u00f3n del sospechoso podr\u00e1 ser objeto de una recompensa.<\/p>\r\n\r\n\r\n\r\n<h2 class=\"wp-block-heading\"><strong>Conclusi\u00f3n<\/strong><\/h2>\r\n\r\n\r\n\r\n<p>Presentar una demanda por accidente automovil\u00edstico puede ser un proceso abrumador y desalentador, pero es importante tomar las medidas necesarias para asegurarse de recibir la indemnizaci\u00f3n que se merece. Buscar atenci\u00f3n m\u00e9dica, reunir pruebas y consultar con un abogado especializado en lesiones personales son pasos cruciales en el proceso. Si sigue estos pasos, aumentar\u00e1 sus posibilidades de obtener un resultado satisfactorio y recibir la indemnizaci\u00f3n que necesita para seguir adelante despu\u00e9s de un accidente automovil\u00edstico.<\/p>\r\n\n<div class=\"cta-container row align-items-center\">\n    <div class=\"col-md-7\">\n        <p class=\"cta-text rs-content-cta\">Llame o env\u00ede un mensaje de texto <a class=\"no-btn\" href=\"tel:+14049513513\">404-951-3513<\/a> o completar un <a href=\"https:\/\/slamdunkattorney.com\/es\/contact-us\/\">Formulario de evaluaci\u00f3n gratuita de su caso<\/a><\/p>\n    <\/div>\n    <div class=\"col-md-5\">\n        <img decoding=\"async\" src=\"https:\/\/slamdunkattorney.com\/wp-content\/themes\/slam-dunk-rebuild\/assets\/app\/img\/map-cta.jpg\" alt=\"Call or Text\" class=\"img-fluid\"\/>\n    <\/div>\n<\/div>","protected":false},"excerpt":{"rendered":"<p>Being involved in a car accident can be a traumatic and overwhelming experience. In addition to dealing with any injuries and damages, you may also be facing financial burdens and emotional distress. If the accident was caused by someone else&#8217;s negligence, you may be entitled to compensation through a car accident lawsuit. Filing a car &#8230;<\/p>","protected":false},"author":2,"featured_media":5771,"parent":5902,"menu_order":0,"comment_status":"closed","ping_status":"closed","template":"","meta":{"_acf_changed":false,"_genesis_hide_title":false,"_genesis_hide_breadcrumbs":false,"_genesis_hide_singular_image":false,"_genesis_hide_footer_widgets":false,"_genesis_custom_body_class":"","_genesis_custom_post_class":"","_genesis_layout":"","ngg_post_thumbnail":0,"footnotes":""},"extra-categories":[],"hc_faqs":[41],"class_list":{"0":"post-5770","1":"page","2":"type-page","3":"status-publish","4":"has-post-thumbnail","6":"hc_faqs-car-accident","7":"entry"},"acf":[],"yoast_head":"<!-- This site is optimized with the Yoast SEO plugin v27.4 - https:\/\/yoast.com\/product\/yoast-seo-wordpress\/ -->\n<title>Steps to Take When Filing a Car Accident Lawsuit - Slam Dunk Attorney | Injury Lawyers<\/title>\n<meta name=\"description\" content=\"In this article, we will discuss the steps you should take when filing a car accident lawsuit. Contact us for a free consultation.\" \/>\n<meta name=\"robots\" content=\"index, follow, max-snippet:-1, max-image-preview:large, max-video-preview:-1\" \/>\n<link rel=\"canonical\" href=\"https:\/\/slamdunkattorney.com\/es\/faqs\/steps-to-take-when-filing-a-car-accident-lawsuit\/\" \/>\n<meta property=\"og:locale\" content=\"es_MX\" \/>\n<meta property=\"og:type\" content=\"article\" \/>\n<meta property=\"og:title\" content=\"Steps to Take When Filing a Car Accident Lawsuit - Slam Dunk Attorney | Injury Lawyers\" \/>\n<meta property=\"og:description\" content=\"In this article, we will discuss the steps you should take when filing a car accident lawsuit. Contact us for a free consultation.\" \/>\n<meta property=\"og:url\" content=\"https:\/\/slamdunkattorney.com\/es\/faqs\/steps-to-take-when-filing-a-car-accident-lawsuit\/\" \/>\n<meta property=\"og:site_name\" content=\"Slam Dunk Attorney | Injury Lawyers\" \/>\n<meta property=\"article:publisher\" content=\"https:\/\/www.facebook.com\/slamdunkattorneyinjurylawyers\/\" \/>\n<meta property=\"article:modified_time\" content=\"2024-10-23T14:40:36+00:00\" \/>\n<meta property=\"og:image\" content=\"https:\/\/slamdunkattorney.com\/wp-content\/uploads\/2024\/01\/Steps-to-Take-When-Filing-a-Car-Accident-Lawsuit.webp\" \/>\n\t<meta property=\"og:image:width\" content=\"1700\" \/>\n\t<meta property=\"og:image:height\" content=\"1000\" \/>\n\t<meta property=\"og:image:type\" content=\"image\/webp\" \/>\n<meta name=\"twitter:card\" content=\"summary_large_image\" \/>\n<meta name=\"twitter:site\" content=\"@slamdunkattorney\" \/>\n<meta name=\"twitter:label1\" content=\"Est. reading time\" \/>\n\t<meta name=\"twitter:data1\" content=\"5 minutos\" \/>\n<script type=\"application\/ld+json\" class=\"yoast-schema-graph\">{\"@context\":\"https:\\\/\\\/schema.org\",\"@graph\":[{\"@type\":\"WebPage\",\"@id\":\"https:\\\/\\\/slamdunkattorney.com\\\/faqs\\\/steps-to-take-when-filing-a-car-accident-lawsuit\\\/\",\"url\":\"https:\\\/\\\/slamdunkattorney.com\\\/faqs\\\/steps-to-take-when-filing-a-car-accident-lawsuit\\\/\",\"name\":\"Steps to Take When Filing a Car Accident Lawsuit - Slam Dunk Attorney | Injury Lawyers\",\"isPartOf\":{\"@id\":\"https:\\\/\\\/slamdunkattorney.com\\\/#website\"},\"primaryImageOfPage\":{\"@id\":\"https:\\\/\\\/slamdunkattorney.com\\\/faqs\\\/steps-to-take-when-filing-a-car-accident-lawsuit\\\/#primaryimage\"},\"image\":{\"@id\":\"https:\\\/\\\/slamdunkattorney.com\\\/faqs\\\/steps-to-take-when-filing-a-car-accident-lawsuit\\\/#primaryimage\"},\"thumbnailUrl\":\"https:\\\/\\\/slamdunkattorney.com\\\/wp-content\\\/uploads\\\/2024\\\/01\\\/Steps-to-Take-When-Filing-a-Car-Accident-Lawsuit.webp\",\"datePublished\":\"2024-01-22T06:00:00+00:00\",\"dateModified\":\"2024-10-23T14:40:36+00:00\",\"description\":\"In this article, we will discuss the steps you should take when filing a car accident lawsuit. Contact us for a free consultation.\",\"breadcrumb\":{\"@id\":\"https:\\\/\\\/slamdunkattorney.com\\\/faqs\\\/steps-to-take-when-filing-a-car-accident-lawsuit\\\/#breadcrumb\"},\"inLanguage\":\"es\",\"potentialAction\":[{\"@type\":\"ReadAction\",\"target\":[\"https:\\\/\\\/slamdunkattorney.com\\\/faqs\\\/steps-to-take-when-filing-a-car-accident-lawsuit\\\/\"]}]},{\"@type\":\"ImageObject\",\"inLanguage\":\"es\",\"@id\":\"https:\\\/\\\/slamdunkattorney.com\\\/faqs\\\/steps-to-take-when-filing-a-car-accident-lawsuit\\\/#primaryimage\",\"url\":\"https:\\\/\\\/slamdunkattorney.com\\\/wp-content\\\/uploads\\\/2024\\\/01\\\/Steps-to-Take-When-Filing-a-Car-Accident-Lawsuit.webp\",\"contentUrl\":\"https:\\\/\\\/slamdunkattorney.com\\\/wp-content\\\/uploads\\\/2024\\\/01\\\/Steps-to-Take-When-Filing-a-Car-Accident-Lawsuit.webp\",\"width\":1700,\"height\":1000,\"caption\":\"Steps to Take When Filing a Car Accident Lawsuit\"},{\"@type\":\"BreadcrumbList\",\"@id\":\"https:\\\/\\\/slamdunkattorney.com\\\/faqs\\\/steps-to-take-when-filing-a-car-accident-lawsuit\\\/#breadcrumb\",\"itemListElement\":[{\"@type\":\"ListItem\",\"position\":1,\"name\":\"Home\",\"item\":\"https:\\\/\\\/slamdunkattorney.com\\\/\"},{\"@type\":\"ListItem\",\"position\":2,\"name\":\"FAQs\",\"item\":\"https:\\\/\\\/slamdunkattorney.com\\\/faqs\\\/\"},{\"@type\":\"ListItem\",\"position\":3,\"name\":\"Steps to Take When Filing a Car Accident Lawsuit\"}]},{\"@type\":\"WebSite\",\"@id\":\"https:\\\/\\\/slamdunkattorney.com\\\/#website\",\"url\":\"https:\\\/\\\/slamdunkattorney.com\\\/\",\"name\":\"Slam Dunk Attorney | Injury Lawyers\",\"description\":\"Duluth Personal Injury Lawyers\",\"publisher\":{\"@id\":\"https:\\\/\\\/slamdunkattorney.com\\\/#organization\"},\"alternateName\":\"Slam Dunk Attorney\",\"inLanguage\":\"es\"},{\"@type\":\"Organization\",\"@id\":\"https:\\\/\\\/slamdunkattorney.com\\\/#organization\",\"name\":\"Slam Dunk Attorney\",\"alternateName\":\"Slam Dunk\",\"url\":\"https:\\\/\\\/slamdunkattorney.com\\\/\",\"logo\":{\"@type\":\"ImageObject\",\"inLanguage\":\"es\",\"@id\":\"https:\\\/\\\/slamdunkattorney.com\\\/#\\\/schema\\\/logo\\\/image\\\/\",\"url\":\"https:\\\/\\\/slamdunkattorney.com\\\/wp-content\\\/uploads\\\/2023\\\/05\\\/cropped-Logo.png\",\"contentUrl\":\"https:\\\/\\\/slamdunkattorney.com\\\/wp-content\\\/uploads\\\/2023\\\/05\\\/cropped-Logo.png\",\"width\":1080,\"height\":240,\"caption\":\"Slam Dunk Attorney\"},\"image\":{\"@id\":\"https:\\\/\\\/slamdunkattorney.com\\\/#\\\/schema\\\/logo\\\/image\\\/\"},\"sameAs\":[\"https:\\\/\\\/www.facebook.com\\\/slamdunkattorneyinjurylawyers\\\/\",\"https:\\\/\\\/x.com\\\/slamdunkattorney\",\"https:\\\/\\\/www.instagram.com\\\/slamdunkattorney\\\/\",\"https:\\\/\\\/www.youtube.com\\\/channel\\\/UCSrOiC7vOjlCi3UgtIVGNtw\",\"https:\\\/\\\/www.linkedin.com\\\/company\\\/slamdunkattorneyinjurylawyers\"]}]}<\/script>\n<!-- \/ Yoast SEO plugin. -->","yoast_head_json":{"title":"Steps to Take When Filing a Car Accident Lawsuit - Slam Dunk Attorney | Injury Lawyers","description":"In this article, we will discuss the steps you should take when filing a car accident lawsuit. Contact us for a free consultation.","robots":{"index":"index","follow":"follow","max-snippet":"max-snippet:-1","max-image-preview":"max-image-preview:large","max-video-preview":"max-video-preview:-1"},"canonical":"https:\/\/slamdunkattorney.com\/es\/faqs\/steps-to-take-when-filing-a-car-accident-lawsuit\/","og_locale":"es_MX","og_type":"article","og_title":"Steps to Take When Filing a Car Accident Lawsuit - Slam Dunk Attorney | Injury Lawyers","og_description":"In this article, we will discuss the steps you should take when filing a car accident lawsuit. Contact us for a free consultation.","og_url":"https:\/\/slamdunkattorney.com\/es\/faqs\/steps-to-take-when-filing-a-car-accident-lawsuit\/","og_site_name":"Slam Dunk Attorney | Injury Lawyers","article_publisher":"https:\/\/www.facebook.com\/slamdunkattorneyinjurylawyers\/","article_modified_time":"2024-10-23T14:40:36+00:00","og_image":[{"width":1700,"height":1000,"url":"https:\/\/slamdunkattorney.com\/wp-content\/uploads\/2024\/01\/Steps-to-Take-When-Filing-a-Car-Accident-Lawsuit.webp","type":"image\/webp"}],"twitter_card":"summary_large_image","twitter_site":"@slamdunkattorney","twitter_misc":{"Est. reading time":"5 minutos"},"schema":{"@context":"https:\/\/schema.org","@graph":[{"@type":"WebPage","@id":"https:\/\/slamdunkattorney.com\/faqs\/steps-to-take-when-filing-a-car-accident-lawsuit\/","url":"https:\/\/slamdunkattorney.com\/faqs\/steps-to-take-when-filing-a-car-accident-lawsuit\/","name":"Steps to Take When Filing a Car Accident Lawsuit - Slam Dunk Attorney | Injury Lawyers","isPartOf":{"@id":"https:\/\/slamdunkattorney.com\/#website"},"primaryImageOfPage":{"@id":"https:\/\/slamdunkattorney.com\/faqs\/steps-to-take-when-filing-a-car-accident-lawsuit\/#primaryimage"},"image":{"@id":"https:\/\/slamdunkattorney.com\/faqs\/steps-to-take-when-filing-a-car-accident-lawsuit\/#primaryimage"},"thumbnailUrl":"https:\/\/slamdunkattorney.com\/wp-content\/uploads\/2024\/01\/Steps-to-Take-When-Filing-a-Car-Accident-Lawsuit.webp","datePublished":"2024-01-22T06:00:00+00:00","dateModified":"2024-10-23T14:40:36+00:00","description":"In this article, we will discuss the steps you should take when filing a car accident lawsuit. Contact us for a free consultation.","breadcrumb":{"@id":"https:\/\/slamdunkattorney.com\/faqs\/steps-to-take-when-filing-a-car-accident-lawsuit\/#breadcrumb"},"inLanguage":"es","potentialAction":[{"@type":"ReadAction","target":["https:\/\/slamdunkattorney.com\/faqs\/steps-to-take-when-filing-a-car-accident-lawsuit\/"]}]},{"@type":"ImageObject","inLanguage":"es","@id":"https:\/\/slamdunkattorney.com\/faqs\/steps-to-take-when-filing-a-car-accident-lawsuit\/#primaryimage","url":"https:\/\/slamdunkattorney.com\/wp-content\/uploads\/2024\/01\/Steps-to-Take-When-Filing-a-Car-Accident-Lawsuit.webp","contentUrl":"https:\/\/slamdunkattorney.com\/wp-content\/uploads\/2024\/01\/Steps-to-Take-When-Filing-a-Car-Accident-Lawsuit.webp","width":1700,"height":1000,"caption":"Steps to Take When Filing a Car Accident Lawsuit"},{"@type":"BreadcrumbList","@id":"https:\/\/slamdunkattorney.com\/faqs\/steps-to-take-when-filing-a-car-accident-lawsuit\/#breadcrumb","itemListElement":[{"@type":"ListItem","position":1,"name":"Home","item":"https:\/\/slamdunkattorney.com\/"},{"@type":"ListItem","position":2,"name":"FAQs","item":"https:\/\/slamdunkattorney.com\/faqs\/"},{"@type":"ListItem","position":3,"name":"Steps to Take When Filing a Car Accident Lawsuit"}]},{"@type":"WebSite","@id":"https:\/\/slamdunkattorney.com\/#website","url":"https:\/\/slamdunkattorney.com\/","name":"Abogado experto en lesiones | Abogados especializados en lesiones","description":"Abogados de lesiones personales en Duluth","publisher":{"@id":"https:\/\/slamdunkattorney.com\/#organization"},"alternateName":"Slam Dunk Attorney","inLanguage":"es"},{"@type":"Organization","@id":"https:\/\/slamdunkattorney.com\/#organization","name":"Abogado Slam Dunk","alternateName":"Slam Dunk","url":"https:\/\/slamdunkattorney.com\/","logo":{"@type":"ImageObject","inLanguage":"es","@id":"https:\/\/slamdunkattorney.com\/#\/schema\/logo\/image\/","url":"https:\/\/slamdunkattorney.com\/wp-content\/uploads\/2023\/05\/cropped-Logo.png","contentUrl":"https:\/\/slamdunkattorney.com\/wp-content\/uploads\/2023\/05\/cropped-Logo.png","width":1080,"height":240,"caption":"Slam Dunk Attorney"},"image":{"@id":"https:\/\/slamdunkattorney.com\/#\/schema\/logo\/image\/"},"sameAs":["https:\/\/www.facebook.com\/slamdunkattorneyinjurylawyers\/","https:\/\/x.com\/slamdunkattorney","https:\/\/www.instagram.com\/slamdunkattorney\/","https:\/\/www.youtube.com\/channel\/UCSrOiC7vOjlCi3UgtIVGNtw","https:\/\/www.linkedin.com\/company\/slamdunkattorneyinjurylawyers"]}]}},"yoast_meta":{"yoast_wpseo_title":"","yoast_wpseo_metadesc":"","yoast_wpseo_canonical":"https:\/\/slamdunkattorney.com\/es\/wp-json\/wp\/v2\/pages\/5770"},"_links":{"self":[{"href":"https:\/\/slamdunkattorney.com\/es\/wp-json\/wp\/v2\/pages\/5770","targetHints":{"allow":["GET"]}}],"collection":[{"href":"https:\/\/slamdunkattorney.com\/es\/wp-json\/wp\/v2\/pages"}],"about":[{"href":"https:\/\/slamdunkattorney.com\/es\/wp-json\/wp\/v2\/types\/page"}],"author":[{"embeddable":true,"href":"https:\/\/slamdunkattorney.com\/es\/wp-json\/wp\/v2\/users\/2"}],"replies":[{"embeddable":true,"href":"https:\/\/slamdunkattorney.com\/es\/wp-json\/wp\/v2\/comments?post=5770"}],"version-history":[{"count":0,"href":"https:\/\/slamdunkattorney.com\/es\/wp-json\/wp\/v2\/pages\/5770\/revisions"}],"up":[{"embeddable":true,"href":"https:\/\/slamdunkattorney.com\/es\/wp-json\/wp\/v2\/pages\/5902"}],"wp:featuredmedia":[{"embeddable":true,"href":"https:\/\/slamdunkattorney.com\/es\/wp-json\/wp\/v2\/media\/5771"}],"wp:attachment":[{"href":"https:\/\/slamdunkattorney.com\/es\/wp-json\/wp\/v2\/media?parent=5770"}],"wp:term":[{"taxonomy":"extra-categories","embeddable":true,"href":"https:\/\/slamdunkattorney.com\/es\/wp-json\/wp\/v2\/extra-categories?post=5770"},{"taxonomy":"hc_faqs","embeddable":true,"href":"https:\/\/slamdunkattorney.com\/es\/wp-json\/wp\/v2\/hc_faqs?post=5770"}],"curies":[{"name":"wp","href":"https:\/\/api.w.org\/{rel}","templated":true}]}}