{"id":5139,"date":"2023-09-11T06:00:00","date_gmt":"2023-09-11T06:00:00","guid":{"rendered":"https:\/\/slamdunk.wpenginepowered.com\/?p=5139"},"modified":"2026-04-03T13:24:33","modified_gmt":"2026-04-03T13:24:33","slug":"how-to-negotiate-a-settlement-agreement-with-an-insurance-claims-adjuster","status":"publish","type":"page","link":"https:\/\/slamdunkattorney.com\/es\/faqs\/how-do-i-negotiate-a-settlement-agreement\/","title":{"rendered":"\u00bfC\u00f3mo puedo negociar un acuerdo de conciliaci\u00f3n?"},"content":{"rendered":"<p><span style=\"font-weight: 400;\">\u00bfC\u00f3mo se negocia un acuerdo de conciliaci\u00f3n? Cuando otra persona le causa lesiones y otras p\u00e9rdidas debido a su negligencia, usted tiene derecho a solicitar una compensaci\u00f3n econ\u00f3mica.&nbsp;<\/span><\/p>\r\n<p><span style=\"font-weight: 400;\">Al negociar un acuerdo, <\/span><b>eso<\/b>\u2019<b>Es mejor consultar primero con un <\/b><a href=\"https:\/\/slamdunkattorney.com\/es\/\"><b>Abogado especializado en lesiones personales en Duluth<\/b><\/a>.<span style=\"font-weight: 400;\"> Su abogado tiene experiencia en la negociaci\u00f3n de acuerdos y puede proteger sus intereses.<\/span><\/p>\r\n\r\n\r\n\n<div class=\"cta-container row align-items-center\">\n    <div class=\"col-md-7\">\n        <p class=\"cta-text rs-content-cta\">Llame o env\u00ede un mensaje de texto <a class=\"no-btn\" href=\"tel:+14049513513\">404-951-3513<\/a> o completar un <a href=\"https:\/\/slamdunkattorney.com\/es\/contact-us\/\">Formulario de evaluaci\u00f3n gratuita de su caso<\/a><\/p>\n    <\/div>\n    <div class=\"col-md-5\">\n        <img decoding=\"async\" src=\"https:\/\/slamdunkattorney.com\/wp-content\/themes\/slam-dunk-rebuild\/assets\/app\/img\/map-cta.jpg\" alt=\"Call or Text\" class=\"img-fluid\"\/>\n    <\/div>\n<\/div>","protected":false},"excerpt":{"rendered":"<p>How do you negotiate a settlement agreement? When another person causes injuries and other losses to you because of their negligence, you have a right to seek financial compensation.&nbsp; When negotiating a settlement, it\u2019s best to first consult with a Duluth personal injury lawyer. Your lawyer has experience negotiating settlements and can protect your best &#8230;<\/p>","protected":false},"author":2,"featured_media":40052,"parent":5902,"menu_order":0,"comment_status":"closed","ping_status":"closed","template":"","meta":{"_acf_changed":false,"_genesis_hide_title":false,"_genesis_hide_breadcrumbs":false,"_genesis_hide_singular_image":false,"_genesis_hide_footer_widgets":false,"_genesis_custom_body_class":"","_genesis_custom_post_class":"","_genesis_layout":"","ngg_post_thumbnail":0,"footnotes":""},"extra-categories":[],"hc_faqs":[48],"class_list":{"0":"post-5139","1":"page","2":"type-page","3":"status-publish","4":"has-post-thumbnail","6":"hc_faqs-insurance-claims","7":"entry"},"acf":[],"yoast_head":"<!-- This site is optimized with the Yoast SEO plugin v27.4 - https:\/\/yoast.com\/product\/yoast-seo-wordpress\/ -->\n<title>How to Negotiate a Settlement Agreement?<\/title>\n<meta name=\"description\" content=\"Learn tips for negotiating a settlement with an insurance claims adjuster and securing the best possible compensation for your claim.\" \/>\n<meta name=\"robots\" content=\"index, follow, max-snippet:-1, max-image-preview:large, max-video-preview:-1\" \/>\n<link rel=\"canonical\" href=\"https:\/\/slamdunkattorney.com\/es\/faqs\/how-do-i-negotiate-a-settlement-agreement\/\" \/>\n<meta property=\"og:locale\" content=\"es_MX\" \/>\n<meta property=\"og:type\" content=\"article\" \/>\n<meta property=\"og:title\" content=\"How to Negotiate a Settlement Agreement?\" \/>\n<meta property=\"og:description\" content=\"Learn tips for negotiating a settlement with an insurance claims adjuster and securing the best possible compensation for your claim.\" \/>\n<meta property=\"og:url\" content=\"https:\/\/slamdunkattorney.com\/es\/faqs\/how-do-i-negotiate-a-settlement-agreement\/\" \/>\n<meta property=\"og:site_name\" content=\"Slam Dunk Attorney | Injury Lawyers\" \/>\n<meta property=\"article:publisher\" content=\"https:\/\/www.facebook.com\/slamdunkattorneyinjurylawyers\/\" \/>\n<meta property=\"article:modified_time\" content=\"2026-04-03T13:24:33+00:00\" \/>\n<meta property=\"og:image\" content=\"https:\/\/slamdunkattorney.com\/wp-content\/uploads\/2026\/04\/how-to-negotiate-a-settlement-agreement-with-an-insurance.jpg\" \/>\n\t<meta property=\"og:image:width\" content=\"1365\" \/>\n\t<meta property=\"og:image:height\" content=\"768\" \/>\n\t<meta property=\"og:image:type\" content=\"image\/jpeg\" \/>\n<meta name=\"twitter:card\" content=\"summary_large_image\" \/>\n<meta name=\"twitter:site\" content=\"@slamdunkattorney\" \/>\n<meta name=\"twitter:label1\" content=\"Est. reading time\" \/>\n\t<meta name=\"twitter:data1\" content=\"10 minutos\" \/>\n<script type=\"application\/ld+json\" class=\"yoast-schema-graph\">{\"@context\":\"https:\\\/\\\/schema.org\",\"@graph\":[{\"@type\":\"WebPage\",\"@id\":\"https:\\\/\\\/slamdunkattorney.com\\\/faqs\\\/how-do-i-negotiate-a-settlement-agreement\\\/\",\"url\":\"https:\\\/\\\/slamdunkattorney.com\\\/faqs\\\/how-do-i-negotiate-a-settlement-agreement\\\/\",\"name\":\"How to Negotiate a Settlement Agreement?\",\"isPartOf\":{\"@id\":\"https:\\\/\\\/slamdunkattorney.com\\\/#website\"},\"primaryImageOfPage\":{\"@id\":\"https:\\\/\\\/slamdunkattorney.com\\\/faqs\\\/how-do-i-negotiate-a-settlement-agreement\\\/#primaryimage\"},\"image\":{\"@id\":\"https:\\\/\\\/slamdunkattorney.com\\\/faqs\\\/how-do-i-negotiate-a-settlement-agreement\\\/#primaryimage\"},\"thumbnailUrl\":\"https:\\\/\\\/slamdunkattorney.com\\\/wp-content\\\/uploads\\\/2026\\\/04\\\/how-to-negotiate-a-settlement-agreement-with-an-insurance.jpg\",\"datePublished\":\"2023-09-11T06:00:00+00:00\",\"dateModified\":\"2026-04-03T13:24:33+00:00\",\"description\":\"Learn tips for negotiating a settlement with an insurance claims adjuster and securing the best possible compensation for your claim.\",\"breadcrumb\":{\"@id\":\"https:\\\/\\\/slamdunkattorney.com\\\/faqs\\\/how-do-i-negotiate-a-settlement-agreement\\\/#breadcrumb\"},\"inLanguage\":\"es\",\"potentialAction\":[{\"@type\":\"ReadAction\",\"target\":[\"https:\\\/\\\/slamdunkattorney.com\\\/faqs\\\/how-do-i-negotiate-a-settlement-agreement\\\/\"]}]},{\"@type\":\"ImageObject\",\"inLanguage\":\"es\",\"@id\":\"https:\\\/\\\/slamdunkattorney.com\\\/faqs\\\/how-do-i-negotiate-a-settlement-agreement\\\/#primaryimage\",\"url\":\"https:\\\/\\\/slamdunkattorney.com\\\/wp-content\\\/uploads\\\/2026\\\/04\\\/how-to-negotiate-a-settlement-agreement-with-an-insurance.jpg\",\"contentUrl\":\"https:\\\/\\\/slamdunkattorney.com\\\/wp-content\\\/uploads\\\/2026\\\/04\\\/how-to-negotiate-a-settlement-agreement-with-an-insurance.jpg\",\"width\":1365,\"height\":768,\"caption\":\"how to negotiate a settlement agreement with an insurance\"},{\"@type\":\"BreadcrumbList\",\"@id\":\"https:\\\/\\\/slamdunkattorney.com\\\/faqs\\\/how-do-i-negotiate-a-settlement-agreement\\\/#breadcrumb\",\"itemListElement\":[{\"@type\":\"ListItem\",\"position\":1,\"name\":\"Home\",\"item\":\"https:\\\/\\\/slamdunkattorney.com\\\/\"},{\"@type\":\"ListItem\",\"position\":2,\"name\":\"FAQs\",\"item\":\"https:\\\/\\\/slamdunkattorney.com\\\/faqs\\\/\"},{\"@type\":\"ListItem\",\"position\":3,\"name\":\"How do I Negotiate a Settlement Agreement?\"}]},{\"@type\":\"WebSite\",\"@id\":\"https:\\\/\\\/slamdunkattorney.com\\\/#website\",\"url\":\"https:\\\/\\\/slamdunkattorney.com\\\/\",\"name\":\"Slam Dunk Attorney | Injury Lawyers\",\"description\":\"Duluth Personal Injury Lawyers\",\"publisher\":{\"@id\":\"https:\\\/\\\/slamdunkattorney.com\\\/#organization\"},\"alternateName\":\"Slam Dunk Attorney\",\"inLanguage\":\"es\"},{\"@type\":\"Organization\",\"@id\":\"https:\\\/\\\/slamdunkattorney.com\\\/#organization\",\"name\":\"Slam Dunk Attorney\",\"alternateName\":\"Slam Dunk\",\"url\":\"https:\\\/\\\/slamdunkattorney.com\\\/\",\"logo\":{\"@type\":\"ImageObject\",\"inLanguage\":\"es\",\"@id\":\"https:\\\/\\\/slamdunkattorney.com\\\/#\\\/schema\\\/logo\\\/image\\\/\",\"url\":\"https:\\\/\\\/slamdunkattorney.com\\\/wp-content\\\/uploads\\\/2023\\\/05\\\/cropped-Logo.png\",\"contentUrl\":\"https:\\\/\\\/slamdunkattorney.com\\\/wp-content\\\/uploads\\\/2023\\\/05\\\/cropped-Logo.png\",\"width\":1080,\"height\":240,\"caption\":\"Slam Dunk Attorney\"},\"image\":{\"@id\":\"https:\\\/\\\/slamdunkattorney.com\\\/#\\\/schema\\\/logo\\\/image\\\/\"},\"sameAs\":[\"https:\\\/\\\/www.facebook.com\\\/slamdunkattorneyinjurylawyers\\\/\",\"https:\\\/\\\/x.com\\\/slamdunkattorney\",\"https:\\\/\\\/www.instagram.com\\\/slamdunkattorney\\\/\",\"https:\\\/\\\/www.youtube.com\\\/channel\\\/UCSrOiC7vOjlCi3UgtIVGNtw\",\"https:\\\/\\\/www.linkedin.com\\\/company\\\/slamdunkattorneyinjurylawyers\"]}]}<\/script>\n<!-- \/ Yoast SEO plugin. -->","yoast_head_json":{"title":"How to Negotiate a Settlement Agreement?","description":"Learn tips for negotiating a settlement with an insurance claims adjuster and securing the best possible compensation for your claim.","robots":{"index":"index","follow":"follow","max-snippet":"max-snippet:-1","max-image-preview":"max-image-preview:large","max-video-preview":"max-video-preview:-1"},"canonical":"https:\/\/slamdunkattorney.com\/es\/faqs\/how-do-i-negotiate-a-settlement-agreement\/","og_locale":"es_MX","og_type":"article","og_title":"How to Negotiate a Settlement Agreement?","og_description":"Learn tips for negotiating a settlement with an insurance claims adjuster and securing the best possible compensation for your claim.","og_url":"https:\/\/slamdunkattorney.com\/es\/faqs\/how-do-i-negotiate-a-settlement-agreement\/","og_site_name":"Slam Dunk Attorney | Injury Lawyers","article_publisher":"https:\/\/www.facebook.com\/slamdunkattorneyinjurylawyers\/","article_modified_time":"2026-04-03T13:24:33+00:00","og_image":[{"width":1365,"height":768,"url":"https:\/\/slamdunkattorney.com\/wp-content\/uploads\/2026\/04\/how-to-negotiate-a-settlement-agreement-with-an-insurance.jpg","type":"image\/jpeg"}],"twitter_card":"summary_large_image","twitter_site":"@slamdunkattorney","twitter_misc":{"Est. reading time":"10 minutos"},"schema":{"@context":"https:\/\/schema.org","@graph":[{"@type":"WebPage","@id":"https:\/\/slamdunkattorney.com\/faqs\/how-do-i-negotiate-a-settlement-agreement\/","url":"https:\/\/slamdunkattorney.com\/faqs\/how-do-i-negotiate-a-settlement-agreement\/","name":"How to Negotiate a Settlement Agreement?","isPartOf":{"@id":"https:\/\/slamdunkattorney.com\/#website"},"primaryImageOfPage":{"@id":"https:\/\/slamdunkattorney.com\/faqs\/how-do-i-negotiate-a-settlement-agreement\/#primaryimage"},"image":{"@id":"https:\/\/slamdunkattorney.com\/faqs\/how-do-i-negotiate-a-settlement-agreement\/#primaryimage"},"thumbnailUrl":"https:\/\/slamdunkattorney.com\/wp-content\/uploads\/2026\/04\/how-to-negotiate-a-settlement-agreement-with-an-insurance.jpg","datePublished":"2023-09-11T06:00:00+00:00","dateModified":"2026-04-03T13:24:33+00:00","description":"Learn tips for negotiating a settlement with an insurance claims adjuster and securing the best possible compensation for your claim.","breadcrumb":{"@id":"https:\/\/slamdunkattorney.com\/faqs\/how-do-i-negotiate-a-settlement-agreement\/#breadcrumb"},"inLanguage":"es","potentialAction":[{"@type":"ReadAction","target":["https:\/\/slamdunkattorney.com\/faqs\/how-do-i-negotiate-a-settlement-agreement\/"]}]},{"@type":"ImageObject","inLanguage":"es","@id":"https:\/\/slamdunkattorney.com\/faqs\/how-do-i-negotiate-a-settlement-agreement\/#primaryimage","url":"https:\/\/slamdunkattorney.com\/wp-content\/uploads\/2026\/04\/how-to-negotiate-a-settlement-agreement-with-an-insurance.jpg","contentUrl":"https:\/\/slamdunkattorney.com\/wp-content\/uploads\/2026\/04\/how-to-negotiate-a-settlement-agreement-with-an-insurance.jpg","width":1365,"height":768,"caption":"how to negotiate a settlement agreement with an insurance"},{"@type":"BreadcrumbList","@id":"https:\/\/slamdunkattorney.com\/faqs\/how-do-i-negotiate-a-settlement-agreement\/#breadcrumb","itemListElement":[{"@type":"ListItem","position":1,"name":"Home","item":"https:\/\/slamdunkattorney.com\/"},{"@type":"ListItem","position":2,"name":"FAQs","item":"https:\/\/slamdunkattorney.com\/faqs\/"},{"@type":"ListItem","position":3,"name":"How do I Negotiate a Settlement Agreement?"}]},{"@type":"WebSite","@id":"https:\/\/slamdunkattorney.com\/#website","url":"https:\/\/slamdunkattorney.com\/","name":"Abogado experto en lesiones | Abogados especializados en lesiones","description":"Abogados de lesiones personales en Duluth","publisher":{"@id":"https:\/\/slamdunkattorney.com\/#organization"},"alternateName":"Slam Dunk Attorney","inLanguage":"es"},{"@type":"Organization","@id":"https:\/\/slamdunkattorney.com\/#organization","name":"Abogado Slam Dunk","alternateName":"Slam Dunk","url":"https:\/\/slamdunkattorney.com\/","logo":{"@type":"ImageObject","inLanguage":"es","@id":"https:\/\/slamdunkattorney.com\/#\/schema\/logo\/image\/","url":"https:\/\/slamdunkattorney.com\/wp-content\/uploads\/2023\/05\/cropped-Logo.png","contentUrl":"https:\/\/slamdunkattorney.com\/wp-content\/uploads\/2023\/05\/cropped-Logo.png","width":1080,"height":240,"caption":"Slam Dunk Attorney"},"image":{"@id":"https:\/\/slamdunkattorney.com\/#\/schema\/logo\/image\/"},"sameAs":["https:\/\/www.facebook.com\/slamdunkattorneyinjurylawyers\/","https:\/\/x.com\/slamdunkattorney","https:\/\/www.instagram.com\/slamdunkattorney\/","https:\/\/www.youtube.com\/channel\/UCSrOiC7vOjlCi3UgtIVGNtw","https:\/\/www.linkedin.com\/company\/slamdunkattorneyinjurylawyers"]}]}},"yoast_meta":{"yoast_wpseo_title":"","yoast_wpseo_metadesc":"","yoast_wpseo_canonical":"https:\/\/slamdunkattorney.com\/es\/wp-json\/wp\/v2\/pages\/5139"},"_links":{"self":[{"href":"https:\/\/slamdunkattorney.com\/es\/wp-json\/wp\/v2\/pages\/5139","targetHints":{"allow":["GET"]}}],"collection":[{"href":"https:\/\/slamdunkattorney.com\/es\/wp-json\/wp\/v2\/pages"}],"about":[{"href":"https:\/\/slamdunkattorney.com\/es\/wp-json\/wp\/v2\/types\/page"}],"author":[{"embeddable":true,"href":"https:\/\/slamdunkattorney.com\/es\/wp-json\/wp\/v2\/users\/2"}],"replies":[{"embeddable":true,"href":"https:\/\/slamdunkattorney.com\/es\/wp-json\/wp\/v2\/comments?post=5139"}],"version-history":[{"count":0,"href":"https:\/\/slamdunkattorney.com\/es\/wp-json\/wp\/v2\/pages\/5139\/revisions"}],"up":[{"embeddable":true,"href":"https:\/\/slamdunkattorney.com\/es\/wp-json\/wp\/v2\/pages\/5902"}],"wp:featuredmedia":[{"embeddable":true,"href":"https:\/\/slamdunkattorney.com\/es\/wp-json\/wp\/v2\/media\/40052"}],"wp:attachment":[{"href":"https:\/\/slamdunkattorney.com\/es\/wp-json\/wp\/v2\/media?parent=5139"}],"wp:term":[{"taxonomy":"extra-categories","embeddable":true,"href":"https:\/\/slamdunkattorney.com\/es\/wp-json\/wp\/v2\/extra-categories?post=5139"},{"taxonomy":"hc_faqs","embeddable":true,"href":"https:\/\/slamdunkattorney.com\/es\/wp-json\/wp\/v2\/hc_faqs?post=5139"}],"curies":[{"name":"wp","href":"https:\/\/api.w.org\/{rel}","templated":true}]}}