{"id":4866,"date":"2023-07-14T18:02:23","date_gmt":"2023-07-14T18:02:23","guid":{"rendered":"https:\/\/slamdunk.wpenginepowered.com\/?page_id=4866"},"modified":"2025-10-22T14:06:05","modified_gmt":"2025-10-22T14:06:05","slug":"disclaimer","status":"publish","type":"page","link":"https:\/\/slamdunkattorney.com\/es\/disclaimer\/","title":{"rendered":"Descargo de responsabilidad"},"content":{"rendered":"<p>Abogado Slam Dunk<\/p>\r\n<h2>Descargo de responsabilidad<\/h2>\r\n\r\n<p>Los materiales de este sitio web (sitio web) se proporcionan \u00fanicamente con fines informativos, no constituyen asesoramiento legal, no reflejan necesariamente las opiniones de Slam Dunk Attorney ni de ninguno de sus abogados o clientes, y no se garantiza que sean completos, correctos o est\u00e9n actualizados. Este sitio web no tiene por objeto crear una relaci\u00f3n abogado-cliente entre usted y Slam Dunk Attorney. No debe actuar ni basarse en la informaci\u00f3n de este sitio web sin consultar antes con un abogado. Estaremos encantados de comunicarnos con usted en relaci\u00f3n con asuntos legales, pero no podemos hacerlo hasta que sepamos que ello no crear\u00e1 un conflicto de intereses. Si est\u00e1 interesado en que Slam Dunk Attorney le represente en un asunto legal, la mejor manera de iniciar una posible representaci\u00f3n es ponerse en contacto con el bufete en el (678) 329-9652. Nos encargaremos de que se ponga en contacto directamente con el abogado y el equipo m\u00e1s adecuado para manejar el asunto. Tambi\u00e9n puede comunicarse con Slam Dunk Attorney por correo electr\u00f3nico a trav\u00e9s del enlace que se encuentra en la secci\u00f3n \u201cCont\u00e1ctenos\u201d de este sitio web. No nos env\u00ede ninguna informaci\u00f3n confidencial hasta que haya recibido de nuestra parte una declaraci\u00f3n por escrito de que lo representamos en ese asunto (una \u201ccarta de compromiso\u201d). Si se comunica con nosotros a trav\u00e9s de este sitio web, por correo electr\u00f3nico o por cualquier otro medio en relaci\u00f3n con un asunto legal en el que a\u00fan no le representamos, es posible que su comunicaci\u00f3n no sea tratada como privilegiada o confidencial. Si bien las comunicaciones entre abogados y clientes que ser\u00edan privilegiadas si se comunicaran de forma tradicional no deben perder su car\u00e1cter privilegiado cuando se comunican sin cifrado a trav\u00e9s de Internet, los protocolos de cifrado compatibles con Slam Dunk Attorney est\u00e1n disponibles bajo petici\u00f3n para los clientes que los deseen para comunicaciones especialmente sensibles.<\/p>\r\n\r\n\r\n\r\n<p>Contratar a un abogado es una decisi\u00f3n importante que no debe basarse \u00fanicamente en la informaci\u00f3n escrita sobre nuestras calificaciones y experiencia. Slam Dunk Attorney se ha esforzado por cumplir con todos los requisitos legales y \u00e9ticos conocidos al compilar este sitio web. En algunas jurisdicciones, este sitio web puede considerarse publicidad. Slam Dunk Attorney no desea representar a clientes bas\u00e1ndose en su revisi\u00f3n de partes de este sitio web que puedan no cumplir con los requisitos legales o \u00e9ticos.<\/p>\r\n\r\n\r\n\r\n<p>Este sitio web contiene enlaces a otros recursos en Internet. Dichos enlaces se proporcionan como citas y ayudas para ayudarle a identificar y localizar otros recursos de Internet que puedan ser de su inter\u00e9s, y no pretenden afirmar ni implicar que Slam Dunk Attorney patrocine, respalde, est\u00e9 afiliado o asociado con, o est\u00e9 legalmente autorizado para utilizar cualquier nombre comercial, marca registrada, logotipo, sello legal u oficial, o s\u00edmbolo protegido por derechos de autor que pueda aparecer en ellos.<\/p>\r\n\r\n\r\n\r\n<p>En la medida en que las normas del Colegio de Abogados de una jurisdicci\u00f3n nos obliguen a designar una oficina principal y\/o un \u00fanico abogado responsable de este sitio web, Slam Dunk Attorney designa su oficina de Atlanta, Georgia (EE. UU.) como oficina principal y designa a Peter F. Jaraysi como abogado responsable de este sitio web.<\/p>","protected":false},"excerpt":{"rendered":"<p>Slam Dunk Attorney Disclaimer Materials on this World Wide Web site (Website) are provided for informational purposes only, do not constitute legal advice, do not necessarily reflect the opinions of Slam Dunk Attorney or any of its lawyers or clients, and are not guaranteed to be complete, correct, or up-to-date. This Website is not intended &#8230;<\/p>","protected":false},"author":2,"featured_media":0,"parent":0,"menu_order":0,"comment_status":"closed","ping_status":"closed","template":"","meta":{"_acf_changed":false,"_genesis_hide_title":false,"_genesis_hide_breadcrumbs":false,"_genesis_hide_singular_image":false,"_genesis_hide_footer_widgets":false,"_genesis_custom_body_class":"","_genesis_custom_post_class":"","_genesis_layout":"","ngg_post_thumbnail":0,"footnotes":""},"extra-categories":[],"hc_faqs":[],"class_list":{"0":"post-4866","1":"page","2":"type-page","3":"status-publish","5":"entry"},"acf":[],"yoast_head":"<!-- This site is optimized with the Yoast SEO plugin v27.3 - https:\/\/yoast.com\/product\/yoast-seo-wordpress\/ -->\n<title>Disclaimer - Slam Dunk Attorney | Injury Lawyers<\/title>\n<meta name=\"description\" content=\"Materials on this World Wide Web site (Website) are provided for informational purposes only, do not constitute legal advice, do not necessarily reflect the opinions of Slam Dunk Attorney\" \/>\n<meta name=\"robots\" content=\"index, follow, max-snippet:-1, max-image-preview:large, max-video-preview:-1\" \/>\n<link rel=\"canonical\" href=\"https:\/\/slamdunkattorney.com\/es\/disclaimer\/\" \/>\n<meta property=\"og:locale\" content=\"es_MX\" \/>\n<meta property=\"og:type\" content=\"article\" \/>\n<meta property=\"og:title\" content=\"Disclaimer - Slam Dunk Attorney | Injury Lawyers\" \/>\n<meta property=\"og:description\" content=\"Materials on this World Wide Web site (Website) are provided for informational purposes only, do not constitute legal advice, do not necessarily reflect the opinions of Slam Dunk Attorney\" \/>\n<meta property=\"og:url\" content=\"https:\/\/slamdunkattorney.com\/es\/disclaimer\/\" \/>\n<meta property=\"og:site_name\" content=\"Slam Dunk Attorney | Injury Lawyers\" \/>\n<meta property=\"article:publisher\" content=\"https:\/\/www.facebook.com\/slamdunkattorneyinjurylawyers\/\" \/>\n<meta property=\"article:modified_time\" content=\"2025-10-22T14:06:05+00:00\" \/>\n<meta property=\"og:image\" content=\"https:\/\/slamdunkattorney.com\/wp-content\/uploads\/2023\/05\/cropped-Logo.png\" \/>\n\t<meta property=\"og:image:width\" content=\"1080\" \/>\n\t<meta property=\"og:image:height\" content=\"240\" \/>\n\t<meta property=\"og:image:type\" content=\"image\/png\" \/>\n<meta name=\"twitter:card\" content=\"summary_large_image\" \/>\n<meta name=\"twitter:site\" content=\"@slamdunkattorney\" \/>\n<meta name=\"twitter:label1\" content=\"Est. reading time\" \/>\n\t<meta name=\"twitter:data1\" content=\"3 minutos\" \/>\n<script type=\"application\/ld+json\" class=\"yoast-schema-graph\">{\"@context\":\"https:\\\/\\\/schema.org\",\"@graph\":[{\"@type\":\"WebPage\",\"@id\":\"https:\\\/\\\/slamdunkattorney.com\\\/disclaimer\\\/\",\"url\":\"https:\\\/\\\/slamdunkattorney.com\\\/disclaimer\\\/\",\"name\":\"Disclaimer - Slam Dunk Attorney | Injury Lawyers\",\"isPartOf\":{\"@id\":\"https:\\\/\\\/slamdunkattorney.com\\\/#website\"},\"datePublished\":\"2023-07-14T18:02:23+00:00\",\"dateModified\":\"2025-10-22T14:06:05+00:00\",\"description\":\"Materials on this World Wide Web site (Website) are provided for informational purposes only, do not constitute legal advice, do not necessarily reflect the opinions of Slam Dunk Attorney\",\"breadcrumb\":{\"@id\":\"https:\\\/\\\/slamdunkattorney.com\\\/disclaimer\\\/#breadcrumb\"},\"inLanguage\":\"es\",\"potentialAction\":[{\"@type\":\"ReadAction\",\"target\":[\"https:\\\/\\\/slamdunkattorney.com\\\/disclaimer\\\/\"]}]},{\"@type\":\"BreadcrumbList\",\"@id\":\"https:\\\/\\\/slamdunkattorney.com\\\/disclaimer\\\/#breadcrumb\",\"itemListElement\":[{\"@type\":\"ListItem\",\"position\":1,\"name\":\"Home\",\"item\":\"https:\\\/\\\/slamdunkattorney.com\\\/\"},{\"@type\":\"ListItem\",\"position\":2,\"name\":\"Disclaimer\"}]},{\"@type\":\"WebSite\",\"@id\":\"https:\\\/\\\/slamdunkattorney.com\\\/#website\",\"url\":\"https:\\\/\\\/slamdunkattorney.com\\\/\",\"name\":\"Slam Dunk Attorney | Injury Lawyers\",\"description\":\"Duluth Personal Injury Lawyers\",\"publisher\":{\"@id\":\"https:\\\/\\\/slamdunkattorney.com\\\/#organization\"},\"alternateName\":\"Slam Dunk Attorney\",\"inLanguage\":\"es\"},{\"@type\":\"Organization\",\"@id\":\"https:\\\/\\\/slamdunkattorney.com\\\/#organization\",\"name\":\"Slam Dunk Attorney\",\"alternateName\":\"Slam Dunk\",\"url\":\"https:\\\/\\\/slamdunkattorney.com\\\/\",\"logo\":{\"@type\":\"ImageObject\",\"inLanguage\":\"es\",\"@id\":\"https:\\\/\\\/slamdunkattorney.com\\\/#\\\/schema\\\/logo\\\/image\\\/\",\"url\":\"https:\\\/\\\/slamdunkattorney.com\\\/wp-content\\\/uploads\\\/2023\\\/05\\\/cropped-Logo.png\",\"contentUrl\":\"https:\\\/\\\/slamdunkattorney.com\\\/wp-content\\\/uploads\\\/2023\\\/05\\\/cropped-Logo.png\",\"width\":1080,\"height\":240,\"caption\":\"Slam Dunk Attorney\"},\"image\":{\"@id\":\"https:\\\/\\\/slamdunkattorney.com\\\/#\\\/schema\\\/logo\\\/image\\\/\"},\"sameAs\":[\"https:\\\/\\\/www.facebook.com\\\/slamdunkattorneyinjurylawyers\\\/\",\"https:\\\/\\\/x.com\\\/slamdunkattorney\",\"https:\\\/\\\/www.instagram.com\\\/slamdunkattorney\\\/\",\"https:\\\/\\\/www.youtube.com\\\/channel\\\/UCSrOiC7vOjlCi3UgtIVGNtw\",\"https:\\\/\\\/www.linkedin.com\\\/company\\\/slamdunkattorneyinjurylawyers\"]}]}<\/script>\n<!-- \/ Yoast SEO plugin. -->","yoast_head_json":{"title":"Disclaimer - Slam Dunk Attorney | Injury Lawyers","description":"Materials on this World Wide Web site (Website) are provided for informational purposes only, do not constitute legal advice, do not necessarily reflect the opinions of Slam Dunk Attorney","robots":{"index":"index","follow":"follow","max-snippet":"max-snippet:-1","max-image-preview":"max-image-preview:large","max-video-preview":"max-video-preview:-1"},"canonical":"https:\/\/slamdunkattorney.com\/es\/disclaimer\/","og_locale":"es_MX","og_type":"article","og_title":"Disclaimer - Slam Dunk Attorney | Injury Lawyers","og_description":"Materials on this World Wide Web site (Website) are provided for informational purposes only, do not constitute legal advice, do not necessarily reflect the opinions of Slam Dunk Attorney","og_url":"https:\/\/slamdunkattorney.com\/es\/disclaimer\/","og_site_name":"Slam Dunk Attorney | Injury Lawyers","article_publisher":"https:\/\/www.facebook.com\/slamdunkattorneyinjurylawyers\/","article_modified_time":"2025-10-22T14:06:05+00:00","og_image":[{"width":1080,"height":240,"url":"https:\/\/slamdunkattorney.com\/wp-content\/uploads\/2023\/05\/cropped-Logo.png","type":"image\/png"}],"twitter_card":"summary_large_image","twitter_site":"@slamdunkattorney","twitter_misc":{"Est. reading time":"3 minutos"},"schema":{"@context":"https:\/\/schema.org","@graph":[{"@type":"WebPage","@id":"https:\/\/slamdunkattorney.com\/disclaimer\/","url":"https:\/\/slamdunkattorney.com\/disclaimer\/","name":"Disclaimer - Slam Dunk Attorney | Injury Lawyers","isPartOf":{"@id":"https:\/\/slamdunkattorney.com\/#website"},"datePublished":"2023-07-14T18:02:23+00:00","dateModified":"2025-10-22T14:06:05+00:00","description":"Materials on this World Wide Web site (Website) are provided for informational purposes only, do not constitute legal advice, do not necessarily reflect the opinions of Slam Dunk Attorney","breadcrumb":{"@id":"https:\/\/slamdunkattorney.com\/disclaimer\/#breadcrumb"},"inLanguage":"es","potentialAction":[{"@type":"ReadAction","target":["https:\/\/slamdunkattorney.com\/disclaimer\/"]}]},{"@type":"BreadcrumbList","@id":"https:\/\/slamdunkattorney.com\/disclaimer\/#breadcrumb","itemListElement":[{"@type":"ListItem","position":1,"name":"Home","item":"https:\/\/slamdunkattorney.com\/"},{"@type":"ListItem","position":2,"name":"Disclaimer"}]},{"@type":"WebSite","@id":"https:\/\/slamdunkattorney.com\/#website","url":"https:\/\/slamdunkattorney.com\/","name":"Abogado experto en lesiones | Abogados especializados en lesiones","description":"Abogados de lesiones personales en Duluth","publisher":{"@id":"https:\/\/slamdunkattorney.com\/#organization"},"alternateName":"Slam Dunk Attorney","inLanguage":"es"},{"@type":"Organization","@id":"https:\/\/slamdunkattorney.com\/#organization","name":"Abogado Slam Dunk","alternateName":"Slam Dunk","url":"https:\/\/slamdunkattorney.com\/","logo":{"@type":"ImageObject","inLanguage":"es","@id":"https:\/\/slamdunkattorney.com\/#\/schema\/logo\/image\/","url":"https:\/\/slamdunkattorney.com\/wp-content\/uploads\/2023\/05\/cropped-Logo.png","contentUrl":"https:\/\/slamdunkattorney.com\/wp-content\/uploads\/2023\/05\/cropped-Logo.png","width":1080,"height":240,"caption":"Slam Dunk Attorney"},"image":{"@id":"https:\/\/slamdunkattorney.com\/#\/schema\/logo\/image\/"},"sameAs":["https:\/\/www.facebook.com\/slamdunkattorneyinjurylawyers\/","https:\/\/x.com\/slamdunkattorney","https:\/\/www.instagram.com\/slamdunkattorney\/","https:\/\/www.youtube.com\/channel\/UCSrOiC7vOjlCi3UgtIVGNtw","https:\/\/www.linkedin.com\/company\/slamdunkattorneyinjurylawyers"]}]}},"yoast_meta":{"yoast_wpseo_title":"","yoast_wpseo_metadesc":"","yoast_wpseo_canonical":"https:\/\/slamdunkattorney.com\/es\/wp-json\/wp\/v2\/pages\/4866"},"_links":{"self":[{"href":"https:\/\/slamdunkattorney.com\/es\/wp-json\/wp\/v2\/pages\/4866","targetHints":{"allow":["GET"]}}],"collection":[{"href":"https:\/\/slamdunkattorney.com\/es\/wp-json\/wp\/v2\/pages"}],"about":[{"href":"https:\/\/slamdunkattorney.com\/es\/wp-json\/wp\/v2\/types\/page"}],"author":[{"embeddable":true,"href":"https:\/\/slamdunkattorney.com\/es\/wp-json\/wp\/v2\/users\/2"}],"replies":[{"embeddable":true,"href":"https:\/\/slamdunkattorney.com\/es\/wp-json\/wp\/v2\/comments?post=4866"}],"version-history":[{"count":0,"href":"https:\/\/slamdunkattorney.com\/es\/wp-json\/wp\/v2\/pages\/4866\/revisions"}],"wp:attachment":[{"href":"https:\/\/slamdunkattorney.com\/es\/wp-json\/wp\/v2\/media?parent=4866"}],"wp:term":[{"taxonomy":"extra-categories","embeddable":true,"href":"https:\/\/slamdunkattorney.com\/es\/wp-json\/wp\/v2\/extra-categories?post=4866"},{"taxonomy":"hc_faqs","embeddable":true,"href":"https:\/\/slamdunkattorney.com\/es\/wp-json\/wp\/v2\/hc_faqs?post=4866"}],"curies":[{"name":"wp","href":"https:\/\/api.w.org\/{rel}","templated":true}]}}