{"id":39929,"date":"2026-02-19T16:14:05","date_gmt":"2026-02-19T16:14:05","guid":{"rendered":"https:\/\/slamdunkattorney.com\/?page_id=39929"},"modified":"2026-03-20T05:54:47","modified_gmt":"2026-03-20T05:54:47","slug":"community","status":"publish","type":"page","link":"https:\/\/slamdunkattorney.com\/es\/community\/","title":{"rendered":"Compromiso con la comunidad: empoderar a la pr\u00f3xima generaci\u00f3n a trav\u00e9s del deporte"},"content":{"rendered":"<p>En <strong>Abogado Slam Dunk<\/strong>, somos m\u00e1s que abogados especializados en lesiones: nos apasiona construir comunidades m\u00e1s fuertes, un tanto tras otro. Sabemos de primera mano lo transformador que puede ser el deporte para los j\u00f3venes. Muchos miembros de nuestro equipo crecieron jugando en la cancha, el campo o la pista. Algunos todav\u00eda se atan los cordones de las zapatillas para jugar, entrenar o animar a la pr\u00f3xima generaci\u00f3n. Por eso estamos profundamente comprometidos con <strong>retribuir<\/strong> a los j\u00f3venes de nuestros barrios.<\/p>\n<p>Los deportes juveniles hacen m\u00e1s que desarrollar habilidades atl\u00e9ticas: crean v\u00ednculos duraderos, ense\u00f1an resiliencia, fomentan la competencia sana e inspiran grandes sue\u00f1os. En un entorno constructivo, los estudiantes-atletas aprenden el trabajo en equipo, la disciplina, el liderazgo y el valor de la perseverancia, lecciones que van mucho m\u00e1s all\u00e1 del pitido final.<\/p>\n<p>Estamos encantados de apoyar el deporte en las escuelas secundarias locales patrocinando equipos y programas que ayudan a estas j\u00f3venes estrellas a brillar. Nuestros patrocinios financian equipamiento, entrenamiento, eventos y oportunidades para los estudiantes de todo el condado de Gwinnett y sus alrededores.<\/p>\n<h2 style=\"text-align: center;\">Orgullosos de patrocinar estos destacados programas deportivos de instituto:<\/h2>\n<div class=\"schools\">\n<div class=\"school-item\">\n<div id=\"attachment_39896\" style=\"width: 210px\" class=\"wp-caption alignnone\"><img loading=\"lazy\" decoding=\"async\" aria-describedby=\"caption-attachment-39896\" class=\"size-full wp-image-39896\" title=\"Wildcats de la Preparatoria Duluth 1x\" src=\"https:\/\/slamdunkatstg.wpenginepowered.com\/wp-content\/uploads\/2026\/02\/Duluth-High-School-Wildcats1x.webp\" alt=\"Duluth High School&nbsp;Wildcats1x\" width=\"200\" height=\"181\"\/><p id=\"caption-attachment-39896\" class=\"wp-caption-text\">Wildcats de la Preparatoria Duluth 1x<\/p><\/div>\n<div class=\"title\">Wildcats de la Preparatoria Duluth<\/div>\n<div class=\"location\">Duluth, Georgia<\/div>\n<\/div>\n<div class=\"school-item\">\n<div id=\"attachment_39899\" style=\"width: 200px\" class=\"wp-caption alignnone\"><img loading=\"lazy\" decoding=\"async\" aria-describedby=\"caption-attachment-39899\" class=\"wp-image-39899 size-full\" title=\"Wildcats de la Preparatoria Duluth 1x\" src=\"https:\/\/slamdunkatstg.wpenginepowered.com\/wp-content\/uploads\/2026\/02\/Meadowcreek-High-School-Mustangs1x.webp\" alt=\"Meadowcreek High School&nbsp;Mustangs1x\" width=\"190\" height=\"192\"\/><p id=\"caption-attachment-39899\" class=\"wp-caption-text\">Mustangs de la Preparatoria Meadowcreek1x<\/p><\/div>\n<div class=\"title\">Mustangs de la Preparatoria Meadowcreek<\/div>\n<div class=\"location\">Norcross, Georgia<\/div>\n<\/div>\n<div class=\"school-item\">\n<div id=\"attachment_39900\" style=\"width: 213px\" class=\"wp-caption alignnone\"><img loading=\"lazy\" decoding=\"async\" aria-describedby=\"caption-attachment-39900\" class=\"wp-image-39900 size-full\" title=\"Wildcats de la Preparatoria Duluth 1x\" src=\"https:\/\/slamdunkatstg.wpenginepowered.com\/wp-content\/uploads\/2026\/02\/Shiloh-High-School-Generals1x.webp\" alt=\"Shiloh High School&nbsp;Generals1x\" width=\"203\" height=\"199\"\/><p id=\"caption-attachment-39900\" class=\"wp-caption-text\">Generales de la Escuela Secundaria Shiloh 1x<\/p><\/div>\n<div class=\"title\">Generales de la Escuela Secundaria Shiloh<\/div>\n<div class=\"location\">Snellville, Georgia<\/div>\n<\/div>\n<div class=\"school-item\">\n<div id=\"attachment_39898\" style=\"width: 265px\" class=\"wp-caption alignnone\"><img loading=\"lazy\" decoding=\"async\" aria-describedby=\"caption-attachment-39898\" class=\"wp-image-39898 size-full\" title=\"Wildcats de la Preparatoria Duluth 1x\" src=\"https:\/\/slamdunkatstg.wpenginepowered.com\/wp-content\/uploads\/2026\/02\/Grayson-High-School-Rams1x.webp\" alt=\"Grayson High School&nbsp;Rams1x\" width=\"255\" height=\"139\"\/><p id=\"caption-attachment-39898\" class=\"wp-caption-text\">Grayson High School Rams1x<\/p><\/div>\n<div class=\"title\">Rams de la Preparatoria Grayson<\/div>\n<div class=\"location\">Loganville, Georgia<\/div>\n<\/div>\n<div class=\"school-item\">\n<div id=\"attachment_39897\" style=\"width: 173px\" class=\"wp-caption alignnone\"><img loading=\"lazy\" decoding=\"async\" aria-describedby=\"caption-attachment-39897\" class=\"wp-image-39897 size-full\" title=\"Wildcats de la Preparatoria Duluth 1x\" src=\"https:\/\/slamdunkatstg.wpenginepowered.com\/wp-content\/uploads\/2026\/02\/Gainesville-High-School\u2028Red-Elephants1x.webp\" alt=\"Gainesville High School\u2028Red Elephants1x\" width=\"163\" height=\"194\"\/><p id=\"caption-attachment-39897\" class=\"wp-caption-text\">Preparatoria de Gainesville\u2028Red Elephants1x<\/p><\/div>\n<div class=\"title\">Preparatoria de Gainesville\u2028Red Elephants<\/div>\n<div class=\"location\">Gainesville, Georgia<\/div>\n<\/div>\n<\/div><p>Al invertir en estas escuelas, estamos ayudando a proporcionar los recursos que los estudiantes-atletas necesitan para competir, crecer y triunfar, tanto dentro como fuera del campo.<\/p><p>En Slam Dunk Attorney, creemos en luchar por lo que es justo, ya sea garantizar justicia para las v\u00edctimas de lesiones o defender el potencial de cada joven deportista. Juntos, estamos construyendo un futuro m\u00e1s brillante, una comunidad, un juego y un sue\u00f1o a la vez.<\/p><h2 style=\"text-align: center;\">Galer\u00eda comunitaria<\/h2>\nngg_shortcode_0_placeholder<h2 style=\"text-align: center;\">El desaf\u00edo de los 3 puntos $10K<\/h2>\n<p>En Slam Dunk Attorney, el baloncesto no es solo una pasi\u00f3n: es parte de lo que somos.<\/p>\n<p>Nuestro \u00abDesaf\u00edo de 3 puntos $10,000\u00bb reuni\u00f3 a la comunidad en la Escuela Secundaria Duluth para disfrutar de una jornada llena de energ\u00eda, competici\u00f3n, convivencia y momentos inolvidables. Los participantes se inscribieron para tener la oportunidad de ganar, formaron equipo con tiradores de \u00e9lite y vieron c\u00f3mo cada lanzamiento animaba al p\u00fablico.<\/p>\n<p>Un solo tiro le vali\u00f3 el premio $10K, pero la experiencia vali\u00f3 m\u00e1s que el premio.<\/p>\n<p>Desde sorteos y partidos improvisados hasta un gimnasio repleto de energ\u00eda: as\u00ed es como entendemos nosotros la comunidad. Y no es algo puntual: siempre estamos buscando nuevas formas de unir a la gente a trav\u00e9s del deporte que nos apasiona.<\/p><h2 style=\"text-align: center;\">El desaf\u00edo de los 3 puntos $10K<\/h2>\n<p>Tiros espectaculares. Mucha energ\u00eda. Descubre lo que pas\u00f3 en el Desaf\u00edo de Triples $10K.<\/p>","protected":false},"excerpt":{"rendered":"<p>At Slam Dunk Attorney, we&#8217;re more than just injury lawyers\u2014we&#8217;re passionate about building stronger communities, one slam dunk at a time. We know firsthand how transformative sports can be for young people. Many members of our team grew up hitting the court, field, or track. Some still lace up their sneakers to play, coach, or &#8230;<\/p>","protected":false},"author":40,"featured_media":39887,"parent":0,"menu_order":0,"comment_status":"closed","ping_status":"closed","template":"page 26 template.php","meta":{"_acf_changed":false,"_genesis_hide_title":false,"_genesis_hide_breadcrumbs":false,"_genesis_hide_singular_image":false,"_genesis_hide_footer_widgets":false,"_genesis_custom_body_class":"","_genesis_custom_post_class":"","_genesis_layout":"","ngg_post_thumbnail":0,"footnotes":""},"extra-categories":[],"hc_faqs":[],"class_list":{"0":"post-39929","1":"page","2":"type-page","3":"status-publish","4":"has-post-thumbnail","6":"entry"},"acf":[],"yoast_head":"<!-- This site is optimized with the Yoast SEO plugin v27.3 - https:\/\/yoast.com\/product\/yoast-seo-wordpress\/ -->\n<title>Community Commitment: Empowering the Next Generation Through Sports - Slam Dunk Attorney | Injury Lawyers<\/title>\n<meta name=\"robots\" content=\"index, follow, max-snippet:-1, max-image-preview:large, max-video-preview:-1\" \/>\n<link rel=\"canonical\" href=\"https:\/\/slamdunkattorney.com\/es\/community\/\" \/>\n<meta property=\"og:locale\" content=\"es_MX\" \/>\n<meta property=\"og:type\" content=\"article\" \/>\n<meta property=\"og:title\" content=\"Community Commitment: Empowering the Next Generation Through Sports - Slam Dunk Attorney | Injury Lawyers\" \/>\n<meta property=\"og:description\" content=\"At Slam Dunk Attorney, we&#8217;re more than just injury lawyers\u2014we&#8217;re passionate about building stronger communities, one slam dunk at a time. We know firsthand how transformative sports can be for young people. Many members of our team grew up hitting the court, field, or track. Some still lace up their sneakers to play, coach, or ...\" \/>\n<meta property=\"og:url\" content=\"https:\/\/slamdunkattorney.com\/es\/community\/\" \/>\n<meta property=\"og:site_name\" content=\"Slam Dunk Attorney | Injury Lawyers\" \/>\n<meta property=\"article:publisher\" content=\"https:\/\/www.facebook.com\/slamdunkattorneyinjurylawyers\/\" \/>\n<meta property=\"article:modified_time\" content=\"2026-03-20T05:54:47+00:00\" \/>\n<meta property=\"og:image\" content=\"https:\/\/slamdunkattorney.com\/wp-content\/uploads\/2026\/01\/Full-Blue-Title.webp\" \/>\n\t<meta property=\"og:image:width\" content=\"2395\" \/>\n\t<meta property=\"og:image:height\" content=\"630\" \/>\n\t<meta property=\"og:image:type\" content=\"image\/webp\" \/>\n<meta name=\"twitter:card\" content=\"summary_large_image\" \/>\n<meta name=\"twitter:label1\" content=\"Est. reading time\" \/>\n\t<meta name=\"twitter:data1\" content=\"4 minutos\" \/>\n<script type=\"application\/ld+json\" class=\"yoast-schema-graph\">{\"@context\":\"https:\\\/\\\/schema.org\",\"@graph\":[{\"@type\":\"WebPage\",\"@id\":\"https:\\\/\\\/slamdunkattorney.com\\\/community\\\/\",\"url\":\"https:\\\/\\\/slamdunkattorney.com\\\/community\\\/\",\"name\":\"Community Commitment: Empowering the Next Generation Through Sports - Slam Dunk Attorney | Injury Lawyers\",\"isPartOf\":{\"@id\":\"https:\\\/\\\/slamdunkattorney.com\\\/#website\"},\"primaryImageOfPage\":{\"@id\":\"https:\\\/\\\/slamdunkattorney.com\\\/community\\\/#primaryimage\"},\"image\":{\"@id\":\"https:\\\/\\\/slamdunkattorney.com\\\/community\\\/#primaryimage\"},\"thumbnailUrl\":\"https:\\\/\\\/slamdunkattorney.com\\\/wp-content\\\/uploads\\\/2026\\\/01\\\/Full-Blue-Title.webp\",\"datePublished\":\"2026-02-19T16:14:05+00:00\",\"dateModified\":\"2026-03-20T05:54:47+00:00\",\"breadcrumb\":{\"@id\":\"https:\\\/\\\/slamdunkattorney.com\\\/community\\\/#breadcrumb\"},\"inLanguage\":\"es\",\"potentialAction\":[{\"@type\":\"ReadAction\",\"target\":[\"https:\\\/\\\/slamdunkattorney.com\\\/community\\\/\"]}]},{\"@type\":\"ImageObject\",\"inLanguage\":\"es\",\"@id\":\"https:\\\/\\\/slamdunkattorney.com\\\/community\\\/#primaryimage\",\"url\":\"https:\\\/\\\/slamdunkattorney.com\\\/wp-content\\\/uploads\\\/2026\\\/01\\\/Full-Blue-Title.webp\",\"contentUrl\":\"https:\\\/\\\/slamdunkattorney.com\\\/wp-content\\\/uploads\\\/2026\\\/01\\\/Full-Blue-Title.webp\",\"width\":2395,\"height\":630,\"caption\":\"Full Blue Title\"},{\"@type\":\"BreadcrumbList\",\"@id\":\"https:\\\/\\\/slamdunkattorney.com\\\/community\\\/#breadcrumb\",\"itemListElement\":[{\"@type\":\"ListItem\",\"position\":1,\"name\":\"Home\",\"item\":\"https:\\\/\\\/slamdunkattorney.com\\\/\"},{\"@type\":\"ListItem\",\"position\":2,\"name\":\"Community Commitment: Empowering the Next Generation Through Sports\"}]},{\"@type\":\"WebSite\",\"@id\":\"https:\\\/\\\/slamdunkattorney.com\\\/#website\",\"url\":\"https:\\\/\\\/slamdunkattorney.com\\\/\",\"name\":\"Slam Dunk Attorney | Injury Lawyers\",\"description\":\"Duluth Personal Injury Lawyers\",\"publisher\":{\"@id\":\"https:\\\/\\\/slamdunkattorney.com\\\/#organization\"},\"alternateName\":\"Slam Dunk Attorney\",\"inLanguage\":\"es\"},{\"@type\":\"Organization\",\"@id\":\"https:\\\/\\\/slamdunkattorney.com\\\/#organization\",\"name\":\"Slam Dunk Attorney\",\"alternateName\":\"Slam Dunk\",\"url\":\"https:\\\/\\\/slamdunkattorney.com\\\/\",\"logo\":{\"@type\":\"ImageObject\",\"inLanguage\":\"es\",\"@id\":\"https:\\\/\\\/slamdunkattorney.com\\\/#\\\/schema\\\/logo\\\/image\\\/\",\"url\":\"https:\\\/\\\/slamdunkattorney.com\\\/wp-content\\\/uploads\\\/2023\\\/05\\\/cropped-Logo.png\",\"contentUrl\":\"https:\\\/\\\/slamdunkattorney.com\\\/wp-content\\\/uploads\\\/2023\\\/05\\\/cropped-Logo.png\",\"width\":1080,\"height\":240,\"caption\":\"Slam Dunk Attorney\"},\"image\":{\"@id\":\"https:\\\/\\\/slamdunkattorney.com\\\/#\\\/schema\\\/logo\\\/image\\\/\"},\"sameAs\":[\"https:\\\/\\\/www.facebook.com\\\/slamdunkattorneyinjurylawyers\\\/\",\"https:\\\/\\\/www.instagram.com\\\/slamdunkattorney\\\/\",\"https:\\\/\\\/www.youtube.com\\\/channel\\\/UCSrOiC7vOjlCi3UgtIVGNtw\",\"https:\\\/\\\/www.linkedin.com\\\/company\\\/slamdunkattorneyinjurylawyers\"]}]}<\/script>\n<!-- \/ Yoast SEO plugin. -->","yoast_head_json":{"title":"Community Commitment: Empowering the Next Generation Through Sports - Slam Dunk Attorney | Injury Lawyers","robots":{"index":"index","follow":"follow","max-snippet":"max-snippet:-1","max-image-preview":"max-image-preview:large","max-video-preview":"max-video-preview:-1"},"canonical":"https:\/\/slamdunkattorney.com\/es\/community\/","og_locale":"es_MX","og_type":"article","og_title":"Community Commitment: Empowering the Next Generation Through Sports - Slam Dunk Attorney | Injury Lawyers","og_description":"At Slam Dunk Attorney, we&#8217;re more than just injury lawyers\u2014we&#8217;re passionate about building stronger communities, one slam dunk at a time. We know firsthand how transformative sports can be for young people. Many members of our team grew up hitting the court, field, or track. Some still lace up their sneakers to play, coach, or ...","og_url":"https:\/\/slamdunkattorney.com\/es\/community\/","og_site_name":"Slam Dunk Attorney | Injury Lawyers","article_publisher":"https:\/\/www.facebook.com\/slamdunkattorneyinjurylawyers\/","article_modified_time":"2026-03-20T05:54:47+00:00","og_image":[{"width":2395,"height":630,"url":"https:\/\/slamdunkattorney.com\/wp-content\/uploads\/2026\/01\/Full-Blue-Title.webp","type":"image\/webp"}],"twitter_card":"summary_large_image","twitter_misc":{"Est. reading time":"4 minutos"},"schema":{"@context":"https:\/\/schema.org","@graph":[{"@type":"WebPage","@id":"https:\/\/slamdunkattorney.com\/community\/","url":"https:\/\/slamdunkattorney.com\/community\/","name":"Community Commitment: Empowering the Next Generation Through Sports - Slam Dunk Attorney | Injury Lawyers","isPartOf":{"@id":"https:\/\/slamdunkattorney.com\/#website"},"primaryImageOfPage":{"@id":"https:\/\/slamdunkattorney.com\/community\/#primaryimage"},"image":{"@id":"https:\/\/slamdunkattorney.com\/community\/#primaryimage"},"thumbnailUrl":"https:\/\/slamdunkattorney.com\/wp-content\/uploads\/2026\/01\/Full-Blue-Title.webp","datePublished":"2026-02-19T16:14:05+00:00","dateModified":"2026-03-20T05:54:47+00:00","breadcrumb":{"@id":"https:\/\/slamdunkattorney.com\/community\/#breadcrumb"},"inLanguage":"es","potentialAction":[{"@type":"ReadAction","target":["https:\/\/slamdunkattorney.com\/community\/"]}]},{"@type":"ImageObject","inLanguage":"es","@id":"https:\/\/slamdunkattorney.com\/community\/#primaryimage","url":"https:\/\/slamdunkattorney.com\/wp-content\/uploads\/2026\/01\/Full-Blue-Title.webp","contentUrl":"https:\/\/slamdunkattorney.com\/wp-content\/uploads\/2026\/01\/Full-Blue-Title.webp","width":2395,"height":630,"caption":"Full Blue Title"},{"@type":"BreadcrumbList","@id":"https:\/\/slamdunkattorney.com\/community\/#breadcrumb","itemListElement":[{"@type":"ListItem","position":1,"name":"Home","item":"https:\/\/slamdunkattorney.com\/"},{"@type":"ListItem","position":2,"name":"Community Commitment: Empowering the Next Generation Through Sports"}]},{"@type":"WebSite","@id":"https:\/\/slamdunkattorney.com\/#website","url":"https:\/\/slamdunkattorney.com\/","name":"Abogado experto en lesiones | Abogados especializados en lesiones","description":"Abogados de lesiones personales en Duluth","publisher":{"@id":"https:\/\/slamdunkattorney.com\/#organization"},"alternateName":"Slam Dunk Attorney","inLanguage":"es"},{"@type":"Organization","@id":"https:\/\/slamdunkattorney.com\/#organization","name":"Abogado Slam Dunk","alternateName":"Slam Dunk","url":"https:\/\/slamdunkattorney.com\/","logo":{"@type":"ImageObject","inLanguage":"es","@id":"https:\/\/slamdunkattorney.com\/#\/schema\/logo\/image\/","url":"https:\/\/slamdunkattorney.com\/wp-content\/uploads\/2023\/05\/cropped-Logo.png","contentUrl":"https:\/\/slamdunkattorney.com\/wp-content\/uploads\/2023\/05\/cropped-Logo.png","width":1080,"height":240,"caption":"Slam Dunk Attorney"},"image":{"@id":"https:\/\/slamdunkattorney.com\/#\/schema\/logo\/image\/"},"sameAs":["https:\/\/www.facebook.com\/slamdunkattorneyinjurylawyers\/","https:\/\/www.instagram.com\/slamdunkattorney\/","https:\/\/www.youtube.com\/channel\/UCSrOiC7vOjlCi3UgtIVGNtw","https:\/\/www.linkedin.com\/company\/slamdunkattorneyinjurylawyers"]}]}},"yoast_meta":{"yoast_wpseo_title":"","yoast_wpseo_metadesc":"","yoast_wpseo_canonical":"https:\/\/slamdunkattorney.com\/es\/wp-json\/wp\/v2\/pages\/39929"},"_links":{"self":[{"href":"https:\/\/slamdunkattorney.com\/es\/wp-json\/wp\/v2\/pages\/39929","targetHints":{"allow":["GET"]}}],"collection":[{"href":"https:\/\/slamdunkattorney.com\/es\/wp-json\/wp\/v2\/pages"}],"about":[{"href":"https:\/\/slamdunkattorney.com\/es\/wp-json\/wp\/v2\/types\/page"}],"author":[{"embeddable":true,"href":"https:\/\/slamdunkattorney.com\/es\/wp-json\/wp\/v2\/users\/40"}],"replies":[{"embeddable":true,"href":"https:\/\/slamdunkattorney.com\/es\/wp-json\/wp\/v2\/comments?post=39929"}],"version-history":[{"count":0,"href":"https:\/\/slamdunkattorney.com\/es\/wp-json\/wp\/v2\/pages\/39929\/revisions"}],"wp:featuredmedia":[{"embeddable":true,"href":"https:\/\/slamdunkattorney.com\/es\/wp-json\/wp\/v2\/media\/39887"}],"wp:attachment":[{"href":"https:\/\/slamdunkattorney.com\/es\/wp-json\/wp\/v2\/media?parent=39929"}],"wp:term":[{"taxonomy":"extra-categories","embeddable":true,"href":"https:\/\/slamdunkattorney.com\/es\/wp-json\/wp\/v2\/extra-categories?post=39929"},{"taxonomy":"hc_faqs","embeddable":true,"href":"https:\/\/slamdunkattorney.com\/es\/wp-json\/wp\/v2\/hc_faqs?post=39929"}],"curies":[{"name":"wp","href":"https:\/\/api.w.org\/{rel}","templated":true}]}}