{"id":3006,"date":"2023-04-19T00:05:15","date_gmt":"2023-04-19T00:05:15","guid":{"rendered":"https:\/\/jaraysilawfirm.com\/?p=3006"},"modified":"2025-10-22T14:21:24","modified_gmt":"2025-10-22T14:21:24","slug":"doctors-office-lien","status":"publish","type":"page","link":"https:\/\/slamdunkattorney.com\/es\/faqs\/why-did-my-doctors-office-file-a-lien-against-me\/","title":{"rendered":"\u00bfPor qu\u00e9 el consultorio de mi m\u00e9dico present\u00f3 un derecho de retenci\u00f3n en mi contra?"},"content":{"rendered":"<p>\u00bfAlguna vez ha recibido una notificaci\u00f3n de la consulta de su m\u00e9dico en la que se le informa de que han presentado un embargo preventivo en su contra? Si es as\u00ed, es posible que se pregunte qu\u00e9 significa y por qu\u00e9 lo han hecho.<\/p>\r\n\r\n\r\n\r\n<p>Los embargos m\u00e9dicos son una herramienta com\u00fan utilizada por los consultorios m\u00e9dicos para garantizar el pago de los servicios prestados, pero pueden resultar confusos e incluso intimidantes para los pacientes.<\/p>\r\n\r\n\r\n\r\n<p>En <a title=\"Inicio\" href=\"https:\/\/slamdunkattorney.com\/es\/\">Abogado Slam Dunk<\/a>, Creemos que es importante que los pacientes comprendan sus derechos y opciones en lo que respecta a los grav\u00e1menes m\u00e9dicos. En este blog, exploraremos algunas de las razones m\u00e1s comunes por las que un consultorio m\u00e9dico podr\u00eda presentar un gravamen contra un paciente, as\u00ed como estrategias para negociar y resolver los grav\u00e1menes m\u00e9dicos.<\/p>\r\n\r\n\r\n\r\n<p>Ya sea que se enfrente a un embargo m\u00e9dico como resultado de un caso de lesiones personales o simplemente tenga dificultades para pagar sus facturas m\u00e9dicas, nuestro <a title=\"\u00c1reas de pr\u00e1ctica: accidentes automovil\u00edsticos\" href=\"https:\/\/slamdunkattorney.com\/es\/duluth\/car-accident-lawyer\/\">Abogados especializados en accidentes automovil\u00edsticos en Duluth<\/a> estamos aqu\u00ed para ayudarle a navegar por el complejo mundo de los grav\u00e1menes m\u00e9dicos y obtener la atenci\u00f3n que necesita.<\/p>\r\n\r\n\r\n\r\n<h2 class=\"wp-block-heading\">Facturas m\u00e9dicas impagadas<\/h2>\r\n\r\n\r\n\r\n<p>Las facturas m\u00e9dicas impagadas son una de las razones m\u00e1s comunes por las que un consultorio m\u00e9dico puede presentar un embargo preventivo contra un paciente.<\/p>\r\n\r\n\r\n\r\n<p>Cuando un paciente recibe tratamiento m\u00e9dico pero no puede pagarlo, el consultorio del m\u00e9dico puede optar por presentar un derecho de retenci\u00f3n como forma de garantizar el pago. Esta puede ser una opci\u00f3n m\u00e1s eficaz que enviar la factura a cobranza, ya que permite al consultorio del m\u00e9dico reclamar una parte de cualquier acuerdo o sentencia que el paciente pueda recibir en el futuro.<\/p>\r\n\r\n\r\n\r\n<p>Sin embargo, es importante se\u00f1alar que los embargos m\u00e9dicos pueden tener graves consecuencias para los pacientes. Por ejemplo, si se presenta un embargo m\u00e9dico contra un paciente, este puede aparecer en su informe crediticio y afectar negativamente a su calificaci\u00f3n crediticia. Esto puede dificultar que el paciente obtenga cr\u00e9dito en el futuro, por ejemplo, al solicitar un pr\u00e9stamo para comprar un autom\u00f3vil o una hipoteca.<\/p>\r\n\r\n\r\n\r\n<p>Si se enfrenta a un gravamen m\u00e9dico debido a facturas m\u00e9dicas impagadas, es importante que conozca sus derechos y opciones. Es posible que pueda negociar un plan de pago con el consultorio del m\u00e9dico o explorar otras formas de asistencia financiera, como Medicaid o programas de atenci\u00f3n ben\u00e9fica. En algunos casos, tambi\u00e9n es posible negociar con el consultorio del m\u00e9dico para reducir o eliminar el gravamen.<\/p>\r\n\r\n\r\n\r\n\n<div class=\"cta-container row align-items-center\">\n    <div class=\"col-md-7\">\n        <p class=\"cta-text rs-content-cta\">Orgullosos de servir a Duluth y a todo Georgia <span>\u00a1Cont\u00e1ctenos para comenzar su recuperaci\u00f3n!<\/span> <a href=\"https:\/\/slamdunkattorney.com\/es\/\">Explore nuestras \u00e1reas de pr\u00e1ctica<\/a><\/p>\n    <\/div>\n    <div class=\"col-md-5\">\n        <img decoding=\"async\" src=\"https:\/\/slamdunkattorney.com\/wp-content\/themes\/slam-dunk-rebuild\/assets\/app\/img\/map-cta.jpg\" alt=\"Legal Consultation\" class=\"img-fluid\"\/>\n    <\/div>\n<\/div><h2 class=\"wp-block-heading\">Casos de lesiones personales<\/h2>\r\n\r\n\r\n\r\n<p>Adem\u00e1s de las facturas m\u00e9dicas impagadas, los embargos m\u00e9dicos se utilizan habitualmente en casos de lesiones personales. Cuando una persona resulta lesionada como consecuencia de la negligencia de otra, puede presentar una demanda por lesiones personales para recuperar los da\u00f1os y perjuicios por sus gastos m\u00e9dicos, salarios perdidos y <a title=\"\u00bfCu\u00e1nto vale mi dolor y sufrimiento en un caso de lesiones personales?\" href=\"https:\/\/slamdunkattorney.com\/es\/faqs\/what-is-my-pain-and-suffering-worth-in-a-personal-injury-case\/\">dolor y sufrimiento<\/a>.<\/p>\r\n\r\n\r\n\r\n<p>Sin embargo, si la persona lesionada recibi\u00f3 tratamiento m\u00e9dico como resultado de su lesi\u00f3n, el consultorio m\u00e9dico puede presentar un derecho de retenci\u00f3n m\u00e9dica como forma de garantizar el pago por sus servicios.<\/p>\r\n\r\n\r\n\r\n<p>En un caso de lesiones personales, un derecho de retenci\u00f3n m\u00e9dica puede ser una herramienta \u00fatil tanto para el consultorio m\u00e9dico como para la persona lesionada. El consultorio m\u00e9dico puede utilizar el derecho de retenci\u00f3n para asegurarse de que se le paguen sus servicios, mientras que la persona lesionada puede utilizarlo como prueba de sus gastos m\u00e9dicos cuando reclame da\u00f1os y perjuicios en su demanda.<\/p>\r\n\r\n\r\n\r\n<p>Sin embargo, es importante se\u00f1alar que los grav\u00e1menes m\u00e9dicos en los casos de lesiones personales pueden ser complejos e involucrar a m\u00faltiples partes. Por ejemplo, si la persona lesionada tiene seguro m\u00e9dico, su aseguradora tambi\u00e9n puede tener inter\u00e9s en el caso y tratar de recuperar parte de la indemnizaci\u00f3n concedida en la demanda. Esto se conoce como subrogaci\u00f3n.<\/p>\r\n\r\n\r\n\r\n<h2 class=\"wp-block-heading\">Reclamaciones de indemnizaci\u00f3n por accidentes laborales<\/h2>\r\n\r\n\r\n\r\n<p>Los grav\u00e1menes m\u00e9dicos tambi\u00e9n se utilizan habitualmente en los casos de indemnizaci\u00f3n por accidentes laborales, en los que un empleado lesionado puede tener derecho a prestaciones por tratamiento m\u00e9dico y salarios perdidos. Si el empleado lesionado recibe tratamiento m\u00e9dico, el consultorio del m\u00e9dico puede presentar un gravamen m\u00e9dico para garantizar el pago.<\/p>\r\n\r\n\r\n\r\n<p>Sin embargo, los grav\u00e1menes m\u00e9dicos en los casos de indemnizaci\u00f3n laboral pueden ser complicados, ya que el empleador o su compa\u00f1\u00eda de seguros tambi\u00e9n pueden tener intereses en el caso y solicitar el reembolso de las prestaciones pagadas.<\/p>\r\n\r\n\r\n\r\n\n<div class=\"cta-container row align-items-center\">\n    <div class=\"col-md-7\">\n        <p class=\"cta-text rs-content-cta\"><a class=\"no-btn\" href=\"https:\/\/slamdunkattorney.com\/es\/contact-us\/\">Haga clic para contactar<\/a> nuestros abogados especializados en lesiones personales hoy mismo<\/p>\n    <\/div>\n    <div class=\"col-md-5\">\n        <img decoding=\"async\" src=\"https:\/\/slamdunkattorney.com\/wp-content\/themes\/slam-dunk-rebuild\/assets\/app\/img\/map-cta.jpg\" alt=\"Contact Us\" class=\"img-fluid\"\/>\n    <\/div>\n<\/div><h2 class=\"wp-block-heading\">Negociaci\u00f3n y resoluci\u00f3n de embargos m\u00e9dicos<\/h2>\r\n\r\n\r\n\r\n<p>Los pacientes que se enfrentan a embargos m\u00e9dicos pueden tener la opci\u00f3n de negociar con el consultorio del m\u00e9dico para reducir o eliminar el embargo. Las estrategias de negociaci\u00f3n pueden incluir contratar a un abogado especializado en accidentes automovil\u00edsticos en Duluth, documentar las dificultades econ\u00f3micas o explorar otras formas de asistencia financiera.<\/p>\r\n\r\n\r\n\r\n<p>Es importante resolver los embargos m\u00e9dicos antes de llegar a un acuerdo en casos de lesiones personales o indemnizaci\u00f3n laboral, ya que, de lo contrario, el acreedor podr\u00eda quedarse con una parte del acuerdo o de la indemnizaci\u00f3n.<\/p>\r\n\r\n\r\n\r\n<p>En Slam Dunk Attorney, podemos ayudar a los pacientes a negociar y resolver embargos m\u00e9dicos, asegur\u00e1ndonos de que reciban la atenci\u00f3n que necesitan sin tener que hacer frente a cargas financieras innecesarias.<\/p>\r\n\r\n\r\n\r\n\n<div class=\"cta-container map-bg row align-items-center flex-md-row-reverse\">\n    <div class=\"col-md-6\">\n        <p class=\"cta-text rs-content-cta\">Completa un <a href=\"https:\/\/slamdunkattorney.com\/es\/contact-us\/\">Formulario de evaluaci\u00f3n gratuita de su caso<\/a> ahora<\/p>\n    <\/div>\n    <div class=\"col-md-6 col-bg\">\n    <\/div>\n<\/div><h2 class=\"wp-block-heading\">P\u00f3ngase en contacto con Slam Dunk Attorney hoy mismo.<\/h2>\r\n\r\n\r\n\r\n<p>Si se enfrenta a un embargo m\u00e9dico u otro problema legal relacionado con un caso de lesiones personales, no dude en ponerse en contacto con Slam Dunk Attorney hoy mismo. Nuestros abogados expertos en lesiones personales est\u00e1n aqu\u00ed para ayudarle a comprender sus derechos y opciones, y trabajaremos sin descanso para garantizar que reciba la indemnizaci\u00f3n que se merece.<\/p>\r\n\r\n\r\n\r\n<p>Con una consulta inicial gratuita y una tarifa basada en resultados, no nos pagar\u00e1 nada a menos que consigamos una indemnizaci\u00f3n para usted. <a title=\"Contacto\" href=\"https:\/\/slamdunkattorney.com\/es\/contact-us\/\">Cont\u00e1ctenos hoy mismo<\/a> para programar una revisi\u00f3n gratuita de su caso y empezar a recibir la ayuda que necesita.<\/p>\r\n\n<div class=\"cta-container row align-items-center\">\n    <div class=\"col-md-7\">\n        <p class=\"cta-text rs-content-cta\">Llame o env\u00ede un mensaje de texto <a class=\"no-btn\" href=\"tel:+14049513513\">404-951-3513<\/a> o completar un <a href=\"https:\/\/slamdunkattorney.com\/es\/contact-us\/\">Formulario de evaluaci\u00f3n gratuita de su caso<\/a><\/p>\n    <\/div>\n    <div class=\"col-md-5\">\n        <img decoding=\"async\" src=\"https:\/\/slamdunkattorney.com\/wp-content\/themes\/slam-dunk-rebuild\/assets\/app\/img\/map-cta.jpg\" alt=\"Call or Text\" class=\"img-fluid\"\/>\n    <\/div>\n<\/div>","protected":false},"excerpt":{"rendered":"<p>Have you ever received a notice from your doctor&#8217;s office stating that they have filed a lien against you? If so, you may be wondering what it means and why they did it. Medical liens are a common tool used by doctors&#8217; offices to secure payment for services rendered, but they can be confusing and &#8230;<\/p>","protected":false},"author":2,"featured_media":3140,"parent":5902,"menu_order":0,"comment_status":"closed","ping_status":"closed","template":"","meta":{"_acf_changed":false,"_genesis_hide_title":false,"_genesis_hide_breadcrumbs":false,"_genesis_hide_singular_image":false,"_genesis_hide_footer_widgets":false,"_genesis_custom_body_class":"","_genesis_custom_post_class":"","_genesis_layout":"","ngg_post_thumbnail":0,"footnotes":""},"extra-categories":[],"hc_faqs":[48],"class_list":{"0":"post-3006","1":"page","2":"type-page","3":"status-publish","4":"has-post-thumbnail","6":"hc_faqs-insurance-claims","7":"entry"},"acf":[],"yoast_head":"<!-- This site is optimized with the Yoast SEO plugin v27.4 - https:\/\/yoast.com\/product\/yoast-seo-wordpress\/ -->\n<title>Why Did My Doctor\u2019s Office File a Lien Against Me? | Slam Dunk Attorney<\/title>\n<meta name=\"description\" content=\"Dealing with a doctor&#039;s office lien? Our personal injury lawyers can help you. Contact us today for a free case review.\" \/>\n<meta name=\"robots\" content=\"index, follow, max-snippet:-1, max-image-preview:large, max-video-preview:-1\" \/>\n<link rel=\"canonical\" href=\"https:\/\/slamdunkattorney.com\/es\/faqs\/why-did-my-doctors-office-file-a-lien-against-me\/\" \/>\n<meta property=\"og:locale\" content=\"es_MX\" \/>\n<meta property=\"og:type\" content=\"article\" \/>\n<meta property=\"og:title\" content=\"Why Did My Doctor\u2019s Office File a Lien Against Me? | Slam Dunk Attorney\" \/>\n<meta property=\"og:description\" content=\"Dealing with a doctor&#039;s office lien? Our personal injury lawyers can help you. Contact us today for a free case review.\" \/>\n<meta property=\"og:url\" content=\"https:\/\/slamdunkattorney.com\/es\/faqs\/why-did-my-doctors-office-file-a-lien-against-me\/\" \/>\n<meta property=\"og:site_name\" content=\"Slam Dunk Attorney | Injury Lawyers\" \/>\n<meta property=\"article:publisher\" content=\"https:\/\/www.facebook.com\/slamdunkattorneyinjurylawyers\/\" \/>\n<meta property=\"article:modified_time\" content=\"2025-10-22T14:21:24+00:00\" \/>\n<meta property=\"og:image\" content=\"https:\/\/slamdunkattorney.com\/wp-content\/uploads\/2023\/04\/doctors-office-lien-1.jpg\" \/>\n\t<meta property=\"og:image:width\" content=\"640\" \/>\n\t<meta property=\"og:image:height\" content=\"427\" \/>\n\t<meta property=\"og:image:type\" content=\"image\/jpeg\" \/>\n<meta name=\"twitter:card\" content=\"summary_large_image\" \/>\n<meta name=\"twitter:site\" content=\"@slamdunkattorney\" \/>\n<meta name=\"twitter:label1\" content=\"Est. reading time\" \/>\n\t<meta name=\"twitter:data1\" content=\"4 minutos\" \/>\n<script type=\"application\/ld+json\" class=\"yoast-schema-graph\">{\"@context\":\"https:\\\/\\\/schema.org\",\"@graph\":[{\"@type\":\"WebPage\",\"@id\":\"https:\\\/\\\/slamdunkattorney.com\\\/faqs\\\/why-did-my-doctors-office-file-a-lien-against-me\\\/\",\"url\":\"https:\\\/\\\/slamdunkattorney.com\\\/faqs\\\/why-did-my-doctors-office-file-a-lien-against-me\\\/\",\"name\":\"Why Did My Doctor\u2019s Office File a Lien Against Me? | Slam Dunk Attorney\",\"isPartOf\":{\"@id\":\"https:\\\/\\\/slamdunkattorney.com\\\/#website\"},\"primaryImageOfPage\":{\"@id\":\"https:\\\/\\\/slamdunkattorney.com\\\/faqs\\\/why-did-my-doctors-office-file-a-lien-against-me\\\/#primaryimage\"},\"image\":{\"@id\":\"https:\\\/\\\/slamdunkattorney.com\\\/faqs\\\/why-did-my-doctors-office-file-a-lien-against-me\\\/#primaryimage\"},\"thumbnailUrl\":\"https:\\\/\\\/slamdunkattorney.com\\\/wp-content\\\/uploads\\\/2023\\\/04\\\/doctors-office-lien-1.jpg\",\"datePublished\":\"2023-04-19T00:05:15+00:00\",\"dateModified\":\"2025-10-22T14:21:24+00:00\",\"description\":\"Dealing with a doctor's office lien? Our personal injury lawyers can help you. Contact us today for a free case review.\",\"breadcrumb\":{\"@id\":\"https:\\\/\\\/slamdunkattorney.com\\\/faqs\\\/why-did-my-doctors-office-file-a-lien-against-me\\\/#breadcrumb\"},\"inLanguage\":\"es\",\"potentialAction\":[{\"@type\":\"ReadAction\",\"target\":[\"https:\\\/\\\/slamdunkattorney.com\\\/faqs\\\/why-did-my-doctors-office-file-a-lien-against-me\\\/\"]}]},{\"@type\":\"ImageObject\",\"inLanguage\":\"es\",\"@id\":\"https:\\\/\\\/slamdunkattorney.com\\\/faqs\\\/why-did-my-doctors-office-file-a-lien-against-me\\\/#primaryimage\",\"url\":\"https:\\\/\\\/slamdunkattorney.com\\\/wp-content\\\/uploads\\\/2023\\\/04\\\/doctors-office-lien-1.jpg\",\"contentUrl\":\"https:\\\/\\\/slamdunkattorney.com\\\/wp-content\\\/uploads\\\/2023\\\/04\\\/doctors-office-lien-1.jpg\",\"width\":640,\"height\":427,\"caption\":\"doctors-office-lien\"},{\"@type\":\"BreadcrumbList\",\"@id\":\"https:\\\/\\\/slamdunkattorney.com\\\/faqs\\\/why-did-my-doctors-office-file-a-lien-against-me\\\/#breadcrumb\",\"itemListElement\":[{\"@type\":\"ListItem\",\"position\":1,\"name\":\"Home\",\"item\":\"https:\\\/\\\/slamdunkattorney.com\\\/\"},{\"@type\":\"ListItem\",\"position\":2,\"name\":\"FAQs\",\"item\":\"https:\\\/\\\/slamdunkattorney.com\\\/faqs\\\/\"},{\"@type\":\"ListItem\",\"position\":3,\"name\":\"Why Did My Doctor\u2019s Office File a Lien Against Me?\"}]},{\"@type\":\"WebSite\",\"@id\":\"https:\\\/\\\/slamdunkattorney.com\\\/#website\",\"url\":\"https:\\\/\\\/slamdunkattorney.com\\\/\",\"name\":\"Slam Dunk Attorney | Injury Lawyers\",\"description\":\"Duluth Personal Injury Lawyers\",\"publisher\":{\"@id\":\"https:\\\/\\\/slamdunkattorney.com\\\/#organization\"},\"alternateName\":\"Slam Dunk Attorney\",\"inLanguage\":\"es\"},{\"@type\":\"Organization\",\"@id\":\"https:\\\/\\\/slamdunkattorney.com\\\/#organization\",\"name\":\"Slam Dunk Attorney\",\"alternateName\":\"Slam Dunk\",\"url\":\"https:\\\/\\\/slamdunkattorney.com\\\/\",\"logo\":{\"@type\":\"ImageObject\",\"inLanguage\":\"es\",\"@id\":\"https:\\\/\\\/slamdunkattorney.com\\\/#\\\/schema\\\/logo\\\/image\\\/\",\"url\":\"https:\\\/\\\/slamdunkattorney.com\\\/wp-content\\\/uploads\\\/2023\\\/05\\\/cropped-Logo.png\",\"contentUrl\":\"https:\\\/\\\/slamdunkattorney.com\\\/wp-content\\\/uploads\\\/2023\\\/05\\\/cropped-Logo.png\",\"width\":1080,\"height\":240,\"caption\":\"Slam Dunk Attorney\"},\"image\":{\"@id\":\"https:\\\/\\\/slamdunkattorney.com\\\/#\\\/schema\\\/logo\\\/image\\\/\"},\"sameAs\":[\"https:\\\/\\\/www.facebook.com\\\/slamdunkattorneyinjurylawyers\\\/\",\"https:\\\/\\\/x.com\\\/slamdunkattorney\",\"https:\\\/\\\/www.instagram.com\\\/slamdunkattorney\\\/\",\"https:\\\/\\\/www.youtube.com\\\/channel\\\/UCSrOiC7vOjlCi3UgtIVGNtw\",\"https:\\\/\\\/www.linkedin.com\\\/company\\\/slamdunkattorneyinjurylawyers\"]}]}<\/script>\n<!-- \/ Yoast SEO plugin. -->","yoast_head_json":{"title":"Why Did My Doctor\u2019s Office File a Lien Against Me? | Slam Dunk Attorney","description":"Dealing with a doctor's office lien? Our personal injury lawyers can help you. Contact us today for a free case review.","robots":{"index":"index","follow":"follow","max-snippet":"max-snippet:-1","max-image-preview":"max-image-preview:large","max-video-preview":"max-video-preview:-1"},"canonical":"https:\/\/slamdunkattorney.com\/es\/faqs\/why-did-my-doctors-office-file-a-lien-against-me\/","og_locale":"es_MX","og_type":"article","og_title":"Why Did My Doctor\u2019s Office File a Lien Against Me? | Slam Dunk Attorney","og_description":"Dealing with a doctor's office lien? Our personal injury lawyers can help you. Contact us today for a free case review.","og_url":"https:\/\/slamdunkattorney.com\/es\/faqs\/why-did-my-doctors-office-file-a-lien-against-me\/","og_site_name":"Slam Dunk Attorney | Injury Lawyers","article_publisher":"https:\/\/www.facebook.com\/slamdunkattorneyinjurylawyers\/","article_modified_time":"2025-10-22T14:21:24+00:00","og_image":[{"width":640,"height":427,"url":"https:\/\/slamdunkattorney.com\/wp-content\/uploads\/2023\/04\/doctors-office-lien-1.jpg","type":"image\/jpeg"}],"twitter_card":"summary_large_image","twitter_site":"@slamdunkattorney","twitter_misc":{"Est. reading time":"4 minutos"},"schema":{"@context":"https:\/\/schema.org","@graph":[{"@type":"WebPage","@id":"https:\/\/slamdunkattorney.com\/faqs\/why-did-my-doctors-office-file-a-lien-against-me\/","url":"https:\/\/slamdunkattorney.com\/faqs\/why-did-my-doctors-office-file-a-lien-against-me\/","name":"Why Did My Doctor\u2019s Office File a Lien Against Me? | Slam Dunk Attorney","isPartOf":{"@id":"https:\/\/slamdunkattorney.com\/#website"},"primaryImageOfPage":{"@id":"https:\/\/slamdunkattorney.com\/faqs\/why-did-my-doctors-office-file-a-lien-against-me\/#primaryimage"},"image":{"@id":"https:\/\/slamdunkattorney.com\/faqs\/why-did-my-doctors-office-file-a-lien-against-me\/#primaryimage"},"thumbnailUrl":"https:\/\/slamdunkattorney.com\/wp-content\/uploads\/2023\/04\/doctors-office-lien-1.jpg","datePublished":"2023-04-19T00:05:15+00:00","dateModified":"2025-10-22T14:21:24+00:00","description":"Dealing with a doctor's office lien? Our personal injury lawyers can help you. Contact us today for a free case review.","breadcrumb":{"@id":"https:\/\/slamdunkattorney.com\/faqs\/why-did-my-doctors-office-file-a-lien-against-me\/#breadcrumb"},"inLanguage":"es","potentialAction":[{"@type":"ReadAction","target":["https:\/\/slamdunkattorney.com\/faqs\/why-did-my-doctors-office-file-a-lien-against-me\/"]}]},{"@type":"ImageObject","inLanguage":"es","@id":"https:\/\/slamdunkattorney.com\/faqs\/why-did-my-doctors-office-file-a-lien-against-me\/#primaryimage","url":"https:\/\/slamdunkattorney.com\/wp-content\/uploads\/2023\/04\/doctors-office-lien-1.jpg","contentUrl":"https:\/\/slamdunkattorney.com\/wp-content\/uploads\/2023\/04\/doctors-office-lien-1.jpg","width":640,"height":427,"caption":"doctors-office-lien"},{"@type":"BreadcrumbList","@id":"https:\/\/slamdunkattorney.com\/faqs\/why-did-my-doctors-office-file-a-lien-against-me\/#breadcrumb","itemListElement":[{"@type":"ListItem","position":1,"name":"Home","item":"https:\/\/slamdunkattorney.com\/"},{"@type":"ListItem","position":2,"name":"FAQs","item":"https:\/\/slamdunkattorney.com\/faqs\/"},{"@type":"ListItem","position":3,"name":"Why Did My Doctor\u2019s Office File a Lien Against Me?"}]},{"@type":"WebSite","@id":"https:\/\/slamdunkattorney.com\/#website","url":"https:\/\/slamdunkattorney.com\/","name":"Abogado experto en lesiones | Abogados especializados en lesiones","description":"Abogados de lesiones personales en Duluth","publisher":{"@id":"https:\/\/slamdunkattorney.com\/#organization"},"alternateName":"Slam Dunk Attorney","inLanguage":"es"},{"@type":"Organization","@id":"https:\/\/slamdunkattorney.com\/#organization","name":"Abogado Slam Dunk","alternateName":"Slam Dunk","url":"https:\/\/slamdunkattorney.com\/","logo":{"@type":"ImageObject","inLanguage":"es","@id":"https:\/\/slamdunkattorney.com\/#\/schema\/logo\/image\/","url":"https:\/\/slamdunkattorney.com\/wp-content\/uploads\/2023\/05\/cropped-Logo.png","contentUrl":"https:\/\/slamdunkattorney.com\/wp-content\/uploads\/2023\/05\/cropped-Logo.png","width":1080,"height":240,"caption":"Slam Dunk Attorney"},"image":{"@id":"https:\/\/slamdunkattorney.com\/#\/schema\/logo\/image\/"},"sameAs":["https:\/\/www.facebook.com\/slamdunkattorneyinjurylawyers\/","https:\/\/x.com\/slamdunkattorney","https:\/\/www.instagram.com\/slamdunkattorney\/","https:\/\/www.youtube.com\/channel\/UCSrOiC7vOjlCi3UgtIVGNtw","https:\/\/www.linkedin.com\/company\/slamdunkattorneyinjurylawyers"]}]}},"yoast_meta":{"yoast_wpseo_title":"","yoast_wpseo_metadesc":"","yoast_wpseo_canonical":"https:\/\/slamdunkattorney.com\/es\/wp-json\/wp\/v2\/pages\/3006"},"_links":{"self":[{"href":"https:\/\/slamdunkattorney.com\/es\/wp-json\/wp\/v2\/pages\/3006","targetHints":{"allow":["GET"]}}],"collection":[{"href":"https:\/\/slamdunkattorney.com\/es\/wp-json\/wp\/v2\/pages"}],"about":[{"href":"https:\/\/slamdunkattorney.com\/es\/wp-json\/wp\/v2\/types\/page"}],"author":[{"embeddable":true,"href":"https:\/\/slamdunkattorney.com\/es\/wp-json\/wp\/v2\/users\/2"}],"replies":[{"embeddable":true,"href":"https:\/\/slamdunkattorney.com\/es\/wp-json\/wp\/v2\/comments?post=3006"}],"version-history":[{"count":0,"href":"https:\/\/slamdunkattorney.com\/es\/wp-json\/wp\/v2\/pages\/3006\/revisions"}],"up":[{"embeddable":true,"href":"https:\/\/slamdunkattorney.com\/es\/wp-json\/wp\/v2\/pages\/5902"}],"wp:featuredmedia":[{"embeddable":true,"href":"https:\/\/slamdunkattorney.com\/es\/wp-json\/wp\/v2\/media\/3140"}],"wp:attachment":[{"href":"https:\/\/slamdunkattorney.com\/es\/wp-json\/wp\/v2\/media?parent=3006"}],"wp:term":[{"taxonomy":"extra-categories","embeddable":true,"href":"https:\/\/slamdunkattorney.com\/es\/wp-json\/wp\/v2\/extra-categories?post=3006"},{"taxonomy":"hc_faqs","embeddable":true,"href":"https:\/\/slamdunkattorney.com\/es\/wp-json\/wp\/v2\/hc_faqs?post=3006"}],"curies":[{"name":"wp","href":"https:\/\/api.w.org\/{rel}","templated":true}]}}