{"id":3,"date":"2023-04-10T03:01:31","date_gmt":"2023-04-10T03:01:31","guid":{"rendered":"https:\/\/slamdunk.wpenginepowered.com\/?page_id=3"},"modified":"2025-09-03T19:32:37","modified_gmt":"2025-09-03T19:32:37","slug":"privacy-policy","status":"publish","type":"page","link":"https:\/\/slamdunkattorney.com\/es\/privacy-policy\/","title":{"rendered":"Pol\u00edtica de privacidad"},"content":{"rendered":"<div class=\"ql-block\" data-block-id=\"block-09ae30c3-e9b2-463b-ab4d-f350bac9a970\">En <strong>Abogado Slam Dunk, <\/strong>Nos tomamos muy en serio la privacidad y nos comprometemos a proteger la informaci\u00f3n personal de nuestros usuarios. Esta Pol\u00edtica de privacidad describe c\u00f3mo recopilamos, utilizamos y compartimos la informaci\u00f3n voluntaria recopilada a trav\u00e9s de nuestro sitio web.<\/div>\r\n<div class=\"ql-block\" data-block-id=\"block-45eb6645-f9c0-44d2-be76-6e441400d1d0\"><strong>Recopilaci\u00f3n de informaci\u00f3n de suscripci\u00f3n voluntaria<\/strong><\/div>\r\n<ul>\r\n<li>Recopilamos informaci\u00f3n voluntaria de los usuarios a trav\u00e9s de diversos formularios en nuestro sitio web, incluyendo suscripciones por correo electr\u00f3nico, formularios de contacto y formularios de registro para eventos. Esta informaci\u00f3n puede incluir, entre otros datos, nombres, direcciones de correo electr\u00f3nico y n\u00fameros de tel\u00e9fono. Solo recopilamos la informaci\u00f3n voluntaria que es necesaria para el fin para el que se ha proporcionado.<\/li>\r\n<\/ul>\r\n<div class=\"ql-block\" data-block-id=\"block-d36fd584-8e2d-441f-8abc-ac5a3548de3b\"><strong>Uso de la informaci\u00f3n de suscripci\u00f3n voluntaria<\/strong><\/div>\r\n<ul>\r\n<li>La informaci\u00f3n recopilada a trav\u00e9s de nuestro sitio web se utiliza para proporcionar a nuestros usuarios los servicios que han solicitado, como boletines informativos por correo electr\u00f3nico, actualizaciones de eventos y atenci\u00f3n al cliente. Tambi\u00e9n podemos utilizar esta informaci\u00f3n para personalizar la experiencia del usuario en nuestro sitio web y mejorar nuestros productos y servicios.<\/li>\r\n<\/ul>\r\n<div class=\"ql-block\" data-block-id=\"block-8fbd9da4-a8fb-4e9b-880e-cc1a1d847de6\"><strong>Compartir informaci\u00f3n de suscripci\u00f3n voluntaria<\/strong><\/div>\r\n<ul>\r\n<li>No vendemos, alquilamos ni compartimos informaci\u00f3n m\u00f3vil opt-in con terceros con fines de marketing o promocionales.<\/li>\r\n<li>No se compartir\u00e1 informaci\u00f3n m\u00f3vil con terceros\/afiliados con fines de mercadotecnia\/promocionales. Todas las dem\u00e1s categor\u00edas excluyen los datos y el consentimiento del remitente de mensajes de texto; esta informaci\u00f3n no se compartir\u00e1 con terceros.<\/li>\r\n<li>La informaci\u00f3n solo se compartir\u00e1 con terceros si as\u00ed lo exige la ley.<\/li>\r\n<li>Se permite compartir informaci\u00f3n con subcontratistas para servicios de asistencia, como el servicio al cliente. Sin embargo, los datos de suscripci\u00f3n y el consentimiento del remitente de mensajes de texto no se compartir\u00e1n con terceros bajo ninguna circunstancia.<\/li>\r\n<\/ul>\r\n<div class=\"ql-block\" data-block-id=\"block-b4d4f2ff-a1b7-4201-b3b5-35a964cd612d\"><strong>Seguridad de los datos<\/strong><\/div>\r\n<ul>\r\n<li>Tomamos las medidas t\u00e9cnicas y organizativas adecuadas para proteger la informaci\u00f3n recopilada a trav\u00e9s de nuestro sitio web contra el acceso, uso, divulgaci\u00f3n o destrucci\u00f3n no autorizados.<\/li>\r\n<\/ul>\r\n<div class=\"ql-block\" data-block-id=\"block-d4911791-74fa-460f-84d9-c48e105bf9b0\"><strong>Cambios en esta Pol\u00edtica de Privacidad<\/strong><\/div>\r\n<ul>\r\n<li>Podemos modificar esta Pol\u00edtica de Privacidad de vez en cuando para reflejar cambios en nuestras pr\u00e1cticas de privacidad. Si realizamos alg\u00fan cambio, actualizaremos esta Pol\u00edtica de Privacidad y publicaremos la versi\u00f3n revisada en nuestro sitio web.<\/li>\r\n<\/ul>\r\n<div class=\"ql-block\" data-block-id=\"block-95d8d3d5-d94b-46f1-aca1-563363382e31\"><strong>Informaci\u00f3n de contacto<\/strong><\/div>\r\n<ul>\r\n<li>Si tiene alguna pregunta o duda sobre nuestras pr\u00e1cticas de privacidad o esta Pol\u00edtica de privacidad, p\u00f3ngase en contacto con nosotros en <strong>(+1) 404-882-1630 o <a class=\"ql-link\" href=\"mailto:info@slamdunkattorney.com\" target=\"_blank\" rel=\"noopener noreferrer\">info@slamdunkattorney.com<\/a>.<\/strong><\/li>\r\n<\/ul>","protected":false},"excerpt":{"rendered":"<p>At Slam Dunk Attorney, we take privacy seriously and are committed to protecting the personal information of our users. This Privacy Policy outlines how we collect, use, and share opt-in information collected through our website. Collection of Opt-In Information We collect opt-in information from users through various forms on our website, including email subscriptions, contact &#8230;<\/p>","protected":false},"author":2,"featured_media":0,"parent":0,"menu_order":0,"comment_status":"closed","ping_status":"closed","template":"","meta":{"_acf_changed":false,"_genesis_hide_title":false,"_genesis_hide_breadcrumbs":false,"_genesis_hide_singular_image":false,"_genesis_hide_footer_widgets":false,"_genesis_custom_body_class":"","_genesis_custom_post_class":"","_genesis_layout":"","ngg_post_thumbnail":0,"footnotes":""},"extra-categories":[],"hc_faqs":[],"class_list":{"0":"post-3","1":"page","2":"type-page","3":"status-publish","5":"entry"},"acf":[],"yoast_head":"<!-- This site is optimized with the Yoast SEO plugin v27.3 - https:\/\/yoast.com\/product\/yoast-seo-wordpress\/ -->\n<title>Privacy Policy - Slam Dunk Attorney | Injury Lawyers<\/title>\n<meta name=\"description\" content=\"Privacy Policy: Slam Dunk Attorney has helped thousands of Georgia clients. No Win, No Fee.\" \/>\n<meta name=\"robots\" content=\"index, follow, max-snippet:-1, max-image-preview:large, max-video-preview:-1\" \/>\n<link rel=\"canonical\" href=\"https:\/\/slamdunkattorney.com\/es\/privacy-policy\/\" \/>\n<meta property=\"og:locale\" content=\"es_MX\" \/>\n<meta property=\"og:type\" content=\"article\" \/>\n<meta property=\"og:title\" content=\"Privacy Policy - Slam Dunk Attorney | Injury Lawyers\" \/>\n<meta property=\"og:description\" content=\"Privacy Policy: Slam Dunk Attorney has helped thousands of Georgia clients. No Win, No Fee.\" \/>\n<meta property=\"og:url\" content=\"https:\/\/slamdunkattorney.com\/es\/privacy-policy\/\" \/>\n<meta property=\"og:site_name\" content=\"Slam Dunk Attorney | Injury Lawyers\" \/>\n<meta property=\"article:publisher\" content=\"https:\/\/www.facebook.com\/slamdunkattorneyinjurylawyers\/\" \/>\n<meta property=\"article:modified_time\" content=\"2025-09-03T19:32:37+00:00\" \/>\n<meta property=\"og:image\" content=\"https:\/\/slamdunkattorney.com\/wp-content\/uploads\/2023\/05\/cropped-Logo.png\" \/>\n\t<meta property=\"og:image:width\" content=\"1080\" \/>\n\t<meta property=\"og:image:height\" content=\"240\" \/>\n\t<meta property=\"og:image:type\" content=\"image\/png\" \/>\n<meta name=\"twitter:card\" content=\"summary_large_image\" \/>\n<meta name=\"twitter:site\" content=\"@slamdunkattorney\" \/>\n<meta name=\"twitter:label1\" content=\"Est. reading time\" \/>\n\t<meta name=\"twitter:data1\" content=\"2 minutos\" \/>\n<script type=\"application\/ld+json\" class=\"yoast-schema-graph\">{\"@context\":\"https:\\\/\\\/schema.org\",\"@graph\":[{\"@type\":\"WebPage\",\"@id\":\"https:\\\/\\\/slamdunkattorney.com\\\/privacy-policy\\\/\",\"url\":\"https:\\\/\\\/slamdunkattorney.com\\\/privacy-policy\\\/\",\"name\":\"Privacy Policy - Slam Dunk Attorney | Injury Lawyers\",\"isPartOf\":{\"@id\":\"https:\\\/\\\/slamdunkattorney.com\\\/#website\"},\"datePublished\":\"2023-04-10T03:01:31+00:00\",\"dateModified\":\"2025-09-03T19:32:37+00:00\",\"description\":\"Privacy Policy: Slam Dunk Attorney has helped thousands of Georgia clients. No Win, No Fee.\",\"breadcrumb\":{\"@id\":\"https:\\\/\\\/slamdunkattorney.com\\\/privacy-policy\\\/#breadcrumb\"},\"inLanguage\":\"es\",\"potentialAction\":[{\"@type\":\"ReadAction\",\"target\":[\"https:\\\/\\\/slamdunkattorney.com\\\/privacy-policy\\\/\"]}]},{\"@type\":\"BreadcrumbList\",\"@id\":\"https:\\\/\\\/slamdunkattorney.com\\\/privacy-policy\\\/#breadcrumb\",\"itemListElement\":[{\"@type\":\"ListItem\",\"position\":1,\"name\":\"Home\",\"item\":\"https:\\\/\\\/slamdunkattorney.com\\\/\"},{\"@type\":\"ListItem\",\"position\":2,\"name\":\"Privacy Policy\"}]},{\"@type\":\"WebSite\",\"@id\":\"https:\\\/\\\/slamdunkattorney.com\\\/#website\",\"url\":\"https:\\\/\\\/slamdunkattorney.com\\\/\",\"name\":\"Slam Dunk Attorney | Injury Lawyers\",\"description\":\"Duluth Personal Injury Lawyers\",\"publisher\":{\"@id\":\"https:\\\/\\\/slamdunkattorney.com\\\/#organization\"},\"alternateName\":\"Slam Dunk Attorney\",\"inLanguage\":\"es\"},{\"@type\":\"Organization\",\"@id\":\"https:\\\/\\\/slamdunkattorney.com\\\/#organization\",\"name\":\"Slam Dunk Attorney\",\"alternateName\":\"Slam Dunk\",\"url\":\"https:\\\/\\\/slamdunkattorney.com\\\/\",\"logo\":{\"@type\":\"ImageObject\",\"inLanguage\":\"es\",\"@id\":\"https:\\\/\\\/slamdunkattorney.com\\\/#\\\/schema\\\/logo\\\/image\\\/\",\"url\":\"https:\\\/\\\/slamdunkattorney.com\\\/wp-content\\\/uploads\\\/2023\\\/05\\\/cropped-Logo.png\",\"contentUrl\":\"https:\\\/\\\/slamdunkattorney.com\\\/wp-content\\\/uploads\\\/2023\\\/05\\\/cropped-Logo.png\",\"width\":1080,\"height\":240,\"caption\":\"Slam Dunk Attorney\"},\"image\":{\"@id\":\"https:\\\/\\\/slamdunkattorney.com\\\/#\\\/schema\\\/logo\\\/image\\\/\"},\"sameAs\":[\"https:\\\/\\\/www.facebook.com\\\/slamdunkattorneyinjurylawyers\\\/\",\"https:\\\/\\\/x.com\\\/slamdunkattorney\",\"https:\\\/\\\/www.instagram.com\\\/slamdunkattorney\\\/\",\"https:\\\/\\\/www.youtube.com\\\/channel\\\/UCSrOiC7vOjlCi3UgtIVGNtw\",\"https:\\\/\\\/www.linkedin.com\\\/company\\\/slamdunkattorneyinjurylawyers\"]}]}<\/script>\n<!-- \/ Yoast SEO plugin. -->","yoast_head_json":{"title":"Privacy Policy - Slam Dunk Attorney | Injury Lawyers","description":"Privacy Policy: Slam Dunk Attorney has helped thousands of Georgia clients. No Win, No Fee.","robots":{"index":"index","follow":"follow","max-snippet":"max-snippet:-1","max-image-preview":"max-image-preview:large","max-video-preview":"max-video-preview:-1"},"canonical":"https:\/\/slamdunkattorney.com\/es\/privacy-policy\/","og_locale":"es_MX","og_type":"article","og_title":"Privacy Policy - Slam Dunk Attorney | Injury Lawyers","og_description":"Privacy Policy: Slam Dunk Attorney has helped thousands of Georgia clients. No Win, No Fee.","og_url":"https:\/\/slamdunkattorney.com\/es\/privacy-policy\/","og_site_name":"Slam Dunk Attorney | Injury Lawyers","article_publisher":"https:\/\/www.facebook.com\/slamdunkattorneyinjurylawyers\/","article_modified_time":"2025-09-03T19:32:37+00:00","og_image":[{"width":1080,"height":240,"url":"https:\/\/slamdunkattorney.com\/wp-content\/uploads\/2023\/05\/cropped-Logo.png","type":"image\/png"}],"twitter_card":"summary_large_image","twitter_site":"@slamdunkattorney","twitter_misc":{"Est. reading time":"2 minutos"},"schema":{"@context":"https:\/\/schema.org","@graph":[{"@type":"WebPage","@id":"https:\/\/slamdunkattorney.com\/privacy-policy\/","url":"https:\/\/slamdunkattorney.com\/privacy-policy\/","name":"Privacy Policy - Slam Dunk Attorney | Injury Lawyers","isPartOf":{"@id":"https:\/\/slamdunkattorney.com\/#website"},"datePublished":"2023-04-10T03:01:31+00:00","dateModified":"2025-09-03T19:32:37+00:00","description":"Privacy Policy: Slam Dunk Attorney has helped thousands of Georgia clients. No Win, No Fee.","breadcrumb":{"@id":"https:\/\/slamdunkattorney.com\/privacy-policy\/#breadcrumb"},"inLanguage":"es","potentialAction":[{"@type":"ReadAction","target":["https:\/\/slamdunkattorney.com\/privacy-policy\/"]}]},{"@type":"BreadcrumbList","@id":"https:\/\/slamdunkattorney.com\/privacy-policy\/#breadcrumb","itemListElement":[{"@type":"ListItem","position":1,"name":"Home","item":"https:\/\/slamdunkattorney.com\/"},{"@type":"ListItem","position":2,"name":"Privacy Policy"}]},{"@type":"WebSite","@id":"https:\/\/slamdunkattorney.com\/#website","url":"https:\/\/slamdunkattorney.com\/","name":"Abogado experto en lesiones | Abogados especializados en lesiones","description":"Abogados de lesiones personales en Duluth","publisher":{"@id":"https:\/\/slamdunkattorney.com\/#organization"},"alternateName":"Slam Dunk Attorney","inLanguage":"es"},{"@type":"Organization","@id":"https:\/\/slamdunkattorney.com\/#organization","name":"Abogado Slam Dunk","alternateName":"Slam Dunk","url":"https:\/\/slamdunkattorney.com\/","logo":{"@type":"ImageObject","inLanguage":"es","@id":"https:\/\/slamdunkattorney.com\/#\/schema\/logo\/image\/","url":"https:\/\/slamdunkattorney.com\/wp-content\/uploads\/2023\/05\/cropped-Logo.png","contentUrl":"https:\/\/slamdunkattorney.com\/wp-content\/uploads\/2023\/05\/cropped-Logo.png","width":1080,"height":240,"caption":"Slam Dunk Attorney"},"image":{"@id":"https:\/\/slamdunkattorney.com\/#\/schema\/logo\/image\/"},"sameAs":["https:\/\/www.facebook.com\/slamdunkattorneyinjurylawyers\/","https:\/\/x.com\/slamdunkattorney","https:\/\/www.instagram.com\/slamdunkattorney\/","https:\/\/www.youtube.com\/channel\/UCSrOiC7vOjlCi3UgtIVGNtw","https:\/\/www.linkedin.com\/company\/slamdunkattorneyinjurylawyers"]}]}},"yoast_meta":{"yoast_wpseo_title":"","yoast_wpseo_metadesc":"","yoast_wpseo_canonical":"https:\/\/slamdunkattorney.com\/es\/wp-json\/wp\/v2\/pages\/3"},"_links":{"self":[{"href":"https:\/\/slamdunkattorney.com\/es\/wp-json\/wp\/v2\/pages\/3","targetHints":{"allow":["GET"]}}],"collection":[{"href":"https:\/\/slamdunkattorney.com\/es\/wp-json\/wp\/v2\/pages"}],"about":[{"href":"https:\/\/slamdunkattorney.com\/es\/wp-json\/wp\/v2\/types\/page"}],"author":[{"embeddable":true,"href":"https:\/\/slamdunkattorney.com\/es\/wp-json\/wp\/v2\/users\/2"}],"replies":[{"embeddable":true,"href":"https:\/\/slamdunkattorney.com\/es\/wp-json\/wp\/v2\/comments?post=3"}],"version-history":[{"count":0,"href":"https:\/\/slamdunkattorney.com\/es\/wp-json\/wp\/v2\/pages\/3\/revisions"}],"wp:attachment":[{"href":"https:\/\/slamdunkattorney.com\/es\/wp-json\/wp\/v2\/media?parent=3"}],"wp:term":[{"taxonomy":"extra-categories","embeddable":true,"href":"https:\/\/slamdunkattorney.com\/es\/wp-json\/wp\/v2\/extra-categories?post=3"},{"taxonomy":"hc_faqs","embeddable":true,"href":"https:\/\/slamdunkattorney.com\/es\/wp-json\/wp\/v2\/hc_faqs?post=3"}],"curies":[{"name":"wp","href":"https:\/\/api.w.org\/{rel}","templated":true}]}}