{"id":2921,"date":"2023-04-05T19:59:09","date_gmt":"2023-04-05T19:59:09","guid":{"rendered":"https:\/\/jaraysilawfirm.com\/?p=2921"},"modified":"2025-01-16T08:38:36","modified_gmt":"2025-01-16T08:38:36","slug":"compensated-for-a-car-accident-partly-my-fault","status":"publish","type":"page","link":"https:\/\/slamdunkattorney.com\/es\/faqs\/compensation-for-a-car-accident-that-was-partially-my-fault\/","title":{"rendered":"Indemnizaci\u00f3n por accidentes automovil\u00edsticos con culpa parcial: sus opciones"},"content":{"rendered":"<p>Los accidentes automovil\u00edsticos son una desafortunada realidad, y cuando ocurren, queremos saber qui\u00e9n es responsable y qui\u00e9n pagar\u00e1 por los da\u00f1os.<\/p>\r\n\r\n\r\n\r\n<p>\u00bfPero qu\u00e9 pasa si usted tuvo parte de la culpa? \u00bfSignifica eso que no tiene suerte en cuanto a una compensaci\u00f3n?<\/p>\r\n\r\n\r\n\r\n<p>Lamentablemente, no es una respuesta simple de s\u00ed o no, ya que la responsabilidad en estos casos depende de varios factores.<\/p>\r\n\r\n\r\n\r\n<p>En este art\u00edculo, exploraremos las opciones disponibles para recibir una compensaci\u00f3n si has estado involucrado en un accidente automovil\u00edstico en el que tuviste parte de la culpa. Detallaremos los pasos que debes seguir si crees que la otra parte es responsable de los da\u00f1os de tu veh\u00edculo o de tus lesiones, incluso si compartes parte de la responsabilidad.<\/p>\r\n\r\n\r\n\r\n<p>Contin\u00faa leyendo para aprender m\u00e1s sobre c\u00f3mo navegar el complejo mundo de la responsabilidad en accidentes automovil\u00edsticos cuando ambas partes tienen cierto grado de culpa.<\/p>\r\n\r\n\r\n\r\n<h2 class=\"wp-block-heading\"><b>Leyes de negligencia en Georgia<\/b><\/h2>\r\n\r\n\r\n\r\n<p>En Georgia, las leyes de negligencia son un aspecto importante de los casos de lesiones personales. La negligencia se refiere a la falta de ejercer la diligencia razonable que resulta en da\u00f1o a otra persona.<\/p>\r\n\r\n\r\n\r\n<p>Bajo la ley de Georgia, una persona que ha resultado lesionada debido a la negligencia de otra persona puede tener derecho a una indemnizaci\u00f3n por sus da\u00f1os, que pueden incluir gastos m\u00e9dicos, salarios perdidos, dolor y sufrimiento, y m\u00e1s.<\/p>\r\n\r\n\r\n\r\n<p>Para probar negligencia en un caso de lesiones personales, debes demostrar cuatro elementos: deber, incumplimiento, causalidad y da\u00f1os. Esto significa que el demandado ten\u00eda el deber de ejercer el cuidado razonable, incumpli\u00f3 ese deber al actuar de manera descuidada o imprudente, sus acciones causaron tus lesiones y sufriste da\u00f1os como resultado.<\/p>\r\n\r\n\r\n\r\n<p>Georgia tambi\u00e9n sigue una regla de culpa comparativa modificada, lo que significa que si se le considera parcialmente responsable de sus lesiones, su compensaci\u00f3n puede reducirse seg\u00fan su porcentaje de culpa. Sin embargo, si se le considera m\u00e1s del 50% responsable, se le puede impedir recuperar cualquier compensaci\u00f3n.<\/p>\r\n\r\n\r\n\r\n<p>Navegar por las leyes de negligencia en Georgia puede ser complejo, por lo que es importante contar con un experimentado <a href=\"https:\/\/slamdunkattorney.com\/es\/duluth\/car-accident-lawyer\/\">Abogado especializado en accidentes automovil\u00edsticos en Duluth<\/a> de tu lado. En Slam Dunk Attorney, tenemos un profundo conocimiento de las leyes de negligencia de Georgia y podemos ayudarte a construir un caso s\u00f3lido para asegurar la compensaci\u00f3n que mereces.<\/p>\r\n\r\n\r\n\r\n\n<div class=\"cta-container row align-items-center\">\n    <div class=\"col-md-7\">\n        <p class=\"cta-text rs-content-cta\">Orgullosos de servir a Duluth y a todo Georgia <span>\u00a1Cont\u00e1ctenos para comenzar su recuperaci\u00f3n!<\/span> <a href=\"https:\/\/slamdunkattorney.com\/es\/\">Explore nuestras \u00e1reas de pr\u00e1ctica<\/a><\/p>\n    <\/div>\n    <div class=\"col-md-5\">\n        <img decoding=\"async\" src=\"https:\/\/slamdunkattorney.com\/wp-content\/themes\/slam-dunk-rebuild\/assets\/app\/img\/map-cta.jpg\" alt=\"Legal Consultation\" class=\"img-fluid\"\/>\n    <\/div>\n<\/div><h2 class=\"wp-block-heading\"><b>Tipos de compensaci\u00f3n financiera<\/b><\/h2>\r\n\r\n\r\n\r\n<p>Existen varios tipos de compensaci\u00f3n financiera que podr\u00edan otorgarse potencialmente:<\/p>\r\n\r\n\r\n\r\n<ul class=\"wp-block-list\">\r\n<li><strong>Da\u00f1os econ\u00f3micos<\/strong> cubrir gastos monetarios, como facturas m\u00e9dicas, salarios perdidos y da\u00f1os a la propiedad<\/li>\r\n\r\n\r\n\r\n<li><strong>Da\u00f1os no econ\u00f3micos \u2014<\/strong> cubrir p\u00e9rdidas que no tienen un valor monetario asignado, como <a title=\"\u00bfCu\u00e1nto vale mi dolor y sufrimiento en un caso de lesiones personales?\" href=\"https:\/\/slamdunkattorney.com\/es\/faqs\/what-is-my-pain-and-suffering-worth-in-a-personal-injury-case\/\">dolor y sufrimiento<\/a>, angustia mental y p\u00e9rdida del disfrute de la vida<\/li>\r\n\r\n\r\n\r\n<li><strong>Da\u00f1os punitivos<\/strong> utilizado como castigo contra comportamientos imprudentes por parte de los responsables del accidente.<\/li>\r\n\r\n\r\n\r\n<li><strong>Costos de tratamiento\u2014<\/strong> cubrir cualquier gasto adicional de desembolso relacionado con el incidente, como honorarios legales o costos de viaje.<\/li>\r\n<\/ul>\r\n\r\n\r\n\r\n<h2 class=\"wp-block-heading\"><b>C\u00f3mo presentar una reclamaci\u00f3n por da\u00f1os<\/b><\/h2>\r\n\r\n\r\n\r\n<p>Incluso si tuvieras parte de la culpa en un accidente automovil\u00edstico, a\u00fan podr\u00edas ser elegible para recibir alguna compensaci\u00f3n.<\/p>\r\n\r\n\r\n\r\n<p>Aqu\u00ed tienes algunos pasos clave a seguir:<\/p>\r\n\r\n\r\n\r\n<ul class=\"wp-block-list\">\r\n<li><strong>Recopila pruebas.<\/strong> Re\u00fana la mayor cantidad de evidencia posible para respaldar su reclamo, incluyendo fotograf\u00edas de la escena del accidente y sus lesiones, declaraciones de testigos e informes policiales.<\/li>\r\n\r\n\r\n\r\n<li><strong>Comun\u00edcate con un abogado.<\/strong> Un abogado de lesiones personales puede ayudarte a navegar el proceso de reclamaciones y asegurar que tus derechos est\u00e9n protegidos.<\/li>\r\n\r\n\r\n\r\n<li><strong>Presentar una reclamaci\u00f3n.<\/strong> Presente una reclamaci\u00f3n por escrito a la compa\u00f1\u00eda de seguros del responsable, detallando el accidente, sus lesiones y los da\u00f1os que solicita.<\/li>\r\n\r\n\r\n\r\n<li><strong>Negociar un acuerdo.<\/strong> La compa\u00f1\u00eda de seguros podr\u00eda ofrecerte un acuerdo para resolver tu reclamaci\u00f3n. Tu abogado puede ayudarte <a href=\"https:\/\/slamdunkattorney.com\/es\/faqs\/when-will-i-get-my-personal-injury-settlement\/\">negociar un acuerdo justo<\/a> que te compensa plenamente por tus da\u00f1os.<\/li>\r\n\r\n\r\n\r\n<li><strong>Considere el litigio.<\/strong> Si no se llega a un acuerdo, su abogado podr\u00eda recomendarle presentar una demanda para hacer valer su reclamo en los tribunales.<\/li>\r\n<\/ul>\r\n\r\n\r\n\r\n<p>Presentar una reclamaci\u00f3n por da\u00f1os puede ser un proceso complejo, pero con la ayuda de un abogado con experiencia en lesiones personales, usted puede asegurarse de que sus derechos est\u00e9n protegidos y maximizar sus posibilidades de recibir una compensaci\u00f3n justa por sus lesiones y da\u00f1os.<\/p>\r\n\r\n\r\n\r\n\n<div class=\"cta-container row align-items-center\">\n    <div class=\"col-md-7\">\n        <p class=\"cta-text rs-content-cta\"><a class=\"no-btn\" href=\"https:\/\/slamdunkattorney.com\/es\/contact-us\/\">Haga clic para contactar<\/a> nuestros abogados especializados en lesiones personales hoy mismo<\/p>\n    <\/div>\n    <div class=\"col-md-5\">\n        <img decoding=\"async\" src=\"https:\/\/slamdunkattorney.com\/wp-content\/themes\/slam-dunk-rebuild\/assets\/app\/img\/map-cta.jpg\" alt=\"Contact Us\" class=\"img-fluid\"\/>\n    <\/div>\n<\/div><h2 class=\"wp-block-heading\"><b>\u00bfNecesito un abogado de lesiones personales?<\/b><\/h2>\r\n\r\n\r\n\r\n<p>Un experimentado <a title=\"\u00bfVale la pena contratar a un abogado para un accidente automovil\u00edstico?\" href=\"https:\/\/slamdunkattorney.com\/es\/faqs\/is-it-worth-getting-a-lawyer-for-a-car-accident\/\">Abogado de lesiones personales<\/a> Pueden ayudarle a navegar por las complejidades de la regla de falla comparativa y asegurar que sus derechos est\u00e9n protegidos. Pueden trabajar con las compa\u00f1\u00edas de seguros para negociar un acuerdo justo y defender sus mejores intereses.<\/p>\r\n\r\n\r\n\r\n<p>Adem\u00e1s, un abogado de lesiones personales puede ayudarle a recopilar pruebas para respaldar su caso y demostrar hasta qu\u00e9 punto la negligencia de la otra parte contribuy\u00f3 al accidente. Tambi\u00e9n pueden ayudarle a comprender sus opciones legales y a decidir el mejor curso de acci\u00f3n en su situaci\u00f3n particular.<\/p>\r\n\r\n\r\n\r\n<p>En \u00faltima instancia, si necesitas un abogado de lesiones personales o no depende de las circunstancias espec\u00edficas de tu caso. Sin embargo, siempre es una buena idea consultar con un abogado para comprender completamente tus derechos y opciones legales.<\/p>\r\n\r\n\r\n\r\n<p>Ofrecemos consultas gratuitas y podemos ayudarte a determinar tus pr\u00f3ximos pasos. <a href=\"https:\/\/slamdunkattorney.com\/es\/contact-us\/\">Contactar Abogados Slam Dunk<\/a> en Duluth, GA, para programar su revisi\u00f3n de caso sin costo.<\/p>\r\n\n<div class=\"cta-container row align-items-center\">\n    <div class=\"col-md-7\">\n        <p class=\"cta-text rs-content-cta\">Llame o env\u00ede un mensaje de texto <a class=\"no-btn\" href=\"tel:+14049513513\">404-951-3513<\/a> o completar un <a href=\"https:\/\/slamdunkattorney.com\/es\/contact-us\/\">Formulario de evaluaci\u00f3n gratuita de su caso<\/a><\/p>\n    <\/div>\n    <div class=\"col-md-5\">\n        <img decoding=\"async\" src=\"https:\/\/slamdunkattorney.com\/wp-content\/themes\/slam-dunk-rebuild\/assets\/app\/img\/map-cta.jpg\" alt=\"Call or Text\" class=\"img-fluid\"\/>\n    <\/div>\n<\/div>","protected":false},"excerpt":{"rendered":"<p>Car accidents are an unfortunate reality, and when they happen, we want to know who is responsible and who will pay for the damage. But what if you were partially at fault? Does that mean you are out of luck when it comes to compensation? Unfortunately, it&#8217;s not a simple yes or no answer, as &#8230;<\/p>","protected":false},"author":2,"featured_media":3134,"parent":5902,"menu_order":0,"comment_status":"closed","ping_status":"closed","template":"","meta":{"_acf_changed":false,"_genesis_hide_title":false,"_genesis_hide_breadcrumbs":false,"_genesis_hide_singular_image":false,"_genesis_hide_footer_widgets":false,"_genesis_custom_body_class":"","_genesis_custom_post_class":"","_genesis_layout":"","ngg_post_thumbnail":0,"footnotes":""},"extra-categories":[],"hc_faqs":[41],"class_list":{"0":"post-2921","1":"page","2":"type-page","3":"status-publish","4":"has-post-thumbnail","6":"hc_faqs-car-accident","7":"entry"},"acf":[],"yoast_head":"<!-- This site is optimized with the Yoast SEO plugin v27.4 - https:\/\/yoast.com\/product\/yoast-seo-wordpress\/ -->\n<title>Can I Get Compensated for a Car Accident That Is Partly My Fault?<\/title>\n<meta name=\"description\" content=\"Compensation for Partially Faulted Car Accidents: Your Options. Learn how to get compensated and contact us for a free case review.\" \/>\n<meta name=\"robots\" content=\"index, follow, max-snippet:-1, max-image-preview:large, max-video-preview:-1\" \/>\n<link rel=\"canonical\" href=\"https:\/\/slamdunkattorney.com\/es\/faqs\/compensation-for-a-car-accident-that-was-partially-my-fault\/\" \/>\n<meta property=\"og:locale\" content=\"es_MX\" \/>\n<meta property=\"og:type\" content=\"article\" \/>\n<meta property=\"og:title\" content=\"Can I Get Compensated for a Car Accident That Is Partly My Fault?\" \/>\n<meta property=\"og:description\" content=\"Compensation for Partially Faulted Car Accidents: Your Options. Learn how to get compensated and contact us for a free case review.\" \/>\n<meta property=\"og:url\" content=\"https:\/\/slamdunkattorney.com\/es\/faqs\/compensation-for-a-car-accident-that-was-partially-my-fault\/\" \/>\n<meta property=\"og:site_name\" content=\"Slam Dunk Attorney | Injury Lawyers\" \/>\n<meta property=\"article:publisher\" content=\"https:\/\/www.facebook.com\/slamdunkattorneyinjurylawyers\/\" \/>\n<meta property=\"article:modified_time\" content=\"2025-01-16T08:38:36+00:00\" \/>\n<meta property=\"og:image\" content=\"https:\/\/slamdunkattorney.com\/wp-content\/uploads\/2023\/04\/compensated-for-a-car-accident-partly-my-fault-1.jpg\" \/>\n\t<meta property=\"og:image:width\" content=\"640\" \/>\n\t<meta property=\"og:image:height\" content=\"427\" \/>\n\t<meta property=\"og:image:type\" content=\"image\/jpeg\" \/>\n<meta name=\"twitter:card\" content=\"summary_large_image\" \/>\n<meta name=\"twitter:site\" content=\"@slamdunkattorney\" \/>\n<meta name=\"twitter:label1\" content=\"Est. reading time\" \/>\n\t<meta name=\"twitter:data1\" content=\"4 minutos\" \/>\n<script type=\"application\/ld+json\" class=\"yoast-schema-graph\">{\"@context\":\"https:\\\/\\\/schema.org\",\"@graph\":[{\"@type\":\"WebPage\",\"@id\":\"https:\\\/\\\/slamdunkattorney.com\\\/faqs\\\/compensation-for-a-car-accident-that-was-partially-my-fault\\\/\",\"url\":\"https:\\\/\\\/slamdunkattorney.com\\\/faqs\\\/compensation-for-a-car-accident-that-was-partially-my-fault\\\/\",\"name\":\"Can I Get Compensated for a Car Accident That Is Partly My Fault?\",\"isPartOf\":{\"@id\":\"https:\\\/\\\/slamdunkattorney.com\\\/#website\"},\"primaryImageOfPage\":{\"@id\":\"https:\\\/\\\/slamdunkattorney.com\\\/faqs\\\/compensation-for-a-car-accident-that-was-partially-my-fault\\\/#primaryimage\"},\"image\":{\"@id\":\"https:\\\/\\\/slamdunkattorney.com\\\/faqs\\\/compensation-for-a-car-accident-that-was-partially-my-fault\\\/#primaryimage\"},\"thumbnailUrl\":\"https:\\\/\\\/slamdunkattorney.com\\\/wp-content\\\/uploads\\\/2023\\\/04\\\/compensated-for-a-car-accident-partly-my-fault-1.jpg\",\"datePublished\":\"2023-04-05T19:59:09+00:00\",\"dateModified\":\"2025-01-16T08:38:36+00:00\",\"description\":\"Compensation for Partially Faulted Car Accidents: Your Options. Learn how to get compensated and contact us for a free case review.\",\"breadcrumb\":{\"@id\":\"https:\\\/\\\/slamdunkattorney.com\\\/faqs\\\/compensation-for-a-car-accident-that-was-partially-my-fault\\\/#breadcrumb\"},\"inLanguage\":\"es\",\"potentialAction\":[{\"@type\":\"ReadAction\",\"target\":[\"https:\\\/\\\/slamdunkattorney.com\\\/faqs\\\/compensation-for-a-car-accident-that-was-partially-my-fault\\\/\"]}]},{\"@type\":\"ImageObject\",\"inLanguage\":\"es\",\"@id\":\"https:\\\/\\\/slamdunkattorney.com\\\/faqs\\\/compensation-for-a-car-accident-that-was-partially-my-fault\\\/#primaryimage\",\"url\":\"https:\\\/\\\/slamdunkattorney.com\\\/wp-content\\\/uploads\\\/2023\\\/04\\\/compensated-for-a-car-accident-partly-my-fault-1.jpg\",\"contentUrl\":\"https:\\\/\\\/slamdunkattorney.com\\\/wp-content\\\/uploads\\\/2023\\\/04\\\/compensated-for-a-car-accident-partly-my-fault-1.jpg\",\"width\":640,\"height\":427,\"caption\":\"compensated-for-a-car-accident-partly-my-fault\"},{\"@type\":\"BreadcrumbList\",\"@id\":\"https:\\\/\\\/slamdunkattorney.com\\\/faqs\\\/compensation-for-a-car-accident-that-was-partially-my-fault\\\/#breadcrumb\",\"itemListElement\":[{\"@type\":\"ListItem\",\"position\":1,\"name\":\"Home\",\"item\":\"https:\\\/\\\/slamdunkattorney.com\\\/\"},{\"@type\":\"ListItem\",\"position\":2,\"name\":\"FAQs\",\"item\":\"https:\\\/\\\/slamdunkattorney.com\\\/faqs\\\/\"},{\"@type\":\"ListItem\",\"position\":3,\"name\":\"Compensation for Partially Faulted Car Accidents: Your Options\"}]},{\"@type\":\"WebSite\",\"@id\":\"https:\\\/\\\/slamdunkattorney.com\\\/#website\",\"url\":\"https:\\\/\\\/slamdunkattorney.com\\\/\",\"name\":\"Slam Dunk Attorney | Injury Lawyers\",\"description\":\"Duluth Personal Injury Lawyers\",\"publisher\":{\"@id\":\"https:\\\/\\\/slamdunkattorney.com\\\/#organization\"},\"alternateName\":\"Slam Dunk Attorney\",\"inLanguage\":\"es\"},{\"@type\":\"Organization\",\"@id\":\"https:\\\/\\\/slamdunkattorney.com\\\/#organization\",\"name\":\"Slam Dunk Attorney\",\"alternateName\":\"Slam Dunk\",\"url\":\"https:\\\/\\\/slamdunkattorney.com\\\/\",\"logo\":{\"@type\":\"ImageObject\",\"inLanguage\":\"es\",\"@id\":\"https:\\\/\\\/slamdunkattorney.com\\\/#\\\/schema\\\/logo\\\/image\\\/\",\"url\":\"https:\\\/\\\/slamdunkattorney.com\\\/wp-content\\\/uploads\\\/2023\\\/05\\\/cropped-Logo.png\",\"contentUrl\":\"https:\\\/\\\/slamdunkattorney.com\\\/wp-content\\\/uploads\\\/2023\\\/05\\\/cropped-Logo.png\",\"width\":1080,\"height\":240,\"caption\":\"Slam Dunk Attorney\"},\"image\":{\"@id\":\"https:\\\/\\\/slamdunkattorney.com\\\/#\\\/schema\\\/logo\\\/image\\\/\"},\"sameAs\":[\"https:\\\/\\\/www.facebook.com\\\/slamdunkattorneyinjurylawyers\\\/\",\"https:\\\/\\\/x.com\\\/slamdunkattorney\",\"https:\\\/\\\/www.instagram.com\\\/slamdunkattorney\\\/\",\"https:\\\/\\\/www.youtube.com\\\/channel\\\/UCSrOiC7vOjlCi3UgtIVGNtw\",\"https:\\\/\\\/www.linkedin.com\\\/company\\\/slamdunkattorneyinjurylawyers\"]}]}<\/script>\n<!-- \/ Yoast SEO plugin. -->","yoast_head_json":{"title":"Can I Get Compensated for a Car Accident That Is Partly My Fault?","description":"Compensation for Partially Faulted Car Accidents: Your Options. Learn how to get compensated and contact us for a free case review.","robots":{"index":"index","follow":"follow","max-snippet":"max-snippet:-1","max-image-preview":"max-image-preview:large","max-video-preview":"max-video-preview:-1"},"canonical":"https:\/\/slamdunkattorney.com\/es\/faqs\/compensation-for-a-car-accident-that-was-partially-my-fault\/","og_locale":"es_MX","og_type":"article","og_title":"Can I Get Compensated for a Car Accident That Is Partly My Fault?","og_description":"Compensation for Partially Faulted Car Accidents: Your Options. Learn how to get compensated and contact us for a free case review.","og_url":"https:\/\/slamdunkattorney.com\/es\/faqs\/compensation-for-a-car-accident-that-was-partially-my-fault\/","og_site_name":"Slam Dunk Attorney | Injury Lawyers","article_publisher":"https:\/\/www.facebook.com\/slamdunkattorneyinjurylawyers\/","article_modified_time":"2025-01-16T08:38:36+00:00","og_image":[{"width":640,"height":427,"url":"https:\/\/slamdunkattorney.com\/wp-content\/uploads\/2023\/04\/compensated-for-a-car-accident-partly-my-fault-1.jpg","type":"image\/jpeg"}],"twitter_card":"summary_large_image","twitter_site":"@slamdunkattorney","twitter_misc":{"Est. reading time":"4 minutos"},"schema":{"@context":"https:\/\/schema.org","@graph":[{"@type":"WebPage","@id":"https:\/\/slamdunkattorney.com\/faqs\/compensation-for-a-car-accident-that-was-partially-my-fault\/","url":"https:\/\/slamdunkattorney.com\/faqs\/compensation-for-a-car-accident-that-was-partially-my-fault\/","name":"Can I Get Compensated for a Car Accident That Is Partly My Fault?","isPartOf":{"@id":"https:\/\/slamdunkattorney.com\/#website"},"primaryImageOfPage":{"@id":"https:\/\/slamdunkattorney.com\/faqs\/compensation-for-a-car-accident-that-was-partially-my-fault\/#primaryimage"},"image":{"@id":"https:\/\/slamdunkattorney.com\/faqs\/compensation-for-a-car-accident-that-was-partially-my-fault\/#primaryimage"},"thumbnailUrl":"https:\/\/slamdunkattorney.com\/wp-content\/uploads\/2023\/04\/compensated-for-a-car-accident-partly-my-fault-1.jpg","datePublished":"2023-04-05T19:59:09+00:00","dateModified":"2025-01-16T08:38:36+00:00","description":"Compensation for Partially Faulted Car Accidents: Your Options. Learn how to get compensated and contact us for a free case review.","breadcrumb":{"@id":"https:\/\/slamdunkattorney.com\/faqs\/compensation-for-a-car-accident-that-was-partially-my-fault\/#breadcrumb"},"inLanguage":"es","potentialAction":[{"@type":"ReadAction","target":["https:\/\/slamdunkattorney.com\/faqs\/compensation-for-a-car-accident-that-was-partially-my-fault\/"]}]},{"@type":"ImageObject","inLanguage":"es","@id":"https:\/\/slamdunkattorney.com\/faqs\/compensation-for-a-car-accident-that-was-partially-my-fault\/#primaryimage","url":"https:\/\/slamdunkattorney.com\/wp-content\/uploads\/2023\/04\/compensated-for-a-car-accident-partly-my-fault-1.jpg","contentUrl":"https:\/\/slamdunkattorney.com\/wp-content\/uploads\/2023\/04\/compensated-for-a-car-accident-partly-my-fault-1.jpg","width":640,"height":427,"caption":"compensated-for-a-car-accident-partly-my-fault"},{"@type":"BreadcrumbList","@id":"https:\/\/slamdunkattorney.com\/faqs\/compensation-for-a-car-accident-that-was-partially-my-fault\/#breadcrumb","itemListElement":[{"@type":"ListItem","position":1,"name":"Home","item":"https:\/\/slamdunkattorney.com\/"},{"@type":"ListItem","position":2,"name":"FAQs","item":"https:\/\/slamdunkattorney.com\/faqs\/"},{"@type":"ListItem","position":3,"name":"Compensation for Partially Faulted Car Accidents: Your Options"}]},{"@type":"WebSite","@id":"https:\/\/slamdunkattorney.com\/#website","url":"https:\/\/slamdunkattorney.com\/","name":"Abogado experto en lesiones | Abogados especializados en lesiones","description":"Abogados de lesiones personales en Duluth","publisher":{"@id":"https:\/\/slamdunkattorney.com\/#organization"},"alternateName":"Slam Dunk Attorney","inLanguage":"es"},{"@type":"Organization","@id":"https:\/\/slamdunkattorney.com\/#organization","name":"Abogado Slam Dunk","alternateName":"Slam Dunk","url":"https:\/\/slamdunkattorney.com\/","logo":{"@type":"ImageObject","inLanguage":"es","@id":"https:\/\/slamdunkattorney.com\/#\/schema\/logo\/image\/","url":"https:\/\/slamdunkattorney.com\/wp-content\/uploads\/2023\/05\/cropped-Logo.png","contentUrl":"https:\/\/slamdunkattorney.com\/wp-content\/uploads\/2023\/05\/cropped-Logo.png","width":1080,"height":240,"caption":"Slam Dunk Attorney"},"image":{"@id":"https:\/\/slamdunkattorney.com\/#\/schema\/logo\/image\/"},"sameAs":["https:\/\/www.facebook.com\/slamdunkattorneyinjurylawyers\/","https:\/\/x.com\/slamdunkattorney","https:\/\/www.instagram.com\/slamdunkattorney\/","https:\/\/www.youtube.com\/channel\/UCSrOiC7vOjlCi3UgtIVGNtw","https:\/\/www.linkedin.com\/company\/slamdunkattorneyinjurylawyers"]}]}},"yoast_meta":{"yoast_wpseo_title":"","yoast_wpseo_metadesc":"","yoast_wpseo_canonical":"https:\/\/slamdunkattorney.com\/es\/wp-json\/wp\/v2\/pages\/2921"},"_links":{"self":[{"href":"https:\/\/slamdunkattorney.com\/es\/wp-json\/wp\/v2\/pages\/2921","targetHints":{"allow":["GET"]}}],"collection":[{"href":"https:\/\/slamdunkattorney.com\/es\/wp-json\/wp\/v2\/pages"}],"about":[{"href":"https:\/\/slamdunkattorney.com\/es\/wp-json\/wp\/v2\/types\/page"}],"author":[{"embeddable":true,"href":"https:\/\/slamdunkattorney.com\/es\/wp-json\/wp\/v2\/users\/2"}],"replies":[{"embeddable":true,"href":"https:\/\/slamdunkattorney.com\/es\/wp-json\/wp\/v2\/comments?post=2921"}],"version-history":[{"count":0,"href":"https:\/\/slamdunkattorney.com\/es\/wp-json\/wp\/v2\/pages\/2921\/revisions"}],"up":[{"embeddable":true,"href":"https:\/\/slamdunkattorney.com\/es\/wp-json\/wp\/v2\/pages\/5902"}],"wp:featuredmedia":[{"embeddable":true,"href":"https:\/\/slamdunkattorney.com\/es\/wp-json\/wp\/v2\/media\/3134"}],"wp:attachment":[{"href":"https:\/\/slamdunkattorney.com\/es\/wp-json\/wp\/v2\/media?parent=2921"}],"wp:term":[{"taxonomy":"extra-categories","embeddable":true,"href":"https:\/\/slamdunkattorney.com\/es\/wp-json\/wp\/v2\/extra-categories?post=2921"},{"taxonomy":"hc_faqs","embeddable":true,"href":"https:\/\/slamdunkattorney.com\/es\/wp-json\/wp\/v2\/hc_faqs?post=2921"}],"curies":[{"name":"wp","href":"https:\/\/api.w.org\/{rel}","templated":true}]}}