{"id":2897,"date":"2023-03-07T13:52:37","date_gmt":"2023-03-07T13:52:37","guid":{"rendered":"https:\/\/jaraysilawfirm.com\/?p=2897"},"modified":"2025-10-22T14:21:17","modified_gmt":"2025-10-22T14:21:17","slug":"how-much-is-a-hand-injury-worth","status":"publish","type":"page","link":"https:\/\/slamdunkattorney.com\/es\/faqs\/how-much-is-a-hand-injury-worth\/","title":{"rendered":"\u00bfCu\u00e1nto vale una lesi\u00f3n en la mano?"},"content":{"rendered":"<p>Es dif\u00edcil no pensar en nuestras manos cuando pensamos en algo como una lesi\u00f3n. Despu\u00e9s de todo, son herramientas esenciales que nos permiten trabajar, practicar deportes o incluso realizar tareas cotidianas como cocinar o escribir.<\/p>\r\n\r\n\r\n\r\n<p>Desafortunadamente, a veces ocurren accidentes que provocan da\u00f1os graves.<\/p>\r\n\r\n\r\n\r\n<p>Pero, \u00bfqu\u00e9 significa eso realmente para quienes se ven afectados por tales traumas?<\/p>\r\n\r\n\r\n\r\n<p>La verdad es que el costo de una lesi\u00f3n en la mano no se limita a la factura del hospital. Tambi\u00e9n puede haber repercusiones a largo plazo en t\u00e9rminos de disminuci\u00f3n de la calidad de vida debido a la movilidad limitada, as\u00ed como una reducci\u00f3n de la capacidad de generar ingresos por tener menos destreza que antes.<\/p>\r\n\r\n\r\n\r\n<p>Este art\u00edculo profundizar\u00e1 en estas cuestiones para que puedas comprender exactamente qu\u00e9 tipo de impacto tiene una lesi\u00f3n en la mano en la vida de las personas, tanto ahora como en el futuro. Tipos de lesiones en la mano<\/p>\r\n\r\n\r\n\r\n<h2 class=\"wp-block-heading\"><b>Tipos de lesiones en las manos<\/b><\/h2>\r\n\r\n\r\n\r\n<p>Las lesiones en las manos pueden variar desde dolores leves hasta fracturas graves que tardan meses o incluso a\u00f1os en curarse. Y aunque algunas de estas afecciones pueden no poner en peligro la vida, su impacto en las actividades diarias es innegable.<\/p>\r\n\r\n\r\n\r\n<p>Para muchas personas con lesiones en las manos, las tareas cotidianas como escribir, cocinar y conducir un autom\u00f3vil, cosas que a menudo damos por sentadas, se vuelven dif\u00edciles. Tambi\u00e9n pueden experimentar dolor f\u00edsico y molestias, as\u00ed como angustia emocional, como ansiedad o depresi\u00f3n, debido a la incapacidad de realizar tareas rutinarias.<\/p>\r\n\r\n\r\n\r\n<p>En resumen, las lesiones en las manos pueden afectar significativamente la calidad de vida de una persona; solo por eso, vale la pena considerarlas cuidadosamente al determinar la indemnizaci\u00f3n que se debe solicitar por los da\u00f1os sufridos.<\/p>\r\n\r\n\r\n\r\n\n<div class=\"cta-container row align-items-center\">\n    <div class=\"col-md-7\">\n        <p class=\"cta-text rs-content-cta\">Orgullosos de servir a Duluth y a todo Georgia <span>\u00a1Cont\u00e1ctenos para comenzar su recuperaci\u00f3n!<\/span> <a href=\"https:\/\/slamdunkattorney.com\/es\/\">Explore nuestras \u00e1reas de pr\u00e1ctica<\/a><\/p>\n    <\/div>\n    <div class=\"col-md-5\">\n        <img decoding=\"async\" src=\"https:\/\/slamdunkattorney.com\/wp-content\/themes\/slam-dunk-rebuild\/assets\/app\/img\/map-cta.jpg\" alt=\"Legal Consultation\" class=\"img-fluid\"\/>\n    <\/div>\n<\/div><h2 class=\"wp-block-heading\"><b>Causas de las lesiones en las manos<\/b><\/h2>\r\n\r\n\r\n\r\n<p>Lo m\u00e1s habitual es que las ca\u00eddas y los accidentes deportivos provoquen fracturas en los dedos, esguinces en las mu\u00f1ecas y otros traumatismos en las manos. Incluso las actividades cotidianas pueden ser peligrosas si no se tiene cuidado. Por eso, es importante ser prudente al realizar las tareas diarias.<\/p>\r\n\r\n\r\n\r\n<p>Otra causa importante de lesiones en las manos son los accidentes automovil\u00edsticos. Y si el accidente automovil\u00edstico fue causado por la negligencia de otra persona, es posible que tenga derecho a una compensaci\u00f3n econ\u00f3mica.<\/p>\r\n\r\n\r\n\r\n<p>P\u00f3ngase en contacto con un <a href=\"https:\/\/slamdunkattorney.com\/es\/\">Abogado especializado en lesiones personales en Duluth<\/a> para ver si tienes un caso.<\/p>\r\n\r\n\r\n\r\n<h2 class=\"wp-block-heading\"><b>Da\u00f1os que puede recuperar por una lesi\u00f3n en la mano<\/b><\/h2>\r\n\r\n\r\n\r\n<p>Cuando se trata de obtener una indemnizaci\u00f3n por da\u00f1os y perjuicios derivados de una lesi\u00f3n en la mano, existen varias opciones.<\/p>\r\n\r\n\r\n\r\n<p>En algunos casos, una persona puede recibir una indemnizaci\u00f3n de la parte responsable de la lesi\u00f3n. Esto podr\u00eda incluir los gastos m\u00e9dicos y los salarios perdidos debido al trabajo perdido o la discapacidad causada por la lesi\u00f3n. Tambi\u00e9n es posible solicitar da\u00f1os punitivos.<\/p>\r\n\r\n\r\n\r\n<p>Adem\u00e1s, tambi\u00e9n podr\u00eda emprender acciones legales por <a title=\"\u00bfCu\u00e1nto vale mi dolor y sufrimiento en un caso de lesiones personales?\" href=\"https:\/\/slamdunkattorney.com\/es\/faqs\/what-is-my-pain-and-suffering-worth-in-a-personal-injury-case\/\">dolor y sufrimiento<\/a> indemnizaci\u00f3n. Esto significa que alguien que haya sufrido dolor f\u00edsico o angustia emocional como resultado de su lesi\u00f3n podr\u00eda obtener una compensaci\u00f3n econ\u00f3mica por parte de los responsables. La cantidad de dinero que se conceda depender\u00e1 de ciertos factores, como la gravedad de la lesi\u00f3n y los efectos a largo plazo que pueda tener.<\/p>\r\n\r\n\r\n\r\n\n<div class=\"cta-container row align-items-center\">\n    <div class=\"col-md-7\">\n        <p class=\"cta-text rs-content-cta\"><a class=\"no-btn\" href=\"https:\/\/slamdunkattorney.com\/es\/contact-us\/\">Haga clic para contactar<\/a> nuestros abogados especializados en lesiones personales hoy mismo<\/p>\n    <\/div>\n    <div class=\"col-md-5\">\n        <img decoding=\"async\" src=\"https:\/\/slamdunkattorney.com\/wp-content\/themes\/slam-dunk-rebuild\/assets\/app\/img\/map-cta.jpg\" alt=\"Contact Us\" class=\"img-fluid\"\/>\n    <\/div>\n<\/div><h2 class=\"wp-block-heading\"><b>C\u00f3mo maximizar la indemnizaci\u00f3n por lesiones en las manos<\/b><\/h2>\r\n\r\n\r\n\r\n<p>Cuando se sufre una lesi\u00f3n en la mano, es natural preguntarse qu\u00e9 tipo de indemnizaci\u00f3n se puede recibir. Desafortunadamente, navegar por el sistema legal no siempre es f\u00e1cil, por lo que vale la pena maximizar la indemnizaci\u00f3n potencial.<\/p>\r\n\r\n\r\n\r\n<p>As\u00ed es como se hace.<\/p>\r\n\r\n\r\n\r\n<p>En primer lugar, hay que entender que la cuant\u00eda y el tipo de indemnizaci\u00f3n que se concede en cada caso dependen de las circunstancias particulares que rodean la reclamaci\u00f3n. Esto significa que no existen reglas universales en lo que respecta a la obtenci\u00f3n de una indemnizaci\u00f3n tras un accidente o una lesi\u00f3n.<\/p>\r\n\r\n\r\n\r\n<p>Teniendo esto en cuenta, explore todas las v\u00edas disponibles, incluyendo:<\/p>\r\n\r\n\r\n\r\n<ul class=\"wp-block-list\">\r\n<li>Dolor y sufrimiento<\/li>\r\n\r\n\r\n\r\n<li>Salarios perdidos por faltar al trabajo<\/li>\r\n\r\n\r\n\r\n<li>Gastos m\u00e9dicos incurridos como resultado del tratamiento de su lesi\u00f3n.<\/li>\r\n<\/ul>\r\n\r\n\r\n\r\n<p>Aseg\u00farese de documentar todo lo relacionado con su reclamaci\u00f3n, desde los gastos asociados con la b\u00fasqueda de ayuda profesional (incluidas las visitas al m\u00e9dico) mediante recibos y facturas, hasta cualquier informaci\u00f3n relevante sobre los seguros de ambas partes implicadas.<\/p>\r\n\r\n\r\n\r\n<p>A primera vista puede parecer abrumador, pero no se preocupe. Un abogado especializado en lesiones personales puede brindarle una ayuda inestimable al evaluar los detalles de su situaci\u00f3n particular y ayudarle a construir un argumento s\u00f3lido para obtener una indemnizaci\u00f3n justa por sus lesiones.<\/p>\r\n\r\n\r\n\r\n\n<div class=\"cta-container map-bg row align-items-center flex-md-row-reverse\">\n    <div class=\"col-md-6\">\n        <p class=\"cta-text rs-content-cta\">Completa un <a href=\"https:\/\/slamdunkattorney.com\/es\/contact-us\/\">Formulario de evaluaci\u00f3n gratuita de su caso<\/a> ahora<\/p>\n    <\/div>\n    <div class=\"col-md-6 col-bg\">\n    <\/div>\n<\/div><h2 class=\"wp-block-heading\"><b>C\u00f3mo puede ayudarle un abogado especializado en lesiones personales<\/b><\/h2>\r\n\r\n\r\n\r\n<p>A <a title=\"\u00bfVale la pena contratar a un abogado para un accidente automovil\u00edstico?\" href=\"https:\/\/slamdunkattorney.com\/es\/faqs\/is-it-worth-getting-a-lawyer-for-a-car-accident\/\">Abogado de lesiones personales<\/a> pueden ser su mejor aliado para obtener la indemnizaci\u00f3n que se merece. Entienden el proceso legal y tienen experiencia en negociar con las compa\u00f1\u00edas de seguros para garantizar que todas sus lesiones est\u00e9n cubiertas.<\/p>\r\n\r\n\r\n\r\n<p>Los abogados especializados en lesiones personales revisar\u00e1n su caso y le asesorar\u00e1n sobre la mejor manera de proceder para obtener una indemnizaci\u00f3n. Tambi\u00e9n se encargar\u00e1n de toda la comunicaci\u00f3n entre usted y la compa\u00f1\u00eda de seguros u otras partes involucradas en su reclamaci\u00f3n, para que usted no tenga que preocuparse de tratar directamente con ellas.<\/p>\r\n\r\n\r\n\r\n<p>Adem\u00e1s, pueden proporcionar testimonio pericial si es necesario y actuar como defensores durante todo el proceso.<\/p>\r\n\r\n\r\n\r\n<p>Es importante recordar que no hay dos casos iguales. Un abogado con experiencia en lesiones personales lo sabe mejor que nadie, por lo que es fundamental encontrar uno que haya manejado casos similares anteriormente y comprenda exactamente lo que hay que hacer para obtener resultados.<\/p>\r\n\r\n\r\n\r\n<p>No deje que una lesi\u00f3n en la mano quede sin compensaci\u00f3n; contar con la ayuda de un abogado confiable especializado en lesiones personales suele ser esencial para lograr justicia y una indemnizaci\u00f3n justa por los da\u00f1os sufridos.<\/p>\r\n\r\n\r\n\r\n<h2 class=\"wp-block-heading\"><strong>P\u00f3ngase en contacto con Slam Dunk Attorney hoy mismo.<\/strong><\/h2>\r\n\r\n\r\n\r\n<p>Si ha sufrido una lesi\u00f3n en la mano debido a la negligencia de otra persona, puede ser beneficioso contratar a un abogado con experiencia en lesiones personales que comprenda cu\u00e1nto vale un caso como el suyo. Nuestros abogados le ayudar\u00e1n a maximizar su <a title=\"\u00bfCu\u00e1ndo recibir\u00e9 mi indemnizaci\u00f3n por lesiones personales?\" href=\"https:\/\/slamdunkattorney.com\/es\/faqs\/when-will-i-get-my-personal-injury-settlement\/\">posible acuerdo<\/a> y aseg\u00farese de que se tengan en cuenta todos los aspectos de su reclamaci\u00f3n a la hora de determinar el importe final.<\/p>\r\n\r\n\r\n\r\n<p>En \u00faltima instancia, la \u00fanica forma de saber exactamente cu\u00e1nto vale una lesi\u00f3n en la mano es consultando a expertos en la materia y evaluando cada situaci\u00f3n individual por sus propios m\u00e9ritos.<br \/>P\u00f3ngase en contacto con un abogado especializado en lesiones personales de Slam Dunk Attorney para iniciar su reclamaci\u00f3n.<\/p>\r\n\n<div class=\"cta-container row align-items-center\">\n    <div class=\"col-md-7\">\n        <p class=\"cta-text rs-content-cta\">Llame o env\u00ede un mensaje de texto <a class=\"no-btn\" href=\"tel:+14049513513\">404-951-3513<\/a> o completar un <a href=\"https:\/\/slamdunkattorney.com\/es\/contact-us\/\">Formulario de evaluaci\u00f3n gratuita de su caso<\/a><\/p>\n    <\/div>\n    <div class=\"col-md-5\">\n        <img decoding=\"async\" src=\"https:\/\/slamdunkattorney.com\/wp-content\/themes\/slam-dunk-rebuild\/assets\/app\/img\/map-cta.jpg\" alt=\"Call or Text\" class=\"img-fluid\"\/>\n    <\/div>\n<\/div>","protected":false},"excerpt":{"rendered":"<p>It&#8217;s hard not to think of our hands when considering something like an injury. After all, they are essential tools that enable us to work, play sports, or even just do everyday tasks like cooking or typing. Unfortunately, accidents happen sometimes, resulting in serious damage. But what does that really mean for those affected by &#8230;<\/p>","protected":false},"author":2,"featured_media":3132,"parent":5902,"menu_order":0,"comment_status":"closed","ping_status":"closed","template":"","meta":{"_acf_changed":false,"_genesis_hide_title":false,"_genesis_hide_breadcrumbs":false,"_genesis_hide_singular_image":false,"_genesis_hide_footer_widgets":false,"_genesis_custom_body_class":"","_genesis_custom_post_class":"","_genesis_layout":"","ngg_post_thumbnail":0,"footnotes":""},"extra-categories":[],"hc_faqs":[40],"class_list":{"0":"post-2897","1":"page","2":"type-page","3":"status-publish","4":"has-post-thumbnail","6":"hc_faqs-personal-injury","7":"entry"},"acf":[],"yoast_head":"<!-- This site is optimized with the Yoast SEO plugin v27.4 - https:\/\/yoast.com\/product\/yoast-seo-wordpress\/ -->\n<title>How Much is a Hand Injury Worth? | Slam Dunk Attorney<\/title>\n<meta name=\"description\" content=\"How much is a hand injury worth? This article looks at the financial and emotional cost of suffering a hand injury.\" \/>\n<meta name=\"robots\" content=\"index, follow, max-snippet:-1, max-image-preview:large, max-video-preview:-1\" \/>\n<link rel=\"canonical\" href=\"https:\/\/slamdunkattorney.com\/es\/faqs\/how-much-is-a-hand-injury-worth\/\" \/>\n<meta property=\"og:locale\" content=\"es_MX\" \/>\n<meta property=\"og:type\" content=\"article\" \/>\n<meta property=\"og:title\" content=\"How Much is a Hand Injury Worth? | Slam Dunk Attorney\" \/>\n<meta property=\"og:description\" content=\"How much is a hand injury worth? This article looks at the financial and emotional cost of suffering a hand injury.\" \/>\n<meta property=\"og:url\" content=\"https:\/\/slamdunkattorney.com\/es\/faqs\/how-much-is-a-hand-injury-worth\/\" \/>\n<meta property=\"og:site_name\" content=\"Slam Dunk Attorney | Injury Lawyers\" \/>\n<meta property=\"article:publisher\" content=\"https:\/\/www.facebook.com\/slamdunkattorneyinjurylawyers\/\" \/>\n<meta property=\"article:modified_time\" content=\"2025-10-22T14:21:17+00:00\" \/>\n<meta property=\"og:image\" content=\"https:\/\/slamdunkattorney.com\/wp-content\/uploads\/2023\/03\/How-Much-is-a-Hand-Injury-Worth-1.jpg\" \/>\n\t<meta property=\"og:image:width\" content=\"640\" \/>\n\t<meta property=\"og:image:height\" content=\"427\" \/>\n\t<meta property=\"og:image:type\" content=\"image\/jpeg\" \/>\n<meta name=\"twitter:card\" content=\"summary_large_image\" \/>\n<meta name=\"twitter:site\" content=\"@slamdunkattorney\" \/>\n<meta name=\"twitter:label1\" content=\"Est. reading time\" \/>\n\t<meta name=\"twitter:data1\" content=\"5 minutos\" \/>\n<script type=\"application\/ld+json\" class=\"yoast-schema-graph\">{\"@context\":\"https:\\\/\\\/schema.org\",\"@graph\":[{\"@type\":\"WebPage\",\"@id\":\"https:\\\/\\\/slamdunkattorney.com\\\/faqs\\\/how-much-is-a-hand-injury-worth\\\/\",\"url\":\"https:\\\/\\\/slamdunkattorney.com\\\/faqs\\\/how-much-is-a-hand-injury-worth\\\/\",\"name\":\"How Much is a Hand Injury Worth? | Slam Dunk Attorney\",\"isPartOf\":{\"@id\":\"https:\\\/\\\/slamdunkattorney.com\\\/#website\"},\"primaryImageOfPage\":{\"@id\":\"https:\\\/\\\/slamdunkattorney.com\\\/faqs\\\/how-much-is-a-hand-injury-worth\\\/#primaryimage\"},\"image\":{\"@id\":\"https:\\\/\\\/slamdunkattorney.com\\\/faqs\\\/how-much-is-a-hand-injury-worth\\\/#primaryimage\"},\"thumbnailUrl\":\"https:\\\/\\\/slamdunkattorney.com\\\/wp-content\\\/uploads\\\/2023\\\/03\\\/How-Much-is-a-Hand-Injury-Worth-1.jpg\",\"datePublished\":\"2023-03-07T13:52:37+00:00\",\"dateModified\":\"2025-10-22T14:21:17+00:00\",\"description\":\"How much is a hand injury worth? This article looks at the financial and emotional cost of suffering a hand injury.\",\"breadcrumb\":{\"@id\":\"https:\\\/\\\/slamdunkattorney.com\\\/faqs\\\/how-much-is-a-hand-injury-worth\\\/#breadcrumb\"},\"inLanguage\":\"es\",\"potentialAction\":[{\"@type\":\"ReadAction\",\"target\":[\"https:\\\/\\\/slamdunkattorney.com\\\/faqs\\\/how-much-is-a-hand-injury-worth\\\/\"]}]},{\"@type\":\"ImageObject\",\"inLanguage\":\"es\",\"@id\":\"https:\\\/\\\/slamdunkattorney.com\\\/faqs\\\/how-much-is-a-hand-injury-worth\\\/#primaryimage\",\"url\":\"https:\\\/\\\/slamdunkattorney.com\\\/wp-content\\\/uploads\\\/2023\\\/03\\\/How-Much-is-a-Hand-Injury-Worth-1.jpg\",\"contentUrl\":\"https:\\\/\\\/slamdunkattorney.com\\\/wp-content\\\/uploads\\\/2023\\\/03\\\/How-Much-is-a-Hand-Injury-Worth-1.jpg\",\"width\":640,\"height\":427,\"caption\":\"How-Much-is-a-Hand-Injury-Worth\"},{\"@type\":\"BreadcrumbList\",\"@id\":\"https:\\\/\\\/slamdunkattorney.com\\\/faqs\\\/how-much-is-a-hand-injury-worth\\\/#breadcrumb\",\"itemListElement\":[{\"@type\":\"ListItem\",\"position\":1,\"name\":\"Home\",\"item\":\"https:\\\/\\\/slamdunkattorney.com\\\/\"},{\"@type\":\"ListItem\",\"position\":2,\"name\":\"FAQs\",\"item\":\"https:\\\/\\\/slamdunkattorney.com\\\/faqs\\\/\"},{\"@type\":\"ListItem\",\"position\":3,\"name\":\"How Much is a Hand Injury Worth?\"}]},{\"@type\":\"WebSite\",\"@id\":\"https:\\\/\\\/slamdunkattorney.com\\\/#website\",\"url\":\"https:\\\/\\\/slamdunkattorney.com\\\/\",\"name\":\"Slam Dunk Attorney | Injury Lawyers\",\"description\":\"Duluth Personal Injury Lawyers\",\"publisher\":{\"@id\":\"https:\\\/\\\/slamdunkattorney.com\\\/#organization\"},\"alternateName\":\"Slam Dunk Attorney\",\"inLanguage\":\"es\"},{\"@type\":\"Organization\",\"@id\":\"https:\\\/\\\/slamdunkattorney.com\\\/#organization\",\"name\":\"Slam Dunk Attorney\",\"alternateName\":\"Slam Dunk\",\"url\":\"https:\\\/\\\/slamdunkattorney.com\\\/\",\"logo\":{\"@type\":\"ImageObject\",\"inLanguage\":\"es\",\"@id\":\"https:\\\/\\\/slamdunkattorney.com\\\/#\\\/schema\\\/logo\\\/image\\\/\",\"url\":\"https:\\\/\\\/slamdunkattorney.com\\\/wp-content\\\/uploads\\\/2023\\\/05\\\/cropped-Logo.png\",\"contentUrl\":\"https:\\\/\\\/slamdunkattorney.com\\\/wp-content\\\/uploads\\\/2023\\\/05\\\/cropped-Logo.png\",\"width\":1080,\"height\":240,\"caption\":\"Slam Dunk Attorney\"},\"image\":{\"@id\":\"https:\\\/\\\/slamdunkattorney.com\\\/#\\\/schema\\\/logo\\\/image\\\/\"},\"sameAs\":[\"https:\\\/\\\/www.facebook.com\\\/slamdunkattorneyinjurylawyers\\\/\",\"https:\\\/\\\/x.com\\\/slamdunkattorney\",\"https:\\\/\\\/www.instagram.com\\\/slamdunkattorney\\\/\",\"https:\\\/\\\/www.youtube.com\\\/channel\\\/UCSrOiC7vOjlCi3UgtIVGNtw\",\"https:\\\/\\\/www.linkedin.com\\\/company\\\/slamdunkattorneyinjurylawyers\"]}]}<\/script>\n<!-- \/ Yoast SEO plugin. -->","yoast_head_json":{"title":"How Much is a Hand Injury Worth? | Slam Dunk Attorney","description":"How much is a hand injury worth? This article looks at the financial and emotional cost of suffering a hand injury.","robots":{"index":"index","follow":"follow","max-snippet":"max-snippet:-1","max-image-preview":"max-image-preview:large","max-video-preview":"max-video-preview:-1"},"canonical":"https:\/\/slamdunkattorney.com\/es\/faqs\/how-much-is-a-hand-injury-worth\/","og_locale":"es_MX","og_type":"article","og_title":"How Much is a Hand Injury Worth? | Slam Dunk Attorney","og_description":"How much is a hand injury worth? This article looks at the financial and emotional cost of suffering a hand injury.","og_url":"https:\/\/slamdunkattorney.com\/es\/faqs\/how-much-is-a-hand-injury-worth\/","og_site_name":"Slam Dunk Attorney | Injury Lawyers","article_publisher":"https:\/\/www.facebook.com\/slamdunkattorneyinjurylawyers\/","article_modified_time":"2025-10-22T14:21:17+00:00","og_image":[{"width":640,"height":427,"url":"https:\/\/slamdunkattorney.com\/wp-content\/uploads\/2023\/03\/How-Much-is-a-Hand-Injury-Worth-1.jpg","type":"image\/jpeg"}],"twitter_card":"summary_large_image","twitter_site":"@slamdunkattorney","twitter_misc":{"Est. reading time":"5 minutos"},"schema":{"@context":"https:\/\/schema.org","@graph":[{"@type":"WebPage","@id":"https:\/\/slamdunkattorney.com\/faqs\/how-much-is-a-hand-injury-worth\/","url":"https:\/\/slamdunkattorney.com\/faqs\/how-much-is-a-hand-injury-worth\/","name":"How Much is a Hand Injury Worth? | Slam Dunk Attorney","isPartOf":{"@id":"https:\/\/slamdunkattorney.com\/#website"},"primaryImageOfPage":{"@id":"https:\/\/slamdunkattorney.com\/faqs\/how-much-is-a-hand-injury-worth\/#primaryimage"},"image":{"@id":"https:\/\/slamdunkattorney.com\/faqs\/how-much-is-a-hand-injury-worth\/#primaryimage"},"thumbnailUrl":"https:\/\/slamdunkattorney.com\/wp-content\/uploads\/2023\/03\/How-Much-is-a-Hand-Injury-Worth-1.jpg","datePublished":"2023-03-07T13:52:37+00:00","dateModified":"2025-10-22T14:21:17+00:00","description":"How much is a hand injury worth? This article looks at the financial and emotional cost of suffering a hand injury.","breadcrumb":{"@id":"https:\/\/slamdunkattorney.com\/faqs\/how-much-is-a-hand-injury-worth\/#breadcrumb"},"inLanguage":"es","potentialAction":[{"@type":"ReadAction","target":["https:\/\/slamdunkattorney.com\/faqs\/how-much-is-a-hand-injury-worth\/"]}]},{"@type":"ImageObject","inLanguage":"es","@id":"https:\/\/slamdunkattorney.com\/faqs\/how-much-is-a-hand-injury-worth\/#primaryimage","url":"https:\/\/slamdunkattorney.com\/wp-content\/uploads\/2023\/03\/How-Much-is-a-Hand-Injury-Worth-1.jpg","contentUrl":"https:\/\/slamdunkattorney.com\/wp-content\/uploads\/2023\/03\/How-Much-is-a-Hand-Injury-Worth-1.jpg","width":640,"height":427,"caption":"How-Much-is-a-Hand-Injury-Worth"},{"@type":"BreadcrumbList","@id":"https:\/\/slamdunkattorney.com\/faqs\/how-much-is-a-hand-injury-worth\/#breadcrumb","itemListElement":[{"@type":"ListItem","position":1,"name":"Home","item":"https:\/\/slamdunkattorney.com\/"},{"@type":"ListItem","position":2,"name":"FAQs","item":"https:\/\/slamdunkattorney.com\/faqs\/"},{"@type":"ListItem","position":3,"name":"How Much is a Hand Injury Worth?"}]},{"@type":"WebSite","@id":"https:\/\/slamdunkattorney.com\/#website","url":"https:\/\/slamdunkattorney.com\/","name":"Abogado experto en lesiones | Abogados especializados en lesiones","description":"Abogados de lesiones personales en Duluth","publisher":{"@id":"https:\/\/slamdunkattorney.com\/#organization"},"alternateName":"Slam Dunk Attorney","inLanguage":"es"},{"@type":"Organization","@id":"https:\/\/slamdunkattorney.com\/#organization","name":"Abogado Slam Dunk","alternateName":"Slam Dunk","url":"https:\/\/slamdunkattorney.com\/","logo":{"@type":"ImageObject","inLanguage":"es","@id":"https:\/\/slamdunkattorney.com\/#\/schema\/logo\/image\/","url":"https:\/\/slamdunkattorney.com\/wp-content\/uploads\/2023\/05\/cropped-Logo.png","contentUrl":"https:\/\/slamdunkattorney.com\/wp-content\/uploads\/2023\/05\/cropped-Logo.png","width":1080,"height":240,"caption":"Slam Dunk Attorney"},"image":{"@id":"https:\/\/slamdunkattorney.com\/#\/schema\/logo\/image\/"},"sameAs":["https:\/\/www.facebook.com\/slamdunkattorneyinjurylawyers\/","https:\/\/x.com\/slamdunkattorney","https:\/\/www.instagram.com\/slamdunkattorney\/","https:\/\/www.youtube.com\/channel\/UCSrOiC7vOjlCi3UgtIVGNtw","https:\/\/www.linkedin.com\/company\/slamdunkattorneyinjurylawyers"]}]}},"yoast_meta":{"yoast_wpseo_title":"","yoast_wpseo_metadesc":"","yoast_wpseo_canonical":"https:\/\/slamdunkattorney.com\/es\/wp-json\/wp\/v2\/pages\/2897"},"_links":{"self":[{"href":"https:\/\/slamdunkattorney.com\/es\/wp-json\/wp\/v2\/pages\/2897","targetHints":{"allow":["GET"]}}],"collection":[{"href":"https:\/\/slamdunkattorney.com\/es\/wp-json\/wp\/v2\/pages"}],"about":[{"href":"https:\/\/slamdunkattorney.com\/es\/wp-json\/wp\/v2\/types\/page"}],"author":[{"embeddable":true,"href":"https:\/\/slamdunkattorney.com\/es\/wp-json\/wp\/v2\/users\/2"}],"replies":[{"embeddable":true,"href":"https:\/\/slamdunkattorney.com\/es\/wp-json\/wp\/v2\/comments?post=2897"}],"version-history":[{"count":0,"href":"https:\/\/slamdunkattorney.com\/es\/wp-json\/wp\/v2\/pages\/2897\/revisions"}],"up":[{"embeddable":true,"href":"https:\/\/slamdunkattorney.com\/es\/wp-json\/wp\/v2\/pages\/5902"}],"wp:featuredmedia":[{"embeddable":true,"href":"https:\/\/slamdunkattorney.com\/es\/wp-json\/wp\/v2\/media\/3132"}],"wp:attachment":[{"href":"https:\/\/slamdunkattorney.com\/es\/wp-json\/wp\/v2\/media?parent=2897"}],"wp:term":[{"taxonomy":"extra-categories","embeddable":true,"href":"https:\/\/slamdunkattorney.com\/es\/wp-json\/wp\/v2\/extra-categories?post=2897"},{"taxonomy":"hc_faqs","embeddable":true,"href":"https:\/\/slamdunkattorney.com\/es\/wp-json\/wp\/v2\/hc_faqs?post=2897"}],"curies":[{"name":"wp","href":"https:\/\/api.w.org\/{rel}","templated":true}]}}