{"id":28119,"date":"2025-05-19T04:48:47","date_gmt":"2025-05-19T04:48:47","guid":{"rendered":"https:\/\/slamdunk.wpenginepowered.com\/?page_id=28119"},"modified":"2025-05-21T12:20:16","modified_gmt":"2025-05-21T12:20:16","slug":"duluth-burn-injury-lawyer","status":"publish","type":"page","link":"https:\/\/slamdunkattorney.com\/es\/duluth\/burn-injury-lawyer\/","title":{"rendered":"Abogado especializado en lesiones por quemaduras en Duluth"},"content":{"rendered":"<p><span style=\"font-weight: 400;\">Los accidentes que causan quemaduras plantean numerosos retos a las v\u00edctimas, desde complicaciones m\u00e9dicas a largo plazo hasta desfiguraci\u00f3n y dolor cr\u00f3nico. Si otra persona le ha causado sus lesiones, o sospecha que lo ha hecho, solicite una consulta con un abogado especializado en lesiones por quemaduras de Duluth de nuestro equipo de Slam Dunk Attorney.\u00a0<\/span><\/p>\n<p><span style=\"font-weight: 400;\">Nuestro bufete de abogados cree en luchar por sus p\u00e9rdidas espec\u00edficas hasta el m\u00e1ximo alcance de la ley, permiti\u00e9ndole reconstruir su vida con confianza. Hable con nuestro <\/span><a href=\"https:\/\/slamdunkattorney.com\/es\/\"><span style=\"font-weight: 400;\">Abogado especializado en lesiones personales en Duluth<\/span><\/a><span style=\"font-weight: 400;\"> hoy sobre su caso. <\/span><b>Nuestro equipo le proporcionar\u00e1 actualizaciones semanales sobre su caso.<\/b><\/p>\n<h2>Tipos de casos de lesiones personales que causan quemaduras<\/h2>\n<p><span style=\"font-weight: 400;\">Los accidentes que provocan quemaduras de segundo, tercer o incluso cuarto grado tienen consecuencias a largo plazo para la calidad de vida y la salud. Estas quemaduras pueden producirse en diversos entornos, como lugares de trabajo, locales comerciales, zonas en construcci\u00f3n o incluso hogares. Si ha sufrido quemaduras graves a causa de accidentes como los que se describen a continuaci\u00f3n, solicite asesoramiento legal a nuestro <\/span><b>Abogado especializado en lesiones por quemaduras en Duluth<\/b><span style=\"font-weight: 400;\"> ahora.<\/span><\/p>\n<ul>\n<li style=\"font-weight: 400;\" aria-level=\"1\"><span style=\"font-weight: 400;\">Accidentes automovil\u00edsticos<\/span><\/li>\n<li style=\"font-weight: 400;\" aria-level=\"1\"><span style=\"font-weight: 400;\">Quemaduras por productos de consumo defectuosos<\/span><\/li>\n<li style=\"font-weight: 400;\" aria-level=\"1\"><span style=\"font-weight: 400;\">Incendios en edificios o viviendas<\/span><\/li>\n<li style=\"font-weight: 400;\" aria-level=\"1\"><span style=\"font-weight: 400;\">Riesgos de exposici\u00f3n en el lugar de trabajo<\/span><\/li>\n<li style=\"font-weight: 400;\" aria-level=\"1\"><span style=\"font-weight: 400;\">Quemaduras relacionadas con cirug\u00edas<\/span><\/li>\n<li style=\"font-weight: 400;\" aria-level=\"1\"><span style=\"font-weight: 400;\">Explosiones<\/span><\/li>\n<\/ul>\n<p><span style=\"font-weight: 400;\">Si sufre quemaduras graves despu\u00e9s de buscar atenci\u00f3n m\u00e9dica, llame a su abogado de nuestro bufete. Al trabajar con un abogado especializado en lesiones por quemaduras de nuestro equipo en Duluth, obtendr\u00e1 los recursos y las herramientas necesarios para presentar una reclamaci\u00f3n completa. Con d\u00e9cadas de experiencia, puede esperar que nuestro <\/span><a href=\"https:\/\/slamdunkattorney.com\/es\/duluth\/catastrophic-injury-lawyer\/\"><span style=\"font-weight: 400;\">Abogado especializado en lesiones catastr\u00f3ficas en Duluth<\/span><\/a><span style=\"font-weight: 400;\"> para obtener una indemnizaci\u00f3n completa y justa para usted en cada uno de estos casos.<\/span><\/p>\n\n<div class=\"cta-container row align-items-center\">\n    <div class=\"col-md-7\">\n        <p class=\"cta-text rs-content-cta\">Orgullosos de servir a Duluth y a todo Georgia <span>\u00a1Cont\u00e1ctenos para comenzar su recuperaci\u00f3n!<\/span> <a href=\"https:\/\/slamdunkattorney.com\/es\/\">Explore nuestras \u00e1reas de pr\u00e1ctica<\/a><\/p>\n    <\/div>\n    <div class=\"col-md-5\">\n        <img decoding=\"async\" src=\"https:\/\/slamdunkattorney.com\/wp-content\/themes\/slam-dunk-rebuild\/assets\/app\/img\/map-cta.jpg\" alt=\"Legal Consultation\" class=\"img-fluid\"\/>\n    <\/div>\n<\/div><h2>Los gastos derivados de una lesi\u00f3n por quemadura pueden ser excesivos.<\/h2>\n<p><span style=\"font-weight: 400;\">En accidentes graves por quemaduras, el costo de la atenci\u00f3n m\u00e9dica, la rehabilitaci\u00f3n y la cirug\u00eda est\u00e9tica para reparar los da\u00f1os puede ser incre\u00edblemente exorbitante. Como resultado, muchas v\u00edctimas necesitan solicitar la m\u00e1xima indemnizaci\u00f3n que permite la ley. Hacerlo puede reducir el riesgo de no poder recibir la atenci\u00f3n que necesita. Considere algunos de los componentes m\u00e1s costosos de la <\/span><a href=\"https:\/\/my.clevelandclinic.org\/health\/diseases\/12063-burns\" target=\"_blank\" rel=\"noopener\"><span style=\"font-weight: 400;\">quemar<\/span><\/a><span style=\"font-weight: 400;\"> proceso de recuperaci\u00f3n:<\/span><\/p>\n<ul>\n<li style=\"font-weight: 400;\" aria-level=\"1\"><span style=\"font-weight: 400;\">Estancias hospitalarias prolongadas despu\u00e9s de la cirug\u00eda inicial para recuperarse y estabilizarse.<\/span><\/li>\n<li style=\"font-weight: 400;\" aria-level=\"1\"><span style=\"font-weight: 400;\">Tratamiento de complicaciones, incluyendo infecciones relacionadas con quemaduras y procedimientos de injerto.<\/span><\/li>\n<li style=\"font-weight: 400;\" aria-level=\"1\"><span style=\"font-weight: 400;\">Rehabilitaci\u00f3n para aprender a caminar y mover de nuevo las zonas da\u00f1adas.<\/span><\/li>\n<li style=\"font-weight: 400;\" aria-level=\"1\"><span style=\"font-weight: 400;\">Medicamentos para controlar el dolor y minimizar los riesgos de infecci\u00f3n.<\/span><\/li>\n<li style=\"font-weight: 400;\" aria-level=\"1\"><span style=\"font-weight: 400;\">Cuidado en un asilo durante un periodo prolongado mientras te recuperas.<\/span><\/li>\n<li style=\"font-weight: 400;\" aria-level=\"1\"><span style=\"font-weight: 400;\">Salarios perdidos si no puede trabajar durante un periodo de tiempo debido a las lesiones.<\/span><\/li>\n<li style=\"font-weight: 400;\" aria-level=\"1\"><span style=\"font-weight: 400;\">Cirug\u00edas reconstructivas para recuperar la funci\u00f3n de su cuerpo y sus extremidades.<\/span><\/li>\n<li style=\"font-weight: 400;\" aria-level=\"1\"><span style=\"font-weight: 400;\">Atenci\u00f3n continua en el hogar si no puede recuperar la movilidad completa.<\/span><\/li>\n<li style=\"font-weight: 400;\" aria-level=\"1\"><span style=\"font-weight: 400;\">P\u00e9rdidas por dolor y sufrimiento<\/span><\/li>\n<li style=\"font-weight: 400;\" aria-level=\"1\"><span style=\"font-weight: 400;\">Da\u00f1o emocional traum\u00e1tico, incluida la necesidad de apoyo continuo en materia de salud mental.<\/span><\/li>\n<\/ul>\n<p><span style=\"font-weight: 400;\">Cada situaci\u00f3n es muy diferente, pero cuanto m\u00e1s extensas sean las quemaduras, m\u00e1s probable ser\u00e1 que necesite una compensaci\u00f3n econ\u00f3mica significativa para sufragar ese proceso. Llegar a un acuerdo con la compa\u00f1\u00eda de seguros no es sencillo, especialmente cuando hay que valorar esas p\u00e9rdidas.<\/span><\/p>\n\n<div class=\"cta-container map-bg row align-items-center flex-md-row-reverse\">\n    <div class=\"col-md-6\">\n        <p class=\"cta-text rs-content-cta\">Abogado especializado en lesiones por quemaduras cerca de m\u00ed en Duluth <a href=\"tel:+14049513513\">404-951-3513<\/a><\/p>\n    <\/div>\n    <div class=\"col-md-6 col-bg\">\n    <\/div>\n<\/div><h2>Demostrar la culpa en un caso de lesiones por quemaduras<\/h2>\n<p><span style=\"font-weight: 400;\">Las personas que sufren estas lesiones pueden enfrentarse a un largo camino hacia la recuperaci\u00f3n, pero a menudo tambi\u00e9n tienen la tarea de demostrar que la culpa fue de otra persona. Mientras usted se centra en su recuperaci\u00f3n y rehabilitaci\u00f3n, nuestro abogado especializado en lesiones por quemaduras en Duluth comenzar\u00e1 a preparar su caso utilizando las pruebas disponibles y llevando a cabo una investigaci\u00f3n exhaustiva. Para demostrar la negligencia, debemos demostrar lo siguiente:<\/span><\/p>\n<ul>\n<li style=\"font-weight: 400;\" aria-level=\"1\"><b>Deber de diligencia<\/b>.<span style=\"font-weight: 400;\"> Ten\u00edas derecho a esperar que el lugar fuera seguro o que otros tomaran medidas para garantizar tu seguridad. Por ejemplo, si sufriste una quemadura debido a un producto defectuoso, ten\u00edas derecho a esperar que el producto fuera seguro de usar.<\/span><\/li>\n<li style=\"font-weight: 400;\" aria-level=\"1\"><b>Incumplimiento de ese deber de diligencia<\/b>. <span style=\"font-weight: 400;\">De alguna manera, la empresa o el propietario no cumplieron con su deber de diligencia. Esto puede deberse a una infracci\u00f3n de la ley o a no haber advertido sobre los riesgos.<\/span><\/li>\n<li style=\"font-weight: 400;\" aria-level=\"1\"><b>Causalidad<\/b>. <span style=\"font-weight: 400;\">La causa de la lesi\u00f3n debe estar directamente relacionada con el incumplimiento del deber de cuidado. Por ejemplo, un conductor que exced\u00eda la velocidad permitida provoc\u00f3 un accidente que incendi\u00f3 su veh\u00edculo.<\/span><\/li>\n<li style=\"font-weight: 400;\" aria-level=\"1\"><b>P\u00e9rdidas sufridas.<\/b> <span style=\"font-weight: 400;\">Las lesiones por quemaduras suelen cumplir esta expectativa, ya que la mayor\u00eda de las personas se enfrentan a lesiones graves que provocan p\u00e9rdidas econ\u00f3micas derivadas de los gastos m\u00e9dicos.<\/span><\/li>\n<\/ul>\n<p><span style=\"font-weight: 400;\">Nuestro equipo legal recopila pruebas de todas las fuentes, habla con expertos m\u00e9dicos sobre sus lesiones y su proceso de recuperaci\u00f3n, y documenta su dolor y sufrimiento. Buscamos una indemnizaci\u00f3n completa en todos los casos porque utilizamos pruebas que demuestran claramente estos cuatro elementos. Puede confiar en que Slam Dunk Attorney luchar\u00e1 con diligencia para ayudarle a recuperarse.<\/span><\/p>\n\n<div class=\"cta-container row align-items-center\">\n    <div class=\"col-md-7\">\n        <p class=\"cta-text rs-content-cta\"><a class=\"no-btn\" href=\"https:\/\/slamdunkattorney.com\/es\/contact-us\/\">Haga clic para contactar<\/a> Nuestros abogados especializados en lesiones personales en Duluth, Georgia, hoy mismo.<\/p>\n    <\/div>\n    <div class=\"col-md-5\">\n        <img decoding=\"async\" src=\"https:\/\/slamdunkattorney.com\/wp-content\/themes\/slam-dunk-rebuild\/assets\/app\/img\/map-cta.jpg\" alt=\"Contact Us\" class=\"img-fluid\"\/>\n    <\/div>\n<\/div><h2>Determinar el valor potencial de su demanda por lesiones por quemaduras<\/h2>\n<p><span style=\"font-weight: 400;\">El valor de una demanda por lesiones por quemaduras depende de m\u00faltiples factores, entre ellos la gravedad de sus p\u00e9rdidas, el impacto duradero y el dolor emocional que causa. Despu\u00e9s de investigar y analizar a fondo el tipo de resultado de su caso, comenzamos a preparar una demanda que describa todas las p\u00e9rdidas que ha sufrido. Entre los ejemplos del tipo de p\u00e9rdidas que se le pueden indemnizar cuando podemos demostrar que la negligencia caus\u00f3 sus quemaduras se incluyen:<\/span><\/p>\n<ul>\n<li style=\"font-weight: 400;\" aria-level=\"1\"><span style=\"font-weight: 400;\">Cobertura de todas sus facturas m\u00e9dicas actuales, anteriores y futuras, as\u00ed como de las necesidades de atenci\u00f3n m\u00e9dica relacionadas con las quemaduras.<\/span><\/li>\n<li style=\"font-weight: 400;\" aria-level=\"1\"><span style=\"font-weight: 400;\">P\u00e9rdida de salario cuando faltas al trabajo debido a tus lesiones.<\/span><\/li>\n<li style=\"font-weight: 400;\" aria-level=\"1\"><span style=\"font-weight: 400;\">Si no puede volver al trabajo o realizar el mismo trabajo, es posible que sufra una p\u00e9rdida de capacidad de ingresos.<\/span><\/li>\n<li style=\"font-weight: 400;\" aria-level=\"1\"><span style=\"font-weight: 400;\">P\u00e9rdidas relacionadas con cualquier da\u00f1o material causado por el incidente.<\/span><\/li>\n<li style=\"font-weight: 400;\" aria-level=\"1\"><span style=\"font-weight: 400;\">El dolor y el sufrimiento, que pueden ser componentes importantes de su demanda por lesiones por quemaduras debido a las lesiones sufridas y al dolor y sufrimiento continuos.<\/span><\/li>\n<li style=\"font-weight: 400;\" aria-level=\"1\"><span style=\"font-weight: 400;\">Trauma emocional y angustia mental, a menudo debido al trauma continuo de lo que has vivido.<\/span><\/li>\n<\/ul>\n<p><span style=\"font-weight: 400;\">Puede esperar que nuestros abogados sean agresivos a la hora de identificar todas sus p\u00e9rdidas. Es nuestro deber hacer que quienes le han causado da\u00f1o se responsabilicen plenamente de sus lesiones y p\u00e9rdidas a largo plazo. T\u00f3mese ahora el tiempo necesario para proteger su derecho a una indemnizaci\u00f3n trabajando con un abogado experto que se preocupe por el resultado de su caso. Nuestro <\/span><a href=\"https:\/\/slamdunkattorney.com\/es\/faqs\/\"><span style=\"font-weight: 400;\">Preguntas frecuentes<\/span><\/a><span style=\"font-weight: 400;\"> La secci\u00f3n proporciona m\u00e1s informaci\u00f3n sobre las lesiones por quemaduras.<\/span><\/p>\n\n<div class=\"cta-container map-bg row align-items-center flex-md-row-reverse\">\n    <div class=\"col-md-6\">\n        <p class=\"cta-text rs-content-cta\">Completa un <a href=\"https:\/\/slamdunkattorney.com\/es\/contact-us\/\">Formulario de evaluaci\u00f3n gratuita de su caso<\/a> ahora<\/p>\n    <\/div>\n    <div class=\"col-md-6 col-bg\">\n    <\/div>\n<\/div><h2>P\u00f3ngase en contacto con nuestros abogados especializados en lesiones por quemaduras en Duluth ahora mismo para una consulta gratuita.<\/h2>\n<p><span style=\"font-weight: 400;\">En Slam Dunk Attorney, luchamos por usted. Eso significa que preparamos su caso para demostrar qui\u00e9n caus\u00f3 su accidente, qui\u00e9n es responsable de sus p\u00e9rdidas actuales y qui\u00e9n pagar\u00e1 sus necesidades futuras.\u00a0<\/span><\/p>\n<p><span style=\"font-weight: 400;\">Concierte una consulta gratuita para analizar su caso. Descubra c\u00f3mo nuestro abogado especializado en lesiones por quemaduras en Duluth puede ayudarle.<\/span><\/p>\n\n<div class=\"cta-container row align-items-center\">\n    <div class=\"col-md-7\">\n        <p class=\"cta-text rs-content-cta\">Llame o env\u00ede un mensaje de texto <a class=\"no-btn\" href=\"tel:+14049513513\">404-951-3513<\/a> o completar un <a href=\"https:\/\/slamdunkattorney.com\/es\/contact-us\/\">Formulario de evaluaci\u00f3n gratuita de su caso<\/a><\/p>\n    <\/div>\n    <div class=\"col-md-5\">\n        <img decoding=\"async\" src=\"https:\/\/slamdunkattorney.com\/wp-content\/themes\/slam-dunk-rebuild\/assets\/app\/img\/map-cta.jpg\" alt=\"Call or Text\" class=\"img-fluid\"\/>\n    <\/div>\n<\/div>","protected":false},"excerpt":{"rendered":"<p>Accidents that cause burns create numerous challenges for victims, from long-term medical complications to disfigurement and chronic pain. If someone else caused your injuries, or you suspect they did, set up a consultation with a Duluth burn injury lawyer from our team at Slam Dunk Attorney.\u00a0 Our law firm believes in fighting for your specific &#8230;<\/p>","protected":false},"author":2,"featured_media":0,"parent":22,"menu_order":0,"comment_status":"closed","ping_status":"closed","template":"","meta":{"_acf_changed":false,"_genesis_hide_title":false,"_genesis_hide_breadcrumbs":false,"_genesis_hide_singular_image":false,"_genesis_hide_footer_widgets":false,"_genesis_custom_body_class":"","_genesis_custom_post_class":"","_genesis_layout":"","ngg_post_thumbnail":0,"footnotes":""},"extra-categories":[],"hc_faqs":[],"class_list":{"0":"post-28119","1":"page","2":"type-page","3":"status-publish","5":"hc_city_location-duluth","6":"entry"},"acf":[],"yoast_head":"<!-- This site is optimized with the Yoast SEO plugin v27.4 - https:\/\/yoast.com\/product\/yoast-seo-wordpress\/ -->\n<title>Burn Injury Lawyer in Duluth | Free Consultation<\/title>\n<meta name=\"description\" content=\"You need a Duluth burn injury lawyer to help you fight for maximum compensation for costs related to your injury. 24\/7 help.\" \/>\n<meta name=\"robots\" content=\"index, follow, max-snippet:-1, max-image-preview:large, max-video-preview:-1\" \/>\n<link rel=\"canonical\" href=\"https:\/\/slamdunkattorney.com\/es\/duluth\/burn-injury-lawyer\/\" \/>\n<meta property=\"og:locale\" content=\"es_MX\" \/>\n<meta property=\"og:type\" content=\"article\" \/>\n<meta property=\"og:title\" content=\"Burn Injury Lawyer in Duluth | Free Consultation\" \/>\n<meta property=\"og:description\" content=\"You need a Duluth burn injury lawyer to help you fight for maximum compensation for costs related to your injury. 24\/7 help.\" \/>\n<meta property=\"og:url\" content=\"https:\/\/slamdunkattorney.com\/es\/duluth\/burn-injury-lawyer\/\" \/>\n<meta property=\"og:site_name\" content=\"Slam Dunk Attorney | Injury Lawyers\" \/>\n<meta property=\"article:publisher\" content=\"https:\/\/www.facebook.com\/slamdunkattorneyinjurylawyers\/\" \/>\n<meta property=\"article:modified_time\" content=\"2025-05-21T12:20:16+00:00\" \/>\n<meta property=\"og:image\" content=\"https:\/\/slamdunkattorney.com\/wp-content\/uploads\/2023\/05\/cropped-Logo.png\" \/>\n\t<meta property=\"og:image:width\" content=\"1080\" \/>\n\t<meta property=\"og:image:height\" content=\"240\" \/>\n\t<meta property=\"og:image:type\" content=\"image\/png\" \/>\n<meta name=\"twitter:card\" content=\"summary_large_image\" \/>\n<meta name=\"twitter:site\" content=\"@slamdunkattorney\" \/>\n<meta name=\"twitter:label1\" content=\"Est. reading time\" \/>\n\t<meta name=\"twitter:data1\" content=\"5 minutos\" \/>\n<script type=\"application\/ld+json\" class=\"yoast-schema-graph\">{\"@context\":\"https:\\\/\\\/schema.org\",\"@graph\":[{\"@type\":\"WebPage\",\"@id\":\"https:\\\/\\\/slamdunkattorney.com\\\/duluth\\\/burn-injury-lawyer\\\/\",\"url\":\"https:\\\/\\\/slamdunkattorney.com\\\/duluth\\\/burn-injury-lawyer\\\/\",\"name\":\"Burn Injury Lawyer in Duluth | Free Consultation\",\"isPartOf\":{\"@id\":\"https:\\\/\\\/slamdunkattorney.com\\\/#website\"},\"datePublished\":\"2025-05-19T04:48:47+00:00\",\"dateModified\":\"2025-05-21T12:20:16+00:00\",\"description\":\"You need a Duluth burn injury lawyer to help you fight for maximum compensation for costs related to your injury. 24\\\/7 help.\",\"breadcrumb\":{\"@id\":\"https:\\\/\\\/slamdunkattorney.com\\\/duluth\\\/burn-injury-lawyer\\\/#breadcrumb\"},\"inLanguage\":\"es\",\"potentialAction\":[{\"@type\":\"ReadAction\",\"target\":[\"https:\\\/\\\/slamdunkattorney.com\\\/duluth\\\/burn-injury-lawyer\\\/\"]}]},{\"@type\":\"BreadcrumbList\",\"@id\":\"https:\\\/\\\/slamdunkattorney.com\\\/duluth\\\/burn-injury-lawyer\\\/#breadcrumb\",\"itemListElement\":[{\"@type\":\"ListItem\",\"position\":1,\"name\":\"Home\",\"item\":\"https:\\\/\\\/slamdunkattorney.com\\\/\"},{\"@type\":\"ListItem\",\"position\":2,\"name\":\"Duluth, GA Personal Injury Lawyer\",\"item\":\"https:\\\/\\\/slamdunkattorney.com\\\/\"},{\"@type\":\"ListItem\",\"position\":3,\"name\":\"Duluth Burn Injury Lawyer\"}]},{\"@type\":\"WebSite\",\"@id\":\"https:\\\/\\\/slamdunkattorney.com\\\/#website\",\"url\":\"https:\\\/\\\/slamdunkattorney.com\\\/\",\"name\":\"Slam Dunk Attorney | Injury Lawyers\",\"description\":\"Duluth Personal Injury Lawyers\",\"publisher\":{\"@id\":\"https:\\\/\\\/slamdunkattorney.com\\\/#organization\"},\"alternateName\":\"Slam Dunk Attorney\",\"inLanguage\":\"es\"},{\"@type\":\"Organization\",\"@id\":\"https:\\\/\\\/slamdunkattorney.com\\\/#organization\",\"name\":\"Slam Dunk Attorney\",\"alternateName\":\"Slam Dunk\",\"url\":\"https:\\\/\\\/slamdunkattorney.com\\\/\",\"logo\":{\"@type\":\"ImageObject\",\"inLanguage\":\"es\",\"@id\":\"https:\\\/\\\/slamdunkattorney.com\\\/#\\\/schema\\\/logo\\\/image\\\/\",\"url\":\"https:\\\/\\\/slamdunkattorney.com\\\/wp-content\\\/uploads\\\/2023\\\/05\\\/cropped-Logo.png\",\"contentUrl\":\"https:\\\/\\\/slamdunkattorney.com\\\/wp-content\\\/uploads\\\/2023\\\/05\\\/cropped-Logo.png\",\"width\":1080,\"height\":240,\"caption\":\"Slam Dunk Attorney\"},\"image\":{\"@id\":\"https:\\\/\\\/slamdunkattorney.com\\\/#\\\/schema\\\/logo\\\/image\\\/\"},\"sameAs\":[\"https:\\\/\\\/www.facebook.com\\\/slamdunkattorneyinjurylawyers\\\/\",\"https:\\\/\\\/x.com\\\/slamdunkattorney\",\"https:\\\/\\\/www.instagram.com\\\/slamdunkattorney\\\/\",\"https:\\\/\\\/www.youtube.com\\\/channel\\\/UCSrOiC7vOjlCi3UgtIVGNtw\",\"https:\\\/\\\/www.linkedin.com\\\/company\\\/slamdunkattorneyinjurylawyers\"]}]}<\/script>\n<!-- \/ Yoast SEO plugin. -->","yoast_head_json":{"title":"Burn Injury Lawyer in Duluth | Free Consultation","description":"You need a Duluth burn injury lawyer to help you fight for maximum compensation for costs related to your injury. 24\/7 help.","robots":{"index":"index","follow":"follow","max-snippet":"max-snippet:-1","max-image-preview":"max-image-preview:large","max-video-preview":"max-video-preview:-1"},"canonical":"https:\/\/slamdunkattorney.com\/es\/duluth\/burn-injury-lawyer\/","og_locale":"es_MX","og_type":"article","og_title":"Burn Injury Lawyer in Duluth | Free Consultation","og_description":"You need a Duluth burn injury lawyer to help you fight for maximum compensation for costs related to your injury. 24\/7 help.","og_url":"https:\/\/slamdunkattorney.com\/es\/duluth\/burn-injury-lawyer\/","og_site_name":"Slam Dunk Attorney | Injury Lawyers","article_publisher":"https:\/\/www.facebook.com\/slamdunkattorneyinjurylawyers\/","article_modified_time":"2025-05-21T12:20:16+00:00","og_image":[{"width":1080,"height":240,"url":"https:\/\/slamdunkattorney.com\/wp-content\/uploads\/2023\/05\/cropped-Logo.png","type":"image\/png"}],"twitter_card":"summary_large_image","twitter_site":"@slamdunkattorney","twitter_misc":{"Est. reading time":"5 minutos"},"schema":{"@context":"https:\/\/schema.org","@graph":[{"@type":"WebPage","@id":"https:\/\/slamdunkattorney.com\/duluth\/burn-injury-lawyer\/","url":"https:\/\/slamdunkattorney.com\/duluth\/burn-injury-lawyer\/","name":"Burn Injury Lawyer in Duluth | Free Consultation","isPartOf":{"@id":"https:\/\/slamdunkattorney.com\/#website"},"datePublished":"2025-05-19T04:48:47+00:00","dateModified":"2025-05-21T12:20:16+00:00","description":"You need a Duluth burn injury lawyer to help you fight for maximum compensation for costs related to your injury. 24\/7 help.","breadcrumb":{"@id":"https:\/\/slamdunkattorney.com\/duluth\/burn-injury-lawyer\/#breadcrumb"},"inLanguage":"es","potentialAction":[{"@type":"ReadAction","target":["https:\/\/slamdunkattorney.com\/duluth\/burn-injury-lawyer\/"]}]},{"@type":"BreadcrumbList","@id":"https:\/\/slamdunkattorney.com\/duluth\/burn-injury-lawyer\/#breadcrumb","itemListElement":[{"@type":"ListItem","position":1,"name":"Home","item":"https:\/\/slamdunkattorney.com\/"},{"@type":"ListItem","position":2,"name":"Duluth, GA Personal Injury Lawyer","item":"https:\/\/slamdunkattorney.com\/"},{"@type":"ListItem","position":3,"name":"Duluth Burn Injury Lawyer"}]},{"@type":"WebSite","@id":"https:\/\/slamdunkattorney.com\/#website","url":"https:\/\/slamdunkattorney.com\/","name":"Abogado experto en lesiones | Abogados especializados en lesiones","description":"Abogados de lesiones personales en Duluth","publisher":{"@id":"https:\/\/slamdunkattorney.com\/#organization"},"alternateName":"Slam Dunk Attorney","inLanguage":"es"},{"@type":"Organization","@id":"https:\/\/slamdunkattorney.com\/#organization","name":"Abogado Slam Dunk","alternateName":"Slam Dunk","url":"https:\/\/slamdunkattorney.com\/","logo":{"@type":"ImageObject","inLanguage":"es","@id":"https:\/\/slamdunkattorney.com\/#\/schema\/logo\/image\/","url":"https:\/\/slamdunkattorney.com\/wp-content\/uploads\/2023\/05\/cropped-Logo.png","contentUrl":"https:\/\/slamdunkattorney.com\/wp-content\/uploads\/2023\/05\/cropped-Logo.png","width":1080,"height":240,"caption":"Slam Dunk Attorney"},"image":{"@id":"https:\/\/slamdunkattorney.com\/#\/schema\/logo\/image\/"},"sameAs":["https:\/\/www.facebook.com\/slamdunkattorneyinjurylawyers\/","https:\/\/x.com\/slamdunkattorney","https:\/\/www.instagram.com\/slamdunkattorney\/","https:\/\/www.youtube.com\/channel\/UCSrOiC7vOjlCi3UgtIVGNtw","https:\/\/www.linkedin.com\/company\/slamdunkattorneyinjurylawyers"]}]}},"yoast_meta":{"yoast_wpseo_title":"","yoast_wpseo_metadesc":"","yoast_wpseo_canonical":"https:\/\/slamdunkattorney.com\/es\/wp-json\/wp\/v2\/pages\/28119"},"_links":{"self":[{"href":"https:\/\/slamdunkattorney.com\/es\/wp-json\/wp\/v2\/pages\/28119","targetHints":{"allow":["GET"]}}],"collection":[{"href":"https:\/\/slamdunkattorney.com\/es\/wp-json\/wp\/v2\/pages"}],"about":[{"href":"https:\/\/slamdunkattorney.com\/es\/wp-json\/wp\/v2\/types\/page"}],"author":[{"embeddable":true,"href":"https:\/\/slamdunkattorney.com\/es\/wp-json\/wp\/v2\/users\/2"}],"replies":[{"embeddable":true,"href":"https:\/\/slamdunkattorney.com\/es\/wp-json\/wp\/v2\/comments?post=28119"}],"version-history":[{"count":0,"href":"https:\/\/slamdunkattorney.com\/es\/wp-json\/wp\/v2\/pages\/28119\/revisions"}],"up":[{"embeddable":true,"href":"https:\/\/slamdunkattorney.com\/es\/wp-json\/wp\/v2\/pages\/22"}],"wp:attachment":[{"href":"https:\/\/slamdunkattorney.com\/es\/wp-json\/wp\/v2\/media?parent=28119"}],"wp:term":[{"taxonomy":"extra-categories","embeddable":true,"href":"https:\/\/slamdunkattorney.com\/es\/wp-json\/wp\/v2\/extra-categories?post=28119"},{"taxonomy":"hc_faqs","embeddable":true,"href":"https:\/\/slamdunkattorney.com\/es\/wp-json\/wp\/v2\/hc_faqs?post=28119"}],"curies":[{"name":"wp","href":"https:\/\/api.w.org\/{rel}","templated":true}]}}