{"id":28118,"date":"2025-05-19T04:45:21","date_gmt":"2025-05-19T04:45:21","guid":{"rendered":"https:\/\/slamdunk.wpenginepowered.com\/?page_id=28118"},"modified":"2025-05-21T12:18:53","modified_gmt":"2025-05-21T12:18:53","slug":"duluth-brain-injury-lawyer","status":"publish","type":"page","link":"https:\/\/slamdunkattorney.com\/es\/duluth\/brain-injury-lawyer\/","title":{"rendered":"Abogado especializado en lesiones cerebrales en Duluth"},"content":{"rendered":"<p><span style=\"font-weight: 400;\">Sufrir una lesi\u00f3n cerebral a manos de otra persona u organizaci\u00f3n puede cambiar el rumbo de su vida o la de su ser querido. Sus necesidades m\u00e9dicas pueden ser primordiales, pero es posible que tambi\u00e9n tenga dudas sobre factores como obtener ingresos y mantener su calidad de vida.\u00a0<\/span><\/p>\n<p><span style=\"font-weight: 400;\">Cuando se enfrente a una batalla tan dif\u00edcil como esta, contrate a un abogado de confianza y con experiencia en lesiones cerebrales de Duluth de Slam Dunk Attorney, y d\u00e9jenos trabajar para usted. Tenemos<\/span><b> d\u00e9cadas de experiencia combinada, <\/b><span style=\"font-weight: 400;\">ll\u00e1menos al <\/span><a href=\"https:\/\/slamdunkattorney.com\/es\/\"><span style=\"font-weight: 400;\">Abogado especializado en lesiones personales en Duluth<\/span><\/a><span style=\"font-weight: 400;\"> hoy.<\/span><\/p>\n<h2>Comprender las lesiones cerebrales<\/h2>\n<p><span style=\"font-weight: 400;\">Una lesi\u00f3n cerebral se refiere a cualquier tipo de da\u00f1o en el tejido cerebral, provocado por uno de los muchos tipos de incidentes. Muchas veces, estas lesiones son provocadas por alg\u00fan tipo de fuerza externa. Debido a la sensibilidad de cada componente del cerebro, incluso las lesiones leves pueden provocar p\u00e9rdidas traum\u00e1ticas.<\/span><\/p>\n<p><span style=\"font-weight: 400;\">Muchos de estos incidentes se denominan lesiones cerebrales traum\u00e1ticas o LCT. Pueden ser leves, con perspectivas de mejora en un breve periodo de tiempo, moderadas, que a menudo provocan alg\u00fan grado de p\u00e9rdida permanente o una recuperaci\u00f3n prolongada, o graves, que afectan a la calidad de vida a largo plazo.<\/span><\/p>\n<p><span style=\"font-weight: 400;\">Cada lesi\u00f3n cerebral es un poco diferente y, a menudo, no se comprende del todo el alcance de esas p\u00e9rdidas hasta pasado un tiempo, incluso semanas o meses despu\u00e9s del accidente. Para las v\u00edctimas, es fundamental centrarse en su recuperaci\u00f3n. Con la ayuda de nuestro <\/span><b>Abogado especializado en lesiones cerebrales en Duluth<\/b><span style=\"font-weight: 400;\">, es posible emprender acciones legales contra quienes causaron estas lesiones y p\u00e9rdidas.<\/span><\/p>\n\n<div class=\"cta-container row align-items-center\">\n    <div class=\"col-md-7\">\n        <p class=\"cta-text rs-content-cta\">Orgullosos de servir a Duluth y a todo Georgia <span>\u00a1Cont\u00e1ctenos para comenzar su recuperaci\u00f3n!<\/span> <a href=\"https:\/\/slamdunkattorney.com\/es\/\">Explore nuestras \u00e1reas de pr\u00e1ctica<\/a><\/p>\n    <\/div>\n    <div class=\"col-md-5\">\n        <img decoding=\"async\" src=\"https:\/\/slamdunkattorney.com\/wp-content\/themes\/slam-dunk-rebuild\/assets\/app\/img\/map-cta.jpg\" alt=\"Legal Consultation\" class=\"img-fluid\"\/>\n    <\/div>\n<\/div><h2>Lesiones personales que pueden causar lesiones cerebrales<\/h2>\n<p><span style=\"font-weight: 400;\">Hay varios tipos de accidentes que pueden causar lesiones cerebrales. Factores como la intensidad del accidente, el tiempo que se tarda en obtener ayuda y la zona del cerebro afectada suelen influir en la gravedad de las lesiones. A continuaci\u00f3n se enumeran algunos de los accidentes m\u00e1s comunes que causan lesiones cerebrales:<\/span><\/p>\n<ul>\n<li style=\"font-weight: 400;\" aria-level=\"1\"><span style=\"font-weight: 400;\">Accidentes automovil\u00edsticos, incluyendo accidentes de autom\u00f3viles, camiones y autobuses.<\/span><\/li>\n<li style=\"font-weight: 400;\" aria-level=\"1\"><span style=\"font-weight: 400;\">Accidentes de peatones con golpe en la cabeza<\/span><\/li>\n<li style=\"font-weight: 400;\" aria-level=\"1\"><span style=\"font-weight: 400;\">Accidentes de bicicleta<\/span><\/li>\n<li style=\"font-weight: 400;\" aria-level=\"1\"><span style=\"font-weight: 400;\">Incidentes de responsabilidad civil en locales que provocan traumatismos craneales<\/span><\/li>\n<li style=\"font-weight: 400;\" aria-level=\"1\"><span style=\"font-weight: 400;\">Cuestiones relacionadas con la responsabilidad por productos defectuosos<\/span><\/li>\n<li style=\"font-weight: 400;\" aria-level=\"1\"><span style=\"font-weight: 400;\">Negligencia m\u00e9dica<\/span><\/li>\n<li style=\"font-weight: 400;\" aria-level=\"1\"><span style=\"font-weight: 400;\">Accidentes laborales<\/span><\/li>\n<li style=\"font-weight: 400;\" aria-level=\"1\"><span style=\"font-weight: 400;\">Agresi\u00f3n<\/span><\/li>\n<li style=\"font-weight: 400;\" aria-level=\"1\"><span style=\"font-weight: 400;\">Lesiones deportivas<\/span><\/li>\n<li style=\"font-weight: 400;\" aria-level=\"1\"><span style=\"font-weight: 400;\">Explosiones y detonaciones<\/span><\/li>\n<\/ul>\n<p><span style=\"font-weight: 400;\">Si usted o un familiar sufre una lesi\u00f3n en la cabeza que le causa da\u00f1o cerebral, ya sea a corto o largo plazo, es fundamental buscar asistencia legal. Estos casos son complejos, y las compa\u00f1\u00edas de seguros saben que usted necesita recursos valiosos para satisfacer sus necesidades de atenci\u00f3n m\u00e9dica continua. Eso no significa que se los proporcionar\u00e1n de manera justa. Llame hoy mismo a Slam Dunk Attorney para una consulta gratuita.<\/span><\/p>\n\n<div class=\"cta-container map-bg row align-items-center flex-md-row-reverse\">\n    <div class=\"col-md-6\">\n        <p class=\"cta-text rs-content-cta\">Abogado especializado en lesiones cerebrales cerca de m\u00ed en Duluth <a href=\"tel:+14049513513\">404-951-3513<\/a><\/p>\n    <\/div>\n    <div class=\"col-md-6 col-bg\">\n    <\/div>\n<\/div><h2>Las complejidades de las lesiones cerebrales Accidentes con lesiones personales<\/h2>\n<p><span style=\"font-weight: 400;\">Sabemos de primera mano lo dif\u00edciles que pueden ser estos casos. Aunque la ley establece claramente que cualquier persona que cause este tipo de lesiones debe pagar por las consecuencias que ello tiene para la v\u00edctima, la carga de la prueba recae sobre usted, la v\u00edctima. Hay varios factores que hacen que estos casos sean m\u00e1s dif\u00edciles de llevar adelante:<\/span><\/p>\n<ul>\n<li style=\"font-weight: 400;\" aria-level=\"1\"><b>Se necesita tiempo para saber si mejorar\u00e1s.<\/b>.<span style=\"font-weight: 400;\"> La complejidad de las lesiones cerebrales hace que ni siquiera sus m\u00e9dicos puedan saber si mejorar\u00e1 o en qu\u00e9 medida lo har\u00e1. Sin saber esto, es imposible reclamar una indemnizaci\u00f3n justa.<\/span><\/li>\n<li style=\"font-weight: 400;\" aria-level=\"1\"><b>A menudo hay consecuencias a largo plazo.<\/b>. <span style=\"font-weight: 400;\">Para quienes sufren lesiones permanentes, a menudo resulta dif\u00edcil tener en cuenta factores como las necesidades m\u00e9dicas a largo plazo, las complejidades m\u00e9dicas que pueden requerir cuidados pr\u00e1cticos continuos y las implicaciones para la salud mental.<\/span><\/li>\n<li style=\"font-weight: 400;\" aria-level=\"1\"><b>Las compa\u00f1\u00edas de seguros son agresivas.<\/b>. <span style=\"font-weight: 400;\">Entienden perfectamente las implicaciones de estos casos, incluyendo las cuantiosas indemnizaciones que se le pueden deber. No est\u00e1n trabajando a su favor.<\/span><\/li>\n<\/ul>\n<p><span style=\"font-weight: 400;\">Cuando contrata los servicios de nuestro equipo, obtiene un profesional con experiencia que comprende perfectamente a qu\u00e9 se enfrenta. Esto se debe a que, por encima de cualquier otro factor, hemos ayudado a muchas personas en casos similares al suyo a obtener respuestas y resultados. Nuestro <\/span><a href=\"https:\/\/slamdunkattorney.com\/es\/duluth\/wrongful-death-lawyer\/\"><span style=\"font-weight: 400;\">Abogado especializado en muerte por negligencia en Duluth<\/span><\/a><span style=\"font-weight: 400;\"> ha recuperado millones de d\u00f3lares para v\u00edctimas que han sufrido lesiones cerebrales a lo largo de nuestra historia.<\/span><\/p>\n\n<div class=\"cta-container row align-items-center\">\n    <div class=\"col-md-7\">\n        <p class=\"cta-text rs-content-cta\"><a class=\"no-btn\" href=\"https:\/\/slamdunkattorney.com\/es\/contact-us\/\">Haga clic para contactar<\/a> Nuestros abogados especializados en lesiones personales en Duluth, Georgia, hoy mismo.<\/p>\n    <\/div>\n    <div class=\"col-md-5\">\n        <img decoding=\"async\" src=\"https:\/\/slamdunkattorney.com\/wp-content\/themes\/slam-dunk-rebuild\/assets\/app\/img\/map-cta.jpg\" alt=\"Contact Us\" class=\"img-fluid\"\/>\n    <\/div>\n<\/div><h2>Complicaciones derivadas de lesiones cerebrales<\/h2>\n<p><span style=\"font-weight: 400;\">Como <\/span><b>Abogado especializado en lesiones cerebrales en Duluth<\/b><span style=\"font-weight: 400;\">, nuestro objetivo es conseguir una indemnizaci\u00f3n completa y justa para nuestros clientes. Para lograrlo, nos informamos sobre sus lesiones y si estas mejorar\u00e1n o no, y en caso afirmativo, en qu\u00e9 medida. Tal y como se\u00f1ala la Cl\u00ednica Mayo, <\/span><a href=\"https:\/\/www.mayoclinic.org\/diseases-conditions\/traumatic-brain-injury\/symptoms-causes\/syc-20378557\" target=\"_blank\" rel=\"noopener\"><span style=\"font-weight: 400;\">lesiones cerebrales traum\u00e1ticas<\/span><\/a><span style=\"font-weight: 400;\"> conllevan el riesgo de lesiones complejas que van desde el coma hasta el estado vegetativo, pasando por problemas de conducta y cambios de personalidad.<\/span><\/p>\n<p><span style=\"font-weight: 400;\">Otros sufren de hidrocefalia, que puede causar da\u00f1o al tejido cerebral, da\u00f1o a los vasos sangu\u00edneos y convulsiones que no desaparecen con el tiempo. Algunas v\u00edctimas sufren dolores de cabeza intensos y continuos o v\u00e9rtigo que pueden dificultar tareas como trabajar o conducir un veh\u00edculo. El riesgo de problemas intelectuales, incluidos los problemas de funci\u00f3n ejecutiva relacionados con la resoluci\u00f3n de problemas, la memoria y la toma de decisiones, tambi\u00e9n puede persistir.<\/span><\/p>\n<p><span style=\"font-weight: 400;\">Dada la amplia gama de posibles consecuencias de estas lesiones y la imposibilidad de saber cu\u00e1les ser\u00e1n las p\u00e9rdidas a largo plazo, las v\u00edctimas se benefician de la asistencia de un equipo legal con experiencia. Nuestra experiencia es amplia y se ampl\u00eda constantemente a medida que ayudamos a m\u00e1s personas a lidiar con estas complicadas lesiones. Deje que nuestro equipo legal permanezca a su lado.<\/span><\/p>\n\n<div class=\"cta-container map-bg row align-items-center flex-md-row-reverse\">\n    <div class=\"col-md-6\">\n        <p class=\"cta-text rs-content-cta\">Completa un <a href=\"https:\/\/slamdunkattorney.com\/es\/contact-us\/\">Formulario de evaluaci\u00f3n gratuita de su caso<\/a> ahora<\/p>\n    <\/div>\n    <div class=\"col-md-6 col-bg\">\n    <\/div>\n<\/div><h2>Determinaci\u00f3n del valor de su caso de lesi\u00f3n cerebral<\/h2>\n<p><span style=\"font-weight: 400;\">Nuestro equipo examinar\u00e1 todos los aspectos de sus p\u00e9rdidas para crear una reclamaci\u00f3n completa. Analizamos cualquier tipo de lesi\u00f3n que haya sufrido y el impacto duradero en su salud y bienestar. Algunos ejemplos de las p\u00e9rdidas que puede haber sufrido incluyen:<\/span><\/p>\n<ul>\n<li style=\"font-weight: 400;\" aria-level=\"1\"><span style=\"font-weight: 400;\">Gastos m\u00e9dicos derivados del incidente y de forma continua.<\/span><\/li>\n<li style=\"font-weight: 400;\" aria-level=\"1\"><span style=\"font-weight: 400;\">P\u00e9rdida de ingresos y capacidad de generar ingresos<\/span><\/li>\n<li style=\"font-weight: 400;\" aria-level=\"1\"><span style=\"font-weight: 400;\">Necesidades continuas de atenci\u00f3n m\u00e9dica y apoyo<\/span><\/li>\n<li style=\"font-weight: 400;\" aria-level=\"1\"><span style=\"font-weight: 400;\">Rehabilitaci\u00f3n y capacitaci\u00f3n profesional<\/span><\/li>\n<li style=\"font-weight: 400;\" aria-level=\"1\"><span style=\"font-weight: 400;\">Dolor y sufrimiento<\/span><\/li>\n<li style=\"font-weight: 400;\" aria-level=\"1\"><span style=\"font-weight: 400;\">Trauma emocional<\/span><\/li>\n<li style=\"font-weight: 400;\" aria-level=\"1\"><span style=\"font-weight: 400;\">P\u00e9rdida de la comunicaci\u00f3n, la audici\u00f3n o la visi\u00f3n.<\/span><\/li>\n<li style=\"font-weight: 400;\" aria-level=\"1\"><span style=\"font-weight: 400;\">Discapacidad permanente<\/span><\/li>\n<\/ul>\n<p><span style=\"font-weight: 400;\">Cuente con nosotros para defender sus intereses. Respetamos a nuestros clientes y a sus familias, y les brindamos asistencia legal integral durante todo el proceso de reclamaci\u00f3n. Con tanto en juego, necesita un representante legal de confianza. <\/span><a href=\"https:\/\/slamdunkattorney.com\/es\/duluth\/car-accident-lawyer\/\"><span style=\"font-weight: 400;\">Abogado especializado en accidentes automovil\u00edsticos en Duluth<\/span><\/a><span style=\"font-weight: 400;\"> a tu lado.<\/span><\/p>\n<h2>Programe ahora una consulta gratuita con un abogado especializado en lesiones cerebrales en Duluth.<\/h2>\n<p><span style=\"font-weight: 400;\">Acuda ahora mismo a nuestro abogado especializado en lesiones cerebrales en Duluth, en Slam Dunk Attorney. Puede contar con nosotros para<\/span><b> luchar por la m\u00e1xima indemnizaci\u00f3n<\/b><span style=\"font-weight: 400;\"> en su caso. Ll\u00e1menos ahora para una consulta gratuita.<\/span><\/p>\n\n<div class=\"cta-container row align-items-center\">\n    <div class=\"col-md-7\">\n        <p class=\"cta-text rs-content-cta\">Llame o env\u00ede un mensaje de texto <a class=\"no-btn\" href=\"tel:+14049513513\">404-951-3513<\/a> o completar un <a href=\"https:\/\/slamdunkattorney.com\/es\/contact-us\/\">Formulario de evaluaci\u00f3n gratuita de su caso<\/a><\/p>\n    <\/div>\n    <div class=\"col-md-5\">\n        <img decoding=\"async\" src=\"https:\/\/slamdunkattorney.com\/wp-content\/themes\/slam-dunk-rebuild\/assets\/app\/img\/map-cta.jpg\" alt=\"Call or Text\" class=\"img-fluid\"\/>\n    <\/div>\n<\/div>","protected":false},"excerpt":{"rendered":"<p>Suffering a brain injury at the hands of another person or organization can change the path of your life or that of your loved one. Your medical needs may be paramount, but you may also be unsure about factors such as earning an income and maintaining your quality of life.\u00a0 When you are facing an &#8230;<\/p>","protected":false},"author":2,"featured_media":0,"parent":22,"menu_order":0,"comment_status":"closed","ping_status":"closed","template":"","meta":{"_acf_changed":false,"_genesis_hide_title":false,"_genesis_hide_breadcrumbs":false,"_genesis_hide_singular_image":false,"_genesis_hide_footer_widgets":false,"_genesis_custom_body_class":"","_genesis_custom_post_class":"","_genesis_layout":"","ngg_post_thumbnail":0,"footnotes":""},"extra-categories":[],"hc_faqs":[],"class_list":{"0":"post-28118","1":"page","2":"type-page","3":"status-publish","5":"hc_city_location-duluth","6":"entry"},"acf":[],"yoast_head":"<!-- This site is optimized with the Yoast SEO plugin v27.4 - https:\/\/yoast.com\/product\/yoast-seo-wordpress\/ -->\n<title>Brain Injury Lawyer in Duluth | Free Consultation<\/title>\n<meta name=\"description\" content=\"You need a Duluth brain injury lawyer to help you fight for maximum compensation for costs related to your injury. 24\/7 help.\" \/>\n<meta name=\"robots\" content=\"index, follow, max-snippet:-1, max-image-preview:large, max-video-preview:-1\" \/>\n<link rel=\"canonical\" href=\"https:\/\/slamdunkattorney.com\/es\/duluth\/brain-injury-lawyer\/\" \/>\n<meta property=\"og:locale\" content=\"es_MX\" \/>\n<meta property=\"og:type\" content=\"article\" \/>\n<meta property=\"og:title\" content=\"Brain Injury Lawyer in Duluth | Free Consultation\" \/>\n<meta property=\"og:description\" content=\"You need a Duluth brain injury lawyer to help you fight for maximum compensation for costs related to your injury. 24\/7 help.\" \/>\n<meta property=\"og:url\" content=\"https:\/\/slamdunkattorney.com\/es\/duluth\/brain-injury-lawyer\/\" \/>\n<meta property=\"og:site_name\" content=\"Slam Dunk Attorney | Injury Lawyers\" \/>\n<meta property=\"article:publisher\" content=\"https:\/\/www.facebook.com\/slamdunkattorneyinjurylawyers\/\" \/>\n<meta property=\"article:modified_time\" content=\"2025-05-21T12:18:53+00:00\" \/>\n<meta property=\"og:image\" content=\"https:\/\/slamdunkattorney.com\/wp-content\/uploads\/2023\/05\/cropped-Logo.png\" \/>\n\t<meta property=\"og:image:width\" content=\"1080\" \/>\n\t<meta property=\"og:image:height\" content=\"240\" \/>\n\t<meta property=\"og:image:type\" content=\"image\/png\" \/>\n<meta name=\"twitter:card\" content=\"summary_large_image\" \/>\n<meta name=\"twitter:site\" content=\"@slamdunkattorney\" \/>\n<meta name=\"twitter:label1\" content=\"Est. reading time\" \/>\n\t<meta name=\"twitter:data1\" content=\"5 minutos\" \/>\n<script type=\"application\/ld+json\" class=\"yoast-schema-graph\">{\"@context\":\"https:\\\/\\\/schema.org\",\"@graph\":[{\"@type\":\"WebPage\",\"@id\":\"https:\\\/\\\/slamdunkattorney.com\\\/duluth\\\/brain-injury-lawyer\\\/\",\"url\":\"https:\\\/\\\/slamdunkattorney.com\\\/duluth\\\/brain-injury-lawyer\\\/\",\"name\":\"Brain Injury Lawyer in Duluth | Free Consultation\",\"isPartOf\":{\"@id\":\"https:\\\/\\\/slamdunkattorney.com\\\/#website\"},\"datePublished\":\"2025-05-19T04:45:21+00:00\",\"dateModified\":\"2025-05-21T12:18:53+00:00\",\"description\":\"You need a Duluth brain injury lawyer to help you fight for maximum compensation for costs related to your injury. 24\\\/7 help.\",\"breadcrumb\":{\"@id\":\"https:\\\/\\\/slamdunkattorney.com\\\/duluth\\\/brain-injury-lawyer\\\/#breadcrumb\"},\"inLanguage\":\"es\",\"potentialAction\":[{\"@type\":\"ReadAction\",\"target\":[\"https:\\\/\\\/slamdunkattorney.com\\\/duluth\\\/brain-injury-lawyer\\\/\"]}]},{\"@type\":\"BreadcrumbList\",\"@id\":\"https:\\\/\\\/slamdunkattorney.com\\\/duluth\\\/brain-injury-lawyer\\\/#breadcrumb\",\"itemListElement\":[{\"@type\":\"ListItem\",\"position\":1,\"name\":\"Home\",\"item\":\"https:\\\/\\\/slamdunkattorney.com\\\/\"},{\"@type\":\"ListItem\",\"position\":2,\"name\":\"Duluth, GA Personal Injury Lawyer\",\"item\":\"https:\\\/\\\/slamdunkattorney.com\\\/\"},{\"@type\":\"ListItem\",\"position\":3,\"name\":\"Duluth Brain Injury Lawyer\"}]},{\"@type\":\"WebSite\",\"@id\":\"https:\\\/\\\/slamdunkattorney.com\\\/#website\",\"url\":\"https:\\\/\\\/slamdunkattorney.com\\\/\",\"name\":\"Slam Dunk Attorney | Injury Lawyers\",\"description\":\"Duluth Personal Injury Lawyers\",\"publisher\":{\"@id\":\"https:\\\/\\\/slamdunkattorney.com\\\/#organization\"},\"alternateName\":\"Slam Dunk Attorney\",\"inLanguage\":\"es\"},{\"@type\":\"Organization\",\"@id\":\"https:\\\/\\\/slamdunkattorney.com\\\/#organization\",\"name\":\"Slam Dunk Attorney\",\"alternateName\":\"Slam Dunk\",\"url\":\"https:\\\/\\\/slamdunkattorney.com\\\/\",\"logo\":{\"@type\":\"ImageObject\",\"inLanguage\":\"es\",\"@id\":\"https:\\\/\\\/slamdunkattorney.com\\\/#\\\/schema\\\/logo\\\/image\\\/\",\"url\":\"https:\\\/\\\/slamdunkattorney.com\\\/wp-content\\\/uploads\\\/2023\\\/05\\\/cropped-Logo.png\",\"contentUrl\":\"https:\\\/\\\/slamdunkattorney.com\\\/wp-content\\\/uploads\\\/2023\\\/05\\\/cropped-Logo.png\",\"width\":1080,\"height\":240,\"caption\":\"Slam Dunk Attorney\"},\"image\":{\"@id\":\"https:\\\/\\\/slamdunkattorney.com\\\/#\\\/schema\\\/logo\\\/image\\\/\"},\"sameAs\":[\"https:\\\/\\\/www.facebook.com\\\/slamdunkattorneyinjurylawyers\\\/\",\"https:\\\/\\\/x.com\\\/slamdunkattorney\",\"https:\\\/\\\/www.instagram.com\\\/slamdunkattorney\\\/\",\"https:\\\/\\\/www.youtube.com\\\/channel\\\/UCSrOiC7vOjlCi3UgtIVGNtw\",\"https:\\\/\\\/www.linkedin.com\\\/company\\\/slamdunkattorneyinjurylawyers\"]}]}<\/script>\n<!-- \/ Yoast SEO plugin. -->","yoast_head_json":{"title":"Brain Injury Lawyer in Duluth | Free Consultation","description":"You need a Duluth brain injury lawyer to help you fight for maximum compensation for costs related to your injury. 24\/7 help.","robots":{"index":"index","follow":"follow","max-snippet":"max-snippet:-1","max-image-preview":"max-image-preview:large","max-video-preview":"max-video-preview:-1"},"canonical":"https:\/\/slamdunkattorney.com\/es\/duluth\/brain-injury-lawyer\/","og_locale":"es_MX","og_type":"article","og_title":"Brain Injury Lawyer in Duluth | Free Consultation","og_description":"You need a Duluth brain injury lawyer to help you fight for maximum compensation for costs related to your injury. 24\/7 help.","og_url":"https:\/\/slamdunkattorney.com\/es\/duluth\/brain-injury-lawyer\/","og_site_name":"Slam Dunk Attorney | Injury Lawyers","article_publisher":"https:\/\/www.facebook.com\/slamdunkattorneyinjurylawyers\/","article_modified_time":"2025-05-21T12:18:53+00:00","og_image":[{"width":1080,"height":240,"url":"https:\/\/slamdunkattorney.com\/wp-content\/uploads\/2023\/05\/cropped-Logo.png","type":"image\/png"}],"twitter_card":"summary_large_image","twitter_site":"@slamdunkattorney","twitter_misc":{"Est. reading time":"5 minutos"},"schema":{"@context":"https:\/\/schema.org","@graph":[{"@type":"WebPage","@id":"https:\/\/slamdunkattorney.com\/duluth\/brain-injury-lawyer\/","url":"https:\/\/slamdunkattorney.com\/duluth\/brain-injury-lawyer\/","name":"Brain Injury Lawyer in Duluth | Free Consultation","isPartOf":{"@id":"https:\/\/slamdunkattorney.com\/#website"},"datePublished":"2025-05-19T04:45:21+00:00","dateModified":"2025-05-21T12:18:53+00:00","description":"You need a Duluth brain injury lawyer to help you fight for maximum compensation for costs related to your injury. 24\/7 help.","breadcrumb":{"@id":"https:\/\/slamdunkattorney.com\/duluth\/brain-injury-lawyer\/#breadcrumb"},"inLanguage":"es","potentialAction":[{"@type":"ReadAction","target":["https:\/\/slamdunkattorney.com\/duluth\/brain-injury-lawyer\/"]}]},{"@type":"BreadcrumbList","@id":"https:\/\/slamdunkattorney.com\/duluth\/brain-injury-lawyer\/#breadcrumb","itemListElement":[{"@type":"ListItem","position":1,"name":"Home","item":"https:\/\/slamdunkattorney.com\/"},{"@type":"ListItem","position":2,"name":"Duluth, GA Personal Injury Lawyer","item":"https:\/\/slamdunkattorney.com\/"},{"@type":"ListItem","position":3,"name":"Duluth Brain Injury Lawyer"}]},{"@type":"WebSite","@id":"https:\/\/slamdunkattorney.com\/#website","url":"https:\/\/slamdunkattorney.com\/","name":"Abogado experto en lesiones | Abogados especializados en lesiones","description":"Abogados de lesiones personales en Duluth","publisher":{"@id":"https:\/\/slamdunkattorney.com\/#organization"},"alternateName":"Slam Dunk Attorney","inLanguage":"es"},{"@type":"Organization","@id":"https:\/\/slamdunkattorney.com\/#organization","name":"Abogado Slam Dunk","alternateName":"Slam Dunk","url":"https:\/\/slamdunkattorney.com\/","logo":{"@type":"ImageObject","inLanguage":"es","@id":"https:\/\/slamdunkattorney.com\/#\/schema\/logo\/image\/","url":"https:\/\/slamdunkattorney.com\/wp-content\/uploads\/2023\/05\/cropped-Logo.png","contentUrl":"https:\/\/slamdunkattorney.com\/wp-content\/uploads\/2023\/05\/cropped-Logo.png","width":1080,"height":240,"caption":"Slam Dunk Attorney"},"image":{"@id":"https:\/\/slamdunkattorney.com\/#\/schema\/logo\/image\/"},"sameAs":["https:\/\/www.facebook.com\/slamdunkattorneyinjurylawyers\/","https:\/\/x.com\/slamdunkattorney","https:\/\/www.instagram.com\/slamdunkattorney\/","https:\/\/www.youtube.com\/channel\/UCSrOiC7vOjlCi3UgtIVGNtw","https:\/\/www.linkedin.com\/company\/slamdunkattorneyinjurylawyers"]}]}},"yoast_meta":{"yoast_wpseo_title":"","yoast_wpseo_metadesc":"","yoast_wpseo_canonical":"https:\/\/slamdunkattorney.com\/es\/wp-json\/wp\/v2\/pages\/28118"},"_links":{"self":[{"href":"https:\/\/slamdunkattorney.com\/es\/wp-json\/wp\/v2\/pages\/28118","targetHints":{"allow":["GET"]}}],"collection":[{"href":"https:\/\/slamdunkattorney.com\/es\/wp-json\/wp\/v2\/pages"}],"about":[{"href":"https:\/\/slamdunkattorney.com\/es\/wp-json\/wp\/v2\/types\/page"}],"author":[{"embeddable":true,"href":"https:\/\/slamdunkattorney.com\/es\/wp-json\/wp\/v2\/users\/2"}],"replies":[{"embeddable":true,"href":"https:\/\/slamdunkattorney.com\/es\/wp-json\/wp\/v2\/comments?post=28118"}],"version-history":[{"count":0,"href":"https:\/\/slamdunkattorney.com\/es\/wp-json\/wp\/v2\/pages\/28118\/revisions"}],"up":[{"embeddable":true,"href":"https:\/\/slamdunkattorney.com\/es\/wp-json\/wp\/v2\/pages\/22"}],"wp:attachment":[{"href":"https:\/\/slamdunkattorney.com\/es\/wp-json\/wp\/v2\/media?parent=28118"}],"wp:term":[{"taxonomy":"extra-categories","embeddable":true,"href":"https:\/\/slamdunkattorney.com\/es\/wp-json\/wp\/v2\/extra-categories?post=28118"},{"taxonomy":"hc_faqs","embeddable":true,"href":"https:\/\/slamdunkattorney.com\/es\/wp-json\/wp\/v2\/hc_faqs?post=28118"}],"curies":[{"name":"wp","href":"https:\/\/api.w.org\/{rel}","templated":true}]}}