{"id":2791,"date":"2022-12-28T20:12:58","date_gmt":"2022-12-28T20:12:58","guid":{"rendered":"https:\/\/jaraysilawfirm.com\/?p=2791"},"modified":"2024-12-23T07:20:12","modified_gmt":"2024-12-23T07:20:12","slug":"what-is-my-pain-and-suffering-worth-in-a-personal-injury-case","status":"publish","type":"page","link":"https:\/\/slamdunkattorney.com\/es\/faqs\/what-is-my-pain-and-suffering-worth-in-a-personal-injury-case\/","title":{"rendered":"C\u00e1lculo del valor del dolor y el sufrimiento en un caso de lesiones personales"},"content":{"rendered":"<p>Las v\u00edctimas de lesiones personales sufren mucho dolor y trauma debido al accidente que han sufrido. El dolor de las lesiones graves suele ser insoportable y, adem\u00e1s de esa angustia, las v\u00edctimas tienen una carga econ\u00f3mica debido a las facturas m\u00e9dicas, los salarios perdidos y los gastos futuros. M\u00e1s all\u00e1 de las p\u00e9rdidas econ\u00f3micas, muchos demandantes tienen que lidiar con el dolor diario y la angustia emocional tras el accidente. El trauma f\u00edsico y emocional que sufren las v\u00edctimas tambi\u00e9n se conoce como dolor y sufrimiento. Es posible que muchas personas no se den cuenta de que, al presentar una demanda por lesiones personales, pueden obtener una indemnizaci\u00f3n por el dolor y el sufrimiento que han padecido. Esto plantea la pregunta: \u201c\u00bfCu\u00e1nto vale mi dolor y sufrimiento en mi caso de lesiones personales?\u201d. En Slam Dunk Attorney, creemos que usted merece una indemnizaci\u00f3n justa por todos sus da\u00f1os, incluidos el dolor y el sufrimiento. Los abogados de Slam Dunk Attorney son sus defensores legales y le ayudar\u00e1n en cada paso del proceso de reclamaci\u00f3n. Nuestro objetivo es ocuparnos de sus asuntos legales para que pueda recuperarse y tener tranquilidad. Lea esta gu\u00eda para obtener m\u00e1s informaci\u00f3n sobre el acuerdo por dolor y sufrimiento en un caso de lesiones personales.<\/p>\r\n\r\n\r\n\r\n<h2 class=\"wp-block-heading\"><b>\u00bfQu\u00e9 es el dolor y el sufrimiento?<\/b><\/h2>\r\n\r\n\r\n\r\n<p>Los da\u00f1os por dolor y sufrimiento en lesiones personales se refieren a los da\u00f1os f\u00edsicos y emocionales que se pueden recuperar de un accidente causado por la negligencia de otra persona. Esto puede incluir una variedad de p\u00e9rdidas emocionales, mentales y f\u00edsicas. En un caso de lesiones personales, las personas suelen recuperar p\u00e9rdidas econ\u00f3micas y no econ\u00f3micas. Las p\u00e9rdidas econ\u00f3micas incluyen da\u00f1os monetarios, como facturas m\u00e9dicas. Los da\u00f1os no econ\u00f3micos son p\u00e9rdidas intangibles que no tienen un valor monetario asignado.<\/p>\r\n\r\n\r\n\r\n<p>El dolor f\u00edsico que ha soportado debido a un accidente es un aspecto del dolor y el sufrimiento. Por ejemplo, podr\u00eda reclamar da\u00f1os y perjuicios por:<\/p>\r\n\r\n\r\n\r\n<ul class=\"wp-block-list\">\r\n<li>Dolores de cabeza<\/li>\r\n\r\n\r\n\r\n<li>Amputaci\u00f3n<\/li>\r\n\r\n\r\n\r\n<li>Par\u00e1lisis<\/li>\r\n\r\n\r\n\r\n<li>Da\u00f1o nervioso<\/li>\r\n\r\n\r\n\r\n<li>Dolor de espalda o cuello<\/li>\r\n\r\n\r\n\r\n<li>Desfiguraci\u00f3n<\/li>\r\n<\/ul>\r\n\r\n\r\n\r\n<p>Los da\u00f1os por dolor y sufrimiento tambi\u00e9n abarcan la angustia emocional y mental que ha experimentado debido a su accidente, como por ejemplo:<\/p>\r\n\r\n\r\n\r\n<ul class=\"wp-block-list\">\r\n<li>Depresi\u00f3n<\/li>\r\n\r\n\r\n\r\n<li>Ansiedad<\/li>\r\n\r\n\r\n\r\n<li>Duelo<\/li>\r\n\r\n\r\n\r\n<li>P\u00e9rdida del disfrute de la vida<\/li>\r\n\r\n\r\n\r\n<li>Trastorno por estr\u00e9s postraum\u00e1tico<\/li>\r\n\r\n\r\n\r\n<li>Insomnio<\/li>\r\n<\/ul>\r\n\r\n\r\n\r\n<p>Estos son solo algunos ejemplos: el dolor y el sufrimiento pueden abarcar muchos otros efectos, s\u00edntomas o problemas de salud. Si tiene m\u00e1s preguntas sobre lo que se considera dolor y sufrimiento, consulte con un abogado especializado en lesiones personales.<\/p>\r\n\r\n\r\n\r\n\n<div class=\"cta-container row align-items-center\">\n    <div class=\"col-md-7\">\n        <p class=\"cta-text rs-content-cta\">Orgullosos de servir a Duluth y a todo Georgia <span>\u00a1Cont\u00e1ctenos para comenzar su recuperaci\u00f3n!<\/span> <a href=\"https:\/\/slamdunkattorney.com\/es\/\">Explore nuestras \u00e1reas de pr\u00e1ctica<\/a><\/p>\n    <\/div>\n    <div class=\"col-md-5\">\n        <img decoding=\"async\" src=\"https:\/\/slamdunkattorney.com\/wp-content\/themes\/slam-dunk-rebuild\/assets\/app\/img\/map-cta.jpg\" alt=\"Legal Consultation\" class=\"img-fluid\"\/>\n    <\/div>\n<\/div><h2 class=\"wp-block-heading\"><b>C\u00f3mo calcular el dolor y el sufrimiento<\/b><\/h2>\r\n\r\n\r\n\r\n<p>Los da\u00f1os por dolor y sufrimiento pueden ser dif\u00edciles de calcular en comparaci\u00f3n con los da\u00f1os econ\u00f3micos. Esto se debe a que a las p\u00e9rdidas monetarias se les asignan valores. Por ejemplo, si sus facturas m\u00e9dicas cuestan $10,000 y tiene la documentaci\u00f3n correspondiente, puede solicitar una indemnizaci\u00f3n para cubrir esos gastos. Sin embargo, es m\u00e1s complejo demostrar el dolor f\u00edsico, el malestar emocional y los problemas mentales. Afortunadamente, existen dos m\u00e9todos est\u00e1ndar para calcular las indemnizaciones por dolor y sufrimiento en las demandas por lesiones personales: el m\u00e9todo multiplicador y el m\u00e9todo per diem. El m\u00e9todo multiplicador es una forma com\u00fan de calcular el monto de la indemnizaci\u00f3n por dolor y sufrimiento. Este m\u00e9todo consiste en tomar todos sus gastos econ\u00f3micos y multiplicarlos por un factor entre 1.5 y 5. El multiplicador depende de la gravedad del accidente. Por ejemplo, si solo sufri\u00f3 lesiones leves en el accidente, el multiplicador probablemente ser\u00eda 1,5. Un accidente devastador tendr\u00eda un multiplicador mayor, como 4 o 5. El m\u00e9todo de diaria es menos com\u00fan, pero algunas personas a\u00fan lo utilizan. Con este m\u00e9todo, se le asigna una cantidad en d\u00f3lares por cada d\u00eda que sufri\u00f3 debido al accidente.<\/p>\r\n\r\n\r\n\r\n<h2 class=\"wp-block-heading\"><b>Demostrar el dolor y el sufrimiento<\/b><\/h2>\r\n\r\n\r\n\r\n<p>Demostrar su dolor y sufrimiento puede ser complicado. Aunque su dolor f\u00edsico y su trauma emocional sean reales para usted, es su palabra contra la compa\u00f1\u00eda de seguros del demandado. Para demostrar su dolor y sufrimiento, debe recopilar pruebas, como registros m\u00e9dicos, evaluaciones psicol\u00f3gicas o declaraciones de sus familiares. Su testimonio tambi\u00e9n es una prueba fundamental. Durante el testimonio, describa c\u00f3mo su dolor y sufrimiento han afectado negativamente a su vida. Trabajar con un abogado especializado en lesiones personales es beneficioso porque le ayudar\u00e1 a reunir pruebas y a elaborar una demanda s\u00f3lida, demostrando su dolor y sufrimiento.<\/p>\r\n\r\n\r\n\r\n\n<div class=\"cta-container row align-items-center\">\n    <div class=\"col-md-7\">\n        <p class=\"cta-text rs-content-cta\"><a class=\"no-btn\" href=\"https:\/\/slamdunkattorney.com\/es\/contact-us\/\">Haga clic para contactar<\/a> nuestros abogados especializados en lesiones personales hoy mismo<\/p>\n    <\/div>\n    <div class=\"col-md-5\">\n        <img decoding=\"async\" src=\"https:\/\/slamdunkattorney.com\/wp-content\/themes\/slam-dunk-rebuild\/assets\/app\/img\/map-cta.jpg\" alt=\"Contact Us\" class=\"img-fluid\"\/>\n    <\/div>\n<\/div><h2 class=\"wp-block-heading\"><b>\u00bfC\u00f3mo puede ayudarle un abogado especializado en lesiones personales?<\/b><\/h2>\r\n\r\n\r\n\r\n<p>Cuando se trata de un caso de lesiones personales, necesita un defensor legal de su lado. Necesita a alguien que se preocupe por su caso y que luche para garantizar que reciba una indemnizaci\u00f3n justa. A <a href=\"https:\/\/slamdunkattorney.com\/es\/\">Abogado especializado en lesiones personales en Duluth<\/a> de Slam Dunk Attorney puede ayudarle. Calcular\u00e1n sus da\u00f1os econ\u00f3micos y no econ\u00f3micos y le ayudar\u00e1n a reunir pruebas para demostrar su dolor y sufrimiento. En \u00faltima instancia, su abogado se encargar\u00e1 de todos los aspectos complejos de la ley de lesiones personales, para que usted no tenga que preocuparse por ello. Un abogado especializado en lesiones personales de Slam Dunk Attorney se asegurar\u00e1 de que reciba una indemnizaci\u00f3n justa por su dolor y sufrimiento. Si usted o alguien que conoce ha sufrido un accidente con lesiones personales en el \u00e1rea de Atlanta, p\u00f3ngase en contacto con un abogado de Slam Dunk Attorney. Llame hoy mismo para programar su consulta gratuita.<\/p>\r\n\n<div class=\"cta-container row align-items-center\">\n    <div class=\"col-md-7\">\n        <p class=\"cta-text rs-content-cta\">Llame o env\u00ede un mensaje de texto <a class=\"no-btn\" href=\"tel:+14049513513\">404-951-3513<\/a> o completar un <a href=\"https:\/\/slamdunkattorney.com\/es\/contact-us\/\">Formulario de evaluaci\u00f3n gratuita de su caso<\/a><\/p>\n    <\/div>\n    <div class=\"col-md-5\">\n        <img decoding=\"async\" src=\"https:\/\/slamdunkattorney.com\/wp-content\/themes\/slam-dunk-rebuild\/assets\/app\/img\/map-cta.jpg\" alt=\"Call or Text\" class=\"img-fluid\"\/>\n    <\/div>\n<\/div>","protected":false},"excerpt":{"rendered":"<p>Personal injury victims go through so much pain and trauma because of the accident they experienced. The pain from severe injuries is often excruciating, and to add to that distress, the victims have a financial burden due to medical bills, lost wages, and future expenses. Beyond monetary losses, many claimants deal with daily pain and &#8230;<\/p>","protected":false},"author":2,"featured_media":3126,"parent":5902,"menu_order":0,"comment_status":"closed","ping_status":"closed","template":"","meta":{"_acf_changed":false,"_genesis_hide_title":false,"_genesis_hide_breadcrumbs":false,"_genesis_hide_singular_image":false,"_genesis_hide_footer_widgets":false,"_genesis_custom_body_class":"","_genesis_custom_post_class":"","_genesis_layout":"","ngg_post_thumbnail":0,"footnotes":""},"extra-categories":[],"hc_faqs":[40],"class_list":{"0":"post-2791","1":"page","2":"type-page","3":"status-publish","4":"has-post-thumbnail","6":"hc_faqs-personal-injury","7":"entry"},"acf":[],"yoast_head":"<!-- This site is optimized with the Yoast SEO plugin v27.3 - https:\/\/yoast.com\/product\/yoast-seo-wordpress\/ -->\n<title>What is Pain and Suffering Worth in My Personal Injury Case?<\/title>\n<meta name=\"description\" content=\"Calculating Pain and Suffering Value in a Personal Injury Case. Understand your compensation. Contact us for a free consultation.\" \/>\n<meta name=\"robots\" content=\"index, follow, max-snippet:-1, max-image-preview:large, max-video-preview:-1\" \/>\n<link rel=\"canonical\" href=\"https:\/\/slamdunkattorney.com\/es\/faqs\/what-is-my-pain-and-suffering-worth-in-a-personal-injury-case\/\" \/>\n<meta property=\"og:locale\" content=\"es_MX\" \/>\n<meta property=\"og:type\" content=\"article\" \/>\n<meta property=\"og:title\" content=\"What is Pain and Suffering Worth in My Personal Injury Case?\" \/>\n<meta property=\"og:description\" content=\"Calculating Pain and Suffering Value in a Personal Injury Case. Understand your compensation. Contact us for a free consultation.\" \/>\n<meta property=\"og:url\" content=\"https:\/\/slamdunkattorney.com\/es\/faqs\/what-is-my-pain-and-suffering-worth-in-a-personal-injury-case\/\" \/>\n<meta property=\"og:site_name\" content=\"Slam Dunk Attorney | Injury Lawyers\" \/>\n<meta property=\"article:publisher\" content=\"https:\/\/www.facebook.com\/slamdunkattorneyinjurylawyers\/\" \/>\n<meta property=\"article:modified_time\" content=\"2024-12-23T07:20:12+00:00\" \/>\n<meta property=\"og:image\" content=\"https:\/\/slamdunkattorney.com\/wp-content\/uploads\/2022\/12\/pain-and-suffering-worth-in-a-personal-injury-case-1.jpg\" \/>\n\t<meta property=\"og:image:width\" content=\"640\" \/>\n\t<meta property=\"og:image:height\" content=\"427\" \/>\n\t<meta property=\"og:image:type\" content=\"image\/jpeg\" \/>\n<meta name=\"twitter:card\" content=\"summary_large_image\" \/>\n<meta name=\"twitter:site\" content=\"@slamdunkattorney\" \/>\n<meta name=\"twitter:label1\" content=\"Est. reading time\" \/>\n\t<meta name=\"twitter:data1\" content=\"4 minutos\" \/>\n<script type=\"application\/ld+json\" class=\"yoast-schema-graph\">{\"@context\":\"https:\\\/\\\/schema.org\",\"@graph\":[{\"@type\":\"WebPage\",\"@id\":\"https:\\\/\\\/slamdunkattorney.com\\\/faqs\\\/what-is-my-pain-and-suffering-worth-in-a-personal-injury-case\\\/\",\"url\":\"https:\\\/\\\/slamdunkattorney.com\\\/faqs\\\/what-is-my-pain-and-suffering-worth-in-a-personal-injury-case\\\/\",\"name\":\"What is Pain and Suffering Worth in My Personal Injury Case?\",\"isPartOf\":{\"@id\":\"https:\\\/\\\/slamdunkattorney.com\\\/#website\"},\"primaryImageOfPage\":{\"@id\":\"https:\\\/\\\/slamdunkattorney.com\\\/faqs\\\/what-is-my-pain-and-suffering-worth-in-a-personal-injury-case\\\/#primaryimage\"},\"image\":{\"@id\":\"https:\\\/\\\/slamdunkattorney.com\\\/faqs\\\/what-is-my-pain-and-suffering-worth-in-a-personal-injury-case\\\/#primaryimage\"},\"thumbnailUrl\":\"https:\\\/\\\/slamdunkattorney.com\\\/wp-content\\\/uploads\\\/2022\\\/12\\\/pain-and-suffering-worth-in-a-personal-injury-case-1.jpg\",\"datePublished\":\"2022-12-28T20:12:58+00:00\",\"dateModified\":\"2024-12-23T07:20:12+00:00\",\"description\":\"Calculating Pain and Suffering Value in a Personal Injury Case. Understand your compensation. Contact us for a free consultation.\",\"breadcrumb\":{\"@id\":\"https:\\\/\\\/slamdunkattorney.com\\\/faqs\\\/what-is-my-pain-and-suffering-worth-in-a-personal-injury-case\\\/#breadcrumb\"},\"inLanguage\":\"es\",\"potentialAction\":[{\"@type\":\"ReadAction\",\"target\":[\"https:\\\/\\\/slamdunkattorney.com\\\/faqs\\\/what-is-my-pain-and-suffering-worth-in-a-personal-injury-case\\\/\"]}]},{\"@type\":\"ImageObject\",\"inLanguage\":\"es\",\"@id\":\"https:\\\/\\\/slamdunkattorney.com\\\/faqs\\\/what-is-my-pain-and-suffering-worth-in-a-personal-injury-case\\\/#primaryimage\",\"url\":\"https:\\\/\\\/slamdunkattorney.com\\\/wp-content\\\/uploads\\\/2022\\\/12\\\/pain-and-suffering-worth-in-a-personal-injury-case-1.jpg\",\"contentUrl\":\"https:\\\/\\\/slamdunkattorney.com\\\/wp-content\\\/uploads\\\/2022\\\/12\\\/pain-and-suffering-worth-in-a-personal-injury-case-1.jpg\",\"width\":640,\"height\":427,\"caption\":\"pain-and-suffering-worth-in-a-personal-injury-case\"},{\"@type\":\"BreadcrumbList\",\"@id\":\"https:\\\/\\\/slamdunkattorney.com\\\/faqs\\\/what-is-my-pain-and-suffering-worth-in-a-personal-injury-case\\\/#breadcrumb\",\"itemListElement\":[{\"@type\":\"ListItem\",\"position\":1,\"name\":\"Home\",\"item\":\"https:\\\/\\\/slamdunkattorney.com\\\/\"},{\"@type\":\"ListItem\",\"position\":2,\"name\":\"FAQs\",\"item\":\"https:\\\/\\\/slamdunkattorney.com\\\/faqs\\\/\"},{\"@type\":\"ListItem\",\"position\":3,\"name\":\"Calculating Pain and Suffering Value in a Personal Injury Case\"}]},{\"@type\":\"WebSite\",\"@id\":\"https:\\\/\\\/slamdunkattorney.com\\\/#website\",\"url\":\"https:\\\/\\\/slamdunkattorney.com\\\/\",\"name\":\"Slam Dunk Attorney | Injury Lawyers\",\"description\":\"Duluth Personal Injury Lawyers\",\"publisher\":{\"@id\":\"https:\\\/\\\/slamdunkattorney.com\\\/#organization\"},\"alternateName\":\"Slam Dunk Attorney\",\"inLanguage\":\"es\"},{\"@type\":\"Organization\",\"@id\":\"https:\\\/\\\/slamdunkattorney.com\\\/#organization\",\"name\":\"Slam Dunk Attorney\",\"alternateName\":\"Slam Dunk\",\"url\":\"https:\\\/\\\/slamdunkattorney.com\\\/\",\"logo\":{\"@type\":\"ImageObject\",\"inLanguage\":\"es\",\"@id\":\"https:\\\/\\\/slamdunkattorney.com\\\/#\\\/schema\\\/logo\\\/image\\\/\",\"url\":\"https:\\\/\\\/slamdunkattorney.com\\\/wp-content\\\/uploads\\\/2023\\\/05\\\/cropped-Logo.png\",\"contentUrl\":\"https:\\\/\\\/slamdunkattorney.com\\\/wp-content\\\/uploads\\\/2023\\\/05\\\/cropped-Logo.png\",\"width\":1080,\"height\":240,\"caption\":\"Slam Dunk Attorney\"},\"image\":{\"@id\":\"https:\\\/\\\/slamdunkattorney.com\\\/#\\\/schema\\\/logo\\\/image\\\/\"},\"sameAs\":[\"https:\\\/\\\/www.facebook.com\\\/slamdunkattorneyinjurylawyers\\\/\",\"https:\\\/\\\/x.com\\\/slamdunkattorney\",\"https:\\\/\\\/www.instagram.com\\\/slamdunkattorney\\\/\",\"https:\\\/\\\/www.youtube.com\\\/channel\\\/UCSrOiC7vOjlCi3UgtIVGNtw\",\"https:\\\/\\\/www.linkedin.com\\\/company\\\/slamdunkattorneyinjurylawyers\"]}]}<\/script>\n<!-- \/ Yoast SEO plugin. -->","yoast_head_json":{"title":"What is Pain and Suffering Worth in My Personal Injury Case?","description":"Calculating Pain and Suffering Value in a Personal Injury Case. Understand your compensation. Contact us for a free consultation.","robots":{"index":"index","follow":"follow","max-snippet":"max-snippet:-1","max-image-preview":"max-image-preview:large","max-video-preview":"max-video-preview:-1"},"canonical":"https:\/\/slamdunkattorney.com\/es\/faqs\/what-is-my-pain-and-suffering-worth-in-a-personal-injury-case\/","og_locale":"es_MX","og_type":"article","og_title":"What is Pain and Suffering Worth in My Personal Injury Case?","og_description":"Calculating Pain and Suffering Value in a Personal Injury Case. Understand your compensation. Contact us for a free consultation.","og_url":"https:\/\/slamdunkattorney.com\/es\/faqs\/what-is-my-pain-and-suffering-worth-in-a-personal-injury-case\/","og_site_name":"Slam Dunk Attorney | Injury Lawyers","article_publisher":"https:\/\/www.facebook.com\/slamdunkattorneyinjurylawyers\/","article_modified_time":"2024-12-23T07:20:12+00:00","og_image":[{"width":640,"height":427,"url":"https:\/\/slamdunkattorney.com\/wp-content\/uploads\/2022\/12\/pain-and-suffering-worth-in-a-personal-injury-case-1.jpg","type":"image\/jpeg"}],"twitter_card":"summary_large_image","twitter_site":"@slamdunkattorney","twitter_misc":{"Est. reading time":"4 minutos"},"schema":{"@context":"https:\/\/schema.org","@graph":[{"@type":"WebPage","@id":"https:\/\/slamdunkattorney.com\/faqs\/what-is-my-pain-and-suffering-worth-in-a-personal-injury-case\/","url":"https:\/\/slamdunkattorney.com\/faqs\/what-is-my-pain-and-suffering-worth-in-a-personal-injury-case\/","name":"What is Pain and Suffering Worth in My Personal Injury Case?","isPartOf":{"@id":"https:\/\/slamdunkattorney.com\/#website"},"primaryImageOfPage":{"@id":"https:\/\/slamdunkattorney.com\/faqs\/what-is-my-pain-and-suffering-worth-in-a-personal-injury-case\/#primaryimage"},"image":{"@id":"https:\/\/slamdunkattorney.com\/faqs\/what-is-my-pain-and-suffering-worth-in-a-personal-injury-case\/#primaryimage"},"thumbnailUrl":"https:\/\/slamdunkattorney.com\/wp-content\/uploads\/2022\/12\/pain-and-suffering-worth-in-a-personal-injury-case-1.jpg","datePublished":"2022-12-28T20:12:58+00:00","dateModified":"2024-12-23T07:20:12+00:00","description":"Calculating Pain and Suffering Value in a Personal Injury Case. Understand your compensation. Contact us for a free consultation.","breadcrumb":{"@id":"https:\/\/slamdunkattorney.com\/faqs\/what-is-my-pain-and-suffering-worth-in-a-personal-injury-case\/#breadcrumb"},"inLanguage":"es","potentialAction":[{"@type":"ReadAction","target":["https:\/\/slamdunkattorney.com\/faqs\/what-is-my-pain-and-suffering-worth-in-a-personal-injury-case\/"]}]},{"@type":"ImageObject","inLanguage":"es","@id":"https:\/\/slamdunkattorney.com\/faqs\/what-is-my-pain-and-suffering-worth-in-a-personal-injury-case\/#primaryimage","url":"https:\/\/slamdunkattorney.com\/wp-content\/uploads\/2022\/12\/pain-and-suffering-worth-in-a-personal-injury-case-1.jpg","contentUrl":"https:\/\/slamdunkattorney.com\/wp-content\/uploads\/2022\/12\/pain-and-suffering-worth-in-a-personal-injury-case-1.jpg","width":640,"height":427,"caption":"pain-and-suffering-worth-in-a-personal-injury-case"},{"@type":"BreadcrumbList","@id":"https:\/\/slamdunkattorney.com\/faqs\/what-is-my-pain-and-suffering-worth-in-a-personal-injury-case\/#breadcrumb","itemListElement":[{"@type":"ListItem","position":1,"name":"Home","item":"https:\/\/slamdunkattorney.com\/"},{"@type":"ListItem","position":2,"name":"FAQs","item":"https:\/\/slamdunkattorney.com\/faqs\/"},{"@type":"ListItem","position":3,"name":"Calculating Pain and Suffering Value in a Personal Injury Case"}]},{"@type":"WebSite","@id":"https:\/\/slamdunkattorney.com\/#website","url":"https:\/\/slamdunkattorney.com\/","name":"Abogado experto en lesiones | Abogados especializados en lesiones","description":"Abogados de lesiones personales en Duluth","publisher":{"@id":"https:\/\/slamdunkattorney.com\/#organization"},"alternateName":"Slam Dunk Attorney","inLanguage":"es"},{"@type":"Organization","@id":"https:\/\/slamdunkattorney.com\/#organization","name":"Abogado Slam Dunk","alternateName":"Slam Dunk","url":"https:\/\/slamdunkattorney.com\/","logo":{"@type":"ImageObject","inLanguage":"es","@id":"https:\/\/slamdunkattorney.com\/#\/schema\/logo\/image\/","url":"https:\/\/slamdunkattorney.com\/wp-content\/uploads\/2023\/05\/cropped-Logo.png","contentUrl":"https:\/\/slamdunkattorney.com\/wp-content\/uploads\/2023\/05\/cropped-Logo.png","width":1080,"height":240,"caption":"Slam Dunk Attorney"},"image":{"@id":"https:\/\/slamdunkattorney.com\/#\/schema\/logo\/image\/"},"sameAs":["https:\/\/www.facebook.com\/slamdunkattorneyinjurylawyers\/","https:\/\/x.com\/slamdunkattorney","https:\/\/www.instagram.com\/slamdunkattorney\/","https:\/\/www.youtube.com\/channel\/UCSrOiC7vOjlCi3UgtIVGNtw","https:\/\/www.linkedin.com\/company\/slamdunkattorneyinjurylawyers"]}]}},"yoast_meta":{"yoast_wpseo_title":"","yoast_wpseo_metadesc":"","yoast_wpseo_canonical":"https:\/\/slamdunkattorney.com\/es\/wp-json\/wp\/v2\/pages\/2791"},"_links":{"self":[{"href":"https:\/\/slamdunkattorney.com\/es\/wp-json\/wp\/v2\/pages\/2791","targetHints":{"allow":["GET"]}}],"collection":[{"href":"https:\/\/slamdunkattorney.com\/es\/wp-json\/wp\/v2\/pages"}],"about":[{"href":"https:\/\/slamdunkattorney.com\/es\/wp-json\/wp\/v2\/types\/page"}],"author":[{"embeddable":true,"href":"https:\/\/slamdunkattorney.com\/es\/wp-json\/wp\/v2\/users\/2"}],"replies":[{"embeddable":true,"href":"https:\/\/slamdunkattorney.com\/es\/wp-json\/wp\/v2\/comments?post=2791"}],"version-history":[{"count":0,"href":"https:\/\/slamdunkattorney.com\/es\/wp-json\/wp\/v2\/pages\/2791\/revisions"}],"up":[{"embeddable":true,"href":"https:\/\/slamdunkattorney.com\/es\/wp-json\/wp\/v2\/pages\/5902"}],"wp:featuredmedia":[{"embeddable":true,"href":"https:\/\/slamdunkattorney.com\/es\/wp-json\/wp\/v2\/media\/3126"}],"wp:attachment":[{"href":"https:\/\/slamdunkattorney.com\/es\/wp-json\/wp\/v2\/media?parent=2791"}],"wp:term":[{"taxonomy":"extra-categories","embeddable":true,"href":"https:\/\/slamdunkattorney.com\/es\/wp-json\/wp\/v2\/extra-categories?post=2791"},{"taxonomy":"hc_faqs","embeddable":true,"href":"https:\/\/slamdunkattorney.com\/es\/wp-json\/wp\/v2\/hc_faqs?post=2791"}],"curies":[{"name":"wp","href":"https:\/\/api.w.org\/{rel}","templated":true}]}}