{"id":2698,"date":"2022-11-10T20:09:46","date_gmt":"2022-11-10T20:09:46","guid":{"rendered":"http:\/\/jarlaw.flywheelstaging.com\/?p=2698"},"modified":"2025-01-16T08:42:34","modified_gmt":"2025-01-16T08:42:34","slug":"how-much-is-my-motorcycle-accident-case-worth-in-duluth","status":"publish","type":"page","link":"https:\/\/slamdunkattorney.com\/es\/faqs\/how-much-is-my-motorcycle-accident-case-worth-in-duluth\/","title":{"rendered":"Valor de un caso de accidente de motocicleta en Duluth: qu\u00e9 esperar"},"content":{"rendered":"<p>Los accidentes de motocicleta son devastadores. Aunque el dinero no puede reparar lo que ha perdido durante el accidente, usted merece una indemnizaci\u00f3n que se ajuste a los da\u00f1os sufridos. De esta manera, podr\u00e1 recuperarse sin preocuparse por la p\u00e9rdida de ingresos, las elevadas facturas m\u00e9dicas y otros gastos.<\/p>\r\n\r\n\r\n\r\n<p>Despu\u00e9s de un accidente de motocicleta en Duluth, Georgia, probablemente quieras saber cu\u00e1nto vale tu caso. Aunque los montos de los acuerdos var\u00edan seg\u00fan cada situaci\u00f3n, hay formas de calcular el costo de tus da\u00f1os.<\/p>\r\n\r\n\r\n\r\n<p>Un socio confiable y con experiencia <a title=\"\u00c1reas de pr\u00e1ctica: accidentes de motocicleta\" href=\"https:\/\/slamdunkattorney.com\/es\/duluth\/motorcycle-accident-lawyer\/\">Abogado especializado en accidentes de motocicleta en Duluth<\/a> puede ayudarle a negociar el monto de su acuerdo con la compa\u00f1\u00eda de seguros para obtener la indemnizaci\u00f3n que se merece.<\/p>\r\n\r\n\r\n\r\n<p>Si ha sufrido un accidente de motocicleta en Duluth, necesita contar con un abogado de lesiones personales de confianza. Llame hoy mismo a Slam Dunk Attorney para programar su consulta gratuita.<\/p>\r\n\r\n\r\n\r\n<h2 class=\"wp-block-heading\"><b>\u00bfLos casos de accidentes de motocicleta tienen m\u00e1s valor que los casos de accidentes de autom\u00f3vil?<\/b><\/h2>\r\n\r\n\r\n\r\n<p>Un caso de accidente de motocicleta suele tener m\u00e1s valor que un caso de accidente de autom\u00f3vil. Aunque los accidentes automovil\u00edsticos pueden poner en peligro la vida, las personas que sufren esos accidentes cuentan con cinturones de seguridad, bolsas de aire y veh\u00edculos que las protegen del impacto del choque.<\/p>\r\n\r\n\r\n\r\n<p>Aunque los motociclistas deben llevar casco, este ofrece poca protecci\u00f3n para el resto del cuerpo. El peso y la fuerza de un veh\u00edculo en un accidente de motocicleta pueden aplastar al motociclista, caus\u00e1ndole lesiones graves o mortales.<\/p>\r\n\r\n\r\n\r\n<p>Muchas v\u00edctimas de accidentes de motocicleta sufrir\u00e1n alg\u00fan tipo de lesi\u00f3n en el choque, como:<\/p>\r\n\r\n\r\n\r\n<ul class=\"wp-block-list\">\r\n<li>Herida por abrasi\u00f3n<\/li>\r\n\r\n\r\n\r\n<li>Lesiones en el cuello<\/li>\r\n\r\n\r\n\r\n<li>Lesiones internas<\/li>\r\n\r\n\r\n\r\n<li>Lesiones cerebrales traum\u00e1ticas<\/li>\r\n\r\n\r\n\r\n<li>Huesos rotos<\/li>\r\n\r\n\r\n\r\n<li>Lesiones catastr\u00f3ficas<\/li>\r\n<\/ul>\r\n\r\n\r\n\r\n<p>Incluso un accidente de motocicleta a baja velocidad puede provocar lesiones. Cuando esta sea su realidad, nuestros abogados pueden presentar una demanda por accidente de motocicleta en su nombre para obtener una indemnizaci\u00f3n por sus p\u00e9rdidas.<\/p>\r\n\r\n\r\n\r\n\n<div class=\"cta-container row align-items-center\">\n    <div class=\"col-md-7\">\n        <p class=\"cta-text rs-content-cta\">Orgullosos de servir a Duluth y a todo Georgia <span>\u00a1Cont\u00e1ctenos para comenzar su recuperaci\u00f3n!<\/span> <a href=\"https:\/\/slamdunkattorney.com\/es\/\">Explore nuestras \u00e1reas de pr\u00e1ctica<\/a><\/p>\n    <\/div>\n    <div class=\"col-md-5\">\n        <img decoding=\"async\" src=\"https:\/\/slamdunkattorney.com\/wp-content\/themes\/slam-dunk-rebuild\/assets\/app\/img\/map-cta.jpg\" alt=\"Legal Consultation\" class=\"img-fluid\"\/>\n    <\/div>\n<\/div><h2 class=\"wp-block-heading\"><b>\u00bfCu\u00e1l es el acuerdo t\u00edpico para los accidentes de motocicleta en Duluth?<\/b><\/h2>\r\n\r\n\r\n\r\n<p>Cada caso es \u00fanico, por lo que es dif\u00edcil determinar un monto t\u00edpico de liquidaci\u00f3n para los casos de accidentes de motocicleta. Por ello, no promocionamos los resultados de nuestros casos, ya que hacerlo puede ser enga\u00f1oso y no reflejar\u00eda una valoraci\u00f3n honesta de lo que usted puede esperar.<\/p>\r\n\r\n\r\n\r\n<p>Adem\u00e1s, entendemos que las indemnizaciones elevadas suelen indicar tragedias, como lesiones graves o fallecimientos. Valoramos la transparencia y la honestidad en nuestros servicios. Slam Dunk Attorney ofrece un servicio confiable para garantizar que obtenga una indemnizaci\u00f3n acorde con los da\u00f1os sufridos.<\/p>\r\n\r\n\r\n\r\n<h2 class=\"wp-block-heading\"><b>Factores que afectan el valor de su caso<\/b><\/h2>\r\n\r\n\r\n\r\n<p>Al calcular el monto de la indemnizaci\u00f3n, la compa\u00f1\u00eda de seguros tendr\u00e1 en cuenta varios factores relacionados con el accidente.<\/p>\r\n\r\n\r\n\r\n<h3 class=\"wp-block-heading\">El costo de sus da\u00f1os<\/h3>\r\n\r\n\r\n\r\n<p>El objetivo de su acuerdo es recuperar la carga financiera de sus da\u00f1os. Esto significa que la compa\u00f1\u00eda de seguros calcular\u00e1 sus da\u00f1os, incluyendo su dolor y sufrimiento, para decidir cu\u00e1nto ofrecerle.<\/p>\r\n\r\n\r\n\r\n<p>Hay muchos da\u00f1os por los que se puede recibir una indemnizaci\u00f3n, tales como:<\/p>\r\n\r\n\r\n\r\n<ul class=\"wp-block-list\">\r\n<li>Salarios perdidos<\/li>\r\n\r\n\r\n\r\n<li>Facturas m\u00e9dicas (tanto actuales como futuras)<\/li>\r\n\r\n\r\n\r\n<li>P\u00e9rdida de la capacidad para trabajar en el futuro.<\/li>\r\n\r\n\r\n\r\n<li>Discapacidad y desfiguraci\u00f3n<\/li>\r\n\r\n\r\n\r\n<li>Disminuci\u00f3n de la calidad de vida<\/li>\r\n<\/ul>\r\n\r\n\r\n\r\n<h3 class=\"wp-block-heading\">La gravedad de sus lesiones<\/h3>\r\n\r\n\r\n\r\n<p>Por lo general, cuanto m\u00e1s graves sean sus lesiones, m\u00e1s podr\u00e1 obtener de su acuerdo. Por supuesto, el dinero no puede compensar por completo su dolor, pero debe recuperar algo por los da\u00f1os causados por el conductor culpable.<\/p>\r\n\r\n\r\n\r\n<p>Por ejemplo, si una v\u00edctima de un accidente de motocicleta tiene varias lesiones graves que tardar\u00e1n mucho tiempo en curarse, se le puede indemnizar por el tiempo que pase en recuperaci\u00f3n.<\/p>\r\n\r\n\r\n\r\n<h3 class=\"wp-block-heading\"><b>Las p\u00f3lizas de seguro de los conductores involucrados<\/b><\/h3>\r\n\r\n\r\n\r\n<p>La parte culpable <a title=\"\u00bfQu\u00e9 tipo de seguro de autom\u00f3vil es el m\u00e1s adecuado para tu veh\u00edculo?\" href=\"https:\/\/slamdunkattorney.com\/es\/faqs\/how-much-car-insurance-can-you-get-away-with-having-on-your-vehicle\/\">p\u00f3liza de seguro<\/a> tambi\u00e9n afecta la cantidad de indemnizaci\u00f3n que puede recibir. En Duluth, Georgia, todos los conductores deben tener un seguro de responsabilidad civil.<\/p>\r\n\r\n\r\n\r\n<p>Los importes m\u00ednimos son:<\/p>\r\n\r\n\r\n\r\n<ul class=\"wp-block-list\">\r\n<li>$25,000 por persona por accidente<\/li>\r\n\r\n\r\n\r\n<li>$50,000 por accidente<\/li>\r\n\r\n\r\n\r\n<li>$25,000 por da\u00f1os materiales por accidente<\/li>\r\n<\/ul>\r\n\r\n\r\n\r\n<p>Dado que los accidentes de motocicleta suelen ser devastadores, es posible que el l\u00edmite de la p\u00f3liza del otro conductor no cubra sus da\u00f1os. Si esto ocurre, un abogado especializado en accidentes de motocicleta en Duluth puede ayudarle a negociar su acuerdo, presentar una reclamaci\u00f3n a trav\u00e9s de su compa\u00f1\u00eda de seguros o interponer una demanda por accidente de motocicleta para obtener la indemnizaci\u00f3n que se merece.<\/p>\r\n\r\n\r\n\r\n\n<div class=\"cta-container row align-items-center\">\n    <div class=\"col-md-7\">\n        <p class=\"cta-text rs-content-cta\"><a class=\"no-btn\" href=\"https:\/\/slamdunkattorney.com\/es\/contact-us\/\">Haga clic para contactar<\/a> nuestros abogados especializados en lesiones personales hoy mismo<\/p>\n    <\/div>\n    <div class=\"col-md-5\">\n        <img decoding=\"async\" src=\"https:\/\/slamdunkattorney.com\/wp-content\/themes\/slam-dunk-rebuild\/assets\/app\/img\/map-cta.jpg\" alt=\"Contact Us\" class=\"img-fluid\"\/>\n    <\/div>\n<\/div><h2 class=\"wp-block-heading\"><b>Consejos para maximizar su compensaci\u00f3n<\/b><\/h2>\r\n\r\n\r\n\r\n<p>Un abogado con experiencia en accidentes de motocicleta le ayudar\u00e1 a obtener una indemnizaci\u00f3n justa por los da\u00f1os sufridos.<\/p>\r\n\r\n\r\n\r\n<p>Aunque el monto de la indemnizaci\u00f3n variar\u00e1 en funci\u00f3n de sus circunstancias, aqu\u00ed tiene algunos consejos que puede seguir para maximizar su compensaci\u00f3n:<\/p>\r\n\r\n\r\n\r\n<ul class=\"wp-block-list\">\r\n<li><b>Recopilar pruebas.<\/b> Si puede, intente recopilar pruebas mientras se encuentra en el lugar del accidente. Puede utilizar las pruebas para demostrar que el otro conductor fue el culpable, lo que le ayudar\u00e1 a aumentar la cantidad de la indemnizaci\u00f3n.<\/li>\r\n\r\n\r\n\r\n<li><b>Busca testigos.<\/b> Intente identificar a los testigos del accidente de motocicleta y obtenga su informaci\u00f3n de contacto. Su abogado puede pedir a los testigos que testifiquen sobre lo que ocurri\u00f3 en el lugar del accidente.<\/li>\r\n\r\n\r\n\r\n<li><b>Busque atenci\u00f3n m\u00e9dica.<\/b> Incluso cuando ya se haya recuperado casi por completo de sus lesiones iniciales, siga acudiendo al m\u00e9dico. Su m\u00e9dico puede identificar lesiones que usted no hab\u00eda notado antes y hacer un seguimiento de su recuperaci\u00f3n, lo que le servir\u00e1 para calcular los da\u00f1os sufridos.<\/li>\r\n<\/ul>\r\n\r\n\r\n\r\n\n<div class=\"cta-container map-bg row align-items-center flex-md-row-reverse\">\n    <div class=\"col-md-6\">\n        <p class=\"cta-text rs-content-cta\">Completa un <a href=\"https:\/\/slamdunkattorney.com\/es\/contact-us\/\">Formulario de evaluaci\u00f3n gratuita de su caso<\/a> ahora<\/p>\n    <\/div>\n    <div class=\"col-md-6 col-bg\">\n    <\/div>\n<\/div><h2 class=\"wp-block-heading\"><b>P\u00f3ngase en contacto hoy mismo con un abogado especializado en accidentes de motocicleta en Duluth.<\/b><\/h2>\r\n\r\n\r\n\r\n<p>En Slam Dunk Attorney, comprendemos lo terribles que pueden ser los accidentes de motocicleta. Probablemente a\u00fan sienta dolor debido al accidente, pero ahora tiene que lidiar con presentar una reclamaci\u00f3n y tratar con la compa\u00f1\u00eda de seguros. Es abrumador. Puede confiar en el equipo de Slam Dunk Attorney para que le ayude en cada paso del proceso legal.<\/p>\r\n\r\n\r\n\r\n<p><a href=\"https:\/\/slamdunkattorney.com\/es\/contact-us\/\">Cont\u00e1ctenos<\/a> Hoy mismo, programe una consulta gratuita si ha tenido un accidente de motocicleta cerca de Duluth, Georgia.<\/p>\r\n\n<div class=\"cta-container row align-items-center\">\n    <div class=\"col-md-7\">\n        <p class=\"cta-text rs-content-cta\">Llame o env\u00ede un mensaje de texto <a class=\"no-btn\" href=\"tel:+14049513513\">404-951-3513<\/a> o completar un <a href=\"https:\/\/slamdunkattorney.com\/es\/contact-us\/\">Formulario de evaluaci\u00f3n gratuita de su caso<\/a><\/p>\n    <\/div>\n    <div class=\"col-md-5\">\n        <img decoding=\"async\" src=\"https:\/\/slamdunkattorney.com\/wp-content\/themes\/slam-dunk-rebuild\/assets\/app\/img\/map-cta.jpg\" alt=\"Call or Text\" class=\"img-fluid\"\/>\n    <\/div>\n<\/div>","protected":false},"excerpt":{"rendered":"<p>Motorcycle accidents are devastating. While money can&#8217;t fix what you lost during the crash, you deserve a settlement amount that matches your damages. This way, you can recover without worrying about lost wages, significant medical bills, and other expenses. After a motorcycle accident in Duluth, GA, you probably want to know how much your case &#8230;<\/p>","protected":false},"author":2,"featured_media":3122,"parent":5902,"menu_order":0,"comment_status":"closed","ping_status":"closed","template":"","meta":{"_acf_changed":false,"_genesis_hide_title":false,"_genesis_hide_breadcrumbs":false,"_genesis_hide_singular_image":false,"_genesis_hide_footer_widgets":false,"_genesis_custom_body_class":"","_genesis_custom_post_class":"","_genesis_layout":"","ngg_post_thumbnail":0,"footnotes":""},"extra-categories":[],"hc_faqs":[45],"class_list":{"0":"post-2698","1":"page","2":"type-page","3":"status-publish","4":"has-post-thumbnail","6":"hc_faqs-motorcycle-accident","7":"entry"},"acf":[],"yoast_head":"<!-- This site is optimized with the Yoast SEO plugin v27.5 - https:\/\/yoast.com\/product\/yoast-seo-wordpress\/ -->\n<title>How Do I Know How Much My Motorcycle Accident Case Is Worth in Duluth?<\/title>\n<meta name=\"description\" content=\"Been in an accident and wondering how much your motorcycle accident case is worth? Contact us for a free case review.\" \/>\n<meta name=\"robots\" content=\"index, follow, max-snippet:-1, max-image-preview:large, max-video-preview:-1\" \/>\n<link rel=\"canonical\" href=\"https:\/\/slamdunkattorney.com\/es\/faqs\/how-much-is-my-motorcycle-accident-case-worth-in-duluth\/\" \/>\n<meta property=\"og:locale\" content=\"es_MX\" \/>\n<meta property=\"og:type\" content=\"article\" \/>\n<meta property=\"og:title\" content=\"How Do I Know How Much My Motorcycle Accident Case Is Worth in Duluth?\" \/>\n<meta property=\"og:description\" content=\"Been in an accident and wondering how much your motorcycle accident case is worth? Contact us for a free case review.\" \/>\n<meta property=\"og:url\" content=\"https:\/\/slamdunkattorney.com\/es\/faqs\/how-much-is-my-motorcycle-accident-case-worth-in-duluth\/\" \/>\n<meta property=\"og:site_name\" content=\"Slam Dunk Attorney | Injury Lawyers\" \/>\n<meta property=\"article:publisher\" content=\"https:\/\/www.facebook.com\/slamdunkattorneyinjurylawyers\/\" \/>\n<meta property=\"article:modified_time\" content=\"2025-01-16T08:42:34+00:00\" \/>\n<meta property=\"og:image\" content=\"https:\/\/slamdunkattorney.com\/wp-content\/uploads\/2022\/11\/motorcycle-accident-case-1.jpg\" \/>\n\t<meta property=\"og:image:width\" content=\"800\" \/>\n\t<meta property=\"og:image:height\" content=\"600\" \/>\n\t<meta property=\"og:image:type\" content=\"image\/jpeg\" \/>\n<meta name=\"twitter:card\" content=\"summary_large_image\" \/>\n<meta name=\"twitter:site\" content=\"@slamdunkattorney\" \/>\n<meta name=\"twitter:label1\" content=\"Est. reading time\" \/>\n\t<meta name=\"twitter:data1\" content=\"4 minutos\" \/>\n<script type=\"application\/ld+json\" class=\"yoast-schema-graph\">{\"@context\":\"https:\\\/\\\/schema.org\",\"@graph\":[{\"@type\":\"WebPage\",\"@id\":\"https:\\\/\\\/slamdunkattorney.com\\\/faqs\\\/how-much-is-my-motorcycle-accident-case-worth-in-duluth\\\/\",\"url\":\"https:\\\/\\\/slamdunkattorney.com\\\/faqs\\\/how-much-is-my-motorcycle-accident-case-worth-in-duluth\\\/\",\"name\":\"How Do I Know How Much My Motorcycle Accident Case Is Worth in Duluth?\",\"isPartOf\":{\"@id\":\"https:\\\/\\\/slamdunkattorney.com\\\/#website\"},\"primaryImageOfPage\":{\"@id\":\"https:\\\/\\\/slamdunkattorney.com\\\/faqs\\\/how-much-is-my-motorcycle-accident-case-worth-in-duluth\\\/#primaryimage\"},\"image\":{\"@id\":\"https:\\\/\\\/slamdunkattorney.com\\\/faqs\\\/how-much-is-my-motorcycle-accident-case-worth-in-duluth\\\/#primaryimage\"},\"thumbnailUrl\":\"https:\\\/\\\/slamdunkattorney.com\\\/wp-content\\\/uploads\\\/2022\\\/11\\\/motorcycle-accident-case-1.jpg\",\"datePublished\":\"2022-11-10T20:09:46+00:00\",\"dateModified\":\"2025-01-16T08:42:34+00:00\",\"description\":\"Been in an accident and wondering how much your motorcycle accident case is worth? Contact us for a free case review.\",\"breadcrumb\":{\"@id\":\"https:\\\/\\\/slamdunkattorney.com\\\/faqs\\\/how-much-is-my-motorcycle-accident-case-worth-in-duluth\\\/#breadcrumb\"},\"inLanguage\":\"es\",\"potentialAction\":[{\"@type\":\"ReadAction\",\"target\":[\"https:\\\/\\\/slamdunkattorney.com\\\/faqs\\\/how-much-is-my-motorcycle-accident-case-worth-in-duluth\\\/\"]}]},{\"@type\":\"ImageObject\",\"inLanguage\":\"es\",\"@id\":\"https:\\\/\\\/slamdunkattorney.com\\\/faqs\\\/how-much-is-my-motorcycle-accident-case-worth-in-duluth\\\/#primaryimage\",\"url\":\"https:\\\/\\\/slamdunkattorney.com\\\/wp-content\\\/uploads\\\/2022\\\/11\\\/motorcycle-accident-case-1.jpg\",\"contentUrl\":\"https:\\\/\\\/slamdunkattorney.com\\\/wp-content\\\/uploads\\\/2022\\\/11\\\/motorcycle-accident-case-1.jpg\",\"width\":800,\"height\":600,\"caption\":\"Black Motorcycle | Motorcycle on Road | Motorcycle Accidents\"},{\"@type\":\"BreadcrumbList\",\"@id\":\"https:\\\/\\\/slamdunkattorney.com\\\/faqs\\\/how-much-is-my-motorcycle-accident-case-worth-in-duluth\\\/#breadcrumb\",\"itemListElement\":[{\"@type\":\"ListItem\",\"position\":1,\"name\":\"Home\",\"item\":\"https:\\\/\\\/slamdunkattorney.com\\\/\"},{\"@type\":\"ListItem\",\"position\":2,\"name\":\"FAQs\",\"item\":\"https:\\\/\\\/slamdunkattorney.com\\\/faqs\\\/\"},{\"@type\":\"ListItem\",\"position\":3,\"name\":\"Duluth Motorcycle Accident Case Value: What to Expect\"}]},{\"@type\":\"WebSite\",\"@id\":\"https:\\\/\\\/slamdunkattorney.com\\\/#website\",\"url\":\"https:\\\/\\\/slamdunkattorney.com\\\/\",\"name\":\"Slam Dunk Attorney | Injury Lawyers\",\"description\":\"Duluth Personal Injury Lawyers\",\"publisher\":{\"@id\":\"https:\\\/\\\/slamdunkattorney.com\\\/#organization\"},\"alternateName\":\"Slam Dunk Attorney\",\"inLanguage\":\"es\"},{\"@type\":\"Organization\",\"@id\":\"https:\\\/\\\/slamdunkattorney.com\\\/#organization\",\"name\":\"Slam Dunk Attorney\",\"alternateName\":\"Slam Dunk\",\"url\":\"https:\\\/\\\/slamdunkattorney.com\\\/\",\"logo\":{\"@type\":\"ImageObject\",\"inLanguage\":\"es\",\"@id\":\"https:\\\/\\\/slamdunkattorney.com\\\/#\\\/schema\\\/logo\\\/image\\\/\",\"url\":\"https:\\\/\\\/slamdunkattorney.com\\\/wp-content\\\/uploads\\\/2023\\\/05\\\/cropped-Logo.png\",\"contentUrl\":\"https:\\\/\\\/slamdunkattorney.com\\\/wp-content\\\/uploads\\\/2023\\\/05\\\/cropped-Logo.png\",\"width\":1080,\"height\":240,\"caption\":\"Slam Dunk Attorney\"},\"image\":{\"@id\":\"https:\\\/\\\/slamdunkattorney.com\\\/#\\\/schema\\\/logo\\\/image\\\/\"},\"sameAs\":[\"https:\\\/\\\/www.facebook.com\\\/slamdunkattorneyinjurylawyers\\\/\",\"https:\\\/\\\/x.com\\\/slamdunkattorney\",\"https:\\\/\\\/www.instagram.com\\\/slamdunkattorney\\\/\",\"https:\\\/\\\/www.youtube.com\\\/channel\\\/UCSrOiC7vOjlCi3UgtIVGNtw\",\"https:\\\/\\\/www.linkedin.com\\\/company\\\/slamdunkattorneyinjurylawyers\"]}]}<\/script>\n<!-- \/ Yoast SEO plugin. -->","yoast_head_json":{"title":"How Do I Know How Much My Motorcycle Accident Case Is Worth in Duluth?","description":"Been in an accident and wondering how much your motorcycle accident case is worth? Contact us for a free case review.","robots":{"index":"index","follow":"follow","max-snippet":"max-snippet:-1","max-image-preview":"max-image-preview:large","max-video-preview":"max-video-preview:-1"},"canonical":"https:\/\/slamdunkattorney.com\/es\/faqs\/how-much-is-my-motorcycle-accident-case-worth-in-duluth\/","og_locale":"es_MX","og_type":"article","og_title":"How Do I Know How Much My Motorcycle Accident Case Is Worth in Duluth?","og_description":"Been in an accident and wondering how much your motorcycle accident case is worth? Contact us for a free case review.","og_url":"https:\/\/slamdunkattorney.com\/es\/faqs\/how-much-is-my-motorcycle-accident-case-worth-in-duluth\/","og_site_name":"Slam Dunk Attorney | Injury Lawyers","article_publisher":"https:\/\/www.facebook.com\/slamdunkattorneyinjurylawyers\/","article_modified_time":"2025-01-16T08:42:34+00:00","og_image":[{"width":800,"height":600,"url":"https:\/\/slamdunkattorney.com\/wp-content\/uploads\/2022\/11\/motorcycle-accident-case-1.jpg","type":"image\/jpeg"}],"twitter_card":"summary_large_image","twitter_site":"@slamdunkattorney","twitter_misc":{"Est. reading time":"4 minutos"},"schema":{"@context":"https:\/\/schema.org","@graph":[{"@type":"WebPage","@id":"https:\/\/slamdunkattorney.com\/faqs\/how-much-is-my-motorcycle-accident-case-worth-in-duluth\/","url":"https:\/\/slamdunkattorney.com\/faqs\/how-much-is-my-motorcycle-accident-case-worth-in-duluth\/","name":"How Do I Know How Much My Motorcycle Accident Case Is Worth in Duluth?","isPartOf":{"@id":"https:\/\/slamdunkattorney.com\/#website"},"primaryImageOfPage":{"@id":"https:\/\/slamdunkattorney.com\/faqs\/how-much-is-my-motorcycle-accident-case-worth-in-duluth\/#primaryimage"},"image":{"@id":"https:\/\/slamdunkattorney.com\/faqs\/how-much-is-my-motorcycle-accident-case-worth-in-duluth\/#primaryimage"},"thumbnailUrl":"https:\/\/slamdunkattorney.com\/wp-content\/uploads\/2022\/11\/motorcycle-accident-case-1.jpg","datePublished":"2022-11-10T20:09:46+00:00","dateModified":"2025-01-16T08:42:34+00:00","description":"Been in an accident and wondering how much your motorcycle accident case is worth? Contact us for a free case review.","breadcrumb":{"@id":"https:\/\/slamdunkattorney.com\/faqs\/how-much-is-my-motorcycle-accident-case-worth-in-duluth\/#breadcrumb"},"inLanguage":"es","potentialAction":[{"@type":"ReadAction","target":["https:\/\/slamdunkattorney.com\/faqs\/how-much-is-my-motorcycle-accident-case-worth-in-duluth\/"]}]},{"@type":"ImageObject","inLanguage":"es","@id":"https:\/\/slamdunkattorney.com\/faqs\/how-much-is-my-motorcycle-accident-case-worth-in-duluth\/#primaryimage","url":"https:\/\/slamdunkattorney.com\/wp-content\/uploads\/2022\/11\/motorcycle-accident-case-1.jpg","contentUrl":"https:\/\/slamdunkattorney.com\/wp-content\/uploads\/2022\/11\/motorcycle-accident-case-1.jpg","width":800,"height":600,"caption":"Black Motorcycle | Motorcycle on Road | Motorcycle Accidents"},{"@type":"BreadcrumbList","@id":"https:\/\/slamdunkattorney.com\/faqs\/how-much-is-my-motorcycle-accident-case-worth-in-duluth\/#breadcrumb","itemListElement":[{"@type":"ListItem","position":1,"name":"Home","item":"https:\/\/slamdunkattorney.com\/"},{"@type":"ListItem","position":2,"name":"FAQs","item":"https:\/\/slamdunkattorney.com\/faqs\/"},{"@type":"ListItem","position":3,"name":"Duluth Motorcycle Accident Case Value: What to Expect"}]},{"@type":"WebSite","@id":"https:\/\/slamdunkattorney.com\/#website","url":"https:\/\/slamdunkattorney.com\/","name":"Abogado experto en lesiones | Abogados especializados en lesiones","description":"Abogados de lesiones personales en Duluth","publisher":{"@id":"https:\/\/slamdunkattorney.com\/#organization"},"alternateName":"Slam Dunk Attorney","inLanguage":"es"},{"@type":"Organization","@id":"https:\/\/slamdunkattorney.com\/#organization","name":"Abogado Slam Dunk","alternateName":"Slam Dunk","url":"https:\/\/slamdunkattorney.com\/","logo":{"@type":"ImageObject","inLanguage":"es","@id":"https:\/\/slamdunkattorney.com\/#\/schema\/logo\/image\/","url":"https:\/\/slamdunkattorney.com\/wp-content\/uploads\/2023\/05\/cropped-Logo.png","contentUrl":"https:\/\/slamdunkattorney.com\/wp-content\/uploads\/2023\/05\/cropped-Logo.png","width":1080,"height":240,"caption":"Slam Dunk Attorney"},"image":{"@id":"https:\/\/slamdunkattorney.com\/#\/schema\/logo\/image\/"},"sameAs":["https:\/\/www.facebook.com\/slamdunkattorneyinjurylawyers\/","https:\/\/x.com\/slamdunkattorney","https:\/\/www.instagram.com\/slamdunkattorney\/","https:\/\/www.youtube.com\/channel\/UCSrOiC7vOjlCi3UgtIVGNtw","https:\/\/www.linkedin.com\/company\/slamdunkattorneyinjurylawyers"]}]}},"yoast_meta":{"yoast_wpseo_title":"","yoast_wpseo_metadesc":"","yoast_wpseo_canonical":"https:\/\/slamdunkattorney.com\/es\/wp-json\/wp\/v2\/pages\/2698"},"_links":{"self":[{"href":"https:\/\/slamdunkattorney.com\/es\/wp-json\/wp\/v2\/pages\/2698","targetHints":{"allow":["GET"]}}],"collection":[{"href":"https:\/\/slamdunkattorney.com\/es\/wp-json\/wp\/v2\/pages"}],"about":[{"href":"https:\/\/slamdunkattorney.com\/es\/wp-json\/wp\/v2\/types\/page"}],"author":[{"embeddable":true,"href":"https:\/\/slamdunkattorney.com\/es\/wp-json\/wp\/v2\/users\/2"}],"replies":[{"embeddable":true,"href":"https:\/\/slamdunkattorney.com\/es\/wp-json\/wp\/v2\/comments?post=2698"}],"version-history":[{"count":0,"href":"https:\/\/slamdunkattorney.com\/es\/wp-json\/wp\/v2\/pages\/2698\/revisions"}],"up":[{"embeddable":true,"href":"https:\/\/slamdunkattorney.com\/es\/wp-json\/wp\/v2\/pages\/5902"}],"wp:featuredmedia":[{"embeddable":true,"href":"https:\/\/slamdunkattorney.com\/es\/wp-json\/wp\/v2\/media\/3122"}],"wp:attachment":[{"href":"https:\/\/slamdunkattorney.com\/es\/wp-json\/wp\/v2\/media?parent=2698"}],"wp:term":[{"taxonomy":"extra-categories","embeddable":true,"href":"https:\/\/slamdunkattorney.com\/es\/wp-json\/wp\/v2\/extra-categories?post=2698"},{"taxonomy":"hc_faqs","embeddable":true,"href":"https:\/\/slamdunkattorney.com\/es\/wp-json\/wp\/v2\/hc_faqs?post=2698"}],"curies":[{"name":"wp","href":"https:\/\/api.w.org\/{rel}","templated":true}]}}