{"id":25442,"date":"2025-05-09T09:54:10","date_gmt":"2025-05-09T09:54:10","guid":{"rendered":"https:\/\/slamdunk.wpenginepowered.com\/?page_id=25442"},"modified":"2026-04-10T18:30:35","modified_gmt":"2026-04-10T18:30:35","slug":"faqs-can-you-sue-someone-if-youre-not-a-citizen","status":"publish","type":"page","link":"https:\/\/slamdunkattorney.com\/es\/faqs\/can-you-sue-someone-if-youre-not-a-citizen\/","title":{"rendered":"\u00bfSe puede demandar a alguien si no se es ciudadano?"},"content":{"rendered":"<p><b>S\u00ed<\/b><span style=\"font-weight: 400;\">, puedes demandar a alguien aunque no seas ciudadano. Si has sufrido da\u00f1os por la negligencia de otra persona, mereces justicia y una indemnizaci\u00f3n, independientemente de tu lugar de nacimiento. Tanto si te encuentras en EE. UU. con un visado, una tarjeta de residencia, el estatus DACA o incluso si eres indocumentado, la ley te protege.<\/span><\/p>\n<p><span style=\"font-weight: 400;\">Aunque como extranjero puedes demandar por lesiones personales, eso no significa que vayas a ganar el caso. Para tener las m\u00e1ximas posibilidades de obtener una indemnizaci\u00f3n, debes contratar a un abogado con experiencia. A <\/span><a href=\"https:\/\/slamdunkattorney.com\/es\/\"><span style=\"font-weight: 400;\">Abogado especializado en lesiones personales en Duluth<\/span><\/a><span style=\"font-weight: 400;\"> puede investigar su accidente, presentar una demanda civil s\u00f3lida y representarlo ante los tribunales.<\/span><\/p>\n<p><span style=\"font-weight: 400;\">Veamos m\u00e1s de cerca c\u00f3mo demandar a alguien como no ciudadano y qu\u00e9 puede hacer un abogado para que su caso tenga el mayor \u00e9xito posible.<\/span><\/p>\n<h2>Puedes demandar a alguien si no eres ciudadano<\/h2>\n<p><span style=\"font-weight: 400;\">En Georgia, las leyes sobre lesiones personales protegen a las personas, no solo a los ciudadanos de los Estados Unidos. Si usted resulta lesionado en un accidente automovil\u00edstico, un accidente de motocicleta o cualquier otro incidente causado por las acciones negligentes de otra persona, tiene derecho a tomar las siguientes medidas:<\/span><\/p>\n<ul>\n<li style=\"font-weight: 400;\" aria-level=\"1\"><span style=\"font-weight: 400;\">Contrata a un abogado especializado en lesiones personales.<\/span><\/li>\n<li style=\"font-weight: 400;\" aria-level=\"1\"><span style=\"font-weight: 400;\">Presentar una demanda.<\/span><\/li>\n<li style=\"font-weight: 400;\" aria-level=\"1\"><span style=\"font-weight: 400;\">Recuperar la indemnizaci\u00f3n por gastos m\u00e9dicos, salarios perdidos, da\u00f1os y perjuicios, y otras p\u00e9rdidas.<\/span><\/li>\n<li style=\"font-weight: 400;\" aria-level=\"1\"><span style=\"font-weight: 400;\">Acceda a los tribunales igual que lo har\u00eda un ciudadano estadounidense tras sufrir un accidente con lesiones personales.<\/span><\/li>\n<\/ul>\n<p><span style=\"font-weight: 400;\">Ahora que sabes que puedes demandar a alguien aunque no seas ciudadano, querr\u00e1s hablar con un abogado especializado en lesiones personales para iniciar el proceso legal. Un abogado experto puede responder a cualquier pregunta que tengas sobre la reclamaci\u00f3n de da\u00f1os y perjuicios y asegurarse de que tu demanda se presente correctamente.<\/span><\/p>\n\n<div class=\"cta-container row align-items-center\">\n    <div class=\"col-md-7\">\n        <p class=\"cta-text rs-content-cta\">Orgullosos de servir a Duluth y a todo Georgia <span>\u00a1Cont\u00e1ctenos para comenzar su recuperaci\u00f3n!<\/span> <a href=\"https:\/\/slamdunkattorney.com\/es\/\">Explore nuestras \u00e1reas de pr\u00e1ctica<\/a><\/p>\n    <\/div>\n    <div class=\"col-md-5\">\n        <img decoding=\"async\" src=\"https:\/\/slamdunkattorney.com\/wp-content\/themes\/slam-dunk-rebuild\/assets\/app\/img\/map-cta.jpg\" alt=\"Legal Consultation\" class=\"img-fluid\"\/>\n    <\/div>\n<\/div><h2>Tipos comunes de casos que pueden presentar los no ciudadanos<\/h2>\n<p><span style=\"font-weight: 400;\">Independientemente de su estatus migratorio, si ha sufrido lesiones, puede emprender acciones legales para obtener una indemnizaci\u00f3n. Un abogado especializado puede ayudarle a presentar una demanda y <\/span><b>buscar la m\u00e1xima indemnizaci\u00f3n<\/b><span style=\"font-weight: 400;\"> por lesiones y p\u00e9rdidas sufridas en cualquiera de los siguientes tipos de incidentes:&nbsp;<\/span><\/p>\n<ul>\n<li style=\"font-weight: 400;\" aria-level=\"1\"><span style=\"font-weight: 400;\">Accidentes automovil\u00edsticos<\/span><\/li>\n<li style=\"font-weight: 400;\" aria-level=\"1\"><span style=\"font-weight: 400;\">Incidente por mordedura de perro<\/span><\/li>\n<li style=\"font-weight: 400;\" aria-level=\"1\"><span style=\"font-weight: 400;\">Accidente de motocicleta<\/span><\/li>\n<li style=\"font-weight: 400;\" aria-level=\"1\"><span style=\"font-weight: 400;\">Resbalones y ca\u00eddas<\/span><\/li>\n<li style=\"font-weight: 400;\" aria-level=\"1\"><span style=\"font-weight: 400;\">Accidentes de camiones<\/span><\/li>\n<li style=\"font-weight: 400;\" aria-level=\"1\"><span style=\"font-weight: 400;\">Abuso en hogares de ancianos&nbsp;<\/span><\/li>\n<\/ul>\n<p><span style=\"font-weight: 400;\">Puede demandar a alguien si no es ciudadano y ha resultado lesionado en uno de los incidentes mencionados anteriormente. Dicho esto, presentar una demanda civil puede ser incre\u00edblemente dif\u00edcil, incluso si es residente permanente de los Estados Unidos. Un abogado puede simplificar mucho el proceso legal y responder a cualquier pregunta que tenga sobre c\u00f3mo reclamar da\u00f1os y perjuicios como no ciudadano.<\/span><\/p>\n<h2>Da\u00f1os y perjuicios que se pueden recuperar en una demanda por lesiones personales<\/h2>\n<p><span style=\"font-weight: 400;\">Si no es ciudadano, puede demandar a la persona que caus\u00f3 su accidente por los mismos da\u00f1os y perjuicios que podr\u00eda reclamar un ciudadano. Dependiendo de las lesiones, las p\u00e9rdidas econ\u00f3micas y los problemas no econ\u00f3micos a los que se haya enfrentado debido al incidente, un abogado puede reclamar cualquiera de los siguientes da\u00f1os y perjuicios en su nombre:<\/span><\/p>\n<ul>\n<li style=\"font-weight: 400;\" aria-level=\"1\"><span style=\"font-weight: 400;\">Facturas m\u00e9dicas&nbsp;<\/span><\/li>\n<li style=\"font-weight: 400;\" aria-level=\"1\"><span style=\"font-weight: 400;\">Salarios perdidos<\/span><\/li>\n<li style=\"font-weight: 400;\" aria-level=\"1\"><span style=\"font-weight: 400;\">Disminuci\u00f3n de la capacidad de generar ingresos<\/span><\/li>\n<li style=\"font-weight: 400;\" aria-level=\"1\"><span style=\"font-weight: 400;\">Da\u00f1os materiales o costos de reparaci\u00f3n de veh\u00edculos<\/span><\/li>\n<li style=\"font-weight: 400;\" aria-level=\"1\"><span style=\"font-weight: 400;\">Dolor y sufrimiento<\/span><\/li>\n<li style=\"font-weight: 400;\" aria-level=\"1\"><span style=\"font-weight: 400;\">Angustia emocional<\/span><\/li>\n<li style=\"font-weight: 400;\" aria-level=\"1\"><span style=\"font-weight: 400;\">P\u00e9rdida del disfrute de la vida<\/span><\/li>\n<li style=\"font-weight: 400;\" aria-level=\"1\"><a href=\"https:\/\/www.investopedia.com\/terms\/p\/punitive-damages.asp\" target=\"_blank\" rel=\"noopener\"><span style=\"font-weight: 400;\">Da\u00f1os punitivos<\/span><\/a><span style=\"font-weight: 400;\">, en algunos casos<\/span><\/li>\n<\/ul>\n\n<div class=\"cta-container row align-items-center\">\n    <div class=\"col-md-7\">\n        <p class=\"cta-text rs-content-cta\"><a class=\"no-btn\" href=\"https:\/\/slamdunkattorney.com\/es\/contact-us\/\">Haga clic para contactar<\/a> nuestros abogados especializados en lesiones personales hoy mismo<\/p>\n    <\/div>\n    <div class=\"col-md-5\">\n        <img decoding=\"async\" src=\"https:\/\/slamdunkattorney.com\/wp-content\/themes\/slam-dunk-rebuild\/assets\/app\/img\/map-cta.jpg\" alt=\"Contact Us\" class=\"img-fluid\"\/>\n    <\/div>\n<\/div><h2>C\u00f3mo puede ayudarle un abogado experto en lesiones personales<\/h2>\n<p><span style=\"font-weight: 400;\">Puede demandar a alguien si no es ciudadano, pero para ello tendr\u00e1 que contratar a un abogado. Un abogado puede encargarse de todo su caso para que usted pueda centrarse en recuperarse de sus lesiones y acudir a las citas m\u00e9dicas. Esto es lo que un abogado puede hacer para conseguirle una indemnizaci\u00f3n:<\/span><\/p>\n<ul>\n<li style=\"font-weight: 400;\" aria-level=\"1\"><span style=\"font-weight: 400;\">Investigue exactamente c\u00f3mo ocurri\u00f3 el accidente revisando las pruebas, entrevistando a los testigos y analizando el lugar del accidente.<\/span><\/li>\n<li style=\"font-weight: 400;\" aria-level=\"1\"><span style=\"font-weight: 400;\">Re\u00fana todas las pruebas disponibles, incluyendo fotograf\u00edas, grabaciones de c\u00e1maras de vigilancia, informes oficiales y testimonios de testigos, para reforzar su reclamaci\u00f3n.<\/span><\/li>\n<li style=\"font-weight: 400;\" aria-level=\"1\"><span style=\"font-weight: 400;\">Solicite y revise cuidadosamente los informes policiales, los informes de accidentes y cualquier documentaci\u00f3n oficial relacionada con el incidente.<\/span><\/li>\n<li style=\"font-weight: 400;\" aria-level=\"1\"><span style=\"font-weight: 400;\">Revise todos sus registros m\u00e9dicos y su historial de tratamientos para demostrar la gravedad y el impacto a largo plazo de sus lesiones.<\/span><\/li>\n<li style=\"font-weight: 400;\" aria-level=\"1\"><span style=\"font-weight: 400;\">Calcule el valor total de su reclamaci\u00f3n.<\/span><\/li>\n<li style=\"font-weight: 400;\" aria-level=\"1\"><span style=\"font-weight: 400;\">Presente reclamaciones de seguros y documentos legales de forma r\u00e1pida y correcta.<\/span><\/li>\n<li style=\"font-weight: 400;\" aria-level=\"1\"><span style=\"font-weight: 400;\">Comunicarse con los ajustadores de seguros en su nombre.<\/span><\/li>\n<li style=\"font-weight: 400;\" aria-level=\"1\"><span style=\"font-weight: 400;\">Negocia en\u00e9rgicamente con la compa\u00f1\u00eda de seguros para intentar alcanzar el acuerdo m\u00e1ximo.<\/span><\/li>\n<li style=\"font-weight: 400;\" aria-level=\"1\"><span style=\"font-weight: 400;\">Prepara tu caso para el juicio desde el primer d\u00eda, reuniendo todas las pruebas y preparando los argumentos como si el juicio fuera a celebrarse.<\/span><\/li>\n<li style=\"font-weight: 400;\" aria-level=\"1\"><span style=\"font-weight: 400;\">Presentar una demanda.<\/span><\/li>\n<li style=\"font-weight: 400;\" aria-level=\"1\"><span style=\"font-weight: 400;\">Representarlo ante los tribunales y presentar pruebas s\u00f3lidas.<\/span><\/li>\n<li style=\"font-weight: 400;\" aria-level=\"1\"><span style=\"font-weight: 400;\">Trabaje en estrecha colaboraci\u00f3n con peritos y reconstructores de accidentes para respaldar su caso.<\/span><\/li>\n<li style=\"font-weight: 400;\" aria-level=\"1\"><span style=\"font-weight: 400;\">Proporcione actualizaciones peri\u00f3dicas, normalmente una vez a la semana o con mayor frecuencia, para que siempre sepa en qu\u00e9 estado se encuentra su caso.<\/span><\/li>\n<li style=\"font-weight: 400;\" aria-level=\"1\"><span style=\"font-weight: 400;\">Lucha sin descanso desde el principio hasta el final para maximizar tu recuperaci\u00f3n y hacer que los responsables rindan cuentas.<\/span><\/li>\n<li style=\"font-weight: 400;\" aria-level=\"1\"><span style=\"font-weight: 400;\">Asesorarle sobre si puede demandar a alguien si no es ciudadano.<\/span><\/li>\n<\/ul>\n<p><span style=\"font-weight: 400;\">Como puede ver, un abogado puede tomar muchas medidas para fortalecer su caso, asegurarse de que est\u00e9 informado durante todo el proceso legal y obtener la <\/span><b>los da\u00f1os que necesitas para volver a encarrilar tu vida<\/b><span style=\"font-weight: 400;\">. Comun\u00edquese hoy mismo con un abogado experto para obtener m\u00e1s informaci\u00f3n sobre c\u00f3mo solicitar una indemnizaci\u00f3n tras un accidente como extranjero.<\/span><\/p>\n\n<div class=\"cta-container map-bg row align-items-center flex-md-row-reverse\">\n    <div class=\"col-md-6\">\n        <p class=\"cta-text rs-content-cta\">Completa un <a href=\"https:\/\/slamdunkattorney.com\/es\/contact-us\/\">Formulario de evaluaci\u00f3n gratuita de su caso<\/a> ahora<\/p>\n    <\/div>\n    <div class=\"col-md-6 col-bg\">\n    <\/div>\n<\/div><h2>Re\u00fanase con un abogado experto en lesiones personales de forma gratuita.<\/h2>\n<p><span style=\"font-weight: 400;\">Si todav\u00eda te preguntas si puedes demandar a alguien sin ser ciudadano, te animamos a que programes una consulta gratuita con un abogado de nuestro despacho. En Slam Dunk Attorney, contamos con d\u00e9cadas de experiencia combinada representando a ciudadanos y no ciudadanos que han resultado lesionados en accidentes.<\/span><\/p>\n<p><span style=\"font-weight: 400;\">Contamos con las habilidades, los conocimientos jur\u00eddicos y los recursos necesarios para obtener la indemnizaci\u00f3n que usted se merece. Independientemente de la gravedad de sus lesiones y p\u00e9rdidas, puede contar con nuestro equipo para obtener el apoyo financiero que necesita para cubrir sus gastos m\u00e9dicos, hacer frente al dolor que est\u00e1 sufriendo y avanzar hacia un futuro mejor.&nbsp;<\/span><\/p>\n\n<div class=\"cta-container row align-items-center\">\n    <div class=\"col-md-7\">\n        <p class=\"cta-text rs-content-cta\">Llame o env\u00ede un mensaje de texto <a class=\"no-btn\" href=\"tel:+14049513513\">404-951-3513<\/a> o completar un <a href=\"https:\/\/slamdunkattorney.com\/es\/contact-us\/\">Formulario de evaluaci\u00f3n gratuita de su caso<\/a><\/p>\n    <\/div>\n    <div class=\"col-md-5\">\n        <img decoding=\"async\" src=\"https:\/\/slamdunkattorney.com\/wp-content\/themes\/slam-dunk-rebuild\/assets\/app\/img\/map-cta.jpg\" alt=\"Call or Text\" class=\"img-fluid\"\/>\n    <\/div>\n<\/div>","protected":false},"excerpt":{"rendered":"<p>Yes, you can sue someone if you&#8217;re not a citizen. If you were hurt because of someone else&#8217;s negligence, you deserve justice and compensation, no matter where you were born. Whether you are in the U.S. on a visa, green card, DACA status, or even if you are undocumented, the law still protects you. Although &#8230;<\/p>","protected":false},"author":2,"featured_media":40048,"parent":5902,"menu_order":0,"comment_status":"closed","ping_status":"closed","template":"","meta":{"_acf_changed":false,"_genesis_hide_title":false,"_genesis_hide_breadcrumbs":false,"_genesis_hide_singular_image":false,"_genesis_hide_footer_widgets":false,"_genesis_custom_body_class":"","_genesis_custom_post_class":"","_genesis_layout":"","ngg_post_thumbnail":0,"footnotes":""},"extra-categories":[],"hc_faqs":[40],"class_list":{"0":"post-25442","1":"page","2":"type-page","3":"status-publish","4":"has-post-thumbnail","6":"hc_faqs-personal-injury","7":"entry"},"acf":[],"yoast_head":"<!-- This site is optimized with the Yoast SEO plugin v27.4 - https:\/\/yoast.com\/product\/yoast-seo-wordpress\/ -->\n<title>Can A Non Citizen Sue In US Court? |Slam Dunk Attorney<\/title>\n<meta name=\"description\" content=\"Can a non-citizen sue in a U.S. court? Learn your legal rights and how foreign nationals can file lawsuits. Book a free consultation today.\" \/>\n<meta name=\"robots\" content=\"index, follow, max-snippet:-1, max-image-preview:large, max-video-preview:-1\" \/>\n<link rel=\"canonical\" href=\"https:\/\/slamdunkattorney.com\/es\/faqs\/can-you-sue-someone-if-youre-not-a-citizen\/\" \/>\n<meta property=\"og:locale\" content=\"es_MX\" \/>\n<meta property=\"og:type\" content=\"article\" \/>\n<meta property=\"og:title\" content=\"Can A Non Citizen Sue In US Court? |Slam Dunk Attorney\" \/>\n<meta property=\"og:description\" content=\"Can a non-citizen sue in a U.S. court? Learn your legal rights and how foreign nationals can file lawsuits. Book a free consultation today.\" \/>\n<meta property=\"og:url\" content=\"https:\/\/slamdunkattorney.com\/es\/faqs\/can-you-sue-someone-if-youre-not-a-citizen\/\" \/>\n<meta property=\"og:site_name\" content=\"Slam Dunk Attorney | Injury Lawyers\" \/>\n<meta property=\"article:publisher\" content=\"https:\/\/www.facebook.com\/slamdunkattorneyinjurylawyers\/\" \/>\n<meta property=\"article:modified_time\" content=\"2026-04-10T18:30:35+00:00\" \/>\n<meta property=\"og:image\" content=\"https:\/\/slamdunkattorney.com\/wp-content\/uploads\/2026\/04\/can-you-sue-someone-if-youre-not-a-citizen-new.jpg\" \/>\n\t<meta property=\"og:image:width\" content=\"1253\" \/>\n\t<meta property=\"og:image:height\" content=\"836\" \/>\n\t<meta property=\"og:image:type\" content=\"image\/jpeg\" \/>\n<meta name=\"twitter:card\" content=\"summary_large_image\" \/>\n<meta name=\"twitter:site\" content=\"@slamdunkattorney\" \/>\n<meta name=\"twitter:label1\" content=\"Est. reading time\" \/>\n\t<meta name=\"twitter:data1\" content=\"5 minutos\" \/>\n<script type=\"application\/ld+json\" class=\"yoast-schema-graph\">{\"@context\":\"https:\\\/\\\/schema.org\",\"@graph\":[{\"@type\":\"WebPage\",\"@id\":\"https:\\\/\\\/slamdunkattorney.com\\\/faqs\\\/can-you-sue-someone-if-youre-not-a-citizen\\\/\",\"url\":\"https:\\\/\\\/slamdunkattorney.com\\\/faqs\\\/can-you-sue-someone-if-youre-not-a-citizen\\\/\",\"name\":\"Can A Non Citizen Sue In US Court? |Slam Dunk Attorney\",\"isPartOf\":{\"@id\":\"https:\\\/\\\/slamdunkattorney.com\\\/#website\"},\"primaryImageOfPage\":{\"@id\":\"https:\\\/\\\/slamdunkattorney.com\\\/faqs\\\/can-you-sue-someone-if-youre-not-a-citizen\\\/#primaryimage\"},\"image\":{\"@id\":\"https:\\\/\\\/slamdunkattorney.com\\\/faqs\\\/can-you-sue-someone-if-youre-not-a-citizen\\\/#primaryimage\"},\"thumbnailUrl\":\"https:\\\/\\\/slamdunkattorney.com\\\/wp-content\\\/uploads\\\/2026\\\/04\\\/can-you-sue-someone-if-youre-not-a-citizen-new.jpg\",\"datePublished\":\"2025-05-09T09:54:10+00:00\",\"dateModified\":\"2026-04-10T18:30:35+00:00\",\"description\":\"Can a non-citizen sue in a U.S. court? Learn your legal rights and how foreign nationals can file lawsuits. Book a free consultation today.\",\"breadcrumb\":{\"@id\":\"https:\\\/\\\/slamdunkattorney.com\\\/faqs\\\/can-you-sue-someone-if-youre-not-a-citizen\\\/#breadcrumb\"},\"inLanguage\":\"es\",\"potentialAction\":[{\"@type\":\"ReadAction\",\"target\":[\"https:\\\/\\\/slamdunkattorney.com\\\/faqs\\\/can-you-sue-someone-if-youre-not-a-citizen\\\/\"]}]},{\"@type\":\"ImageObject\",\"inLanguage\":\"es\",\"@id\":\"https:\\\/\\\/slamdunkattorney.com\\\/faqs\\\/can-you-sue-someone-if-youre-not-a-citizen\\\/#primaryimage\",\"url\":\"https:\\\/\\\/slamdunkattorney.com\\\/wp-content\\\/uploads\\\/2026\\\/04\\\/can-you-sue-someone-if-youre-not-a-citizen-new.jpg\",\"contentUrl\":\"https:\\\/\\\/slamdunkattorney.com\\\/wp-content\\\/uploads\\\/2026\\\/04\\\/can-you-sue-someone-if-youre-not-a-citizen-new.jpg\",\"width\":1253,\"height\":836,\"caption\":\"can you sue someone if youre not a citizen\"},{\"@type\":\"BreadcrumbList\",\"@id\":\"https:\\\/\\\/slamdunkattorney.com\\\/faqs\\\/can-you-sue-someone-if-youre-not-a-citizen\\\/#breadcrumb\",\"itemListElement\":[{\"@type\":\"ListItem\",\"position\":1,\"name\":\"Home\",\"item\":\"https:\\\/\\\/slamdunkattorney.com\\\/\"},{\"@type\":\"ListItem\",\"position\":2,\"name\":\"FAQs\",\"item\":\"https:\\\/\\\/slamdunkattorney.com\\\/faqs\\\/\"},{\"@type\":\"ListItem\",\"position\":3,\"name\":\"Can You Sue Someone if You&#8217;re Not a Citizen?\"}]},{\"@type\":\"WebSite\",\"@id\":\"https:\\\/\\\/slamdunkattorney.com\\\/#website\",\"url\":\"https:\\\/\\\/slamdunkattorney.com\\\/\",\"name\":\"Slam Dunk Attorney | Injury Lawyers\",\"description\":\"Duluth Personal Injury Lawyers\",\"publisher\":{\"@id\":\"https:\\\/\\\/slamdunkattorney.com\\\/#organization\"},\"alternateName\":\"Slam Dunk Attorney\",\"inLanguage\":\"es\"},{\"@type\":\"Organization\",\"@id\":\"https:\\\/\\\/slamdunkattorney.com\\\/#organization\",\"name\":\"Slam Dunk Attorney\",\"alternateName\":\"Slam Dunk\",\"url\":\"https:\\\/\\\/slamdunkattorney.com\\\/\",\"logo\":{\"@type\":\"ImageObject\",\"inLanguage\":\"es\",\"@id\":\"https:\\\/\\\/slamdunkattorney.com\\\/#\\\/schema\\\/logo\\\/image\\\/\",\"url\":\"https:\\\/\\\/slamdunkattorney.com\\\/wp-content\\\/uploads\\\/2023\\\/05\\\/cropped-Logo.png\",\"contentUrl\":\"https:\\\/\\\/slamdunkattorney.com\\\/wp-content\\\/uploads\\\/2023\\\/05\\\/cropped-Logo.png\",\"width\":1080,\"height\":240,\"caption\":\"Slam Dunk Attorney\"},\"image\":{\"@id\":\"https:\\\/\\\/slamdunkattorney.com\\\/#\\\/schema\\\/logo\\\/image\\\/\"},\"sameAs\":[\"https:\\\/\\\/www.facebook.com\\\/slamdunkattorneyinjurylawyers\\\/\",\"https:\\\/\\\/x.com\\\/slamdunkattorney\",\"https:\\\/\\\/www.instagram.com\\\/slamdunkattorney\\\/\",\"https:\\\/\\\/www.youtube.com\\\/channel\\\/UCSrOiC7vOjlCi3UgtIVGNtw\",\"https:\\\/\\\/www.linkedin.com\\\/company\\\/slamdunkattorneyinjurylawyers\"]}]}<\/script>\n<!-- \/ Yoast SEO plugin. -->","yoast_head_json":{"title":"Can A Non Citizen Sue In US Court? |Slam Dunk Attorney","description":"Can a non-citizen sue in a U.S. court? Learn your legal rights and how foreign nationals can file lawsuits. Book a free consultation today.","robots":{"index":"index","follow":"follow","max-snippet":"max-snippet:-1","max-image-preview":"max-image-preview:large","max-video-preview":"max-video-preview:-1"},"canonical":"https:\/\/slamdunkattorney.com\/es\/faqs\/can-you-sue-someone-if-youre-not-a-citizen\/","og_locale":"es_MX","og_type":"article","og_title":"Can A Non Citizen Sue In US Court? |Slam Dunk Attorney","og_description":"Can a non-citizen sue in a U.S. court? Learn your legal rights and how foreign nationals can file lawsuits. Book a free consultation today.","og_url":"https:\/\/slamdunkattorney.com\/es\/faqs\/can-you-sue-someone-if-youre-not-a-citizen\/","og_site_name":"Slam Dunk Attorney | Injury Lawyers","article_publisher":"https:\/\/www.facebook.com\/slamdunkattorneyinjurylawyers\/","article_modified_time":"2026-04-10T18:30:35+00:00","og_image":[{"width":1253,"height":836,"url":"https:\/\/slamdunkattorney.com\/wp-content\/uploads\/2026\/04\/can-you-sue-someone-if-youre-not-a-citizen-new.jpg","type":"image\/jpeg"}],"twitter_card":"summary_large_image","twitter_site":"@slamdunkattorney","twitter_misc":{"Est. reading time":"5 minutos"},"schema":{"@context":"https:\/\/schema.org","@graph":[{"@type":"WebPage","@id":"https:\/\/slamdunkattorney.com\/faqs\/can-you-sue-someone-if-youre-not-a-citizen\/","url":"https:\/\/slamdunkattorney.com\/faqs\/can-you-sue-someone-if-youre-not-a-citizen\/","name":"Can A Non Citizen Sue In US Court? |Slam Dunk Attorney","isPartOf":{"@id":"https:\/\/slamdunkattorney.com\/#website"},"primaryImageOfPage":{"@id":"https:\/\/slamdunkattorney.com\/faqs\/can-you-sue-someone-if-youre-not-a-citizen\/#primaryimage"},"image":{"@id":"https:\/\/slamdunkattorney.com\/faqs\/can-you-sue-someone-if-youre-not-a-citizen\/#primaryimage"},"thumbnailUrl":"https:\/\/slamdunkattorney.com\/wp-content\/uploads\/2026\/04\/can-you-sue-someone-if-youre-not-a-citizen-new.jpg","datePublished":"2025-05-09T09:54:10+00:00","dateModified":"2026-04-10T18:30:35+00:00","description":"Can a non-citizen sue in a U.S. court? Learn your legal rights and how foreign nationals can file lawsuits. Book a free consultation today.","breadcrumb":{"@id":"https:\/\/slamdunkattorney.com\/faqs\/can-you-sue-someone-if-youre-not-a-citizen\/#breadcrumb"},"inLanguage":"es","potentialAction":[{"@type":"ReadAction","target":["https:\/\/slamdunkattorney.com\/faqs\/can-you-sue-someone-if-youre-not-a-citizen\/"]}]},{"@type":"ImageObject","inLanguage":"es","@id":"https:\/\/slamdunkattorney.com\/faqs\/can-you-sue-someone-if-youre-not-a-citizen\/#primaryimage","url":"https:\/\/slamdunkattorney.com\/wp-content\/uploads\/2026\/04\/can-you-sue-someone-if-youre-not-a-citizen-new.jpg","contentUrl":"https:\/\/slamdunkattorney.com\/wp-content\/uploads\/2026\/04\/can-you-sue-someone-if-youre-not-a-citizen-new.jpg","width":1253,"height":836,"caption":"can you sue someone if youre not a citizen"},{"@type":"BreadcrumbList","@id":"https:\/\/slamdunkattorney.com\/faqs\/can-you-sue-someone-if-youre-not-a-citizen\/#breadcrumb","itemListElement":[{"@type":"ListItem","position":1,"name":"Home","item":"https:\/\/slamdunkattorney.com\/"},{"@type":"ListItem","position":2,"name":"FAQs","item":"https:\/\/slamdunkattorney.com\/faqs\/"},{"@type":"ListItem","position":3,"name":"Can You Sue Someone if You&#8217;re Not a Citizen?"}]},{"@type":"WebSite","@id":"https:\/\/slamdunkattorney.com\/#website","url":"https:\/\/slamdunkattorney.com\/","name":"Abogado experto en lesiones | Abogados especializados en lesiones","description":"Abogados de lesiones personales en Duluth","publisher":{"@id":"https:\/\/slamdunkattorney.com\/#organization"},"alternateName":"Slam Dunk Attorney","inLanguage":"es"},{"@type":"Organization","@id":"https:\/\/slamdunkattorney.com\/#organization","name":"Abogado Slam Dunk","alternateName":"Slam Dunk","url":"https:\/\/slamdunkattorney.com\/","logo":{"@type":"ImageObject","inLanguage":"es","@id":"https:\/\/slamdunkattorney.com\/#\/schema\/logo\/image\/","url":"https:\/\/slamdunkattorney.com\/wp-content\/uploads\/2023\/05\/cropped-Logo.png","contentUrl":"https:\/\/slamdunkattorney.com\/wp-content\/uploads\/2023\/05\/cropped-Logo.png","width":1080,"height":240,"caption":"Slam Dunk Attorney"},"image":{"@id":"https:\/\/slamdunkattorney.com\/#\/schema\/logo\/image\/"},"sameAs":["https:\/\/www.facebook.com\/slamdunkattorneyinjurylawyers\/","https:\/\/x.com\/slamdunkattorney","https:\/\/www.instagram.com\/slamdunkattorney\/","https:\/\/www.youtube.com\/channel\/UCSrOiC7vOjlCi3UgtIVGNtw","https:\/\/www.linkedin.com\/company\/slamdunkattorneyinjurylawyers"]}]}},"yoast_meta":{"yoast_wpseo_title":"","yoast_wpseo_metadesc":"","yoast_wpseo_canonical":"https:\/\/slamdunkattorney.com\/es\/wp-json\/wp\/v2\/pages\/25442"},"_links":{"self":[{"href":"https:\/\/slamdunkattorney.com\/es\/wp-json\/wp\/v2\/pages\/25442","targetHints":{"allow":["GET"]}}],"collection":[{"href":"https:\/\/slamdunkattorney.com\/es\/wp-json\/wp\/v2\/pages"}],"about":[{"href":"https:\/\/slamdunkattorney.com\/es\/wp-json\/wp\/v2\/types\/page"}],"author":[{"embeddable":true,"href":"https:\/\/slamdunkattorney.com\/es\/wp-json\/wp\/v2\/users\/2"}],"replies":[{"embeddable":true,"href":"https:\/\/slamdunkattorney.com\/es\/wp-json\/wp\/v2\/comments?post=25442"}],"version-history":[{"count":0,"href":"https:\/\/slamdunkattorney.com\/es\/wp-json\/wp\/v2\/pages\/25442\/revisions"}],"up":[{"embeddable":true,"href":"https:\/\/slamdunkattorney.com\/es\/wp-json\/wp\/v2\/pages\/5902"}],"wp:featuredmedia":[{"embeddable":true,"href":"https:\/\/slamdunkattorney.com\/es\/wp-json\/wp\/v2\/media\/40048"}],"wp:attachment":[{"href":"https:\/\/slamdunkattorney.com\/es\/wp-json\/wp\/v2\/media?parent=25442"}],"wp:term":[{"taxonomy":"extra-categories","embeddable":true,"href":"https:\/\/slamdunkattorney.com\/es\/wp-json\/wp\/v2\/extra-categories?post=25442"},{"taxonomy":"hc_faqs","embeddable":true,"href":"https:\/\/slamdunkattorney.com\/es\/wp-json\/wp\/v2\/hc_faqs?post=25442"}],"curies":[{"name":"wp","href":"https:\/\/api.w.org\/{rel}","templated":true}]}}