{"id":25440,"date":"2025-05-09T09:50:40","date_gmt":"2025-05-09T09:50:40","guid":{"rendered":"https:\/\/slamdunk.wpenginepowered.com\/?page_id=25440"},"modified":"2026-04-03T13:16:30","modified_gmt":"2026-04-03T13:16:30","slug":"faqs-can-undocumented-immigrants-sue-for-personal-injury","status":"publish","type":"page","link":"https:\/\/slamdunkattorney.com\/es\/faqs\/can-undocumented-immigrants-sue-for-personal-injury\/","title":{"rendered":"\u00bfPueden los inmigrantes indocumentados demandar por lesiones personales?"},"content":{"rendered":"<p><b>S\u00ed<\/b><span style=\"font-weight: 400;\">, Los inmigrantes indocumentados pueden demandar por lesiones personales. Si usted es un inmigrante indocumentado que ha resultado lesionado por el descuido de otra persona, su derecho a presentar una demanda por lesiones personales no tiene nada que ver con su estatus migratorio.<\/span><\/p>\n<p><span style=\"font-weight: 400;\">Dicho esto, solicitar una indemnizaci\u00f3n como inmigrante indocumentado o incluso como ciudadano puede resultar incre\u00edblemente dif\u00edcil sin ayuda. Contratar a un <\/span><a href=\"https:\/\/slamdunkattorney.com\/es\/\"><span style=\"font-weight: 400;\">Abogado especializado en lesiones personales en Duluth<\/span><\/a><span style=\"font-weight: 400;\"> puede mejorar considerablemente sus posibilidades de obtener una indemnizaci\u00f3n justa por sus lesiones. Analicemos m\u00e1s detenidamente si los inmigrantes indocumentados pueden demandar por lesiones personales y c\u00f3mo un abogado puede ayudarle.<\/span><\/p>\n<h2>Los inmigrantes indocumentados pueden demandar por lesiones personales<\/h2>\n<p><span style=\"font-weight: 400;\">Seg\u00fan las leyes estatales y federales de Georgia, los inmigrantes indocumentados pueden demandar por lesiones personales. \u00bfEs usted indocumentado y le preocupa solicitar una indemnizaci\u00f3n por una lesi\u00f3n? Si es as\u00ed, puede estar tranquilo sabiendo que los tribunales no le preguntar\u00e1n si tiene visa, un <\/span><a href=\"https:\/\/www.uscis.gov\/green-card\" target=\"_blank\" rel=\"noopener\"><span style=\"font-weight: 400;\">tarjeta de residencia<\/span><\/a><span style=\"font-weight: 400;\">, o cualquier otro documento legal antes de permitirle presentar una demanda.&nbsp;<\/span><\/p>\n<p><span style=\"font-weight: 400;\">En otras palabras, no importa si usted es un inmigrante indocumentado o un ciudadano de los Estados Unidos. En cualquier caso, tiene derecho a presentar una demanda por las lesiones y p\u00e9rdidas sufridas en cualquiera de los siguientes tipos de incidentes de lesiones personales:<\/span><\/p>\n<ul>\n<li style=\"font-weight: 400;\" aria-level=\"1\"><span style=\"font-weight: 400;\">Accidentes automovil\u00edsticos<\/span><\/li>\n<li style=\"font-weight: 400;\" aria-level=\"1\"><span style=\"font-weight: 400;\">Mordeduras de perro<\/span><\/li>\n<li style=\"font-weight: 400;\" aria-level=\"1\"><span style=\"font-weight: 400;\">Accidentes de motocicleta<\/span><\/li>\n<li style=\"font-weight: 400;\" aria-level=\"1\"><span style=\"font-weight: 400;\">Incidentes por resbalones y ca\u00eddas<\/span><\/li>\n<li style=\"font-weight: 400;\" aria-level=\"1\"><span style=\"font-weight: 400;\">Accidentes de camiones<\/span><\/li>\n<li style=\"font-weight: 400;\" aria-level=\"1\"><span style=\"font-weight: 400;\">Casos de abuso en residencias de ancianos&nbsp;<\/span><\/li>\n<\/ul>\n<p><span style=\"font-weight: 400;\">Si usted result\u00f3 lesionado en uno de estos incidentes o en otro tipo de accidente, le conviene ponerse en contacto con un abogado especializado en lesiones personales para que le ayude. Un abogado puede revisar los detalles de su caso, responder a cualquier pregunta que tenga sobre c\u00f3mo demandar por lesiones personales como inmigrante indocumentado y luchar por la indemnizaci\u00f3n que necesita para recuperarse.<\/span><\/p>\n\n<div class=\"cta-container row align-items-center\">\n    <div class=\"col-md-7\">\n        <p class=\"cta-text rs-content-cta\">Orgullosos de servir a Duluth y a todo Georgia <span>\u00a1Cont\u00e1ctenos para comenzar su recuperaci\u00f3n!<\/span> <a href=\"https:\/\/slamdunkattorney.com\/es\/\">Explore nuestras \u00e1reas de pr\u00e1ctica<\/a><\/p>\n    <\/div>\n    <div class=\"col-md-5\">\n        <img decoding=\"async\" src=\"https:\/\/slamdunkattorney.com\/wp-content\/themes\/slam-dunk-rebuild\/assets\/app\/img\/map-cta.jpg\" alt=\"Legal Consultation\" class=\"img-fluid\"\/>\n    <\/div>\n<\/div><h2>\u00bfAfectar\u00e1 mi estatus migratorio el hecho de presentar una demanda?<\/h2>\n<p><span style=\"font-weight: 400;\">Como inmigrante indocumentado, es posible que le preocupe solicitar una indemnizaci\u00f3n por una lesi\u00f3n causada por otra persona. Es comprensible que tema que presentar una demanda por lesiones personales llame la atenci\u00f3n sobre su situaci\u00f3n migratoria. Sin embargo, conocer los siguientes datos deber\u00eda tranquilizarle:<\/span><\/p>\n<ul>\n<li style=\"font-weight: 400;\" aria-level=\"1\"><span style=\"font-weight: 400;\">Una demanda por lesiones personales es un asunto civil, no un asunto de inmigraci\u00f3n.<\/span><\/li>\n<li style=\"font-weight: 400;\" aria-level=\"1\"><span style=\"font-weight: 400;\">Tribunales <\/span><b>no informar <\/b><span style=\"font-weight: 400;\">inmigrantes indocumentados que demandan por lesiones personales a las autoridades migratorias.<\/span><\/li>\n<li style=\"font-weight: 400;\" aria-level=\"1\"><span style=\"font-weight: 400;\">Los demandados y las compa\u00f1\u00edas de seguros no pueden utilizar su estatus migratorio para evitar pagarle.<\/span><\/li>\n<li style=\"font-weight: 400;\" aria-level=\"1\"><span style=\"font-weight: 400;\">Los jueces suelen impedir que se planteen cuestiones relacionadas con la inmigraci\u00f3n en los casos de lesiones, ya que no son relevantes.<\/span><\/li>\n<\/ul>\n<h2>\u00bfQu\u00e9 da\u00f1os pueden recuperar los inmigrantes indocumentados?<\/h2>\n<p><span style=\"font-weight: 400;\">Ahora que sabe que los inmigrantes indocumentados pueden demandar por lesiones personales, probablemente se pregunte qu\u00e9 tipos de indemnizaci\u00f3n puede obtener si gana el juicio. Dependiendo de las lesiones, las p\u00e9rdidas econ\u00f3micas y las dificultades intangibles que haya sufrido a causa del accidente, podr\u00eda obtener cualquiera de las siguientes indemnizaciones en una demanda civil:<\/span><\/p>\n<ul>\n<li style=\"font-weight: 400;\" aria-level=\"1\"><span style=\"font-weight: 400;\">Facturas m\u00e9dicas&nbsp;<\/span><\/li>\n<li style=\"font-weight: 400;\" aria-level=\"1\"><span style=\"font-weight: 400;\">Costos de tratamientos m\u00e9dicos futuros<\/span><\/li>\n<li style=\"font-weight: 400;\" aria-level=\"1\"><span style=\"font-weight: 400;\">Gastos de fisioterapia<\/span><\/li>\n<li style=\"font-weight: 400;\" aria-level=\"1\"><span style=\"font-weight: 400;\">Salarios perdidos&nbsp;<\/span><\/li>\n<li style=\"font-weight: 400;\" aria-level=\"1\"><span style=\"font-weight: 400;\">Capacidad de ingresos reducida<\/span><\/li>\n<li style=\"font-weight: 400;\" aria-level=\"1\"><span style=\"font-weight: 400;\">Da\u00f1os materiales<\/span><\/li>\n<li style=\"font-weight: 400;\" aria-level=\"1\"><span style=\"font-weight: 400;\">Dolor y sufrimiento<\/span><\/li>\n<li style=\"font-weight: 400;\" aria-level=\"1\"><span style=\"font-weight: 400;\">Angustia emocional<\/span><\/li>\n<li style=\"font-weight: 400;\" aria-level=\"1\"><span style=\"font-weight: 400;\">P\u00e9rdida del disfrute de la vida<\/span><\/li>\n<\/ul>\n<p><span style=\"font-weight: 400;\">Si su trabajo le paga en efectivo, es posible que le preocupe c\u00f3mo obtendr\u00e1 una compensaci\u00f3n por los salarios perdidos o la reducci\u00f3n de su capacidad de ingresos despu\u00e9s de un accidente. Afortunadamente, un abogado experto puede explorar otras formas de demostrar sus ingresos perdidos. P\u00f3ngase en contacto con un abogado hoy mismo para obtener m\u00e1s informaci\u00f3n sobre c\u00f3mo recuperar la compensaci\u00f3n por los salarios perdidos y otros da\u00f1os y perjuicios como inmigrante indocumentado.<\/span><\/p>\n\n<div class=\"cta-container row align-items-center\">\n    <div class=\"col-md-7\">\n        <p class=\"cta-text rs-content-cta\"><a class=\"no-btn\" href=\"https:\/\/slamdunkattorney.com\/es\/contact-us\/\">Haga clic para contactar<\/a> nuestros abogados especializados en lesiones personales hoy mismo<\/p>\n    <\/div>\n    <div class=\"col-md-5\">\n        <img decoding=\"async\" src=\"https:\/\/slamdunkattorney.com\/wp-content\/themes\/slam-dunk-rebuild\/assets\/app\/img\/map-cta.jpg\" alt=\"Contact Us\" class=\"img-fluid\"\/>\n    <\/div>\n<\/div><h2>C\u00f3mo puede ayudarle un abogado con experiencia en lesiones personales<\/h2>\n<p><span style=\"font-weight: 400;\">Si usted es un inmigrante indocumentado que presenta una demanda por lesiones personales, necesita la ayuda de un abogado con experiencia. Un abogado puede asegurarse de que no cometa ning\u00fan error que le impida obtener la compensaci\u00f3n econ\u00f3mica que se merece. Esto es lo que un abogado puede hacer para que su caso tenga el mayor \u00e9xito posible:<\/span><\/p>\n<ul>\n<li style=\"font-weight: 400;\" aria-level=\"1\"><span style=\"font-weight: 400;\">Investigue su accidente y re\u00fana pruebas que respalden su demanda.<\/span><\/li>\n<li style=\"font-weight: 400;\" aria-level=\"1\"><span style=\"font-weight: 400;\">Recopile informes policiales, registros m\u00e9dicos, declaraciones de testigos y otra documentaci\u00f3n importante.<\/span><\/li>\n<li style=\"font-weight: 400;\" aria-level=\"1\"><span style=\"font-weight: 400;\">Presente toda la documentaci\u00f3n necesaria correctamente y a tiempo.<\/span><\/li>\n<li style=\"font-weight: 400;\" aria-level=\"1\"><span style=\"font-weight: 400;\">Negociar en\u00e9rgicamente para lograr un acuerdo completo y justo.<\/span><\/li>\n<li style=\"font-weight: 400;\" aria-level=\"1\"><span style=\"font-weight: 400;\">Prepara tu caso para el juicio desde el primer d\u00eda.<\/span><\/li>\n<li style=\"font-weight: 400;\" aria-level=\"1\"><span style=\"font-weight: 400;\">Representarlo ante los tribunales y presentar argumentos legales s\u00f3lidos.<\/span><\/li>\n<li style=\"font-weight: 400;\" aria-level=\"1\"><span style=\"font-weight: 400;\">Explique si los inmigrantes indocumentados pueden demandar por lesiones personales.<\/span><\/li>\n<li style=\"font-weight: 400;\" aria-level=\"1\"><span style=\"font-weight: 400;\">Mantenerte informado sobre tu caso <\/span><b>cada semana<\/b><span style=\"font-weight: 400;\"> para que nunca te quedes con la duda.<\/span><\/li>\n<\/ul>\n<p><span style=\"font-weight: 400;\">Como puede ver, hay muchas medidas que un abogado puede tomar para conseguir la indemnizaci\u00f3n que necesita para recuperarse de sus lesiones. P\u00f3ngase en contacto hoy mismo con un abogado especializado en lesiones personales para obtener m\u00e1s informaci\u00f3n sobre c\u00f3mo reclamar da\u00f1os y perjuicios y obtener la ayuda que necesita para presentar una demanda ganadora.<\/span><\/p>\n\n<div class=\"cta-container map-bg row align-items-center flex-md-row-reverse\">\n    <div class=\"col-md-6\">\n        <p class=\"cta-text rs-content-cta\">Completa un <a href=\"https:\/\/slamdunkattorney.com\/es\/contact-us\/\">Formulario de evaluaci\u00f3n gratuita de su caso<\/a> ahora<\/p>\n    <\/div>\n    <div class=\"col-md-6 col-bg\">\n    <\/div>\n<\/div><h2>Programe una consulta gratuita con un abogado de confianza especializado en lesiones personales.<\/h2>\n<p><span style=\"font-weight: 400;\">Es cierto que los inmigrantes indocumentados pueden demandar por lesiones personales. Sin embargo, reclamar los da\u00f1os y perjuicios que se le deben puede ser extremadamente dif\u00edcil, especialmente si no est\u00e1 familiarizado con el sistema judicial y se encuentra en un doloroso periodo de recuperaci\u00f3n. Ah\u00ed es donde Slam Dunk Attorney puede ayudarle.<\/span><\/p>\n<p><span style=\"font-weight: 400;\">Nuestro equipo cuenta con <\/span><b>d\u00e9cadas de experiencia combinada<\/b><span style=\"font-weight: 400;\"> Ayudamos a personas lesionadas como usted a obtener acuerdos justos y fallos judiciales favorables. Podemos aprovechar nuestros amplios conocimientos jur\u00eddicos y recursos para obtener los mejores resultados posibles para su caso.&nbsp;<\/span><\/p>\n<p><span style=\"font-weight: 400;\">Cont\u00e1ctenos hoy mismo para programar una consulta gratuita y comenzar a trabajar en su caso. Esperamos tener noticias suyas pronto.&nbsp;<\/span><\/p>\n\n<div class=\"cta-container row align-items-center\">\n    <div class=\"col-md-7\">\n        <p class=\"cta-text rs-content-cta\">Llame o env\u00ede un mensaje de texto <a class=\"no-btn\" href=\"tel:+14049513513\">404-951-3513<\/a> o completar un <a href=\"https:\/\/slamdunkattorney.com\/es\/contact-us\/\">Formulario de evaluaci\u00f3n gratuita de su caso<\/a><\/p>\n    <\/div>\n    <div class=\"col-md-5\">\n        <img decoding=\"async\" src=\"https:\/\/slamdunkattorney.com\/wp-content\/themes\/slam-dunk-rebuild\/assets\/app\/img\/map-cta.jpg\" alt=\"Call or Text\" class=\"img-fluid\"\/>\n    <\/div>\n<\/div>","protected":false},"excerpt":{"rendered":"<p>Yes, undocumented immigrants can sue for personal injury. If you are an undocumented immigrant who was hurt because of someone else&#8217;s carelessness, your right to file a personal injury claim has nothing to do with your immigration status. That said, seeking compensation as an undocumented immigrant or even a citizen can be incredibly difficult without &#8230;<\/p>","protected":false},"author":2,"featured_media":40049,"parent":5902,"menu_order":0,"comment_status":"closed","ping_status":"closed","template":"","meta":{"_acf_changed":false,"_genesis_hide_title":false,"_genesis_hide_breadcrumbs":false,"_genesis_hide_singular_image":false,"_genesis_hide_footer_widgets":false,"_genesis_custom_body_class":"","_genesis_custom_post_class":"","_genesis_layout":"","ngg_post_thumbnail":0,"footnotes":""},"extra-categories":[],"hc_faqs":[40],"class_list":{"0":"post-25440","1":"page","2":"type-page","3":"status-publish","4":"has-post-thumbnail","6":"hc_faqs-personal-injury","7":"entry"},"acf":[],"yoast_head":"<!-- This site is optimized with the Yoast SEO plugin v27.4 - https:\/\/yoast.com\/product\/yoast-seo-wordpress\/ -->\n<title>Can Undocumented Immigrants Sue for Personal Injury? | Slam Dunk Attorney<\/title>\n<meta name=\"description\" content=\"A knowledgeable lawyer can advise you on whether undocumented immigrants can sue for personal injury in the United States.\" \/>\n<meta name=\"robots\" content=\"index, follow, max-snippet:-1, max-image-preview:large, max-video-preview:-1\" \/>\n<link rel=\"canonical\" href=\"https:\/\/slamdunkattorney.com\/es\/faqs\/can-undocumented-immigrants-sue-for-personal-injury\/\" \/>\n<meta property=\"og:locale\" content=\"es_MX\" \/>\n<meta property=\"og:type\" content=\"article\" \/>\n<meta property=\"og:title\" content=\"Can Undocumented Immigrants Sue for Personal Injury? | Slam Dunk Attorney\" \/>\n<meta property=\"og:description\" content=\"A knowledgeable lawyer can advise you on whether undocumented immigrants can sue for personal injury in the United States.\" \/>\n<meta property=\"og:url\" content=\"https:\/\/slamdunkattorney.com\/es\/faqs\/can-undocumented-immigrants-sue-for-personal-injury\/\" \/>\n<meta property=\"og:site_name\" content=\"Slam Dunk Attorney | Injury Lawyers\" \/>\n<meta property=\"article:publisher\" content=\"https:\/\/www.facebook.com\/slamdunkattorneyinjurylawyers\/\" \/>\n<meta property=\"article:modified_time\" content=\"2026-04-03T13:16:30+00:00\" \/>\n<meta property=\"og:image\" content=\"https:\/\/slamdunkattorney.com\/wp-content\/uploads\/2026\/04\/can-undocumented-immigrants-sue-for-personal-injury-new.jpg\" \/>\n\t<meta property=\"og:image:width\" content=\"1254\" \/>\n\t<meta property=\"og:image:height\" content=\"836\" \/>\n\t<meta property=\"og:image:type\" content=\"image\/jpeg\" \/>\n<meta name=\"twitter:card\" content=\"summary_large_image\" \/>\n<meta name=\"twitter:site\" content=\"@slamdunkattorney\" \/>\n<meta name=\"twitter:label1\" content=\"Est. reading time\" \/>\n\t<meta name=\"twitter:data1\" content=\"4 minutos\" \/>\n<script type=\"application\/ld+json\" class=\"yoast-schema-graph\">{\"@context\":\"https:\\\/\\\/schema.org\",\"@graph\":[{\"@type\":\"WebPage\",\"@id\":\"https:\\\/\\\/slamdunkattorney.com\\\/faqs\\\/can-undocumented-immigrants-sue-for-personal-injury\\\/\",\"url\":\"https:\\\/\\\/slamdunkattorney.com\\\/faqs\\\/can-undocumented-immigrants-sue-for-personal-injury\\\/\",\"name\":\"Can Undocumented Immigrants Sue for Personal Injury? | Slam Dunk Attorney\",\"isPartOf\":{\"@id\":\"https:\\\/\\\/slamdunkattorney.com\\\/#website\"},\"primaryImageOfPage\":{\"@id\":\"https:\\\/\\\/slamdunkattorney.com\\\/faqs\\\/can-undocumented-immigrants-sue-for-personal-injury\\\/#primaryimage\"},\"image\":{\"@id\":\"https:\\\/\\\/slamdunkattorney.com\\\/faqs\\\/can-undocumented-immigrants-sue-for-personal-injury\\\/#primaryimage\"},\"thumbnailUrl\":\"https:\\\/\\\/slamdunkattorney.com\\\/wp-content\\\/uploads\\\/2026\\\/04\\\/can-undocumented-immigrants-sue-for-personal-injury-new.jpg\",\"datePublished\":\"2025-05-09T09:50:40+00:00\",\"dateModified\":\"2026-04-03T13:16:30+00:00\",\"description\":\"A knowledgeable lawyer can advise you on whether undocumented immigrants can sue for personal injury in the United States.\",\"breadcrumb\":{\"@id\":\"https:\\\/\\\/slamdunkattorney.com\\\/faqs\\\/can-undocumented-immigrants-sue-for-personal-injury\\\/#breadcrumb\"},\"inLanguage\":\"es\",\"potentialAction\":[{\"@type\":\"ReadAction\",\"target\":[\"https:\\\/\\\/slamdunkattorney.com\\\/faqs\\\/can-undocumented-immigrants-sue-for-personal-injury\\\/\"]}]},{\"@type\":\"ImageObject\",\"inLanguage\":\"es\",\"@id\":\"https:\\\/\\\/slamdunkattorney.com\\\/faqs\\\/can-undocumented-immigrants-sue-for-personal-injury\\\/#primaryimage\",\"url\":\"https:\\\/\\\/slamdunkattorney.com\\\/wp-content\\\/uploads\\\/2026\\\/04\\\/can-undocumented-immigrants-sue-for-personal-injury-new.jpg\",\"contentUrl\":\"https:\\\/\\\/slamdunkattorney.com\\\/wp-content\\\/uploads\\\/2026\\\/04\\\/can-undocumented-immigrants-sue-for-personal-injury-new.jpg\",\"width\":1254,\"height\":836,\"caption\":\"can undocumented immigrants sue for personal injury\"},{\"@type\":\"BreadcrumbList\",\"@id\":\"https:\\\/\\\/slamdunkattorney.com\\\/faqs\\\/can-undocumented-immigrants-sue-for-personal-injury\\\/#breadcrumb\",\"itemListElement\":[{\"@type\":\"ListItem\",\"position\":1,\"name\":\"Home\",\"item\":\"https:\\\/\\\/slamdunkattorney.com\\\/\"},{\"@type\":\"ListItem\",\"position\":2,\"name\":\"FAQs\",\"item\":\"https:\\\/\\\/slamdunkattorney.com\\\/faqs\\\/\"},{\"@type\":\"ListItem\",\"position\":3,\"name\":\"Can Undocumented Immigrants Sue for Personal Injury?\"}]},{\"@type\":\"WebSite\",\"@id\":\"https:\\\/\\\/slamdunkattorney.com\\\/#website\",\"url\":\"https:\\\/\\\/slamdunkattorney.com\\\/\",\"name\":\"Slam Dunk Attorney | Injury Lawyers\",\"description\":\"Duluth Personal Injury Lawyers\",\"publisher\":{\"@id\":\"https:\\\/\\\/slamdunkattorney.com\\\/#organization\"},\"alternateName\":\"Slam Dunk Attorney\",\"inLanguage\":\"es\"},{\"@type\":\"Organization\",\"@id\":\"https:\\\/\\\/slamdunkattorney.com\\\/#organization\",\"name\":\"Slam Dunk Attorney\",\"alternateName\":\"Slam Dunk\",\"url\":\"https:\\\/\\\/slamdunkattorney.com\\\/\",\"logo\":{\"@type\":\"ImageObject\",\"inLanguage\":\"es\",\"@id\":\"https:\\\/\\\/slamdunkattorney.com\\\/#\\\/schema\\\/logo\\\/image\\\/\",\"url\":\"https:\\\/\\\/slamdunkattorney.com\\\/wp-content\\\/uploads\\\/2023\\\/05\\\/cropped-Logo.png\",\"contentUrl\":\"https:\\\/\\\/slamdunkattorney.com\\\/wp-content\\\/uploads\\\/2023\\\/05\\\/cropped-Logo.png\",\"width\":1080,\"height\":240,\"caption\":\"Slam Dunk Attorney\"},\"image\":{\"@id\":\"https:\\\/\\\/slamdunkattorney.com\\\/#\\\/schema\\\/logo\\\/image\\\/\"},\"sameAs\":[\"https:\\\/\\\/www.facebook.com\\\/slamdunkattorneyinjurylawyers\\\/\",\"https:\\\/\\\/x.com\\\/slamdunkattorney\",\"https:\\\/\\\/www.instagram.com\\\/slamdunkattorney\\\/\",\"https:\\\/\\\/www.youtube.com\\\/channel\\\/UCSrOiC7vOjlCi3UgtIVGNtw\",\"https:\\\/\\\/www.linkedin.com\\\/company\\\/slamdunkattorneyinjurylawyers\"]}]}<\/script>\n<!-- \/ Yoast SEO plugin. -->","yoast_head_json":{"title":"Can Undocumented Immigrants Sue for Personal Injury? | Slam Dunk Attorney","description":"A knowledgeable lawyer can advise you on whether undocumented immigrants can sue for personal injury in the United States.","robots":{"index":"index","follow":"follow","max-snippet":"max-snippet:-1","max-image-preview":"max-image-preview:large","max-video-preview":"max-video-preview:-1"},"canonical":"https:\/\/slamdunkattorney.com\/es\/faqs\/can-undocumented-immigrants-sue-for-personal-injury\/","og_locale":"es_MX","og_type":"article","og_title":"Can Undocumented Immigrants Sue for Personal Injury? | Slam Dunk Attorney","og_description":"A knowledgeable lawyer can advise you on whether undocumented immigrants can sue for personal injury in the United States.","og_url":"https:\/\/slamdunkattorney.com\/es\/faqs\/can-undocumented-immigrants-sue-for-personal-injury\/","og_site_name":"Slam Dunk Attorney | Injury Lawyers","article_publisher":"https:\/\/www.facebook.com\/slamdunkattorneyinjurylawyers\/","article_modified_time":"2026-04-03T13:16:30+00:00","og_image":[{"width":1254,"height":836,"url":"https:\/\/slamdunkattorney.com\/wp-content\/uploads\/2026\/04\/can-undocumented-immigrants-sue-for-personal-injury-new.jpg","type":"image\/jpeg"}],"twitter_card":"summary_large_image","twitter_site":"@slamdunkattorney","twitter_misc":{"Est. reading time":"4 minutos"},"schema":{"@context":"https:\/\/schema.org","@graph":[{"@type":"WebPage","@id":"https:\/\/slamdunkattorney.com\/faqs\/can-undocumented-immigrants-sue-for-personal-injury\/","url":"https:\/\/slamdunkattorney.com\/faqs\/can-undocumented-immigrants-sue-for-personal-injury\/","name":"Can Undocumented Immigrants Sue for Personal Injury? | Slam Dunk Attorney","isPartOf":{"@id":"https:\/\/slamdunkattorney.com\/#website"},"primaryImageOfPage":{"@id":"https:\/\/slamdunkattorney.com\/faqs\/can-undocumented-immigrants-sue-for-personal-injury\/#primaryimage"},"image":{"@id":"https:\/\/slamdunkattorney.com\/faqs\/can-undocumented-immigrants-sue-for-personal-injury\/#primaryimage"},"thumbnailUrl":"https:\/\/slamdunkattorney.com\/wp-content\/uploads\/2026\/04\/can-undocumented-immigrants-sue-for-personal-injury-new.jpg","datePublished":"2025-05-09T09:50:40+00:00","dateModified":"2026-04-03T13:16:30+00:00","description":"A knowledgeable lawyer can advise you on whether undocumented immigrants can sue for personal injury in the United States.","breadcrumb":{"@id":"https:\/\/slamdunkattorney.com\/faqs\/can-undocumented-immigrants-sue-for-personal-injury\/#breadcrumb"},"inLanguage":"es","potentialAction":[{"@type":"ReadAction","target":["https:\/\/slamdunkattorney.com\/faqs\/can-undocumented-immigrants-sue-for-personal-injury\/"]}]},{"@type":"ImageObject","inLanguage":"es","@id":"https:\/\/slamdunkattorney.com\/faqs\/can-undocumented-immigrants-sue-for-personal-injury\/#primaryimage","url":"https:\/\/slamdunkattorney.com\/wp-content\/uploads\/2026\/04\/can-undocumented-immigrants-sue-for-personal-injury-new.jpg","contentUrl":"https:\/\/slamdunkattorney.com\/wp-content\/uploads\/2026\/04\/can-undocumented-immigrants-sue-for-personal-injury-new.jpg","width":1254,"height":836,"caption":"can undocumented immigrants sue for personal injury"},{"@type":"BreadcrumbList","@id":"https:\/\/slamdunkattorney.com\/faqs\/can-undocumented-immigrants-sue-for-personal-injury\/#breadcrumb","itemListElement":[{"@type":"ListItem","position":1,"name":"Home","item":"https:\/\/slamdunkattorney.com\/"},{"@type":"ListItem","position":2,"name":"FAQs","item":"https:\/\/slamdunkattorney.com\/faqs\/"},{"@type":"ListItem","position":3,"name":"Can Undocumented Immigrants Sue for Personal Injury?"}]},{"@type":"WebSite","@id":"https:\/\/slamdunkattorney.com\/#website","url":"https:\/\/slamdunkattorney.com\/","name":"Abogado experto en lesiones | Abogados especializados en lesiones","description":"Abogados de lesiones personales en Duluth","publisher":{"@id":"https:\/\/slamdunkattorney.com\/#organization"},"alternateName":"Slam Dunk Attorney","inLanguage":"es"},{"@type":"Organization","@id":"https:\/\/slamdunkattorney.com\/#organization","name":"Abogado Slam Dunk","alternateName":"Slam Dunk","url":"https:\/\/slamdunkattorney.com\/","logo":{"@type":"ImageObject","inLanguage":"es","@id":"https:\/\/slamdunkattorney.com\/#\/schema\/logo\/image\/","url":"https:\/\/slamdunkattorney.com\/wp-content\/uploads\/2023\/05\/cropped-Logo.png","contentUrl":"https:\/\/slamdunkattorney.com\/wp-content\/uploads\/2023\/05\/cropped-Logo.png","width":1080,"height":240,"caption":"Slam Dunk Attorney"},"image":{"@id":"https:\/\/slamdunkattorney.com\/#\/schema\/logo\/image\/"},"sameAs":["https:\/\/www.facebook.com\/slamdunkattorneyinjurylawyers\/","https:\/\/x.com\/slamdunkattorney","https:\/\/www.instagram.com\/slamdunkattorney\/","https:\/\/www.youtube.com\/channel\/UCSrOiC7vOjlCi3UgtIVGNtw","https:\/\/www.linkedin.com\/company\/slamdunkattorneyinjurylawyers"]}]}},"yoast_meta":{"yoast_wpseo_title":"","yoast_wpseo_metadesc":"","yoast_wpseo_canonical":"https:\/\/slamdunkattorney.com\/es\/wp-json\/wp\/v2\/pages\/25440"},"_links":{"self":[{"href":"https:\/\/slamdunkattorney.com\/es\/wp-json\/wp\/v2\/pages\/25440","targetHints":{"allow":["GET"]}}],"collection":[{"href":"https:\/\/slamdunkattorney.com\/es\/wp-json\/wp\/v2\/pages"}],"about":[{"href":"https:\/\/slamdunkattorney.com\/es\/wp-json\/wp\/v2\/types\/page"}],"author":[{"embeddable":true,"href":"https:\/\/slamdunkattorney.com\/es\/wp-json\/wp\/v2\/users\/2"}],"replies":[{"embeddable":true,"href":"https:\/\/slamdunkattorney.com\/es\/wp-json\/wp\/v2\/comments?post=25440"}],"version-history":[{"count":0,"href":"https:\/\/slamdunkattorney.com\/es\/wp-json\/wp\/v2\/pages\/25440\/revisions"}],"up":[{"embeddable":true,"href":"https:\/\/slamdunkattorney.com\/es\/wp-json\/wp\/v2\/pages\/5902"}],"wp:featuredmedia":[{"embeddable":true,"href":"https:\/\/slamdunkattorney.com\/es\/wp-json\/wp\/v2\/media\/40049"}],"wp:attachment":[{"href":"https:\/\/slamdunkattorney.com\/es\/wp-json\/wp\/v2\/media?parent=25440"}],"wp:term":[{"taxonomy":"extra-categories","embeddable":true,"href":"https:\/\/slamdunkattorney.com\/es\/wp-json\/wp\/v2\/extra-categories?post=25440"},{"taxonomy":"hc_faqs","embeddable":true,"href":"https:\/\/slamdunkattorney.com\/es\/wp-json\/wp\/v2\/hc_faqs?post=25440"}],"curies":[{"name":"wp","href":"https:\/\/api.w.org\/{rel}","templated":true}]}}