{"id":25258,"date":"2025-05-08T22:29:42","date_gmt":"2025-05-08T22:29:42","guid":{"rendered":"https:\/\/slamdunk.wpenginepowered.com\/?page_id=25258"},"modified":"2025-05-14T07:20:01","modified_gmt":"2025-05-14T07:20:01","slug":"duluth-spinal-cord-injury-lawyer","status":"publish","type":"page","link":"https:\/\/slamdunkattorney.com\/es\/duluth\/spinal-cord-injury-lawyer\/","title":{"rendered":"Abogado especializado en lesiones de la m\u00e9dula espinal en Duluth"},"content":{"rendered":"<p><span style=\"font-weight: 400;\">Una lesi\u00f3n en la m\u00e9dula espinal puede cambiar su vida por completo en un instante, dej\u00e1ndole con preguntas, preocupaciones y retos que nunca pens\u00f3 que tendr\u00eda que afrontar. \u00bfC\u00f3mo pagar\u00e1 las facturas m\u00e9dicas? \u00bfQu\u00e9 pasar\u00e1 si no puede volver al trabajo? \u00bfQu\u00e9 le depara el futuro a usted y a su familia?<\/span><\/p>\n<p><span style=\"font-weight: 400;\">El <\/span><a href=\"https:\/\/slamdunkattorney.com\/es\/\"><span style=\"font-weight: 400;\">Abogados especializados en lesiones personales en Duluth<\/span><\/a><span style=\"font-weight: 400;\"> En Slam Dunk Attorney entendemos lo abrumador que puede resultar esto. Para nosotros, usted no es solo un n\u00famero de expediente, sino una persona con una historia, una familia y una vida que merece ser reconstruida.<\/span><\/p>\n<p><span style=\"font-weight: 400;\">Con d\u00e9cadas de experiencia combinada ayudando a v\u00edctimas de lesiones, sabemos lo que est\u00e1 en juego. Somos abogados litigantes y estamos preparados para luchar en su nombre. Nuestros abogados especializados en lesiones de la m\u00e9dula espinal en Duluth pueden guiarle a trav\u00e9s del proceso legal, luchar por sus derechos y ayudarle a obtener la indemnizaci\u00f3n que necesita para seguir adelante.<\/span><\/p>\n<h2>Preocupaciones comunes sobre los casos de lesiones de la m\u00e9dula espinal<\/h2>\n<p><span style=\"font-weight: 400;\">Cuando se busca ayuda legal, es natural tener preguntas e inquietudes. Estas son algunas de las preguntas m\u00e1s comunes que nos hacen nuestros clientes:<\/span><\/p>\n<h3>\u00bfC\u00f3mo s\u00e9 si tengo un caso?<\/h3>\n<p><span style=\"font-weight: 400;\">Si su lesi\u00f3n medular fue causada por la negligencia de otra persona, ya sea en un accidente automovil\u00edstico, un incidente laboral, un resbal\u00f3n y ca\u00edda u otro tipo de accidente, es probable que tenga un caso. Durante su consulta gratuita, nuestro <\/span><b>Abogados especializados en lesiones de la m\u00e9dula espinal en Duluth <\/b><span style=\"font-weight: 400;\">puede revisar los detalles de su situaci\u00f3n y informarle sobre sus opciones legales.<\/span><\/p>\n<h3>\u00bfCu\u00e1nto vale mi caso?<\/h3>\n<p><span style=\"font-weight: 400;\">Cada caso es diferente, pero las reclamaciones por lesiones medulares suelen incluir una indemnizaci\u00f3n por:<\/span><\/p>\n<ul>\n<li style=\"font-weight: 400;\" aria-level=\"1\"><span style=\"font-weight: 400;\">Gastos m\u00e9dicos (pasados, presentes y futuros)<\/span><\/li>\n<li style=\"font-weight: 400;\" aria-level=\"1\"><span style=\"font-weight: 400;\">Salarios perdidos y disminuci\u00f3n de la capacidad de generar ingresos<\/span><\/li>\n<li style=\"font-weight: 400;\" aria-level=\"1\"><span style=\"font-weight: 400;\">Dolor y sufrimiento<\/span><\/li>\n<li style=\"font-weight: 400;\" aria-level=\"1\"><span style=\"font-weight: 400;\">Angustia emocional<\/span><\/li>\n<li style=\"font-weight: 400;\" aria-level=\"1\"><span style=\"font-weight: 400;\">P\u00e9rdida de calidad de vida<\/span><\/li>\n<li style=\"font-weight: 400;\" aria-level=\"1\"><span style=\"font-weight: 400;\">Modificaciones en el hogar y dispositivos de asistencia<\/span><\/li>\n<\/ul>\n<p><span style=\"font-weight: 400;\">Trabajaremos con expertos m\u00e9dicos y financieros para calcular el valor total de su reclamaci\u00f3n, asegur\u00e1ndonos de que obtenga lo que necesita para reconstruir su vida.<\/span><\/p>\n<h3>\u00bfCu\u00e1nto tiempo durar\u00e1 el proceso?<\/h3>\n<p><span style=\"font-weight: 400;\">El plazo para resolver un caso de lesi\u00f3n medular depende de varios factores, entre ellos la complejidad del caso, la disposici\u00f3n de la otra parte a llegar a un acuerdo y si el caso llega a juicio. Mientras que algunos casos se resuelven en meses, otros pueden tardar m\u00e1s tiempo. En cualquier caso, le mantendremos informado en todo momento.<\/span><\/p>\n<h3>\u00bfQu\u00e9 pasa si no puedo pagar un abogado?<\/h3>\n<p><span style=\"font-weight: 400;\">Nuestro<\/span><b> Abogados especializados en lesiones de la m\u00e9dula espinal en Duluth <\/b><span style=\"font-weight: 400;\">Trabajamos con honorarios contingentes. Eso significa que no nos pagar\u00e1 nada a menos que ganemos su caso. Creemos que todo el mundo merece tener acceso a la justicia, independientemente de su situaci\u00f3n econ\u00f3mica.<\/span><\/p>\n\n<div class=\"cta-container row align-items-center\">\n    <div class=\"col-md-7\">\n        <p class=\"cta-text rs-content-cta\">Orgullosos de servir a Duluth y a todo Georgia <span>\u00a1Cont\u00e1ctenos para comenzar su recuperaci\u00f3n!<\/span> <a href=\"https:\/\/slamdunkattorney.com\/es\/\">Explore nuestras \u00e1reas de pr\u00e1ctica<\/a><\/p>\n    <\/div>\n    <div class=\"col-md-5\">\n        <img decoding=\"async\" src=\"https:\/\/slamdunkattorney.com\/wp-content\/themes\/slam-dunk-rebuild\/assets\/app\/img\/map-cta.jpg\" alt=\"Legal Consultation\" class=\"img-fluid\"\/>\n    <\/div>\n<\/div><h2>Por qu\u00e9 necesita un abogado especializado en lesiones de la m\u00e9dula espinal<\/h2>\n<p><span style=\"font-weight: 400;\">Las lesiones de la m\u00e9dula espinal se encuentran entre las lesiones m\u00e1s graves y que m\u00e1s alteran la vida de una persona. Estos casos tambi\u00e9n pueden ser complejos desde el punto de vista legal, ya que involucran a m\u00faltiples partes, compa\u00f1\u00edas de seguros y un profundo conocimiento de cuestiones m\u00e9dicas y legales. He aqu\u00ed por qu\u00e9 es esencial contratar a un abogado con experiencia en lesiones de la m\u00e9dula espinal:<\/span><\/p>\n<h3>Proceso complejo de reclamaciones<\/h3>\n<p><span style=\"font-weight: 400;\">Los casos de lesiones en la m\u00e9dula espinal suelen implicar demostrar negligencia, identificar a las partes responsables y calcular los da\u00f1os a largo plazo. Un abogado experto se encargar\u00e1 de las complejidades legales por usted para que pueda centrarse en su recuperaci\u00f3n.<\/span><\/p>\n<h3>Tratar con las compa\u00f1\u00edas de seguros<\/h3>\n<p><span style=\"font-weight: 400;\">Las compa\u00f1\u00edas de seguros suelen intentar minimizar los pagos, ofreciendo acuerdos que no cubren ni de lejos el costo real de su lesi\u00f3n. Conocemos sus t\u00e1cticas y lucharemos para garantizar que reciba cada centavo que se merece.<\/span><\/p>\n<h3>Maximizar la compensaci\u00f3n<\/h3>\n<p><span style=\"font-weight: 400;\">Una lesi\u00f3n en la m\u00e9dula espinal puede dar lugar a necesidades m\u00e9dicas de por vida, desde cirug\u00edas y <\/span><a href=\"https:\/\/my.clevelandclinic.org\/health\/treatments\/physical-therapy\" target=\"_blank\" rel=\"noopener\"><span style=\"font-weight: 400;\">terapia f\u00edsica<\/span><\/a><span style=\"font-weight: 400;\"> a dispositivos de asistencia y modificaciones en el hogar. Tendremos en cuenta todos los gastos actuales y futuros en su indemnizaci\u00f3n.<\/span><\/p>\n<h3>Protegiendo sus derechos<\/h3>\n<p><span style=\"font-weight: 400;\">Sin una representaci\u00f3n legal con experiencia, corres el riesgo de que las grandes empresas o las compa\u00f1\u00edas de seguros se aprovechen de ti. Defenderemos tus derechos en cada paso del camino.<\/span><\/p>\n\n<div class=\"cta-container map-bg row align-items-center flex-md-row-reverse\">\n    <div class=\"col-md-6\">\n        <p class=\"cta-text rs-content-cta\">Abogado especializado en lesiones de la m\u00e9dula espinal cerca de m\u00ed en Duluth <a href=\"tel:+14049513513\">404-951-3513<\/a><\/p>\n    <\/div>\n    <div class=\"col-md-6 col-bg\">\n    <\/div>\n<\/div><h2>\u00bfPor qu\u00e9 elegirnos?<\/h2>\n<p><span style=\"font-weight: 400;\">Los casos de lesiones medulares requieren algo m\u00e1s que representaci\u00f3n legal: requieren <\/span><b>compasi\u00f3n<\/b><span style=\"font-weight: 400;\">, <\/span><b>comunicaci\u00f3n<\/b><span style=\"font-weight: 400;\">, y un <\/span><b>compromiso <\/b><span style=\"font-weight: 400;\">a hacer lo mejor para el cliente. Hemos construido nuestra pr\u00e1ctica sobre estos principios.<\/span><\/p>\n<h3>Esto es lo que puede esperar cuando trabaje con nosotros:<\/h3>\n<ul>\n<li style=\"font-weight: 400;\" aria-level=\"1\"><b>Atenci\u00f3n personalizada<\/b>:<span style=\"font-weight: 400;\"> Nos tomamos el tiempo necesario para conocerle, conocer su historia y sus necesidades espec\u00edficas. Con nosotros, nunca se sentir\u00e1 como \u201cun caso m\u00e1s\u201d.<\/span><\/li>\n<li style=\"font-weight: 400;\" aria-level=\"1\"><b>Actualizaciones constantes<\/b>:<span style=\"font-weight: 400;\"> La comunicaci\u00f3n es uno de nuestros valores fundamentales. Siempre sabr\u00e1 qu\u00e9 est\u00e1 pasando con su caso, y estamos aqu\u00ed para responder a sus preguntas en cualquier momento.<\/span><\/li>\n<li style=\"font-weight: 400;\" aria-level=\"1\"><b>Un firme defensor<\/b>:<span style=\"font-weight: 400;\"> No nos echamos atr\u00e1s ante las luchas dif\u00edciles. Ya sea negociando con las compa\u00f1\u00edas de seguros o presentando su caso ante los tribunales, luchamos con una determinaci\u00f3n inquebrantable.<\/span><\/li>\n<li style=\"font-weight: 400;\" aria-level=\"1\"><b>Transparencia y confianza<\/b>:<span style=\"font-weight: 400;\"> Desde el primer d\u00eda, seremos sinceros sobre su caso, sus opciones y lo que puede esperar.<\/span><\/li>\n<\/ul>\n<p><span style=\"font-weight: 400;\">No solo somos abogados, somos su equipo. Y estamos aqu\u00ed para ganar por usted.<\/span><\/p>\n\n<div class=\"cta-container row align-items-center\">\n    <div class=\"col-md-7\">\n        <p class=\"cta-text rs-content-cta\"><a class=\"no-btn\" href=\"https:\/\/slamdunkattorney.com\/es\/contact-us\/\">Haga clic para contactar<\/a> Nuestros abogados especializados en lesiones personales en Duluth, Georgia, hoy mismo.<\/p>\n    <\/div>\n    <div class=\"col-md-5\">\n        <img decoding=\"async\" src=\"https:\/\/slamdunkattorney.com\/wp-content\/themes\/slam-dunk-rebuild\/assets\/app\/img\/map-cta.jpg\" alt=\"Contact Us\" class=\"img-fluid\"\/>\n    <\/div>\n<\/div><h2>P\u00f3ngase en contacto hoy mismo con un bufete de abogados especializado en lesiones medulares en Duluth.<\/h2>\n<p><span style=\"font-weight: 400;\">Una lesi\u00f3n en la m\u00e9dula espinal cambia la vida, pero no tiene por qu\u00e9 definir su futuro. Con Slam Dunk Attorney a su lado, contar\u00e1 con la experiencia legal, la compasi\u00f3n y el apoyo que necesita para reconstruir su vida.<\/span><\/p>\n<p><span style=\"font-weight: 400;\">Ofrecemos <\/span><b>consultas gratuitas<\/b><span style=\"font-weight: 400;\"> y trabajar en un <\/span><b>sin ganar, no hay honorarios<\/b><span style=\"font-weight: 400;\">, as\u00ed que no hay ning\u00fan riesgo en ponerse en contacto con nosotros. Cont\u00e1ctenos hoy mismo para programar su consulta. En Slam Dunk Attorney, somos m\u00e1s que un simple bufete de abogados. Somos su equipo y estamos aqu\u00ed para luchar por usted en cada paso del camino. Aprovechemos la oportunidad que lo cambiar\u00e1 todo.<\/span><\/p>\n\n<div class=\"cta-container row align-items-center\">\n    <div class=\"col-md-7\">\n        <p class=\"cta-text rs-content-cta\">Llame o env\u00ede un mensaje de texto <a class=\"no-btn\" href=\"tel:+14049513513\">404-951-3513<\/a> o completar un <a href=\"https:\/\/slamdunkattorney.com\/es\/contact-us\/\">Formulario de evaluaci\u00f3n gratuita de su caso<\/a><\/p>\n    <\/div>\n    <div class=\"col-md-5\">\n        <img decoding=\"async\" src=\"https:\/\/slamdunkattorney.com\/wp-content\/themes\/slam-dunk-rebuild\/assets\/app\/img\/map-cta.jpg\" alt=\"Call or Text\" class=\"img-fluid\"\/>\n    <\/div>\n<\/div>","protected":false},"excerpt":{"rendered":"<p>A spinal cord injury can turn your life upside down in an instant, leaving you with questions, worries, and challenges you never expected to face. How will you pay for medical bills? What happens if you can\u2019t return to work? What does the future hold for you and your family? The Duluth personal injury lawyers &#8230;<\/p>","protected":false},"author":2,"featured_media":0,"parent":22,"menu_order":0,"comment_status":"closed","ping_status":"closed","template":"","meta":{"_acf_changed":false,"_genesis_hide_title":false,"_genesis_hide_breadcrumbs":false,"_genesis_hide_singular_image":false,"_genesis_hide_footer_widgets":false,"_genesis_custom_body_class":"","_genesis_custom_post_class":"","_genesis_layout":"","ngg_post_thumbnail":0,"footnotes":""},"extra-categories":[],"hc_faqs":[],"class_list":{"0":"post-25258","1":"page","2":"type-page","3":"status-publish","5":"hc_city_location-duluth","6":"entry"},"acf":[],"yoast_head":"<!-- This site is optimized with the Yoast SEO plugin v27.4 - https:\/\/yoast.com\/product\/yoast-seo-wordpress\/ -->\n<title>Spinal Cord Injury Lawyer in Duluth | No Win, No Fee<\/title>\n<meta name=\"description\" content=\"With so much at stake, don&#039;t leave your claim at risk. Our Duluth spinal cord injury lawyers can fight to maximize your compensation.\" \/>\n<meta name=\"robots\" content=\"index, follow, max-snippet:-1, max-image-preview:large, max-video-preview:-1\" \/>\n<link rel=\"canonical\" href=\"https:\/\/slamdunkattorney.com\/es\/duluth\/spinal-cord-injury-lawyer\/\" \/>\n<meta property=\"og:locale\" content=\"es_MX\" \/>\n<meta property=\"og:type\" content=\"article\" \/>\n<meta property=\"og:title\" content=\"Spinal Cord Injury Lawyer in Duluth | No Win, No Fee\" \/>\n<meta property=\"og:description\" content=\"With so much at stake, don&#039;t leave your claim at risk. Our Duluth spinal cord injury lawyers can fight to maximize your compensation.\" \/>\n<meta property=\"og:url\" content=\"https:\/\/slamdunkattorney.com\/es\/duluth\/spinal-cord-injury-lawyer\/\" \/>\n<meta property=\"og:site_name\" content=\"Slam Dunk Attorney | Injury Lawyers\" \/>\n<meta property=\"article:publisher\" content=\"https:\/\/www.facebook.com\/slamdunkattorneyinjurylawyers\/\" \/>\n<meta property=\"article:modified_time\" content=\"2025-05-14T07:20:01+00:00\" \/>\n<meta property=\"og:image\" content=\"https:\/\/slamdunkattorney.com\/wp-content\/uploads\/2023\/05\/cropped-Logo.png\" \/>\n\t<meta property=\"og:image:width\" content=\"1080\" \/>\n\t<meta property=\"og:image:height\" content=\"240\" \/>\n\t<meta property=\"og:image:type\" content=\"image\/png\" \/>\n<meta name=\"twitter:card\" content=\"summary_large_image\" \/>\n<meta name=\"twitter:site\" content=\"@slamdunkattorney\" \/>\n<meta name=\"twitter:label1\" content=\"Est. reading time\" \/>\n\t<meta name=\"twitter:data1\" content=\"4 minutos\" \/>\n<script type=\"application\/ld+json\" class=\"yoast-schema-graph\">{\"@context\":\"https:\\\/\\\/schema.org\",\"@graph\":[{\"@type\":\"WebPage\",\"@id\":\"https:\\\/\\\/slamdunkattorney.com\\\/duluth\\\/spinal-cord-injury-lawyer\\\/\",\"url\":\"https:\\\/\\\/slamdunkattorney.com\\\/duluth\\\/spinal-cord-injury-lawyer\\\/\",\"name\":\"Spinal Cord Injury Lawyer in Duluth | No Win, No Fee\",\"isPartOf\":{\"@id\":\"https:\\\/\\\/slamdunkattorney.com\\\/#website\"},\"datePublished\":\"2025-05-08T22:29:42+00:00\",\"dateModified\":\"2025-05-14T07:20:01+00:00\",\"description\":\"With so much at stake, don't leave your claim at risk. Our Duluth spinal cord injury lawyers can fight to maximize your compensation.\",\"breadcrumb\":{\"@id\":\"https:\\\/\\\/slamdunkattorney.com\\\/duluth\\\/spinal-cord-injury-lawyer\\\/#breadcrumb\"},\"inLanguage\":\"es\",\"potentialAction\":[{\"@type\":\"ReadAction\",\"target\":[\"https:\\\/\\\/slamdunkattorney.com\\\/duluth\\\/spinal-cord-injury-lawyer\\\/\"]}]},{\"@type\":\"BreadcrumbList\",\"@id\":\"https:\\\/\\\/slamdunkattorney.com\\\/duluth\\\/spinal-cord-injury-lawyer\\\/#breadcrumb\",\"itemListElement\":[{\"@type\":\"ListItem\",\"position\":1,\"name\":\"Home\",\"item\":\"https:\\\/\\\/slamdunkattorney.com\\\/\"},{\"@type\":\"ListItem\",\"position\":2,\"name\":\"Duluth, GA Personal Injury Lawyer\",\"item\":\"https:\\\/\\\/slamdunkattorney.com\\\/\"},{\"@type\":\"ListItem\",\"position\":3,\"name\":\"Duluth Spinal Cord Injury Lawyer\"}]},{\"@type\":\"WebSite\",\"@id\":\"https:\\\/\\\/slamdunkattorney.com\\\/#website\",\"url\":\"https:\\\/\\\/slamdunkattorney.com\\\/\",\"name\":\"Slam Dunk Attorney | Injury Lawyers\",\"description\":\"Duluth Personal Injury Lawyers\",\"publisher\":{\"@id\":\"https:\\\/\\\/slamdunkattorney.com\\\/#organization\"},\"alternateName\":\"Slam Dunk Attorney\",\"inLanguage\":\"es\"},{\"@type\":\"Organization\",\"@id\":\"https:\\\/\\\/slamdunkattorney.com\\\/#organization\",\"name\":\"Slam Dunk Attorney\",\"alternateName\":\"Slam Dunk\",\"url\":\"https:\\\/\\\/slamdunkattorney.com\\\/\",\"logo\":{\"@type\":\"ImageObject\",\"inLanguage\":\"es\",\"@id\":\"https:\\\/\\\/slamdunkattorney.com\\\/#\\\/schema\\\/logo\\\/image\\\/\",\"url\":\"https:\\\/\\\/slamdunkattorney.com\\\/wp-content\\\/uploads\\\/2023\\\/05\\\/cropped-Logo.png\",\"contentUrl\":\"https:\\\/\\\/slamdunkattorney.com\\\/wp-content\\\/uploads\\\/2023\\\/05\\\/cropped-Logo.png\",\"width\":1080,\"height\":240,\"caption\":\"Slam Dunk Attorney\"},\"image\":{\"@id\":\"https:\\\/\\\/slamdunkattorney.com\\\/#\\\/schema\\\/logo\\\/image\\\/\"},\"sameAs\":[\"https:\\\/\\\/www.facebook.com\\\/slamdunkattorneyinjurylawyers\\\/\",\"https:\\\/\\\/x.com\\\/slamdunkattorney\",\"https:\\\/\\\/www.instagram.com\\\/slamdunkattorney\\\/\",\"https:\\\/\\\/www.youtube.com\\\/channel\\\/UCSrOiC7vOjlCi3UgtIVGNtw\",\"https:\\\/\\\/www.linkedin.com\\\/company\\\/slamdunkattorneyinjurylawyers\"]}]}<\/script>\n<!-- \/ Yoast SEO plugin. -->","yoast_head_json":{"title":"Spinal Cord Injury Lawyer in Duluth | No Win, No Fee","description":"With so much at stake, don't leave your claim at risk. Our Duluth spinal cord injury lawyers can fight to maximize your compensation.","robots":{"index":"index","follow":"follow","max-snippet":"max-snippet:-1","max-image-preview":"max-image-preview:large","max-video-preview":"max-video-preview:-1"},"canonical":"https:\/\/slamdunkattorney.com\/es\/duluth\/spinal-cord-injury-lawyer\/","og_locale":"es_MX","og_type":"article","og_title":"Spinal Cord Injury Lawyer in Duluth | No Win, No Fee","og_description":"With so much at stake, don't leave your claim at risk. Our Duluth spinal cord injury lawyers can fight to maximize your compensation.","og_url":"https:\/\/slamdunkattorney.com\/es\/duluth\/spinal-cord-injury-lawyer\/","og_site_name":"Slam Dunk Attorney | Injury Lawyers","article_publisher":"https:\/\/www.facebook.com\/slamdunkattorneyinjurylawyers\/","article_modified_time":"2025-05-14T07:20:01+00:00","og_image":[{"width":1080,"height":240,"url":"https:\/\/slamdunkattorney.com\/wp-content\/uploads\/2023\/05\/cropped-Logo.png","type":"image\/png"}],"twitter_card":"summary_large_image","twitter_site":"@slamdunkattorney","twitter_misc":{"Est. reading time":"4 minutos"},"schema":{"@context":"https:\/\/schema.org","@graph":[{"@type":"WebPage","@id":"https:\/\/slamdunkattorney.com\/duluth\/spinal-cord-injury-lawyer\/","url":"https:\/\/slamdunkattorney.com\/duluth\/spinal-cord-injury-lawyer\/","name":"Spinal Cord Injury Lawyer in Duluth | No Win, No Fee","isPartOf":{"@id":"https:\/\/slamdunkattorney.com\/#website"},"datePublished":"2025-05-08T22:29:42+00:00","dateModified":"2025-05-14T07:20:01+00:00","description":"With so much at stake, don't leave your claim at risk. Our Duluth spinal cord injury lawyers can fight to maximize your compensation.","breadcrumb":{"@id":"https:\/\/slamdunkattorney.com\/duluth\/spinal-cord-injury-lawyer\/#breadcrumb"},"inLanguage":"es","potentialAction":[{"@type":"ReadAction","target":["https:\/\/slamdunkattorney.com\/duluth\/spinal-cord-injury-lawyer\/"]}]},{"@type":"BreadcrumbList","@id":"https:\/\/slamdunkattorney.com\/duluth\/spinal-cord-injury-lawyer\/#breadcrumb","itemListElement":[{"@type":"ListItem","position":1,"name":"Home","item":"https:\/\/slamdunkattorney.com\/"},{"@type":"ListItem","position":2,"name":"Duluth, GA Personal Injury Lawyer","item":"https:\/\/slamdunkattorney.com\/"},{"@type":"ListItem","position":3,"name":"Duluth Spinal Cord Injury Lawyer"}]},{"@type":"WebSite","@id":"https:\/\/slamdunkattorney.com\/#website","url":"https:\/\/slamdunkattorney.com\/","name":"Abogado experto en lesiones | Abogados especializados en lesiones","description":"Abogados de lesiones personales en Duluth","publisher":{"@id":"https:\/\/slamdunkattorney.com\/#organization"},"alternateName":"Slam Dunk Attorney","inLanguage":"es"},{"@type":"Organization","@id":"https:\/\/slamdunkattorney.com\/#organization","name":"Abogado Slam Dunk","alternateName":"Slam Dunk","url":"https:\/\/slamdunkattorney.com\/","logo":{"@type":"ImageObject","inLanguage":"es","@id":"https:\/\/slamdunkattorney.com\/#\/schema\/logo\/image\/","url":"https:\/\/slamdunkattorney.com\/wp-content\/uploads\/2023\/05\/cropped-Logo.png","contentUrl":"https:\/\/slamdunkattorney.com\/wp-content\/uploads\/2023\/05\/cropped-Logo.png","width":1080,"height":240,"caption":"Slam Dunk Attorney"},"image":{"@id":"https:\/\/slamdunkattorney.com\/#\/schema\/logo\/image\/"},"sameAs":["https:\/\/www.facebook.com\/slamdunkattorneyinjurylawyers\/","https:\/\/x.com\/slamdunkattorney","https:\/\/www.instagram.com\/slamdunkattorney\/","https:\/\/www.youtube.com\/channel\/UCSrOiC7vOjlCi3UgtIVGNtw","https:\/\/www.linkedin.com\/company\/slamdunkattorneyinjurylawyers"]}]}},"yoast_meta":{"yoast_wpseo_title":"","yoast_wpseo_metadesc":"","yoast_wpseo_canonical":"https:\/\/slamdunkattorney.com\/es\/wp-json\/wp\/v2\/pages\/25258"},"_links":{"self":[{"href":"https:\/\/slamdunkattorney.com\/es\/wp-json\/wp\/v2\/pages\/25258","targetHints":{"allow":["GET"]}}],"collection":[{"href":"https:\/\/slamdunkattorney.com\/es\/wp-json\/wp\/v2\/pages"}],"about":[{"href":"https:\/\/slamdunkattorney.com\/es\/wp-json\/wp\/v2\/types\/page"}],"author":[{"embeddable":true,"href":"https:\/\/slamdunkattorney.com\/es\/wp-json\/wp\/v2\/users\/2"}],"replies":[{"embeddable":true,"href":"https:\/\/slamdunkattorney.com\/es\/wp-json\/wp\/v2\/comments?post=25258"}],"version-history":[{"count":0,"href":"https:\/\/slamdunkattorney.com\/es\/wp-json\/wp\/v2\/pages\/25258\/revisions"}],"up":[{"embeddable":true,"href":"https:\/\/slamdunkattorney.com\/es\/wp-json\/wp\/v2\/pages\/22"}],"wp:attachment":[{"href":"https:\/\/slamdunkattorney.com\/es\/wp-json\/wp\/v2\/media?parent=25258"}],"wp:term":[{"taxonomy":"extra-categories","embeddable":true,"href":"https:\/\/slamdunkattorney.com\/es\/wp-json\/wp\/v2\/extra-categories?post=25258"},{"taxonomy":"hc_faqs","embeddable":true,"href":"https:\/\/slamdunkattorney.com\/es\/wp-json\/wp\/v2\/hc_faqs?post=25258"}],"curies":[{"name":"wp","href":"https:\/\/api.w.org\/{rel}","templated":true}]}}