{"id":2525,"date":"2022-11-01T15:11:00","date_gmt":"2022-11-01T15:11:00","guid":{"rendered":"https:\/\/jarlaw.flywheelstaging.com\/?p=2525"},"modified":"2024-10-09T04:59:34","modified_gmt":"2024-10-09T04:59:34","slug":"what-to-expect-when-you-are-in-a-trucking-accident-and-what-to-do-about-it","status":"publish","type":"page","link":"https:\/\/slamdunkattorney.com\/es\/faqs\/what-to-expect-when-you-are-in-a-trucking-accident-and-what-to-do-about-it\/","title":{"rendered":"Qu\u00e9 esperar cuando se sufre un accidente de cami\u00f3n y qu\u00e9 hacer al respecto"},"content":{"rendered":"<p>Los accidentes automovil\u00edsticos son experiencias aterradoras por s\u00ed mismas. Imag\u00ednese esa misma experiencia aterradora, pero multiplicada por diez. As\u00ed es como se siente estar involucrado en una colisi\u00f3n automovil\u00edstica con un cami\u00f3n. Si se encuentra en esta desafortunada situaci\u00f3n, hay un par de cosas que debe saber.<\/p>\r\n\r\n\r\n\r\n<h2 class=\"wp-block-heading\">Lo primero es lo primero...<\/h2>\r\n\r\n\r\n\r\n<p>En primer lugar, dado que usted se vio involucrado en una colisi\u00f3n con un veh\u00edculo mucho m\u00e1s grande, es probable que necesite tratamiento para las lesiones que sufri\u00f3. \u00a1Acuda a un profesional m\u00e9dico cualificado lo antes posible para que le examine! A continuaci\u00f3n, aseg\u00farese de informar del accidente a su compa\u00f1\u00eda de seguros y a la compa\u00f1\u00eda de seguros del cami\u00f3n. Cuando se ve involucrado en un accidente con un cami\u00f3n, lo m\u00e1s habitual es que sea el seguro de la empresa del conductor del cami\u00f3n el que cubra el accidente. Las p\u00f3lizas de seguro para este tipo de accidentes oscilan entre $500,000 y $5,000,000 de media, por lo que tendr\u00e1 acceso a mucho m\u00e1s dinero del que tendr\u00eda normalmente.<\/p>\r\n\r\n\r\n\r\n<p>La raz\u00f3n por la que puedes acceder al seguro del empleador se debe al hecho de que el conductor del cami\u00f3n est\u00e1 actuando\u00a0<em>en el curso y \u00e1mbito de su empleo<\/em>\u00a0con el empleador. Seg\u00fan la legislaci\u00f3n de Georgia, la teor\u00eda de\u00a0<em>responsabilidad del superior<\/em>\u00a0permite que la responsabilidad se extienda del empleado al empleador si el empleado act\u00faa dentro del curso y el alcance de su empleo. Bastante sencillo, \u00bfverdad? Bueno, puede complicarse.<\/p>\r\n\r\n\r\n\r\n\n<div class=\"cta-container row align-items-center\">\n    <div class=\"col-md-7\">\n        <p class=\"cta-text rs-content-cta\">Orgullosos de servir a Duluth y a todo Georgia <span>\u00a1Cont\u00e1ctenos para comenzar su recuperaci\u00f3n!<\/span> <a href=\"https:\/\/slamdunkattorney.com\/es\/\">Explore nuestras \u00e1reas de pr\u00e1ctica<\/a><\/p>\n    <\/div>\n    <div class=\"col-md-5\">\n        <img decoding=\"async\" src=\"https:\/\/slamdunkattorney.com\/wp-content\/themes\/slam-dunk-rebuild\/assets\/app\/img\/map-cta.jpg\" alt=\"Legal Consultation\" class=\"img-fluid\"\/>\n    <\/div>\n<\/div><h2 class=\"wp-block-heading\"><strong>\u00a1Aqu\u00ed es donde las cosas se ponen interesantes!<\/strong><\/h2>\r\n\r\n\r\n\r\n<p>Supongamos que te ves involucrado en un accidente con un cami\u00f3n con remolque. Ah\u00ed es cuando las cosas se ponen interesantes. En esa situaci\u00f3n, debes asegurarte de exponer todos los niveles de seguro: (1) el seguro del cami\u00f3n en s\u00ed; (2) el seguro de los remolques; y (3) cualquier p\u00f3liza de seguro complementaria. Una vez hecho esto, debes encontrar la manera de atribuir la responsabilidad al conductor. Si no est\u00e1s familiarizado con las licencias de conducir comerciales (CDL) y los manuales de conducci\u00f3n comercial, te resultar\u00e1 incre\u00edblemente dif\u00edcil analizar esos manuales para averiguar qu\u00e9 hizo mal el conductor del cami\u00f3n en tu caso particular. No siempre es tan sencillo.<\/p>\r\n\r\n\r\n\r\n<p>Si usted o un ser querido ha estado involucrado en un accidente de cami\u00f3n en Georgia, comun\u00edquese con Slam Dunk Attorney para contactar a uno de los mejores abogados especializados en accidentes de camiones. Le proporcionaremos asesor\u00eda legal profesional y le conseguiremos la compensaci\u00f3n que se merece. \u00a1Estamos listos para escuchar su historia y llevarlo desde su punto m\u00e1s bajo de regreso al lugar al que pertenece! \u00a1Ll\u00e1menos hoy mismo para una sesi\u00f3n estrat\u00e9gica gratuita!<\/p>\r\n\n<div class=\"cta-container row align-items-center\">\n    <div class=\"col-md-7\">\n        <p class=\"cta-text rs-content-cta\">Llame o env\u00ede un mensaje de texto <a class=\"no-btn\" href=\"tel:+14049513513\">404-951-3513<\/a> o completar un <a href=\"https:\/\/slamdunkattorney.com\/es\/contact-us\/\">Formulario de evaluaci\u00f3n gratuita de su caso<\/a><\/p>\n    <\/div>\n    <div class=\"col-md-5\">\n        <img decoding=\"async\" src=\"https:\/\/slamdunkattorney.com\/wp-content\/themes\/slam-dunk-rebuild\/assets\/app\/img\/map-cta.jpg\" alt=\"Call or Text\" class=\"img-fluid\"\/>\n    <\/div>\n<\/div>","protected":false},"excerpt":{"rendered":"<p>Car accidents alone are terrifying experiences in themselves. Imagine that same terrifying experience, but multiplied by ten. That is what it is like to involved in a motor vehicle collision with a truck. If you find yourself in this unfortunate situation, there are a couple of things you need to know. First things first\u2026 First, &#8230;<\/p>","protected":false},"author":2,"featured_media":3118,"parent":5902,"menu_order":0,"comment_status":"closed","ping_status":"closed","template":"","meta":{"_acf_changed":false,"_genesis_hide_title":false,"_genesis_hide_breadcrumbs":false,"_genesis_hide_singular_image":false,"_genesis_hide_footer_widgets":false,"_genesis_custom_body_class":"","_genesis_custom_post_class":"","_genesis_layout":"","ngg_post_thumbnail":0,"footnotes":""},"extra-categories":[],"hc_faqs":[55],"class_list":{"0":"post-2525","1":"page","2":"type-page","3":"status-publish","4":"has-post-thumbnail","6":"hc_faqs-truck-accident","7":"entry"},"acf":[],"yoast_head":"<!-- This site is optimized with the Yoast SEO plugin v27.4 - https:\/\/yoast.com\/product\/yoast-seo-wordpress\/ -->\n<title>What to Expect in a Trucking Accident | Steps to Take After<\/title>\n<meta name=\"description\" content=\"Find out what to expect after a trucking accident and the steps you should take. Get expert advice to protect your rights and secure compensation\" \/>\n<meta name=\"robots\" content=\"index, follow, max-snippet:-1, max-image-preview:large, max-video-preview:-1\" \/>\n<link rel=\"canonical\" href=\"https:\/\/slamdunkattorney.com\/es\/faqs\/what-to-expect-when-you-are-in-a-trucking-accident-and-what-to-do-about-it\/\" \/>\n<meta property=\"og:locale\" content=\"es_MX\" \/>\n<meta property=\"og:type\" content=\"article\" \/>\n<meta property=\"og:title\" content=\"What to Expect in a Trucking Accident | Steps to Take After\" \/>\n<meta property=\"og:description\" content=\"Find out what to expect after a trucking accident and the steps you should take. Get expert advice to protect your rights and secure compensation\" \/>\n<meta property=\"og:url\" content=\"https:\/\/slamdunkattorney.com\/es\/faqs\/what-to-expect-when-you-are-in-a-trucking-accident-and-what-to-do-about-it\/\" \/>\n<meta property=\"og:site_name\" content=\"Slam Dunk Attorney | Injury Lawyers\" \/>\n<meta property=\"article:publisher\" content=\"https:\/\/www.facebook.com\/slamdunkattorneyinjurylawyers\/\" \/>\n<meta property=\"article:modified_time\" content=\"2024-10-09T04:59:34+00:00\" \/>\n<meta property=\"og:image\" content=\"https:\/\/slamdunkattorney.com\/wp-content\/uploads\/2022\/11\/what-to-expect-when-you-are-in-a-trucking-accident-and-what-to-do-about-it-1.jpg\" \/>\n\t<meta property=\"og:image:width\" content=\"800\" \/>\n\t<meta property=\"og:image:height\" content=\"600\" \/>\n\t<meta property=\"og:image:type\" content=\"image\/jpeg\" \/>\n<meta name=\"twitter:card\" content=\"summary_large_image\" \/>\n<meta name=\"twitter:site\" content=\"@slamdunkattorney\" \/>\n<meta name=\"twitter:label1\" content=\"Est. reading time\" \/>\n\t<meta name=\"twitter:data1\" content=\"3 minutos\" \/>\n<script type=\"application\/ld+json\" class=\"yoast-schema-graph\">{\"@context\":\"https:\\\/\\\/schema.org\",\"@graph\":[{\"@type\":\"WebPage\",\"@id\":\"https:\\\/\\\/slamdunkattorney.com\\\/faqs\\\/what-to-expect-when-you-are-in-a-trucking-accident-and-what-to-do-about-it\\\/\",\"url\":\"https:\\\/\\\/slamdunkattorney.com\\\/faqs\\\/what-to-expect-when-you-are-in-a-trucking-accident-and-what-to-do-about-it\\\/\",\"name\":\"What to Expect in a Trucking Accident | Steps to Take After\",\"isPartOf\":{\"@id\":\"https:\\\/\\\/slamdunkattorney.com\\\/#website\"},\"primaryImageOfPage\":{\"@id\":\"https:\\\/\\\/slamdunkattorney.com\\\/faqs\\\/what-to-expect-when-you-are-in-a-trucking-accident-and-what-to-do-about-it\\\/#primaryimage\"},\"image\":{\"@id\":\"https:\\\/\\\/slamdunkattorney.com\\\/faqs\\\/what-to-expect-when-you-are-in-a-trucking-accident-and-what-to-do-about-it\\\/#primaryimage\"},\"thumbnailUrl\":\"https:\\\/\\\/slamdunkattorney.com\\\/wp-content\\\/uploads\\\/2022\\\/11\\\/what-to-expect-when-you-are-in-a-trucking-accident-and-what-to-do-about-it-1.jpg\",\"datePublished\":\"2022-11-01T15:11:00+00:00\",\"dateModified\":\"2024-10-09T04:59:34+00:00\",\"description\":\"Find out what to expect after a trucking accident and the steps you should take. Get expert advice to protect your rights and secure compensation\",\"breadcrumb\":{\"@id\":\"https:\\\/\\\/slamdunkattorney.com\\\/faqs\\\/what-to-expect-when-you-are-in-a-trucking-accident-and-what-to-do-about-it\\\/#breadcrumb\"},\"inLanguage\":\"es\",\"potentialAction\":[{\"@type\":\"ReadAction\",\"target\":[\"https:\\\/\\\/slamdunkattorney.com\\\/faqs\\\/what-to-expect-when-you-are-in-a-trucking-accident-and-what-to-do-about-it\\\/\"]}]},{\"@type\":\"ImageObject\",\"inLanguage\":\"es\",\"@id\":\"https:\\\/\\\/slamdunkattorney.com\\\/faqs\\\/what-to-expect-when-you-are-in-a-trucking-accident-and-what-to-do-about-it\\\/#primaryimage\",\"url\":\"https:\\\/\\\/slamdunkattorney.com\\\/wp-content\\\/uploads\\\/2022\\\/11\\\/what-to-expect-when-you-are-in-a-trucking-accident-and-what-to-do-about-it-1.jpg\",\"contentUrl\":\"https:\\\/\\\/slamdunkattorney.com\\\/wp-content\\\/uploads\\\/2022\\\/11\\\/what-to-expect-when-you-are-in-a-trucking-accident-and-what-to-do-about-it-1.jpg\",\"width\":800,\"height\":600,\"caption\":\"what-to-expect-when-you-are-in-a-trucking-accident-and-what-to-do-about-it\"},{\"@type\":\"BreadcrumbList\",\"@id\":\"https:\\\/\\\/slamdunkattorney.com\\\/faqs\\\/what-to-expect-when-you-are-in-a-trucking-accident-and-what-to-do-about-it\\\/#breadcrumb\",\"itemListElement\":[{\"@type\":\"ListItem\",\"position\":1,\"name\":\"Home\",\"item\":\"https:\\\/\\\/slamdunkattorney.com\\\/\"},{\"@type\":\"ListItem\",\"position\":2,\"name\":\"FAQs\",\"item\":\"https:\\\/\\\/slamdunkattorney.com\\\/faqs\\\/\"},{\"@type\":\"ListItem\",\"position\":3,\"name\":\"What to Expect When You Are in a Trucking Accident and What to Do About It\"}]},{\"@type\":\"WebSite\",\"@id\":\"https:\\\/\\\/slamdunkattorney.com\\\/#website\",\"url\":\"https:\\\/\\\/slamdunkattorney.com\\\/\",\"name\":\"Slam Dunk Attorney | Injury Lawyers\",\"description\":\"Duluth Personal Injury Lawyers\",\"publisher\":{\"@id\":\"https:\\\/\\\/slamdunkattorney.com\\\/#organization\"},\"alternateName\":\"Slam Dunk Attorney\",\"inLanguage\":\"es\"},{\"@type\":\"Organization\",\"@id\":\"https:\\\/\\\/slamdunkattorney.com\\\/#organization\",\"name\":\"Slam Dunk Attorney\",\"alternateName\":\"Slam Dunk\",\"url\":\"https:\\\/\\\/slamdunkattorney.com\\\/\",\"logo\":{\"@type\":\"ImageObject\",\"inLanguage\":\"es\",\"@id\":\"https:\\\/\\\/slamdunkattorney.com\\\/#\\\/schema\\\/logo\\\/image\\\/\",\"url\":\"https:\\\/\\\/slamdunkattorney.com\\\/wp-content\\\/uploads\\\/2023\\\/05\\\/cropped-Logo.png\",\"contentUrl\":\"https:\\\/\\\/slamdunkattorney.com\\\/wp-content\\\/uploads\\\/2023\\\/05\\\/cropped-Logo.png\",\"width\":1080,\"height\":240,\"caption\":\"Slam Dunk Attorney\"},\"image\":{\"@id\":\"https:\\\/\\\/slamdunkattorney.com\\\/#\\\/schema\\\/logo\\\/image\\\/\"},\"sameAs\":[\"https:\\\/\\\/www.facebook.com\\\/slamdunkattorneyinjurylawyers\\\/\",\"https:\\\/\\\/x.com\\\/slamdunkattorney\",\"https:\\\/\\\/www.instagram.com\\\/slamdunkattorney\\\/\",\"https:\\\/\\\/www.youtube.com\\\/channel\\\/UCSrOiC7vOjlCi3UgtIVGNtw\",\"https:\\\/\\\/www.linkedin.com\\\/company\\\/slamdunkattorneyinjurylawyers\"]}]}<\/script>\n<!-- \/ Yoast SEO plugin. -->","yoast_head_json":{"title":"What to Expect in a Trucking Accident | Steps to Take After","description":"Find out what to expect after a trucking accident and the steps you should take. Get expert advice to protect your rights and secure compensation","robots":{"index":"index","follow":"follow","max-snippet":"max-snippet:-1","max-image-preview":"max-image-preview:large","max-video-preview":"max-video-preview:-1"},"canonical":"https:\/\/slamdunkattorney.com\/es\/faqs\/what-to-expect-when-you-are-in-a-trucking-accident-and-what-to-do-about-it\/","og_locale":"es_MX","og_type":"article","og_title":"What to Expect in a Trucking Accident | Steps to Take After","og_description":"Find out what to expect after a trucking accident and the steps you should take. Get expert advice to protect your rights and secure compensation","og_url":"https:\/\/slamdunkattorney.com\/es\/faqs\/what-to-expect-when-you-are-in-a-trucking-accident-and-what-to-do-about-it\/","og_site_name":"Slam Dunk Attorney | Injury Lawyers","article_publisher":"https:\/\/www.facebook.com\/slamdunkattorneyinjurylawyers\/","article_modified_time":"2024-10-09T04:59:34+00:00","og_image":[{"width":800,"height":600,"url":"https:\/\/slamdunkattorney.com\/wp-content\/uploads\/2022\/11\/what-to-expect-when-you-are-in-a-trucking-accident-and-what-to-do-about-it-1.jpg","type":"image\/jpeg"}],"twitter_card":"summary_large_image","twitter_site":"@slamdunkattorney","twitter_misc":{"Est. reading time":"3 minutos"},"schema":{"@context":"https:\/\/schema.org","@graph":[{"@type":"WebPage","@id":"https:\/\/slamdunkattorney.com\/faqs\/what-to-expect-when-you-are-in-a-trucking-accident-and-what-to-do-about-it\/","url":"https:\/\/slamdunkattorney.com\/faqs\/what-to-expect-when-you-are-in-a-trucking-accident-and-what-to-do-about-it\/","name":"What to Expect in a Trucking Accident | Steps to Take After","isPartOf":{"@id":"https:\/\/slamdunkattorney.com\/#website"},"primaryImageOfPage":{"@id":"https:\/\/slamdunkattorney.com\/faqs\/what-to-expect-when-you-are-in-a-trucking-accident-and-what-to-do-about-it\/#primaryimage"},"image":{"@id":"https:\/\/slamdunkattorney.com\/faqs\/what-to-expect-when-you-are-in-a-trucking-accident-and-what-to-do-about-it\/#primaryimage"},"thumbnailUrl":"https:\/\/slamdunkattorney.com\/wp-content\/uploads\/2022\/11\/what-to-expect-when-you-are-in-a-trucking-accident-and-what-to-do-about-it-1.jpg","datePublished":"2022-11-01T15:11:00+00:00","dateModified":"2024-10-09T04:59:34+00:00","description":"Find out what to expect after a trucking accident and the steps you should take. Get expert advice to protect your rights and secure compensation","breadcrumb":{"@id":"https:\/\/slamdunkattorney.com\/faqs\/what-to-expect-when-you-are-in-a-trucking-accident-and-what-to-do-about-it\/#breadcrumb"},"inLanguage":"es","potentialAction":[{"@type":"ReadAction","target":["https:\/\/slamdunkattorney.com\/faqs\/what-to-expect-when-you-are-in-a-trucking-accident-and-what-to-do-about-it\/"]}]},{"@type":"ImageObject","inLanguage":"es","@id":"https:\/\/slamdunkattorney.com\/faqs\/what-to-expect-when-you-are-in-a-trucking-accident-and-what-to-do-about-it\/#primaryimage","url":"https:\/\/slamdunkattorney.com\/wp-content\/uploads\/2022\/11\/what-to-expect-when-you-are-in-a-trucking-accident-and-what-to-do-about-it-1.jpg","contentUrl":"https:\/\/slamdunkattorney.com\/wp-content\/uploads\/2022\/11\/what-to-expect-when-you-are-in-a-trucking-accident-and-what-to-do-about-it-1.jpg","width":800,"height":600,"caption":"what-to-expect-when-you-are-in-a-trucking-accident-and-what-to-do-about-it"},{"@type":"BreadcrumbList","@id":"https:\/\/slamdunkattorney.com\/faqs\/what-to-expect-when-you-are-in-a-trucking-accident-and-what-to-do-about-it\/#breadcrumb","itemListElement":[{"@type":"ListItem","position":1,"name":"Home","item":"https:\/\/slamdunkattorney.com\/"},{"@type":"ListItem","position":2,"name":"FAQs","item":"https:\/\/slamdunkattorney.com\/faqs\/"},{"@type":"ListItem","position":3,"name":"What to Expect When You Are in a Trucking Accident and What to Do About It"}]},{"@type":"WebSite","@id":"https:\/\/slamdunkattorney.com\/#website","url":"https:\/\/slamdunkattorney.com\/","name":"Abogado experto en lesiones | Abogados especializados en lesiones","description":"Abogados de lesiones personales en Duluth","publisher":{"@id":"https:\/\/slamdunkattorney.com\/#organization"},"alternateName":"Slam Dunk Attorney","inLanguage":"es"},{"@type":"Organization","@id":"https:\/\/slamdunkattorney.com\/#organization","name":"Abogado Slam Dunk","alternateName":"Slam Dunk","url":"https:\/\/slamdunkattorney.com\/","logo":{"@type":"ImageObject","inLanguage":"es","@id":"https:\/\/slamdunkattorney.com\/#\/schema\/logo\/image\/","url":"https:\/\/slamdunkattorney.com\/wp-content\/uploads\/2023\/05\/cropped-Logo.png","contentUrl":"https:\/\/slamdunkattorney.com\/wp-content\/uploads\/2023\/05\/cropped-Logo.png","width":1080,"height":240,"caption":"Slam Dunk Attorney"},"image":{"@id":"https:\/\/slamdunkattorney.com\/#\/schema\/logo\/image\/"},"sameAs":["https:\/\/www.facebook.com\/slamdunkattorneyinjurylawyers\/","https:\/\/x.com\/slamdunkattorney","https:\/\/www.instagram.com\/slamdunkattorney\/","https:\/\/www.youtube.com\/channel\/UCSrOiC7vOjlCi3UgtIVGNtw","https:\/\/www.linkedin.com\/company\/slamdunkattorneyinjurylawyers"]}]}},"yoast_meta":{"yoast_wpseo_title":"","yoast_wpseo_metadesc":"","yoast_wpseo_canonical":"https:\/\/slamdunkattorney.com\/es\/wp-json\/wp\/v2\/pages\/2525"},"_links":{"self":[{"href":"https:\/\/slamdunkattorney.com\/es\/wp-json\/wp\/v2\/pages\/2525","targetHints":{"allow":["GET"]}}],"collection":[{"href":"https:\/\/slamdunkattorney.com\/es\/wp-json\/wp\/v2\/pages"}],"about":[{"href":"https:\/\/slamdunkattorney.com\/es\/wp-json\/wp\/v2\/types\/page"}],"author":[{"embeddable":true,"href":"https:\/\/slamdunkattorney.com\/es\/wp-json\/wp\/v2\/users\/2"}],"replies":[{"embeddable":true,"href":"https:\/\/slamdunkattorney.com\/es\/wp-json\/wp\/v2\/comments?post=2525"}],"version-history":[{"count":0,"href":"https:\/\/slamdunkattorney.com\/es\/wp-json\/wp\/v2\/pages\/2525\/revisions"}],"up":[{"embeddable":true,"href":"https:\/\/slamdunkattorney.com\/es\/wp-json\/wp\/v2\/pages\/5902"}],"wp:featuredmedia":[{"embeddable":true,"href":"https:\/\/slamdunkattorney.com\/es\/wp-json\/wp\/v2\/media\/3118"}],"wp:attachment":[{"href":"https:\/\/slamdunkattorney.com\/es\/wp-json\/wp\/v2\/media?parent=2525"}],"wp:term":[{"taxonomy":"extra-categories","embeddable":true,"href":"https:\/\/slamdunkattorney.com\/es\/wp-json\/wp\/v2\/extra-categories?post=2525"},{"taxonomy":"hc_faqs","embeddable":true,"href":"https:\/\/slamdunkattorney.com\/es\/wp-json\/wp\/v2\/hc_faqs?post=2525"}],"curies":[{"name":"wp","href":"https:\/\/api.w.org\/{rel}","templated":true}]}}