{"id":2523,"date":"2022-11-01T15:10:01","date_gmt":"2022-11-01T15:10:01","guid":{"rendered":"https:\/\/jarlaw.flywheelstaging.com\/?p=2523"},"modified":"2024-12-23T06:56:06","modified_gmt":"2024-12-23T06:56:06","slug":"my-minor-child-was-injured-in-a-car-accident-what-do-i-do","status":"publish","type":"page","link":"https:\/\/slamdunkattorney.com\/es\/faqs\/my-minor-child-was-injured-in-a-car-accident-what-do-i-do\/","title":{"rendered":"Ni\u00f1o lesionado en un accidente automovil\u00edstico: \u00bfqu\u00e9 medidas tomar?"},"content":{"rendered":"<p>Desafortunadamente, los menores de edad se ven involucrados en m\u00e1s accidentes automovil\u00edsticos de lo que nos gustar\u00eda. Si te encuentras en esta situaci\u00f3n tan preocupante, esto es lo que debes hacer. Lo primero es lo primero: si no has obtenido el informe del accidente o el informe policial del accidente automovil\u00edstico, debes ponerte en contacto con la agencia o el departamento de polic\u00eda que acudi\u00f3 al lugar del accidente y solicitar el informe. Tambi\u00e9n puedes utilizar\u00a0<a href=\"https:\/\/buycrash.lexisnexisrisk.com\/\">este sitio web<\/a>\u00a0para comprar su informe si est\u00e1 disponible en l\u00ednea. A continuaci\u00f3n, debe llevar a su hijo al m\u00e9dico de inmediato. Aseg\u00farese de que le atiendan todas sus lesiones y de que reciba el tratamiento adecuado.<\/p>\r\n\r\n\r\n\r\n<h2 class=\"wp-block-heading\">\u00a1Reclamaciones abiertas con las compa\u00f1\u00edas de seguros!<\/h2>\r\n\r\n\r\n\r\n<p>Durante el tratamiento de su hijo, debe presentar una reclamaci\u00f3n a la compa\u00f1\u00eda de seguros de la persona que caus\u00f3 el accidente automovil\u00edstico y a su propia compa\u00f1\u00eda de seguros. La raz\u00f3n por la que debe presentar una reclamaci\u00f3n a su compa\u00f1\u00eda de seguros es que, si tiene cobertura para conductores sin seguro o con seguro insuficiente, esta podr\u00eda entrar en juego para pagar las lesiones de su hijo adem\u00e1s de lo que reciba del seguro de la otra persona. NO acepte ninguna oferta preliminar que le env\u00eden. Si el accidente fue culpa suya, es probable que no tenga que presentar reclamaciones a nadie, a menos que tenga cobertura de gastos m\u00e9dicos o \u201cMedPay\u201d.\u201d<\/p>\r\n\r\n\r\n\r\n\n<div class=\"cta-container row align-items-center\">\n    <div class=\"col-md-7\">\n        <p class=\"cta-text rs-content-cta\">Orgullosos de servir a Duluth y a todo Georgia <span>\u00a1Cont\u00e1ctenos para comenzar su recuperaci\u00f3n!<\/span> <a href=\"https:\/\/slamdunkattorney.com\/es\/\">Explore nuestras \u00e1reas de pr\u00e1ctica<\/a><\/p>\n    <\/div>\n    <div class=\"col-md-5\">\n        <img decoding=\"async\" src=\"https:\/\/slamdunkattorney.com\/wp-content\/themes\/slam-dunk-rebuild\/assets\/app\/img\/map-cta.jpg\" alt=\"Legal Consultation\" class=\"img-fluid\"\/>\n    <\/div>\n<\/div><h2 class=\"wp-block-heading\">\u00bfOferta superior a $25,000.00?<\/h2>\r\n\r\n\r\n\r\n<p>Una vez que su hijo haya completado su tratamiento, debe reunir todas las facturas y registros m\u00e9dicos de su hijo para enviarlos a la compa\u00f1\u00eda de seguros y EXIGIR que paguen por las lesiones de su hijo y su dolor y sufrimiento. Tenga en cuenta que, seg\u00fan la ley de Georgia, un tutor natural (usted) no puede aceptar una oferta superior a $25,000.00 sin obtener primero la aprobaci\u00f3n de un juez del tribunal testamentario. V\u00e9ase. <a href=\"https:\/\/law.justia.com\/codes\/georgia\/2010\/title-29\/chapter-3\/article-1\/29-3-3\/\">O.C.G.A. \u00a7 29-3-3<\/a>. Si este es el caso, debe presentar varios formularios al juez del tribunal testamentario, que se pueden encontrar en l\u00ednea. Una vez que el juez del tribunal testamentario apruebe el acuerdo, puede sugerir la creaci\u00f3n de un fideicomiso o alg\u00fan tipo de acuerdo estructurado, dependiendo de la edad de su hijo.<\/p>\r\n\r\n\r\n\r\n<h2 class=\"wp-block-heading\">\u00bfOferta inferior a $25,000.00?<\/h2>\r\n\r\n\r\n\r\n<p>Si la oferta es inferior o igual a $25,000.00, entonces no tiene nada de qu\u00e9 preocuparse si es el tutor natural del ni\u00f1o. Puede aceptar la oferta usted mismo y guardar el dinero para su hijo o utilizarlo en su beneficio. Desafortunadamente, nada relacionado con asuntos legales es tan sencillo y, a menudo, existen trampas en las que las personas pueden caer f\u00e1cilmente y que pueden costarles todo. Nuestra recomendaci\u00f3n es que contrate a un abogado especializado en accidentes automovil\u00edsticos que le gu\u00ede en cada paso del proceso.<\/p>\r\n\r\n\r\n\r\n<p>Si usted o un ser querido ha sufrido un accidente automovil\u00edstico en Georgia, comun\u00edquese con <a title=\"Contacto\" href=\"https:\/\/slamdunkattorney.com\/es\/contact-us\/\">Abogado Slam Dunk<\/a> para uno de los mejores <a href=\"https:\/\/slamdunkattorney.com\/es\/duluth\/car-accident-lawyer\/\">Abogados especializados en accidentes automovil\u00edsticos en Duluth<\/a>. Le proporcionaremos asesoramiento legal profesional y le conseguiremos la indemnizaci\u00f3n que se merece. \u00a1Estamos listos para escuchar su historia y llevarlo desde su punto m\u00e1s bajo hasta donde pertenece! \u00a1Ll\u00e1menos hoy mismo para una sesi\u00f3n estrat\u00e9gica gratuita!<\/p>\r\n\n<div class=\"cta-container row align-items-center\">\n    <div class=\"col-md-7\">\n        <p class=\"cta-text rs-content-cta\">Llame o env\u00ede un mensaje de texto <a class=\"no-btn\" href=\"tel:+14049513513\">404-951-3513<\/a> o completar un <a href=\"https:\/\/slamdunkattorney.com\/es\/contact-us\/\">Formulario de evaluaci\u00f3n gratuita de su caso<\/a><\/p>\n    <\/div>\n    <div class=\"col-md-5\">\n        <img decoding=\"async\" src=\"https:\/\/slamdunkattorney.com\/wp-content\/themes\/slam-dunk-rebuild\/assets\/app\/img\/map-cta.jpg\" alt=\"Call or Text\" class=\"img-fluid\"\/>\n    <\/div>\n<\/div>","protected":false},"excerpt":{"rendered":"<p>Unfortunately, minor children are involved in more car accidents than any of us would like. If you find yourself in this troubling situation, then here\u2019s what you need to do. First things first, if you haven\u2019t obtained an accident report\/police report for the car accident, then you need to contact the agency\/police department that responded &#8230;<\/p>","protected":false},"author":2,"featured_media":3116,"parent":5902,"menu_order":0,"comment_status":"closed","ping_status":"closed","template":"","meta":{"_acf_changed":false,"_genesis_hide_title":false,"_genesis_hide_breadcrumbs":false,"_genesis_hide_singular_image":false,"_genesis_hide_footer_widgets":false,"_genesis_custom_body_class":"","_genesis_custom_post_class":"","_genesis_layout":"","ngg_post_thumbnail":0,"footnotes":""},"extra-categories":[],"hc_faqs":[41],"class_list":{"0":"post-2523","1":"page","2":"type-page","3":"status-publish","4":"has-post-thumbnail","6":"hc_faqs-car-accident","7":"entry"},"acf":[],"yoast_head":"<!-- This site is optimized with the Yoast SEO plugin v27.4 - https:\/\/yoast.com\/product\/yoast-seo-wordpress\/ -->\n<title>Child Injured in a Car Accident: What Steps to Take? - Slam Dunk Attorney | Injury Lawyers<\/title>\n<meta name=\"description\" content=\"If you or a loved one has been involved in an auto accident in Georgia, contact Slam Dunk Attorney.\" \/>\n<meta name=\"robots\" content=\"index, follow, max-snippet:-1, max-image-preview:large, max-video-preview:-1\" \/>\n<link rel=\"canonical\" href=\"https:\/\/slamdunkattorney.com\/es\/faqs\/my-minor-child-was-injured-in-a-car-accident-what-do-i-do\/\" \/>\n<meta property=\"og:locale\" content=\"es_MX\" \/>\n<meta property=\"og:type\" content=\"article\" \/>\n<meta property=\"og:title\" content=\"Child Injured in a Car Accident: What Steps to Take? - Slam Dunk Attorney | Injury Lawyers\" \/>\n<meta property=\"og:description\" content=\"If you or a loved one has been involved in an auto accident in Georgia, contact Slam Dunk Attorney.\" \/>\n<meta property=\"og:url\" content=\"https:\/\/slamdunkattorney.com\/es\/faqs\/my-minor-child-was-injured-in-a-car-accident-what-do-i-do\/\" \/>\n<meta property=\"og:site_name\" content=\"Slam Dunk Attorney | Injury Lawyers\" \/>\n<meta property=\"article:publisher\" content=\"https:\/\/www.facebook.com\/slamdunkattorneyinjurylawyers\/\" \/>\n<meta property=\"article:modified_time\" content=\"2024-12-23T06:56:06+00:00\" \/>\n<meta property=\"og:image\" content=\"https:\/\/slamdunkattorney.com\/wp-content\/uploads\/2022\/11\/my-minor-child-was-injured-in-a-car-accident-what-do-i-do-1.jpg\" \/>\n\t<meta property=\"og:image:width\" content=\"800\" \/>\n\t<meta property=\"og:image:height\" content=\"600\" \/>\n\t<meta property=\"og:image:type\" content=\"image\/jpeg\" \/>\n<meta name=\"twitter:card\" content=\"summary_large_image\" \/>\n<meta name=\"twitter:site\" content=\"@slamdunkattorney\" \/>\n<meta name=\"twitter:label1\" content=\"Est. reading time\" \/>\n\t<meta name=\"twitter:data1\" content=\"3 minutos\" \/>\n<script type=\"application\/ld+json\" class=\"yoast-schema-graph\">{\"@context\":\"https:\\\/\\\/schema.org\",\"@graph\":[{\"@type\":\"WebPage\",\"@id\":\"https:\\\/\\\/slamdunkattorney.com\\\/faqs\\\/my-minor-child-was-injured-in-a-car-accident-what-do-i-do\\\/\",\"url\":\"https:\\\/\\\/slamdunkattorney.com\\\/faqs\\\/my-minor-child-was-injured-in-a-car-accident-what-do-i-do\\\/\",\"name\":\"Child Injured in a Car Accident: What Steps to Take? - Slam Dunk Attorney | Injury Lawyers\",\"isPartOf\":{\"@id\":\"https:\\\/\\\/slamdunkattorney.com\\\/#website\"},\"primaryImageOfPage\":{\"@id\":\"https:\\\/\\\/slamdunkattorney.com\\\/faqs\\\/my-minor-child-was-injured-in-a-car-accident-what-do-i-do\\\/#primaryimage\"},\"image\":{\"@id\":\"https:\\\/\\\/slamdunkattorney.com\\\/faqs\\\/my-minor-child-was-injured-in-a-car-accident-what-do-i-do\\\/#primaryimage\"},\"thumbnailUrl\":\"https:\\\/\\\/slamdunkattorney.com\\\/wp-content\\\/uploads\\\/2022\\\/11\\\/my-minor-child-was-injured-in-a-car-accident-what-do-i-do-1.jpg\",\"datePublished\":\"2022-11-01T15:10:01+00:00\",\"dateModified\":\"2024-12-23T06:56:06+00:00\",\"description\":\"If you or a loved one has been involved in an auto accident in Georgia, contact Slam Dunk Attorney.\",\"breadcrumb\":{\"@id\":\"https:\\\/\\\/slamdunkattorney.com\\\/faqs\\\/my-minor-child-was-injured-in-a-car-accident-what-do-i-do\\\/#breadcrumb\"},\"inLanguage\":\"es\",\"potentialAction\":[{\"@type\":\"ReadAction\",\"target\":[\"https:\\\/\\\/slamdunkattorney.com\\\/faqs\\\/my-minor-child-was-injured-in-a-car-accident-what-do-i-do\\\/\"]}]},{\"@type\":\"ImageObject\",\"inLanguage\":\"es\",\"@id\":\"https:\\\/\\\/slamdunkattorney.com\\\/faqs\\\/my-minor-child-was-injured-in-a-car-accident-what-do-i-do\\\/#primaryimage\",\"url\":\"https:\\\/\\\/slamdunkattorney.com\\\/wp-content\\\/uploads\\\/2022\\\/11\\\/my-minor-child-was-injured-in-a-car-accident-what-do-i-do-1.jpg\",\"contentUrl\":\"https:\\\/\\\/slamdunkattorney.com\\\/wp-content\\\/uploads\\\/2022\\\/11\\\/my-minor-child-was-injured-in-a-car-accident-what-do-i-do-1.jpg\",\"width\":800,\"height\":600,\"caption\":\"my-minor-child-was-injured-in-a-car-accident-what-do-i-do\"},{\"@type\":\"BreadcrumbList\",\"@id\":\"https:\\\/\\\/slamdunkattorney.com\\\/faqs\\\/my-minor-child-was-injured-in-a-car-accident-what-do-i-do\\\/#breadcrumb\",\"itemListElement\":[{\"@type\":\"ListItem\",\"position\":1,\"name\":\"Home\",\"item\":\"https:\\\/\\\/slamdunkattorney.com\\\/\"},{\"@type\":\"ListItem\",\"position\":2,\"name\":\"FAQs\",\"item\":\"https:\\\/\\\/slamdunkattorney.com\\\/faqs\\\/\"},{\"@type\":\"ListItem\",\"position\":3,\"name\":\"Child Injured in a Car Accident: What Steps to Take?\"}]},{\"@type\":\"WebSite\",\"@id\":\"https:\\\/\\\/slamdunkattorney.com\\\/#website\",\"url\":\"https:\\\/\\\/slamdunkattorney.com\\\/\",\"name\":\"Slam Dunk Attorney | Injury Lawyers\",\"description\":\"Duluth Personal Injury Lawyers\",\"publisher\":{\"@id\":\"https:\\\/\\\/slamdunkattorney.com\\\/#organization\"},\"alternateName\":\"Slam Dunk Attorney\",\"inLanguage\":\"es\"},{\"@type\":\"Organization\",\"@id\":\"https:\\\/\\\/slamdunkattorney.com\\\/#organization\",\"name\":\"Slam Dunk Attorney\",\"alternateName\":\"Slam Dunk\",\"url\":\"https:\\\/\\\/slamdunkattorney.com\\\/\",\"logo\":{\"@type\":\"ImageObject\",\"inLanguage\":\"es\",\"@id\":\"https:\\\/\\\/slamdunkattorney.com\\\/#\\\/schema\\\/logo\\\/image\\\/\",\"url\":\"https:\\\/\\\/slamdunkattorney.com\\\/wp-content\\\/uploads\\\/2023\\\/05\\\/cropped-Logo.png\",\"contentUrl\":\"https:\\\/\\\/slamdunkattorney.com\\\/wp-content\\\/uploads\\\/2023\\\/05\\\/cropped-Logo.png\",\"width\":1080,\"height\":240,\"caption\":\"Slam Dunk Attorney\"},\"image\":{\"@id\":\"https:\\\/\\\/slamdunkattorney.com\\\/#\\\/schema\\\/logo\\\/image\\\/\"},\"sameAs\":[\"https:\\\/\\\/www.facebook.com\\\/slamdunkattorneyinjurylawyers\\\/\",\"https:\\\/\\\/x.com\\\/slamdunkattorney\",\"https:\\\/\\\/www.instagram.com\\\/slamdunkattorney\\\/\",\"https:\\\/\\\/www.youtube.com\\\/channel\\\/UCSrOiC7vOjlCi3UgtIVGNtw\",\"https:\\\/\\\/www.linkedin.com\\\/company\\\/slamdunkattorneyinjurylawyers\"]}]}<\/script>\n<!-- \/ Yoast SEO plugin. -->","yoast_head_json":{"title":"Child Injured in a Car Accident: What Steps to Take? - Slam Dunk Attorney | Injury Lawyers","description":"If you or a loved one has been involved in an auto accident in Georgia, contact Slam Dunk Attorney.","robots":{"index":"index","follow":"follow","max-snippet":"max-snippet:-1","max-image-preview":"max-image-preview:large","max-video-preview":"max-video-preview:-1"},"canonical":"https:\/\/slamdunkattorney.com\/es\/faqs\/my-minor-child-was-injured-in-a-car-accident-what-do-i-do\/","og_locale":"es_MX","og_type":"article","og_title":"Child Injured in a Car Accident: What Steps to Take? - Slam Dunk Attorney | Injury Lawyers","og_description":"If you or a loved one has been involved in an auto accident in Georgia, contact Slam Dunk Attorney.","og_url":"https:\/\/slamdunkattorney.com\/es\/faqs\/my-minor-child-was-injured-in-a-car-accident-what-do-i-do\/","og_site_name":"Slam Dunk Attorney | Injury Lawyers","article_publisher":"https:\/\/www.facebook.com\/slamdunkattorneyinjurylawyers\/","article_modified_time":"2024-12-23T06:56:06+00:00","og_image":[{"width":800,"height":600,"url":"https:\/\/slamdunkattorney.com\/wp-content\/uploads\/2022\/11\/my-minor-child-was-injured-in-a-car-accident-what-do-i-do-1.jpg","type":"image\/jpeg"}],"twitter_card":"summary_large_image","twitter_site":"@slamdunkattorney","twitter_misc":{"Est. reading time":"3 minutos"},"schema":{"@context":"https:\/\/schema.org","@graph":[{"@type":"WebPage","@id":"https:\/\/slamdunkattorney.com\/faqs\/my-minor-child-was-injured-in-a-car-accident-what-do-i-do\/","url":"https:\/\/slamdunkattorney.com\/faqs\/my-minor-child-was-injured-in-a-car-accident-what-do-i-do\/","name":"Child Injured in a Car Accident: What Steps to Take? - Slam Dunk Attorney | Injury Lawyers","isPartOf":{"@id":"https:\/\/slamdunkattorney.com\/#website"},"primaryImageOfPage":{"@id":"https:\/\/slamdunkattorney.com\/faqs\/my-minor-child-was-injured-in-a-car-accident-what-do-i-do\/#primaryimage"},"image":{"@id":"https:\/\/slamdunkattorney.com\/faqs\/my-minor-child-was-injured-in-a-car-accident-what-do-i-do\/#primaryimage"},"thumbnailUrl":"https:\/\/slamdunkattorney.com\/wp-content\/uploads\/2022\/11\/my-minor-child-was-injured-in-a-car-accident-what-do-i-do-1.jpg","datePublished":"2022-11-01T15:10:01+00:00","dateModified":"2024-12-23T06:56:06+00:00","description":"If you or a loved one has been involved in an auto accident in Georgia, contact Slam Dunk Attorney.","breadcrumb":{"@id":"https:\/\/slamdunkattorney.com\/faqs\/my-minor-child-was-injured-in-a-car-accident-what-do-i-do\/#breadcrumb"},"inLanguage":"es","potentialAction":[{"@type":"ReadAction","target":["https:\/\/slamdunkattorney.com\/faqs\/my-minor-child-was-injured-in-a-car-accident-what-do-i-do\/"]}]},{"@type":"ImageObject","inLanguage":"es","@id":"https:\/\/slamdunkattorney.com\/faqs\/my-minor-child-was-injured-in-a-car-accident-what-do-i-do\/#primaryimage","url":"https:\/\/slamdunkattorney.com\/wp-content\/uploads\/2022\/11\/my-minor-child-was-injured-in-a-car-accident-what-do-i-do-1.jpg","contentUrl":"https:\/\/slamdunkattorney.com\/wp-content\/uploads\/2022\/11\/my-minor-child-was-injured-in-a-car-accident-what-do-i-do-1.jpg","width":800,"height":600,"caption":"my-minor-child-was-injured-in-a-car-accident-what-do-i-do"},{"@type":"BreadcrumbList","@id":"https:\/\/slamdunkattorney.com\/faqs\/my-minor-child-was-injured-in-a-car-accident-what-do-i-do\/#breadcrumb","itemListElement":[{"@type":"ListItem","position":1,"name":"Home","item":"https:\/\/slamdunkattorney.com\/"},{"@type":"ListItem","position":2,"name":"FAQs","item":"https:\/\/slamdunkattorney.com\/faqs\/"},{"@type":"ListItem","position":3,"name":"Child Injured in a Car Accident: What Steps to Take?"}]},{"@type":"WebSite","@id":"https:\/\/slamdunkattorney.com\/#website","url":"https:\/\/slamdunkattorney.com\/","name":"Abogado experto en lesiones | Abogados especializados en lesiones","description":"Abogados de lesiones personales en Duluth","publisher":{"@id":"https:\/\/slamdunkattorney.com\/#organization"},"alternateName":"Slam Dunk Attorney","inLanguage":"es"},{"@type":"Organization","@id":"https:\/\/slamdunkattorney.com\/#organization","name":"Abogado Slam Dunk","alternateName":"Slam Dunk","url":"https:\/\/slamdunkattorney.com\/","logo":{"@type":"ImageObject","inLanguage":"es","@id":"https:\/\/slamdunkattorney.com\/#\/schema\/logo\/image\/","url":"https:\/\/slamdunkattorney.com\/wp-content\/uploads\/2023\/05\/cropped-Logo.png","contentUrl":"https:\/\/slamdunkattorney.com\/wp-content\/uploads\/2023\/05\/cropped-Logo.png","width":1080,"height":240,"caption":"Slam Dunk Attorney"},"image":{"@id":"https:\/\/slamdunkattorney.com\/#\/schema\/logo\/image\/"},"sameAs":["https:\/\/www.facebook.com\/slamdunkattorneyinjurylawyers\/","https:\/\/x.com\/slamdunkattorney","https:\/\/www.instagram.com\/slamdunkattorney\/","https:\/\/www.youtube.com\/channel\/UCSrOiC7vOjlCi3UgtIVGNtw","https:\/\/www.linkedin.com\/company\/slamdunkattorneyinjurylawyers"]}]}},"yoast_meta":{"yoast_wpseo_title":"","yoast_wpseo_metadesc":"","yoast_wpseo_canonical":"https:\/\/slamdunkattorney.com\/es\/wp-json\/wp\/v2\/pages\/2523"},"_links":{"self":[{"href":"https:\/\/slamdunkattorney.com\/es\/wp-json\/wp\/v2\/pages\/2523","targetHints":{"allow":["GET"]}}],"collection":[{"href":"https:\/\/slamdunkattorney.com\/es\/wp-json\/wp\/v2\/pages"}],"about":[{"href":"https:\/\/slamdunkattorney.com\/es\/wp-json\/wp\/v2\/types\/page"}],"author":[{"embeddable":true,"href":"https:\/\/slamdunkattorney.com\/es\/wp-json\/wp\/v2\/users\/2"}],"replies":[{"embeddable":true,"href":"https:\/\/slamdunkattorney.com\/es\/wp-json\/wp\/v2\/comments?post=2523"}],"version-history":[{"count":0,"href":"https:\/\/slamdunkattorney.com\/es\/wp-json\/wp\/v2\/pages\/2523\/revisions"}],"up":[{"embeddable":true,"href":"https:\/\/slamdunkattorney.com\/es\/wp-json\/wp\/v2\/pages\/5902"}],"wp:featuredmedia":[{"embeddable":true,"href":"https:\/\/slamdunkattorney.com\/es\/wp-json\/wp\/v2\/media\/3116"}],"wp:attachment":[{"href":"https:\/\/slamdunkattorney.com\/es\/wp-json\/wp\/v2\/media?parent=2523"}],"wp:term":[{"taxonomy":"extra-categories","embeddable":true,"href":"https:\/\/slamdunkattorney.com\/es\/wp-json\/wp\/v2\/extra-categories?post=2523"},{"taxonomy":"hc_faqs","embeddable":true,"href":"https:\/\/slamdunkattorney.com\/es\/wp-json\/wp\/v2\/hc_faqs?post=2523"}],"curies":[{"name":"wp","href":"https:\/\/api.w.org\/{rel}","templated":true}]}}