{"id":2521,"date":"2022-11-01T15:09:03","date_gmt":"2022-11-01T15:09:03","guid":{"rendered":"https:\/\/jarlaw.flywheelstaging.com\/?p=2521"},"modified":"2024-10-23T14:39:13","modified_gmt":"2024-10-23T14:39:13","slug":"is-it-worth-getting-a-lawyer-for-a-car-accident","status":"publish","type":"page","link":"https:\/\/slamdunkattorney.com\/es\/faqs\/is-it-worth-getting-a-lawyer-for-a-car-accident\/","title":{"rendered":"\u00bfVale la pena contratar a un abogado para un accidente automovil\u00edstico?"},"content":{"rendered":"<p>Casi siempre vale la pena consultar con un abogado despu\u00e9s de haber sufrido un accidente automovil\u00edstico. La mayor\u00eda, si no todos, los abogados especializados en accidentes automovil\u00edsticos no cobran honorarios por adelantado y solo reciben su pago si logran obtener una indemnizaci\u00f3n. <a title=\"\u00bfCu\u00e1ndo recibir\u00e9 mi indemnizaci\u00f3n por lesiones personales?\" href=\"https:\/\/slamdunkattorney.com\/es\/faqs\/when-will-i-get-my-personal-injury-settlement\/\">acuerdo<\/a> para usted. Si una compa\u00f1\u00eda de seguros sabe que usted est\u00e1 tramitando su reclamaci\u00f3n por su cuenta, es probable que no reciba tanto dinero como si contara con la ayuda de un abogado. Es l\u00f3gico. Las compa\u00f1\u00edas de seguros que tratan con personas sin representaci\u00f3n saben que no hay riesgo de que la persona presente una demanda para obtener una indemnizaci\u00f3n por sus lesiones, mientras que un abogado especializado en la materia tendr\u00e1 m\u00e1s probabilidades de hacer todo lo posible para que sus clientes obtengan lo que se merecen.<\/p>\r\n\r\n\r\n\r\n<h2 class=\"wp-block-heading\">Contar con un abogado probablemente aumentar\u00e1 el valor de su caso...<\/h2>\r\n\r\n\r\n\r\n<p>Lo m\u00e1s probable es que contar con un abogado a su lado aumente el monto de su acuerdo. La pregunta es: \u00bfcu\u00e1nto? Todo depende de la calidad del abogado que elija para representarlo. Si el abogado que elige es uno de los que dirigen lo que se conoce como una \u201cf\u00e1brica de acuerdos\u201d, entonces su acuerdo no ser\u00e1 tan alto como el que obtendr\u00eda si contratara a un abogado que acude a los tribunales y presenta demandas por sus casos. Una vez m\u00e1s, el razonamiento es similar. Si el abogado no est\u00e1 dispuesto a llevar su caso a los tribunales, entonces no hay\u00a0<em>amenaza<\/em>.<\/p>\r\n\r\n\r\n\r\n\n<div class=\"cta-container row align-items-center\">\n    <div class=\"col-md-7\">\n        <p class=\"cta-text rs-content-cta\">Orgullosos de servir a Duluth y a todo Georgia <span>\u00a1Cont\u00e1ctenos para comenzar su recuperaci\u00f3n!<\/span> <a href=\"https:\/\/slamdunkattorney.com\/es\/\">Explore nuestras \u00e1reas de pr\u00e1ctica<\/a><\/p>\n    <\/div>\n    <div class=\"col-md-5\">\n        <img decoding=\"async\" src=\"https:\/\/slamdunkattorney.com\/wp-content\/themes\/slam-dunk-rebuild\/assets\/app\/img\/map-cta.jpg\" alt=\"Legal Consultation\" class=\"img-fluid\"\/>\n    <\/div>\n<\/div><h2 class=\"wp-block-heading\">\u00a1Aseg\u00farate de que el abogado que contrates vaya a la corte!<\/h2>\r\n\r\n\r\n\r\n<p>Por eso es importante investigar bien al abogado que planeas contratar. Preg\u00fantele si acude a los tribunales. Preg\u00fantele con qu\u00e9 frecuencia lo hace, si es que lo hace. Si la respuesta a la primera pregunta es \u201cno\u201d, entonces necesita buscar otro abogado. Si la respuesta a la segunda pregunta es algo as\u00ed como \u00abno muy a menudo\u00bb, entonces necesita buscar otro abogado. A menos que le parezca bien conformarse con menos de lo que se merece, \u00a1debe asegurarse de que su abogado acude a los tribunales y lo hace con frecuencia!<\/p>\r\n\r\n\r\n\r\n<p>Si usted o un ser querido ha sufrido un accidente automovil\u00edstico en Georgia, comun\u00edquese con\u00a0<a title=\"Contacto\" href=\"https:\/\/slamdunkattorney.com\/es\/contact-us\/\">Abogado Slam Dunk<\/a> para uno de los mejores abogados especializados en accidentes automovil\u00edsticos. Le proporcionaremos asesoramiento legal profesional y le conseguiremos la indemnizaci\u00f3n que se merece. \u00a1Estamos listos para escuchar su historia y llevarlo desde su punto m\u00e1s bajo hasta donde pertenece! \u00a1Ll\u00e1menos hoy mismo para una sesi\u00f3n estrat\u00e9gica gratuita!<\/p>\r\n\r\n\r\n\r\n<p>\u00a1Y S\u00cd QUE VAMOS A LOS TRIBUNALES!<\/p>\r\n\n<div class=\"cta-container row align-items-center\">\n    <div class=\"col-md-7\">\n        <p class=\"cta-text rs-content-cta\">Llame o env\u00ede un mensaje de texto <a class=\"no-btn\" href=\"tel:+14049513513\">404-951-3513<\/a> o completar un <a href=\"https:\/\/slamdunkattorney.com\/es\/contact-us\/\">Formulario de evaluaci\u00f3n gratuita de su caso<\/a><\/p>\n    <\/div>\n    <div class=\"col-md-5\">\n        <img decoding=\"async\" src=\"https:\/\/slamdunkattorney.com\/wp-content\/themes\/slam-dunk-rebuild\/assets\/app\/img\/map-cta.jpg\" alt=\"Call or Text\" class=\"img-fluid\"\/>\n    <\/div>\n<\/div>","protected":false},"excerpt":{"rendered":"<p>It is almost always worth it to consult with a lawyer after you have experienced a car accident. Most, if not all, car accident lawyers do not charge a fee upfront and only get paid if they are able to obtain a settlement for you. If an insurance company knows that you are pursuing your &#8230;<\/p>","protected":false},"author":2,"featured_media":3114,"parent":5902,"menu_order":0,"comment_status":"closed","ping_status":"closed","template":"","meta":{"_acf_changed":false,"_genesis_hide_title":false,"_genesis_hide_breadcrumbs":false,"_genesis_hide_singular_image":false,"_genesis_hide_footer_widgets":false,"_genesis_custom_body_class":"","_genesis_custom_post_class":"","_genesis_layout":"","ngg_post_thumbnail":0,"footnotes":""},"extra-categories":[],"hc_faqs":[41],"class_list":{"0":"post-2521","1":"page","2":"type-page","3":"status-publish","4":"has-post-thumbnail","6":"hc_faqs-car-accident","7":"entry"},"acf":[],"yoast_head":"<!-- This site is optimized with the Yoast SEO plugin v27.5 - https:\/\/yoast.com\/product\/yoast-seo-wordpress\/ -->\n<title>Is It Worth Getting a Lawyer for a Car Accident? - Slam Dunk Attorney | Injury Lawyers<\/title>\n<meta name=\"description\" content=\"Find out if hiring a lawyer for a car accident is worth it, how legal representation can improve your claim, and maximize your compensation.\" \/>\n<meta name=\"robots\" content=\"index, follow, max-snippet:-1, max-image-preview:large, max-video-preview:-1\" \/>\n<link rel=\"canonical\" href=\"https:\/\/slamdunkattorney.com\/es\/faqs\/is-it-worth-getting-a-lawyer-for-a-car-accident\/\" \/>\n<meta property=\"og:locale\" content=\"es_MX\" \/>\n<meta property=\"og:type\" content=\"article\" \/>\n<meta property=\"og:title\" content=\"Is It Worth Getting a Lawyer for a Car Accident? - Slam Dunk Attorney | Injury Lawyers\" \/>\n<meta property=\"og:description\" content=\"Find out if hiring a lawyer for a car accident is worth it, how legal representation can improve your claim, and maximize your compensation.\" \/>\n<meta property=\"og:url\" content=\"https:\/\/slamdunkattorney.com\/es\/faqs\/is-it-worth-getting-a-lawyer-for-a-car-accident\/\" \/>\n<meta property=\"og:site_name\" content=\"Slam Dunk Attorney | Injury Lawyers\" \/>\n<meta property=\"article:publisher\" content=\"https:\/\/www.facebook.com\/slamdunkattorneyinjurylawyers\/\" \/>\n<meta property=\"article:modified_time\" content=\"2024-10-23T14:39:13+00:00\" \/>\n<meta property=\"og:image\" content=\"https:\/\/slamdunkattorney.com\/wp-content\/uploads\/2022\/11\/is-it-worth-getting-a-lawyer-for-a-car-accident-1-1-1.jpg\" \/>\n\t<meta property=\"og:image:width\" content=\"800\" \/>\n\t<meta property=\"og:image:height\" content=\"600\" \/>\n\t<meta property=\"og:image:type\" content=\"image\/jpeg\" \/>\n<meta name=\"twitter:card\" content=\"summary_large_image\" \/>\n<meta name=\"twitter:site\" content=\"@slamdunkattorney\" \/>\n<meta name=\"twitter:label1\" content=\"Est. reading time\" \/>\n\t<meta name=\"twitter:data1\" content=\"3 minutos\" \/>\n<script type=\"application\/ld+json\" class=\"yoast-schema-graph\">{\"@context\":\"https:\\\/\\\/schema.org\",\"@graph\":[{\"@type\":\"WebPage\",\"@id\":\"https:\\\/\\\/slamdunkattorney.com\\\/faqs\\\/is-it-worth-getting-a-lawyer-for-a-car-accident\\\/\",\"url\":\"https:\\\/\\\/slamdunkattorney.com\\\/faqs\\\/is-it-worth-getting-a-lawyer-for-a-car-accident\\\/\",\"name\":\"Is It Worth Getting a Lawyer for a Car Accident? - Slam Dunk Attorney | Injury Lawyers\",\"isPartOf\":{\"@id\":\"https:\\\/\\\/slamdunkattorney.com\\\/#website\"},\"primaryImageOfPage\":{\"@id\":\"https:\\\/\\\/slamdunkattorney.com\\\/faqs\\\/is-it-worth-getting-a-lawyer-for-a-car-accident\\\/#primaryimage\"},\"image\":{\"@id\":\"https:\\\/\\\/slamdunkattorney.com\\\/faqs\\\/is-it-worth-getting-a-lawyer-for-a-car-accident\\\/#primaryimage\"},\"thumbnailUrl\":\"https:\\\/\\\/slamdunkattorney.com\\\/wp-content\\\/uploads\\\/2022\\\/11\\\/is-it-worth-getting-a-lawyer-for-a-car-accident-1-1-1.jpg\",\"datePublished\":\"2022-11-01T15:09:03+00:00\",\"dateModified\":\"2024-10-23T14:39:13+00:00\",\"description\":\"Find out if hiring a lawyer for a car accident is worth it, how legal representation can improve your claim, and maximize your compensation.\",\"breadcrumb\":{\"@id\":\"https:\\\/\\\/slamdunkattorney.com\\\/faqs\\\/is-it-worth-getting-a-lawyer-for-a-car-accident\\\/#breadcrumb\"},\"inLanguage\":\"es\",\"potentialAction\":[{\"@type\":\"ReadAction\",\"target\":[\"https:\\\/\\\/slamdunkattorney.com\\\/faqs\\\/is-it-worth-getting-a-lawyer-for-a-car-accident\\\/\"]}]},{\"@type\":\"ImageObject\",\"inLanguage\":\"es\",\"@id\":\"https:\\\/\\\/slamdunkattorney.com\\\/faqs\\\/is-it-worth-getting-a-lawyer-for-a-car-accident\\\/#primaryimage\",\"url\":\"https:\\\/\\\/slamdunkattorney.com\\\/wp-content\\\/uploads\\\/2022\\\/11\\\/is-it-worth-getting-a-lawyer-for-a-car-accident-1-1-1.jpg\",\"contentUrl\":\"https:\\\/\\\/slamdunkattorney.com\\\/wp-content\\\/uploads\\\/2022\\\/11\\\/is-it-worth-getting-a-lawyer-for-a-car-accident-1-1-1.jpg\",\"width\":800,\"height\":600,\"caption\":\"is-it-worth-getting-a-lawyer-for-a-car-accident-1 (1)\"},{\"@type\":\"BreadcrumbList\",\"@id\":\"https:\\\/\\\/slamdunkattorney.com\\\/faqs\\\/is-it-worth-getting-a-lawyer-for-a-car-accident\\\/#breadcrumb\",\"itemListElement\":[{\"@type\":\"ListItem\",\"position\":1,\"name\":\"Home\",\"item\":\"https:\\\/\\\/slamdunkattorney.com\\\/\"},{\"@type\":\"ListItem\",\"position\":2,\"name\":\"FAQs\",\"item\":\"https:\\\/\\\/slamdunkattorney.com\\\/faqs\\\/\"},{\"@type\":\"ListItem\",\"position\":3,\"name\":\"Is It Worth Getting a Lawyer for a Car Accident?\"}]},{\"@type\":\"WebSite\",\"@id\":\"https:\\\/\\\/slamdunkattorney.com\\\/#website\",\"url\":\"https:\\\/\\\/slamdunkattorney.com\\\/\",\"name\":\"Slam Dunk Attorney | Injury Lawyers\",\"description\":\"Duluth Personal Injury Lawyers\",\"publisher\":{\"@id\":\"https:\\\/\\\/slamdunkattorney.com\\\/#organization\"},\"alternateName\":\"Slam Dunk Attorney\",\"inLanguage\":\"es\"},{\"@type\":\"Organization\",\"@id\":\"https:\\\/\\\/slamdunkattorney.com\\\/#organization\",\"name\":\"Slam Dunk Attorney\",\"alternateName\":\"Slam Dunk\",\"url\":\"https:\\\/\\\/slamdunkattorney.com\\\/\",\"logo\":{\"@type\":\"ImageObject\",\"inLanguage\":\"es\",\"@id\":\"https:\\\/\\\/slamdunkattorney.com\\\/#\\\/schema\\\/logo\\\/image\\\/\",\"url\":\"https:\\\/\\\/slamdunkattorney.com\\\/wp-content\\\/uploads\\\/2023\\\/05\\\/cropped-Logo.png\",\"contentUrl\":\"https:\\\/\\\/slamdunkattorney.com\\\/wp-content\\\/uploads\\\/2023\\\/05\\\/cropped-Logo.png\",\"width\":1080,\"height\":240,\"caption\":\"Slam Dunk Attorney\"},\"image\":{\"@id\":\"https:\\\/\\\/slamdunkattorney.com\\\/#\\\/schema\\\/logo\\\/image\\\/\"},\"sameAs\":[\"https:\\\/\\\/www.facebook.com\\\/slamdunkattorneyinjurylawyers\\\/\",\"https:\\\/\\\/x.com\\\/slamdunkattorney\",\"https:\\\/\\\/www.instagram.com\\\/slamdunkattorney\\\/\",\"https:\\\/\\\/www.youtube.com\\\/channel\\\/UCSrOiC7vOjlCi3UgtIVGNtw\",\"https:\\\/\\\/www.linkedin.com\\\/company\\\/slamdunkattorneyinjurylawyers\"]}]}<\/script>\n<!-- \/ Yoast SEO plugin. -->","yoast_head_json":{"title":"Is It Worth Getting a Lawyer for a Car Accident? - Slam Dunk Attorney | Injury Lawyers","description":"Find out if hiring a lawyer for a car accident is worth it, how legal representation can improve your claim, and maximize your compensation.","robots":{"index":"index","follow":"follow","max-snippet":"max-snippet:-1","max-image-preview":"max-image-preview:large","max-video-preview":"max-video-preview:-1"},"canonical":"https:\/\/slamdunkattorney.com\/es\/faqs\/is-it-worth-getting-a-lawyer-for-a-car-accident\/","og_locale":"es_MX","og_type":"article","og_title":"Is It Worth Getting a Lawyer for a Car Accident? - Slam Dunk Attorney | Injury Lawyers","og_description":"Find out if hiring a lawyer for a car accident is worth it, how legal representation can improve your claim, and maximize your compensation.","og_url":"https:\/\/slamdunkattorney.com\/es\/faqs\/is-it-worth-getting-a-lawyer-for-a-car-accident\/","og_site_name":"Slam Dunk Attorney | Injury Lawyers","article_publisher":"https:\/\/www.facebook.com\/slamdunkattorneyinjurylawyers\/","article_modified_time":"2024-10-23T14:39:13+00:00","og_image":[{"width":800,"height":600,"url":"https:\/\/slamdunkattorney.com\/wp-content\/uploads\/2022\/11\/is-it-worth-getting-a-lawyer-for-a-car-accident-1-1-1.jpg","type":"image\/jpeg"}],"twitter_card":"summary_large_image","twitter_site":"@slamdunkattorney","twitter_misc":{"Est. reading time":"3 minutos"},"schema":{"@context":"https:\/\/schema.org","@graph":[{"@type":"WebPage","@id":"https:\/\/slamdunkattorney.com\/faqs\/is-it-worth-getting-a-lawyer-for-a-car-accident\/","url":"https:\/\/slamdunkattorney.com\/faqs\/is-it-worth-getting-a-lawyer-for-a-car-accident\/","name":"Is It Worth Getting a Lawyer for a Car Accident? - Slam Dunk Attorney | Injury Lawyers","isPartOf":{"@id":"https:\/\/slamdunkattorney.com\/#website"},"primaryImageOfPage":{"@id":"https:\/\/slamdunkattorney.com\/faqs\/is-it-worth-getting-a-lawyer-for-a-car-accident\/#primaryimage"},"image":{"@id":"https:\/\/slamdunkattorney.com\/faqs\/is-it-worth-getting-a-lawyer-for-a-car-accident\/#primaryimage"},"thumbnailUrl":"https:\/\/slamdunkattorney.com\/wp-content\/uploads\/2022\/11\/is-it-worth-getting-a-lawyer-for-a-car-accident-1-1-1.jpg","datePublished":"2022-11-01T15:09:03+00:00","dateModified":"2024-10-23T14:39:13+00:00","description":"Find out if hiring a lawyer for a car accident is worth it, how legal representation can improve your claim, and maximize your compensation.","breadcrumb":{"@id":"https:\/\/slamdunkattorney.com\/faqs\/is-it-worth-getting-a-lawyer-for-a-car-accident\/#breadcrumb"},"inLanguage":"es","potentialAction":[{"@type":"ReadAction","target":["https:\/\/slamdunkattorney.com\/faqs\/is-it-worth-getting-a-lawyer-for-a-car-accident\/"]}]},{"@type":"ImageObject","inLanguage":"es","@id":"https:\/\/slamdunkattorney.com\/faqs\/is-it-worth-getting-a-lawyer-for-a-car-accident\/#primaryimage","url":"https:\/\/slamdunkattorney.com\/wp-content\/uploads\/2022\/11\/is-it-worth-getting-a-lawyer-for-a-car-accident-1-1-1.jpg","contentUrl":"https:\/\/slamdunkattorney.com\/wp-content\/uploads\/2022\/11\/is-it-worth-getting-a-lawyer-for-a-car-accident-1-1-1.jpg","width":800,"height":600,"caption":"is-it-worth-getting-a-lawyer-for-a-car-accident-1 (1)"},{"@type":"BreadcrumbList","@id":"https:\/\/slamdunkattorney.com\/faqs\/is-it-worth-getting-a-lawyer-for-a-car-accident\/#breadcrumb","itemListElement":[{"@type":"ListItem","position":1,"name":"Home","item":"https:\/\/slamdunkattorney.com\/"},{"@type":"ListItem","position":2,"name":"FAQs","item":"https:\/\/slamdunkattorney.com\/faqs\/"},{"@type":"ListItem","position":3,"name":"Is It Worth Getting a Lawyer for a Car Accident?"}]},{"@type":"WebSite","@id":"https:\/\/slamdunkattorney.com\/#website","url":"https:\/\/slamdunkattorney.com\/","name":"Abogado experto en lesiones | Abogados especializados en lesiones","description":"Abogados de lesiones personales en Duluth","publisher":{"@id":"https:\/\/slamdunkattorney.com\/#organization"},"alternateName":"Slam Dunk Attorney","inLanguage":"es"},{"@type":"Organization","@id":"https:\/\/slamdunkattorney.com\/#organization","name":"Abogado Slam Dunk","alternateName":"Slam Dunk","url":"https:\/\/slamdunkattorney.com\/","logo":{"@type":"ImageObject","inLanguage":"es","@id":"https:\/\/slamdunkattorney.com\/#\/schema\/logo\/image\/","url":"https:\/\/slamdunkattorney.com\/wp-content\/uploads\/2023\/05\/cropped-Logo.png","contentUrl":"https:\/\/slamdunkattorney.com\/wp-content\/uploads\/2023\/05\/cropped-Logo.png","width":1080,"height":240,"caption":"Slam Dunk Attorney"},"image":{"@id":"https:\/\/slamdunkattorney.com\/#\/schema\/logo\/image\/"},"sameAs":["https:\/\/www.facebook.com\/slamdunkattorneyinjurylawyers\/","https:\/\/x.com\/slamdunkattorney","https:\/\/www.instagram.com\/slamdunkattorney\/","https:\/\/www.youtube.com\/channel\/UCSrOiC7vOjlCi3UgtIVGNtw","https:\/\/www.linkedin.com\/company\/slamdunkattorneyinjurylawyers"]}]}},"yoast_meta":{"yoast_wpseo_title":"","yoast_wpseo_metadesc":"","yoast_wpseo_canonical":"https:\/\/slamdunkattorney.com\/es\/wp-json\/wp\/v2\/pages\/2521"},"_links":{"self":[{"href":"https:\/\/slamdunkattorney.com\/es\/wp-json\/wp\/v2\/pages\/2521","targetHints":{"allow":["GET"]}}],"collection":[{"href":"https:\/\/slamdunkattorney.com\/es\/wp-json\/wp\/v2\/pages"}],"about":[{"href":"https:\/\/slamdunkattorney.com\/es\/wp-json\/wp\/v2\/types\/page"}],"author":[{"embeddable":true,"href":"https:\/\/slamdunkattorney.com\/es\/wp-json\/wp\/v2\/users\/2"}],"replies":[{"embeddable":true,"href":"https:\/\/slamdunkattorney.com\/es\/wp-json\/wp\/v2\/comments?post=2521"}],"version-history":[{"count":0,"href":"https:\/\/slamdunkattorney.com\/es\/wp-json\/wp\/v2\/pages\/2521\/revisions"}],"up":[{"embeddable":true,"href":"https:\/\/slamdunkattorney.com\/es\/wp-json\/wp\/v2\/pages\/5902"}],"wp:featuredmedia":[{"embeddable":true,"href":"https:\/\/slamdunkattorney.com\/es\/wp-json\/wp\/v2\/media\/3114"}],"wp:attachment":[{"href":"https:\/\/slamdunkattorney.com\/es\/wp-json\/wp\/v2\/media?parent=2521"}],"wp:term":[{"taxonomy":"extra-categories","embeddable":true,"href":"https:\/\/slamdunkattorney.com\/es\/wp-json\/wp\/v2\/extra-categories?post=2521"},{"taxonomy":"hc_faqs","embeddable":true,"href":"https:\/\/slamdunkattorney.com\/es\/wp-json\/wp\/v2\/hc_faqs?post=2521"}],"curies":[{"name":"wp","href":"https:\/\/api.w.org\/{rel}","templated":true}]}}