{"id":2517,"date":"2022-11-01T15:06:21","date_gmt":"2022-11-01T15:06:21","guid":{"rendered":"https:\/\/jarlaw.flywheelstaging.com\/?p=2517"},"modified":"2024-12-23T06:48:19","modified_gmt":"2024-12-23T06:48:19","slug":"how-much-car-insurance-can-you-get-away-with-having-on-your-vehicle","status":"publish","type":"page","link":"https:\/\/slamdunkattorney.com\/es\/faqs\/how-much-car-insurance-can-you-get-away-with-having-on-your-vehicle\/","title":{"rendered":"Seguro de auto \u00f3ptimo: \u00bfqu\u00e9 cobertura necesita realmente?"},"content":{"rendered":"<p>Cada estado de los Estados Unidos tiene diferentes requisitos para las personas en lo que respecta al seguro m\u00ednimo de autom\u00f3vil que se puede contratar para su veh\u00edculo. Aqu\u00ed, en Georgia, la cobertura m\u00ednima para autom\u00f3viles se rige por\u00a0<a href=\"https:\/\/web.archive.org\/web\/20210621042358\/https:\/\/law.justia.com\/codes\/georgia\/2010\/title-33\/chapter-1\/33-1-1\/\">O.C.G.A. \u00a7 33-1-1 y siguientes.<\/a>\u00a0 El objetivo principal de exigir una cobertura m\u00ednima de seguro para los veh\u00edculos motorizados es proteger al asegurado y al p\u00fablico en general. Pi\u00e9nselo. Si se permitiera a las personas conducir con un seguro muy bajo o sin seguro y esas personas tuvieran un accidente con usted, entonces usted tendr\u00eda poco o ning\u00fan dinero para pagar sus gastos m\u00e9dicos, los da\u00f1os del veh\u00edculo y el dolor y sufrimiento.<\/p>\r\n\r\n\r\n\r\n<p>El caso es que a nadie le importa realmente por qu\u00e9 es obligatorio tener un seguro de coche. Saben que lo necesitan y buscan todas las formas posibles de ahorrar dinero al contratarlo.<\/p>\r\n\r\n\r\n\r\n<p>Aunque nunca recomendamos que se conforme con el m\u00ednimo en su p\u00f3liza de seguro, estaremos encantados de proporcionarle la informaci\u00f3n. En el estado de Georgia, cada p\u00f3liza de seguro de autom\u00f3vil debe proporcionar al menos la cobertura m\u00ednima de responsabilidad civil de $25,000 por lesiones corporales o muerte por persona, $50,000 por lesiones corporales o muerte por accidente y $25,000 por da\u00f1os a la propiedad. No necesita cobertura integral, no necesita cobertura por colisi\u00f3n, no necesita cobertura de gastos m\u00e9dicos y no necesita cobertura para conductores sin seguro o con seguro insuficiente. Todo lo que necesita es cobertura de responsabilidad civil para conducir LEGALMENTE su veh\u00edculo en Georgia. Aunque nunca le sugerir\u00edamos que optara por la cobertura m\u00ednima en su p\u00f3liza, entendemos que ciertas circunstancias financieras le obligan a buscar todas las formas posibles de ahorrar.<\/p>\r\n\r\n\r\n\r\n<h2 class=\"wp-block-heading\">\u00a1Ser taca\u00f1o puede salir caro!<\/h2>\r\n\r\n\r\n\r\n\n<div class=\"cta-container row align-items-center\">\n    <div class=\"col-md-7\">\n        <p class=\"cta-text rs-content-cta\">Orgullosos de servir a Duluth y a todo Georgia <span>\u00a1Cont\u00e1ctenos para comenzar su recuperaci\u00f3n!<\/span> <a href=\"https:\/\/slamdunkattorney.com\/es\/\">Explore nuestras \u00e1reas de pr\u00e1ctica<\/a><\/p>\n    <\/div>\n    <div class=\"col-md-5\">\n        <img decoding=\"async\" src=\"https:\/\/slamdunkattorney.com\/wp-content\/themes\/slam-dunk-rebuild\/assets\/app\/img\/map-cta.jpg\" alt=\"Legal Consultation\" class=\"img-fluid\"\/>\n    <\/div>\n<\/div><p>En cualquier caso, debe saber que optar por una cobertura baja conlleva un riesgo. Si se ve involucrado en un accidente en el que usted es el culpable y los gastos m\u00e9dicos de la v\u00edctima superan los $25,000, podr\u00eda tener problemas y sus bienes estar\u00edan en peligro. Si le gusta cobrar todo su salario y conservar los bienes que posee, debe asegurarse de tener una cobertura suficiente para protegerse. Puede que pienses que eres especial, que eres un \u201cbuen conductor\u201d y que nunca te ver\u00e1s involucrado en un accidente, pero te sorprender\u00edas. Los accidentes de tr\u00e1fico son muy comunes y podr\u00edas quedarte sin nada si no tienes una buena cobertura de seguro.<\/p>\r\n\r\n\r\n\r\n<p>Si ha tenido un accidente automovil\u00edstico en Georgia, comun\u00edquese con\u00a0<a title=\"Inicio\" href=\"https:\/\/slamdunkattorney.com\/es\/\">Abogado Slam Dunk<\/a> para uno de los mejores <a href=\"https:\/\/slamdunkattorney.com\/es\/duluth\/car-accident-lawyer\/\">Abogados especializados en accidentes automovil\u00edsticos en Duluth<\/a>. Le proporcionaremos asesoramiento legal profesional y le conseguiremos la indemnizaci\u00f3n que se merece. \u00a1Estamos listos para escuchar su historia y llevarlo desde su punto m\u00e1s bajo de regreso al lugar al que pertenece! Llame a uno de nuestros <a href=\"https:\/\/slamdunkattorney.com\/es\/\">Abogados especializados en lesiones personales en Duluth<\/a> hoy.<\/p>\r\n\n<div class=\"cta-container row align-items-center\">\n    <div class=\"col-md-7\">\n        <p class=\"cta-text rs-content-cta\">Llame o env\u00ede un mensaje de texto <a class=\"no-btn\" href=\"tel:+14049513513\">404-951-3513<\/a> o completar un <a href=\"https:\/\/slamdunkattorney.com\/es\/contact-us\/\">Formulario de evaluaci\u00f3n gratuita de su caso<\/a><\/p>\n    <\/div>\n    <div class=\"col-md-5\">\n        <img decoding=\"async\" src=\"https:\/\/slamdunkattorney.com\/wp-content\/themes\/slam-dunk-rebuild\/assets\/app\/img\/map-cta.jpg\" alt=\"Call or Text\" class=\"img-fluid\"\/>\n    <\/div>\n<\/div>","protected":false},"excerpt":{"rendered":"<p>Every state in the United States has different requirements for individuals when it comes to the minimum car insurance you get away with on your car. Here in Georgia, the minimum coverage for automobiles is governed by\u00a0O.C.G.A. \u00a7 33-1-1 et seq.\u00a0 The entire purpose behind requiring minimum insurance coverage on motor vehicles is to protect &#8230;<\/p>","protected":false},"author":2,"featured_media":3014,"parent":5902,"menu_order":0,"comment_status":"closed","ping_status":"closed","template":"","meta":{"_acf_changed":false,"_genesis_hide_title":false,"_genesis_hide_breadcrumbs":false,"_genesis_hide_singular_image":false,"_genesis_hide_footer_widgets":false,"_genesis_custom_body_class":"","_genesis_custom_post_class":"","_genesis_layout":"","ngg_post_thumbnail":0,"footnotes":""},"extra-categories":[],"hc_faqs":[48],"class_list":{"0":"post-2517","1":"page","2":"type-page","3":"status-publish","4":"has-post-thumbnail","6":"hc_faqs-insurance-claims","7":"entry"},"acf":[],"yoast_head":"<!-- This site is optimized with the Yoast SEO plugin v27.4 - https:\/\/yoast.com\/product\/yoast-seo-wordpress\/ -->\n<title>Optimal Car Insurance: What Coverage Do You Really Need? - Slam Dunk Attorney | Injury Lawyers<\/title>\n<meta name=\"description\" content=\"If you\u2019ve been involved in an auto accident in Georgia, contact\u00a0Slam Dunk Attorney for one of the best car accident lawyers.\" \/>\n<meta name=\"robots\" content=\"index, follow, max-snippet:-1, max-image-preview:large, max-video-preview:-1\" \/>\n<link rel=\"canonical\" href=\"https:\/\/slamdunkattorney.com\/es\/faqs\/how-much-car-insurance-can-you-get-away-with-having-on-your-vehicle\/\" \/>\n<meta property=\"og:locale\" content=\"es_MX\" \/>\n<meta property=\"og:type\" content=\"article\" \/>\n<meta property=\"og:title\" content=\"Optimal Car Insurance: What Coverage Do You Really Need? - Slam Dunk Attorney | Injury Lawyers\" \/>\n<meta property=\"og:description\" content=\"If you\u2019ve been involved in an auto accident in Georgia, contact\u00a0Slam Dunk Attorney for one of the best car accident lawyers.\" \/>\n<meta property=\"og:url\" content=\"https:\/\/slamdunkattorney.com\/es\/faqs\/how-much-car-insurance-can-you-get-away-with-having-on-your-vehicle\/\" \/>\n<meta property=\"og:site_name\" content=\"Slam Dunk Attorney | Injury Lawyers\" \/>\n<meta property=\"article:publisher\" content=\"https:\/\/www.facebook.com\/slamdunkattorneyinjurylawyers\/\" \/>\n<meta property=\"article:modified_time\" content=\"2024-12-23T06:48:19+00:00\" \/>\n<meta property=\"og:image\" content=\"https:\/\/slamdunkattorney.com\/wp-content\/uploads\/2022\/11\/how-much-car-insurance-can-you-get-away-with-having-on-your-vehicle-1-1.jpeg\" \/>\n\t<meta property=\"og:image:width\" content=\"800\" \/>\n\t<meta property=\"og:image:height\" content=\"600\" \/>\n\t<meta property=\"og:image:type\" content=\"image\/jpeg\" \/>\n<meta name=\"twitter:card\" content=\"summary_large_image\" \/>\n<meta name=\"twitter:site\" content=\"@slamdunkattorney\" \/>\n<meta name=\"twitter:label1\" content=\"Est. reading time\" \/>\n\t<meta name=\"twitter:data1\" content=\"3 minutos\" \/>\n<script type=\"application\/ld+json\" class=\"yoast-schema-graph\">{\"@context\":\"https:\\\/\\\/schema.org\",\"@graph\":[{\"@type\":\"WebPage\",\"@id\":\"https:\\\/\\\/slamdunkattorney.com\\\/faqs\\\/how-much-car-insurance-can-you-get-away-with-having-on-your-vehicle\\\/\",\"url\":\"https:\\\/\\\/slamdunkattorney.com\\\/faqs\\\/how-much-car-insurance-can-you-get-away-with-having-on-your-vehicle\\\/\",\"name\":\"Optimal Car Insurance: What Coverage Do You Really Need? - Slam Dunk Attorney | Injury Lawyers\",\"isPartOf\":{\"@id\":\"https:\\\/\\\/slamdunkattorney.com\\\/#website\"},\"primaryImageOfPage\":{\"@id\":\"https:\\\/\\\/slamdunkattorney.com\\\/faqs\\\/how-much-car-insurance-can-you-get-away-with-having-on-your-vehicle\\\/#primaryimage\"},\"image\":{\"@id\":\"https:\\\/\\\/slamdunkattorney.com\\\/faqs\\\/how-much-car-insurance-can-you-get-away-with-having-on-your-vehicle\\\/#primaryimage\"},\"thumbnailUrl\":\"https:\\\/\\\/slamdunkattorney.com\\\/wp-content\\\/uploads\\\/2022\\\/11\\\/how-much-car-insurance-can-you-get-away-with-having-on-your-vehicle-1-1.jpeg\",\"datePublished\":\"2022-11-01T15:06:21+00:00\",\"dateModified\":\"2024-12-23T06:48:19+00:00\",\"description\":\"If you\u2019ve been involved in an auto accident in Georgia, contact\u00a0Slam Dunk Attorney for one of the best car accident lawyers.\",\"breadcrumb\":{\"@id\":\"https:\\\/\\\/slamdunkattorney.com\\\/faqs\\\/how-much-car-insurance-can-you-get-away-with-having-on-your-vehicle\\\/#breadcrumb\"},\"inLanguage\":\"es\",\"potentialAction\":[{\"@type\":\"ReadAction\",\"target\":[\"https:\\\/\\\/slamdunkattorney.com\\\/faqs\\\/how-much-car-insurance-can-you-get-away-with-having-on-your-vehicle\\\/\"]}]},{\"@type\":\"ImageObject\",\"inLanguage\":\"es\",\"@id\":\"https:\\\/\\\/slamdunkattorney.com\\\/faqs\\\/how-much-car-insurance-can-you-get-away-with-having-on-your-vehicle\\\/#primaryimage\",\"url\":\"https:\\\/\\\/slamdunkattorney.com\\\/wp-content\\\/uploads\\\/2022\\\/11\\\/how-much-car-insurance-can-you-get-away-with-having-on-your-vehicle-1-1.jpeg\",\"contentUrl\":\"https:\\\/\\\/slamdunkattorney.com\\\/wp-content\\\/uploads\\\/2022\\\/11\\\/how-much-car-insurance-can-you-get-away-with-having-on-your-vehicle-1-1.jpeg\",\"width\":800,\"height\":600,\"caption\":\"How Much Car Insurance Can You Get Away With Having On Your Vehicle?\"},{\"@type\":\"BreadcrumbList\",\"@id\":\"https:\\\/\\\/slamdunkattorney.com\\\/faqs\\\/how-much-car-insurance-can-you-get-away-with-having-on-your-vehicle\\\/#breadcrumb\",\"itemListElement\":[{\"@type\":\"ListItem\",\"position\":1,\"name\":\"Home\",\"item\":\"https:\\\/\\\/slamdunkattorney.com\\\/\"},{\"@type\":\"ListItem\",\"position\":2,\"name\":\"FAQs\",\"item\":\"https:\\\/\\\/slamdunkattorney.com\\\/faqs\\\/\"},{\"@type\":\"ListItem\",\"position\":3,\"name\":\"Optimal Car Insurance: What Coverage Do You Really Need?\"}]},{\"@type\":\"WebSite\",\"@id\":\"https:\\\/\\\/slamdunkattorney.com\\\/#website\",\"url\":\"https:\\\/\\\/slamdunkattorney.com\\\/\",\"name\":\"Slam Dunk Attorney | Injury Lawyers\",\"description\":\"Duluth Personal Injury Lawyers\",\"publisher\":{\"@id\":\"https:\\\/\\\/slamdunkattorney.com\\\/#organization\"},\"alternateName\":\"Slam Dunk Attorney\",\"inLanguage\":\"es\"},{\"@type\":\"Organization\",\"@id\":\"https:\\\/\\\/slamdunkattorney.com\\\/#organization\",\"name\":\"Slam Dunk Attorney\",\"alternateName\":\"Slam Dunk\",\"url\":\"https:\\\/\\\/slamdunkattorney.com\\\/\",\"logo\":{\"@type\":\"ImageObject\",\"inLanguage\":\"es\",\"@id\":\"https:\\\/\\\/slamdunkattorney.com\\\/#\\\/schema\\\/logo\\\/image\\\/\",\"url\":\"https:\\\/\\\/slamdunkattorney.com\\\/wp-content\\\/uploads\\\/2023\\\/05\\\/cropped-Logo.png\",\"contentUrl\":\"https:\\\/\\\/slamdunkattorney.com\\\/wp-content\\\/uploads\\\/2023\\\/05\\\/cropped-Logo.png\",\"width\":1080,\"height\":240,\"caption\":\"Slam Dunk Attorney\"},\"image\":{\"@id\":\"https:\\\/\\\/slamdunkattorney.com\\\/#\\\/schema\\\/logo\\\/image\\\/\"},\"sameAs\":[\"https:\\\/\\\/www.facebook.com\\\/slamdunkattorneyinjurylawyers\\\/\",\"https:\\\/\\\/x.com\\\/slamdunkattorney\",\"https:\\\/\\\/www.instagram.com\\\/slamdunkattorney\\\/\",\"https:\\\/\\\/www.youtube.com\\\/channel\\\/UCSrOiC7vOjlCi3UgtIVGNtw\",\"https:\\\/\\\/www.linkedin.com\\\/company\\\/slamdunkattorneyinjurylawyers\"]}]}<\/script>\n<!-- \/ Yoast SEO plugin. -->","yoast_head_json":{"title":"Optimal Car Insurance: What Coverage Do You Really Need? - Slam Dunk Attorney | Injury Lawyers","description":"If you\u2019ve been involved in an auto accident in Georgia, contact\u00a0Slam Dunk Attorney for one of the best car accident lawyers.","robots":{"index":"index","follow":"follow","max-snippet":"max-snippet:-1","max-image-preview":"max-image-preview:large","max-video-preview":"max-video-preview:-1"},"canonical":"https:\/\/slamdunkattorney.com\/es\/faqs\/how-much-car-insurance-can-you-get-away-with-having-on-your-vehicle\/","og_locale":"es_MX","og_type":"article","og_title":"Optimal Car Insurance: What Coverage Do You Really Need? - Slam Dunk Attorney | Injury Lawyers","og_description":"If you\u2019ve been involved in an auto accident in Georgia, contact\u00a0Slam Dunk Attorney for one of the best car accident lawyers.","og_url":"https:\/\/slamdunkattorney.com\/es\/faqs\/how-much-car-insurance-can-you-get-away-with-having-on-your-vehicle\/","og_site_name":"Slam Dunk Attorney | Injury Lawyers","article_publisher":"https:\/\/www.facebook.com\/slamdunkattorneyinjurylawyers\/","article_modified_time":"2024-12-23T06:48:19+00:00","og_image":[{"width":800,"height":600,"url":"https:\/\/slamdunkattorney.com\/wp-content\/uploads\/2022\/11\/how-much-car-insurance-can-you-get-away-with-having-on-your-vehicle-1-1.jpeg","type":"image\/jpeg"}],"twitter_card":"summary_large_image","twitter_site":"@slamdunkattorney","twitter_misc":{"Est. reading time":"3 minutos"},"schema":{"@context":"https:\/\/schema.org","@graph":[{"@type":"WebPage","@id":"https:\/\/slamdunkattorney.com\/faqs\/how-much-car-insurance-can-you-get-away-with-having-on-your-vehicle\/","url":"https:\/\/slamdunkattorney.com\/faqs\/how-much-car-insurance-can-you-get-away-with-having-on-your-vehicle\/","name":"Optimal Car Insurance: What Coverage Do You Really Need? - Slam Dunk Attorney | Injury Lawyers","isPartOf":{"@id":"https:\/\/slamdunkattorney.com\/#website"},"primaryImageOfPage":{"@id":"https:\/\/slamdunkattorney.com\/faqs\/how-much-car-insurance-can-you-get-away-with-having-on-your-vehicle\/#primaryimage"},"image":{"@id":"https:\/\/slamdunkattorney.com\/faqs\/how-much-car-insurance-can-you-get-away-with-having-on-your-vehicle\/#primaryimage"},"thumbnailUrl":"https:\/\/slamdunkattorney.com\/wp-content\/uploads\/2022\/11\/how-much-car-insurance-can-you-get-away-with-having-on-your-vehicle-1-1.jpeg","datePublished":"2022-11-01T15:06:21+00:00","dateModified":"2024-12-23T06:48:19+00:00","description":"If you\u2019ve been involved in an auto accident in Georgia, contact\u00a0Slam Dunk Attorney for one of the best car accident lawyers.","breadcrumb":{"@id":"https:\/\/slamdunkattorney.com\/faqs\/how-much-car-insurance-can-you-get-away-with-having-on-your-vehicle\/#breadcrumb"},"inLanguage":"es","potentialAction":[{"@type":"ReadAction","target":["https:\/\/slamdunkattorney.com\/faqs\/how-much-car-insurance-can-you-get-away-with-having-on-your-vehicle\/"]}]},{"@type":"ImageObject","inLanguage":"es","@id":"https:\/\/slamdunkattorney.com\/faqs\/how-much-car-insurance-can-you-get-away-with-having-on-your-vehicle\/#primaryimage","url":"https:\/\/slamdunkattorney.com\/wp-content\/uploads\/2022\/11\/how-much-car-insurance-can-you-get-away-with-having-on-your-vehicle-1-1.jpeg","contentUrl":"https:\/\/slamdunkattorney.com\/wp-content\/uploads\/2022\/11\/how-much-car-insurance-can-you-get-away-with-having-on-your-vehicle-1-1.jpeg","width":800,"height":600,"caption":"How Much Car Insurance Can You Get Away With Having On Your Vehicle?"},{"@type":"BreadcrumbList","@id":"https:\/\/slamdunkattorney.com\/faqs\/how-much-car-insurance-can-you-get-away-with-having-on-your-vehicle\/#breadcrumb","itemListElement":[{"@type":"ListItem","position":1,"name":"Home","item":"https:\/\/slamdunkattorney.com\/"},{"@type":"ListItem","position":2,"name":"FAQs","item":"https:\/\/slamdunkattorney.com\/faqs\/"},{"@type":"ListItem","position":3,"name":"Optimal Car Insurance: What Coverage Do You Really Need?"}]},{"@type":"WebSite","@id":"https:\/\/slamdunkattorney.com\/#website","url":"https:\/\/slamdunkattorney.com\/","name":"Abogado experto en lesiones | Abogados especializados en lesiones","description":"Abogados de lesiones personales en Duluth","publisher":{"@id":"https:\/\/slamdunkattorney.com\/#organization"},"alternateName":"Slam Dunk Attorney","inLanguage":"es"},{"@type":"Organization","@id":"https:\/\/slamdunkattorney.com\/#organization","name":"Abogado Slam Dunk","alternateName":"Slam Dunk","url":"https:\/\/slamdunkattorney.com\/","logo":{"@type":"ImageObject","inLanguage":"es","@id":"https:\/\/slamdunkattorney.com\/#\/schema\/logo\/image\/","url":"https:\/\/slamdunkattorney.com\/wp-content\/uploads\/2023\/05\/cropped-Logo.png","contentUrl":"https:\/\/slamdunkattorney.com\/wp-content\/uploads\/2023\/05\/cropped-Logo.png","width":1080,"height":240,"caption":"Slam Dunk Attorney"},"image":{"@id":"https:\/\/slamdunkattorney.com\/#\/schema\/logo\/image\/"},"sameAs":["https:\/\/www.facebook.com\/slamdunkattorneyinjurylawyers\/","https:\/\/x.com\/slamdunkattorney","https:\/\/www.instagram.com\/slamdunkattorney\/","https:\/\/www.youtube.com\/channel\/UCSrOiC7vOjlCi3UgtIVGNtw","https:\/\/www.linkedin.com\/company\/slamdunkattorneyinjurylawyers"]}]}},"yoast_meta":{"yoast_wpseo_title":"","yoast_wpseo_metadesc":"","yoast_wpseo_canonical":"https:\/\/slamdunkattorney.com\/es\/wp-json\/wp\/v2\/pages\/2517"},"_links":{"self":[{"href":"https:\/\/slamdunkattorney.com\/es\/wp-json\/wp\/v2\/pages\/2517","targetHints":{"allow":["GET"]}}],"collection":[{"href":"https:\/\/slamdunkattorney.com\/es\/wp-json\/wp\/v2\/pages"}],"about":[{"href":"https:\/\/slamdunkattorney.com\/es\/wp-json\/wp\/v2\/types\/page"}],"author":[{"embeddable":true,"href":"https:\/\/slamdunkattorney.com\/es\/wp-json\/wp\/v2\/users\/2"}],"replies":[{"embeddable":true,"href":"https:\/\/slamdunkattorney.com\/es\/wp-json\/wp\/v2\/comments?post=2517"}],"version-history":[{"count":0,"href":"https:\/\/slamdunkattorney.com\/es\/wp-json\/wp\/v2\/pages\/2517\/revisions"}],"up":[{"embeddable":true,"href":"https:\/\/slamdunkattorney.com\/es\/wp-json\/wp\/v2\/pages\/5902"}],"wp:featuredmedia":[{"embeddable":true,"href":"https:\/\/slamdunkattorney.com\/es\/wp-json\/wp\/v2\/media\/3014"}],"wp:attachment":[{"href":"https:\/\/slamdunkattorney.com\/es\/wp-json\/wp\/v2\/media?parent=2517"}],"wp:term":[{"taxonomy":"extra-categories","embeddable":true,"href":"https:\/\/slamdunkattorney.com\/es\/wp-json\/wp\/v2\/extra-categories?post=2517"},{"taxonomy":"hc_faqs","embeddable":true,"href":"https:\/\/slamdunkattorney.com\/es\/wp-json\/wp\/v2\/hc_faqs?post=2517"}],"curies":[{"name":"wp","href":"https:\/\/api.w.org\/{rel}","templated":true}]}}