{"id":24048,"date":"2025-04-30T13:11:34","date_gmt":"2025-04-30T13:11:34","guid":{"rendered":"https:\/\/slamdunk.wpenginepowered.com\/?page_id=24048"},"modified":"2025-05-05T00:06:59","modified_gmt":"2025-05-05T00:06:59","slug":"duluth-tractor-trailer-accident-lawyer","status":"publish","type":"page","link":"https:\/\/slamdunkattorney.com\/es\/duluth\/truck-accident-lawyer\/tractor-trailer-accident\/","title":{"rendered":"Abogado especializado en accidentes de camiones con remolque en Duluth"},"content":{"rendered":"<p><span style=\"font-weight: 400;\">Los camiones con remolque ocupan mucho espacio en la carretera, suelen transportar cargas peligrosas o pesadas y circulan a gran velocidad junto a nosotros. Estos factores los convierten en veh\u00edculos algo peligrosos con los que compartir la carretera. Cuando se ven involucrados en accidentes por plegamiento, vuelcos, choques por alcance, choques frontales, choques laterales o cualquier otro tipo de colisi\u00f3n o accidente de tr\u00e1fico, los camiones con remolque pueden causar da\u00f1os enormes.<\/span><\/p>\n<p><span style=\"font-weight: 400;\">Obtenga ayuda de un <\/span><a href=\"https:\/\/slamdunkattorney.com\/es\/duluth\/truck-accident-lawyer\/\"><span style=\"font-weight: 400;\">Abogado especializado en accidentes de camiones en Duluth<\/span><\/a><span style=\"font-weight: 400;\"> de Slam Dunk Attorney si ha resultado lesionado en un accidente con un cami\u00f3n con remolque. Contamos con<\/span><b> representado m\u00e1s del 1<\/b>,<b>000 clientes <\/b><span style=\"font-weight: 400;\">y contamos con una calificaci\u00f3n A+ de la Oficina de Buenas Pr\u00e1cticas Comerciales (BBB). Deje que un abogado especializado en accidentes de camiones con remolque de Duluth de nuestro equipo ponga su experiencia, integridad y habilidad a su servicio.\u00a0<\/span><\/p>\n<h2><span style=\"font-weight: 400;\">Pasos a seguir despu\u00e9s de un accidente con un cami\u00f3n con remolque<\/span><\/h2>\n<p><span style=\"font-weight: 400;\">Los accidentes con veh\u00edculos de remolque suelen dejar a las v\u00edctimas con lesiones graves. En el lugar del accidente, es posible que su \u00fanica opci\u00f3n sea permanecer inm\u00f3vil hasta que llegue la ayuda de emergencia.<\/span><\/p>\n<p><span style=\"font-weight: 400;\">Si puedes moverte sin provocar m\u00e1s da\u00f1os,<\/span><b> tomar fotograf\u00edas de todo el entorno del accidente<\/b>\u2013<b>los veh\u00edculos<\/b>,<b> condiciones de la carretera<\/b>,<b> se\u00f1ales y sem\u00e1foros de tr\u00e1fico<\/b>,<b> ubicaciones de las c\u00e1maras<\/b>,<b> tus lesiones<\/b>,<span style=\"font-weight: 400;\"> y otros detalles. Llame a la polic\u00eda para que acuda al lugar.<\/span><\/p>\n<p><span style=\"font-weight: 400;\">Deber\u00e1 obtener la informaci\u00f3n de contacto, el seguro y la informaci\u00f3n de registro del operador del cami\u00f3n con remolque. Tome fotos de los documentos para asegurarse de tener la informaci\u00f3n correcta y limite sus comentarios al intercambio de informaci\u00f3n.<\/span><\/p>\n<p><span style=\"font-weight: 400;\">Si hay testigos, anote tambi\u00e9n sus datos de contacto. Informe del accidente a su compa\u00f1\u00eda de seguros, pero lim\u00edtese a proporcionar los datos b\u00e1sicos.<\/span><\/p>\n<p><span style=\"font-weight: 400;\">A continuaci\u00f3n, acuda a un m\u00e9dico para que le diagnostique y trate sus lesiones. No d\u00e9 por sentado que no ha sufrido ninguna lesi\u00f3n ni minimice ning\u00fan dolor por considerarlo leve. Las descargas de adrenalina pueden enmascarar el dolor u otros s\u00edntomas, por lo que retrasar la atenci\u00f3n m\u00e9dica puede poner en peligro su salud.<\/span><\/p>\n<p><span style=\"font-weight: 400;\">Tambi\u00e9n puede perjudicar su caso, dando a la parte negligente la oportunidad de alegar que su incapacidad para obtener atenci\u00f3n m\u00e9dica r\u00e1pida es la causa de su debilitamiento.\u00a0<\/span><\/p>\n\n<div class=\"cta-container row align-items-center\">\n    <div class=\"col-md-7\">\n        <p class=\"cta-text rs-content-cta\">Orgullosos de servir a Duluth y a todo Georgia <span>\u00a1Cont\u00e1ctenos para comenzar su recuperaci\u00f3n!<\/span> <a href=\"https:\/\/slamdunkattorney.com\/es\/\">Explore nuestras \u00e1reas de pr\u00e1ctica<\/a><\/p>\n    <\/div>\n    <div class=\"col-md-5\">\n        <img decoding=\"async\" src=\"https:\/\/slamdunkattorney.com\/wp-content\/themes\/slam-dunk-rebuild\/assets\/app\/img\/map-cta.jpg\" alt=\"Legal Consultation\" class=\"img-fluid\"\/>\n    <\/div>\n<\/div><h2><span style=\"font-weight: 400;\">Cu\u00e1ndo ponerse en contacto con un abogado especializado en accidentes de camiones con remolque en Duluth<\/span><\/h2>\n<p><span style=\"font-weight: 400;\">Comun\u00edcate con un <a href=\"https:\/\/slamdunkattorney.com\/es\/\">Abogado especializado en lesiones personales en Duluth<\/a> de Slam Dunk Attorney lo antes posible despu\u00e9s de su accidente. De este modo, se asegurar\u00e1 de que su abogado pueda investigar el suceso y presentar su reclamaci\u00f3n en un plazo de <\/span><a href=\"https:\/\/slamdunkattorney.com\/es\/faqs\/what-is-the-statute-of-limitations-for-a-truck-accident-claim\/\"><span style=\"font-weight: 400;\">El plazo de prescripci\u00f3n para reclamar por un accidente de cami\u00f3n.<\/span><\/a><span style=\"font-weight: 400;\">. En Georgia, este plazo es <\/span><b>dos a\u00f1os<\/b>.<\/p>\n<p><span style=\"font-weight: 400;\">La recopilaci\u00f3n de pruebas tambi\u00e9n es m\u00e1s productiva cuando se lleva a cabo en el periodo inmediatamente posterior al accidente. Nuestro equipo sabe que <\/span><a href=\"https:\/\/slamdunkattorney.com\/es\/faqs\/how-do-i-gather-evidence-against-truck-drivers-and-companies\/\"><span style=\"font-weight: 400;\">C\u00f3mo reunir pruebas contra los conductores de camiones y las empresas<\/span><\/a><span style=\"font-weight: 400;\">.<\/span><\/p>\n<p><span style=\"font-weight: 400;\">La \u201ccaja negra\u201d de un cami\u00f3n es una fuente de informaci\u00f3n fundamental, y con acceso temprano a su caso, su abogado puede enviar una carta de conservaci\u00f3n para mantener esa evidencia segura y exigir acceso a ella una vez que est\u00e9 disponible.\u00a0<\/span><\/p>\n<p><span style=\"font-weight: 400;\">En lo que respecta a los seguros, la competencia entre las compa\u00f1\u00edas es <\/span><a href=\"https:\/\/slamdunkattorney.com\/es\/faqs\/what-to-expect-when-you-are-in-a-trucking-accident-and-what-to-do-about-it\/\"><span style=\"font-weight: 400;\">Qu\u00e9 esperar en un accidente de cami\u00f3n<\/span><\/a><span style=\"font-weight: 400;\">. Diversas compa\u00f1\u00edas de seguros podr\u00edan ser potencialmente responsables, dependiendo de la causa espec\u00edfica del accidente.<\/span><\/p>\n<p><span style=\"font-weight: 400;\">Lo m\u00e1s probable es que cada uno se\u00f1ale al otro o a usted. No hable con ning\u00fan representante. Su abogado especializado en accidentes de camiones con remolque en Duluth hablar\u00e1 en su nombre, lo que le ahorrar\u00e1 estr\u00e9s y evitar\u00e1 que perjudique accidentalmente su caso.<\/span><\/p>\n\n<div class=\"cta-container map-bg row align-items-center flex-md-row-reverse\">\n    <div class=\"col-md-6\">\n        <p class=\"cta-text rs-content-cta\">Abogado especializado en accidentes de camiones con remolque en Duluth cerca de m\u00ed <a href=\"tel:+14049513513\">404-951-3513<\/a><\/p>\n    <\/div>\n    <div class=\"col-md-6 col-bg\">\n    <\/div>\n<\/div><h2><span style=\"font-weight: 400;\">C\u00f3mo un abogado especializado en accidentes de camiones con remolque en Duluth preparar\u00e1 su caso<\/span><\/h2>\n<p><span style=\"font-weight: 400;\">Una investigaci\u00f3n exhaustiva y bien fundamentada del accidente es fundamental para el \u00e9xito de su caso. Su <\/span><b>Abogado especializado en accidentes de camiones con remolque en Duluth <\/b><span style=\"font-weight: 400;\">sabe c\u00f3mo llevar a cabo esta tarea y qu\u00e9 pruebas buscar. Nuestro equipo tambi\u00e9n cuenta con reconstructores de accidentes y otros expertos que pueden aportar informaci\u00f3n valiosa.<\/span><\/p>\n<p><span style=\"font-weight: 400;\">Tambi\u00e9n sabemos que <\/span><a href=\"https:\/\/slamdunkattorney.com\/es\/faqs\/what-are-the-trucking-regulations-in-georgia\/\"><span style=\"font-weight: 400;\">normativa sobre transporte por carretera en Georgia<\/span><\/a><span style=\"font-weight: 400;\"> y los establecidos por la <\/span><a href=\"https:\/\/www.fmcsa.dot.gov\/regulations\/search\" target=\"_blank\" rel=\"noopener\"><span style=\"font-weight: 400;\">Administraci\u00f3n Federal de Seguridad de Autotransportes (FMCSA)<\/span><\/a><span style=\"font-weight: 400;\">. Todas las partes que contribuyen al funcionamiento seguro de un cami\u00f3n (el conductor, la empresa, los inspectores, los mec\u00e1nicos y los manipuladores de carga) deben cumplir estas normas y, a medida que investigamos,<\/span><\/p>\n<p><span style=\"font-weight: 400;\">Denunciaremos cualquier infracci\u00f3n y lucharemos para que las partes incumplidoras rindan cuentas por su negligencia.<\/span><\/p>\n<p><span style=\"font-weight: 400;\">Su abogado puede descubrir otra causa del accidente. La acci\u00f3n imprudente o descuidada de un conductor tercero podr\u00eda haber causado el choque, o las malas condiciones de la carretera o las se\u00f1ales de tr\u00e1fico averiadas podr\u00edan ser las culpables. Sea cual sea la situaci\u00f3n, nuestro equipo encontrar\u00e1 respuestas y luchar\u00e1 para que usted reciba una indemnizaci\u00f3n justa.\u00a0<\/span><\/p>\n\n<div class=\"cta-container row align-items-center\">\n    <div class=\"col-md-7\">\n        <p class=\"cta-text rs-content-cta\"><a class=\"no-btn\" href=\"https:\/\/slamdunkattorney.com\/es\/contact-us\/\">Haga clic para contactar<\/a> Nuestros abogados especializados en accidentes de camiones en Duluth hoy mismo.<\/p>\n    <\/div>\n    <div class=\"col-md-5\">\n        <img decoding=\"async\" src=\"https:\/\/slamdunkattorney.com\/wp-content\/themes\/slam-dunk-rebuild\/assets\/app\/img\/map-cta.jpg\" alt=\"Contact Us\" class=\"img-fluid\"\/>\n    <\/div>\n<\/div><h2><span style=\"font-weight: 400;\">Da\u00f1os que reclamar\u00e1 su abogado especializado en accidentes de camiones con remolque en Duluth<\/span><\/h2>\n<p><span style=\"font-weight: 400;\">Los camiones con remolque son veh\u00edculos enormes, que en ocasiones pueden llegar a pesar hasta 36 toneladas. Incluso un peque\u00f1o choque con uno de estos camiones puede causar da\u00f1os importantes. Los accidentes a altas velocidades pueden ser devastadores. Las v\u00edctimas suelen sufrir lesiones f\u00edsicas graves, da\u00f1os materiales importantes, trastornos emocionales e inestabilidad financiera.\u00a0<\/span><\/p>\n<p><span style=\"font-weight: 400;\">Tu <\/span><b>tractor<\/b>\u2013<b>Abogado especializado en accidentes de remolques en Duluth <\/b><span style=\"font-weight: 400;\">calcular\u00e1 una demanda de compensaci\u00f3n para cubrir o reconocer su:<\/span><\/p>\n<ul>\n<li style=\"font-weight: 400;\" aria-level=\"1\"><span style=\"font-weight: 400;\">Lesiones f\u00edsicas y el grado de su incapacidad<\/span><\/li>\n<li style=\"font-weight: 400;\" aria-level=\"1\"><span style=\"font-weight: 400;\">Gastos m\u00e9dicos, incluidos los gastos futuros si necesita atenci\u00f3n continua.<\/span><\/li>\n<li style=\"font-weight: 400;\" aria-level=\"1\"><span style=\"font-weight: 400;\">Los ingresos perdidos durante su recuperaci\u00f3n y los ingresos futuros si no puede volver al trabajo.<\/span><\/li>\n<li style=\"font-weight: 400;\" aria-level=\"1\"><span style=\"font-weight: 400;\">Propiedad destruida o da\u00f1ada\u00a0<\/span><\/li>\n<li style=\"font-weight: 400;\" aria-level=\"1\"><span style=\"font-weight: 400;\">Cualquier otro costo relacionado con el accidente.<\/span><\/li>\n<li style=\"font-weight: 400;\" aria-level=\"1\"><span style=\"font-weight: 400;\">Dolor f\u00edsico y desfiguraci\u00f3n.\u00a0\u00a0<\/span><\/li>\n<li style=\"font-weight: 400;\" aria-level=\"1\"><span style=\"font-weight: 400;\">Sufrimiento emocional<\/span><\/li>\n<li style=\"font-weight: 400;\" aria-level=\"1\"><span style=\"font-weight: 400;\">Disminuci\u00f3n del disfrute de la vida<\/span><\/li>\n<\/ul>\n<p><span style=\"font-weight: 400;\">No hay <\/span><a href=\"https:\/\/slamdunkattorney.com\/es\/faqs\/what-is-the-average-truck-accident-settlement-in-georgia\/\"><span style=\"font-weight: 400;\">Indemnizaci\u00f3n media por accidente de cami\u00f3n en Georgia<\/span><\/a><span style=\"font-weight: 400;\"> ya que los factores de cada caso var\u00edan. Pero puede confiar en que Slam Dunk Attorney luchar\u00e1 por obtener la mayor cantidad posible.<\/span><\/p>\n<p><span style=\"font-weight: 400;\">Si la parte culpable se niega a ofrecer una cantidad justa a trav\u00e9s de negociaciones extrajudiciales, nuestro formidable equipo estar\u00e1 listo para luchar por la justicia en el juicio. Abordamos cada caso como si fu\u00e9ramos a terminar en los tribunales.\u00a0<\/span><\/p>\n\n<div class=\"cta-container map-bg row align-items-center flex-md-row-reverse\">\n    <div class=\"col-md-6\">\n        <p class=\"cta-text rs-content-cta\">Completa un <a href=\"https:\/\/slamdunkattorney.com\/es\/contact-us\/\">Formulario de evaluaci\u00f3n gratuita de su caso<\/a> ahora<\/p>\n    <\/div>\n    <div class=\"col-md-6 col-bg\">\n    <\/div>\n<\/div><h2><span style=\"font-weight: 400;\">Comprender la negligencia comparativa<\/span><\/h2>\n<p><span style=\"font-weight: 400;\">Georgia sigue un sistema de negligencia comparativa para las reclamaciones por da\u00f1os personales. El estado solo permite a las v\u00edctimas que son<\/span><b> menos de 50% responsable de un accidente <\/b><span style=\"font-weight: 400;\">para reclamar una indemnizaci\u00f3n por sus p\u00e9rdidas.<\/span><\/p>\n<p><span style=\"font-weight: 400;\">Aquellos que cumplan con este requisito de elegibilidad a\u00fan pueden ver reducida su indemnizaci\u00f3n por cualquier porcentaje menor de culpa que tengan, tal y como se explica en las normas de Georgia para <\/span><a href=\"https:\/\/georgiacourts.gov\/wp-content\/uploads\/2024\/04\/Apportionment-of-Damages-Terry.pdf\" target=\"_blank\" rel=\"noopener\"><span style=\"font-weight: 400;\">reparto de da\u00f1os y perjuicios<\/span><\/a><span style=\"font-weight: 400;\">.<\/span><\/p>\n<p><span style=\"font-weight: 400;\">La parte culpable intentar\u00e1 utilizar este sistema para evitar pagarle una indemnizaci\u00f3n justa. Puede confiar en su abogado para que lo defienda de atribuciones injustas de culpa y luche contra reducciones injustificadas de la indemnizaci\u00f3n.<\/span><\/p>\n<p><span style=\"font-weight: 400;\">Sabemos qu\u00e9 esperar de la otra parte y recopilaremos pruebas sustanciales y convincentes para protegerlo de cualquier culpa y respaldar su reclamaci\u00f3n.\u00a0<\/span><\/p>\n<h2><span style=\"font-weight: 400;\">Estamos comprometidos con su lucha por la justicia.<\/span><\/h2>\n<p><span style=\"font-weight: 400;\">Slam Dunk Attorney est\u00e1 aqu\u00ed para ayudarte. Cuando te asocias con nosotros, puedes contar con una representaci\u00f3n excepcional, una comunicaci\u00f3n constante y un apoyo dedicado.<\/span><\/p>\n<p><span style=\"font-weight: 400;\">Con\u00e9ctate con nosotros para una f<\/span><b>Revisi\u00f3n gratuita de casos<\/b>. <span style=\"font-weight: 400;\">Estamos comprometidos con su lucha por la justicia y listos para ponernos a trabajar.<\/span><span style=\"font-weight: 400;\">.\u00a0<\/span><\/p>\n\n<div class=\"cta-container row align-items-center\">\n    <div class=\"col-md-7\">\n        <p class=\"cta-text rs-content-cta\">Llame o env\u00ede un mensaje de texto <a class=\"no-btn\" href=\"tel:+14049513513\">404-951-3513<\/a> o completar un <a href=\"https:\/\/slamdunkattorney.com\/es\/contact-us\/\">Formulario de evaluaci\u00f3n gratuita de su caso<\/a><\/p>\n    <\/div>\n    <div class=\"col-md-5\">\n        <img decoding=\"async\" src=\"https:\/\/slamdunkattorney.com\/wp-content\/themes\/slam-dunk-rebuild\/assets\/app\/img\/map-cta.jpg\" alt=\"Call or Text\" class=\"img-fluid\"\/>\n    <\/div>\n<\/div>","protected":false},"excerpt":{"rendered":"<p>Tractor-trailers take up lots of road space, often carry hazardous or heavy cargo, and ride alongside us at high speeds. These factors make them somewhat dangerous road sharers. When involved in jackknife events, rollovers, rear-ends, head-ons, sideswipes, or any other type of collision or traffic mishap, tractor-trailers can cause massive damage. Get help from a &#8230;<\/p>","protected":false},"author":2,"featured_media":0,"parent":47,"menu_order":0,"comment_status":"closed","ping_status":"closed","template":"","meta":{"_acf_changed":false,"_genesis_hide_title":false,"_genesis_hide_breadcrumbs":false,"_genesis_hide_singular_image":false,"_genesis_hide_footer_widgets":false,"_genesis_custom_body_class":"","_genesis_custom_post_class":"","_genesis_layout":"","ngg_post_thumbnail":0,"footnotes":""},"extra-categories":[],"hc_faqs":[],"class_list":{"0":"post-24048","1":"page","2":"type-page","3":"status-publish","5":"hc_city_location-duluth","6":"entry"},"acf":[],"yoast_head":"<!-- This site is optimized with the Yoast SEO plugin v27.3 - https:\/\/yoast.com\/product\/yoast-seo-wordpress\/ -->\n<title>Tractor-Trailer Accident Lawyer in Duluth | Call 24\/7<\/title>\n<meta name=\"description\" content=\"You need a Duluth tractor-trailer accident lawyer to help you fight for maximum compensation for costs related to your accident.\" \/>\n<meta name=\"robots\" content=\"index, follow, max-snippet:-1, max-image-preview:large, max-video-preview:-1\" \/>\n<link rel=\"canonical\" href=\"https:\/\/slamdunkattorney.com\/es\/duluth\/truck-accident-lawyer\/tractor-trailer-accident\/\" \/>\n<meta property=\"og:locale\" content=\"es_MX\" \/>\n<meta property=\"og:type\" content=\"article\" \/>\n<meta property=\"og:title\" content=\"Tractor-Trailer Accident Lawyer in Duluth | Call 24\/7\" \/>\n<meta property=\"og:description\" content=\"You need a Duluth tractor-trailer accident lawyer to help you fight for maximum compensation for costs related to your accident.\" \/>\n<meta property=\"og:url\" content=\"https:\/\/slamdunkattorney.com\/es\/duluth\/truck-accident-lawyer\/tractor-trailer-accident\/\" \/>\n<meta property=\"og:site_name\" content=\"Slam Dunk Attorney | Injury Lawyers\" \/>\n<meta property=\"article:publisher\" content=\"https:\/\/www.facebook.com\/slamdunkattorneyinjurylawyers\/\" \/>\n<meta property=\"article:modified_time\" content=\"2025-05-05T00:06:59+00:00\" \/>\n<meta property=\"og:image\" content=\"https:\/\/slamdunkattorney.com\/wp-content\/uploads\/2023\/05\/cropped-Logo.png\" \/>\n\t<meta property=\"og:image:width\" content=\"1080\" \/>\n\t<meta property=\"og:image:height\" content=\"240\" \/>\n\t<meta property=\"og:image:type\" content=\"image\/png\" \/>\n<meta name=\"twitter:card\" content=\"summary_large_image\" \/>\n<meta name=\"twitter:site\" content=\"@slamdunkattorney\" \/>\n<meta name=\"twitter:label1\" content=\"Est. reading time\" \/>\n\t<meta name=\"twitter:data1\" content=\"5 minutos\" \/>\n<script type=\"application\/ld+json\" class=\"yoast-schema-graph\">{\"@context\":\"https:\\\/\\\/schema.org\",\"@graph\":[{\"@type\":\"WebPage\",\"@id\":\"https:\\\/\\\/slamdunkattorney.com\\\/duluth\\\/truck-accident-lawyer\\\/tractor-trailer-accident\\\/\",\"url\":\"https:\\\/\\\/slamdunkattorney.com\\\/duluth\\\/truck-accident-lawyer\\\/tractor-trailer-accident\\\/\",\"name\":\"Tractor-Trailer Accident Lawyer in Duluth | Call 24\\\/7\",\"isPartOf\":{\"@id\":\"https:\\\/\\\/slamdunkattorney.com\\\/#website\"},\"datePublished\":\"2025-04-30T13:11:34+00:00\",\"dateModified\":\"2025-05-05T00:06:59+00:00\",\"description\":\"You need a Duluth tractor-trailer accident lawyer to help you fight for maximum compensation for costs related to your accident.\",\"breadcrumb\":{\"@id\":\"https:\\\/\\\/slamdunkattorney.com\\\/duluth\\\/truck-accident-lawyer\\\/tractor-trailer-accident\\\/#breadcrumb\"},\"inLanguage\":\"es\",\"potentialAction\":[{\"@type\":\"ReadAction\",\"target\":[\"https:\\\/\\\/slamdunkattorney.com\\\/duluth\\\/truck-accident-lawyer\\\/tractor-trailer-accident\\\/\"]}]},{\"@type\":\"BreadcrumbList\",\"@id\":\"https:\\\/\\\/slamdunkattorney.com\\\/duluth\\\/truck-accident-lawyer\\\/tractor-trailer-accident\\\/#breadcrumb\",\"itemListElement\":[{\"@type\":\"ListItem\",\"position\":1,\"name\":\"Home\",\"item\":\"https:\\\/\\\/slamdunkattorney.com\\\/\"},{\"@type\":\"ListItem\",\"position\":2,\"name\":\"Duluth, GA Personal Injury Lawyer\",\"item\":\"https:\\\/\\\/slamdunkattorney.com\\\/\"},{\"@type\":\"ListItem\",\"position\":3,\"name\":\"Duluth Truck Accident Lawyer\",\"item\":\"https:\\\/\\\/slamdunkattorney.com\\\/duluth\\\/truck-accident-lawyer\\\/\"},{\"@type\":\"ListItem\",\"position\":4,\"name\":\"Tractor-Trailer Accident\"}]},{\"@type\":\"WebSite\",\"@id\":\"https:\\\/\\\/slamdunkattorney.com\\\/#website\",\"url\":\"https:\\\/\\\/slamdunkattorney.com\\\/\",\"name\":\"Slam Dunk Attorney | Injury Lawyers\",\"description\":\"Duluth Personal Injury Lawyers\",\"publisher\":{\"@id\":\"https:\\\/\\\/slamdunkattorney.com\\\/#organization\"},\"alternateName\":\"Slam Dunk Attorney\",\"inLanguage\":\"es\"},{\"@type\":\"Organization\",\"@id\":\"https:\\\/\\\/slamdunkattorney.com\\\/#organization\",\"name\":\"Slam Dunk Attorney\",\"alternateName\":\"Slam Dunk\",\"url\":\"https:\\\/\\\/slamdunkattorney.com\\\/\",\"logo\":{\"@type\":\"ImageObject\",\"inLanguage\":\"es\",\"@id\":\"https:\\\/\\\/slamdunkattorney.com\\\/#\\\/schema\\\/logo\\\/image\\\/\",\"url\":\"https:\\\/\\\/slamdunkattorney.com\\\/wp-content\\\/uploads\\\/2023\\\/05\\\/cropped-Logo.png\",\"contentUrl\":\"https:\\\/\\\/slamdunkattorney.com\\\/wp-content\\\/uploads\\\/2023\\\/05\\\/cropped-Logo.png\",\"width\":1080,\"height\":240,\"caption\":\"Slam Dunk Attorney\"},\"image\":{\"@id\":\"https:\\\/\\\/slamdunkattorney.com\\\/#\\\/schema\\\/logo\\\/image\\\/\"},\"sameAs\":[\"https:\\\/\\\/www.facebook.com\\\/slamdunkattorneyinjurylawyers\\\/\",\"https:\\\/\\\/x.com\\\/slamdunkattorney\",\"https:\\\/\\\/www.instagram.com\\\/slamdunkattorney\\\/\",\"https:\\\/\\\/www.youtube.com\\\/channel\\\/UCSrOiC7vOjlCi3UgtIVGNtw\",\"https:\\\/\\\/www.linkedin.com\\\/company\\\/slamdunkattorneyinjurylawyers\"]}]}<\/script>\n<!-- \/ Yoast SEO plugin. -->","yoast_head_json":{"title":"Tractor-Trailer Accident Lawyer in Duluth | Call 24\/7","description":"You need a Duluth tractor-trailer accident lawyer to help you fight for maximum compensation for costs related to your accident.","robots":{"index":"index","follow":"follow","max-snippet":"max-snippet:-1","max-image-preview":"max-image-preview:large","max-video-preview":"max-video-preview:-1"},"canonical":"https:\/\/slamdunkattorney.com\/es\/duluth\/truck-accident-lawyer\/tractor-trailer-accident\/","og_locale":"es_MX","og_type":"article","og_title":"Tractor-Trailer Accident Lawyer in Duluth | Call 24\/7","og_description":"You need a Duluth tractor-trailer accident lawyer to help you fight for maximum compensation for costs related to your accident.","og_url":"https:\/\/slamdunkattorney.com\/es\/duluth\/truck-accident-lawyer\/tractor-trailer-accident\/","og_site_name":"Slam Dunk Attorney | Injury Lawyers","article_publisher":"https:\/\/www.facebook.com\/slamdunkattorneyinjurylawyers\/","article_modified_time":"2025-05-05T00:06:59+00:00","og_image":[{"width":1080,"height":240,"url":"https:\/\/slamdunkattorney.com\/wp-content\/uploads\/2023\/05\/cropped-Logo.png","type":"image\/png"}],"twitter_card":"summary_large_image","twitter_site":"@slamdunkattorney","twitter_misc":{"Est. reading time":"5 minutos"},"schema":{"@context":"https:\/\/schema.org","@graph":[{"@type":"WebPage","@id":"https:\/\/slamdunkattorney.com\/duluth\/truck-accident-lawyer\/tractor-trailer-accident\/","url":"https:\/\/slamdunkattorney.com\/duluth\/truck-accident-lawyer\/tractor-trailer-accident\/","name":"Tractor-Trailer Accident Lawyer in Duluth | Call 24\/7","isPartOf":{"@id":"https:\/\/slamdunkattorney.com\/#website"},"datePublished":"2025-04-30T13:11:34+00:00","dateModified":"2025-05-05T00:06:59+00:00","description":"You need a Duluth tractor-trailer accident lawyer to help you fight for maximum compensation for costs related to your accident.","breadcrumb":{"@id":"https:\/\/slamdunkattorney.com\/duluth\/truck-accident-lawyer\/tractor-trailer-accident\/#breadcrumb"},"inLanguage":"es","potentialAction":[{"@type":"ReadAction","target":["https:\/\/slamdunkattorney.com\/duluth\/truck-accident-lawyer\/tractor-trailer-accident\/"]}]},{"@type":"BreadcrumbList","@id":"https:\/\/slamdunkattorney.com\/duluth\/truck-accident-lawyer\/tractor-trailer-accident\/#breadcrumb","itemListElement":[{"@type":"ListItem","position":1,"name":"Home","item":"https:\/\/slamdunkattorney.com\/"},{"@type":"ListItem","position":2,"name":"Duluth, GA Personal Injury Lawyer","item":"https:\/\/slamdunkattorney.com\/"},{"@type":"ListItem","position":3,"name":"Duluth Truck Accident Lawyer","item":"https:\/\/slamdunkattorney.com\/duluth\/truck-accident-lawyer\/"},{"@type":"ListItem","position":4,"name":"Tractor-Trailer Accident"}]},{"@type":"WebSite","@id":"https:\/\/slamdunkattorney.com\/#website","url":"https:\/\/slamdunkattorney.com\/","name":"Abogado experto en lesiones | Abogados especializados en lesiones","description":"Abogados de lesiones personales en Duluth","publisher":{"@id":"https:\/\/slamdunkattorney.com\/#organization"},"alternateName":"Slam Dunk Attorney","inLanguage":"es"},{"@type":"Organization","@id":"https:\/\/slamdunkattorney.com\/#organization","name":"Abogado Slam Dunk","alternateName":"Slam Dunk","url":"https:\/\/slamdunkattorney.com\/","logo":{"@type":"ImageObject","inLanguage":"es","@id":"https:\/\/slamdunkattorney.com\/#\/schema\/logo\/image\/","url":"https:\/\/slamdunkattorney.com\/wp-content\/uploads\/2023\/05\/cropped-Logo.png","contentUrl":"https:\/\/slamdunkattorney.com\/wp-content\/uploads\/2023\/05\/cropped-Logo.png","width":1080,"height":240,"caption":"Slam Dunk Attorney"},"image":{"@id":"https:\/\/slamdunkattorney.com\/#\/schema\/logo\/image\/"},"sameAs":["https:\/\/www.facebook.com\/slamdunkattorneyinjurylawyers\/","https:\/\/x.com\/slamdunkattorney","https:\/\/www.instagram.com\/slamdunkattorney\/","https:\/\/www.youtube.com\/channel\/UCSrOiC7vOjlCi3UgtIVGNtw","https:\/\/www.linkedin.com\/company\/slamdunkattorneyinjurylawyers"]}]}},"yoast_meta":{"yoast_wpseo_title":"","yoast_wpseo_metadesc":"","yoast_wpseo_canonical":"https:\/\/slamdunkattorney.com\/es\/wp-json\/wp\/v2\/pages\/24048"},"_links":{"self":[{"href":"https:\/\/slamdunkattorney.com\/es\/wp-json\/wp\/v2\/pages\/24048","targetHints":{"allow":["GET"]}}],"collection":[{"href":"https:\/\/slamdunkattorney.com\/es\/wp-json\/wp\/v2\/pages"}],"about":[{"href":"https:\/\/slamdunkattorney.com\/es\/wp-json\/wp\/v2\/types\/page"}],"author":[{"embeddable":true,"href":"https:\/\/slamdunkattorney.com\/es\/wp-json\/wp\/v2\/users\/2"}],"replies":[{"embeddable":true,"href":"https:\/\/slamdunkattorney.com\/es\/wp-json\/wp\/v2\/comments?post=24048"}],"version-history":[{"count":0,"href":"https:\/\/slamdunkattorney.com\/es\/wp-json\/wp\/v2\/pages\/24048\/revisions"}],"up":[{"embeddable":true,"href":"https:\/\/slamdunkattorney.com\/es\/wp-json\/wp\/v2\/pages\/47"}],"wp:attachment":[{"href":"https:\/\/slamdunkattorney.com\/es\/wp-json\/wp\/v2\/media?parent=24048"}],"wp:term":[{"taxonomy":"extra-categories","embeddable":true,"href":"https:\/\/slamdunkattorney.com\/es\/wp-json\/wp\/v2\/extra-categories?post=24048"},{"taxonomy":"hc_faqs","embeddable":true,"href":"https:\/\/slamdunkattorney.com\/es\/wp-json\/wp\/v2\/hc_faqs?post=24048"}],"curies":[{"name":"wp","href":"https:\/\/api.w.org\/{rel}","templated":true}]}}