{"id":2064,"date":"2022-08-05T13:20:14","date_gmt":"2022-08-05T13:20:14","guid":{"rendered":"https:\/\/jaraysilawfirm.com\/?p=2064"},"modified":"2025-01-16T08:16:02","modified_gmt":"2025-01-16T08:16:02","slug":"i-was-hit-by-an-uninsured-driver-what-do-i-do","status":"publish","type":"page","link":"https:\/\/slamdunkattorney.com\/es\/faqs\/i-was-hit-by-an-uninsured-driver-what-do-i-do\/","title":{"rendered":"Atropellado por un conductor sin seguro: qu\u00e9 medidas tomar"},"content":{"rendered":"<p>Georgia se ha visto inundada de carros r\u00e1pidos y gente que vive a toda velocidad. Lo sabes porque te choc\u00f3 alguien que parec\u00eda tener mucha prisa. Por si fuera poco, el conductor culpable no tiene seguro. En Georgia, todos los conductores deben tener seguro. Pero eso no significa que todos lo tengan. Necesitas contactar a un abogado especializado en conductores sin seguro.<\/p>\r\n\r\n\r\n\r\n<h2 class=\"wp-block-heading\">Seguro de responsabilidad civil m\u00ednimo obligatorio<\/h2>\r\n\r\n\r\n\r\n<p>La cobertura de responsabilidad civil del otro conductor es la principal fuente de indemnizaci\u00f3n cuando una colisi\u00f3n provoca lesiones o da\u00f1os materiales. Para circular por las carreteras y autopistas p\u00fablicas de nuestro estado, los conductores de Georgia deben tener un seguro de responsabilidad civil que cumpla con los montos m\u00ednimos permitidos por la ley. Si usted lesiona a alguien o destruye su propiedad como resultado de un accidente u otro incidente en el que se le declare culpable, el seguro de responsabilidad civil se encarga de pagar la indemnizaci\u00f3n en su nombre. Seg\u00fan la secci\u00f3n 40-6-10 del O.C.G.A., esto se distribuye de la siguiente manera:<\/p>\r\n\r\n\r\n\r\n<ul class=\"wp-block-list\">\r\n<li>$25,000 por da\u00f1os f\u00edsicos a cada persona;<\/li>\r\n\r\n\r\n\r\n<li>$50,000 por accidente por lesiones a personas; y<\/li>\r\n\r\n\r\n\r\n<li>Los da\u00f1os materiales por accidente ascienden a $25 000.<\/li>\r\n<\/ul>\r\n\r\n\r\n\r\n<p>Se podr\u00eda pensar que la aseguradora del conductor culpable del choque deber\u00eda reembolsarle todos los gastos. Sin duda, eso es lo que ocurrir\u00eda en una situaci\u00f3n ideal. Sin embargo, adem\u00e1s de la gran cantidad de conductores sin seguro que circulan por las carreteras, es posible que el conductor que le choc\u00f3 tenga un seguro insuficiente y no cuente con la cobertura adecuada para cubrir los gastos de los da\u00f1os causados a su veh\u00edculo o a usted.<\/p>\r\n\r\n\r\n\r\n\n<div class=\"cta-container row align-items-center\">\n    <div class=\"col-md-7\">\n        <p class=\"cta-text rs-content-cta\">Orgullosos de servir a Duluth y a todo Georgia <span>\u00a1Cont\u00e1ctenos para comenzar su recuperaci\u00f3n!<\/span> <a href=\"https:\/\/slamdunkattorney.com\/es\/\">Explore nuestras \u00e1reas de pr\u00e1ctica<\/a><\/p>\n    <\/div>\n    <div class=\"col-md-5\">\n        <img decoding=\"async\" src=\"https:\/\/slamdunkattorney.com\/wp-content\/themes\/slam-dunk-rebuild\/assets\/app\/img\/map-cta.jpg\" alt=\"Legal Consultation\" class=\"img-fluid\"\/>\n    <\/div>\n<\/div><h2 class=\"wp-block-heading\">C\u00f3mo presentar una reclamaci\u00f3n al seguro UM\/UIM<\/h2>\r\n\r\n\r\n\r\n<p>Si te ves involucrado en un accidente automovil\u00edstico con un conductor que no ten\u00eda seguro, es posible que puedas obtener una compensaci\u00f3n econ\u00f3mica a trav\u00e9s de tu propia p\u00f3liza de motorista sin seguro (UM) o motorista con seguro insuficiente (UIM). Si tienes cobertura UM\/UIM, puedes reclamar una compensaci\u00f3n por las p\u00e9rdidas sufridas en un veh\u00edculo conducido por una persona que no tiene suficiente seguro de responsabilidad civil.<\/p>\r\n\r\n\r\n\r\n<p>Esta suele ser la mejor opci\u00f3n cuando se busca una indemnizaci\u00f3n tras un accidente en el que est\u00e1 involucrado un conductor sin seguro. Con demasiada frecuencia, interactuar con la propia compa\u00f1\u00eda de seguros puede resultar dif\u00edcil para muchas personas. Esto es especialmente cierto en un momento en el que deber\u00edan centrarse en su recuperaci\u00f3n. Un abogado experto en accidentes de tr\u00e1fico en Georgia le ayudar\u00e1 si tiene alguna duda sobre las reclamaciones UM\/UIM.<\/p>\r\n\r\n\r\n\r\n<h2 class=\"wp-block-heading\">Qu\u00e9 hacer inmediatamente despu\u00e9s de un accidente automovil\u00edstico<\/h2>\r\n\r\n\r\n\r\n<p>Tanto si est\u00e1 asegurado como si no, debe hacer lo siguiente:<\/p>\r\n\r\n\r\n\r\n<ol class=\"wp-block-list\">\r\n<li>Para reportar el accidente a la polic\u00eda, marque el 911.<\/li>\r\n\r\n\r\n\r\n<li>Obtenga la informaci\u00f3n de contacto del conductor involucrado. Sea amable, pero no admita la culpa.<\/li>\r\n\r\n\r\n\r\n<li>Acuda a un m\u00e9dico y guarde la documentaci\u00f3n que le proporcionen.<\/li>\r\n\r\n\r\n\r\n<li>P\u00f3ngase en contacto con un abogado con experiencia en reclamaciones de conductores sin seguro para que lo represente en las negociaciones con la compa\u00f1\u00eda de seguros.<\/li>\r\n<\/ol>\r\n\r\n\r\n\r\n<p>No hace falta decir que, si eres un conductor sin seguro, \u00a1no te des la vuelta y huidas! Esto solo empeorar\u00e1 una situaci\u00f3n ya de por s\u00ed mala. Si eres el culpable pero no tienes una p\u00f3liza de seguro que cubra esas p\u00e9rdidas, probablemente ser\u00e1s responsable personalmente de pagar cualquier lesi\u00f3n y da\u00f1o al veh\u00edculo que se derive de la colisi\u00f3n si se determina que eres el culpable.<\/p>\r\n\r\n\r\n\r\n<p>Su incapacidad para obtener una indemnizaci\u00f3n por sus lesiones y p\u00e9rdidas asociadas en caso de que el otro conductor haya sido el culpable puede verse obstaculizada por el hecho de que usted no tenga seguro.<\/p>\r\n\r\n\r\n\r\n\n<div class=\"cta-container row align-items-center\">\n    <div class=\"col-md-7\">\n        <p class=\"cta-text rs-content-cta\"><a class=\"no-btn\" href=\"https:\/\/slamdunkattorney.com\/es\/contact-us\/\">Haga clic para contactar<\/a> nuestros abogados especializados en lesiones personales hoy mismo<\/p>\n    <\/div>\n    <div class=\"col-md-5\">\n        <img decoding=\"async\" src=\"https:\/\/slamdunkattorney.com\/wp-content\/themes\/slam-dunk-rebuild\/assets\/app\/img\/map-cta.jpg\" alt=\"Contact Us\" class=\"img-fluid\"\/>\n    <\/div>\n<\/div><h2 class=\"wp-block-heading\">Ventajas de contratar a un abogado especializado en lesiones personales<\/h2>\r\n\r\n\r\n\r\n<p>Es mejor evitar comunicarse con su compa\u00f1\u00eda de seguros antes de contratar a un abogado para que lo represente. Es probable que la aseguradora intente reducir el pago o rechazar por completo su reclamaci\u00f3n. Estas compa\u00f1\u00edas buscan proteger sus intereses, por lo que es mejor contratar a un abogado para proteger los suyos.<\/p>\r\n\r\n\r\n\r\n\n<div class=\"cta-container map-bg row align-items-center flex-md-row-reverse\">\n    <div class=\"col-md-6\">\n        <p class=\"cta-text rs-content-cta\">Completa un <a href=\"https:\/\/slamdunkattorney.com\/es\/contact-us\/\">Formulario de evaluaci\u00f3n gratuita de su caso<\/a> ahora<\/p>\n    <\/div>\n    <div class=\"col-md-6 col-bg\">\n    <\/div>\n<\/div><h2 class=\"wp-block-heading\">Preguntas frecuentes:<\/h2>\r\n\r\n\r\n\r\n<h3 class=\"wp-block-heading\">\u00bfExisten sanciones por conducir sin licencia?<\/h3>\r\n\r\n\r\n\r\n<p>Seg\u00fan la ley del estado de Georgia, O.C.G.A. \u00a7 40-6-10, es ilegal conducir un veh\u00edculo motorizado sin tener un seguro adecuado. Es irrelevante si el otro conductor es propietario del autom\u00f3vil o no. El autom\u00f3vil debe estar asegurado, como m\u00ednimo, por el nivel m\u00ednimo exigido por el estado.<\/p>\r\n\r\n\r\n\r\n<p>Conducir sin seguro en Georgia conlleva una multa de hasta $1,000 y una posible pena de c\u00e1rcel de hasta 12 meses. Adem\u00e1s, su licencia puede ser suspendida por un m\u00e1ximo de 90 d\u00edas. Esto se clasifica como un delito menor.<\/p>\r\n\r\n\r\n\r\n<h3 class=\"wp-block-heading\">\u00bfPuedo demandar al conductor culpable?<\/h3>\r\n\r\n\r\n\r\n<p>Puede demandar directamente al conductor. Es importante recordar que algunas jurisdicciones tienen leyes sin culpa, que le impiden recurrir al conductor y le obligan a utilizar su propio seguro. Georgia, por otro lado, no se adhiere a tales normas porque no es un estado sin culpa.<\/p>\r\n\r\n\r\n\r\n<p>Aunque la persona negligente no tenga seguro de autom\u00f3vil, puede ser considerada responsable. Sin embargo, si el conductor no tiene los medios para indemnizarle adecuadamente, puede resultarle m\u00e1s beneficioso presentar una reclamaci\u00f3n a su compa\u00f1\u00eda de seguros si ha contratado una cobertura para conductores sin seguro.<\/p>\r\n\r\n\r\n\r\n<h3 class=\"wp-block-heading\">\u00bfC\u00f3mo puedo demostrar mi caso contra este conductor sin seguro?<\/h3>\r\n\r\n\r\n\r\n<p>Para demostrar su caso, deber\u00e1 demostrar la existencia de lo siguiente:<\/p>\r\n\r\n\r\n\r\n<ol class=\"wp-block-list\">\r\n<li>El conductor sin seguro ten\u00eda el deber de actuar con diligencia.<\/li>\r\n\r\n\r\n\r\n<li>El conductor sin seguro incumpli\u00f3 esa obligaci\u00f3n.<\/li>\r\n\r\n\r\n\r\n<li>Esta infracci\u00f3n caus\u00f3 da\u00f1os.<\/li>\r\n<\/ol>\r\n\r\n\r\n\r\n<p>Lo mejor es contratar a un abogado especializado en lesiones personales con amplia experiencia en esta \u00e1rea del derecho. Si ha sufrido lesiones a manos de un conductor sin seguro, es posible que tenga derecho a reclamar una indemnizaci\u00f3n. Concierte una consulta con un abogado de Slam Dunk Attorney. Evaluaremos su caso y le asesoraremos sobre los pasos a seguir. Tambi\u00e9n ofrecemos representaci\u00f3n en otras \u00e1reas del derecho.<\/p>\r\n\r\n\r\n\r\n<ul class=\"wp-block-list\">\r\n<li><a title=\"\u00c1reas de pr\u00e1ctica: accidentes de camiones\" href=\"https:\/\/slamdunkattorney.com\/es\/duluth\/truck-accident-lawyer\/\">Abogado especializado en accidentes de camiones en Duluth<\/a><\/li>\r\n\r\n\r\n\r\n<li><a title=\"\u00c1reas de pr\u00e1ctica: accidentes de camiones\" href=\"https:\/\/slamdunkattorney.com\/es\/duluth\/truck-accident-lawyer\/\">Duluth<\/a><a title=\"\u00c1reas de pr\u00e1ctica: accidentes de motocicleta\" href=\"https:\/\/slamdunkattorney.com\/es\/duluth\/motorcycle-accident-lawyer\/\"> Abogado especializado en accidentes de motocicleta<\/a><\/li>\r\n\r\n\r\n\r\n<li><a title=\"\u00c1reas de pr\u00e1ctica: accidentes de camiones\" href=\"https:\/\/slamdunkattorney.com\/es\/duluth\/truck-accident-lawyer\/\">Duluth<\/a><a title=\"\u00c1reas de pr\u00e1ctica: accidentes automovil\u00edsticos\" href=\"https:\/\/slamdunkattorney.com\/es\/duluth\/car-accident-lawyer\/\"> Abogado especializado en accidentes automovil\u00edsticos<\/a><\/li>\r\n<\/ul>\r\n\r\n\r\n\r\n<p>Lucharemos con pasi\u00f3n para que obtenga una indemnizaci\u00f3n justa. Cont\u00e1ctenos y cu\u00e9ntenos su caso.<\/p>\r\n\r\n\r\n\r\n<p><script><br \/>\r\n{<br \/>\r\n  \"@context\": \"https:\/\/schema.org\",<br \/>\r\n  \"@type\": \"FAQPage\",<br \/>\r\n  \"mainEntity\": [{<br \/>\r\n    \"@type\": \"Question\",<br \/>\r\n    \"name\": \"Are there penalties for driving without a license?\",<br \/>\r\n    \"acceptedAnswer\": {<br \/>\r\n      \"@type\": \"Answer\",<br \/>\r\n      \"text\": \"Under Georgia state law, O.C.G.A. \u00a7 40-6-10, it is illegal to operate a motor vehicle without having proper insurance. Whether the other driver owns the car or not is irrelevant. The car must be insured, at the very least, to the minimum level needed by the state.<\/script><\/p>\r\n<p>Conducir sin seguro en Georgia conlleva una multa de hasta $1,000 y una posible pena de c\u00e1rcel de hasta 12 meses. Adem\u00e1s, su licencia puede ser suspendida por un m\u00e1ximo de 90 d\u00edas. Esto se clasifica como un delito menor.\"<br \/>\r\n    }<br \/>\r\n  },{<br \/>\r\n    \"@tipo\": \"Pregunta\",<br \/>\r\n    \"nombre\": \"\u00bfPuedo demandar al conductor culpable?\",<br \/>\r\n    \"respuesta aceptada\": {<br \/>\r\n      \"@type\": \"Respuesta\",<br \/>\r\n      \"texto\": \"Puede demandar directamente al conductor. Es importante recordar que algunas jurisdicciones tienen leyes de responsabilidad objetiva, que le impiden recurrir al conductor y le obligan a utilizar su propio seguro. Georgia, por otro lado, no se adhiere a tales normas porque no es un estado de responsabilidad objetiva.<\/p>\r\n<p>Aunque la persona negligente no tenga seguro de autom\u00f3vil, puede seguir siendo responsable. Sin embargo, si el conductor no tiene los medios para indemnizarle adecuadamente, puede resultarle m\u00e1s beneficioso presentar una reclamaci\u00f3n a su compa\u00f1\u00eda de seguros si elige la cobertura para conductores sin seguro.\"<br \/>\r\n    }<br \/>\r\n  },{<br \/>\r\n    \"@tipo\": \"Pregunta\",<br \/>\r\n    \"nombre\": \"\u00bfC\u00f3mo puedo demostrar mi caso contra este conductor sin seguro?\",<br \/>\r\n    \"respuesta aceptada\": {<br \/>\r\n      \"@type\": \"Respuesta\",<br \/>\r\n      \"texto\": \"Para demostrar su caso, deber\u00e1 demostrar la existencia de lo siguiente:<\/p>\r\n<p>El conductor sin seguro ten\u00eda el deber de actuar con diligencia.<\/p>\r\n<p>El conductor sin seguro incumpli\u00f3 esa obligaci\u00f3n.<\/p>\r\n<p>Esta infracci\u00f3n caus\u00f3 da\u00f1os.\"<br \/>\r\n    }<br \/>\r\n  }]<br \/>\r\n}<br \/>\r\n<\/p>\r\n\n<div class=\"cta-container row align-items-center\">\n    <div class=\"col-md-7\">\n        <p class=\"cta-text rs-content-cta\">Llame o env\u00ede un mensaje de texto <a class=\"no-btn\" href=\"tel:+14049513513\">404-951-3513<\/a> o completar un <a href=\"https:\/\/slamdunkattorney.com\/es\/contact-us\/\">Formulario de evaluaci\u00f3n gratuita de su caso<\/a><\/p>\n    <\/div>\n    <div class=\"col-md-5\">\n        <img decoding=\"async\" src=\"https:\/\/slamdunkattorney.com\/wp-content\/themes\/slam-dunk-rebuild\/assets\/app\/img\/map-cta.jpg\" alt=\"Call or Text\" class=\"img-fluid\"\/>\n    <\/div>\n<\/div>","protected":false},"excerpt":{"rendered":"<p>Georgia has been inundated with fast cars and people living the fast life. You know this because you were hit by someone who was seemingly in a huge hurry. As if things couldn&#8217;t get any worse, this driver at fault is not insured. In Georgia, all motorists should have insurance. That doesn&#8217;t mean they all &#8230;<\/p>","protected":false},"author":2,"featured_media":3012,"parent":5902,"menu_order":0,"comment_status":"closed","ping_status":"closed","template":"","meta":{"_acf_changed":false,"_genesis_hide_title":false,"_genesis_hide_breadcrumbs":false,"_genesis_hide_singular_image":false,"_genesis_hide_footer_widgets":false,"_genesis_custom_body_class":"","_genesis_custom_post_class":"","_genesis_layout":"","ngg_post_thumbnail":0,"footnotes":""},"extra-categories":[],"hc_faqs":[41],"class_list":{"0":"post-2064","1":"page","2":"type-page","3":"status-publish","4":"has-post-thumbnail","6":"hc_faqs-car-accident","7":"entry"},"acf":[],"yoast_head":"<!-- This site is optimized with the Yoast SEO plugin v27.4 - https:\/\/yoast.com\/product\/yoast-seo-wordpress\/ -->\n<title>Hit by an Uninsured Driver: What Actions to Take - Slam Dunk Attorney | Injury Lawyers<\/title>\n<meta name=\"description\" content=\"If you sustained injuries at the hands of an uninsured driver, you might have a claim. Contact us for a free consultation.\" \/>\n<meta name=\"robots\" content=\"index, follow, max-snippet:-1, max-image-preview:large, max-video-preview:-1\" \/>\n<link rel=\"canonical\" href=\"https:\/\/slamdunkattorney.com\/es\/faqs\/i-was-hit-by-an-uninsured-driver-what-do-i-do\/\" \/>\n<meta property=\"og:locale\" content=\"es_MX\" \/>\n<meta property=\"og:type\" content=\"article\" \/>\n<meta property=\"og:title\" content=\"Hit by an Uninsured Driver: What Actions to Take - Slam Dunk Attorney | Injury Lawyers\" \/>\n<meta property=\"og:description\" content=\"If you sustained injuries at the hands of an uninsured driver, you might have a claim. Contact us for a free consultation.\" \/>\n<meta property=\"og:url\" content=\"https:\/\/slamdunkattorney.com\/es\/faqs\/i-was-hit-by-an-uninsured-driver-what-do-i-do\/\" \/>\n<meta property=\"og:site_name\" content=\"Slam Dunk Attorney | Injury Lawyers\" \/>\n<meta property=\"article:publisher\" content=\"https:\/\/www.facebook.com\/slamdunkattorneyinjurylawyers\/\" \/>\n<meta property=\"article:modified_time\" content=\"2025-01-16T08:16:02+00:00\" \/>\n<meta property=\"og:image\" content=\"https:\/\/slamdunkattorney.com\/wp-content\/uploads\/2022\/08\/i-was-hit-by-an-uninsured-driver-what-do-i-do-1.jpeg\" \/>\n\t<meta property=\"og:image:width\" content=\"800\" \/>\n\t<meta property=\"og:image:height\" content=\"600\" \/>\n\t<meta property=\"og:image:type\" content=\"image\/jpeg\" \/>\n<meta name=\"twitter:card\" content=\"summary_large_image\" \/>\n<meta name=\"twitter:site\" content=\"@slamdunkattorney\" \/>\n<meta name=\"twitter:label1\" content=\"Est. reading time\" \/>\n\t<meta name=\"twitter:data1\" content=\"5 minutos\" \/>\n<script type=\"application\/ld+json\" class=\"yoast-schema-graph\">{\"@context\":\"https:\\\/\\\/schema.org\",\"@graph\":[{\"@type\":\"WebPage\",\"@id\":\"https:\\\/\\\/slamdunkattorney.com\\\/faqs\\\/i-was-hit-by-an-uninsured-driver-what-do-i-do\\\/\",\"url\":\"https:\\\/\\\/slamdunkattorney.com\\\/faqs\\\/i-was-hit-by-an-uninsured-driver-what-do-i-do\\\/\",\"name\":\"Hit by an Uninsured Driver: What Actions to Take - Slam Dunk Attorney | Injury Lawyers\",\"isPartOf\":{\"@id\":\"https:\\\/\\\/slamdunkattorney.com\\\/#website\"},\"primaryImageOfPage\":{\"@id\":\"https:\\\/\\\/slamdunkattorney.com\\\/faqs\\\/i-was-hit-by-an-uninsured-driver-what-do-i-do\\\/#primaryimage\"},\"image\":{\"@id\":\"https:\\\/\\\/slamdunkattorney.com\\\/faqs\\\/i-was-hit-by-an-uninsured-driver-what-do-i-do\\\/#primaryimage\"},\"thumbnailUrl\":\"https:\\\/\\\/slamdunkattorney.com\\\/wp-content\\\/uploads\\\/2022\\\/08\\\/i-was-hit-by-an-uninsured-driver-what-do-i-do-1.jpeg\",\"datePublished\":\"2022-08-05T13:20:14+00:00\",\"dateModified\":\"2025-01-16T08:16:02+00:00\",\"description\":\"If you sustained injuries at the hands of an uninsured driver, you might have a claim. Contact us for a free consultation.\",\"breadcrumb\":{\"@id\":\"https:\\\/\\\/slamdunkattorney.com\\\/faqs\\\/i-was-hit-by-an-uninsured-driver-what-do-i-do\\\/#breadcrumb\"},\"inLanguage\":\"es\",\"potentialAction\":[{\"@type\":\"ReadAction\",\"target\":[\"https:\\\/\\\/slamdunkattorney.com\\\/faqs\\\/i-was-hit-by-an-uninsured-driver-what-do-i-do\\\/\"]}]},{\"@type\":\"ImageObject\",\"inLanguage\":\"es\",\"@id\":\"https:\\\/\\\/slamdunkattorney.com\\\/faqs\\\/i-was-hit-by-an-uninsured-driver-what-do-i-do\\\/#primaryimage\",\"url\":\"https:\\\/\\\/slamdunkattorney.com\\\/wp-content\\\/uploads\\\/2022\\\/08\\\/i-was-hit-by-an-uninsured-driver-what-do-i-do-1.jpeg\",\"contentUrl\":\"https:\\\/\\\/slamdunkattorney.com\\\/wp-content\\\/uploads\\\/2022\\\/08\\\/i-was-hit-by-an-uninsured-driver-what-do-i-do-1.jpeg\",\"width\":800,\"height\":600,\"caption\":\"I Was Hit by an Uninsured Driver \u2013 What do I do?\"},{\"@type\":\"BreadcrumbList\",\"@id\":\"https:\\\/\\\/slamdunkattorney.com\\\/faqs\\\/i-was-hit-by-an-uninsured-driver-what-do-i-do\\\/#breadcrumb\",\"itemListElement\":[{\"@type\":\"ListItem\",\"position\":1,\"name\":\"Home\",\"item\":\"https:\\\/\\\/slamdunkattorney.com\\\/\"},{\"@type\":\"ListItem\",\"position\":2,\"name\":\"FAQs\",\"item\":\"https:\\\/\\\/slamdunkattorney.com\\\/faqs\\\/\"},{\"@type\":\"ListItem\",\"position\":3,\"name\":\"Hit by an Uninsured Driver: What Actions to Take\"}]},{\"@type\":\"WebSite\",\"@id\":\"https:\\\/\\\/slamdunkattorney.com\\\/#website\",\"url\":\"https:\\\/\\\/slamdunkattorney.com\\\/\",\"name\":\"Slam Dunk Attorney | Injury Lawyers\",\"description\":\"Duluth Personal Injury Lawyers\",\"publisher\":{\"@id\":\"https:\\\/\\\/slamdunkattorney.com\\\/#organization\"},\"alternateName\":\"Slam Dunk Attorney\",\"inLanguage\":\"es\"},{\"@type\":\"Organization\",\"@id\":\"https:\\\/\\\/slamdunkattorney.com\\\/#organization\",\"name\":\"Slam Dunk Attorney\",\"alternateName\":\"Slam Dunk\",\"url\":\"https:\\\/\\\/slamdunkattorney.com\\\/\",\"logo\":{\"@type\":\"ImageObject\",\"inLanguage\":\"es\",\"@id\":\"https:\\\/\\\/slamdunkattorney.com\\\/#\\\/schema\\\/logo\\\/image\\\/\",\"url\":\"https:\\\/\\\/slamdunkattorney.com\\\/wp-content\\\/uploads\\\/2023\\\/05\\\/cropped-Logo.png\",\"contentUrl\":\"https:\\\/\\\/slamdunkattorney.com\\\/wp-content\\\/uploads\\\/2023\\\/05\\\/cropped-Logo.png\",\"width\":1080,\"height\":240,\"caption\":\"Slam Dunk Attorney\"},\"image\":{\"@id\":\"https:\\\/\\\/slamdunkattorney.com\\\/#\\\/schema\\\/logo\\\/image\\\/\"},\"sameAs\":[\"https:\\\/\\\/www.facebook.com\\\/slamdunkattorneyinjurylawyers\\\/\",\"https:\\\/\\\/x.com\\\/slamdunkattorney\",\"https:\\\/\\\/www.instagram.com\\\/slamdunkattorney\\\/\",\"https:\\\/\\\/www.youtube.com\\\/channel\\\/UCSrOiC7vOjlCi3UgtIVGNtw\",\"https:\\\/\\\/www.linkedin.com\\\/company\\\/slamdunkattorneyinjurylawyers\"]}]}<\/script>\n<!-- \/ Yoast SEO plugin. -->","yoast_head_json":{"title":"Hit by an Uninsured Driver: What Actions to Take - Slam Dunk Attorney | Injury Lawyers","description":"If you sustained injuries at the hands of an uninsured driver, you might have a claim. Contact us for a free consultation.","robots":{"index":"index","follow":"follow","max-snippet":"max-snippet:-1","max-image-preview":"max-image-preview:large","max-video-preview":"max-video-preview:-1"},"canonical":"https:\/\/slamdunkattorney.com\/es\/faqs\/i-was-hit-by-an-uninsured-driver-what-do-i-do\/","og_locale":"es_MX","og_type":"article","og_title":"Hit by an Uninsured Driver: What Actions to Take - Slam Dunk Attorney | Injury Lawyers","og_description":"If you sustained injuries at the hands of an uninsured driver, you might have a claim. Contact us for a free consultation.","og_url":"https:\/\/slamdunkattorney.com\/es\/faqs\/i-was-hit-by-an-uninsured-driver-what-do-i-do\/","og_site_name":"Slam Dunk Attorney | Injury Lawyers","article_publisher":"https:\/\/www.facebook.com\/slamdunkattorneyinjurylawyers\/","article_modified_time":"2025-01-16T08:16:02+00:00","og_image":[{"width":800,"height":600,"url":"https:\/\/slamdunkattorney.com\/wp-content\/uploads\/2022\/08\/i-was-hit-by-an-uninsured-driver-what-do-i-do-1.jpeg","type":"image\/jpeg"}],"twitter_card":"summary_large_image","twitter_site":"@slamdunkattorney","twitter_misc":{"Est. reading time":"5 minutos"},"schema":{"@context":"https:\/\/schema.org","@graph":[{"@type":"WebPage","@id":"https:\/\/slamdunkattorney.com\/faqs\/i-was-hit-by-an-uninsured-driver-what-do-i-do\/","url":"https:\/\/slamdunkattorney.com\/faqs\/i-was-hit-by-an-uninsured-driver-what-do-i-do\/","name":"Hit by an Uninsured Driver: What Actions to Take - Slam Dunk Attorney | Injury Lawyers","isPartOf":{"@id":"https:\/\/slamdunkattorney.com\/#website"},"primaryImageOfPage":{"@id":"https:\/\/slamdunkattorney.com\/faqs\/i-was-hit-by-an-uninsured-driver-what-do-i-do\/#primaryimage"},"image":{"@id":"https:\/\/slamdunkattorney.com\/faqs\/i-was-hit-by-an-uninsured-driver-what-do-i-do\/#primaryimage"},"thumbnailUrl":"https:\/\/slamdunkattorney.com\/wp-content\/uploads\/2022\/08\/i-was-hit-by-an-uninsured-driver-what-do-i-do-1.jpeg","datePublished":"2022-08-05T13:20:14+00:00","dateModified":"2025-01-16T08:16:02+00:00","description":"If you sustained injuries at the hands of an uninsured driver, you might have a claim. Contact us for a free consultation.","breadcrumb":{"@id":"https:\/\/slamdunkattorney.com\/faqs\/i-was-hit-by-an-uninsured-driver-what-do-i-do\/#breadcrumb"},"inLanguage":"es","potentialAction":[{"@type":"ReadAction","target":["https:\/\/slamdunkattorney.com\/faqs\/i-was-hit-by-an-uninsured-driver-what-do-i-do\/"]}]},{"@type":"ImageObject","inLanguage":"es","@id":"https:\/\/slamdunkattorney.com\/faqs\/i-was-hit-by-an-uninsured-driver-what-do-i-do\/#primaryimage","url":"https:\/\/slamdunkattorney.com\/wp-content\/uploads\/2022\/08\/i-was-hit-by-an-uninsured-driver-what-do-i-do-1.jpeg","contentUrl":"https:\/\/slamdunkattorney.com\/wp-content\/uploads\/2022\/08\/i-was-hit-by-an-uninsured-driver-what-do-i-do-1.jpeg","width":800,"height":600,"caption":"I Was Hit by an Uninsured Driver \u2013 What do I do?"},{"@type":"BreadcrumbList","@id":"https:\/\/slamdunkattorney.com\/faqs\/i-was-hit-by-an-uninsured-driver-what-do-i-do\/#breadcrumb","itemListElement":[{"@type":"ListItem","position":1,"name":"Home","item":"https:\/\/slamdunkattorney.com\/"},{"@type":"ListItem","position":2,"name":"FAQs","item":"https:\/\/slamdunkattorney.com\/faqs\/"},{"@type":"ListItem","position":3,"name":"Hit by an Uninsured Driver: What Actions to Take"}]},{"@type":"WebSite","@id":"https:\/\/slamdunkattorney.com\/#website","url":"https:\/\/slamdunkattorney.com\/","name":"Abogado experto en lesiones | Abogados especializados en lesiones","description":"Abogados de lesiones personales en Duluth","publisher":{"@id":"https:\/\/slamdunkattorney.com\/#organization"},"alternateName":"Slam Dunk Attorney","inLanguage":"es"},{"@type":"Organization","@id":"https:\/\/slamdunkattorney.com\/#organization","name":"Abogado Slam Dunk","alternateName":"Slam Dunk","url":"https:\/\/slamdunkattorney.com\/","logo":{"@type":"ImageObject","inLanguage":"es","@id":"https:\/\/slamdunkattorney.com\/#\/schema\/logo\/image\/","url":"https:\/\/slamdunkattorney.com\/wp-content\/uploads\/2023\/05\/cropped-Logo.png","contentUrl":"https:\/\/slamdunkattorney.com\/wp-content\/uploads\/2023\/05\/cropped-Logo.png","width":1080,"height":240,"caption":"Slam Dunk Attorney"},"image":{"@id":"https:\/\/slamdunkattorney.com\/#\/schema\/logo\/image\/"},"sameAs":["https:\/\/www.facebook.com\/slamdunkattorneyinjurylawyers\/","https:\/\/x.com\/slamdunkattorney","https:\/\/www.instagram.com\/slamdunkattorney\/","https:\/\/www.youtube.com\/channel\/UCSrOiC7vOjlCi3UgtIVGNtw","https:\/\/www.linkedin.com\/company\/slamdunkattorneyinjurylawyers"]}]}},"yoast_meta":{"yoast_wpseo_title":"","yoast_wpseo_metadesc":"","yoast_wpseo_canonical":"https:\/\/slamdunkattorney.com\/es\/wp-json\/wp\/v2\/pages\/2064"},"_links":{"self":[{"href":"https:\/\/slamdunkattorney.com\/es\/wp-json\/wp\/v2\/pages\/2064","targetHints":{"allow":["GET"]}}],"collection":[{"href":"https:\/\/slamdunkattorney.com\/es\/wp-json\/wp\/v2\/pages"}],"about":[{"href":"https:\/\/slamdunkattorney.com\/es\/wp-json\/wp\/v2\/types\/page"}],"author":[{"embeddable":true,"href":"https:\/\/slamdunkattorney.com\/es\/wp-json\/wp\/v2\/users\/2"}],"replies":[{"embeddable":true,"href":"https:\/\/slamdunkattorney.com\/es\/wp-json\/wp\/v2\/comments?post=2064"}],"version-history":[{"count":0,"href":"https:\/\/slamdunkattorney.com\/es\/wp-json\/wp\/v2\/pages\/2064\/revisions"}],"up":[{"embeddable":true,"href":"https:\/\/slamdunkattorney.com\/es\/wp-json\/wp\/v2\/pages\/5902"}],"wp:featuredmedia":[{"embeddable":true,"href":"https:\/\/slamdunkattorney.com\/es\/wp-json\/wp\/v2\/media\/3012"}],"wp:attachment":[{"href":"https:\/\/slamdunkattorney.com\/es\/wp-json\/wp\/v2\/media?parent=2064"}],"wp:term":[{"taxonomy":"extra-categories","embeddable":true,"href":"https:\/\/slamdunkattorney.com\/es\/wp-json\/wp\/v2\/extra-categories?post=2064"},{"taxonomy":"hc_faqs","embeddable":true,"href":"https:\/\/slamdunkattorney.com\/es\/wp-json\/wp\/v2\/hc_faqs?post=2064"}],"curies":[{"name":"wp","href":"https:\/\/api.w.org\/{rel}","templated":true}]}}