{"id":19946,"date":"2025-04-02T12:56:54","date_gmt":"2025-04-02T12:56:54","guid":{"rendered":"https:\/\/slamdunk.wpenginepowered.com\/?page_id=19946"},"modified":"2025-04-02T15:35:39","modified_gmt":"2025-04-02T15:35:39","slug":"duluth-truck-accident-lawyer-i-85","status":"publish","type":"page","link":"https:\/\/slamdunkattorney.com\/es\/duluth\/truck-accident-lawyer\/i-85\/","title":{"rendered":"Abogado especializado en accidentes de camiones en Duluth I-85"},"content":{"rendered":"<p><span style=\"font-weight: 400;\">Usted resulta herido en un accidente de cami\u00f3n en la Interestatal 85 (I-85) en Duluth, Georgia, causado por un camionero negligente. Reciba atenci\u00f3n m\u00e9dica inmediatamente despu\u00e9s del incidente. D\u00edas m\u00e1s tarde, consulte con un abogado especializado en accidentes de camiones en la I-85 en Duluth para averiguar si puede demandar al camionero o a cualquier otra parte responsable.\u00a0<\/span><\/p>\n<p><span style=\"font-weight: 400;\">El abogado Slam Dunk ha representado a <\/span><b>M\u00e1s de 1000 clientes en casos de lesiones personales.<\/b><span style=\"font-weight: 400;\">. Sea a <\/span><a href=\"https:\/\/slamdunkattorney.com\/es\/duluth\/truck-accident-lawyer\/\"><span style=\"font-weight: 400;\">Abogado especializado en accidentes de camiones en Duluth<\/span><\/a><span style=\"font-weight: 400;\"> de nuestro equipo revisar\u00e1 su caso de accidente en la I-85. Programe una consulta gratuita sobre su caso.\u00a0<\/span><\/p>\n<h2><span style=\"font-weight: 400;\">\u00bfQui\u00e9n puede ser responsable de un accidente de cami\u00f3n en la Interestatal 85?<\/span><\/h2>\n<p><span style=\"font-weight: 400;\">Es posible que creas que el conductor del cami\u00f3n es responsable de tu accidente en la I-85. Sin embargo, es posible que la culpa del accidente sea de otra persona que no sea el camionero. Aparte del camionero, otras partes que podr\u00edan ser responsables de tu colisi\u00f3n son:<\/span><\/p>\n<ul>\n<li style=\"font-weight: 400;\" aria-level=\"1\"><span style=\"font-weight: 400;\">Empresa de transporte por carretera<\/span><\/li>\n<li style=\"font-weight: 400;\" aria-level=\"1\"><span style=\"font-weight: 400;\">Fabricante de camiones<\/span><\/li>\n<li style=\"font-weight: 400;\" aria-level=\"1\"><span style=\"font-weight: 400;\">Proveedor de servicios de mantenimiento de camiones<\/span><\/li>\n<li style=\"font-weight: 400;\" aria-level=\"1\"><span style=\"font-weight: 400;\">Cargador de carga<\/span><\/li>\n<\/ul>\n<p><span style=\"font-weight: 400;\">Slam Dunk Attorney analiza cuidadosamente los hechos de su caso. Podemos averiguar qui\u00e9n es responsable de su accidente de cami\u00f3n comercial en la I-85 y explicarle c\u00f3mo puede obtener una indemnizaci\u00f3n de esa persona. Solicite una consulta gratuita sobre su caso con un <\/span><a href=\"https:\/\/slamdunkattorney.com\/es\/\"><span style=\"font-weight: 400;\">Abogado especializado en lesiones personales en Duluth<\/span><\/a><span style=\"font-weight: 400;\">.\u00a0<\/span><\/p>\n\n<div class=\"cta-container row align-items-center\">\n    <div class=\"col-md-7\">\n        <p class=\"cta-text rs-content-cta\">Orgullosos de servir a Duluth y a todo Georgia <span>\u00a1Cont\u00e1ctenos para comenzar su recuperaci\u00f3n!<\/span> <a href=\"https:\/\/slamdunkattorney.com\/es\/\">Explore nuestras \u00e1reas de pr\u00e1ctica<\/a><\/p>\n    <\/div>\n    <div class=\"col-md-5\">\n        <img decoding=\"async\" src=\"https:\/\/slamdunkattorney.com\/wp-content\/themes\/slam-dunk-rebuild\/assets\/app\/img\/map-cta.jpg\" alt=\"Legal Consultation\" class=\"img-fluid\"\/>\n    <\/div>\n<\/div><h2><span style=\"font-weight: 400;\">Cu\u00e1ndo presentar una reclamaci\u00f3n por accidente de cami\u00f3n en Duluth I-85<\/span><\/h2>\n<p><span style=\"font-weight: 400;\">Un abogado especializado en accidentes de camiones en la I-85 en Duluth puede informarle sobre el plazo de prescripci\u00f3n relativo a su caso. Por lo general, <\/span><a href=\"https:\/\/slamdunkattorney.com\/es\/faqs\/what-is-the-statute-of-limitations-for-a-truck-accident-claim\/\"><span style=\"font-weight: 400;\">el plazo de prescripci\u00f3n para reclamar por un accidente de cami\u00f3n<\/span><\/a><span style=\"font-weight: 400;\"> dura<\/span><b> dos a\u00f1os.<\/b><span style=\"font-weight: 400;\"> Si se cierra esta ventana, es posible que no pueda solicitar una indemnizaci\u00f3n a ninguna de las personas que causaron el accidente.\u00a0<\/span><\/p>\n<p><span style=\"font-weight: 400;\">Si vives en Georgia y conduces un autom\u00f3vil en el estado, est\u00e1s obligado por ley a tener <\/span><a href=\"https:\/\/oci.georgia.gov\/insurance-resources\/auto\" target=\"_blank\" rel=\"noopener\"><span style=\"font-weight: 400;\">seguro de autom\u00f3vil<\/span><\/a><span style=\"font-weight: 400;\">. Puede notificar a su aseguradora de autom\u00f3viles si se ve involucrado en un accidente con un cami\u00f3n en la I-85. A continuaci\u00f3n, su aseguradora puede trabajar con la compa\u00f1\u00eda aseguradora del conductor del cami\u00f3n para determinar qui\u00e9n es responsable.\u00a0<\/span><\/p>\n<p><span style=\"font-weight: 400;\">Presentar una reclamaci\u00f3n al seguro no garantiza que la aseguradora de la parte responsable cubra sus p\u00e9rdidas. Su abogado puede encargarse de las negociaciones con la compa\u00f1\u00eda de seguros, pero es posible que llegue a la conclusi\u00f3n de que no es posible llegar a un acuerdo. En este caso, su abogado puede explicarle <\/span><a href=\"https:\/\/slamdunkattorney.com\/es\/faqs\/how-does-the-truck-accident-lawsuit-process-work\/\"><span style=\"font-weight: 400;\">C\u00f3mo funciona el proceso de demanda por accidente de cami\u00f3n<\/span><\/a><span style=\"font-weight: 400;\"> y ayudarle a tomar medidas adicionales contra las partes culpables.\u00a0<\/span><\/p>\n\n<div class=\"cta-container map-bg row align-items-center flex-md-row-reverse\">\n    <div class=\"col-md-6\">\n        <p class=\"cta-text rs-content-cta\">Abogado especializado en accidentes de camiones en Duluth I-85 cerca de m\u00ed <a href=\"tel:+14049513513\">404-951-3513<\/a><\/p>\n    <\/div>\n    <div class=\"col-md-6 col-bg\">\n    <\/div>\n<\/div><h2><span style=\"font-weight: 400;\">Qu\u00e9 esperar si presenta una demanda por accidente de cami\u00f3n I-85<\/span><\/h2>\n<p><span style=\"font-weight: 400;\">Un <\/span><b>Abogado especializado en accidentes de camiones en la I-85 en Duluth <\/b><span style=\"font-weight: 400;\">puede proporcionar un <\/span><a href=\"https:\/\/slamdunkattorney.com\/es\/faqs\/how-to-file-a-personal-injury-lawsuit\/\"><span style=\"font-weight: 400;\">Gu\u00eda paso a paso para presentar una demanda por lesiones personales<\/span><\/a><span style=\"font-weight: 400;\">. Quieren que tomes decisiones informadas durante este proceso. Por ello, estar\u00e1n disponibles para responder a cualquier pregunta que te surja durante el proceso.\u00a0<\/span><\/p>\n<p><span style=\"font-weight: 400;\">Su abogado quiere que demuestre negligencia. Intentan demostrar que la parte responsable actu\u00f3 de forma descuidada o imprudente, incumpliendo su deber de diligencia hacia usted y provocando la colisi\u00f3n. Su abogado busca formas de demostrar que usted est\u00e1 sufriendo p\u00e9rdidas relacionadas con las acciones de esta parte contra usted.\u00a0<\/span><\/p>\n<p><span style=\"font-weight: 400;\">Si usted presenta una demanda, el demandado tiene la oportunidad de proponer un acuerdo. El hecho de que el demandado quiera llegar a un acuerdo no significa que usted est\u00e9 obligado a hacerlo. Si desea llevar su caso a juicio, su abogado se asegurar\u00e1 de que pueda hacerlo.<\/span><\/p>\n\n<div class=\"cta-container row align-items-center\">\n    <div class=\"col-md-7\">\n        <p class=\"cta-text rs-content-cta\"><a class=\"no-btn\" href=\"https:\/\/slamdunkattorney.com\/es\/contact-us\/\">Haga clic para contactar<\/a> Nuestros abogados especializados en accidentes de camiones en Duluth hoy mismo.<\/p>\n    <\/div>\n    <div class=\"col-md-5\">\n        <img decoding=\"async\" src=\"https:\/\/slamdunkattorney.com\/wp-content\/themes\/slam-dunk-rebuild\/assets\/app\/img\/map-cta.jpg\" alt=\"Contact Us\" class=\"img-fluid\"\/>\n    <\/div>\n<\/div><h2><span style=\"font-weight: 400;\">Indemnizaci\u00f3n que podr\u00eda obtener en su demanda por colisi\u00f3n de camiones en la I-85<\/span><\/h2>\n<p><span style=\"font-weight: 400;\">La indemnizaci\u00f3n que reciba variar\u00e1 en funci\u00f3n de la gravedad de sus lesiones y otros factores. Su abogado le recomendar\u00e1 que solicite una indemnizaci\u00f3n por da\u00f1os econ\u00f3micos y no econ\u00f3micos. Entre los motivos por los que el tribunal podr\u00eda conceder una indemnizaci\u00f3n por da\u00f1os y perjuicios se incluyen:<\/span><\/p>\n<ul>\n<li style=\"font-weight: 400;\" aria-level=\"1\"><span style=\"font-weight: 400;\">Gastos m\u00e9dicos<\/span><\/li>\n<li style=\"font-weight: 400;\" aria-level=\"1\"><span style=\"font-weight: 400;\">P\u00e9rdida de ingresos<\/span><\/li>\n<li style=\"font-weight: 400;\" aria-level=\"1\"><span style=\"font-weight: 400;\">Costos de reemplazo o reparaci\u00f3n de su autom\u00f3vil.<\/span><\/li>\n<li style=\"font-weight: 400;\" aria-level=\"1\"><span style=\"font-weight: 400;\">Dolor y sufrimiento<\/span><\/li>\n<\/ul>\n<p><span style=\"font-weight: 400;\">Su abogado est\u00e1 familiarizado con <\/span><a href=\"https:\/\/slamdunkattorney.com\/es\/faqs\/what-is-the-average-truck-accident-settlement-in-georgia\/\"><span style=\"font-weight: 400;\">El acuerdo promedio por accidente de cami\u00f3n en Georgia<\/span><\/a><span style=\"font-weight: 400;\">. Desarrollan un argumento dise\u00f1ado para demostrar al juez o al jurado que usted merece una compensaci\u00f3n justa por sus p\u00e9rdidas. Como parte de su trabajo, recopilan pruebas que respalden su argumento.\u00a0<\/span><\/p>\n\n<div class=\"cta-container map-bg row align-items-center flex-md-row-reverse\">\n    <div class=\"col-md-6\">\n        <p class=\"cta-text rs-content-cta\">Completa un <a href=\"https:\/\/slamdunkattorney.com\/es\/contact-us\/\">Formulario de evaluaci\u00f3n gratuita de su caso<\/a> ahora<\/p>\n    <\/div>\n    <div class=\"col-md-6 col-bg\">\n    <\/div>\n<\/div><h2><span style=\"font-weight: 400;\">Tipos de pruebas que se deben utilizar en su demanda por accidente de cami\u00f3n en la Interestatal 85<\/span><\/h2>\n<p><span style=\"font-weight: 400;\">Las pruebas tienen el potencial de influir en el tribunal para que falle a su favor. Su abogado sabe lo importantes que pueden ser las pruebas en su caso de accidente de cami\u00f3n en la I-85. Puede utilizar varias pruebas para reforzar su argumento, tales como:<\/span><\/p>\n<ul>\n<li style=\"font-weight: 400;\" aria-level=\"1\"><span style=\"font-weight: 400;\">Informe policial<\/span><\/li>\n<li style=\"font-weight: 400;\" aria-level=\"1\"><span style=\"font-weight: 400;\">Fotos y videos de la escena del accidente<\/span><\/li>\n<li style=\"font-weight: 400;\" aria-level=\"1\"><span style=\"font-weight: 400;\">Declaraciones de los testigos<\/span><\/li>\n<li style=\"font-weight: 400;\" aria-level=\"1\"><span style=\"font-weight: 400;\">Libro de registro del conductor de cami\u00f3n<\/span><\/li>\n<li style=\"font-weight: 400;\" aria-level=\"1\"><span style=\"font-weight: 400;\">Registros de mantenimiento de camiones<\/span><\/li>\n<li style=\"font-weight: 400;\" aria-level=\"1\"><span style=\"font-weight: 400;\">Registros telef\u00f3nicos del conductor del cami\u00f3n<\/span><\/li>\n<li style=\"font-weight: 400;\" aria-level=\"1\"><span style=\"font-weight: 400;\">Im\u00e1genes de la c\u00e1mara del tablero del cami\u00f3n<\/span><\/li>\n<\/ul>\n<p><span style=\"font-weight: 400;\">Del mismo modo que usted puede reunir pruebas, el demandado puede buscar pruebas para utilizarlas en su contra. En cualquier caso, su abogado tiene en cuenta los argumentos del demandado. Planifica su juicio y se asegura de estar preparado para presentar argumentos que convenzan al juez o al jurado.\u00a0<\/span><\/p>\n<h2><span style=\"font-weight: 400;\">Qu\u00e9 hacer si un conductor de cami\u00f3n dice que usted es parcialmente responsable de un accidente en la I-85\u00a0<\/span><\/h2>\n<p><span style=\"font-weight: 400;\">Puede preparar un argumento que deje claro al juez o al jurado que el conductor del cami\u00f3n es responsable de su accidente en la I-85. El camionero podr\u00eda seguir alegando que usted es parcial o principalmente responsable del accidente. En esta situaci\u00f3n, es \u00fatil contratar a un abogado especializado en accidentes de camiones que le ayude a demostrar que usted merece el 100% de los da\u00f1os y perjuicios que reclama.\u00a0<\/span><\/p>\n<p><span style=\"font-weight: 400;\">Georgia tiene una ley de culpa comparativa. Con esta ley, usted puede obtener una indemnizaci\u00f3n parcial por da\u00f1os y perjuicios si es parcialmente responsable de un accidente de cami\u00f3n. El tribunal puede reducir la indemnizaci\u00f3n que reciba en funci\u00f3n de su porcentaje de culpa.\u00a0<\/span><\/p>\n<p><span style=\"font-weight: 400;\">Por ejemplo, el tribunal dictamina que usted es responsable en un 20% del accidente ocurrido en la I-85. Es posible que reciba 80% de los da\u00f1os y perjuicios que solicit\u00f3 inicialmente. Sin embargo, si su culpa es superior al 49.9%, es posible que no tenga derecho a recuperar los da\u00f1os y perjuicios.\u00a0<\/span><\/p>\n<h2><span style=\"font-weight: 400;\">Consejos para ayudarle con su caso de accidente de cami\u00f3n en la I-85<\/span><\/h2>\n<p><span style=\"font-weight: 400;\">No espere para buscar ayuda legal. El plazo de prescripci\u00f3n le da un breve periodo de tiempo para presentar una reclamaci\u00f3n de indemnizaci\u00f3n. Si deja pasar este plazo, es posible que sea el \u00fanico responsable de las p\u00e9rdidas relacionadas con el accidente.\u00a0<\/span><\/p>\n<p><span style=\"font-weight: 400;\">Priorice su recuperaci\u00f3n tras el accidente y deje que su abogado se encargue de las comunicaciones relacionadas con su caso. Debe acudir al m\u00e9dico seg\u00fan lo recomendado y tratar sus lesiones. Mientras tanto, su abogado le mantendr\u00e1 informado sobre su caso.\u00a0<\/span><\/p>\n<p><b>Comparta sus inquietudes legales con su abogado especializado en accidentes de camiones en Duluth I-85. <\/b><span style=\"font-weight: 400;\">Recuerde, su abogado quiere que se recupere de su accidente y sus lesiones lo m\u00e1s r\u00e1pido posible. Conf\u00ede en su abogado para que le ayude durante el litigio, y \u00e9l le pondr\u00e1 en condiciones de tener \u00e9xito.\u00a0<\/span><\/p>\n<h2><span style=\"font-weight: 400;\">As\u00f3ciese con un abogado especializado en accidentes de camiones en Duluth I-85 que realmente se preocupa por usted.<\/span><\/h2>\n<p><span style=\"font-weight: 400;\">En Slam Dunk Attorney, tenemos un plan de acci\u00f3n para ayudar a nuestros clientes a obtener una indemnizaci\u00f3n tras un accidente de cami\u00f3n en la I-85.\u00a0<\/span><\/p>\n<p><span style=\"font-weight: 400;\">D\u00e9nos la oportunidad de ayudarle con su caso de accidente de cami\u00f3n. Cont\u00e1ctenos hoy mismo para empezar.\u00a0\u00a0<\/span><\/p>\n\n<div class=\"cta-container row align-items-center\">\n    <div class=\"col-md-7\">\n        <p class=\"cta-text rs-content-cta\">Llame o env\u00ede un mensaje de texto <a class=\"no-btn\" href=\"tel:+14049513513\">404-951-3513<\/a> o completar un <a href=\"https:\/\/slamdunkattorney.com\/es\/contact-us\/\">Formulario de evaluaci\u00f3n gratuita de su caso<\/a><\/p>\n    <\/div>\n    <div class=\"col-md-5\">\n        <img decoding=\"async\" src=\"https:\/\/slamdunkattorney.com\/wp-content\/themes\/slam-dunk-rebuild\/assets\/app\/img\/map-cta.jpg\" alt=\"Call or Text\" class=\"img-fluid\"\/>\n    <\/div>\n<\/div>","protected":false},"excerpt":{"rendered":"<p>You get hurt in a truck accident on Interstate 85 (I-85) in Duluth, Georgia, caused by a negligent trucker. Receive medical attention immediately after the incident. Days later, consult with a Duluth I-85 truck accident lawyer to find out if you can sue the trucker or any other liable parties.\u00a0 Slam Dunk Attorney has represented &#8230;<\/p>","protected":false},"author":2,"featured_media":0,"parent":47,"menu_order":0,"comment_status":"closed","ping_status":"closed","template":"","meta":{"_acf_changed":false,"_genesis_hide_title":false,"_genesis_hide_breadcrumbs":false,"_genesis_hide_singular_image":false,"_genesis_hide_footer_widgets":false,"_genesis_custom_body_class":"","_genesis_custom_post_class":"","_genesis_layout":"","ngg_post_thumbnail":0,"footnotes":""},"extra-categories":[],"hc_faqs":[],"class_list":{"0":"post-19946","1":"page","2":"type-page","3":"status-publish","5":"hc_city_location-duluth","6":"entry"},"acf":[],"yoast_head":"<!-- This site is optimized with the Yoast SEO plugin v27.3 - https:\/\/yoast.com\/product\/yoast-seo-wordpress\/ -->\n<title>I-85 Truck Accident Lawyer in Duluth | Free Consultation<\/title>\n<meta name=\"description\" content=\"You need a Duluth I-85 truck accident lawyer to help you fight for maximum compensation for costs related to your accident. 24\/7 help.\" \/>\n<meta name=\"robots\" content=\"index, follow, max-snippet:-1, max-image-preview:large, max-video-preview:-1\" \/>\n<link rel=\"canonical\" href=\"https:\/\/slamdunkattorney.com\/es\/duluth\/truck-accident-lawyer\/i-85\/\" \/>\n<meta property=\"og:locale\" content=\"es_MX\" \/>\n<meta property=\"og:type\" content=\"article\" \/>\n<meta property=\"og:title\" content=\"I-85 Truck Accident Lawyer in Duluth | Free Consultation\" \/>\n<meta property=\"og:description\" content=\"You need a Duluth I-85 truck accident lawyer to help you fight for maximum compensation for costs related to your accident. 24\/7 help.\" \/>\n<meta property=\"og:url\" content=\"https:\/\/slamdunkattorney.com\/es\/duluth\/truck-accident-lawyer\/i-85\/\" \/>\n<meta property=\"og:site_name\" content=\"Slam Dunk Attorney | Injury Lawyers\" \/>\n<meta property=\"article:publisher\" content=\"https:\/\/www.facebook.com\/slamdunkattorneyinjurylawyers\/\" \/>\n<meta property=\"article:modified_time\" content=\"2025-04-02T15:35:39+00:00\" \/>\n<meta property=\"og:image\" content=\"https:\/\/slamdunkattorney.com\/wp-content\/uploads\/2023\/05\/cropped-Logo.png\" \/>\n\t<meta property=\"og:image:width\" content=\"1080\" \/>\n\t<meta property=\"og:image:height\" content=\"240\" \/>\n\t<meta property=\"og:image:type\" content=\"image\/png\" \/>\n<meta name=\"twitter:card\" content=\"summary_large_image\" \/>\n<meta name=\"twitter:site\" content=\"@slamdunkattorney\" \/>\n<meta name=\"twitter:label1\" content=\"Est. reading time\" \/>\n\t<meta name=\"twitter:data1\" content=\"5 minutos\" \/>\n<script type=\"application\/ld+json\" class=\"yoast-schema-graph\">{\"@context\":\"https:\\\/\\\/schema.org\",\"@graph\":[{\"@type\":\"WebPage\",\"@id\":\"https:\\\/\\\/slamdunkattorney.com\\\/duluth\\\/truck-accident-lawyer\\\/i-85\\\/\",\"url\":\"https:\\\/\\\/slamdunkattorney.com\\\/duluth\\\/truck-accident-lawyer\\\/i-85\\\/\",\"name\":\"I-85 Truck Accident Lawyer in Duluth | Free Consultation\",\"isPartOf\":{\"@id\":\"https:\\\/\\\/slamdunkattorney.com\\\/#website\"},\"datePublished\":\"2025-04-02T12:56:54+00:00\",\"dateModified\":\"2025-04-02T15:35:39+00:00\",\"description\":\"You need a Duluth I-85 truck accident lawyer to help you fight for maximum compensation for costs related to your accident. 24\\\/7 help.\",\"breadcrumb\":{\"@id\":\"https:\\\/\\\/slamdunkattorney.com\\\/duluth\\\/truck-accident-lawyer\\\/i-85\\\/#breadcrumb\"},\"inLanguage\":\"es\",\"potentialAction\":[{\"@type\":\"ReadAction\",\"target\":[\"https:\\\/\\\/slamdunkattorney.com\\\/duluth\\\/truck-accident-lawyer\\\/i-85\\\/\"]}]},{\"@type\":\"BreadcrumbList\",\"@id\":\"https:\\\/\\\/slamdunkattorney.com\\\/duluth\\\/truck-accident-lawyer\\\/i-85\\\/#breadcrumb\",\"itemListElement\":[{\"@type\":\"ListItem\",\"position\":1,\"name\":\"Home\",\"item\":\"https:\\\/\\\/slamdunkattorney.com\\\/\"},{\"@type\":\"ListItem\",\"position\":2,\"name\":\"Duluth, GA Personal Injury Lawyer\",\"item\":\"https:\\\/\\\/slamdunkattorney.com\\\/\"},{\"@type\":\"ListItem\",\"position\":3,\"name\":\"Duluth Truck Accident Lawyer\",\"item\":\"https:\\\/\\\/slamdunkattorney.com\\\/duluth\\\/truck-accident-lawyer\\\/\"},{\"@type\":\"ListItem\",\"position\":4,\"name\":\"I-85 Truck Accident\"}]},{\"@type\":\"WebSite\",\"@id\":\"https:\\\/\\\/slamdunkattorney.com\\\/#website\",\"url\":\"https:\\\/\\\/slamdunkattorney.com\\\/\",\"name\":\"Slam Dunk Attorney | Injury Lawyers\",\"description\":\"Duluth Personal Injury Lawyers\",\"publisher\":{\"@id\":\"https:\\\/\\\/slamdunkattorney.com\\\/#organization\"},\"alternateName\":\"Slam Dunk Attorney\",\"inLanguage\":\"es\"},{\"@type\":\"Organization\",\"@id\":\"https:\\\/\\\/slamdunkattorney.com\\\/#organization\",\"name\":\"Slam Dunk Attorney\",\"alternateName\":\"Slam Dunk\",\"url\":\"https:\\\/\\\/slamdunkattorney.com\\\/\",\"logo\":{\"@type\":\"ImageObject\",\"inLanguage\":\"es\",\"@id\":\"https:\\\/\\\/slamdunkattorney.com\\\/#\\\/schema\\\/logo\\\/image\\\/\",\"url\":\"https:\\\/\\\/slamdunkattorney.com\\\/wp-content\\\/uploads\\\/2023\\\/05\\\/cropped-Logo.png\",\"contentUrl\":\"https:\\\/\\\/slamdunkattorney.com\\\/wp-content\\\/uploads\\\/2023\\\/05\\\/cropped-Logo.png\",\"width\":1080,\"height\":240,\"caption\":\"Slam Dunk Attorney\"},\"image\":{\"@id\":\"https:\\\/\\\/slamdunkattorney.com\\\/#\\\/schema\\\/logo\\\/image\\\/\"},\"sameAs\":[\"https:\\\/\\\/www.facebook.com\\\/slamdunkattorneyinjurylawyers\\\/\",\"https:\\\/\\\/x.com\\\/slamdunkattorney\",\"https:\\\/\\\/www.instagram.com\\\/slamdunkattorney\\\/\",\"https:\\\/\\\/www.youtube.com\\\/channel\\\/UCSrOiC7vOjlCi3UgtIVGNtw\",\"https:\\\/\\\/www.linkedin.com\\\/company\\\/slamdunkattorneyinjurylawyers\"]}]}<\/script>\n<!-- \/ Yoast SEO plugin. -->","yoast_head_json":{"title":"I-85 Truck Accident Lawyer in Duluth | Free Consultation","description":"You need a Duluth I-85 truck accident lawyer to help you fight for maximum compensation for costs related to your accident. 24\/7 help.","robots":{"index":"index","follow":"follow","max-snippet":"max-snippet:-1","max-image-preview":"max-image-preview:large","max-video-preview":"max-video-preview:-1"},"canonical":"https:\/\/slamdunkattorney.com\/es\/duluth\/truck-accident-lawyer\/i-85\/","og_locale":"es_MX","og_type":"article","og_title":"I-85 Truck Accident Lawyer in Duluth | Free Consultation","og_description":"You need a Duluth I-85 truck accident lawyer to help you fight for maximum compensation for costs related to your accident. 24\/7 help.","og_url":"https:\/\/slamdunkattorney.com\/es\/duluth\/truck-accident-lawyer\/i-85\/","og_site_name":"Slam Dunk Attorney | Injury Lawyers","article_publisher":"https:\/\/www.facebook.com\/slamdunkattorneyinjurylawyers\/","article_modified_time":"2025-04-02T15:35:39+00:00","og_image":[{"width":1080,"height":240,"url":"https:\/\/slamdunkattorney.com\/wp-content\/uploads\/2023\/05\/cropped-Logo.png","type":"image\/png"}],"twitter_card":"summary_large_image","twitter_site":"@slamdunkattorney","twitter_misc":{"Est. reading time":"5 minutos"},"schema":{"@context":"https:\/\/schema.org","@graph":[{"@type":"WebPage","@id":"https:\/\/slamdunkattorney.com\/duluth\/truck-accident-lawyer\/i-85\/","url":"https:\/\/slamdunkattorney.com\/duluth\/truck-accident-lawyer\/i-85\/","name":"I-85 Truck Accident Lawyer in Duluth | Free Consultation","isPartOf":{"@id":"https:\/\/slamdunkattorney.com\/#website"},"datePublished":"2025-04-02T12:56:54+00:00","dateModified":"2025-04-02T15:35:39+00:00","description":"You need a Duluth I-85 truck accident lawyer to help you fight for maximum compensation for costs related to your accident. 24\/7 help.","breadcrumb":{"@id":"https:\/\/slamdunkattorney.com\/duluth\/truck-accident-lawyer\/i-85\/#breadcrumb"},"inLanguage":"es","potentialAction":[{"@type":"ReadAction","target":["https:\/\/slamdunkattorney.com\/duluth\/truck-accident-lawyer\/i-85\/"]}]},{"@type":"BreadcrumbList","@id":"https:\/\/slamdunkattorney.com\/duluth\/truck-accident-lawyer\/i-85\/#breadcrumb","itemListElement":[{"@type":"ListItem","position":1,"name":"Home","item":"https:\/\/slamdunkattorney.com\/"},{"@type":"ListItem","position":2,"name":"Duluth, GA Personal Injury Lawyer","item":"https:\/\/slamdunkattorney.com\/"},{"@type":"ListItem","position":3,"name":"Duluth Truck Accident Lawyer","item":"https:\/\/slamdunkattorney.com\/duluth\/truck-accident-lawyer\/"},{"@type":"ListItem","position":4,"name":"I-85 Truck Accident"}]},{"@type":"WebSite","@id":"https:\/\/slamdunkattorney.com\/#website","url":"https:\/\/slamdunkattorney.com\/","name":"Abogado experto en lesiones | Abogados especializados en lesiones","description":"Abogados de lesiones personales en Duluth","publisher":{"@id":"https:\/\/slamdunkattorney.com\/#organization"},"alternateName":"Slam Dunk Attorney","inLanguage":"es"},{"@type":"Organization","@id":"https:\/\/slamdunkattorney.com\/#organization","name":"Abogado Slam Dunk","alternateName":"Slam Dunk","url":"https:\/\/slamdunkattorney.com\/","logo":{"@type":"ImageObject","inLanguage":"es","@id":"https:\/\/slamdunkattorney.com\/#\/schema\/logo\/image\/","url":"https:\/\/slamdunkattorney.com\/wp-content\/uploads\/2023\/05\/cropped-Logo.png","contentUrl":"https:\/\/slamdunkattorney.com\/wp-content\/uploads\/2023\/05\/cropped-Logo.png","width":1080,"height":240,"caption":"Slam Dunk Attorney"},"image":{"@id":"https:\/\/slamdunkattorney.com\/#\/schema\/logo\/image\/"},"sameAs":["https:\/\/www.facebook.com\/slamdunkattorneyinjurylawyers\/","https:\/\/x.com\/slamdunkattorney","https:\/\/www.instagram.com\/slamdunkattorney\/","https:\/\/www.youtube.com\/channel\/UCSrOiC7vOjlCi3UgtIVGNtw","https:\/\/www.linkedin.com\/company\/slamdunkattorneyinjurylawyers"]}]}},"yoast_meta":{"yoast_wpseo_title":"","yoast_wpseo_metadesc":"","yoast_wpseo_canonical":"https:\/\/slamdunkattorney.com\/es\/wp-json\/wp\/v2\/pages\/19946"},"_links":{"self":[{"href":"https:\/\/slamdunkattorney.com\/es\/wp-json\/wp\/v2\/pages\/19946","targetHints":{"allow":["GET"]}}],"collection":[{"href":"https:\/\/slamdunkattorney.com\/es\/wp-json\/wp\/v2\/pages"}],"about":[{"href":"https:\/\/slamdunkattorney.com\/es\/wp-json\/wp\/v2\/types\/page"}],"author":[{"embeddable":true,"href":"https:\/\/slamdunkattorney.com\/es\/wp-json\/wp\/v2\/users\/2"}],"replies":[{"embeddable":true,"href":"https:\/\/slamdunkattorney.com\/es\/wp-json\/wp\/v2\/comments?post=19946"}],"version-history":[{"count":0,"href":"https:\/\/slamdunkattorney.com\/es\/wp-json\/wp\/v2\/pages\/19946\/revisions"}],"up":[{"embeddable":true,"href":"https:\/\/slamdunkattorney.com\/es\/wp-json\/wp\/v2\/pages\/47"}],"wp:attachment":[{"href":"https:\/\/slamdunkattorney.com\/es\/wp-json\/wp\/v2\/media?parent=19946"}],"wp:term":[{"taxonomy":"extra-categories","embeddable":true,"href":"https:\/\/slamdunkattorney.com\/es\/wp-json\/wp\/v2\/extra-categories?post=19946"},{"taxonomy":"hc_faqs","embeddable":true,"href":"https:\/\/slamdunkattorney.com\/es\/wp-json\/wp\/v2\/hc_faqs?post=19946"}],"curies":[{"name":"wp","href":"https:\/\/api.w.org\/{rel}","templated":true}]}}