{"id":19945,"date":"2025-04-02T12:53:08","date_gmt":"2025-04-02T12:53:08","guid":{"rendered":"https:\/\/slamdunk.wpenginepowered.com\/?page_id=19945"},"modified":"2025-06-03T07:27:55","modified_gmt":"2025-06-03T07:27:55","slug":"duluth-car-accident-lawyer-texting-while-driving-accident","status":"publish","type":"page","link":"https:\/\/slamdunkattorney.com\/es\/duluth\/car-accident-lawyer\/texting-while-driving-accident\/","title":{"rendered":"Abogado especializado en accidentes por enviar mensajes de texto mientras se conduce en Duluth"},"content":{"rendered":"<p><span style=\"font-weight: 400;\">Un simple mensaje de texto puede cambiar la vida de otra persona en la carretera y, sin embargo, cada a\u00f1o se producen miles de accidentes como consecuencia de causas que se podr\u00edan evitar. Como v\u00edctima de uno de estos accidentes, usted est\u00e1 enojado y abrumado por lo mucho que ha cambiado su vida. En Slam Dunk Attorney, nuestro abogado especializado en accidentes por enviar mensajes de texto mientras se conduce en Duluth puede ayudarle.<\/span><\/p>\n<p><span style=\"font-weight: 400;\">Tenemos <\/span><b>d\u00e9cadas de experiencia combinada <\/b><span style=\"font-weight: 400;\">en el que puede confiar. Llame a nuestro <\/span><a href=\"https:\/\/slamdunkattorney.com\/es\/duluth\/car-accident-lawyer\/\"><span style=\"font-weight: 400;\">Abogado especializado en accidentes automovil\u00edsticos en Duluth<\/span><\/a><span style=\"font-weight: 400;\"> Ahora. Ofrecemos consultas gratuitas para v\u00edctimas de lesiones.<\/span><\/p>\n<h2><span style=\"font-weight: 400;\">\u00bfPor qu\u00e9 se env\u00eda mensajes de texto mientras se conduce?<\/span><\/h2>\n<p><span style=\"font-weight: 400;\">Enviar mensajes de texto mientras se conduce no es algo que solo hagan los adolescentes por su inexperiencia. En muchos sentidos, otros conductores cometen los mismos errores, creyendo que pueden apartar la vista de la carretera por un momento. Considere las siguientes causas de accidentes por distracciones al volante como este:<\/span><\/p>\n<ul>\n<li style=\"font-weight: 400;\" aria-level=\"1\"><span style=\"font-weight: 400;\">Una persona recibe un mensaje de texto y mira su tel\u00e9fono. Podr\u00eda ser del trabajo, una emergencia o una actualizaci\u00f3n importante.<\/span><\/li>\n<li style=\"font-weight: 400;\" aria-level=\"1\"><span style=\"font-weight: 400;\">Reciben una notificaci\u00f3n por mensaje de texto en el centro de infoentretenimiento del veh\u00edculo. Apartan la vista de la carretera para pulsar un bot\u00f3n y leer lo que dice.<\/span><\/li>\n<li style=\"font-weight: 400;\" aria-level=\"1\"><span style=\"font-weight: 400;\">Un empleado recibe un mensaje de texto con una actualizaci\u00f3n relacionada con el trabajo y mira su reloj mientras conduce para leer lo que dice.<\/span><\/li>\n<\/ul>\n<p><span style=\"font-weight: 400;\">En cualquier situaci\u00f3n, estas circunstancias hacen que la persona aparte la vista de la carretera durante un tiempo suficiente como para provocar lesiones graves. Cuando una persona aparta la vista de la carretera solo cinco segundos para mirar un mensaje de texto de cualquier tipo mientras conduce a 90 km\/h, es exactamente lo mismo que conducir con los ojos cerrados durante la longitud de un campo de f\u00fatbol. Si usted es la v\u00edctima, deje que nuestro <\/span><a href=\"https:\/\/slamdunkattorney.com\/es\/\"><span style=\"font-weight: 400;\">Abogado especializado en lesiones personales en Duluth<\/span><\/a><span style=\"font-weight: 400;\"> guiarte para que los responsables rindan cuentas.<\/span><\/p>\n\n<div class=\"cta-container row align-items-center\">\n    <div class=\"col-md-7\">\n        <p class=\"cta-text rs-content-cta\">Orgullosos de servir a Duluth y a todo Georgia <span>\u00a1Cont\u00e1ctenos para comenzar su recuperaci\u00f3n!<\/span> <a href=\"https:\/\/slamdunkattorney.com\/es\/\">Explore nuestras \u00e1reas de pr\u00e1ctica<\/a><\/p>\n    <\/div>\n    <div class=\"col-md-5\">\n        <img decoding=\"async\" src=\"https:\/\/slamdunkattorney.com\/wp-content\/themes\/slam-dunk-rebuild\/assets\/app\/img\/map-cta.jpg\" alt=\"Legal Consultation\" class=\"img-fluid\"\/>\n    <\/div>\n<\/div><h2><span style=\"font-weight: 400;\">Conducir distra\u00eddo causa lesiones graves y p\u00e9rdidas<\/span><\/h2>\n<p><span style=\"font-weight: 400;\">Las v\u00edctimas de accidentes causados por enviar mensajes de texto mientras se conduce a menudo se enfrentan a una devastaci\u00f3n continua. Seg\u00fan la Administraci\u00f3n Nacional de Seguridad Vial en Carreteras, en 2022, estos accidentes provocaron la muerte de 3308 personas. <\/span><a href=\"https:\/\/www.nhtsa.gov\/risky-driving\/distracted-driving\" target=\"_blank\" rel=\"noopener\"><span style=\"font-weight: 400;\">Peligros y estad\u00edsticas de la conducci\u00f3n distra\u00edda<\/span><\/a><span style=\"font-weight: 400;\">. Para miles de personas, las lesiones graves incluyen:<\/span><\/p>\n<ul>\n<li style=\"font-weight: 400;\" aria-level=\"1\"><span style=\"font-weight: 400;\">Lesiones de la m\u00e9dula espinal que provocan par\u00e1lisis.<\/span><\/li>\n<li style=\"font-weight: 400;\" aria-level=\"1\"><span style=\"font-weight: 400;\">Huesos rotos y fracturas complejas<\/span><\/li>\n<li style=\"font-weight: 400;\" aria-level=\"1\"><span style=\"font-weight: 400;\">Lesiones en la cabeza, incluyendo conmociones cerebrales y lesiones cerebrales traum\u00e1ticas (TBI).<\/span><\/li>\n<li style=\"font-weight: 400;\" aria-level=\"1\"><span style=\"font-weight: 400;\">Lesiones en \u00f3rganos internos<\/span><\/li>\n<li style=\"font-weight: 400;\" aria-level=\"1\"><span style=\"font-weight: 400;\">Desfiguraci\u00f3n<\/span><\/li>\n<li style=\"font-weight: 400;\" aria-level=\"1\"><span style=\"font-weight: 400;\">Discapacidad permanente<\/span><\/li>\n<li style=\"font-weight: 400;\" aria-level=\"1\"><span style=\"font-weight: 400;\">Trauma emocional<\/span><\/li>\n<\/ul>\n<p><span style=\"font-weight: 400;\">La devastaci\u00f3n y la incertidumbre que sientes como v\u00edctima son dif\u00edciles de comprender, pero para nosotros... <\/span><b>Abogado especializado en accidentes por enviar mensajes de texto mientras se conduce en Duluth<\/b><span style=\"font-weight: 400;\">, Es algo con lo que hemos lidiado muchas veces. Ayudamos a las v\u00edctimas a hacer responsables a las compa\u00f1\u00edas de seguros y a las partes culpables. Podemos ayudarle de la misma manera.<\/span><\/p>\n\n<div class=\"cta-container map-bg row align-items-center flex-md-row-reverse\">\n    <div class=\"col-md-6\">\n        <p class=\"cta-text rs-content-cta\">Abogado especializado en accidentes por enviar mensajes de texto mientras se conduce cerca de m\u00ed en Duluth <a href=\"tel:+14049513513\">404-951-3513<\/a><\/p>\n    <\/div>\n    <div class=\"col-md-6 col-bg\">\n    <\/div>\n<\/div><h2><span style=\"font-weight: 400;\">C\u00f3mo demostramos que una persona estaba enviando mensajes de texto mientras conduc\u00eda<\/span><\/h2>\n<p><span style=\"font-weight: 400;\">Hay algunas situaciones en las que un conductor admite haber enviado mensajes de texto mientras conduc\u00eda y lo comunica a la polic\u00eda en el lugar del accidente. La mayor\u00eda de las veces, la gente sabe que no debe hacerlo porque es una indicaci\u00f3n directa de culpabilidad. Sin embargo, hay estrategias que nuestro abogado especializado en accidentes por enviar mensajes de texto mientras se conduce en Duluth puede utilizar para averiguar lo que realmente ocurri\u00f3 al volante.<\/span><\/p>\n<ul>\n<li style=\"font-weight: 400;\" aria-level=\"1\"><span style=\"font-weight: 400;\">Podemos solicitar los registros telef\u00f3nicos. Si cree que la otra persona estaba enviando mensajes de texto, es posible obtener los registros telef\u00f3nicos para saber qu\u00e9 estaba sucediendo en ese momento.<\/span><\/li>\n<li style=\"font-weight: 400;\" aria-level=\"1\"><span style=\"font-weight: 400;\">Los testigos que se encontraban en el autom\u00f3vil o en otro lugar pueden haber visto lo ocurrido y pueden dar fe de ello cuando se les pregunte al respecto.<\/span><\/li>\n<li style=\"font-weight: 400;\" aria-level=\"1\"><span style=\"font-weight: 400;\">Los conductores comerciales que env\u00edan mensajes de texto mientras conducen pueden tener un registro del veh\u00edculo que puede proporcionar informaci\u00f3n sobre lo que estaba haciendo el conductor.<\/span><\/li>\n<li style=\"font-weight: 400;\" aria-level=\"1\"><span style=\"font-weight: 400;\">Los sistemas de navegaci\u00f3n y la tecnolog\u00eda a bordo pueden tener un registro similar que aclare lo que ocurri\u00f3.<\/span><\/li>\n<\/ul>\n<p><span style=\"font-weight: 400;\">Si los datos est\u00e1n ah\u00ed, puede estar seguro de que nuestros abogados los encontrar\u00e1n para demostrar que la otra parte fue responsable. Es m\u00e1s, podemos utilizar herramientas de reconstrucci\u00f3n de accidentes para verificar esa informaci\u00f3n. Cuando est\u00e9 seguro de que estaban enviando mensajes de texto, deje que Slam Dunk Attorney le ayude a demostrarlo.<\/span><\/p>\n\n<div class=\"cta-container row align-items-center\">\n    <div class=\"col-md-7\">\n        <p class=\"cta-text rs-content-cta\"><a class=\"no-btn\" href=\"https:\/\/slamdunkattorney.com\/es\/contact-us\/\">Haga clic para contactar<\/a> nuestros abogados especializados en accidentes automovil\u00edsticos en Duluth hoy mismo<\/p>\n    <\/div>\n    <div class=\"col-md-5\">\n        <img decoding=\"async\" src=\"https:\/\/slamdunkattorney.com\/wp-content\/themes\/slam-dunk-rebuild\/assets\/app\/img\/map-cta.jpg\" alt=\"Contact Us\" class=\"img-fluid\"\/>\n    <\/div>\n<\/div><h2><span style=\"font-weight: 400;\">Cu\u00e1nto puede valer su caso<\/span><\/h2>\n<p><span style=\"font-weight: 400;\">Si usted result\u00f3 lesionado en un accidente grave con un conductor que estaba enviando mensajes de texto, puede tener derecho a reclamar una compensaci\u00f3n econ\u00f3mica por cualquiera de las p\u00e9rdidas que haya sufrido, incluidas las m\u00e9dicas, emocionales y econ\u00f3micas. Nuestro equipo legal puede ayudarle a determinar cu\u00e1les pueden ser sus p\u00e9rdidas examinando todos los aspectos de su caso para comprender claramente el impacto que ha tenido en su vida. Algunos ejemplos de p\u00e9rdidas que puede recuperar en un caso de lesiones personales por conducci\u00f3n distra\u00edda incluyen:<\/span><\/p>\n<ul>\n<li style=\"font-weight: 400;\" aria-level=\"1\"><span style=\"font-weight: 400;\">Facturas m\u00e9dicas por atenci\u00f3n de urgencia<\/span><\/li>\n<li style=\"font-weight: 400;\" aria-level=\"1\"><span style=\"font-weight: 400;\">Gastos m\u00e9dicos continuos para la rehabilitaci\u00f3n y recuperaci\u00f3n.<\/span><\/li>\n<li style=\"font-weight: 400;\" aria-level=\"1\"><span style=\"font-weight: 400;\">Salarios perdidos por horas no trabajadas<\/span><\/li>\n<li style=\"font-weight: 400;\" aria-level=\"1\"><span style=\"font-weight: 400;\">Da\u00f1os materiales para reparar o reemplazar su autom\u00f3vil.<\/span><\/li>\n<li style=\"font-weight: 400;\" aria-level=\"1\"><span style=\"font-weight: 400;\">P\u00e9rdidas relacionadas con el sufrimiento mental por trastorno de estr\u00e9s postraum\u00e1tico o ansiedad.<\/span><\/li>\n<li style=\"font-weight: 400;\" aria-level=\"1\"><span style=\"font-weight: 400;\">Dolor y sufrimiento<\/span><\/li>\n<\/ul>\n<p><span style=\"font-weight: 400;\">Las personas que han sufrido lesiones graves, incluyendo p\u00e9rdidas catastr\u00f3ficas como la p\u00e9rdida de extremidades, par\u00e1lisis o p\u00e9rdida de la visi\u00f3n, pueden necesitar asesoramiento legal adicional para ayudarlas durante su recuperaci\u00f3n o para satisfacer sus necesidades continuas.<\/span><\/p>\n<p><span style=\"font-weight: 400;\">Nuestro equipo legal tiene experiencia trabajando con v\u00edctimas que han sufrido este tipo de p\u00e9rdidas y...<\/span><b>o merecen recibir una compensaci\u00f3n completa y justa <\/b><span style=\"font-weight: 400;\">despu\u00e9s de un accidente como este. No llegue a un acuerdo con la compa\u00f1\u00eda de seguros por menos de lo que cree que le corresponde hasta que hable con nuestro abogado especializado en accidentes por enviar mensajes de texto mientras se conduce en Duluth.<\/span><\/p>\n<h3><span style=\"font-weight: 400;\">Ayudamos a las familias que han perdido a un ser querido en accidentes causados por enviar mensajes de texto mientras se conduce.<\/span><\/h3>\n<p><span style=\"font-weight: 400;\">Para aquellas v\u00edctimas que pierden la vida, dejando a sus familiares luchando durante d\u00e9cadas por recuperarse, podemos ofrecer orientaci\u00f3n y representaci\u00f3n legal mientras se tramita un caso por muerte por negligencia. Con d\u00e9cadas de experiencia ayudando a v\u00edctimas en estas situaciones tan dif\u00edciles, puede contar con que nuestro equipo le ayudar\u00e1 a evaluar qui\u00e9n es el responsable, todas las p\u00e9rdidas que est\u00e1 sufriendo su familia y qu\u00e9 se puede hacer para obtener justicia para su ser querido.\u00a0<\/span><\/p>\n<p><span style=\"font-weight: 400;\">Le animamos a que configure un<\/span><b> consulta gratuita y sin compromiso<\/b><span style=\"font-weight: 400;\"> con nuestro <\/span><a href=\"https:\/\/slamdunkattorney.com\/es\/duluth\/wrongful-death-lawyer\/\"><span style=\"font-weight: 400;\">Abogado especializado en muerte por negligencia en Duluth<\/span><\/a><span style=\"font-weight: 400;\"> si usted es un familiar cercano o el representante del patrimonio de la persona, para que podamos orientarle.<\/span><\/p>\n\n<div class=\"cta-container map-bg row align-items-center flex-md-row-reverse\">\n    <div class=\"col-md-6\">\n        <p class=\"cta-text rs-content-cta\">Completa un <a href=\"https:\/\/slamdunkattorney.com\/es\/contact-us\/\">Formulario de evaluaci\u00f3n gratuita de su caso<\/a> ahora<\/p>\n    <\/div>\n    <div class=\"col-md-6 col-bg\">\n    <\/div>\n<\/div><h2><span style=\"font-weight: 400;\">Programe ahora una consulta gratuita con un abogado especializado en accidentes por enviar mensajes de texto mientras se conduce en Duluth.<\/span><\/h2>\n<p><span style=\"font-weight: 400;\">Tu futuro ha cambiado por los errores de otras personas, y nuestro equipo legal de Slam Dunk Attorney te ofrece los recursos que necesitas para recuperarte.\u00a0<\/span><\/p>\n<p><span style=\"font-weight: 400;\">Concierte una consulta gratuita y deje que nuestro <\/span><b>Abogado especializado en accidentes por enviar mensajes de texto mientras se conduce en Duluth<\/b><span style=\"font-weight: 400;\"> comenzar a trabajar en su caso. Siempre brindamos servicios legales intencionales y con un prop\u00f3sito definido a nuestros clientes.<\/span><\/p>\n\n<div class=\"cta-container row align-items-center\">\n    <div class=\"col-md-7\">\n        <p class=\"cta-text rs-content-cta\">Llame o env\u00ede un mensaje de texto <a class=\"no-btn\" href=\"tel:+14049513513\">404-951-3513<\/a> o completar un <a href=\"https:\/\/slamdunkattorney.com\/es\/contact-us\/\">Formulario de evaluaci\u00f3n gratuita de su caso<\/a><\/p>\n    <\/div>\n    <div class=\"col-md-5\">\n        <img decoding=\"async\" src=\"https:\/\/slamdunkattorney.com\/wp-content\/themes\/slam-dunk-rebuild\/assets\/app\/img\/map-cta.jpg\" alt=\"Call or Text\" class=\"img-fluid\"\/>\n    <\/div>\n<\/div>","protected":false},"excerpt":{"rendered":"<p>A simple text message can change the life of another person on the road, and yet, each year, thousands of accidents occur as the result of such preventable reasons. As a victim of such an accident, you are angry and overwhelmed with how much your life has changed. At Slam Dunk Attorney, our Duluth texting &#8230;<\/p>","protected":false},"author":2,"featured_media":0,"parent":37,"menu_order":0,"comment_status":"closed","ping_status":"closed","template":"","meta":{"_acf_changed":false,"_genesis_hide_title":false,"_genesis_hide_breadcrumbs":false,"_genesis_hide_singular_image":false,"_genesis_hide_footer_widgets":false,"_genesis_custom_body_class":"","_genesis_custom_post_class":"","_genesis_layout":"","ngg_post_thumbnail":0,"footnotes":""},"extra-categories":[],"hc_faqs":[],"class_list":{"0":"post-19945","1":"page","2":"type-page","3":"status-publish","5":"hc_city_location-duluth","6":"entry"},"acf":[],"yoast_head":"<!-- This site is optimized with the Yoast SEO plugin v27.3 - https:\/\/yoast.com\/product\/yoast-seo-wordpress\/ -->\n<title>Texting While Driving Accident Lawyer in Duluth | Call 24\/7<\/title>\n<meta name=\"description\" content=\"You need a Duluth texting while driving accident lawyer to help you fight for maximum compensation for costs related to your accident.\" \/>\n<meta name=\"robots\" content=\"index, follow, max-snippet:-1, max-image-preview:large, max-video-preview:-1\" \/>\n<link rel=\"canonical\" href=\"https:\/\/slamdunkattorney.com\/es\/duluth\/car-accident-lawyer\/texting-while-driving-accident\/\" \/>\n<meta property=\"og:locale\" content=\"es_MX\" \/>\n<meta property=\"og:type\" content=\"article\" \/>\n<meta property=\"og:title\" content=\"Texting While Driving Accident Lawyer in Duluth | Call 24\/7\" \/>\n<meta property=\"og:description\" content=\"You need a Duluth texting while driving accident lawyer to help you fight for maximum compensation for costs related to your accident.\" \/>\n<meta property=\"og:url\" content=\"https:\/\/slamdunkattorney.com\/es\/duluth\/car-accident-lawyer\/texting-while-driving-accident\/\" \/>\n<meta property=\"og:site_name\" content=\"Slam Dunk Attorney | Injury Lawyers\" \/>\n<meta property=\"article:publisher\" content=\"https:\/\/www.facebook.com\/slamdunkattorneyinjurylawyers\/\" \/>\n<meta property=\"article:modified_time\" content=\"2025-06-03T07:27:55+00:00\" \/>\n<meta property=\"og:image\" content=\"https:\/\/slamdunkattorney.com\/wp-content\/uploads\/2023\/05\/cropped-Logo.png\" \/>\n\t<meta property=\"og:image:width\" content=\"1080\" \/>\n\t<meta property=\"og:image:height\" content=\"240\" \/>\n\t<meta property=\"og:image:type\" content=\"image\/png\" \/>\n<meta name=\"twitter:card\" content=\"summary_large_image\" \/>\n<meta name=\"twitter:site\" content=\"@slamdunkattorney\" \/>\n<meta name=\"twitter:label1\" content=\"Est. reading time\" \/>\n\t<meta name=\"twitter:data1\" content=\"5 minutos\" \/>\n<script type=\"application\/ld+json\" class=\"yoast-schema-graph\">{\"@context\":\"https:\\\/\\\/schema.org\",\"@graph\":[{\"@type\":\"WebPage\",\"@id\":\"https:\\\/\\\/slamdunkattorney.com\\\/duluth\\\/car-accident-lawyer\\\/texting-while-driving-accident\\\/\",\"url\":\"https:\\\/\\\/slamdunkattorney.com\\\/duluth\\\/car-accident-lawyer\\\/texting-while-driving-accident\\\/\",\"name\":\"Texting While Driving Accident Lawyer in Duluth | Call 24\\\/7\",\"isPartOf\":{\"@id\":\"https:\\\/\\\/slamdunkattorney.com\\\/#website\"},\"datePublished\":\"2025-04-02T12:53:08+00:00\",\"dateModified\":\"2025-06-03T07:27:55+00:00\",\"description\":\"You need a Duluth texting while driving accident lawyer to help you fight for maximum compensation for costs related to your accident.\",\"breadcrumb\":{\"@id\":\"https:\\\/\\\/slamdunkattorney.com\\\/duluth\\\/car-accident-lawyer\\\/texting-while-driving-accident\\\/#breadcrumb\"},\"inLanguage\":\"es\",\"potentialAction\":[{\"@type\":\"ReadAction\",\"target\":[\"https:\\\/\\\/slamdunkattorney.com\\\/duluth\\\/car-accident-lawyer\\\/texting-while-driving-accident\\\/\"]}]},{\"@type\":\"BreadcrumbList\",\"@id\":\"https:\\\/\\\/slamdunkattorney.com\\\/duluth\\\/car-accident-lawyer\\\/texting-while-driving-accident\\\/#breadcrumb\",\"itemListElement\":[{\"@type\":\"ListItem\",\"position\":1,\"name\":\"Home\",\"item\":\"https:\\\/\\\/slamdunkattorney.com\\\/\"},{\"@type\":\"ListItem\",\"position\":2,\"name\":\"Duluth, GA Personal Injury Lawyer\",\"item\":\"https:\\\/\\\/slamdunkattorney.com\\\/\"},{\"@type\":\"ListItem\",\"position\":3,\"name\":\"Duluth Car Accident Lawyer\",\"item\":\"https:\\\/\\\/slamdunkattorney.com\\\/duluth\\\/car-accident-lawyer\\\/\"},{\"@type\":\"ListItem\",\"position\":4,\"name\":\"Texting While Driving Accident\"}]},{\"@type\":\"WebSite\",\"@id\":\"https:\\\/\\\/slamdunkattorney.com\\\/#website\",\"url\":\"https:\\\/\\\/slamdunkattorney.com\\\/\",\"name\":\"Slam Dunk Attorney | Injury Lawyers\",\"description\":\"Duluth Personal Injury Lawyers\",\"publisher\":{\"@id\":\"https:\\\/\\\/slamdunkattorney.com\\\/#organization\"},\"alternateName\":\"Slam Dunk Attorney\",\"inLanguage\":\"es\"},{\"@type\":\"Organization\",\"@id\":\"https:\\\/\\\/slamdunkattorney.com\\\/#organization\",\"name\":\"Slam Dunk Attorney\",\"alternateName\":\"Slam Dunk\",\"url\":\"https:\\\/\\\/slamdunkattorney.com\\\/\",\"logo\":{\"@type\":\"ImageObject\",\"inLanguage\":\"es\",\"@id\":\"https:\\\/\\\/slamdunkattorney.com\\\/#\\\/schema\\\/logo\\\/image\\\/\",\"url\":\"https:\\\/\\\/slamdunkattorney.com\\\/wp-content\\\/uploads\\\/2023\\\/05\\\/cropped-Logo.png\",\"contentUrl\":\"https:\\\/\\\/slamdunkattorney.com\\\/wp-content\\\/uploads\\\/2023\\\/05\\\/cropped-Logo.png\",\"width\":1080,\"height\":240,\"caption\":\"Slam Dunk Attorney\"},\"image\":{\"@id\":\"https:\\\/\\\/slamdunkattorney.com\\\/#\\\/schema\\\/logo\\\/image\\\/\"},\"sameAs\":[\"https:\\\/\\\/www.facebook.com\\\/slamdunkattorneyinjurylawyers\\\/\",\"https:\\\/\\\/x.com\\\/slamdunkattorney\",\"https:\\\/\\\/www.instagram.com\\\/slamdunkattorney\\\/\",\"https:\\\/\\\/www.youtube.com\\\/channel\\\/UCSrOiC7vOjlCi3UgtIVGNtw\",\"https:\\\/\\\/www.linkedin.com\\\/company\\\/slamdunkattorneyinjurylawyers\"]}]}<\/script>\n<!-- \/ Yoast SEO plugin. -->","yoast_head_json":{"title":"Texting While Driving Accident Lawyer in Duluth | Call 24\/7","description":"You need a Duluth texting while driving accident lawyer to help you fight for maximum compensation for costs related to your accident.","robots":{"index":"index","follow":"follow","max-snippet":"max-snippet:-1","max-image-preview":"max-image-preview:large","max-video-preview":"max-video-preview:-1"},"canonical":"https:\/\/slamdunkattorney.com\/es\/duluth\/car-accident-lawyer\/texting-while-driving-accident\/","og_locale":"es_MX","og_type":"article","og_title":"Texting While Driving Accident Lawyer in Duluth | Call 24\/7","og_description":"You need a Duluth texting while driving accident lawyer to help you fight for maximum compensation for costs related to your accident.","og_url":"https:\/\/slamdunkattorney.com\/es\/duluth\/car-accident-lawyer\/texting-while-driving-accident\/","og_site_name":"Slam Dunk Attorney | Injury Lawyers","article_publisher":"https:\/\/www.facebook.com\/slamdunkattorneyinjurylawyers\/","article_modified_time":"2025-06-03T07:27:55+00:00","og_image":[{"width":1080,"height":240,"url":"https:\/\/slamdunkattorney.com\/wp-content\/uploads\/2023\/05\/cropped-Logo.png","type":"image\/png"}],"twitter_card":"summary_large_image","twitter_site":"@slamdunkattorney","twitter_misc":{"Est. reading time":"5 minutos"},"schema":{"@context":"https:\/\/schema.org","@graph":[{"@type":"WebPage","@id":"https:\/\/slamdunkattorney.com\/duluth\/car-accident-lawyer\/texting-while-driving-accident\/","url":"https:\/\/slamdunkattorney.com\/duluth\/car-accident-lawyer\/texting-while-driving-accident\/","name":"Texting While Driving Accident Lawyer in Duluth | Call 24\/7","isPartOf":{"@id":"https:\/\/slamdunkattorney.com\/#website"},"datePublished":"2025-04-02T12:53:08+00:00","dateModified":"2025-06-03T07:27:55+00:00","description":"You need a Duluth texting while driving accident lawyer to help you fight for maximum compensation for costs related to your accident.","breadcrumb":{"@id":"https:\/\/slamdunkattorney.com\/duluth\/car-accident-lawyer\/texting-while-driving-accident\/#breadcrumb"},"inLanguage":"es","potentialAction":[{"@type":"ReadAction","target":["https:\/\/slamdunkattorney.com\/duluth\/car-accident-lawyer\/texting-while-driving-accident\/"]}]},{"@type":"BreadcrumbList","@id":"https:\/\/slamdunkattorney.com\/duluth\/car-accident-lawyer\/texting-while-driving-accident\/#breadcrumb","itemListElement":[{"@type":"ListItem","position":1,"name":"Home","item":"https:\/\/slamdunkattorney.com\/"},{"@type":"ListItem","position":2,"name":"Duluth, GA Personal Injury Lawyer","item":"https:\/\/slamdunkattorney.com\/"},{"@type":"ListItem","position":3,"name":"Duluth Car Accident Lawyer","item":"https:\/\/slamdunkattorney.com\/duluth\/car-accident-lawyer\/"},{"@type":"ListItem","position":4,"name":"Texting While Driving Accident"}]},{"@type":"WebSite","@id":"https:\/\/slamdunkattorney.com\/#website","url":"https:\/\/slamdunkattorney.com\/","name":"Abogado experto en lesiones | Abogados especializados en lesiones","description":"Abogados de lesiones personales en Duluth","publisher":{"@id":"https:\/\/slamdunkattorney.com\/#organization"},"alternateName":"Slam Dunk Attorney","inLanguage":"es"},{"@type":"Organization","@id":"https:\/\/slamdunkattorney.com\/#organization","name":"Abogado Slam Dunk","alternateName":"Slam Dunk","url":"https:\/\/slamdunkattorney.com\/","logo":{"@type":"ImageObject","inLanguage":"es","@id":"https:\/\/slamdunkattorney.com\/#\/schema\/logo\/image\/","url":"https:\/\/slamdunkattorney.com\/wp-content\/uploads\/2023\/05\/cropped-Logo.png","contentUrl":"https:\/\/slamdunkattorney.com\/wp-content\/uploads\/2023\/05\/cropped-Logo.png","width":1080,"height":240,"caption":"Slam Dunk Attorney"},"image":{"@id":"https:\/\/slamdunkattorney.com\/#\/schema\/logo\/image\/"},"sameAs":["https:\/\/www.facebook.com\/slamdunkattorneyinjurylawyers\/","https:\/\/x.com\/slamdunkattorney","https:\/\/www.instagram.com\/slamdunkattorney\/","https:\/\/www.youtube.com\/channel\/UCSrOiC7vOjlCi3UgtIVGNtw","https:\/\/www.linkedin.com\/company\/slamdunkattorneyinjurylawyers"]}]}},"yoast_meta":{"yoast_wpseo_title":"","yoast_wpseo_metadesc":"","yoast_wpseo_canonical":"https:\/\/slamdunkattorney.com\/es\/wp-json\/wp\/v2\/pages\/19945"},"_links":{"self":[{"href":"https:\/\/slamdunkattorney.com\/es\/wp-json\/wp\/v2\/pages\/19945","targetHints":{"allow":["GET"]}}],"collection":[{"href":"https:\/\/slamdunkattorney.com\/es\/wp-json\/wp\/v2\/pages"}],"about":[{"href":"https:\/\/slamdunkattorney.com\/es\/wp-json\/wp\/v2\/types\/page"}],"author":[{"embeddable":true,"href":"https:\/\/slamdunkattorney.com\/es\/wp-json\/wp\/v2\/users\/2"}],"replies":[{"embeddable":true,"href":"https:\/\/slamdunkattorney.com\/es\/wp-json\/wp\/v2\/comments?post=19945"}],"version-history":[{"count":0,"href":"https:\/\/slamdunkattorney.com\/es\/wp-json\/wp\/v2\/pages\/19945\/revisions"}],"up":[{"embeddable":true,"href":"https:\/\/slamdunkattorney.com\/es\/wp-json\/wp\/v2\/pages\/37"}],"wp:attachment":[{"href":"https:\/\/slamdunkattorney.com\/es\/wp-json\/wp\/v2\/media?parent=19945"}],"wp:term":[{"taxonomy":"extra-categories","embeddable":true,"href":"https:\/\/slamdunkattorney.com\/es\/wp-json\/wp\/v2\/extra-categories?post=19945"},{"taxonomy":"hc_faqs","embeddable":true,"href":"https:\/\/slamdunkattorney.com\/es\/wp-json\/wp\/v2\/hc_faqs?post=19945"}],"curies":[{"name":"wp","href":"https:\/\/api.w.org\/{rel}","templated":true}]}}