{"id":19664,"date":"2025-03-31T17:42:08","date_gmt":"2025-03-31T17:42:08","guid":{"rendered":"https:\/\/slamdunk.wpenginepowered.com\/?page_id=19664"},"modified":"2025-03-31T18:10:56","modified_gmt":"2025-03-31T18:10:56","slug":"duluth-truck-accident-lawyer-usps","status":"publish","type":"page","link":"https:\/\/slamdunkattorney.com\/es\/duluth\/truck-accident-lawyer\/usps\/","title":{"rendered":"Abogado especializado en accidentes de camiones del Servicio Postal de los Estados Unidos (USPS) en Duluth"},"content":{"rendered":"<p><span style=\"font-weight: 400;\">Un accidente con un cami\u00f3n del Servicio Postal de los Estados Unidos (USPS) tiene consecuencias duraderas para usted y su familia. Haga que las partes responsables de su accidente rindan cuentas por sus acciones. As\u00f3ciese con un abogado especializado en accidentes con camiones del USPS en Duluth que pueda guiarlo a trav\u00e9s del proceso de recuperaci\u00f3n y ayudarlo a obtener la m\u00e1xima indemnizaci\u00f3n por sus p\u00e9rdidas.\u00a0<\/span><\/p>\n<p><span style=\"font-weight: 400;\">Slam Dunk Attorney se compromete a buscar justicia para las personas que han resultado heridas en colisiones con camiones de USPS. Conf\u00ede en un <\/span><a href=\"https:\/\/slamdunkattorney.com\/es\/duluth\/truck-accident-lawyer\/\"><span style=\"font-weight: 400;\">Abogado especializado en accidentes de camiones en Duluth<\/span><\/a><span style=\"font-weight: 400;\"> de nuestro equipo para mantenernos en contacto con usted al menos una vez a la semana durante todo el proceso legal y ponerle en condiciones de lograr el resultado deseado en su caso. <\/span><b>Solicite una consulta gratuita sobre su caso con nosotros.\u00a0<\/b><\/p>\n<h2><span style=\"font-weight: 400;\">\u00bfQui\u00e9n puede ser responsable de un accidente de cami\u00f3n del Servicio Postal de los Estados Unidos (USPS)?<\/span><\/h2>\n<p><span style=\"font-weight: 400;\">Un conductor de cami\u00f3n del Servicio Postal de los Estados Unidos (USPS) o el gobierno federal podr\u00edan ser los responsables de su accidente. Por ejemplo, un conductor est\u00e1 manejando un veh\u00edculo del USPS cuando deja de prestar atenci\u00f3n a la carretera. Si el conductor choca su veh\u00edculo contra el suyo, usted podr\u00eda solicitar al servicio postal que cubra sus p\u00e9rdidas.\u00a0<\/span><\/p>\n<p><span style=\"font-weight: 400;\">Puede ser beneficioso reunirse con un <\/span><a href=\"https:\/\/slamdunkattorney.com\/es\/\"><span style=\"font-weight: 400;\">Abogado especializado en lesiones personales en Duluth<\/span><\/a> <span style=\"font-weight: 400;\">en los d\u00edas posteriores al accidente. Su abogado le recomendar\u00e1 que reciba atenci\u00f3n m\u00e9dica continua para tratar sus lesiones. Podr\u00e1 identificar a las partes responsables y ayudarle a determinar el valor de su demanda contra ellas.\u00a0<\/span><\/p>\n<p><span style=\"font-weight: 400;\">Slam Dunk Attorney quiere que te recuperes de tu accidente con un cami\u00f3n de USPS y de tus lesiones. Podemos explicarte c\u00f3mo. <\/span><a href=\"https:\/\/slamdunkattorney.com\/es\/faqs\/how-does-the-truck-accident-lawsuit-process-work\/\"><span style=\"font-weight: 400;\">C\u00f3mo funciona el proceso de demanda por accidente de cami\u00f3n<\/span><\/a><span style=\"font-weight: 400;\"> y lo que deber\u00e1 hacer para obtener una indemnizaci\u00f3n por su accidente. Cont\u00e1ctenos para obtener m\u00e1s informaci\u00f3n.\u00a0<\/span><\/p>\n\n<div class=\"cta-container row align-items-center\">\n    <div class=\"col-md-7\">\n        <p class=\"cta-text rs-content-cta\">Orgullosos de servir a Duluth y a todo Georgia <span>\u00a1Cont\u00e1ctenos para comenzar su recuperaci\u00f3n!<\/span> <a href=\"https:\/\/slamdunkattorney.com\/es\/\">Explore nuestras \u00e1reas de pr\u00e1ctica<\/a><\/p>\n    <\/div>\n    <div class=\"col-md-5\">\n        <img decoding=\"async\" src=\"https:\/\/slamdunkattorney.com\/wp-content\/themes\/slam-dunk-rebuild\/assets\/app\/img\/map-cta.jpg\" alt=\"Legal Consultation\" class=\"img-fluid\"\/>\n    <\/div>\n<\/div><h2><span style=\"font-weight: 400;\">\u00bfCu\u00e1nto tiempo tiene para presentar una reclamaci\u00f3n por accidente de cami\u00f3n del Servicio Postal de los Estados Unidos (USPS) en Duluth?<\/span><\/h2>\n<p><span style=\"font-weight: 400;\">En Georgia, <\/span><a href=\"https:\/\/slamdunkattorney.com\/es\/faqs\/what-is-the-statute-of-limitations-for-a-truck-accident-claim\/\"><span style=\"font-weight: 400;\">el plazo de prescripci\u00f3n para reclamar por un accidente de cami\u00f3n<\/span><\/a><span style=\"font-weight: 400;\"> es generalmente de dos a\u00f1os. En base a esto, usted puede tener dos a\u00f1os a partir de la fecha del accidente de cami\u00f3n para solicitar una indemnizaci\u00f3n a las partes responsables. Usted puede tener la opci\u00f3n de obtener una indemnizaci\u00f3n a trav\u00e9s de una reclamaci\u00f3n al seguro o una demanda por lesiones personales.\u00a0<\/span><\/p>\n<p><span style=\"font-weight: 400;\">A <\/span><b>Abogado especializado en accidentes de camiones de USPS en Duluth <\/b><span style=\"font-weight: 400;\">puede detallarle el proceso para solicitar una indemnizaci\u00f3n al gobierno federal. Su abogado puede informarle sobre el <\/span><a href=\"https:\/\/www.house.gov\/doing-business-with-the-house\/leases\/federal-tort-claims-act\" target=\"_blank\" rel=\"noopener\"><span style=\"font-weight: 400;\">Ley Federal de Reclamaciones por Agravios (FTCA)<\/span><\/a><span style=\"font-weight: 400;\"> y c\u00f3mo se aplica a su caso. Dado que el servicio postal est\u00e1 autoasegurado, es posible que deba presentar la documentaci\u00f3n de conformidad con la FTCA para obtener una indemnizaci\u00f3n.<\/span><\/p>\n<p><span style=\"font-weight: 400;\">Solicitar una indemnizaci\u00f3n y recibirla son dos cosas diferentes. El gobierno federal podr\u00eda impugnar su indemnizaci\u00f3n independientemente. Afortunadamente, su abogado entiende <\/span><a href=\"https:\/\/slamdunkattorney.com\/es\/faqs\/what-to-expect-when-you-are-in-a-trucking-accident-and-what-to-do-about-it\/\"><span style=\"font-weight: 400;\">Qu\u00e9 esperar cuando se sufre un accidente de cami\u00f3n y qu\u00e9 hacer<\/span><\/a><span style=\"font-weight: 400;\"> para garantizar una compensaci\u00f3n justa por sus p\u00e9rdidas.\u00a0<\/span><\/p>\n\n<div class=\"cta-container map-bg row align-items-center flex-md-row-reverse\">\n    <div class=\"col-md-6\">\n        <p class=\"cta-text rs-content-cta\">Abogado especializado en accidentes de camiones de USPS en Duluth cerca de m\u00ed <a href=\"tel:+14049513513\">404-951-3513<\/a><\/p>\n    <\/div>\n    <div class=\"col-md-6 col-bg\">\n    <\/div>\n<\/div><h2><span style=\"font-weight: 400;\">Cu\u00e1nto vale su caso<\/span><\/h2>\n<p><span style=\"font-weight: 400;\">Un abogado especializado en accidentes de camiones del Servicio Postal de los Estados Unidos (USPS) en Duluth le animar\u00e1 a reclamar da\u00f1os econ\u00f3micos y no econ\u00f3micos. Le explicar\u00e1n <\/span><a href=\"https:\/\/slamdunkattorney.com\/es\/faqs\/what-is-the-average-truck-accident-settlement-in-georgia\/\"><span style=\"font-weight: 400;\">El acuerdo promedio por accidente de cami\u00f3n en Georgia<\/span><\/a><span style=\"font-weight: 400;\"> y c\u00f3mo obtener una indemnizaci\u00f3n que se ajuste a sus expectativas. Podr\u00eda recibir una indemnizaci\u00f3n por da\u00f1os y perjuicios por muchas razones, tales como:<\/span><\/p>\n<ul>\n<li style=\"font-weight: 400;\" aria-level=\"1\"><span style=\"font-weight: 400;\">Reparaciones automotrices<\/span><\/li>\n<li style=\"font-weight: 400;\" aria-level=\"1\"><span style=\"font-weight: 400;\">P\u00e9rdida de ingresos<\/span><\/li>\n<li style=\"font-weight: 400;\" aria-level=\"1\"><span style=\"font-weight: 400;\">Honorarios m\u00e9dicos<\/span><\/li>\n<li style=\"font-weight: 400;\" aria-level=\"1\"><span style=\"font-weight: 400;\">Dolor y sufrimiento<\/span><\/li>\n<\/ul>\n<p><span style=\"font-weight: 400;\">Es su responsabilidad demostrar que debe recibir esta indemnizaci\u00f3n y otros da\u00f1os y perjuicios. Su abogado puede ayudarle a reunir pruebas. Puede utilizar diversos tipos de pruebas para obligar al tribunal a fallar a su favor.\u00a0<\/span><\/p>\n\n<div class=\"cta-container row align-items-center\">\n    <div class=\"col-md-7\">\n        <p class=\"cta-text rs-content-cta\"><a class=\"no-btn\" href=\"https:\/\/slamdunkattorney.com\/es\/contact-us\/\">Haga clic para contactar<\/a> Nuestros abogados especializados en accidentes de camiones en Duluth hoy mismo.<\/p>\n    <\/div>\n    <div class=\"col-md-5\">\n        <img decoding=\"async\" src=\"https:\/\/slamdunkattorney.com\/wp-content\/themes\/slam-dunk-rebuild\/assets\/app\/img\/map-cta.jpg\" alt=\"Contact Us\" class=\"img-fluid\"\/>\n    <\/div>\n<\/div><h2><span style=\"font-weight: 400;\">Pruebas que se pueden utilizar en un caso de accidente de cami\u00f3n del Servicio Postal de los Estados Unidos (USPS)<\/span><\/h2>\n<p><span style=\"font-weight: 400;\">No basta con decir que usted debe recibir una indemnizaci\u00f3n por los da\u00f1os sufridos en un accidente de cami\u00f3n. Es posible que necesite pruebas para validar su caso contra USPS. Las pruebas que podr\u00edan ayudarle a demostrar ante el tribunal que se le deben conceder da\u00f1os y perjuicios incluyen:<\/span><\/p>\n<ul>\n<li style=\"font-weight: 400;\" aria-level=\"1\"><span style=\"font-weight: 400;\">Declaraciones de los testigos<\/span><\/li>\n<li style=\"font-weight: 400;\" aria-level=\"1\"><span style=\"font-weight: 400;\">V\u00eddeos y fotos del lugar del accidente<\/span><\/li>\n<li style=\"font-weight: 400;\" aria-level=\"1\"><span style=\"font-weight: 400;\">Informe policial<\/span><\/li>\n<li style=\"font-weight: 400;\" aria-level=\"1\"><span style=\"font-weight: 400;\">Registros de mantenimiento de camiones de USPS<\/span><\/li>\n<li style=\"font-weight: 400;\" aria-level=\"1\"><span style=\"font-weight: 400;\">Im\u00e1genes de la c\u00e1mara del tablero del cami\u00f3n<\/span><\/li>\n<\/ul>\n<p><span style=\"font-weight: 400;\">Las pruebas que tengas pueden marcar una gran diferencia. Si el demandado tiene dudas sobre tus pruebas, puede encontrarse con problemas al intentar construir un caso en tu contra. Si t\u00fa y el demandado present\u00e1is vuestros respectivos argumentos ante el tribunal, es posible que el juez o el jurado se inclinen a favor de tu caso.\u00a0<\/span><\/p>\n\n<div class=\"cta-container map-bg row align-items-center flex-md-row-reverse\">\n    <div class=\"col-md-6\">\n        <p class=\"cta-text rs-content-cta\">Completa un <a href=\"https:\/\/slamdunkattorney.com\/es\/contact-us\/\">Formulario de evaluaci\u00f3n gratuita de su caso<\/a> ahora<\/p>\n    <\/div>\n    <div class=\"col-md-6 col-bg\">\n    <\/div>\n<\/div><h2><span style=\"font-weight: 400;\">Consejos para ayudarle con su caso de colisi\u00f3n con un cami\u00f3n de USPS<\/span><\/h2>\n<p><span style=\"font-weight: 400;\">Contrate a un abogado especializado en lesiones personales con experiencia en casos de accidentes de camiones de USPS. Su abogado puede ayudarle a lo largo del proceso legal. Puede proporcionarle consejos que le ayudar\u00e1n con su caso, tales como:<\/span><\/p>\n<h3><span style=\"font-weight: 400;\">Re\u00fana pruebas para demostrar la negligencia.<\/span><\/h3>\n<p><span style=\"font-weight: 400;\">Busque pruebas que dejen claro que usted no es en absoluto responsable del accidente. En \u00faltima instancia, sus pruebas deben ayudarle a demostrar que una de las partes ten\u00eda una obligaci\u00f3n legal hacia usted, decidi\u00f3 ignorar este requisito y cometi\u00f3 un acto imprudente o temerario que provoc\u00f3 el accidente. Tambi\u00e9n deben poner de relieve que usted est\u00e1 sufriendo p\u00e9rdidas debido a las acciones de la parte responsable contra usted.<\/span><\/p>\n<h3><span style=\"font-weight: 400;\">No discuta su caso con el conductor del cami\u00f3n ni con el Servicio Postal de los Estados Unidos (USPS).<\/span><\/h3>\n<p><span style=\"font-weight: 400;\">Informe a su abogado si el conductor del cami\u00f3n est\u00e1 involucrado en su accidente o si el servicio postal se pone en contacto con usted en relaci\u00f3n con el incidente. Deje que su abogado especializado en accidentes de camiones del USPS en Duluth se encargue de las comunicaciones relacionadas con su caso. Esto le ayudar\u00e1 a evitar decir algo que pueda perjudicar sus posibilidades de obtener una indemnizaci\u00f3n por da\u00f1os y perjuicios.\u00a0<\/span><\/p>\n<h3><span style=\"font-weight: 400;\">Configure sus perfiles en l\u00ednea como privados<\/span><\/h3>\n<p><span style=\"font-weight: 400;\">Tenga en cuenta que lo que publique en l\u00ednea podr\u00eda utilizarse en su contra. Por lo tanto, debe configurar sus perfiles en l\u00ednea como privados. Si desea mantener informados a sus familiares y amigos sobre su recuperaci\u00f3n tras el accidente, lo mejor es hacerlo a trav\u00e9s de llamadas telef\u00f3nicas y videollamadas, correos electr\u00f3nicos y mensajes de texto, en lugar de publicaciones en las redes sociales.\u00a0<\/span><\/p>\n<h3><span style=\"font-weight: 400;\">Comun\u00edquese con su abogado<\/span><\/h3>\n<p><span style=\"font-weight: 400;\">Cu\u00eddate y haz lo que tengas que hacer para prepararte para el juicio. Mantente en contacto con tu abogado en cada etapa del litigio. Si tienes inquietudes o preguntas legales, comp\u00e1rtelas con tu abogado para que \u00e9l pueda resolverlas.\u00a0<\/span><\/p>\n<p><span style=\"font-weight: 400;\">Un caso de accidente con un cami\u00f3n del Servicio Postal de los Estados Unidos (USPS) puede ser abrumador. Afortunadamente, hay ayuda disponible. Trabaje con un abogado que est\u00e9 familiarizado con los accidentes de camiones del USPS y los retos legales asociados a ellos, y que pueda ayudarle a evitar problemas durante el proceso de su caso.\u00a0<\/span><\/p>\n<h2><span style=\"font-weight: 400;\">Elija un abogado especializado en accidentes de camiones de USPS en Duluth que pueda ayudarle a recuperarse.<\/span><\/h2>\n<p><span style=\"font-weight: 400;\">Slam Dunk Attorney presta servicios espec\u00edficos, intencionados y deliberados a las v\u00edctimas de accidentes de camiones del Servicio Postal de los Estados Unidos (USPS) y a sus familias. Podemos ayudarle a aprovechar al m\u00e1ximo su oportunidad de recibir una indemnizaci\u00f3n por da\u00f1os y perjuicios de cualquier persona que haya contribuido al accidente del cami\u00f3n del USPS y a sus lesiones. Programe una consulta gratuita sobre su caso con nosotros.\u00a0<\/span><\/p>\n\n<div class=\"cta-container row align-items-center\">\n    <div class=\"col-md-7\">\n        <p class=\"cta-text rs-content-cta\">Llame o env\u00ede un mensaje de texto <a class=\"no-btn\" href=\"tel:+14049513513\">404-951-3513<\/a> o completar un <a href=\"https:\/\/slamdunkattorney.com\/es\/contact-us\/\">Formulario de evaluaci\u00f3n gratuita de su caso<\/a><\/p>\n    <\/div>\n    <div class=\"col-md-5\">\n        <img decoding=\"async\" src=\"https:\/\/slamdunkattorney.com\/wp-content\/themes\/slam-dunk-rebuild\/assets\/app\/img\/map-cta.jpg\" alt=\"Call or Text\" class=\"img-fluid\"\/>\n    <\/div>\n<\/div>","protected":false},"excerpt":{"rendered":"<p>A United States Postal Service (USPS) truck accident has long-lasting implications for you and your family. Hold any parties responsible for your crash accountable for their actions. Partner with a Duluth USPS truck accident lawyer who can guide you through the recovery process and help you obtain maximum compensation for your losses.\u00a0 Slam Dunk Attorney &#8230;<\/p>","protected":false},"author":2,"featured_media":0,"parent":47,"menu_order":0,"comment_status":"closed","ping_status":"closed","template":"","meta":{"_acf_changed":false,"_genesis_hide_title":false,"_genesis_hide_breadcrumbs":false,"_genesis_hide_singular_image":false,"_genesis_hide_footer_widgets":false,"_genesis_custom_body_class":"","_genesis_custom_post_class":"","_genesis_layout":"","ngg_post_thumbnail":0,"footnotes":""},"extra-categories":[],"hc_faqs":[],"class_list":{"0":"post-19664","1":"page","2":"type-page","3":"status-publish","5":"hc_city_location-duluth","6":"entry"},"acf":[],"yoast_head":"<!-- This site is optimized with the Yoast SEO plugin v27.4 - https:\/\/yoast.com\/product\/yoast-seo-wordpress\/ -->\n<title>USPS Truck Accident Lawyer in Duluth | Free Consultation<\/title>\n<meta name=\"description\" content=\"You need a Duluth USPS truck accident lawyer to help you fight for maximum compensation for costs related to your accident. 24\/7 help.\" \/>\n<meta name=\"robots\" content=\"index, follow, max-snippet:-1, max-image-preview:large, max-video-preview:-1\" \/>\n<link rel=\"canonical\" href=\"https:\/\/slamdunkattorney.com\/es\/duluth\/truck-accident-lawyer\/usps\/\" \/>\n<meta property=\"og:locale\" content=\"es_MX\" \/>\n<meta property=\"og:type\" content=\"article\" \/>\n<meta property=\"og:title\" content=\"USPS Truck Accident Lawyer in Duluth | Free Consultation\" \/>\n<meta property=\"og:description\" content=\"You need a Duluth USPS truck accident lawyer to help you fight for maximum compensation for costs related to your accident. 24\/7 help.\" \/>\n<meta property=\"og:url\" content=\"https:\/\/slamdunkattorney.com\/es\/duluth\/truck-accident-lawyer\/usps\/\" \/>\n<meta property=\"og:site_name\" content=\"Slam Dunk Attorney | Injury Lawyers\" \/>\n<meta property=\"article:publisher\" content=\"https:\/\/www.facebook.com\/slamdunkattorneyinjurylawyers\/\" \/>\n<meta property=\"article:modified_time\" content=\"2025-03-31T18:10:56+00:00\" \/>\n<meta property=\"og:image\" content=\"https:\/\/slamdunkattorney.com\/wp-content\/uploads\/2023\/05\/cropped-Logo.png\" \/>\n\t<meta property=\"og:image:width\" content=\"1080\" \/>\n\t<meta property=\"og:image:height\" content=\"240\" \/>\n\t<meta property=\"og:image:type\" content=\"image\/png\" \/>\n<meta name=\"twitter:card\" content=\"summary_large_image\" \/>\n<meta name=\"twitter:site\" content=\"@slamdunkattorney\" \/>\n<meta name=\"twitter:label1\" content=\"Est. reading time\" \/>\n\t<meta name=\"twitter:data1\" content=\"5 minutos\" \/>\n<script type=\"application\/ld+json\" class=\"yoast-schema-graph\">{\"@context\":\"https:\\\/\\\/schema.org\",\"@graph\":[{\"@type\":\"WebPage\",\"@id\":\"https:\\\/\\\/slamdunkattorney.com\\\/duluth\\\/truck-accident-lawyer\\\/usps\\\/\",\"url\":\"https:\\\/\\\/slamdunkattorney.com\\\/duluth\\\/truck-accident-lawyer\\\/usps\\\/\",\"name\":\"USPS Truck Accident Lawyer in Duluth | Free Consultation\",\"isPartOf\":{\"@id\":\"https:\\\/\\\/slamdunkattorney.com\\\/#website\"},\"datePublished\":\"2025-03-31T17:42:08+00:00\",\"dateModified\":\"2025-03-31T18:10:56+00:00\",\"description\":\"You need a Duluth USPS truck accident lawyer to help you fight for maximum compensation for costs related to your accident. 24\\\/7 help.\",\"breadcrumb\":{\"@id\":\"https:\\\/\\\/slamdunkattorney.com\\\/duluth\\\/truck-accident-lawyer\\\/usps\\\/#breadcrumb\"},\"inLanguage\":\"es\",\"potentialAction\":[{\"@type\":\"ReadAction\",\"target\":[\"https:\\\/\\\/slamdunkattorney.com\\\/duluth\\\/truck-accident-lawyer\\\/usps\\\/\"]}]},{\"@type\":\"BreadcrumbList\",\"@id\":\"https:\\\/\\\/slamdunkattorney.com\\\/duluth\\\/truck-accident-lawyer\\\/usps\\\/#breadcrumb\",\"itemListElement\":[{\"@type\":\"ListItem\",\"position\":1,\"name\":\"Home\",\"item\":\"https:\\\/\\\/slamdunkattorney.com\\\/\"},{\"@type\":\"ListItem\",\"position\":2,\"name\":\"Duluth, GA Personal Injury Lawyer\",\"item\":\"https:\\\/\\\/slamdunkattorney.com\\\/\"},{\"@type\":\"ListItem\",\"position\":3,\"name\":\"Duluth Truck Accident Lawyer\",\"item\":\"https:\\\/\\\/slamdunkattorney.com\\\/duluth\\\/truck-accident-lawyer\\\/\"},{\"@type\":\"ListItem\",\"position\":4,\"name\":\"USPS Truck Accident\"}]},{\"@type\":\"WebSite\",\"@id\":\"https:\\\/\\\/slamdunkattorney.com\\\/#website\",\"url\":\"https:\\\/\\\/slamdunkattorney.com\\\/\",\"name\":\"Slam Dunk Attorney | Injury Lawyers\",\"description\":\"Duluth Personal Injury Lawyers\",\"publisher\":{\"@id\":\"https:\\\/\\\/slamdunkattorney.com\\\/#organization\"},\"alternateName\":\"Slam Dunk Attorney\",\"inLanguage\":\"es\"},{\"@type\":\"Organization\",\"@id\":\"https:\\\/\\\/slamdunkattorney.com\\\/#organization\",\"name\":\"Slam Dunk Attorney\",\"alternateName\":\"Slam Dunk\",\"url\":\"https:\\\/\\\/slamdunkattorney.com\\\/\",\"logo\":{\"@type\":\"ImageObject\",\"inLanguage\":\"es\",\"@id\":\"https:\\\/\\\/slamdunkattorney.com\\\/#\\\/schema\\\/logo\\\/image\\\/\",\"url\":\"https:\\\/\\\/slamdunkattorney.com\\\/wp-content\\\/uploads\\\/2023\\\/05\\\/cropped-Logo.png\",\"contentUrl\":\"https:\\\/\\\/slamdunkattorney.com\\\/wp-content\\\/uploads\\\/2023\\\/05\\\/cropped-Logo.png\",\"width\":1080,\"height\":240,\"caption\":\"Slam Dunk Attorney\"},\"image\":{\"@id\":\"https:\\\/\\\/slamdunkattorney.com\\\/#\\\/schema\\\/logo\\\/image\\\/\"},\"sameAs\":[\"https:\\\/\\\/www.facebook.com\\\/slamdunkattorneyinjurylawyers\\\/\",\"https:\\\/\\\/x.com\\\/slamdunkattorney\",\"https:\\\/\\\/www.instagram.com\\\/slamdunkattorney\\\/\",\"https:\\\/\\\/www.youtube.com\\\/channel\\\/UCSrOiC7vOjlCi3UgtIVGNtw\",\"https:\\\/\\\/www.linkedin.com\\\/company\\\/slamdunkattorneyinjurylawyers\"]}]}<\/script>\n<!-- \/ Yoast SEO plugin. -->","yoast_head_json":{"title":"USPS Truck Accident Lawyer in Duluth | Free Consultation","description":"You need a Duluth USPS truck accident lawyer to help you fight for maximum compensation for costs related to your accident. 24\/7 help.","robots":{"index":"index","follow":"follow","max-snippet":"max-snippet:-1","max-image-preview":"max-image-preview:large","max-video-preview":"max-video-preview:-1"},"canonical":"https:\/\/slamdunkattorney.com\/es\/duluth\/truck-accident-lawyer\/usps\/","og_locale":"es_MX","og_type":"article","og_title":"USPS Truck Accident Lawyer in Duluth | Free Consultation","og_description":"You need a Duluth USPS truck accident lawyer to help you fight for maximum compensation for costs related to your accident. 24\/7 help.","og_url":"https:\/\/slamdunkattorney.com\/es\/duluth\/truck-accident-lawyer\/usps\/","og_site_name":"Slam Dunk Attorney | Injury Lawyers","article_publisher":"https:\/\/www.facebook.com\/slamdunkattorneyinjurylawyers\/","article_modified_time":"2025-03-31T18:10:56+00:00","og_image":[{"width":1080,"height":240,"url":"https:\/\/slamdunkattorney.com\/wp-content\/uploads\/2023\/05\/cropped-Logo.png","type":"image\/png"}],"twitter_card":"summary_large_image","twitter_site":"@slamdunkattorney","twitter_misc":{"Est. reading time":"5 minutos"},"schema":{"@context":"https:\/\/schema.org","@graph":[{"@type":"WebPage","@id":"https:\/\/slamdunkattorney.com\/duluth\/truck-accident-lawyer\/usps\/","url":"https:\/\/slamdunkattorney.com\/duluth\/truck-accident-lawyer\/usps\/","name":"USPS Truck Accident Lawyer in Duluth | Free Consultation","isPartOf":{"@id":"https:\/\/slamdunkattorney.com\/#website"},"datePublished":"2025-03-31T17:42:08+00:00","dateModified":"2025-03-31T18:10:56+00:00","description":"You need a Duluth USPS truck accident lawyer to help you fight for maximum compensation for costs related to your accident. 24\/7 help.","breadcrumb":{"@id":"https:\/\/slamdunkattorney.com\/duluth\/truck-accident-lawyer\/usps\/#breadcrumb"},"inLanguage":"es","potentialAction":[{"@type":"ReadAction","target":["https:\/\/slamdunkattorney.com\/duluth\/truck-accident-lawyer\/usps\/"]}]},{"@type":"BreadcrumbList","@id":"https:\/\/slamdunkattorney.com\/duluth\/truck-accident-lawyer\/usps\/#breadcrumb","itemListElement":[{"@type":"ListItem","position":1,"name":"Home","item":"https:\/\/slamdunkattorney.com\/"},{"@type":"ListItem","position":2,"name":"Duluth, GA Personal Injury Lawyer","item":"https:\/\/slamdunkattorney.com\/"},{"@type":"ListItem","position":3,"name":"Duluth Truck Accident Lawyer","item":"https:\/\/slamdunkattorney.com\/duluth\/truck-accident-lawyer\/"},{"@type":"ListItem","position":4,"name":"USPS Truck Accident"}]},{"@type":"WebSite","@id":"https:\/\/slamdunkattorney.com\/#website","url":"https:\/\/slamdunkattorney.com\/","name":"Abogado experto en lesiones | Abogados especializados en lesiones","description":"Abogados de lesiones personales en Duluth","publisher":{"@id":"https:\/\/slamdunkattorney.com\/#organization"},"alternateName":"Slam Dunk Attorney","inLanguage":"es"},{"@type":"Organization","@id":"https:\/\/slamdunkattorney.com\/#organization","name":"Abogado Slam Dunk","alternateName":"Slam Dunk","url":"https:\/\/slamdunkattorney.com\/","logo":{"@type":"ImageObject","inLanguage":"es","@id":"https:\/\/slamdunkattorney.com\/#\/schema\/logo\/image\/","url":"https:\/\/slamdunkattorney.com\/wp-content\/uploads\/2023\/05\/cropped-Logo.png","contentUrl":"https:\/\/slamdunkattorney.com\/wp-content\/uploads\/2023\/05\/cropped-Logo.png","width":1080,"height":240,"caption":"Slam Dunk Attorney"},"image":{"@id":"https:\/\/slamdunkattorney.com\/#\/schema\/logo\/image\/"},"sameAs":["https:\/\/www.facebook.com\/slamdunkattorneyinjurylawyers\/","https:\/\/x.com\/slamdunkattorney","https:\/\/www.instagram.com\/slamdunkattorney\/","https:\/\/www.youtube.com\/channel\/UCSrOiC7vOjlCi3UgtIVGNtw","https:\/\/www.linkedin.com\/company\/slamdunkattorneyinjurylawyers"]}]}},"yoast_meta":{"yoast_wpseo_title":"","yoast_wpseo_metadesc":"","yoast_wpseo_canonical":"https:\/\/slamdunkattorney.com\/es\/wp-json\/wp\/v2\/pages\/19664"},"_links":{"self":[{"href":"https:\/\/slamdunkattorney.com\/es\/wp-json\/wp\/v2\/pages\/19664","targetHints":{"allow":["GET"]}}],"collection":[{"href":"https:\/\/slamdunkattorney.com\/es\/wp-json\/wp\/v2\/pages"}],"about":[{"href":"https:\/\/slamdunkattorney.com\/es\/wp-json\/wp\/v2\/types\/page"}],"author":[{"embeddable":true,"href":"https:\/\/slamdunkattorney.com\/es\/wp-json\/wp\/v2\/users\/2"}],"replies":[{"embeddable":true,"href":"https:\/\/slamdunkattorney.com\/es\/wp-json\/wp\/v2\/comments?post=19664"}],"version-history":[{"count":0,"href":"https:\/\/slamdunkattorney.com\/es\/wp-json\/wp\/v2\/pages\/19664\/revisions"}],"up":[{"embeddable":true,"href":"https:\/\/slamdunkattorney.com\/es\/wp-json\/wp\/v2\/pages\/47"}],"wp:attachment":[{"href":"https:\/\/slamdunkattorney.com\/es\/wp-json\/wp\/v2\/media?parent=19664"}],"wp:term":[{"taxonomy":"extra-categories","embeddable":true,"href":"https:\/\/slamdunkattorney.com\/es\/wp-json\/wp\/v2\/extra-categories?post=19664"},{"taxonomy":"hc_faqs","embeddable":true,"href":"https:\/\/slamdunkattorney.com\/es\/wp-json\/wp\/v2\/hc_faqs?post=19664"}],"curies":[{"name":"wp","href":"https:\/\/api.w.org\/{rel}","templated":true}]}}