{"id":17329,"date":"2025-03-04T13:51:40","date_gmt":"2025-03-04T13:51:40","guid":{"rendered":"https:\/\/slamdunk.wpenginepowered.com\/?page_id=17329"},"modified":"2025-03-04T13:51:40","modified_gmt":"2025-03-04T13:51:40","slug":"can-i-sue-a-company-for-a-slip-and-fall-in-one-of-their-stores","status":"publish","type":"page","link":"https:\/\/slamdunkattorney.com\/es\/faqs\/can-i-sue-a-company-for-a-slip-and-fall-in-one-of-their-stores\/","title":{"rendered":"\u00bfPuedo demandar a una empresa por un resbal\u00f3n y ca\u00edda en una de sus tiendas?"},"content":{"rendered":"<p><span style=\"font-weight: 400;\">\u00bfPuedo demandar a una empresa por resbalarme y caerme en una de sus tiendas? <\/span><b>Puedes demandar a una empresa.<\/b><span style=\"font-weight: 400;\"> por un resbal\u00f3n y ca\u00edda en una de sus tiendas si su accidente es resultado de la negligencia de la empresa.\u00a0<\/span><\/p>\n<p><span style=\"font-weight: 400;\">Cu\u00e9ntale a <\/span><a href=\"https:\/\/slamdunkattorney.com\/es\/duluth\/slip-and-fall-lawyer\/\"><span style=\"font-weight: 400;\">Abogado especializado en resbalones y ca\u00eddas en Duluth<\/span><\/a><span style=\"font-weight: 400;\"> sobre este incidente, y ellos podr\u00e1n determinar si tienes motivos para presentar una demanda por lesiones personales.<\/span><\/p>\n<h2><span style=\"font-weight: 400;\">Cu\u00e1ndo puede demandar a una empresa por un resbal\u00f3n y ca\u00edda en una de sus tiendas en Georgia<\/span><\/h2>\n<p><span style=\"font-weight: 400;\">Puede demandar a una empresa por un resbal\u00f3n y ca\u00edda en una de sus tiendas como parte de un caso de responsabilidad civil por las instalaciones. Para tener \u00e9xito, debe demostrar que la empresa fue negligente. Esto puede resultar dif\u00edcil, pero un <\/span><a href=\"https:\/\/slamdunkattorney.com\/es\/duluth\/premises-liability-lawyer\/\"><span style=\"font-weight: 400;\">Abogado especializado en responsabilidad civil inmobiliaria en Duluth<\/span><\/a><span style=\"font-weight: 400;\"> puede ayudar.<\/span><\/p>\n<p><span style=\"font-weight: 400;\">Un abogado especializado en responsabilidad civil inmobiliaria quiere destacar que se considera razonable que el propietario de una tienda u otra parte responsable mantenga un entorno seguro. En su caso, usted resbal\u00f3, se cay\u00f3 y sufri\u00f3 una lesi\u00f3n porque alguien de la tienda ignor\u00f3 su deber de diligencia. Por lo tanto, su abogado podr\u00eda argumentar que la tienda debe ser considerada responsable de su accidente y sus lesiones.\u00a0<\/span><\/p>\n<p><span style=\"font-weight: 400;\">Slam Dunk Attorney cuenta con d\u00e9cadas de experiencia legal combinada. Podemos ofrecerle un <\/span><a href=\"https:\/\/slamdunkattorney.com\/es\/faqs\/how-to-file-a-personal-injury-lawsuit\/\"><span style=\"font-weight: 400;\">Gu\u00eda paso a paso para presentar una demanda por lesiones personales<\/span><\/a><span style=\"font-weight: 400;\"> y otros recursos legales para ayudarle con su caso de resbal\u00f3n y ca\u00edda. Discuta su caso con nuestro equipo.\u00a0<\/span><\/p>\n\n<div class=\"cta-container row align-items-center\">\n    <div class=\"col-md-7\">\n        <p class=\"cta-text rs-content-cta\">Orgullosos de servir a Duluth y a todo Georgia <span>\u00a1Cont\u00e1ctenos para comenzar su recuperaci\u00f3n!<\/span> <a href=\"https:\/\/slamdunkattorney.com\/es\/\">Explore nuestras \u00e1reas de pr\u00e1ctica<\/a><\/p>\n    <\/div>\n    <div class=\"col-md-5\">\n        <img decoding=\"async\" src=\"https:\/\/slamdunkattorney.com\/wp-content\/themes\/slam-dunk-rebuild\/assets\/app\/img\/map-cta.jpg\" alt=\"Legal Consultation\" class=\"img-fluid\"\/>\n    <\/div>\n<\/div><h2><span style=\"font-weight: 400;\">C\u00f3mo demandar a una empresa despu\u00e9s de resbalar y caer en una de sus tiendas<\/span><\/h2>\n<p><span style=\"font-weight: 400;\">Contratar representaci\u00f3n legal es clave para <\/span><b>demandar a una empresa por un resbal\u00f3n y ca\u00edda en una de sus tiendas<\/b><span style=\"font-weight: 400;\">. Elija un abogado con experiencia en casos de resbalones y ca\u00eddas. Utilizar\u00e1 sus conocimientos para ayudarle a obtener los mejores resultados posibles en su caso.\u00a0<\/span><\/p>\n<p><span style=\"font-weight: 400;\">Hay un plazo limitado si quieres <\/span><b>demandar a una empresa tras sufrir un resbal\u00f3n y una ca\u00edda en una de sus tiendas<\/b><span style=\"font-weight: 400;\">. Basado en el<\/span> <a href=\"https:\/\/advance.lexis.com\/documentpage\/?pdmfid=1000516&amp;crid=704f5f4a-1cea-40bf-957e-d9f1b715d0f2&amp;config=00JAA1MDBlYzczZi1lYjFlLTQxMTgtYWE3OS02YTgyOGM2NWJlMDYKAFBvZENhdGFsb2feed0oM9qoQOMCSJFX5qkd&amp;pddocfullpath=%2Fshared%2Fdocument%2Fstatutes-legislation%2Furn%3AcontentItem%3A6348-FS71-DYB7-W3RS-00008-00&amp;pdcontentcomponentid=234186&amp;pdteaserkey=sr0&amp;pditab=allpods&amp;ecomp=6s65kkk&amp;earg=sr0&amp;prid=a52bda66-bfde-4154-b966-afe000a4ac21\" target=\"_blank\" rel=\"noopener\"><span style=\"font-weight: 400;\">C\u00f3digo Oficial Anotado de Georgia (OCGA) \u00a7 9-3-33<\/span><\/a><span style=\"font-weight: 400;\">, El plazo de prescripci\u00f3n para las demandas por lesiones personales es de dos a\u00f1os. Su abogado puede presentar su demanda y preparar un argumento para demostrar al tribunal que se deben conceder da\u00f1os y perjuicios.\u00a0<\/span><\/p>\n<p><span style=\"font-weight: 400;\">Lo ideal ser\u00eda que la empresa a la que demandas te ofrezca un acuerdo justo. Desafortunadamente, no hay garant\u00eda de que esto suceda. Si se justifica, tu abogado puede llevar tu caso a juicio y explicarle al juez o al jurado por qu\u00e9 la empresa debe ser considerada responsable de tu resbal\u00f3n y ca\u00edda.\u00a0<\/span><\/p>\n<h2><span style=\"font-weight: 400;\">Indemnizaci\u00f3n disponible en un caso de resbal\u00f3n y ca\u00edda<\/span><\/h2>\n<p><span style=\"font-weight: 400;\">Su abogado eval\u00faa el valor del caso de lesiones personales. Quieren que usted solicite una indemnizaci\u00f3n por da\u00f1os econ\u00f3micos y no econ\u00f3micos. Las razones por las que un juez o un jurado podr\u00edan conceder una o ambas indemnizaciones incluyen:<\/span><\/p>\n<h3><span style=\"font-weight: 400;\">Facturas m\u00e9dicas\u00a0<\/span><\/h3>\n<p><span style=\"font-weight: 400;\">Sufres una lesi\u00f3n cerebral traum\u00e1tica (TBI) u otro traumatismo grave en un accidente por resbal\u00f3n y ca\u00edda. Los costos del tratamiento de tu lesi\u00f3n pueden ser considerables. Tu abogado tiene en cuenta tus gastos m\u00e9dicos actuales y futuros a la hora de determinar los da\u00f1os y perjuicios.\u00a0<\/span><\/p>\n<h3><span style=\"font-weight: 400;\">P\u00e9rdida de ingresos<\/span><\/h3>\n<p><span style=\"font-weight: 400;\">Si no puede trabajar debido a su lesi\u00f3n por resbal\u00f3n y ca\u00edda, pierde oportunidades de obtener ingresos. Esto puede afectar considerablemente sus finanzas. Su abogado puede utilizar sus recibos de sueldo y otra documentaci\u00f3n financiera para demostrar por qu\u00e9 debe recibir una indemnizaci\u00f3n por los salarios perdidos.\u00a0<\/span><\/p>\n<h3><span style=\"font-weight: 400;\">Dolor y sufrimiento<\/span><\/h3>\n<p><span style=\"font-weight: 400;\">Usted experimenta dolor y sufrimiento despu\u00e9s de su resbal\u00f3n y ca\u00edda. Estos problemas le impiden disfrutar de su vida. Su abogado puede <\/span><a href=\"https:\/\/slamdunkattorney.com\/es\/faqs\/what-is-my-pain-and-suffering-worth-in-a-personal-injury-case\/\"><span style=\"font-weight: 400;\">Calcule el valor del dolor y el sufrimiento en su caso de lesiones personales.<\/span><\/a><span style=\"font-weight: 400;\"> e incorpore estas p\u00e9rdidas en su solicitud de compensaci\u00f3n.\u00a0\u00a0<\/span><\/p>\n<h3><span style=\"font-weight: 400;\">Gastos de entierro y funeral<\/span><\/h3>\n<p><span style=\"font-weight: 400;\">Un accidente por resbal\u00f3n y ca\u00edda puede ser mortal. Si un familiar fallece tras resbalarse y caerse, un <\/span><a href=\"https:\/\/slamdunkattorney.com\/es\/duluth\/wrongful-death-lawyer\/\"><span style=\"font-weight: 400;\">Abogado especializado en muerte por negligencia en Duluth<\/span><\/a><span style=\"font-weight: 400;\"> puede ayudarle con sus asuntos legales. Su abogado puede reclamar una indemnizaci\u00f3n por los gastos de entierro y funeral, as\u00ed como por otras p\u00e9rdidas relacionadas con el fallecimiento de su familiar, mientras usted y sus seres queridos se apoyan mutuamente durante este dif\u00edcil momento.\u00a0<\/span><\/p>\n<p><span style=\"font-weight: 400;\">\u00bfCu\u00e1nto dinero pides como compensaci\u00f3n si <\/span><b>demandar a una empresa por un accidente por resbal\u00f3n y ca\u00edda en una de sus tiendas<\/b><span style=\"font-weight: 400;\"> Depende de sus p\u00e9rdidas. Su abogado adapta su argumento a su caso. Puede ayudarle a dejar claro al juez o al jurado que usted merece la m\u00e1xima indemnizaci\u00f3n.\u00a0<\/span><\/p>\n\n<div class=\"cta-container row align-items-center\">\n    <div class=\"col-md-7\">\n        <p class=\"cta-text rs-content-cta\"><a class=\"no-btn\" href=\"https:\/\/slamdunkattorney.com\/es\/contact-us\/\">Haga clic para contactar<\/a> nuestros abogados especializados en lesiones personales hoy mismo<\/p>\n    <\/div>\n    <div class=\"col-md-5\">\n        <img decoding=\"async\" src=\"https:\/\/slamdunkattorney.com\/wp-content\/themes\/slam-dunk-rebuild\/assets\/app\/img\/map-cta.jpg\" alt=\"Contact Us\" class=\"img-fluid\"\/>\n    <\/div>\n<\/div><h2><span style=\"font-weight: 400;\">Consejos \u00fatiles si demanda a una empresa tras resbalarse y caerse en una de sus tiendas<\/span><\/h2>\n<p><span style=\"font-weight: 400;\">Busque atenci\u00f3n m\u00e9dica de inmediato si resbala y se cae en una tienda. Informe del incidente al gerente de la tienda y solicite ayuda legal en los d\u00edas posteriores. Su abogado puede preparar un caso contra la parte responsable de su accidente y proporcionarle varios consejos para ayudarle con los procedimientos legales, tales como:<\/span><\/p>\n<h3><span style=\"font-weight: 400;\">Recopile pruebas de una amplia variedad de fuentes.<\/span><\/h3>\n<p><span style=\"font-weight: 400;\">Las fotos tomadas en el momento del accidente pueden ser \u00fatiles, ya que muestran los peligros que contribuyeron al incidente. Adem\u00e1s, los testigos pueden proporcionar relatos de primera mano sobre lo que vieron y que condujo al accidente. <\/span><b>La parte culpable podr\u00eda tener problemas. <\/b><span style=\"font-weight: 400;\">mientras buscan formas de rebatir estas y otras pruebas para respaldar su argumento.\u00a0<\/span><\/p>\n<h3><span style=\"font-weight: 400;\">Rechaza una oferta de acuerdo si es inferior a lo que deseas.<\/span><\/h3>\n<p><span style=\"font-weight: 400;\">Una empresa podr\u00eda proponer un acuerdo si usted resbala, se cae y se lesiona en una de sus tiendas. En ese momento, eval\u00fae la oferta con su abogado. Si no est\u00e1 satisfecho con la propuesta, puede rechazarla y seguir buscando formas de fortalecer su caso.\u00a0<\/span><\/p>\n<h3><span style=\"font-weight: 400;\">Prep\u00e1rate para tu juicio<\/span><\/h3>\n<p><span style=\"font-weight: 400;\">Presentar su caso ante un tribunal puede resultar intimidante. Afortunadamente, su abogado est\u00e1 a su disposici\u00f3n. \u00c9l puede explicarle el proceso del juicio y asegurarse de que usted entre en la sala sabiendo lo que le espera.\u00a0<\/span><\/p>\n<p><span style=\"font-weight: 400;\">Si no est\u00e1 seguro de qu\u00e9 hacer cuando demanda a una empresa por resbalarse y caer en una de sus tiendas, pida ayuda a su abogado. Su abogado quiere que usted tome decisiones informadas a lo largo de todo el proceso legal. \u00c9l puede responder a sus preguntas y dudas legales en cada paso del camino.\u00a0<\/span><\/p>\n\n<div class=\"cta-container map-bg row align-items-center flex-md-row-reverse\">\n    <div class=\"col-md-6\">\n        <p class=\"cta-text rs-content-cta\">Completa un <a href=\"https:\/\/slamdunkattorney.com\/es\/contact-us\/\">Formulario de evaluaci\u00f3n gratuita de su caso<\/a> ahora<\/p>\n    <\/div>\n    <div class=\"col-md-6 col-bg\">\n    <\/div>\n<\/div><h2><span style=\"font-weight: 400;\">Trabaje con un abogado especializado en resbalones y ca\u00eddas que le ayudar\u00e1 a recuperarse de su accidente y sus lesiones.<\/span><\/h2>\n<p><span style=\"font-weight: 400;\">Slam Dunk Attorney le brinda la oportunidad de recuperarse de su accidente y lesiones por resbal\u00f3n y ca\u00edda. Ofrecemos asesoramiento legal y apoyo a quienes desean presentar una demanda por lesiones personales. <\/span><b>Programe una consulta gratuita sobre su caso con nosotros.<\/b>.<\/p>\n\n<div class=\"cta-container row align-items-center\">\n    <div class=\"col-md-7\">\n        <p class=\"cta-text rs-content-cta\">Llame o env\u00ede un mensaje de texto <a class=\"no-btn\" href=\"tel:+14049513513\">404-951-3513<\/a> o completar un <a href=\"https:\/\/slamdunkattorney.com\/es\/contact-us\/\">Formulario de evaluaci\u00f3n gratuita de su caso<\/a><\/p>\n    <\/div>\n    <div class=\"col-md-5\">\n        <img decoding=\"async\" src=\"https:\/\/slamdunkattorney.com\/wp-content\/themes\/slam-dunk-rebuild\/assets\/app\/img\/map-cta.jpg\" alt=\"Call or Text\" class=\"img-fluid\"\/>\n    <\/div>\n<\/div>","protected":false},"excerpt":{"rendered":"<p>Can I sue a company for a slip and fall in one of their stores? You can sue a company for a slip and fall in one of their stores if your accident is the result of the business&#8217;s negligence.\u00a0 Tell a Duluth slip and fall lawyer about this incident, and they can determine if &#8230;<\/p>","protected":false},"author":2,"featured_media":17331,"parent":5902,"menu_order":0,"comment_status":"closed","ping_status":"closed","template":"","meta":{"_acf_changed":false,"_genesis_hide_title":false,"_genesis_hide_breadcrumbs":false,"_genesis_hide_singular_image":false,"_genesis_hide_footer_widgets":false,"_genesis_custom_body_class":"","_genesis_custom_post_class":"","_genesis_layout":"","ngg_post_thumbnail":0,"footnotes":""},"extra-categories":[],"hc_faqs":[40],"class_list":{"0":"post-17329","1":"page","2":"type-page","3":"status-publish","4":"has-post-thumbnail","6":"hc_faqs-personal-injury","7":"entry"},"acf":[],"yoast_head":"<!-- This site is optimized with the Yoast SEO plugin v27.3 - https:\/\/yoast.com\/product\/yoast-seo-wordpress\/ -->\n<title>Can I Sue a Company for a Slip and Fall in a Store?<\/title>\n<meta name=\"description\" content=\"Find out if you can sue a company for a slip and fall in one of their stores with the help of a lawyer from Slam Dunk Attorney.\" \/>\n<meta name=\"robots\" content=\"index, follow, max-snippet:-1, max-image-preview:large, max-video-preview:-1\" \/>\n<link rel=\"canonical\" href=\"https:\/\/slamdunkattorney.com\/es\/faqs\/can-i-sue-a-company-for-a-slip-and-fall-in-one-of-their-stores\/\" \/>\n<meta property=\"og:locale\" content=\"es_MX\" \/>\n<meta property=\"og:type\" content=\"article\" \/>\n<meta property=\"og:title\" content=\"Can I Sue a Company for a Slip and Fall in a Store?\" \/>\n<meta property=\"og:description\" content=\"Find out if you can sue a company for a slip and fall in one of their stores with the help of a lawyer from Slam Dunk Attorney.\" \/>\n<meta property=\"og:url\" content=\"https:\/\/slamdunkattorney.com\/es\/faqs\/can-i-sue-a-company-for-a-slip-and-fall-in-one-of-their-stores\/\" \/>\n<meta property=\"og:site_name\" content=\"Slam Dunk Attorney | Injury Lawyers\" \/>\n<meta property=\"article:publisher\" content=\"https:\/\/www.facebook.com\/slamdunkattorneyinjurylawyers\/\" \/>\n<meta property=\"og:image\" content=\"https:\/\/slamdunkattorney.com\/wp-content\/uploads\/2025\/03\/can-i-sue-a-company-for-a-slip-and-fall-in-one-of-their-stores.jpg\" \/>\n\t<meta property=\"og:image:width\" content=\"1000\" \/>\n\t<meta property=\"og:image:height\" content=\"666\" \/>\n\t<meta property=\"og:image:type\" content=\"image\/jpeg\" \/>\n<meta name=\"twitter:card\" content=\"summary_large_image\" \/>\n<meta name=\"twitter:site\" content=\"@slamdunkattorney\" \/>\n<meta name=\"twitter:label1\" content=\"Est. reading time\" \/>\n\t<meta name=\"twitter:data1\" content=\"5 minutos\" \/>\n<script type=\"application\/ld+json\" class=\"yoast-schema-graph\">{\"@context\":\"https:\\\/\\\/schema.org\",\"@graph\":[{\"@type\":\"WebPage\",\"@id\":\"https:\\\/\\\/slamdunkattorney.com\\\/faqs\\\/can-i-sue-a-company-for-a-slip-and-fall-in-one-of-their-stores\\\/\",\"url\":\"https:\\\/\\\/slamdunkattorney.com\\\/faqs\\\/can-i-sue-a-company-for-a-slip-and-fall-in-one-of-their-stores\\\/\",\"name\":\"Can I Sue a Company for a Slip and Fall in a Store?\",\"isPartOf\":{\"@id\":\"https:\\\/\\\/slamdunkattorney.com\\\/#website\"},\"primaryImageOfPage\":{\"@id\":\"https:\\\/\\\/slamdunkattorney.com\\\/faqs\\\/can-i-sue-a-company-for-a-slip-and-fall-in-one-of-their-stores\\\/#primaryimage\"},\"image\":{\"@id\":\"https:\\\/\\\/slamdunkattorney.com\\\/faqs\\\/can-i-sue-a-company-for-a-slip-and-fall-in-one-of-their-stores\\\/#primaryimage\"},\"thumbnailUrl\":\"https:\\\/\\\/slamdunkattorney.com\\\/wp-content\\\/uploads\\\/2025\\\/03\\\/can-i-sue-a-company-for-a-slip-and-fall-in-one-of-their-stores.jpg\",\"datePublished\":\"2025-03-04T13:51:40+00:00\",\"description\":\"Find out if you can sue a company for a slip and fall in one of their stores with the help of a lawyer from Slam Dunk Attorney.\",\"breadcrumb\":{\"@id\":\"https:\\\/\\\/slamdunkattorney.com\\\/faqs\\\/can-i-sue-a-company-for-a-slip-and-fall-in-one-of-their-stores\\\/#breadcrumb\"},\"inLanguage\":\"es\",\"potentialAction\":[{\"@type\":\"ReadAction\",\"target\":[\"https:\\\/\\\/slamdunkattorney.com\\\/faqs\\\/can-i-sue-a-company-for-a-slip-and-fall-in-one-of-their-stores\\\/\"]}]},{\"@type\":\"ImageObject\",\"inLanguage\":\"es\",\"@id\":\"https:\\\/\\\/slamdunkattorney.com\\\/faqs\\\/can-i-sue-a-company-for-a-slip-and-fall-in-one-of-their-stores\\\/#primaryimage\",\"url\":\"https:\\\/\\\/slamdunkattorney.com\\\/wp-content\\\/uploads\\\/2025\\\/03\\\/can-i-sue-a-company-for-a-slip-and-fall-in-one-of-their-stores.jpg\",\"contentUrl\":\"https:\\\/\\\/slamdunkattorney.com\\\/wp-content\\\/uploads\\\/2025\\\/03\\\/can-i-sue-a-company-for-a-slip-and-fall-in-one-of-their-stores.jpg\",\"width\":1000,\"height\":666,\"caption\":\"A man holding his back after slipping and falling on a wet floor. Can I sue a company for a slip and fall in one of their stores?\"},{\"@type\":\"BreadcrumbList\",\"@id\":\"https:\\\/\\\/slamdunkattorney.com\\\/faqs\\\/can-i-sue-a-company-for-a-slip-and-fall-in-one-of-their-stores\\\/#breadcrumb\",\"itemListElement\":[{\"@type\":\"ListItem\",\"position\":1,\"name\":\"Home\",\"item\":\"https:\\\/\\\/slamdunkattorney.com\\\/\"},{\"@type\":\"ListItem\",\"position\":2,\"name\":\"FAQs\",\"item\":\"https:\\\/\\\/slamdunkattorney.com\\\/faqs\\\/\"},{\"@type\":\"ListItem\",\"position\":3,\"name\":\"Can I Sue a Company for a Slip and Fall in One of Their Stores?\"}]},{\"@type\":\"WebSite\",\"@id\":\"https:\\\/\\\/slamdunkattorney.com\\\/#website\",\"url\":\"https:\\\/\\\/slamdunkattorney.com\\\/\",\"name\":\"Slam Dunk Attorney | Injury Lawyers\",\"description\":\"Duluth Personal Injury Lawyers\",\"publisher\":{\"@id\":\"https:\\\/\\\/slamdunkattorney.com\\\/#organization\"},\"alternateName\":\"Slam Dunk Attorney\",\"inLanguage\":\"es\"},{\"@type\":\"Organization\",\"@id\":\"https:\\\/\\\/slamdunkattorney.com\\\/#organization\",\"name\":\"Slam Dunk Attorney\",\"alternateName\":\"Slam Dunk\",\"url\":\"https:\\\/\\\/slamdunkattorney.com\\\/\",\"logo\":{\"@type\":\"ImageObject\",\"inLanguage\":\"es\",\"@id\":\"https:\\\/\\\/slamdunkattorney.com\\\/#\\\/schema\\\/logo\\\/image\\\/\",\"url\":\"https:\\\/\\\/slamdunkattorney.com\\\/wp-content\\\/uploads\\\/2023\\\/05\\\/cropped-Logo.png\",\"contentUrl\":\"https:\\\/\\\/slamdunkattorney.com\\\/wp-content\\\/uploads\\\/2023\\\/05\\\/cropped-Logo.png\",\"width\":1080,\"height\":240,\"caption\":\"Slam Dunk Attorney\"},\"image\":{\"@id\":\"https:\\\/\\\/slamdunkattorney.com\\\/#\\\/schema\\\/logo\\\/image\\\/\"},\"sameAs\":[\"https:\\\/\\\/www.facebook.com\\\/slamdunkattorneyinjurylawyers\\\/\",\"https:\\\/\\\/x.com\\\/slamdunkattorney\",\"https:\\\/\\\/www.instagram.com\\\/slamdunkattorney\\\/\",\"https:\\\/\\\/www.youtube.com\\\/channel\\\/UCSrOiC7vOjlCi3UgtIVGNtw\",\"https:\\\/\\\/www.linkedin.com\\\/company\\\/slamdunkattorneyinjurylawyers\"]}]}<\/script>\n<!-- \/ Yoast SEO plugin. -->","yoast_head_json":{"title":"Can I Sue a Company for a Slip and Fall in a Store?","description":"Find out if you can sue a company for a slip and fall in one of their stores with the help of a lawyer from Slam Dunk Attorney.","robots":{"index":"index","follow":"follow","max-snippet":"max-snippet:-1","max-image-preview":"max-image-preview:large","max-video-preview":"max-video-preview:-1"},"canonical":"https:\/\/slamdunkattorney.com\/es\/faqs\/can-i-sue-a-company-for-a-slip-and-fall-in-one-of-their-stores\/","og_locale":"es_MX","og_type":"article","og_title":"Can I Sue a Company for a Slip and Fall in a Store?","og_description":"Find out if you can sue a company for a slip and fall in one of their stores with the help of a lawyer from Slam Dunk Attorney.","og_url":"https:\/\/slamdunkattorney.com\/es\/faqs\/can-i-sue-a-company-for-a-slip-and-fall-in-one-of-their-stores\/","og_site_name":"Slam Dunk Attorney | Injury Lawyers","article_publisher":"https:\/\/www.facebook.com\/slamdunkattorneyinjurylawyers\/","og_image":[{"width":1000,"height":666,"url":"https:\/\/slamdunkattorney.com\/wp-content\/uploads\/2025\/03\/can-i-sue-a-company-for-a-slip-and-fall-in-one-of-their-stores.jpg","type":"image\/jpeg"}],"twitter_card":"summary_large_image","twitter_site":"@slamdunkattorney","twitter_misc":{"Est. reading time":"5 minutos"},"schema":{"@context":"https:\/\/schema.org","@graph":[{"@type":"WebPage","@id":"https:\/\/slamdunkattorney.com\/faqs\/can-i-sue-a-company-for-a-slip-and-fall-in-one-of-their-stores\/","url":"https:\/\/slamdunkattorney.com\/faqs\/can-i-sue-a-company-for-a-slip-and-fall-in-one-of-their-stores\/","name":"Can I Sue a Company for a Slip and Fall in a Store?","isPartOf":{"@id":"https:\/\/slamdunkattorney.com\/#website"},"primaryImageOfPage":{"@id":"https:\/\/slamdunkattorney.com\/faqs\/can-i-sue-a-company-for-a-slip-and-fall-in-one-of-their-stores\/#primaryimage"},"image":{"@id":"https:\/\/slamdunkattorney.com\/faqs\/can-i-sue-a-company-for-a-slip-and-fall-in-one-of-their-stores\/#primaryimage"},"thumbnailUrl":"https:\/\/slamdunkattorney.com\/wp-content\/uploads\/2025\/03\/can-i-sue-a-company-for-a-slip-and-fall-in-one-of-their-stores.jpg","datePublished":"2025-03-04T13:51:40+00:00","description":"Find out if you can sue a company for a slip and fall in one of their stores with the help of a lawyer from Slam Dunk Attorney.","breadcrumb":{"@id":"https:\/\/slamdunkattorney.com\/faqs\/can-i-sue-a-company-for-a-slip-and-fall-in-one-of-their-stores\/#breadcrumb"},"inLanguage":"es","potentialAction":[{"@type":"ReadAction","target":["https:\/\/slamdunkattorney.com\/faqs\/can-i-sue-a-company-for-a-slip-and-fall-in-one-of-their-stores\/"]}]},{"@type":"ImageObject","inLanguage":"es","@id":"https:\/\/slamdunkattorney.com\/faqs\/can-i-sue-a-company-for-a-slip-and-fall-in-one-of-their-stores\/#primaryimage","url":"https:\/\/slamdunkattorney.com\/wp-content\/uploads\/2025\/03\/can-i-sue-a-company-for-a-slip-and-fall-in-one-of-their-stores.jpg","contentUrl":"https:\/\/slamdunkattorney.com\/wp-content\/uploads\/2025\/03\/can-i-sue-a-company-for-a-slip-and-fall-in-one-of-their-stores.jpg","width":1000,"height":666,"caption":"A man holding his back after slipping and falling on a wet floor. Can I sue a company for a slip and fall in one of their stores?"},{"@type":"BreadcrumbList","@id":"https:\/\/slamdunkattorney.com\/faqs\/can-i-sue-a-company-for-a-slip-and-fall-in-one-of-their-stores\/#breadcrumb","itemListElement":[{"@type":"ListItem","position":1,"name":"Home","item":"https:\/\/slamdunkattorney.com\/"},{"@type":"ListItem","position":2,"name":"FAQs","item":"https:\/\/slamdunkattorney.com\/faqs\/"},{"@type":"ListItem","position":3,"name":"Can I Sue a Company for a Slip and Fall in One of Their Stores?"}]},{"@type":"WebSite","@id":"https:\/\/slamdunkattorney.com\/#website","url":"https:\/\/slamdunkattorney.com\/","name":"Abogado experto en lesiones | Abogados especializados en lesiones","description":"Abogados de lesiones personales en Duluth","publisher":{"@id":"https:\/\/slamdunkattorney.com\/#organization"},"alternateName":"Slam Dunk Attorney","inLanguage":"es"},{"@type":"Organization","@id":"https:\/\/slamdunkattorney.com\/#organization","name":"Abogado Slam Dunk","alternateName":"Slam Dunk","url":"https:\/\/slamdunkattorney.com\/","logo":{"@type":"ImageObject","inLanguage":"es","@id":"https:\/\/slamdunkattorney.com\/#\/schema\/logo\/image\/","url":"https:\/\/slamdunkattorney.com\/wp-content\/uploads\/2023\/05\/cropped-Logo.png","contentUrl":"https:\/\/slamdunkattorney.com\/wp-content\/uploads\/2023\/05\/cropped-Logo.png","width":1080,"height":240,"caption":"Slam Dunk Attorney"},"image":{"@id":"https:\/\/slamdunkattorney.com\/#\/schema\/logo\/image\/"},"sameAs":["https:\/\/www.facebook.com\/slamdunkattorneyinjurylawyers\/","https:\/\/x.com\/slamdunkattorney","https:\/\/www.instagram.com\/slamdunkattorney\/","https:\/\/www.youtube.com\/channel\/UCSrOiC7vOjlCi3UgtIVGNtw","https:\/\/www.linkedin.com\/company\/slamdunkattorneyinjurylawyers"]}]}},"yoast_meta":{"yoast_wpseo_title":"","yoast_wpseo_metadesc":"","yoast_wpseo_canonical":"https:\/\/slamdunkattorney.com\/es\/wp-json\/wp\/v2\/pages\/17329"},"_links":{"self":[{"href":"https:\/\/slamdunkattorney.com\/es\/wp-json\/wp\/v2\/pages\/17329","targetHints":{"allow":["GET"]}}],"collection":[{"href":"https:\/\/slamdunkattorney.com\/es\/wp-json\/wp\/v2\/pages"}],"about":[{"href":"https:\/\/slamdunkattorney.com\/es\/wp-json\/wp\/v2\/types\/page"}],"author":[{"embeddable":true,"href":"https:\/\/slamdunkattorney.com\/es\/wp-json\/wp\/v2\/users\/2"}],"replies":[{"embeddable":true,"href":"https:\/\/slamdunkattorney.com\/es\/wp-json\/wp\/v2\/comments?post=17329"}],"version-history":[{"count":0,"href":"https:\/\/slamdunkattorney.com\/es\/wp-json\/wp\/v2\/pages\/17329\/revisions"}],"up":[{"embeddable":true,"href":"https:\/\/slamdunkattorney.com\/es\/wp-json\/wp\/v2\/pages\/5902"}],"wp:featuredmedia":[{"embeddable":true,"href":"https:\/\/slamdunkattorney.com\/es\/wp-json\/wp\/v2\/media\/17331"}],"wp:attachment":[{"href":"https:\/\/slamdunkattorney.com\/es\/wp-json\/wp\/v2\/media?parent=17329"}],"wp:term":[{"taxonomy":"extra-categories","embeddable":true,"href":"https:\/\/slamdunkattorney.com\/es\/wp-json\/wp\/v2\/extra-categories?post=17329"},{"taxonomy":"hc_faqs","embeddable":true,"href":"https:\/\/slamdunkattorney.com\/es\/wp-json\/wp\/v2\/hc_faqs?post=17329"}],"curies":[{"name":"wp","href":"https:\/\/api.w.org\/{rel}","templated":true}]}}