{"id":17326,"date":"2025-03-04T23:58:00","date_gmt":"2025-03-04T23:58:00","guid":{"rendered":"https:\/\/slamdunk.wpenginepowered.com\/?page_id=17326"},"modified":"2025-03-04T23:58:00","modified_gmt":"2025-03-04T23:58:00","slug":"faqs-how-do-city-bus-accident-cases-work-in-georgia","status":"publish","type":"page","link":"https:\/\/slamdunkattorney.com\/es\/faqs\/how-do-city-bus-accident-cases-work-in-georgia\/","title":{"rendered":"\u00bfC\u00f3mo funcionan los casos de accidentes de autobuses urbanos en Georgia?"},"content":{"rendered":"<p><span style=\"font-weight: 400;\">\u00bfC\u00f3mo se tramitan los casos de accidentes de autobuses urbanos en Georgia? <\/span><b>Los casos de accidentes de autobuses urbanos en Georgia funcionan de manera diferente a los dem\u00e1s.<\/b><span style=\"font-weight: 400;\"> Es posible que tengas que recurrir al seguro o demandar a la ciudad.<\/span><\/p>\n<p><span style=\"font-weight: 400;\">A <\/span><a href=\"https:\/\/slamdunkattorney.com\/es\/duluth\/bus-accident-lawyer\/\"><span style=\"font-weight: 400;\">Abogado especializado en accidentes de autob\u00fas en Duluth<\/span><\/a><span style=\"font-weight: 400;\"> puede ayudarle a reclamar una indemnizaci\u00f3n a cualquier persona responsable de su accidente.<\/span><\/p>\n<h2>C\u00f3mo funcionan los casos de accidentes de autobuses urbanos en Georgia si usted es conductor<\/h2>\n<p><span style=\"font-weight: 400;\">Si usted es automovilista, puede presentar una demanda contra la empresa de autobuses urbanos. Es recomendable que un abogado especializado en accidentes de autob\u00fas le represente. Su abogado puede analizar c\u00f3mo su <\/span><b>Accidente de autob\u00fas urbano en Georgia funcionar\u00e1 <\/b><span style=\"font-weight: 400;\">y lo que deber\u00e1 hacer para recibir la compensaci\u00f3n.\u00a0<\/span><\/p>\n<p><span style=\"font-weight: 400;\">Su abogado quiere demostrar que el conductor del autob\u00fas o su empleador fueron negligentes. Ellos <\/span><a href=\"https:\/\/slamdunkattorney.com\/es\/faqs\/what-does-personal-injury-litigation-mean-in-a-personal-injury-case\/\"><span style=\"font-weight: 400;\">Comprender los litigios por lesiones personales en los juicios.<\/span><\/a><span style=\"font-weight: 400;\"> y lo dif\u00edcil que puede resultar demostrar que la parte responsable fue negligente. Su abogado prepara un caso dise\u00f1ado para demostrar ante el tribunal que la parte culpable debe hacerse cargo de sus p\u00e9rdidas.\u00a0<\/span><\/p>\n<p><span style=\"font-weight: 400;\">Con d\u00e9cadas de experiencia legal combinada, Slam Dunk Attorney sabe c\u00f3mo manejar un caso de accidente de autob\u00fas. Perm\u00edtanos explicarle. <\/span><a href=\"https:\/\/slamdunkattorney.com\/es\/faqs\/what-do-personal-injury-lawyers-do\/\"><span style=\"font-weight: 400;\">\u00bfQu\u00e9 hacen los abogados especializados en lesiones personales?<\/span><\/a><span style=\"font-weight: 400;\"> y c\u00f3mo podemos ayudarle a obtener una indemnizaci\u00f3n por da\u00f1os y perjuicios de cualquier persona que haya causado su accidente de autob\u00fas. Programe una consulta gratuita con nosotros.\u00a0<\/span><\/p>\n\n<div class=\"cta-container row align-items-center\">\n    <div class=\"col-md-7\">\n        <p class=\"cta-text rs-content-cta\">Orgullosos de servir a Duluth y a todo Georgia <span>\u00a1Cont\u00e1ctenos para comenzar su recuperaci\u00f3n!<\/span> <a href=\"https:\/\/slamdunkattorney.com\/es\/\">Explore nuestras \u00e1reas de pr\u00e1ctica<\/a><\/p>\n    <\/div>\n    <div class=\"col-md-5\">\n        <img decoding=\"async\" src=\"https:\/\/slamdunkattorney.com\/wp-content\/themes\/slam-dunk-rebuild\/assets\/app\/img\/map-cta.jpg\" alt=\"Legal Consultation\" class=\"img-fluid\"\/>\n    <\/div>\n<\/div><h2>El papel del seguro de autom\u00f3vil en su caso de accidente de autob\u00fas urbano<\/h2>\n<p><span style=\"font-weight: 400;\">Est\u00e1 obligado por ley a llevar consigo <\/span><a href=\"https:\/\/oci.georgia.gov\/insurance-resources\/auto\" target=\"_blank\" rel=\"noopener\"><span style=\"font-weight: 400;\">seguro de autom\u00f3vil<\/span><\/a><span style=\"font-weight: 400;\"> si reside en Georgia y conduce un autom\u00f3vil. Notifique a su aseguradora de autom\u00f3viles si se ve involucrado en un accidente de autob\u00fas. Su aseguradora puede trabajar con la compa\u00f1\u00eda de seguros del conductor del autob\u00fas para determinar qui\u00e9n es el responsable.\u00a0<\/span><\/p>\n<p><span style=\"font-weight: 400;\">Pida ayuda a un abogado especializado en accidentes de autob\u00fas para su caso. Le puede proporcionar informaci\u00f3n sobre <\/span><a href=\"https:\/\/slamdunkattorney.com\/es\/faqs\/how-do-car-insurance-claims-work\/\"><span style=\"font-weight: 400;\">C\u00f3mo funcionan las reclamaciones de seguros de autom\u00f3viles<\/span><\/a><span style=\"font-weight: 400;\">. Si se justifica, su abogado puede negociar un acuerdo con la aseguradora de la parte responsable.\u00a0<\/span><\/p>\n<p><span style=\"font-weight: 400;\">En lo que respecta a c\u00f3mo funcionan los casos de accidentes de autobuses urbanos en Georgia, no hay garant\u00eda de que la compa\u00f1\u00eda de seguros de la parte culpable le proporcione una indemnizaci\u00f3n adecuada. Su abogado puede animarle a reclamar una indemnizaci\u00f3n mediante una demanda por lesiones. Si opta por esta opci\u00f3n, podr\u00eda obtener una indemnizaci\u00f3n por da\u00f1os econ\u00f3micos y no econ\u00f3micos.\u00a0<\/span><\/p>\n<h2>C\u00f3mo funciona un caso de accidente de autob\u00fas urbano en Georgia si usted es un peat\u00f3n<\/h2>\n<p><span style=\"font-weight: 400;\">Te preguntas c\u00f3mo se resolver\u00e1 un caso de colisi\u00f3n de autob\u00fas urbano en Georgia.<\/span><b> si eres peat\u00f3n<\/b><span style=\"font-weight: 400;\">. En esta situaci\u00f3n, as\u00f3ciese con un <\/span><a href=\"https:\/\/slamdunkattorney.com\/es\/duluth\/pedestrian-accident-lawyer\/\"><span style=\"font-weight: 400;\">Abogado especializado en accidentes de peatones en Duluth<\/span><\/a><span style=\"font-weight: 400;\">. Pueden ayudarle a obtener una indemnizaci\u00f3n del conductor del autob\u00fas, su empleador o cualquier otra parte responsable.\u00a0<\/span><\/p>\n<p><span style=\"font-weight: 400;\">Un abogado especializado en accidentes de peatones se asegura de que su solicitud de indemnizaci\u00f3n se presente de conformidad con la legislaci\u00f3n de Georgia. Por lo general, dispone de dos a\u00f1os desde la fecha del accidente para presentar una demanda. Su abogado puede analizar el <\/span><a href=\"https:\/\/slamdunkattorney.com\/es\/faqs\/when-will-i-get-my-personal-injury-settlement\/\"><span style=\"font-weight: 400;\">plazo previsto para llegar a un acuerdo por da\u00f1os personales<\/span><\/a><span style=\"font-weight: 400;\"> y cu\u00e1nto tiempo podr\u00eda tardar en recibir la indemnizaci\u00f3n por da\u00f1os y perjuicios.\u00a0<\/span><\/p>\n<p><span style=\"font-weight: 400;\">En su demanda, podr\u00eda obtener una indemnizaci\u00f3n por sus gastos m\u00e9dicos, da\u00f1os y perjuicios, y otras p\u00e9rdidas cuantificables y subjetivas. Para garantizar estos y otros da\u00f1os, debe demostrar que la parte responsable actu\u00f3 de forma negligente. Si usted y su abogado tienen \u00e9xito, podr\u00eda obtener el 100% de los da\u00f1os y perjuicios que ha solicitado.\u00a0<\/span><\/p>\n\n<div class=\"cta-container row align-items-center\">\n    <div class=\"col-md-7\">\n        <p class=\"cta-text rs-content-cta\"><a class=\"no-btn\" href=\"https:\/\/slamdunkattorney.com\/es\/contact-us\/\">Haga clic para contactar<\/a> nuestros abogados especializados en lesiones personales hoy mismo<\/p>\n    <\/div>\n    <div class=\"col-md-5\">\n        <img decoding=\"async\" src=\"https:\/\/slamdunkattorney.com\/wp-content\/themes\/slam-dunk-rebuild\/assets\/app\/img\/map-cta.jpg\" alt=\"Contact Us\" class=\"img-fluid\"\/>\n    <\/div>\n<\/div><h2>C\u00f3mo obtener una indemnizaci\u00f3n si sufre una lesi\u00f3n mientras viaja en autob\u00fas<\/h2>\n<p><b>Llamar al 911 es una de las mejores cosas que puedes hacer.<\/b><span style=\"font-weight: 400;\"> en los momentos posteriores al accidente de autob\u00fas. Esto har\u00e1 que el personal m\u00e9dico acuda al lugar del accidente para evaluar y tratar sus lesiones. Adem\u00e1s, los agentes de polic\u00eda acudir\u00e1n al lugar para hablar con usted y con otras personas sobre el incidente y redactar un informe en los d\u00edas posteriores.\u00a0<\/span><\/p>\n<p><span style=\"font-weight: 400;\">P\u00f3ngase en contacto con un abogado especializado en lesiones personales con experiencia en casos de accidentes de autob\u00fas en los d\u00edas posteriores al accidente. Su abogado podr\u00e1 responder a cualquier pregunta que tenga sobre c\u00f3mo funcionan los casos de accidentes de autob\u00fas urbano en Georgia y si tiene motivos para presentar una demanda. Si decide demandar, \u00e9l podr\u00e1 representarlo en el proceso judicial.\u00a0<\/span><\/p>\n<p><span style=\"font-weight: 400;\">Demandar por da\u00f1os y perjuicios no significa que los vaya a recuperar. Es posible que necesite declaraciones de testigos, fotos del lugar del accidente y otras pruebas que respalden su caso. Con la ayuda de su abogado, puede reunir pruebas que dejen claro al juez o al jurado que se deben conceder los da\u00f1os y perjuicios completos.\u00a0<\/span><\/p>\n\n<div class=\"cta-container map-bg row align-items-center flex-md-row-reverse\">\n    <div class=\"col-md-6\">\n        <p class=\"cta-text rs-content-cta\">Completa un <a href=\"https:\/\/slamdunkattorney.com\/es\/contact-us\/\">Formulario de evaluaci\u00f3n gratuita de su caso<\/a> ahora<\/p>\n    <\/div>\n    <div class=\"col-md-6 col-bg\">\n    <\/div>\n<\/div><h2>Consejos para ayudarle con su caso de accidente de autob\u00fas en Georgia<\/h2>\n<p><span style=\"font-weight: 400;\">No intente \u201caguantar\u201d despu\u00e9s de su accidente de autob\u00fas y no asuma la responsabilidad de sus p\u00e9rdidas. Si alguien m\u00e1s es el culpable, h\u00e1galo responsable. Un abogado especializado en accidentes de autob\u00fas puede emprender acciones legales en su nombre contra las partes responsables y puede proporcionarle diversos consejos que le ayudar\u00e1n durante el proceso legal, tales como:<\/span><\/p>\n<h3>Busque atenci\u00f3n m\u00e9dica.<\/h3>\n<p><span style=\"font-weight: 400;\">Si cree que las lesiones sufridas en un accidente de autob\u00fas mejorar\u00e1n por s\u00ed solas, pi\u00e9nselo de nuevo. Las lesiones graves pueden agravarse r\u00e1pidamente y pueden afectarle durante el resto de su vida. Acuda al m\u00e9dico y deje que eval\u00fae y trate sus lesiones, contin\u00fae recibiendo atenci\u00f3n m\u00e9dica durante el tiempo que sea necesario y a\u00f1ada sus facturas m\u00e9dicas a las pruebas que tiene.\u00a0<\/span><\/p>\n<h3>Resista la tentaci\u00f3n de aceptar un acuerdo por debajo del valor real.<\/h3>\n<p><span style=\"font-weight: 400;\">Usted quiere recuperarse del accidente de autob\u00fas y de las lesiones, pero no puede trabajar ni disfrutar plenamente de su vida durante las semanas posteriores al choque. La parte responsable podr\u00eda ofrecerle un acuerdo que cubra algunas de sus p\u00e9rdidas, pero no todas. Usted puede rechazar esta propuesta, y hacerlo puede ser lo mejor si desea obtener la m\u00e1xima indemnizaci\u00f3n.<\/span><\/p>\n<h3>Mant\u00e9ngase en contacto con su abogado<\/h3>\n<p><span style=\"font-weight: 400;\">T\u00fa y tu abogado desean obtener el mejor resultado posible para el caso. Si en alg\u00fan momento durante el proceso no est\u00e1s seguro de qu\u00e9 hacer, habla con tu abogado. Desde aqu\u00ed, puedes obtener informaci\u00f3n \u00fatil para tomar decisiones legales informadas.\u00a0<\/span><\/p>\n<p><span style=\"font-weight: 400;\">Si su caso llega a juicio, su abogado se asegurar\u00e1 de que est\u00e9 preparado. Le explicar\u00e1 el proceso judicial para que sepa qu\u00e9 esperar. Cuando entre en la sala del tribunal, podr\u00e1 sentirse seguro respecto a su caso.\u00a0<\/span><\/p>\n<h2>Solicite ayuda legal mientras se enfoca en recuperarse de su accidente de autob\u00fas y sus lesiones.<\/h2>\n<p><span style=\"font-weight: 400;\">Slam Dunk Attorney cuenta con abogados especializados en lesiones personales que no temen llevar su caso de accidente de autob\u00fas a juicio. <\/span><b>Podemos ayudarle en cada etapa de su litigio. <\/b><span style=\"font-weight: 400;\">Cont\u00e1ctenos para obtener m\u00e1s informaci\u00f3n.\u00a0<\/span><\/p>\n\n<div class=\"cta-container row align-items-center\">\n    <div class=\"col-md-7\">\n        <p class=\"cta-text rs-content-cta\">Llame o env\u00ede un mensaje de texto <a class=\"no-btn\" href=\"tel:+14049513513\">404-951-3513<\/a> o completar un <a href=\"https:\/\/slamdunkattorney.com\/es\/contact-us\/\">Formulario de evaluaci\u00f3n gratuita de su caso<\/a><\/p>\n    <\/div>\n    <div class=\"col-md-5\">\n        <img decoding=\"async\" src=\"https:\/\/slamdunkattorney.com\/wp-content\/themes\/slam-dunk-rebuild\/assets\/app\/img\/map-cta.jpg\" alt=\"Call or Text\" class=\"img-fluid\"\/>\n    <\/div>\n<\/div>","protected":false},"excerpt":{"rendered":"<p>How do city bus accident cases work in Georgia? City bus accident cases in Georgia work differently from others. You may need to go through insurance or hold the city liable in a lawsuit. A Duluth bus accident lawyer can assist you as you try to recover compensation from anyone liable for your crash. How &#8230;<\/p>","protected":false},"author":2,"featured_media":17328,"parent":5902,"menu_order":0,"comment_status":"closed","ping_status":"closed","template":"","meta":{"_acf_changed":false,"_genesis_hide_title":false,"_genesis_hide_breadcrumbs":false,"_genesis_hide_singular_image":false,"_genesis_hide_footer_widgets":false,"_genesis_custom_body_class":"","_genesis_custom_post_class":"","_genesis_layout":"","ngg_post_thumbnail":0,"footnotes":""},"extra-categories":[],"hc_faqs":[40],"class_list":{"0":"post-17326","1":"page","2":"type-page","3":"status-publish","4":"has-post-thumbnail","6":"hc_faqs-personal-injury","7":"entry"},"acf":[],"yoast_head":"<!-- This site is optimized with the Yoast SEO plugin v27.3 - https:\/\/yoast.com\/product\/yoast-seo-wordpress\/ -->\n<title>How City Bus Accident Cases Work in Georgia | Slam Dunk<\/title>\n<meta name=\"description\" content=\"Find out how City Bus cases work in Georgia from the car accident lawyers at Slam Dunk Attorney. Call for a free consultation.\" \/>\n<meta name=\"robots\" content=\"index, follow, max-snippet:-1, max-image-preview:large, max-video-preview:-1\" \/>\n<link rel=\"canonical\" href=\"https:\/\/slamdunkattorney.com\/es\/faqs\/how-do-city-bus-accident-cases-work-in-georgia\/\" \/>\n<meta property=\"og:locale\" content=\"es_MX\" \/>\n<meta property=\"og:type\" content=\"article\" \/>\n<meta property=\"og:title\" content=\"How City Bus Accident Cases Work in Georgia | Slam Dunk\" \/>\n<meta property=\"og:description\" content=\"Find out how City Bus cases work in Georgia from the car accident lawyers at Slam Dunk Attorney. Call for a free consultation.\" \/>\n<meta property=\"og:url\" content=\"https:\/\/slamdunkattorney.com\/es\/faqs\/how-do-city-bus-accident-cases-work-in-georgia\/\" \/>\n<meta property=\"og:site_name\" content=\"Slam Dunk Attorney | Injury Lawyers\" \/>\n<meta property=\"article:publisher\" content=\"https:\/\/www.facebook.com\/slamdunkattorneyinjurylawyers\/\" \/>\n<meta property=\"og:image\" content=\"https:\/\/slamdunkattorney.com\/wp-content\/uploads\/2025\/03\/how-do-city-bus-accident-cases-work-in-georgia.jpg\" \/>\n\t<meta property=\"og:image:width\" content=\"1000\" \/>\n\t<meta property=\"og:image:height\" content=\"667\" \/>\n\t<meta property=\"og:image:type\" content=\"image\/jpeg\" \/>\n<meta name=\"twitter:card\" content=\"summary_large_image\" \/>\n<meta name=\"twitter:site\" content=\"@slamdunkattorney\" \/>\n<meta name=\"twitter:label1\" content=\"Est. reading time\" \/>\n\t<meta name=\"twitter:data1\" content=\"5 minutos\" \/>\n<script type=\"application\/ld+json\" class=\"yoast-schema-graph\">{\"@context\":\"https:\\\/\\\/schema.org\",\"@graph\":[{\"@type\":\"WebPage\",\"@id\":\"https:\\\/\\\/slamdunkattorney.com\\\/faqs\\\/how-do-city-bus-accident-cases-work-in-georgia\\\/\",\"url\":\"https:\\\/\\\/slamdunkattorney.com\\\/faqs\\\/how-do-city-bus-accident-cases-work-in-georgia\\\/\",\"name\":\"How City Bus Accident Cases Work in Georgia | Slam Dunk\",\"isPartOf\":{\"@id\":\"https:\\\/\\\/slamdunkattorney.com\\\/#website\"},\"primaryImageOfPage\":{\"@id\":\"https:\\\/\\\/slamdunkattorney.com\\\/faqs\\\/how-do-city-bus-accident-cases-work-in-georgia\\\/#primaryimage\"},\"image\":{\"@id\":\"https:\\\/\\\/slamdunkattorney.com\\\/faqs\\\/how-do-city-bus-accident-cases-work-in-georgia\\\/#primaryimage\"},\"thumbnailUrl\":\"https:\\\/\\\/slamdunkattorney.com\\\/wp-content\\\/uploads\\\/2025\\\/03\\\/how-do-city-bus-accident-cases-work-in-georgia.jpg\",\"datePublished\":\"2025-03-04T23:58:00+00:00\",\"description\":\"Find out how City Bus cases work in Georgia from the car accident lawyers at Slam Dunk Attorney. Call for a free consultation.\",\"breadcrumb\":{\"@id\":\"https:\\\/\\\/slamdunkattorney.com\\\/faqs\\\/how-do-city-bus-accident-cases-work-in-georgia\\\/#breadcrumb\"},\"inLanguage\":\"es\",\"potentialAction\":[{\"@type\":\"ReadAction\",\"target\":[\"https:\\\/\\\/slamdunkattorney.com\\\/faqs\\\/how-do-city-bus-accident-cases-work-in-georgia\\\/\"]}]},{\"@type\":\"ImageObject\",\"inLanguage\":\"es\",\"@id\":\"https:\\\/\\\/slamdunkattorney.com\\\/faqs\\\/how-do-city-bus-accident-cases-work-in-georgia\\\/#primaryimage\",\"url\":\"https:\\\/\\\/slamdunkattorney.com\\\/wp-content\\\/uploads\\\/2025\\\/03\\\/how-do-city-bus-accident-cases-work-in-georgia.jpg\",\"contentUrl\":\"https:\\\/\\\/slamdunkattorney.com\\\/wp-content\\\/uploads\\\/2025\\\/03\\\/how-do-city-bus-accident-cases-work-in-georgia.jpg\",\"width\":1000,\"height\":667,\"caption\":\"Two women and a man in a city bus accident in Georgia.\"},{\"@type\":\"BreadcrumbList\",\"@id\":\"https:\\\/\\\/slamdunkattorney.com\\\/faqs\\\/how-do-city-bus-accident-cases-work-in-georgia\\\/#breadcrumb\",\"itemListElement\":[{\"@type\":\"ListItem\",\"position\":1,\"name\":\"Home\",\"item\":\"https:\\\/\\\/slamdunkattorney.com\\\/\"},{\"@type\":\"ListItem\",\"position\":2,\"name\":\"FAQs\",\"item\":\"https:\\\/\\\/slamdunkattorney.com\\\/faqs\\\/\"},{\"@type\":\"ListItem\",\"position\":3,\"name\":\"How Do City Bus Accident Cases Work in Georgia?\"}]},{\"@type\":\"WebSite\",\"@id\":\"https:\\\/\\\/slamdunkattorney.com\\\/#website\",\"url\":\"https:\\\/\\\/slamdunkattorney.com\\\/\",\"name\":\"Slam Dunk Attorney | Injury Lawyers\",\"description\":\"Duluth Personal Injury Lawyers\",\"publisher\":{\"@id\":\"https:\\\/\\\/slamdunkattorney.com\\\/#organization\"},\"alternateName\":\"Slam Dunk Attorney\",\"inLanguage\":\"es\"},{\"@type\":\"Organization\",\"@id\":\"https:\\\/\\\/slamdunkattorney.com\\\/#organization\",\"name\":\"Slam Dunk Attorney\",\"alternateName\":\"Slam Dunk\",\"url\":\"https:\\\/\\\/slamdunkattorney.com\\\/\",\"logo\":{\"@type\":\"ImageObject\",\"inLanguage\":\"es\",\"@id\":\"https:\\\/\\\/slamdunkattorney.com\\\/#\\\/schema\\\/logo\\\/image\\\/\",\"url\":\"https:\\\/\\\/slamdunkattorney.com\\\/wp-content\\\/uploads\\\/2023\\\/05\\\/cropped-Logo.png\",\"contentUrl\":\"https:\\\/\\\/slamdunkattorney.com\\\/wp-content\\\/uploads\\\/2023\\\/05\\\/cropped-Logo.png\",\"width\":1080,\"height\":240,\"caption\":\"Slam Dunk Attorney\"},\"image\":{\"@id\":\"https:\\\/\\\/slamdunkattorney.com\\\/#\\\/schema\\\/logo\\\/image\\\/\"},\"sameAs\":[\"https:\\\/\\\/www.facebook.com\\\/slamdunkattorneyinjurylawyers\\\/\",\"https:\\\/\\\/x.com\\\/slamdunkattorney\",\"https:\\\/\\\/www.instagram.com\\\/slamdunkattorney\\\/\",\"https:\\\/\\\/www.youtube.com\\\/channel\\\/UCSrOiC7vOjlCi3UgtIVGNtw\",\"https:\\\/\\\/www.linkedin.com\\\/company\\\/slamdunkattorneyinjurylawyers\"]}]}<\/script>\n<!-- \/ Yoast SEO plugin. -->","yoast_head_json":{"title":"How City Bus Accident Cases Work in Georgia | Slam Dunk","description":"Find out how City Bus cases work in Georgia from the car accident lawyers at Slam Dunk Attorney. Call for a free consultation.","robots":{"index":"index","follow":"follow","max-snippet":"max-snippet:-1","max-image-preview":"max-image-preview:large","max-video-preview":"max-video-preview:-1"},"canonical":"https:\/\/slamdunkattorney.com\/es\/faqs\/how-do-city-bus-accident-cases-work-in-georgia\/","og_locale":"es_MX","og_type":"article","og_title":"How City Bus Accident Cases Work in Georgia | Slam Dunk","og_description":"Find out how City Bus cases work in Georgia from the car accident lawyers at Slam Dunk Attorney. Call for a free consultation.","og_url":"https:\/\/slamdunkattorney.com\/es\/faqs\/how-do-city-bus-accident-cases-work-in-georgia\/","og_site_name":"Slam Dunk Attorney | Injury Lawyers","article_publisher":"https:\/\/www.facebook.com\/slamdunkattorneyinjurylawyers\/","og_image":[{"width":1000,"height":667,"url":"https:\/\/slamdunkattorney.com\/wp-content\/uploads\/2025\/03\/how-do-city-bus-accident-cases-work-in-georgia.jpg","type":"image\/jpeg"}],"twitter_card":"summary_large_image","twitter_site":"@slamdunkattorney","twitter_misc":{"Est. reading time":"5 minutos"},"schema":{"@context":"https:\/\/schema.org","@graph":[{"@type":"WebPage","@id":"https:\/\/slamdunkattorney.com\/faqs\/how-do-city-bus-accident-cases-work-in-georgia\/","url":"https:\/\/slamdunkattorney.com\/faqs\/how-do-city-bus-accident-cases-work-in-georgia\/","name":"How City Bus Accident Cases Work in Georgia | Slam Dunk","isPartOf":{"@id":"https:\/\/slamdunkattorney.com\/#website"},"primaryImageOfPage":{"@id":"https:\/\/slamdunkattorney.com\/faqs\/how-do-city-bus-accident-cases-work-in-georgia\/#primaryimage"},"image":{"@id":"https:\/\/slamdunkattorney.com\/faqs\/how-do-city-bus-accident-cases-work-in-georgia\/#primaryimage"},"thumbnailUrl":"https:\/\/slamdunkattorney.com\/wp-content\/uploads\/2025\/03\/how-do-city-bus-accident-cases-work-in-georgia.jpg","datePublished":"2025-03-04T23:58:00+00:00","description":"Find out how City Bus cases work in Georgia from the car accident lawyers at Slam Dunk Attorney. Call for a free consultation.","breadcrumb":{"@id":"https:\/\/slamdunkattorney.com\/faqs\/how-do-city-bus-accident-cases-work-in-georgia\/#breadcrumb"},"inLanguage":"es","potentialAction":[{"@type":"ReadAction","target":["https:\/\/slamdunkattorney.com\/faqs\/how-do-city-bus-accident-cases-work-in-georgia\/"]}]},{"@type":"ImageObject","inLanguage":"es","@id":"https:\/\/slamdunkattorney.com\/faqs\/how-do-city-bus-accident-cases-work-in-georgia\/#primaryimage","url":"https:\/\/slamdunkattorney.com\/wp-content\/uploads\/2025\/03\/how-do-city-bus-accident-cases-work-in-georgia.jpg","contentUrl":"https:\/\/slamdunkattorney.com\/wp-content\/uploads\/2025\/03\/how-do-city-bus-accident-cases-work-in-georgia.jpg","width":1000,"height":667,"caption":"Two women and a man in a city bus accident in Georgia."},{"@type":"BreadcrumbList","@id":"https:\/\/slamdunkattorney.com\/faqs\/how-do-city-bus-accident-cases-work-in-georgia\/#breadcrumb","itemListElement":[{"@type":"ListItem","position":1,"name":"Home","item":"https:\/\/slamdunkattorney.com\/"},{"@type":"ListItem","position":2,"name":"FAQs","item":"https:\/\/slamdunkattorney.com\/faqs\/"},{"@type":"ListItem","position":3,"name":"How Do City Bus Accident Cases Work in Georgia?"}]},{"@type":"WebSite","@id":"https:\/\/slamdunkattorney.com\/#website","url":"https:\/\/slamdunkattorney.com\/","name":"Abogado experto en lesiones | Abogados especializados en lesiones","description":"Abogados de lesiones personales en Duluth","publisher":{"@id":"https:\/\/slamdunkattorney.com\/#organization"},"alternateName":"Slam Dunk Attorney","inLanguage":"es"},{"@type":"Organization","@id":"https:\/\/slamdunkattorney.com\/#organization","name":"Abogado Slam Dunk","alternateName":"Slam Dunk","url":"https:\/\/slamdunkattorney.com\/","logo":{"@type":"ImageObject","inLanguage":"es","@id":"https:\/\/slamdunkattorney.com\/#\/schema\/logo\/image\/","url":"https:\/\/slamdunkattorney.com\/wp-content\/uploads\/2023\/05\/cropped-Logo.png","contentUrl":"https:\/\/slamdunkattorney.com\/wp-content\/uploads\/2023\/05\/cropped-Logo.png","width":1080,"height":240,"caption":"Slam Dunk Attorney"},"image":{"@id":"https:\/\/slamdunkattorney.com\/#\/schema\/logo\/image\/"},"sameAs":["https:\/\/www.facebook.com\/slamdunkattorneyinjurylawyers\/","https:\/\/x.com\/slamdunkattorney","https:\/\/www.instagram.com\/slamdunkattorney\/","https:\/\/www.youtube.com\/channel\/UCSrOiC7vOjlCi3UgtIVGNtw","https:\/\/www.linkedin.com\/company\/slamdunkattorneyinjurylawyers"]}]}},"yoast_meta":{"yoast_wpseo_title":"","yoast_wpseo_metadesc":"","yoast_wpseo_canonical":"https:\/\/slamdunkattorney.com\/es\/wp-json\/wp\/v2\/pages\/17326"},"_links":{"self":[{"href":"https:\/\/slamdunkattorney.com\/es\/wp-json\/wp\/v2\/pages\/17326","targetHints":{"allow":["GET"]}}],"collection":[{"href":"https:\/\/slamdunkattorney.com\/es\/wp-json\/wp\/v2\/pages"}],"about":[{"href":"https:\/\/slamdunkattorney.com\/es\/wp-json\/wp\/v2\/types\/page"}],"author":[{"embeddable":true,"href":"https:\/\/slamdunkattorney.com\/es\/wp-json\/wp\/v2\/users\/2"}],"replies":[{"embeddable":true,"href":"https:\/\/slamdunkattorney.com\/es\/wp-json\/wp\/v2\/comments?post=17326"}],"version-history":[{"count":0,"href":"https:\/\/slamdunkattorney.com\/es\/wp-json\/wp\/v2\/pages\/17326\/revisions"}],"up":[{"embeddable":true,"href":"https:\/\/slamdunkattorney.com\/es\/wp-json\/wp\/v2\/pages\/5902"}],"wp:featuredmedia":[{"embeddable":true,"href":"https:\/\/slamdunkattorney.com\/es\/wp-json\/wp\/v2\/media\/17328"}],"wp:attachment":[{"href":"https:\/\/slamdunkattorney.com\/es\/wp-json\/wp\/v2\/media?parent=17326"}],"wp:term":[{"taxonomy":"extra-categories","embeddable":true,"href":"https:\/\/slamdunkattorney.com\/es\/wp-json\/wp\/v2\/extra-categories?post=17326"},{"taxonomy":"hc_faqs","embeddable":true,"href":"https:\/\/slamdunkattorney.com\/es\/wp-json\/wp\/v2\/hc_faqs?post=17326"}],"curies":[{"name":"wp","href":"https:\/\/api.w.org\/{rel}","templated":true}]}}