{"id":17322,"date":"2025-03-04T23:56:38","date_gmt":"2025-03-04T23:56:38","guid":{"rendered":"https:\/\/slamdunk.wpenginepowered.com\/?page_id=17322"},"modified":"2025-03-04T23:57:09","modified_gmt":"2025-03-04T23:57:09","slug":"faqs-do-most-slip-and-fall-cases-go-to-trial","status":"publish","type":"page","link":"https:\/\/slamdunkattorney.com\/es\/faqs\/do-most-slip-and-fall-cases-go-to-trial\/","title":{"rendered":"\u00bfLa mayor\u00eda de los casos de resbalones y ca\u00eddas llegan a juicio?"},"content":{"rendered":"<p><span style=\"font-weight: 400;\">\u00bfLa mayor\u00eda de los casos de resbalones y ca\u00eddas llegan a juicio? La respuesta es no, y <\/span><b>Hasta 951 casos de resbalones y ca\u00eddas se resuelven mediante negociaciones.<\/b><span style=\"font-weight: 400;\">, lo que significa que puede obtener una indemnizaci\u00f3n de los responsables antes.\u00a0<\/span><\/p>\n<p><span style=\"font-weight: 400;\">Si ha resultado lesionado por la negligencia del propietario de un inmueble, puede asociarse con un abogado calificado. <\/span><a href=\"https:\/\/slamdunkattorney.com\/es\/duluth\/premises-liability-lawyer\/\"><span style=\"font-weight: 400;\">Abogado especializado en responsabilidad civil inmobiliaria en Duluth<\/span><\/a><span style=\"font-weight: 400;\"> qui\u00e9n puede determinar qu\u00e9 sucedi\u00f3, qui\u00e9n es el responsable y cu\u00e1nto le corresponde por su acuerdo por resbal\u00f3n y ca\u00edda.<\/span><\/p>\n<h2>Mostrar culpa puede afectar si su caso de resbal\u00f3n y ca\u00edda llega a juicio<\/h2>\n<p><span style=\"font-weight: 400;\">En un caso de resbal\u00f3n y ca\u00edda, debe demostrar c\u00f3mo el propietario es responsable de sus lesiones. Al hacerlo, podr\u00e1 obtener una indemnizaci\u00f3n por sus gastos m\u00e9dicos, salarios perdidos y otros gastos. Su abogado especializado en resbalones y ca\u00eddas recopilar\u00e1 pruebas para demostrar estos cuatro elementos:<\/span><\/p>\n<ul>\n<li style=\"font-weight: 400;\" aria-level=\"1\"><span style=\"font-weight: 400;\">Exist\u00eda un peligro o una condici\u00f3n peligrosa que el propietario conoc\u00eda o deber\u00eda haber conocido.<\/span><\/li>\n<li style=\"font-weight: 400;\" aria-level=\"1\"><span style=\"font-weight: 400;\">El due\u00f1o no repar\u00f3 el peligro ni te advirti\u00f3 al respecto.<\/span><\/li>\n<li style=\"font-weight: 400;\" aria-level=\"1\"><span style=\"font-weight: 400;\">El peligro es la causa directa de las lesiones que sufriste al resbalar y caer.<\/span><\/li>\n<li style=\"font-weight: 400;\" aria-level=\"1\"><span style=\"font-weight: 400;\">Tienes gastos relacionados con tu lesi\u00f3n que requieren una compensaci\u00f3n por parte del propietario debido a su negligencia.<\/span><\/li>\n<\/ul>\n<p><span style=\"font-weight: 400;\">Cuando los abogados pueden demostrar que todo esto es cierto, la mayor\u00eda de los casos de resbalones y ca\u00eddas no llegan a juicio. Con pruebas como fotos y registros m\u00e9dicos, su abogado tiene m\u00e1s posibilidades de negociar un acuerdo satisfactorio fuera de los tribunales. Esto le permite recuperarse m\u00e1s r\u00e1pidamente con los recursos que necesita.\u00a0<\/span><\/p>\n\n<div class=\"cta-container row align-items-center\">\n    <div class=\"col-md-7\">\n        <p class=\"cta-text rs-content-cta\">Orgullosos de servir a Duluth y a todo Georgia <span>\u00a1Cont\u00e1ctenos para comenzar su recuperaci\u00f3n!<\/span> <a href=\"https:\/\/slamdunkattorney.com\/es\/\">Explore nuestras \u00e1reas de pr\u00e1ctica<\/a><\/p>\n    <\/div>\n    <div class=\"col-md-5\">\n        <img decoding=\"async\" src=\"https:\/\/slamdunkattorney.com\/wp-content\/themes\/slam-dunk-rebuild\/assets\/app\/img\/map-cta.jpg\" alt=\"Legal Consultation\" class=\"img-fluid\"\/>\n    <\/div>\n<\/div><h2>Los casos de resbalones y ca\u00eddas dependen de muchos factores<\/h2>\n<p><span style=\"font-weight: 400;\">Si ha sufrido una lesi\u00f3n en la propiedad de otra persona debido a su negligencia, debe comprender los diversos factores que influyen en si su<\/span><b> El caso de resbal\u00f3n y ca\u00edda va a juicio.<\/b><span style=\"font-weight: 400;\">. Uno de los elementos principales que su abogado especializado en lesiones personales debe establecer es si usted ten\u00eda derecho a estar en la propiedad en el momento en que sufri\u00f3 la lesi\u00f3n. Si es as\u00ed, es probable que tenga derecho a reclamar una indemnizaci\u00f3n por da\u00f1os y perjuicios al propietario.<\/span><\/p>\n<p><span style=\"font-weight: 400;\">Hay tres tipos de visitantes de propiedades seg\u00fan <\/span><a href=\"https:\/\/legalaid-ga.org\/premises-liability\/\" target=\"_blank\" rel=\"noopener\"><span style=\"font-weight: 400;\">ley de Georgia<\/span><\/a><span style=\"font-weight: 400;\">:\u00a0<\/span><\/p>\n<ul>\n<li style=\"font-weight: 400;\" aria-level=\"1\"><b>Invitados<\/b>: <span style=\"font-weight: 400;\">Si usted es un invitado, el propietario le ha dado permiso para entrar en las instalaciones mediante una invitaci\u00f3n directa, como una fiesta o una entrada para un concierto, o si es cliente de un negocio. Los propietarios tienen el deber de cuidar al m\u00e1ximo a los invitados para mantenerlos a salvo de cualquier da\u00f1o.<\/span><\/li>\n<li style=\"font-weight: 400;\" aria-level=\"1\"><b>Titulares de licencias<\/b>:<span style=\"font-weight: 400;\"> Un licenciatario se encuentra en una propiedad tanto para su propio beneficio como para el del propietario, como por ejemplo un repartidor que lleva productos a una tienda para que el propietario del negocio los venda. El deber de cuidado de un licenciatario es casi tan alto como el de un invitado.<\/span><\/li>\n<li style=\"font-weight: 400;\" aria-level=\"1\"><b>Intrusos<\/b>: <span style=\"font-weight: 400;\">Los intrusos no tienen derecho a estar en una propiedad, por lo que los propietarios no tienen ninguna obligaci\u00f3n de cuidarles, salvo la de abstenerse de hacerles da\u00f1o intencionadamente. Una excepci\u00f3n es si el intruso es un menor de edad.<\/span><\/li>\n<\/ul>\n<p><span style=\"font-weight: 400;\">Otros factores que pueden determinar si su caso de resbal\u00f3n y ca\u00edda llega a juicio son si usted tiene alguna culpa por la ca\u00edda y si el due\u00f1o de la tienda conoc\u00eda el peligro.\u00a0<\/span><\/p>\n<p><span style=\"font-weight: 400;\">Su abogado especializado en resbalones y ca\u00eddas trabajar\u00e1 para minimizar cualquier culpa que usted pueda tener, como llevar chanclas en una tienda donde resbal\u00f3 sobre un l\u00edquido derramado, para que pueda obtener la m\u00e1xima indemnizaci\u00f3n. Trabajar\u00e1n para demostrar que el propietario de la tienda es el culpable por no limpiar el derrame.<\/span><\/p>\n<h2>La mayor\u00eda de los casos de resbalones y ca\u00eddas se resuelven mediante negociaci\u00f3n, no en juicio.<\/h2>\n<p><span style=\"font-weight: 400;\">Su abogado especializado en resbalones y ca\u00eddas recopilar\u00e1 fotos, informes del accidente, videos, declaraciones de testigos e historiales m\u00e9dicos para demostrar que el propietario es responsable de sus lesiones. Comenzar\u00e1 a negociar con la compa\u00f1\u00eda de seguros o el abogado del propietario, trabajando para demostrar lo que sucedi\u00f3 y la indemnizaci\u00f3n que usted merece. Al construir un caso s\u00f3lido, su abogado utilizar\u00e1 sus conocimientos y habilidades para alcanzar un acuerdo justo y adecuado.<\/span><\/p>\n<p><span style=\"font-weight: 400;\">Los ajustadores de seguros suelen intentar limitar lo que tienen que pagar, ya que tratan de proteger los beneficios de su empresa. Es posible que hagan una oferta inicial baja y esperen que usted aproveche la oportunidad para llegar a un acuerdo r\u00e1pidamente. Aunque tiene esa opci\u00f3n, trabajar con un abogado con experiencia en lesiones personales significa que cuenta con alguien de su lado que puede asesorarle sobre si la compa\u00f1\u00eda de seguros podr\u00eda pagar m\u00e1s.<\/span><\/p>\n<p><span style=\"font-weight: 400;\">Quiz\u00e1s se pregunte: \u201c<\/span><a href=\"https:\/\/slamdunkattorney.com\/es\/faqs\/how-do-i-negotiate-a-settlement-agreement\/\"><span style=\"font-weight: 400;\">\u00bfC\u00f3mo puedo negociar un acuerdo de conciliaci\u00f3n?<\/span><\/a><span style=\"font-weight: 400;\">\u201dLa respuesta es que su abogado le ayudar\u00e1 a calcular el valor total de su reclamaci\u00f3n y presionar\u00e1 a los representantes de la aseguradora hasta que le hagan una oferta justa. Esto puede llevar unos d\u00edas o incluso semanas, pero si parece que la otra parte no va a negociar con usted, su abogado puede aconsejarle que es hora de <\/span><b>caso de resbal\u00f3n y ca\u00edda que ir\u00e1 a juicio.\u00a0<\/b><\/p>\n\n<div class=\"cta-container row align-items-center\">\n    <div class=\"col-md-7\">\n        <p class=\"cta-text rs-content-cta\"><a class=\"no-btn\" href=\"https:\/\/slamdunkattorney.com\/es\/contact-us\/\">Haga clic para contactar<\/a> nuestros abogados especializados en lesiones personales hoy mismo<\/p>\n    <\/div>\n    <div class=\"col-md-5\">\n        <img decoding=\"async\" src=\"https:\/\/slamdunkattorney.com\/wp-content\/themes\/slam-dunk-rebuild\/assets\/app\/img\/map-cta.jpg\" alt=\"Contact Us\" class=\"img-fluid\"\/>\n    <\/div>\n<\/div><h2>\u00bfQu\u00e9 sucede si su caso de resbal\u00f3n y ca\u00edda llega a juicio?<\/h2>\n<p><span style=\"font-weight: 400;\">Si su caso de resbal\u00f3n y ca\u00edda llega a juicio, su abogado presentar\u00e1 la documentaci\u00f3n, lo preparar\u00e1 para el juicio y continuar\u00e1 negociando con la otra parte. Es com\u00fan que los casos se resuelvan una vez que ha comenzado el juicio y cada parte ve las pruebas de la otra. Una ventaja de acudir a los tribunales es que tiene m\u00e1s posibilidades de obtener una indemnizaci\u00f3n por su dolor y sufrimiento.<\/span><\/p>\n<p><span style=\"font-weight: 400;\">Las p\u00f3lizas de seguro no suelen cubrir<\/span><b> da\u00f1os generales<\/b><span style=\"font-weight: 400;\">, pero su abogado puede orientarle al respecto. <\/span><a href=\"https:\/\/slamdunkattorney.com\/es\/faqs\/what-is-my-pain-and-suffering-worth-in-a-personal-injury-case\/\"><span style=\"font-weight: 400;\">C\u00e1lculo del valor del dolor y el sufrimiento en un caso de lesiones personales<\/span><\/a><span style=\"font-weight: 400;\">, como angustia mental, dolor cr\u00f3nico y p\u00e9rdida del disfrute de la vida. Es posible que tenga m\u00e1s posibilidades de obtener el pago de estos costos si presenta su caso ante un juez y un jurado. Junto con su <\/span><a href=\"https:\/\/www.law.cornell.edu\/wex\/special_damages\" target=\"_blank\" rel=\"noopener\"><span style=\"font-weight: 400;\">da\u00f1os especiales<\/span><\/a><span style=\"font-weight: 400;\"> (por ejemplo, gastos m\u00e9dicos e ingresos perdidos), tambi\u00e9n es posible que tenga la oportunidad de recibir da\u00f1os punitivos si las acciones de la otra parte lo justifican.<\/span><\/p>\n<p><span style=\"font-weight: 400;\">Aunque son poco frecuentes, el tribunal puede conceder <\/span><span style=\"font-weight: 400;\">da\u00f1os punitivos<\/span><span style=\"font-weight: 400;\"> si el due\u00f1o de la propiedad caus\u00f3 un peligro a prop\u00f3sito o fue especialmente negligente al repararlo. Por lo general, hay que presentar pruebas adicionales que demuestren la situaci\u00f3n. Aunque las indemnizaciones por da\u00f1os punitivos suelen ser elevadas, puede resultar dif\u00edcil cobrarlas si el due\u00f1o de la propiedad no puede pagarlas. <\/span><\/p>\n\n<div class=\"cta-container map-bg row align-items-center flex-md-row-reverse\">\n    <div class=\"col-md-6\">\n        <p class=\"cta-text rs-content-cta\">Completa un <a href=\"https:\/\/slamdunkattorney.com\/es\/contact-us\/\">Formulario de evaluaci\u00f3n gratuita de su caso<\/a> ahora<\/p>\n    <\/div>\n    <div class=\"col-md-6 col-bg\">\n    <\/div>\n<\/div><h2>Obtenga la ayuda legal que necesita para su caso de resbal\u00f3n y ca\u00edda.<\/h2>\n<p><span style=\"font-weight: 400;\">Para obtener m\u00e1s informaci\u00f3n sobre si <\/span><b>La mayor\u00eda de los casos de resbalones y ca\u00eddas llegan a juicio.<\/b><span style=\"font-weight: 400;\"> y c\u00f3mo gestionar su reclamaci\u00f3n personal, p\u00f3ngase en contacto con Slam Dunk Attorney Injury Lawyers hoy mismo.\u00a0<\/span><\/p>\n<p><b>Ofrecemos consultas gratuitas.<\/b><span style=\"font-weight: 400;\">, y nos comprometemos a obtener la m\u00e1xima indemnizaci\u00f3n para su caso. Ll\u00e1menos o utilice nuestro formulario de contacto para <\/span><a href=\"https:\/\/slamdunkattorney.com\/es\/meet-our-team\/\"><span style=\"font-weight: 400;\">Conoce a nuestro equipo<\/span><\/a><span style=\"font-weight: 400;\"> y comience hoy mismo con un abogado especializado en resbalones y ca\u00eddas. <\/span><\/p>\n\n<div class=\"cta-container row align-items-center\">\n    <div class=\"col-md-7\">\n        <p class=\"cta-text rs-content-cta\">Llame o env\u00ede un mensaje de texto <a class=\"no-btn\" href=\"tel:+14049513513\">404-951-3513<\/a> o completar un <a href=\"https:\/\/slamdunkattorney.com\/es\/contact-us\/\">Formulario de evaluaci\u00f3n gratuita de su caso<\/a><\/p>\n    <\/div>\n    <div class=\"col-md-5\">\n        <img decoding=\"async\" src=\"https:\/\/slamdunkattorney.com\/wp-content\/themes\/slam-dunk-rebuild\/assets\/app\/img\/map-cta.jpg\" alt=\"Call or Text\" class=\"img-fluid\"\/>\n    <\/div>\n<\/div>","protected":false},"excerpt":{"rendered":"<p>Do most slip and fall cases go to trial? The answer is no, and as many as 95% of slip and fall cases are settled in negotiations, meaning you can get compensation from those at fault sooner.\u00a0 If you\u2019ve been hurt by a property owner\u2019s negligence, you can partner with a qualified Duluth premises liability &#8230;<\/p>","protected":false},"author":2,"featured_media":17325,"parent":5902,"menu_order":0,"comment_status":"closed","ping_status":"closed","template":"","meta":{"_acf_changed":false,"_genesis_hide_title":false,"_genesis_hide_breadcrumbs":false,"_genesis_hide_singular_image":false,"_genesis_hide_footer_widgets":false,"_genesis_custom_body_class":"","_genesis_custom_post_class":"","_genesis_layout":"","ngg_post_thumbnail":0,"footnotes":""},"extra-categories":[],"hc_faqs":[40],"class_list":{"0":"post-17322","1":"page","2":"type-page","3":"status-publish","4":"has-post-thumbnail","6":"hc_faqs-personal-injury","7":"entry"},"acf":[],"yoast_head":"<!-- This site is optimized with the Yoast SEO plugin v27.5 - https:\/\/yoast.com\/product\/yoast-seo-wordpress\/ -->\n<title>Do All Slip and Fall Cases Go to Trial? | Slam Dunk Attorney<\/title>\n<meta name=\"description\" content=\"Find out if most slip and fall cases go to trial from the personal injury lawyers at Slam Dunk Attorney. Call for a free consultation.\" \/>\n<meta name=\"robots\" content=\"index, follow, max-snippet:-1, max-image-preview:large, max-video-preview:-1\" \/>\n<link rel=\"canonical\" href=\"https:\/\/slamdunkattorney.com\/es\/faqs\/do-most-slip-and-fall-cases-go-to-trial\/\" \/>\n<meta property=\"og:locale\" content=\"es_MX\" \/>\n<meta property=\"og:type\" content=\"article\" \/>\n<meta property=\"og:title\" content=\"Do All Slip and Fall Cases Go to Trial? | Slam Dunk Attorney\" \/>\n<meta property=\"og:description\" content=\"Find out if most slip and fall cases go to trial from the personal injury lawyers at Slam Dunk Attorney. Call for a free consultation.\" \/>\n<meta property=\"og:url\" content=\"https:\/\/slamdunkattorney.com\/es\/faqs\/do-most-slip-and-fall-cases-go-to-trial\/\" \/>\n<meta property=\"og:site_name\" content=\"Slam Dunk Attorney | Injury Lawyers\" \/>\n<meta property=\"article:publisher\" content=\"https:\/\/www.facebook.com\/slamdunkattorneyinjurylawyers\/\" \/>\n<meta property=\"article:modified_time\" content=\"2025-03-04T23:57:09+00:00\" \/>\n<meta property=\"og:image\" content=\"https:\/\/slamdunkattorney.com\/wp-content\/uploads\/2025\/03\/do-most-slip-and-fall-cases-go-to-trial.jpg\" \/>\n\t<meta property=\"og:image:width\" content=\"1000\" \/>\n\t<meta property=\"og:image:height\" content=\"667\" \/>\n\t<meta property=\"og:image:type\" content=\"image\/jpeg\" \/>\n<meta name=\"twitter:card\" content=\"summary_large_image\" \/>\n<meta name=\"twitter:site\" content=\"@slamdunkattorney\" \/>\n<meta name=\"twitter:label1\" content=\"Est. reading time\" \/>\n\t<meta name=\"twitter:data1\" content=\"5 minutos\" \/>\n<script type=\"application\/ld+json\" class=\"yoast-schema-graph\">{\"@context\":\"https:\\\/\\\/schema.org\",\"@graph\":[{\"@type\":\"WebPage\",\"@id\":\"https:\\\/\\\/slamdunkattorney.com\\\/faqs\\\/do-most-slip-and-fall-cases-go-to-trial\\\/\",\"url\":\"https:\\\/\\\/slamdunkattorney.com\\\/faqs\\\/do-most-slip-and-fall-cases-go-to-trial\\\/\",\"name\":\"Do All Slip and Fall Cases Go to Trial? | Slam Dunk Attorney\",\"isPartOf\":{\"@id\":\"https:\\\/\\\/slamdunkattorney.com\\\/#website\"},\"primaryImageOfPage\":{\"@id\":\"https:\\\/\\\/slamdunkattorney.com\\\/faqs\\\/do-most-slip-and-fall-cases-go-to-trial\\\/#primaryimage\"},\"image\":{\"@id\":\"https:\\\/\\\/slamdunkattorney.com\\\/faqs\\\/do-most-slip-and-fall-cases-go-to-trial\\\/#primaryimage\"},\"thumbnailUrl\":\"https:\\\/\\\/slamdunkattorney.com\\\/wp-content\\\/uploads\\\/2025\\\/03\\\/do-most-slip-and-fall-cases-go-to-trial.jpg\",\"datePublished\":\"2025-03-04T23:56:38+00:00\",\"dateModified\":\"2025-03-04T23:57:09+00:00\",\"description\":\"Find out if most slip and fall cases go to trial from the personal injury lawyers at Slam Dunk Attorney. Call for a free consultation.\",\"breadcrumb\":{\"@id\":\"https:\\\/\\\/slamdunkattorney.com\\\/faqs\\\/do-most-slip-and-fall-cases-go-to-trial\\\/#breadcrumb\"},\"inLanguage\":\"es\",\"potentialAction\":[{\"@type\":\"ReadAction\",\"target\":[\"https:\\\/\\\/slamdunkattorney.com\\\/faqs\\\/do-most-slip-and-fall-cases-go-to-trial\\\/\"]}]},{\"@type\":\"ImageObject\",\"inLanguage\":\"es\",\"@id\":\"https:\\\/\\\/slamdunkattorney.com\\\/faqs\\\/do-most-slip-and-fall-cases-go-to-trial\\\/#primaryimage\",\"url\":\"https:\\\/\\\/slamdunkattorney.com\\\/wp-content\\\/uploads\\\/2025\\\/03\\\/do-most-slip-and-fall-cases-go-to-trial.jpg\",\"contentUrl\":\"https:\\\/\\\/slamdunkattorney.com\\\/wp-content\\\/uploads\\\/2025\\\/03\\\/do-most-slip-and-fall-cases-go-to-trial.jpg\",\"width\":1000,\"height\":667,\"caption\":\"A man on his back after slipping and falling on a wet floor. Do most slip and fall cases go to trial?\"},{\"@type\":\"BreadcrumbList\",\"@id\":\"https:\\\/\\\/slamdunkattorney.com\\\/faqs\\\/do-most-slip-and-fall-cases-go-to-trial\\\/#breadcrumb\",\"itemListElement\":[{\"@type\":\"ListItem\",\"position\":1,\"name\":\"Home\",\"item\":\"https:\\\/\\\/slamdunkattorney.com\\\/\"},{\"@type\":\"ListItem\",\"position\":2,\"name\":\"FAQs\",\"item\":\"https:\\\/\\\/slamdunkattorney.com\\\/faqs\\\/\"},{\"@type\":\"ListItem\",\"position\":3,\"name\":\"Do Most Slip and Fall Cases Go to Trial?\"}]},{\"@type\":\"WebSite\",\"@id\":\"https:\\\/\\\/slamdunkattorney.com\\\/#website\",\"url\":\"https:\\\/\\\/slamdunkattorney.com\\\/\",\"name\":\"Slam Dunk Attorney | Injury Lawyers\",\"description\":\"Duluth Personal Injury Lawyers\",\"publisher\":{\"@id\":\"https:\\\/\\\/slamdunkattorney.com\\\/#organization\"},\"alternateName\":\"Slam Dunk Attorney\",\"inLanguage\":\"es\"},{\"@type\":\"Organization\",\"@id\":\"https:\\\/\\\/slamdunkattorney.com\\\/#organization\",\"name\":\"Slam Dunk Attorney\",\"alternateName\":\"Slam Dunk\",\"url\":\"https:\\\/\\\/slamdunkattorney.com\\\/\",\"logo\":{\"@type\":\"ImageObject\",\"inLanguage\":\"es\",\"@id\":\"https:\\\/\\\/slamdunkattorney.com\\\/#\\\/schema\\\/logo\\\/image\\\/\",\"url\":\"https:\\\/\\\/slamdunkattorney.com\\\/wp-content\\\/uploads\\\/2023\\\/05\\\/cropped-Logo.png\",\"contentUrl\":\"https:\\\/\\\/slamdunkattorney.com\\\/wp-content\\\/uploads\\\/2023\\\/05\\\/cropped-Logo.png\",\"width\":1080,\"height\":240,\"caption\":\"Slam Dunk Attorney\"},\"image\":{\"@id\":\"https:\\\/\\\/slamdunkattorney.com\\\/#\\\/schema\\\/logo\\\/image\\\/\"},\"sameAs\":[\"https:\\\/\\\/www.facebook.com\\\/slamdunkattorneyinjurylawyers\\\/\",\"https:\\\/\\\/x.com\\\/slamdunkattorney\",\"https:\\\/\\\/www.instagram.com\\\/slamdunkattorney\\\/\",\"https:\\\/\\\/www.youtube.com\\\/channel\\\/UCSrOiC7vOjlCi3UgtIVGNtw\",\"https:\\\/\\\/www.linkedin.com\\\/company\\\/slamdunkattorneyinjurylawyers\"]}]}<\/script>\n<!-- \/ Yoast SEO plugin. -->","yoast_head_json":{"title":"Do All Slip and Fall Cases Go to Trial? | Slam Dunk Attorney","description":"Find out if most slip and fall cases go to trial from the personal injury lawyers at Slam Dunk Attorney. Call for a free consultation.","robots":{"index":"index","follow":"follow","max-snippet":"max-snippet:-1","max-image-preview":"max-image-preview:large","max-video-preview":"max-video-preview:-1"},"canonical":"https:\/\/slamdunkattorney.com\/es\/faqs\/do-most-slip-and-fall-cases-go-to-trial\/","og_locale":"es_MX","og_type":"article","og_title":"Do All Slip and Fall Cases Go to Trial? | Slam Dunk Attorney","og_description":"Find out if most slip and fall cases go to trial from the personal injury lawyers at Slam Dunk Attorney. Call for a free consultation.","og_url":"https:\/\/slamdunkattorney.com\/es\/faqs\/do-most-slip-and-fall-cases-go-to-trial\/","og_site_name":"Slam Dunk Attorney | Injury Lawyers","article_publisher":"https:\/\/www.facebook.com\/slamdunkattorneyinjurylawyers\/","article_modified_time":"2025-03-04T23:57:09+00:00","og_image":[{"width":1000,"height":667,"url":"https:\/\/slamdunkattorney.com\/wp-content\/uploads\/2025\/03\/do-most-slip-and-fall-cases-go-to-trial.jpg","type":"image\/jpeg"}],"twitter_card":"summary_large_image","twitter_site":"@slamdunkattorney","twitter_misc":{"Est. reading time":"5 minutos"},"schema":{"@context":"https:\/\/schema.org","@graph":[{"@type":"WebPage","@id":"https:\/\/slamdunkattorney.com\/faqs\/do-most-slip-and-fall-cases-go-to-trial\/","url":"https:\/\/slamdunkattorney.com\/faqs\/do-most-slip-and-fall-cases-go-to-trial\/","name":"Do All Slip and Fall Cases Go to Trial? | Slam Dunk Attorney","isPartOf":{"@id":"https:\/\/slamdunkattorney.com\/#website"},"primaryImageOfPage":{"@id":"https:\/\/slamdunkattorney.com\/faqs\/do-most-slip-and-fall-cases-go-to-trial\/#primaryimage"},"image":{"@id":"https:\/\/slamdunkattorney.com\/faqs\/do-most-slip-and-fall-cases-go-to-trial\/#primaryimage"},"thumbnailUrl":"https:\/\/slamdunkattorney.com\/wp-content\/uploads\/2025\/03\/do-most-slip-and-fall-cases-go-to-trial.jpg","datePublished":"2025-03-04T23:56:38+00:00","dateModified":"2025-03-04T23:57:09+00:00","description":"Find out if most slip and fall cases go to trial from the personal injury lawyers at Slam Dunk Attorney. Call for a free consultation.","breadcrumb":{"@id":"https:\/\/slamdunkattorney.com\/faqs\/do-most-slip-and-fall-cases-go-to-trial\/#breadcrumb"},"inLanguage":"es","potentialAction":[{"@type":"ReadAction","target":["https:\/\/slamdunkattorney.com\/faqs\/do-most-slip-and-fall-cases-go-to-trial\/"]}]},{"@type":"ImageObject","inLanguage":"es","@id":"https:\/\/slamdunkattorney.com\/faqs\/do-most-slip-and-fall-cases-go-to-trial\/#primaryimage","url":"https:\/\/slamdunkattorney.com\/wp-content\/uploads\/2025\/03\/do-most-slip-and-fall-cases-go-to-trial.jpg","contentUrl":"https:\/\/slamdunkattorney.com\/wp-content\/uploads\/2025\/03\/do-most-slip-and-fall-cases-go-to-trial.jpg","width":1000,"height":667,"caption":"A man on his back after slipping and falling on a wet floor. Do most slip and fall cases go to trial?"},{"@type":"BreadcrumbList","@id":"https:\/\/slamdunkattorney.com\/faqs\/do-most-slip-and-fall-cases-go-to-trial\/#breadcrumb","itemListElement":[{"@type":"ListItem","position":1,"name":"Home","item":"https:\/\/slamdunkattorney.com\/"},{"@type":"ListItem","position":2,"name":"FAQs","item":"https:\/\/slamdunkattorney.com\/faqs\/"},{"@type":"ListItem","position":3,"name":"Do Most Slip and Fall Cases Go to Trial?"}]},{"@type":"WebSite","@id":"https:\/\/slamdunkattorney.com\/#website","url":"https:\/\/slamdunkattorney.com\/","name":"Abogado experto en lesiones | Abogados especializados en lesiones","description":"Abogados de lesiones personales en Duluth","publisher":{"@id":"https:\/\/slamdunkattorney.com\/#organization"},"alternateName":"Slam Dunk Attorney","inLanguage":"es"},{"@type":"Organization","@id":"https:\/\/slamdunkattorney.com\/#organization","name":"Abogado Slam Dunk","alternateName":"Slam Dunk","url":"https:\/\/slamdunkattorney.com\/","logo":{"@type":"ImageObject","inLanguage":"es","@id":"https:\/\/slamdunkattorney.com\/#\/schema\/logo\/image\/","url":"https:\/\/slamdunkattorney.com\/wp-content\/uploads\/2023\/05\/cropped-Logo.png","contentUrl":"https:\/\/slamdunkattorney.com\/wp-content\/uploads\/2023\/05\/cropped-Logo.png","width":1080,"height":240,"caption":"Slam Dunk Attorney"},"image":{"@id":"https:\/\/slamdunkattorney.com\/#\/schema\/logo\/image\/"},"sameAs":["https:\/\/www.facebook.com\/slamdunkattorneyinjurylawyers\/","https:\/\/x.com\/slamdunkattorney","https:\/\/www.instagram.com\/slamdunkattorney\/","https:\/\/www.youtube.com\/channel\/UCSrOiC7vOjlCi3UgtIVGNtw","https:\/\/www.linkedin.com\/company\/slamdunkattorneyinjurylawyers"]}]}},"yoast_meta":{"yoast_wpseo_title":"","yoast_wpseo_metadesc":"","yoast_wpseo_canonical":"https:\/\/slamdunkattorney.com\/es\/wp-json\/wp\/v2\/pages\/17322"},"_links":{"self":[{"href":"https:\/\/slamdunkattorney.com\/es\/wp-json\/wp\/v2\/pages\/17322","targetHints":{"allow":["GET"]}}],"collection":[{"href":"https:\/\/slamdunkattorney.com\/es\/wp-json\/wp\/v2\/pages"}],"about":[{"href":"https:\/\/slamdunkattorney.com\/es\/wp-json\/wp\/v2\/types\/page"}],"author":[{"embeddable":true,"href":"https:\/\/slamdunkattorney.com\/es\/wp-json\/wp\/v2\/users\/2"}],"replies":[{"embeddable":true,"href":"https:\/\/slamdunkattorney.com\/es\/wp-json\/wp\/v2\/comments?post=17322"}],"version-history":[{"count":0,"href":"https:\/\/slamdunkattorney.com\/es\/wp-json\/wp\/v2\/pages\/17322\/revisions"}],"up":[{"embeddable":true,"href":"https:\/\/slamdunkattorney.com\/es\/wp-json\/wp\/v2\/pages\/5902"}],"wp:featuredmedia":[{"embeddable":true,"href":"https:\/\/slamdunkattorney.com\/es\/wp-json\/wp\/v2\/media\/17325"}],"wp:attachment":[{"href":"https:\/\/slamdunkattorney.com\/es\/wp-json\/wp\/v2\/media?parent=17322"}],"wp:term":[{"taxonomy":"extra-categories","embeddable":true,"href":"https:\/\/slamdunkattorney.com\/es\/wp-json\/wp\/v2\/extra-categories?post=17322"},{"taxonomy":"hc_faqs","embeddable":true,"href":"https:\/\/slamdunkattorney.com\/es\/wp-json\/wp\/v2\/hc_faqs?post=17322"}],"curies":[{"name":"wp","href":"https:\/\/api.w.org\/{rel}","templated":true}]}}