{"id":17321,"date":"2025-03-04T13:43:30","date_gmt":"2025-03-04T13:43:30","guid":{"rendered":"https:\/\/slamdunk.wpenginepowered.com\/?page_id=17321"},"modified":"2025-05-16T22:56:20","modified_gmt":"2025-05-16T22:56:20","slug":"are-slip-and-fall-cases-hard-to-win","status":"publish","type":"page","link":"https:\/\/slamdunkattorney.com\/es\/faqs\/are-slip-and-fall-cases-hard-to-win\/","title":{"rendered":"\u00bfSon dif\u00edciles de ganar los casos de resbalones y ca\u00eddas?"},"content":{"rendered":"<p><span style=\"font-weight: 400;\">\u00bfEs dif\u00edcil ganar los casos por resbalones y ca\u00eddas? Los casos por resbalones y ca\u00eddas requieren una carga probatoria m\u00e1s complicada., <\/span><b>lo que puede hacer que sean m\u00e1s dif\u00edciles que otras demandas por lesiones personales.<\/b><span style=\"font-weight: 400;\">, ya que debe demostrar que el propietario de un negocio o inmueble fue negligente en sus responsabilidades para prevenir su accidente.\u00a0<\/span><\/p>\n<p><span style=\"font-weight: 400;\">Trabajar con un experto <a href=\"https:\/\/slamdunkattorney.com\/es\/duluth\/slip-and-fall-lawyer\/\">Abogado especializado en resbalones y ca\u00eddas en Duluth<\/a><\/span><span style=\"font-weight: 400;\">\u00a0puede aumentar sus posibilidades de ganar el caso.<\/span><\/p>\n<h2><span style=\"font-weight: 400;\">Lo que se necesita para ganar un caso por resbal\u00f3n y ca\u00edda<\/span><\/h2>\n<p><span style=\"font-weight: 400;\">Un incidente por resbal\u00f3n y ca\u00edda puede causar dolor, tratamientos m\u00e9dicos costosos y p\u00e9rdida de ingresos. Sin embargo, el simple hecho de caer en la propiedad de otra persona no garantiza el \u00e9xito de una demanda. Para ganar un caso por resbal\u00f3n y ca\u00edda se necesita algo m\u00e1s que el hecho de la ca\u00edda en s\u00ed.\u00a0<\/span><\/p>\n<p><span style=\"font-weight: 400;\">Los jueces no otorgan indemnizaciones bas\u00e1ndose en la compasi\u00f3n. Exigen pruebas s\u00f3lidas tanto de la responsabilidad legal del propietario como del alcance de sus lesiones. Los casos de resbalones y ca\u00eddas suelen presentar cuestiones complejas, y a los demandantes les resulta a menudo dif\u00edcil demostrar la negligencia y la responsabilidad.<\/span><\/p>\n<p><span style=\"font-weight: 400;\">Demostrar que el propietario fue negligente y establecer su responsabilidad puede hacer que <\/span><b>Los casos de resbalones y ca\u00eddas son dif\u00edciles de ganar.<\/b><span style=\"font-weight: 400;\">, pero contar con la ayuda de un abogado con experiencia en casos de resbalones y ca\u00eddas puede ser de gran ayuda. Le ayudar\u00e1n a recopilar pruebas, entrevistar a testigos e incluso contratar a un experto para que aporte un testimonio \u00fatil para su caso. Sin embargo, las pruebas no mejoran con el tiempo, as\u00ed que no demore en empezar.<\/span><\/p>\n\n<div class=\"cta-container row align-items-center\">\n    <div class=\"col-md-7\">\n        <p class=\"cta-text rs-content-cta\">Orgullosos de servir a Duluth y a todo Georgia <span>\u00a1Cont\u00e1ctenos para comenzar su recuperaci\u00f3n!<\/span> <a href=\"https:\/\/slamdunkattorney.com\/es\/\">Explore nuestras \u00e1reas de pr\u00e1ctica<\/a><\/p>\n    <\/div>\n    <div class=\"col-md-5\">\n        <img decoding=\"async\" src=\"https:\/\/slamdunkattorney.com\/wp-content\/themes\/slam-dunk-rebuild\/assets\/app\/img\/map-cta.jpg\" alt=\"Legal Consultation\" class=\"img-fluid\"\/>\n    <\/div>\n<\/div><h2><span style=\"font-weight: 400;\">Establecimiento de la responsabilidad: demostrar la negligencia<\/span><\/h2>\n<p><span style=\"font-weight: 400;\">El n\u00facleo de un caso de resbal\u00f3n y ca\u00edda se basa en demostrar que el due\u00f1o de la propiedad fue negligente y que esto caus\u00f3 directamente su ca\u00edda. Esto implica demostrar los elementos clave del deber de cuidado, el incumplimiento de ese deber y que dicho incumplimiento caus\u00f3 sus lesiones. Debe demostrar:<\/span><\/p>\n<ul>\n<li style=\"font-weight: 400;\" aria-level=\"1\"><a href=\"https:\/\/www.law.cornell.edu\/wex\/duty_of_care\" target=\"_blank\" rel=\"noopener\"><b>Deber de diligencia<\/b><\/a>:<span style=\"font-weight: 400;\"> El propietario era legalmente responsable de proporcionar un entorno razonablemente seguro a quienes se encontraban en su propiedad. Esto var\u00eda en funci\u00f3n de su situaci\u00f3n legal en la propiedad, ya sea como invitado, licenciatario o intruso.<\/span><\/li>\n<li style=\"font-weight: 400;\" aria-level=\"1\"><b>Incumplimiento del deber<\/b>:<span style=\"font-weight: 400;\"> El propietario incumpli\u00f3 este deber al no actuar con la diligencia debida. Esto podr\u00eda implicar no limpiar un derrame, no reparar una situaci\u00f3n peligrosa o no proporcionar las advertencias adecuadas.<\/span><\/li>\n<li style=\"font-weight: 400;\" aria-level=\"1\"><b>Causalidad<\/b>:<span style=\"font-weight: 400;\"> El incumplimiento del deber por parte del propietario caus\u00f3 su ca\u00edda y las lesiones posteriores. No basta con simplemente caer en su propiedad; debe demostrar que su negligencia fue la causa de la ca\u00edda.<\/span><\/li>\n<\/ul>\n<h2><span style=\"font-weight: 400;\">Demostrar sus da\u00f1os: las pruebas<\/span><\/h2>\n<p><span style=\"font-weight: 400;\">Incluso si se establece la responsabilidad del propietario, a\u00fan es necesario demostrar el alcance de los da\u00f1os sufridos para recibir una indemnizaci\u00f3n. Para ello, se requieren pruebas sustanciales que demuestren las p\u00e9rdidas econ\u00f3micas sufridas. Estas pueden incluir:<\/span><\/p>\n<ul>\n<li style=\"font-weight: 400;\" aria-level=\"1\"><b>Historial m\u00e9dico<\/b>:<span style=\"font-weight: 400;\"> Documentos m\u00e9dicos detallados que muestren sus lesiones, tratamiento y pron\u00f3stico.<\/span><\/li>\n<li style=\"font-weight: 400;\" aria-level=\"1\"><b>Fotos y videos<\/b>:<span style=\"font-weight: 400;\"> Muestre al tribunal pruebas visuales del lugar del accidente, las condiciones peligrosas y sus lesiones.<\/span><\/li>\n<li style=\"font-weight: 400;\" aria-level=\"1\"><b>Testimonio de testigos<\/b>:<span style=\"font-weight: 400;\"> Las declaraciones de cualquier persona que haya presenciado la ca\u00edda o la condici\u00f3n peligrosa pueden respaldar su reclamo.<\/span><\/li>\n<li style=\"font-weight: 400;\" aria-level=\"1\"><b>Informe de incidentes<\/b>:<span style=\"font-weight: 400;\"> Una copia del informe del incidente puede ser \u00fatil si reportas la ca\u00edda al due\u00f1o de la propiedad.<\/span><\/li>\n<li style=\"font-weight: 400;\" aria-level=\"1\"><b>Testimonio de expertos<\/b>:<span style=\"font-weight: 400;\"> En algunos casos, puede ser necesario el testimonio de expertos en reconstrucci\u00f3n de accidentes o de profesionales m\u00e9dicos.<\/span><\/li>\n<\/ul>\n<p><span style=\"font-weight: 400;\">En resumen, ganar un caso por resbal\u00f3n y ca\u00edda requiere una preparaci\u00f3n meticulosa y pruebas s\u00f3lidas. Es fundamental reunir toda la documentaci\u00f3n posible, incluidos expedientes m\u00e9dicos, fotos y declaraciones de testigos.\u00a0<\/span><\/p>\n<p><span style=\"font-weight: 400;\">Se recomienda encarecidamente consultar con un abogado con experiencia en lesiones personales para evaluar la solidez de su caso y navegar por las complejidades de los litigios por resbalones y ca\u00eddas.<\/span><\/p>\n\n<div class=\"cta-container row align-items-center\">\n    <div class=\"col-md-7\">\n        <p class=\"cta-text rs-content-cta\"><a class=\"no-btn\" href=\"https:\/\/slamdunkattorney.com\/es\/contact-us\/\">Haga clic para contactar<\/a> nuestros abogados especializados en lesiones personales hoy mismo<\/p>\n    <\/div>\n    <div class=\"col-md-5\">\n        <img decoding=\"async\" src=\"https:\/\/slamdunkattorney.com\/wp-content\/themes\/slam-dunk-rebuild\/assets\/app\/img\/map-cta.jpg\" alt=\"Contact Us\" class=\"img-fluid\"\/>\n    <\/div>\n<\/div><h2><span style=\"font-weight: 400;\">Los tipos de pruebas utilizadas dificultan ganar los casos de resbalones y ca\u00eddas<\/span><\/h2>\n<p><span style=\"font-weight: 400;\">Los casos de lesiones personales, ya sean derivados de accidentes automovil\u00edsticos, resbalones y ca\u00eddas, negligencia m\u00e9dica u otros incidentes, dependen de la capacidad de demostrar la negligencia y los da\u00f1os. Para ello es necesario recopilar y presentar pruebas convincentes. Los tipos de pruebas utilizadas pueden variar, pero algunas categor\u00edas comunes incluyen pruebas testimoniales, documentaci\u00f3n y papeleo, pruebas f\u00edsicas y pruebas digitales.<\/span><\/p>\n<p><b>Prueba testimonial<\/b><span style=\"font-weight: 400;\">, incluyendo los testimonios del demandante, el demandado, los testigos y las opiniones de los expertos, es crucial en los casos de lesiones personales. Las pruebas, como los testimonios basados en los recuerdos de los testigos, pueden degradarse con el tiempo, por lo que es fundamental comenzar inmediatamente despu\u00e9s del incidente. La documentaci\u00f3n y los tr\u00e1mites, como las facturas m\u00e9dicas, la documentaci\u00f3n sobre los salarios perdidos, las p\u00f3lizas de seguro y los informes del incidente, corroboran las p\u00e9rdidas econ\u00f3micas y otros hechos relevantes.\u00a0<\/span><\/p>\n<p><span style=\"font-weight: 400;\">Las pruebas f\u00edsicas, como fotos y videos del lugar del accidente, registros m\u00e9dicos, da\u00f1os materiales e informes policiales, proporcionan un respaldo tangible a las reclamaciones. Por \u00faltimo, las pruebas digitales, como las grabaciones de c\u00e1maras de salpicadero o de vigilancia, las publicaciones en redes sociales y los mensajes de texto, pueden ofrecer registros objetivos de los hechos y las comunicaciones. Consulte con un abogado con experiencia en resbalones y ca\u00eddas para que le ayude a identificar y obtener las pruebas necesarias para construir un caso s\u00f3lido.<\/span><\/p>\n\n<div class=\"cta-container map-bg row align-items-center flex-md-row-reverse\">\n    <div class=\"col-md-6\">\n        <p class=\"cta-text rs-content-cta\">Completa un <a href=\"https:\/\/slamdunkattorney.com\/es\/contact-us\/\">Formulario de evaluaci\u00f3n gratuita de su caso<\/a> ahora<\/p>\n    <\/div>\n    <div class=\"col-md-6 col-bg\">\n    <\/div>\n<\/div><h2><span style=\"font-weight: 400;\">Presentar una reclamaci\u00f3n al seguro en lugar de una demanda judicial<\/span><\/h2>\n<p><span style=\"font-weight: 400;\">Aunque es posible que anticipe la necesidad de llevar su caso de resbal\u00f3n y ca\u00edda a los tribunales, puede que no sea necesario. Muchas demandas por lesiones personales se resuelven fuera de los tribunales, lo que puede ser m\u00e1s r\u00e1pido, atraer menos atenci\u00f3n p\u00fablica y suponer menos gastos legales para el demandado. Si se pregunta si debe presentar una reclamaci\u00f3n al seguro o acudir directamente a los tribunales, nuestros abogados especializados en responsabilidad civil pueden ayudarle.<\/span><\/p>\n<h3><span style=\"font-weight: 400;\">Estatuto de limitaciones en casos de resbalones y ca\u00eddas<\/span><\/h3>\n<p><span style=\"font-weight: 400;\">Bajo <\/span><span style=\"font-weight: 400;\">C\u00f3digo de Georgia, secci\u00f3n \u00a7 17-3-2.2<\/span><span style=\"font-weight: 400;\">, el plazo de prescripci\u00f3n para presentar una demanda por lesiones personales, incluidos los casos de resbalones y ca\u00eddas, es generalmente de dos a\u00f1os a partir de la fecha del incidente. Esto significa que debe presentar su demanda en un plazo de dos a\u00f1os a partir de la ca\u00edda, o podr\u00eda perder su derecho a emprender acciones legales. Aunque esta norma puede tener excepciones poco frecuentes, como los casos que involucran a menores, act\u00fae con rapidez y busque asesoramiento legal para proteger sus derechos.<\/span><\/p>\n<p><a href=\"https:\/\/slamdunkattorney.com\/es\/blog\/navigating-the-timeline-of-personal-injury-insurance-claims\/\"><span style=\"font-weight: 400;\">Navegando por la l\u00ednea de tiempo de las reclamaciones de seguros por lesiones personales<\/span><\/a><span style=\"font-weight: 400;\"> puede ser complicado, y las facturas m\u00e9dicas urgentes pueden tentarlo a aceptar la primera oferta que le hagan. Nuestros abogados pueden ayudarle a calcular el valor total de sus lesiones personales y a tomar la mejor decisi\u00f3n a la hora de determinar si llevar su caso a los tribunales o no.<\/span><\/p>\n<p><span style=\"font-weight: 400;\">No importa d\u00f3nde, defenderemos sus intereses y negociaremos la m\u00e1xima indemnizaci\u00f3n por sus lesiones.<\/span><\/p>\n<h2><span style=\"font-weight: 400;\">Los casos de resbalones y ca\u00eddas no son dif\u00edciles de ganar con un abogado experto.<\/span><\/h2>\n<p><span style=\"font-weight: 400;\">En Slam Dunk Attorney, nos esforzamos por ganar todos los casos. Si tiene dudas sobre si su caso de accidente por resbal\u00f3n y ca\u00edda ser\u00e1 dif\u00edcil de ganar, estamos aqu\u00ed para apoyarlo, explicarle sus derechos y analizar sus opciones legales.<\/span><\/p>\n<p><b>Cont\u00e1ctenos hoy mismo para una consulta gratuita y sin compromiso sobre su caso.<\/b><span style=\"font-weight: 400;\"> con <\/span><a href=\"https:\/\/slamdunkattorney.com\/es\/meet-our-team\/\"><span style=\"font-weight: 400;\">nuestro equipo<\/span><\/a><span style=\"font-weight: 400;\">.<\/span><\/p>\n\n<div class=\"cta-container row align-items-center\">\n    <div class=\"col-md-7\">\n        <p class=\"cta-text rs-content-cta\">Llame o env\u00ede un mensaje de texto <a class=\"no-btn\" href=\"tel:+14049513513\">404-951-3513<\/a> o completar un <a href=\"https:\/\/slamdunkattorney.com\/es\/contact-us\/\">Formulario de evaluaci\u00f3n gratuita de su caso<\/a><\/p>\n    <\/div>\n    <div class=\"col-md-5\">\n        <img decoding=\"async\" src=\"https:\/\/slamdunkattorney.com\/wp-content\/themes\/slam-dunk-rebuild\/assets\/app\/img\/map-cta.jpg\" alt=\"Call or Text\" class=\"img-fluid\"\/>\n    <\/div>\n<\/div>","protected":false},"excerpt":{"rendered":"<p>Are slip and fall cases hard to win? Slip and fall cases require a more complicated burden of proof, which can make them more challenging than other personal injury lawsuits, as you must show that a business or property owner was negligent in their responsibilities to prevent your accident.\u00a0 Working with a knowledgeable Duluth slip &#8230;<\/p>","protected":false},"author":2,"featured_media":17323,"parent":5902,"menu_order":0,"comment_status":"closed","ping_status":"closed","template":"","meta":{"_acf_changed":false,"_genesis_hide_title":false,"_genesis_hide_breadcrumbs":false,"_genesis_hide_singular_image":false,"_genesis_hide_footer_widgets":false,"_genesis_custom_body_class":"","_genesis_custom_post_class":"","_genesis_layout":"","ngg_post_thumbnail":0,"footnotes":""},"extra-categories":[],"hc_faqs":[40],"class_list":{"0":"post-17321","1":"page","2":"type-page","3":"status-publish","4":"has-post-thumbnail","6":"hc_faqs-personal-injury","7":"entry"},"acf":[],"yoast_head":"<!-- This site is optimized with the Yoast SEO plugin v27.3 - https:\/\/yoast.com\/product\/yoast-seo-wordpress\/ -->\n<title>Are Slip and Fall Cases Hard to Win? | Slam Dunk Attorney<\/title>\n<meta name=\"description\" content=\"Find out if slip and fall cases are hard to win from the dedicated lawyers at Slam Dunk Attorney. Call for a free consultation.\" \/>\n<meta name=\"robots\" content=\"index, follow, max-snippet:-1, max-image-preview:large, max-video-preview:-1\" \/>\n<link rel=\"canonical\" href=\"https:\/\/slamdunkattorney.com\/es\/faqs\/are-slip-and-fall-cases-hard-to-win\/\" \/>\n<meta property=\"og:locale\" content=\"es_MX\" \/>\n<meta property=\"og:type\" content=\"article\" \/>\n<meta property=\"og:title\" content=\"Are Slip and Fall Cases Hard to Win? | Slam Dunk Attorney\" \/>\n<meta property=\"og:description\" content=\"Find out if slip and fall cases are hard to win from the dedicated lawyers at Slam Dunk Attorney. Call for a free consultation.\" \/>\n<meta property=\"og:url\" content=\"https:\/\/slamdunkattorney.com\/es\/faqs\/are-slip-and-fall-cases-hard-to-win\/\" \/>\n<meta property=\"og:site_name\" content=\"Slam Dunk Attorney | Injury Lawyers\" \/>\n<meta property=\"article:publisher\" content=\"https:\/\/www.facebook.com\/slamdunkattorneyinjurylawyers\/\" \/>\n<meta property=\"article:modified_time\" content=\"2025-05-16T22:56:20+00:00\" \/>\n<meta property=\"og:image\" content=\"https:\/\/slamdunkattorney.com\/wp-content\/uploads\/2025\/03\/are-slip-and-fall-cases-hard-to-win-2.jpg\" \/>\n\t<meta property=\"og:image:width\" content=\"1000\" \/>\n\t<meta property=\"og:image:height\" content=\"667\" \/>\n\t<meta property=\"og:image:type\" content=\"image\/jpeg\" \/>\n<meta name=\"twitter:card\" content=\"summary_large_image\" \/>\n<meta name=\"twitter:site\" content=\"@slamdunkattorney\" \/>\n<meta name=\"twitter:label1\" content=\"Est. reading time\" \/>\n\t<meta name=\"twitter:data1\" content=\"5 minutos\" \/>\n<script type=\"application\/ld+json\" class=\"yoast-schema-graph\">{\"@context\":\"https:\\\/\\\/schema.org\",\"@graph\":[{\"@type\":\"WebPage\",\"@id\":\"https:\\\/\\\/slamdunkattorney.com\\\/faqs\\\/are-slip-and-fall-cases-hard-to-win\\\/\",\"url\":\"https:\\\/\\\/slamdunkattorney.com\\\/faqs\\\/are-slip-and-fall-cases-hard-to-win\\\/\",\"name\":\"Are Slip and Fall Cases Hard to Win? | Slam Dunk Attorney\",\"isPartOf\":{\"@id\":\"https:\\\/\\\/slamdunkattorney.com\\\/#website\"},\"primaryImageOfPage\":{\"@id\":\"https:\\\/\\\/slamdunkattorney.com\\\/faqs\\\/are-slip-and-fall-cases-hard-to-win\\\/#primaryimage\"},\"image\":{\"@id\":\"https:\\\/\\\/slamdunkattorney.com\\\/faqs\\\/are-slip-and-fall-cases-hard-to-win\\\/#primaryimage\"},\"thumbnailUrl\":\"https:\\\/\\\/slamdunkattorney.com\\\/wp-content\\\/uploads\\\/2025\\\/03\\\/are-slip-and-fall-cases-hard-to-win-2.jpg\",\"datePublished\":\"2025-03-04T13:43:30+00:00\",\"dateModified\":\"2025-05-16T22:56:20+00:00\",\"description\":\"Find out if slip and fall cases are hard to win from the dedicated lawyers at Slam Dunk Attorney. Call for a free consultation.\",\"breadcrumb\":{\"@id\":\"https:\\\/\\\/slamdunkattorney.com\\\/faqs\\\/are-slip-and-fall-cases-hard-to-win\\\/#breadcrumb\"},\"inLanguage\":\"es\",\"potentialAction\":[{\"@type\":\"ReadAction\",\"target\":[\"https:\\\/\\\/slamdunkattorney.com\\\/faqs\\\/are-slip-and-fall-cases-hard-to-win\\\/\"]}]},{\"@type\":\"ImageObject\",\"inLanguage\":\"es\",\"@id\":\"https:\\\/\\\/slamdunkattorney.com\\\/faqs\\\/are-slip-and-fall-cases-hard-to-win\\\/#primaryimage\",\"url\":\"https:\\\/\\\/slamdunkattorney.com\\\/wp-content\\\/uploads\\\/2025\\\/03\\\/are-slip-and-fall-cases-hard-to-win-2.jpg\",\"contentUrl\":\"https:\\\/\\\/slamdunkattorney.com\\\/wp-content\\\/uploads\\\/2025\\\/03\\\/are-slip-and-fall-cases-hard-to-win-2.jpg\",\"width\":1000,\"height\":667,\"caption\":\"A man holding his knee after slipping and falling on a wet floor. Are slip and fall cases hard to win??\"},{\"@type\":\"BreadcrumbList\",\"@id\":\"https:\\\/\\\/slamdunkattorney.com\\\/faqs\\\/are-slip-and-fall-cases-hard-to-win\\\/#breadcrumb\",\"itemListElement\":[{\"@type\":\"ListItem\",\"position\":1,\"name\":\"Home\",\"item\":\"https:\\\/\\\/slamdunkattorney.com\\\/\"},{\"@type\":\"ListItem\",\"position\":2,\"name\":\"FAQs\",\"item\":\"https:\\\/\\\/slamdunkattorney.com\\\/faqs\\\/\"},{\"@type\":\"ListItem\",\"position\":3,\"name\":\"Are Slip and Fall Cases Hard to Win?\"}]},{\"@type\":\"WebSite\",\"@id\":\"https:\\\/\\\/slamdunkattorney.com\\\/#website\",\"url\":\"https:\\\/\\\/slamdunkattorney.com\\\/\",\"name\":\"Slam Dunk Attorney | Injury Lawyers\",\"description\":\"Duluth Personal Injury Lawyers\",\"publisher\":{\"@id\":\"https:\\\/\\\/slamdunkattorney.com\\\/#organization\"},\"alternateName\":\"Slam Dunk Attorney\",\"inLanguage\":\"es\"},{\"@type\":\"Organization\",\"@id\":\"https:\\\/\\\/slamdunkattorney.com\\\/#organization\",\"name\":\"Slam Dunk Attorney\",\"alternateName\":\"Slam Dunk\",\"url\":\"https:\\\/\\\/slamdunkattorney.com\\\/\",\"logo\":{\"@type\":\"ImageObject\",\"inLanguage\":\"es\",\"@id\":\"https:\\\/\\\/slamdunkattorney.com\\\/#\\\/schema\\\/logo\\\/image\\\/\",\"url\":\"https:\\\/\\\/slamdunkattorney.com\\\/wp-content\\\/uploads\\\/2023\\\/05\\\/cropped-Logo.png\",\"contentUrl\":\"https:\\\/\\\/slamdunkattorney.com\\\/wp-content\\\/uploads\\\/2023\\\/05\\\/cropped-Logo.png\",\"width\":1080,\"height\":240,\"caption\":\"Slam Dunk Attorney\"},\"image\":{\"@id\":\"https:\\\/\\\/slamdunkattorney.com\\\/#\\\/schema\\\/logo\\\/image\\\/\"},\"sameAs\":[\"https:\\\/\\\/www.facebook.com\\\/slamdunkattorneyinjurylawyers\\\/\",\"https:\\\/\\\/x.com\\\/slamdunkattorney\",\"https:\\\/\\\/www.instagram.com\\\/slamdunkattorney\\\/\",\"https:\\\/\\\/www.youtube.com\\\/channel\\\/UCSrOiC7vOjlCi3UgtIVGNtw\",\"https:\\\/\\\/www.linkedin.com\\\/company\\\/slamdunkattorneyinjurylawyers\"]}]}<\/script>\n<!-- \/ Yoast SEO plugin. -->","yoast_head_json":{"title":"Are Slip and Fall Cases Hard to Win? | Slam Dunk Attorney","description":"Find out if slip and fall cases are hard to win from the dedicated lawyers at Slam Dunk Attorney. Call for a free consultation.","robots":{"index":"index","follow":"follow","max-snippet":"max-snippet:-1","max-image-preview":"max-image-preview:large","max-video-preview":"max-video-preview:-1"},"canonical":"https:\/\/slamdunkattorney.com\/es\/faqs\/are-slip-and-fall-cases-hard-to-win\/","og_locale":"es_MX","og_type":"article","og_title":"Are Slip and Fall Cases Hard to Win? | Slam Dunk Attorney","og_description":"Find out if slip and fall cases are hard to win from the dedicated lawyers at Slam Dunk Attorney. Call for a free consultation.","og_url":"https:\/\/slamdunkattorney.com\/es\/faqs\/are-slip-and-fall-cases-hard-to-win\/","og_site_name":"Slam Dunk Attorney | Injury Lawyers","article_publisher":"https:\/\/www.facebook.com\/slamdunkattorneyinjurylawyers\/","article_modified_time":"2025-05-16T22:56:20+00:00","og_image":[{"width":1000,"height":667,"url":"https:\/\/slamdunkattorney.com\/wp-content\/uploads\/2025\/03\/are-slip-and-fall-cases-hard-to-win-2.jpg","type":"image\/jpeg"}],"twitter_card":"summary_large_image","twitter_site":"@slamdunkattorney","twitter_misc":{"Est. reading time":"5 minutos"},"schema":{"@context":"https:\/\/schema.org","@graph":[{"@type":"WebPage","@id":"https:\/\/slamdunkattorney.com\/faqs\/are-slip-and-fall-cases-hard-to-win\/","url":"https:\/\/slamdunkattorney.com\/faqs\/are-slip-and-fall-cases-hard-to-win\/","name":"Are Slip and Fall Cases Hard to Win? | Slam Dunk Attorney","isPartOf":{"@id":"https:\/\/slamdunkattorney.com\/#website"},"primaryImageOfPage":{"@id":"https:\/\/slamdunkattorney.com\/faqs\/are-slip-and-fall-cases-hard-to-win\/#primaryimage"},"image":{"@id":"https:\/\/slamdunkattorney.com\/faqs\/are-slip-and-fall-cases-hard-to-win\/#primaryimage"},"thumbnailUrl":"https:\/\/slamdunkattorney.com\/wp-content\/uploads\/2025\/03\/are-slip-and-fall-cases-hard-to-win-2.jpg","datePublished":"2025-03-04T13:43:30+00:00","dateModified":"2025-05-16T22:56:20+00:00","description":"Find out if slip and fall cases are hard to win from the dedicated lawyers at Slam Dunk Attorney. Call for a free consultation.","breadcrumb":{"@id":"https:\/\/slamdunkattorney.com\/faqs\/are-slip-and-fall-cases-hard-to-win\/#breadcrumb"},"inLanguage":"es","potentialAction":[{"@type":"ReadAction","target":["https:\/\/slamdunkattorney.com\/faqs\/are-slip-and-fall-cases-hard-to-win\/"]}]},{"@type":"ImageObject","inLanguage":"es","@id":"https:\/\/slamdunkattorney.com\/faqs\/are-slip-and-fall-cases-hard-to-win\/#primaryimage","url":"https:\/\/slamdunkattorney.com\/wp-content\/uploads\/2025\/03\/are-slip-and-fall-cases-hard-to-win-2.jpg","contentUrl":"https:\/\/slamdunkattorney.com\/wp-content\/uploads\/2025\/03\/are-slip-and-fall-cases-hard-to-win-2.jpg","width":1000,"height":667,"caption":"A man holding his knee after slipping and falling on a wet floor. Are slip and fall cases hard to win??"},{"@type":"BreadcrumbList","@id":"https:\/\/slamdunkattorney.com\/faqs\/are-slip-and-fall-cases-hard-to-win\/#breadcrumb","itemListElement":[{"@type":"ListItem","position":1,"name":"Home","item":"https:\/\/slamdunkattorney.com\/"},{"@type":"ListItem","position":2,"name":"FAQs","item":"https:\/\/slamdunkattorney.com\/faqs\/"},{"@type":"ListItem","position":3,"name":"Are Slip and Fall Cases Hard to Win?"}]},{"@type":"WebSite","@id":"https:\/\/slamdunkattorney.com\/#website","url":"https:\/\/slamdunkattorney.com\/","name":"Abogado experto en lesiones | Abogados especializados en lesiones","description":"Abogados de lesiones personales en Duluth","publisher":{"@id":"https:\/\/slamdunkattorney.com\/#organization"},"alternateName":"Slam Dunk Attorney","inLanguage":"es"},{"@type":"Organization","@id":"https:\/\/slamdunkattorney.com\/#organization","name":"Abogado Slam Dunk","alternateName":"Slam Dunk","url":"https:\/\/slamdunkattorney.com\/","logo":{"@type":"ImageObject","inLanguage":"es","@id":"https:\/\/slamdunkattorney.com\/#\/schema\/logo\/image\/","url":"https:\/\/slamdunkattorney.com\/wp-content\/uploads\/2023\/05\/cropped-Logo.png","contentUrl":"https:\/\/slamdunkattorney.com\/wp-content\/uploads\/2023\/05\/cropped-Logo.png","width":1080,"height":240,"caption":"Slam Dunk Attorney"},"image":{"@id":"https:\/\/slamdunkattorney.com\/#\/schema\/logo\/image\/"},"sameAs":["https:\/\/www.facebook.com\/slamdunkattorneyinjurylawyers\/","https:\/\/x.com\/slamdunkattorney","https:\/\/www.instagram.com\/slamdunkattorney\/","https:\/\/www.youtube.com\/channel\/UCSrOiC7vOjlCi3UgtIVGNtw","https:\/\/www.linkedin.com\/company\/slamdunkattorneyinjurylawyers"]}]}},"yoast_meta":{"yoast_wpseo_title":"","yoast_wpseo_metadesc":"","yoast_wpseo_canonical":"https:\/\/slamdunkattorney.com\/es\/wp-json\/wp\/v2\/pages\/17321"},"_links":{"self":[{"href":"https:\/\/slamdunkattorney.com\/es\/wp-json\/wp\/v2\/pages\/17321","targetHints":{"allow":["GET"]}}],"collection":[{"href":"https:\/\/slamdunkattorney.com\/es\/wp-json\/wp\/v2\/pages"}],"about":[{"href":"https:\/\/slamdunkattorney.com\/es\/wp-json\/wp\/v2\/types\/page"}],"author":[{"embeddable":true,"href":"https:\/\/slamdunkattorney.com\/es\/wp-json\/wp\/v2\/users\/2"}],"replies":[{"embeddable":true,"href":"https:\/\/slamdunkattorney.com\/es\/wp-json\/wp\/v2\/comments?post=17321"}],"version-history":[{"count":0,"href":"https:\/\/slamdunkattorney.com\/es\/wp-json\/wp\/v2\/pages\/17321\/revisions"}],"up":[{"embeddable":true,"href":"https:\/\/slamdunkattorney.com\/es\/wp-json\/wp\/v2\/pages\/5902"}],"wp:featuredmedia":[{"embeddable":true,"href":"https:\/\/slamdunkattorney.com\/es\/wp-json\/wp\/v2\/media\/17323"}],"wp:attachment":[{"href":"https:\/\/slamdunkattorney.com\/es\/wp-json\/wp\/v2\/media?parent=17321"}],"wp:term":[{"taxonomy":"extra-categories","embeddable":true,"href":"https:\/\/slamdunkattorney.com\/es\/wp-json\/wp\/v2\/extra-categories?post=17321"},{"taxonomy":"hc_faqs","embeddable":true,"href":"https:\/\/slamdunkattorney.com\/es\/wp-json\/wp\/v2\/hc_faqs?post=17321"}],"curies":[{"name":"wp","href":"https:\/\/api.w.org\/{rel}","templated":true}]}}