{"id":17318,"date":"2025-03-04T13:39:51","date_gmt":"2025-03-04T13:39:51","guid":{"rendered":"https:\/\/slamdunk.wpenginepowered.com\/?page_id=17318"},"modified":"2025-03-04T13:39:51","modified_gmt":"2025-03-04T13:39:51","slug":"how-much-is-the-average-slip-and-fall-case-worth","status":"publish","type":"page","link":"https:\/\/slamdunkattorney.com\/es\/faqs\/how-much-is-the-average-slip-and-fall-case-worth\/","title":{"rendered":"\u00bfCu\u00e1nto vale en promedio un caso por resbal\u00f3n y ca\u00edda?"},"content":{"rendered":"<p><span style=\"font-weight: 400;\">\u00bfCu\u00e1nto vale en promedio un caso de resbal\u00f3n y ca\u00edda? El valor promedio de un caso de resbal\u00f3n y ca\u00edda <\/span><b>depende de la gravedad de las lesiones sufridas por la v\u00edctima y otros factores.\u00a0<\/b><\/p>\n<p><span style=\"font-weight: 400;\">Sea a <\/span><a href=\"https:\/\/slamdunkattorney.com\/es\/duluth\/slip-and-fall-lawyer\/\"><span style=\"font-weight: 400;\">Abogado especializado en resbalones y ca\u00eddas en Duluth<\/span><\/a><span style=\"font-weight: 400;\"> Revisar su caso de accidente por resbal\u00f3n y ca\u00edda, y calcular sus p\u00e9rdidas.<\/span><\/p>\n<h2><span style=\"font-weight: 400;\">\u00bfCu\u00e1nto vale en promedio un caso de resbal\u00f3n y ca\u00edda en Georgia?<\/span><\/h2>\n<p><b>El valor promedio de un caso de resbal\u00f3n y ca\u00edda <\/b><span style=\"font-weight: 400;\">en Georgia var\u00eda. Conf\u00ede en un abogado especializado en resbalones y ca\u00eddas para que le ayude a obtener la m\u00e1xima indemnizaci\u00f3n en funci\u00f3n del da\u00f1o que haya sufrido. Su abogado puede identificar a las partes responsables y ayudarle a que rindan cuentas por sus p\u00e9rdidas cuantificables y subjetivas.\u00a0<\/span><\/p>\n<p><span style=\"font-weight: 400;\">Su abogado quiere que reclame da\u00f1os econ\u00f3micos y no econ\u00f3micos. Calcula sus p\u00e9rdidas y prepara un argumento dise\u00f1ado para demostrar al tribunal que usted tiene derecho a ellas. Si su caso tiene \u00e9xito, estar\u00e1 en una buena posici\u00f3n para obtener una indemnizaci\u00f3n que satisfaga sus expectativas.\u00a0<\/span><\/p>\n<p><span style=\"font-weight: 400;\">Los abogados de Slam Dunk Attorney aportan d\u00e9cadas de experiencia legal combinada a su caso de resbal\u00f3n y ca\u00edda. Ellos pueden explicarle <\/span><a href=\"https:\/\/slamdunkattorney.com\/es\/faqs\/how-do-i-negotiate-a-settlement-agreement\/\"><span style=\"font-weight: 400;\">C\u00f3mo negociar un acuerdo de conciliaci\u00f3n<\/span><\/a><span style=\"font-weight: 400;\"> y cu\u00e1ndo presentar su caso ante un juez o un jurado. Cu\u00e9ntenos su caso.\u00a0<\/span><\/p>\n\n<div class=\"cta-container row align-items-center\">\n    <div class=\"col-md-7\">\n        <p class=\"cta-text rs-content-cta\">Orgullosos de servir a Duluth y a todo Georgia <span>\u00a1Cont\u00e1ctenos para comenzar su recuperaci\u00f3n!<\/span> <a href=\"https:\/\/slamdunkattorney.com\/es\/\">Explore nuestras \u00e1reas de pr\u00e1ctica<\/a><\/p>\n    <\/div>\n    <div class=\"col-md-5\">\n        <img decoding=\"async\" src=\"https:\/\/slamdunkattorney.com\/wp-content\/themes\/slam-dunk-rebuild\/assets\/app\/img\/map-cta.jpg\" alt=\"Legal Consultation\" class=\"img-fluid\"\/>\n    <\/div>\n<\/div><h2><span style=\"font-weight: 400;\">\u00bfQu\u00e9 determina el valor de un caso de resbal\u00f3n y ca\u00edda?<\/span><\/h2>\n<p><span style=\"font-weight: 400;\">Tu abogado se encarga de tus <\/span><b>da\u00f1os econ\u00f3micos y no econ\u00f3micos<\/b><span style=\"font-weight: 400;\"> para determinar cu\u00e1nto vale su caso de resbal\u00f3n y ca\u00edda. Le animar\u00e1n a reclamar da\u00f1os y perjuicios por muchas razones. La indemnizaci\u00f3n que podr\u00eda recibir en su caso de resbal\u00f3n y ca\u00edda incluye:<\/span><\/p>\n<h3><span style=\"font-weight: 400;\">Facturas m\u00e9dicas<\/span><\/h3>\n<p><span style=\"font-weight: 400;\">Tu accidente por resbal\u00f3n y ca\u00edda te ha dejado lesiones graves. El due\u00f1o de la propiedad u otra parte responsable puede ser responsable de ellas. Tu abogado puede utilizar tus facturas m\u00e9dicas como prueba para demostrar ante el tribunal que sufres lesiones graves y que debes recibir una indemnizaci\u00f3n por ellas.\u00a0<\/span><\/p>\n<h3><span style=\"font-weight: 400;\">Salarios perdidos<\/span><\/h3>\n<p><span style=\"font-weight: 400;\">Le resulta dif\u00edcil trabajar debido a las lesiones sufridas por el resbal\u00f3n y la ca\u00edda. Informe a su abogado sobre los salarios perdidos. Su abogado puede solicitar una indemnizaci\u00f3n por los ingresos perdidos actuales y futuros en su demanda.\u00a0<\/span><\/p>\n<h3><span style=\"font-weight: 400;\">Dolor y sufrimiento<\/span><\/h3>\n<p><span style=\"font-weight: 400;\">Usted experimenta un dolor y un sufrimiento tremendos debido a su accidente por resbal\u00f3n y ca\u00edda. Es dif\u00edcil cuantificar su dolor y sufrimiento. Afortunadamente, su abogado puede hacerle preguntas, informarse sobre estos problemas y c\u00f3mo le est\u00e1n afectando, e incluirlos en su solicitud de indemnizaci\u00f3n por da\u00f1os y perjuicios.\u00a0<\/span><\/p>\n<h3><span style=\"font-weight: 400;\">Gastos de entierro y funeral<\/span><\/h3>\n<p><span style=\"font-weight: 400;\">Lamentablemente, un resbal\u00f3n y una ca\u00edda pueden ser fatales. Si un familiar fallece en un accidente por resbal\u00f3n y ca\u00edda, un <\/span><a href=\"https:\/\/slamdunkattorney.com\/es\/duluth\/wrongful-death-lawyer\/\"><span style=\"font-weight: 400;\">Abogado especializado en muerte por negligencia en Duluth<\/span><\/a><span style=\"font-weight: 400;\"> puede ayudarle a emprender acciones legales contra las partes responsables. Tratan su caso con cuidado y compasi\u00f3n y le ayudan a obtener una indemnizaci\u00f3n por los gastos del entierro y el funeral de su familiar fallecido, as\u00ed como por otras p\u00e9rdidas.<\/span><\/p>\n<p><span style=\"font-weight: 400;\">Para recuperar estos u otros da\u00f1os en un caso de resbal\u00f3n y ca\u00edda, debe solicitar una indemnizaci\u00f3n de conformidad con la legislaci\u00f3n de Georgia. Seg\u00fan la <\/span><a href=\"https:\/\/advance.lexis.com\/documentpage\/?pdmfid=1000516&amp;crid=704f5f4a-1cea-40bf-957e-d9f1b715d0f2&amp;config=00JAA1MDBlYzczZi1lYjFlLTQxMTgtYWE3OS02YTgyOGM2NWJlMDYKAFBvZENhdGFsb2feed0oM9qoQOMCSJFX5qkd&amp;pddocfullpath=%2Fshared%2Fdocument%2Fstatutes-legislation%2Furn%3AcontentItem%3A6348-FS71-DYB7-W3RS-00008-00&amp;pdcontentcomponentid=234186&amp;pdteaserkey=sr0&amp;pditab=allpods&amp;ecomp=6s65kkk&amp;earg=sr0&amp;prid=a52bda66-bfde-4154-b966-afe000a4ac21\" target=\"_blank\" rel=\"noopener\"><span style=\"font-weight: 400;\">C\u00f3digo Oficial Anotado de Georgia (OCGA) \u00a7 9-3-33<\/span><\/a><span style=\"font-weight: 400;\">, tienes dos a\u00f1os para presentar una demanda por lesiones personales. Un abogado especializado en lesiones personales puede ayudarte a presentar tu demanda y a reunir pruebas que la respalden.\u00a0<\/span><\/p>\n<h2><span style=\"font-weight: 400;\">Pruebas que puede utilizar en un caso de resbal\u00f3n y ca\u00edda<\/span><\/h2>\n<p><span style=\"font-weight: 400;\">Su abogado puede compartir un <\/span><a href=\"https:\/\/slamdunkattorney.com\/es\/faqs\/how-to-file-a-personal-injury-lawsuit\/\"><span style=\"font-weight: 400;\">Gu\u00eda paso a paso para presentar una demanda por lesiones personales<\/span><\/a><span style=\"font-weight: 400;\">. Por supuesto, el hecho de demandar por da\u00f1os y perjuicios no garantiza que se le indemnice por las p\u00e9rdidas relacionadas con su resbal\u00f3n y ca\u00edda. Su abogado puede ayudarle a recopilar pruebas para reforzar su caso, tales como:<\/span><\/p>\n<ul>\n<li style=\"font-weight: 400;\" aria-level=\"1\"><span style=\"font-weight: 400;\">Fotograf\u00edas del lugar del accidente<\/span><\/li>\n<li style=\"font-weight: 400;\" aria-level=\"1\"><span style=\"font-weight: 400;\">Declaraciones de los testigos<\/span><\/li>\n<li style=\"font-weight: 400;\" aria-level=\"1\"><span style=\"font-weight: 400;\">Im\u00e1genes de c\u00e1maras de vigilancia<\/span><\/li>\n<li style=\"font-weight: 400;\" aria-level=\"1\"><span style=\"font-weight: 400;\">Informe de incidente<\/span><\/li>\n<\/ul>\n<p><span style=\"font-weight: 400;\">Te preguntas <\/span><b>cu\u00e1nto vale en promedio un caso de tropiezo y ca\u00edda<\/b><span style=\"font-weight: 400;\"> y si tiene pruebas suficientes para obligar al tribunal a fallar a su favor. Comparta sus inquietudes legales con su abogado. A continuaci\u00f3n, su abogado puede proporcionarle detalles sobre el <\/span><a href=\"https:\/\/slamdunkattorney.com\/es\/faqs\/when-will-i-get-my-personal-injury-settlement\/\"><span style=\"font-weight: 400;\">plazo previsto para llegar a un acuerdo por da\u00f1os personales<\/span><\/a><span style=\"font-weight: 400;\"> y consejos para ayudarle a lograr el resultado deseado en su caso.\u00a0<\/span><\/p>\n\n<div class=\"cta-container row align-items-center\">\n    <div class=\"col-md-7\">\n        <p class=\"cta-text rs-content-cta\"><a class=\"no-btn\" href=\"https:\/\/slamdunkattorney.com\/es\/contact-us\/\">Haga clic para contactar<\/a> nuestros abogados especializados en lesiones personales hoy mismo<\/p>\n    <\/div>\n    <div class=\"col-md-5\">\n        <img decoding=\"async\" src=\"https:\/\/slamdunkattorney.com\/wp-content\/themes\/slam-dunk-rebuild\/assets\/app\/img\/map-cta.jpg\" alt=\"Contact Us\" class=\"img-fluid\"\/>\n    <\/div>\n<\/div><h2><span style=\"font-weight: 400;\">C\u00f3mo obtener una indemnizaci\u00f3n justa en un caso de accidente por resbal\u00f3n y ca\u00edda<\/span><\/h2>\n<p><span style=\"font-weight: 400;\">Tu abogado <\/span><a href=\"https:\/\/slamdunkattorney.com\/es\/faqs\/what-does-personal-injury-litigation-mean-in-a-personal-injury-case\/\"><span style=\"font-weight: 400;\">entiende los litigios por lesiones personales en juicios<\/span><\/a><span style=\"font-weight: 400;\">. Ellos saben <\/span><b>cu\u00e1nto vale, en promedio, un caso de resbal\u00f3n y ca\u00edda <\/b><span style=\"font-weight: 400;\">y qu\u00e9 hacer para argumentar contra las partes responsables. Su abogado puede compartir consejos que le ayudar\u00e1n a aumentar sus posibilidades de recibir una indemnizaci\u00f3n adecuada en su demanda, tales como:<\/span><\/p>\n<h3><span style=\"font-weight: 400;\">Trata tus lesiones<\/span><\/h3>\n<p><span style=\"font-weight: 400;\">Haga que un m\u00e9dico eval\u00fae sus lesiones por resbal\u00f3n y ca\u00edda. Su m\u00e9dico puede desarrollar un plan de tratamiento personalizado para garantizar que se recupere de sus lesiones. Puede proporcionarle documentaci\u00f3n m\u00e9dica que podr\u00eda fortalecer su caso.\u00a0<\/span><\/p>\n<h3><span style=\"font-weight: 400;\">Con\u00e9ctate con los testigos<\/span><\/h3>\n<p><span style=\"font-weight: 400;\">P\u00f3ngase en contacto con cualquier persona que haya presenciado el accidente y las lesiones. Estas personas pueden actuar como testigos y declarar a su favor si el caso llega a juicio. Tambi\u00e9n pueden presentar declaraciones explicando lo que sucedi\u00f3 y provoc\u00f3 su resbal\u00f3n y ca\u00edda, y c\u00f3mo otra persona podr\u00eda ser responsable de este incidente.\u00a0<\/span><\/p>\n<h3><span style=\"font-weight: 400;\">Conozca el verdadero valor de su caso<\/span><\/h3>\n<p><span style=\"font-weight: 400;\">Discuta los da\u00f1os con su abogado, quien le explicar\u00e1 detalladamente el valor promedio de un caso de resbal\u00f3n y ca\u00edda. Su abogado quiere que usted reclame una indemnizaci\u00f3n por da\u00f1os y perjuicios que le sirva ahora y en el futuro. Si comprende sus p\u00e9rdidas, podr\u00e1 evitar aceptar inadvertidamente una oferta de acuerdo a la baja por parte de las partes responsables.\u00a0<\/span><\/p>\n<h3><span style=\"font-weight: 400;\">No se conforme con menos de lo que vale su caso.<\/span><\/h3>\n<p><span style=\"font-weight: 400;\">Mantenga abiertas sus opciones en relaci\u00f3n con las negociaciones del acuerdo. Si una oferta es inferior a lo que desea recibir como indemnizaci\u00f3n, puede rechazarla. En ese momento, su abogado seguir\u00e1 estando de su lado y continuar\u00e1 ayud\u00e1ndole a conseguir la indemnizaci\u00f3n que desea.\u00a0<\/span><\/p>\n<p><span style=\"font-weight: 400;\">Comun\u00edquese y colabore a medida que avancen los procedimientos legales. Su abogado quiere que se recupere r\u00e1pidamente del accidente y las lesiones sufridas por el resbal\u00f3n y la ca\u00edda. \u00c9l se encargar\u00e1 de los asuntos legales y le mantendr\u00e1 informado mientras usted se centra en su recuperaci\u00f3n.\u00a0<\/span><\/p>\n\n<div class=\"cta-container map-bg row align-items-center flex-md-row-reverse\">\n    <div class=\"col-md-6\">\n        <p class=\"cta-text rs-content-cta\">Completa un <a href=\"https:\/\/slamdunkattorney.com\/es\/contact-us\/\">Formulario de evaluaci\u00f3n gratuita de su caso<\/a> ahora<\/p>\n    <\/div>\n    <div class=\"col-md-6 col-bg\">\n    <\/div>\n<\/div><h2><span style=\"font-weight: 400;\">Presente su solicitud de indemnizaci\u00f3n a cualquier persona que haya causado su resbal\u00f3n y ca\u00edda.<\/span><\/h2>\n<p><span style=\"font-weight: 400;\">Slam Dunk Attorney es m\u00e1s que un simple bufete de abogados especializado en lesiones personales en Georgia: somos un equipo comprometido a apoyarle en cada etapa de sus procedimientos legales.\u00a0<\/span><\/p>\n<p><span style=\"font-weight: 400;\">Estamos aqu\u00ed para ayudarle a obtener una indemnizaci\u00f3n de cualquier persona responsable de su accidente por resbal\u00f3n y ca\u00edda y de las lesiones sufridas.<\/span><b> Cont\u00e1ctenos hoy mismo para empezar.\u00a0<\/b><\/p>\n\n<div class=\"cta-container row align-items-center\">\n    <div class=\"col-md-7\">\n        <p class=\"cta-text rs-content-cta\">Llame o env\u00ede un mensaje de texto <a class=\"no-btn\" href=\"tel:+14049513513\">404-951-3513<\/a> o completar un <a href=\"https:\/\/slamdunkattorney.com\/es\/contact-us\/\">Formulario de evaluaci\u00f3n gratuita de su caso<\/a><\/p>\n    <\/div>\n    <div class=\"col-md-5\">\n        <img decoding=\"async\" src=\"https:\/\/slamdunkattorney.com\/wp-content\/themes\/slam-dunk-rebuild\/assets\/app\/img\/map-cta.jpg\" alt=\"Call or Text\" class=\"img-fluid\"\/>\n    <\/div>\n<\/div>","protected":false},"excerpt":{"rendered":"<p>How much is the average slip and fall case worth? The average slip and fall case value depends on how badly the victim was injured and other factors.\u00a0 Let a Duluth slip and fall lawyer review your slip and fall accident case, and they can calculate your losses. How Much the Average Slip and Fall &#8230;<\/p>","protected":false},"author":2,"featured_media":17319,"parent":5902,"menu_order":0,"comment_status":"closed","ping_status":"closed","template":"","meta":{"_acf_changed":false,"_genesis_hide_title":false,"_genesis_hide_breadcrumbs":false,"_genesis_hide_singular_image":false,"_genesis_hide_footer_widgets":false,"_genesis_custom_body_class":"","_genesis_custom_post_class":"","_genesis_layout":"","ngg_post_thumbnail":0,"footnotes":""},"extra-categories":[],"hc_faqs":[40],"class_list":{"0":"post-17318","1":"page","2":"type-page","3":"status-publish","4":"has-post-thumbnail","6":"hc_faqs-personal-injury","7":"entry"},"acf":[],"yoast_head":"<!-- This site is optimized with the Yoast SEO plugin v27.4 - https:\/\/yoast.com\/product\/yoast-seo-wordpress\/ -->\n<title>Average Slip and Fall Case Value | Slam Dunk Attorney<\/title>\n<meta name=\"description\" content=\"Find out how much the average slip and fall case is worth from the personal injury lawyers at Slam Dunk Attorney. Call 24\/7.\" \/>\n<meta name=\"robots\" content=\"index, follow, max-snippet:-1, max-image-preview:large, max-video-preview:-1\" \/>\n<link rel=\"canonical\" href=\"https:\/\/slamdunkattorney.com\/es\/faqs\/how-much-is-the-average-slip-and-fall-case-worth\/\" \/>\n<meta property=\"og:locale\" content=\"es_MX\" \/>\n<meta property=\"og:type\" content=\"article\" \/>\n<meta property=\"og:title\" content=\"Average Slip and Fall Case Value | Slam Dunk Attorney\" \/>\n<meta property=\"og:description\" content=\"Find out how much the average slip and fall case is worth from the personal injury lawyers at Slam Dunk Attorney. Call 24\/7.\" \/>\n<meta property=\"og:url\" content=\"https:\/\/slamdunkattorney.com\/es\/faqs\/how-much-is-the-average-slip-and-fall-case-worth\/\" \/>\n<meta property=\"og:site_name\" content=\"Slam Dunk Attorney | Injury Lawyers\" \/>\n<meta property=\"article:publisher\" content=\"https:\/\/www.facebook.com\/slamdunkattorneyinjurylawyers\/\" \/>\n<meta property=\"og:image\" content=\"https:\/\/slamdunkattorney.com\/wp-content\/uploads\/2025\/03\/how-much-is-the-average-slip-and-fall-case-worth.jpg\" \/>\n\t<meta property=\"og:image:width\" content=\"1000\" \/>\n\t<meta property=\"og:image:height\" content=\"667\" \/>\n\t<meta property=\"og:image:type\" content=\"image\/jpeg\" \/>\n<meta name=\"twitter:card\" content=\"summary_large_image\" \/>\n<meta name=\"twitter:site\" content=\"@slamdunkattorney\" \/>\n<meta name=\"twitter:label1\" content=\"Est. reading time\" \/>\n\t<meta name=\"twitter:data1\" content=\"5 minutos\" \/>\n<script type=\"application\/ld+json\" class=\"yoast-schema-graph\">{\"@context\":\"https:\\\/\\\/schema.org\",\"@graph\":[{\"@type\":\"WebPage\",\"@id\":\"https:\\\/\\\/slamdunkattorney.com\\\/faqs\\\/how-much-is-the-average-slip-and-fall-case-worth\\\/\",\"url\":\"https:\\\/\\\/slamdunkattorney.com\\\/faqs\\\/how-much-is-the-average-slip-and-fall-case-worth\\\/\",\"name\":\"Average Slip and Fall Case Value | Slam Dunk Attorney\",\"isPartOf\":{\"@id\":\"https:\\\/\\\/slamdunkattorney.com\\\/#website\"},\"primaryImageOfPage\":{\"@id\":\"https:\\\/\\\/slamdunkattorney.com\\\/faqs\\\/how-much-is-the-average-slip-and-fall-case-worth\\\/#primaryimage\"},\"image\":{\"@id\":\"https:\\\/\\\/slamdunkattorney.com\\\/faqs\\\/how-much-is-the-average-slip-and-fall-case-worth\\\/#primaryimage\"},\"thumbnailUrl\":\"https:\\\/\\\/slamdunkattorney.com\\\/wp-content\\\/uploads\\\/2025\\\/03\\\/how-much-is-the-average-slip-and-fall-case-worth.jpg\",\"datePublished\":\"2025-03-04T13:39:51+00:00\",\"description\":\"Find out how much the average slip and fall case is worth from the personal injury lawyers at Slam Dunk Attorney. Call 24\\\/7.\",\"breadcrumb\":{\"@id\":\"https:\\\/\\\/slamdunkattorney.com\\\/faqs\\\/how-much-is-the-average-slip-and-fall-case-worth\\\/#breadcrumb\"},\"inLanguage\":\"es\",\"potentialAction\":[{\"@type\":\"ReadAction\",\"target\":[\"https:\\\/\\\/slamdunkattorney.com\\\/faqs\\\/how-much-is-the-average-slip-and-fall-case-worth\\\/\"]}]},{\"@type\":\"ImageObject\",\"inLanguage\":\"es\",\"@id\":\"https:\\\/\\\/slamdunkattorney.com\\\/faqs\\\/how-much-is-the-average-slip-and-fall-case-worth\\\/#primaryimage\",\"url\":\"https:\\\/\\\/slamdunkattorney.com\\\/wp-content\\\/uploads\\\/2025\\\/03\\\/how-much-is-the-average-slip-and-fall-case-worth.jpg\",\"contentUrl\":\"https:\\\/\\\/slamdunkattorney.com\\\/wp-content\\\/uploads\\\/2025\\\/03\\\/how-much-is-the-average-slip-and-fall-case-worth.jpg\",\"width\":1000,\"height\":667,\"caption\":\"A man holding his ankle after slipping and falling on a wet floor. How much is the average slip and fall case worth?\"},{\"@type\":\"BreadcrumbList\",\"@id\":\"https:\\\/\\\/slamdunkattorney.com\\\/faqs\\\/how-much-is-the-average-slip-and-fall-case-worth\\\/#breadcrumb\",\"itemListElement\":[{\"@type\":\"ListItem\",\"position\":1,\"name\":\"Home\",\"item\":\"https:\\\/\\\/slamdunkattorney.com\\\/\"},{\"@type\":\"ListItem\",\"position\":2,\"name\":\"FAQs\",\"item\":\"https:\\\/\\\/slamdunkattorney.com\\\/faqs\\\/\"},{\"@type\":\"ListItem\",\"position\":3,\"name\":\"How Much is the Average Slip and Fall Case Worth?\"}]},{\"@type\":\"WebSite\",\"@id\":\"https:\\\/\\\/slamdunkattorney.com\\\/#website\",\"url\":\"https:\\\/\\\/slamdunkattorney.com\\\/\",\"name\":\"Slam Dunk Attorney | Injury Lawyers\",\"description\":\"Duluth Personal Injury Lawyers\",\"publisher\":{\"@id\":\"https:\\\/\\\/slamdunkattorney.com\\\/#organization\"},\"alternateName\":\"Slam Dunk Attorney\",\"inLanguage\":\"es\"},{\"@type\":\"Organization\",\"@id\":\"https:\\\/\\\/slamdunkattorney.com\\\/#organization\",\"name\":\"Slam Dunk Attorney\",\"alternateName\":\"Slam Dunk\",\"url\":\"https:\\\/\\\/slamdunkattorney.com\\\/\",\"logo\":{\"@type\":\"ImageObject\",\"inLanguage\":\"es\",\"@id\":\"https:\\\/\\\/slamdunkattorney.com\\\/#\\\/schema\\\/logo\\\/image\\\/\",\"url\":\"https:\\\/\\\/slamdunkattorney.com\\\/wp-content\\\/uploads\\\/2023\\\/05\\\/cropped-Logo.png\",\"contentUrl\":\"https:\\\/\\\/slamdunkattorney.com\\\/wp-content\\\/uploads\\\/2023\\\/05\\\/cropped-Logo.png\",\"width\":1080,\"height\":240,\"caption\":\"Slam Dunk Attorney\"},\"image\":{\"@id\":\"https:\\\/\\\/slamdunkattorney.com\\\/#\\\/schema\\\/logo\\\/image\\\/\"},\"sameAs\":[\"https:\\\/\\\/www.facebook.com\\\/slamdunkattorneyinjurylawyers\\\/\",\"https:\\\/\\\/x.com\\\/slamdunkattorney\",\"https:\\\/\\\/www.instagram.com\\\/slamdunkattorney\\\/\",\"https:\\\/\\\/www.youtube.com\\\/channel\\\/UCSrOiC7vOjlCi3UgtIVGNtw\",\"https:\\\/\\\/www.linkedin.com\\\/company\\\/slamdunkattorneyinjurylawyers\"]}]}<\/script>\n<!-- \/ Yoast SEO plugin. -->","yoast_head_json":{"title":"Average Slip and Fall Case Value | Slam Dunk Attorney","description":"Find out how much the average slip and fall case is worth from the personal injury lawyers at Slam Dunk Attorney. Call 24\/7.","robots":{"index":"index","follow":"follow","max-snippet":"max-snippet:-1","max-image-preview":"max-image-preview:large","max-video-preview":"max-video-preview:-1"},"canonical":"https:\/\/slamdunkattorney.com\/es\/faqs\/how-much-is-the-average-slip-and-fall-case-worth\/","og_locale":"es_MX","og_type":"article","og_title":"Average Slip and Fall Case Value | Slam Dunk Attorney","og_description":"Find out how much the average slip and fall case is worth from the personal injury lawyers at Slam Dunk Attorney. Call 24\/7.","og_url":"https:\/\/slamdunkattorney.com\/es\/faqs\/how-much-is-the-average-slip-and-fall-case-worth\/","og_site_name":"Slam Dunk Attorney | Injury Lawyers","article_publisher":"https:\/\/www.facebook.com\/slamdunkattorneyinjurylawyers\/","og_image":[{"width":1000,"height":667,"url":"https:\/\/slamdunkattorney.com\/wp-content\/uploads\/2025\/03\/how-much-is-the-average-slip-and-fall-case-worth.jpg","type":"image\/jpeg"}],"twitter_card":"summary_large_image","twitter_site":"@slamdunkattorney","twitter_misc":{"Est. reading time":"5 minutos"},"schema":{"@context":"https:\/\/schema.org","@graph":[{"@type":"WebPage","@id":"https:\/\/slamdunkattorney.com\/faqs\/how-much-is-the-average-slip-and-fall-case-worth\/","url":"https:\/\/slamdunkattorney.com\/faqs\/how-much-is-the-average-slip-and-fall-case-worth\/","name":"Average Slip and Fall Case Value | Slam Dunk Attorney","isPartOf":{"@id":"https:\/\/slamdunkattorney.com\/#website"},"primaryImageOfPage":{"@id":"https:\/\/slamdunkattorney.com\/faqs\/how-much-is-the-average-slip-and-fall-case-worth\/#primaryimage"},"image":{"@id":"https:\/\/slamdunkattorney.com\/faqs\/how-much-is-the-average-slip-and-fall-case-worth\/#primaryimage"},"thumbnailUrl":"https:\/\/slamdunkattorney.com\/wp-content\/uploads\/2025\/03\/how-much-is-the-average-slip-and-fall-case-worth.jpg","datePublished":"2025-03-04T13:39:51+00:00","description":"Find out how much the average slip and fall case is worth from the personal injury lawyers at Slam Dunk Attorney. Call 24\/7.","breadcrumb":{"@id":"https:\/\/slamdunkattorney.com\/faqs\/how-much-is-the-average-slip-and-fall-case-worth\/#breadcrumb"},"inLanguage":"es","potentialAction":[{"@type":"ReadAction","target":["https:\/\/slamdunkattorney.com\/faqs\/how-much-is-the-average-slip-and-fall-case-worth\/"]}]},{"@type":"ImageObject","inLanguage":"es","@id":"https:\/\/slamdunkattorney.com\/faqs\/how-much-is-the-average-slip-and-fall-case-worth\/#primaryimage","url":"https:\/\/slamdunkattorney.com\/wp-content\/uploads\/2025\/03\/how-much-is-the-average-slip-and-fall-case-worth.jpg","contentUrl":"https:\/\/slamdunkattorney.com\/wp-content\/uploads\/2025\/03\/how-much-is-the-average-slip-and-fall-case-worth.jpg","width":1000,"height":667,"caption":"A man holding his ankle after slipping and falling on a wet floor. How much is the average slip and fall case worth?"},{"@type":"BreadcrumbList","@id":"https:\/\/slamdunkattorney.com\/faqs\/how-much-is-the-average-slip-and-fall-case-worth\/#breadcrumb","itemListElement":[{"@type":"ListItem","position":1,"name":"Home","item":"https:\/\/slamdunkattorney.com\/"},{"@type":"ListItem","position":2,"name":"FAQs","item":"https:\/\/slamdunkattorney.com\/faqs\/"},{"@type":"ListItem","position":3,"name":"How Much is the Average Slip and Fall Case Worth?"}]},{"@type":"WebSite","@id":"https:\/\/slamdunkattorney.com\/#website","url":"https:\/\/slamdunkattorney.com\/","name":"Abogado experto en lesiones | Abogados especializados en lesiones","description":"Abogados de lesiones personales en Duluth","publisher":{"@id":"https:\/\/slamdunkattorney.com\/#organization"},"alternateName":"Slam Dunk Attorney","inLanguage":"es"},{"@type":"Organization","@id":"https:\/\/slamdunkattorney.com\/#organization","name":"Abogado Slam Dunk","alternateName":"Slam Dunk","url":"https:\/\/slamdunkattorney.com\/","logo":{"@type":"ImageObject","inLanguage":"es","@id":"https:\/\/slamdunkattorney.com\/#\/schema\/logo\/image\/","url":"https:\/\/slamdunkattorney.com\/wp-content\/uploads\/2023\/05\/cropped-Logo.png","contentUrl":"https:\/\/slamdunkattorney.com\/wp-content\/uploads\/2023\/05\/cropped-Logo.png","width":1080,"height":240,"caption":"Slam Dunk Attorney"},"image":{"@id":"https:\/\/slamdunkattorney.com\/#\/schema\/logo\/image\/"},"sameAs":["https:\/\/www.facebook.com\/slamdunkattorneyinjurylawyers\/","https:\/\/x.com\/slamdunkattorney","https:\/\/www.instagram.com\/slamdunkattorney\/","https:\/\/www.youtube.com\/channel\/UCSrOiC7vOjlCi3UgtIVGNtw","https:\/\/www.linkedin.com\/company\/slamdunkattorneyinjurylawyers"]}]}},"yoast_meta":{"yoast_wpseo_title":"","yoast_wpseo_metadesc":"","yoast_wpseo_canonical":"https:\/\/slamdunkattorney.com\/es\/wp-json\/wp\/v2\/pages\/17318"},"_links":{"self":[{"href":"https:\/\/slamdunkattorney.com\/es\/wp-json\/wp\/v2\/pages\/17318","targetHints":{"allow":["GET"]}}],"collection":[{"href":"https:\/\/slamdunkattorney.com\/es\/wp-json\/wp\/v2\/pages"}],"about":[{"href":"https:\/\/slamdunkattorney.com\/es\/wp-json\/wp\/v2\/types\/page"}],"author":[{"embeddable":true,"href":"https:\/\/slamdunkattorney.com\/es\/wp-json\/wp\/v2\/users\/2"}],"replies":[{"embeddable":true,"href":"https:\/\/slamdunkattorney.com\/es\/wp-json\/wp\/v2\/comments?post=17318"}],"version-history":[{"count":0,"href":"https:\/\/slamdunkattorney.com\/es\/wp-json\/wp\/v2\/pages\/17318\/revisions"}],"up":[{"embeddable":true,"href":"https:\/\/slamdunkattorney.com\/es\/wp-json\/wp\/v2\/pages\/5902"}],"wp:featuredmedia":[{"embeddable":true,"href":"https:\/\/slamdunkattorney.com\/es\/wp-json\/wp\/v2\/media\/17319"}],"wp:attachment":[{"href":"https:\/\/slamdunkattorney.com\/es\/wp-json\/wp\/v2\/media?parent=17318"}],"wp:term":[{"taxonomy":"extra-categories","embeddable":true,"href":"https:\/\/slamdunkattorney.com\/es\/wp-json\/wp\/v2\/extra-categories?post=17318"},{"taxonomy":"hc_faqs","embeddable":true,"href":"https:\/\/slamdunkattorney.com\/es\/wp-json\/wp\/v2\/hc_faqs?post=17318"}],"curies":[{"name":"wp","href":"https:\/\/api.w.org\/{rel}","templated":true}]}}